{"id":96,"date":"2019-06-17T11:36:47","date_gmt":"2019-06-17T11:36:47","guid":{"rendered":"https:\/\/seifen-oper.ch\/?product=fusscreme"},"modified":"2025-09-12T21:12:34","modified_gmt":"2025-09-12T19:12:34","slug":"fusscreme","status":"publish","type":"product","link":"https:\/\/seifen-oper.ch\/?product=fusscreme","title":{"rendered":"&#171;Salbei-Zitronen-Hamamelis-Fusscreme&#187;"},"content":{"rendered":"<p style=\"text-align: center;\"><span style=\"color: #888888;\">Diese wunderbare Fusscreme f\u00fcr strapazierte und beanspruchte F\u00fcsse ist tonisierend und schweisshemmend. Sie duftet erfrischend nach Limone und etwas &#171;kr\u00e4uterig&#187; vom Salbeiauszug und dem \u00e4th. Salbei\u00f6l. Der Salbei f\u00fcr diese Fusscreme stammt aus dem hauseigenen Kr\u00e4utergarten und wird von Hand geerntet, getrocknet und verarbeitet. <\/span><span style=\"color: #888888;\">Diese Fusscreme ist sehr reichhaltig, dank dem Avocado\u00f6l. Sie macht spr\u00f6den und rissigen Stellen mit Aloe Vera wieder zart \u00a0und trotzdem zieht sie schnell in die Haut ein. Hamamelis und Teebaum\u00f6l kann adstringierend und entz\u00fcndungshemmend wirken. Diese Fusscreme ist perfekt in Kombination mit <\/span>\u00a0<a href=\"https:\/\/seifen-oper.ch\/?product=de-wahnsinn-fusspeeling\"><span style=\"color: #ff99cc;\"><span style=\"color: #ff99cc;\">&#171;De Wahnsinn Fusspeeling&#187;<\/span><\/span><\/a>.<\/p>\n<div style=\"text-align: center;\"><span style=\"font-family: arial, helvetica, sans-serif; color: #888888;\">Inhaltsstoffe: INCI: Aqua-Auszug aus:\u00a0thymus vulgaris (Thymian), Salviae (Salbei),\u00a0Hamamelis virginiana (Hamamelisauszug),\u00a0Alcohol,\u00a0Methylparaben,\u00a0Propylparaben, Aqua purificata,\u00a0Cetyl Alcohol,\u00a0Ceteareth-6,\u00a0Sodium Cetearyl Sulfate, Arachidis oleum hydrogenatum, citrus medica limonum juice (frischer Zitronensaft),\u00a0Melaleucae aetheroleum\u00a0(Teebaum\u00f6l),\u00a0Persea Gratissima Oil (Avocado\u00f6l),\u00a0Aloe Barbadensis Leaf Juice (Aloe Veragel),\u00a0\u00e4th. Salbei- und Zitronen\u00f6l<\/span><\/div>\n<p style=\"text-align: center;\"><span style=\"color: #888888;\">50ml \/ Sfr. 15.-<\/span><\/p>\n","protected":false},"excerpt":{"rendered":"<p>pflegende, schweisshemmende und tonisierende Fusscreme<\/p>\n","protected":false},"featured_media":1777,"template":"","meta":[],"product_brand":[],"product_cat":[28],"product_tag":[490,355,489,483,488,486,179,434,68,491,484,494,493,492,485,61,487],"class_list":{"0":"post-96","1":"product","2":"type-product","3":"status-publish","4":"has-post-thumbnail","6":"product_cat-handefussedeo","7":"product_tag-adstringierend","8":"product_tag-erfrischend","9":"product_tag-frische-fuesse","10":"product_tag-fusscreme","11":"product_tag-gepflegte-fuesse","12":"product_tag-hamamelis","13":"product_tag-handgemacht","14":"product_tag-limone","15":"product_tag-pflegend","16":"product_tag-reichhaltig","17":"product_tag-salbei","18":"product_tag-salbeiauszug","19":"product_tag-salbeioel","20":"product_tag-schoene-fuesse","21":"product_tag-schweisshemmend","22":"product_tag-vegan","23":"product_tag-zaubernuss","25":"first","26":"instock","27":"shipping-taxable","28":"purchasable","29":"product-type-simple"},"yoast_head":"<!-- This site is optimized with the Yoast SEO plugin v25.6 - https:\/\/yoast.com\/wordpress\/plugins\/seo\/ -->\n<title>&quot;Salbei-Zitronen-Hamamelis-Fusscreme&quot; - Seifen Oper GmbH<\/title>\n<meta name=\"robots\" content=\"index, follow, max-snippet:-1, max-image-preview:large, max-video-preview:-1\" \/>\n<link rel=\"canonical\" href=\"https:\/\/seifen-oper.ch\/?product=fusscreme\" \/>\n<meta property=\"og:locale\" content=\"de_DE\" \/>\n<meta property=\"og:type\" content=\"article\" \/>\n<meta property=\"og:title\" content=\"&quot;Salbei-Zitronen-Hamamelis-Fusscreme&quot; - Seifen Oper GmbH\" \/>\n<meta property=\"og:description\" content=\"pflegende, schweisshemmende und tonisierende Fusscreme\" \/>\n<meta property=\"og:url\" content=\"https:\/\/seifen-oper.ch\/?product=fusscreme\" \/>\n<meta property=\"og:site_name\" content=\"Seifen Oper GmbH\" \/>\n<meta property=\"article:publisher\" content=\"https:\/\/www.facebook.com\/SeifenOperGmbH\" \/>\n<meta property=\"article:modified_time\" content=\"2025-09-12T19:12:34+00:00\" \/>\n<meta property=\"og:image\" content=\"https:\/\/seifen-oper.ch\/wp-content\/uploads\/2019\/06\/Fusscreme-Foto.png\" \/>\n\t<meta property=\"og:image:width\" content=\"1052\" \/>\n\t<meta property=\"og:image:height\" content=\"1064\" \/>\n\t<meta property=\"og:image:type\" content=\"image\/png\" \/>\n<meta name=\"twitter:card\" content=\"summary_large_image\" \/>\n<meta name=\"twitter:label1\" content=\"Gesch\u00e4tzte Lesezeit\" \/>\n\t<meta name=\"twitter:data1\" content=\"1 Minute\" \/>\n<script type=\"application\/ld+json\" class=\"yoast-schema-graph\">{\"@context\":\"https:\/\/schema.org\",\"@graph\":[{\"@type\":\"WebPage\",\"@id\":\"https:\/\/seifen-oper.ch\/?product=fusscreme\",\"url\":\"https:\/\/seifen-oper.ch\/?product=fusscreme\",\"name\":\"\\\"Salbei-Zitronen-Hamamelis-Fusscreme\\\" - Seifen Oper GmbH\",\"isPartOf\":{\"@id\":\"https:\/\/seifen-oper.ch\/#website\"},\"primaryImageOfPage\":{\"@id\":\"https:\/\/seifen-oper.ch\/?product=fusscreme#primaryimage\"},\"image\":{\"@id\":\"https:\/\/seifen-oper.ch\/?product=fusscreme#primaryimage\"},\"thumbnailUrl\":\"https:\/\/seifen-oper.ch\/wp-content\/uploads\/2019\/06\/Fusscreme-Foto.png\",\"datePublished\":\"2019-06-17T11:36:47+00:00\",\"dateModified\":\"2025-09-12T19:12:34+00:00\",\"breadcrumb\":{\"@id\":\"https:\/\/seifen-oper.ch\/?product=fusscreme#breadcrumb\"},\"inLanguage\":\"de-CH\",\"potentialAction\":[{\"@type\":\"ReadAction\",\"target\":[\"https:\/\/seifen-oper.ch\/?product=fusscreme\"]}]},{\"@type\":\"ImageObject\",\"inLanguage\":\"de-CH\",\"@id\":\"https:\/\/seifen-oper.ch\/?product=fusscreme#primaryimage\",\"url\":\"https:\/\/seifen-oper.ch\/wp-content\/uploads\/2019\/06\/Fusscreme-Foto.png\",\"contentUrl\":\"https:\/\/seifen-oper.ch\/wp-content\/uploads\/2019\/06\/Fusscreme-Foto.png\",\"width\":1052,\"height\":1064},{\"@type\":\"BreadcrumbList\",\"@id\":\"https:\/\/seifen-oper.ch\/?product=fusscreme#breadcrumb\",\"itemListElement\":[{\"@type\":\"ListItem\",\"position\":1,\"name\":\"Home\",\"item\":\"https:\/\/seifen-oper.ch\/\"},{\"@type\":\"ListItem\",\"position\":2,\"name\":\"Shop\",\"item\":\"https:\/\/seifen-oper.ch\/?page_id=12\"},{\"@type\":\"ListItem\",\"position\":3,\"name\":\"&#171;Salbei-Zitronen-Hamamelis-Fusscreme&#187;\"}]},{\"@type\":\"WebSite\",\"@id\":\"https:\/\/seifen-oper.ch\/#website\",\"url\":\"https:\/\/seifen-oper.ch\/\",\"name\":\"Seifen Oper GmbH\",\"description\":\"Kosmetik bester Qualit\u00e4t. Handgefertigt.\",\"publisher\":{\"@id\":\"https:\/\/seifen-oper.ch\/#organization\"},\"potentialAction\":[{\"@type\":\"SearchAction\",\"target\":{\"@type\":\"EntryPoint\",\"urlTemplate\":\"https:\/\/seifen-oper.ch\/?s={search_term_string}\"},\"query-input\":{\"@type\":\"PropertyValueSpecification\",\"valueRequired\":true,\"valueName\":\"search_term_string\"}}],\"inLanguage\":\"de-CH\"},{\"@type\":\"Organization\",\"@id\":\"https:\/\/seifen-oper.ch\/#organization\",\"name\":\"Seifen Oper GmbH\",\"url\":\"https:\/\/seifen-oper.ch\/\",\"logo\":{\"@type\":\"ImageObject\",\"inLanguage\":\"de-CH\",\"@id\":\"https:\/\/seifen-oper.ch\/#\/schema\/logo\/image\/\",\"url\":\"https:\/\/seifen-oper.ch\/wp-content\/uploads\/2019\/06\/logo.seifen-oper450.txt.1.png\",\"contentUrl\":\"https:\/\/seifen-oper.ch\/wp-content\/uploads\/2019\/06\/logo.seifen-oper450.txt.1.png\",\"width\":1835,\"height\":1635,\"caption\":\"Seifen Oper GmbH\"},\"image\":{\"@id\":\"https:\/\/seifen-oper.ch\/#\/schema\/logo\/image\/\"},\"sameAs\":[\"https:\/\/www.facebook.com\/SeifenOperGmbH\",\"https:\/\/www.instagram.com\/explore\/locations\/1028758197\/seifen-oper\/\"]}]}<\/script>\n<!-- \/ Yoast SEO plugin. -->","yoast_head_json":{"title":"\"Salbei-Zitronen-Hamamelis-Fusscreme\" - Seifen Oper GmbH","robots":{"index":"index","follow":"follow","max-snippet":"max-snippet:-1","max-image-preview":"max-image-preview:large","max-video-preview":"max-video-preview:-1"},"canonical":"https:\/\/seifen-oper.ch\/?product=fusscreme","og_locale":"de_DE","og_type":"article","og_title":"\"Salbei-Zitronen-Hamamelis-Fusscreme\" - Seifen Oper GmbH","og_description":"pflegende, schweisshemmende und tonisierende Fusscreme","og_url":"https:\/\/seifen-oper.ch\/?product=fusscreme","og_site_name":"Seifen Oper GmbH","article_publisher":"https:\/\/www.facebook.com\/SeifenOperGmbH","article_modified_time":"2025-09-12T19:12:34+00:00","og_image":[{"width":1052,"height":1064,"url":"https:\/\/seifen-oper.ch\/wp-content\/uploads\/2019\/06\/Fusscreme-Foto.png","type":"image\/png"}],"twitter_card":"summary_large_image","twitter_misc":{"Gesch\u00e4tzte Lesezeit":"1 Minute"},"schema":{"@context":"https:\/\/schema.org","@graph":[{"@type":"WebPage","@id":"https:\/\/seifen-oper.ch\/?product=fusscreme","url":"https:\/\/seifen-oper.ch\/?product=fusscreme","name":"\"Salbei-Zitronen-Hamamelis-Fusscreme\" - Seifen Oper GmbH","isPartOf":{"@id":"https:\/\/seifen-oper.ch\/#website"},"primaryImageOfPage":{"@id":"https:\/\/seifen-oper.ch\/?product=fusscreme#primaryimage"},"image":{"@id":"https:\/\/seifen-oper.ch\/?product=fusscreme#primaryimage"},"thumbnailUrl":"https:\/\/seifen-oper.ch\/wp-content\/uploads\/2019\/06\/Fusscreme-Foto.png","datePublished":"2019-06-17T11:36:47+00:00","dateModified":"2025-09-12T19:12:34+00:00","breadcrumb":{"@id":"https:\/\/seifen-oper.ch\/?product=fusscreme#breadcrumb"},"inLanguage":"de-CH","potentialAction":[{"@type":"ReadAction","target":["https:\/\/seifen-oper.ch\/?product=fusscreme"]}]},{"@type":"ImageObject","inLanguage":"de-CH","@id":"https:\/\/seifen-oper.ch\/?product=fusscreme#primaryimage","url":"https:\/\/seifen-oper.ch\/wp-content\/uploads\/2019\/06\/Fusscreme-Foto.png","contentUrl":"https:\/\/seifen-oper.ch\/wp-content\/uploads\/2019\/06\/Fusscreme-Foto.png","width":1052,"height":1064},{"@type":"BreadcrumbList","@id":"https:\/\/seifen-oper.ch\/?product=fusscreme#breadcrumb","itemListElement":[{"@type":"ListItem","position":1,"name":"Home","item":"https:\/\/seifen-oper.ch\/"},{"@type":"ListItem","position":2,"name":"Shop","item":"https:\/\/seifen-oper.ch\/?page_id=12"},{"@type":"ListItem","position":3,"name":"&#171;Salbei-Zitronen-Hamamelis-Fusscreme&#187;"}]},{"@type":"WebSite","@id":"https:\/\/seifen-oper.ch\/#website","url":"https:\/\/seifen-oper.ch\/","name":"Seifen Oper GmbH","description":"Kosmetik bester Qualit\u00e4t. Handgefertigt.","publisher":{"@id":"https:\/\/seifen-oper.ch\/#organization"},"potentialAction":[{"@type":"SearchAction","target":{"@type":"EntryPoint","urlTemplate":"https:\/\/seifen-oper.ch\/?s={search_term_string}"},"query-input":{"@type":"PropertyValueSpecification","valueRequired":true,"valueName":"search_term_string"}}],"inLanguage":"de-CH"},{"@type":"Organization","@id":"https:\/\/seifen-oper.ch\/#organization","name":"Seifen Oper GmbH","url":"https:\/\/seifen-oper.ch\/","logo":{"@type":"ImageObject","inLanguage":"de-CH","@id":"https:\/\/seifen-oper.ch\/#\/schema\/logo\/image\/","url":"https:\/\/seifen-oper.ch\/wp-content\/uploads\/2019\/06\/logo.seifen-oper450.txt.1.png","contentUrl":"https:\/\/seifen-oper.ch\/wp-content\/uploads\/2019\/06\/logo.seifen-oper450.txt.1.png","width":1835,"height":1635,"caption":"Seifen Oper GmbH"},"image":{"@id":"https:\/\/seifen-oper.ch\/#\/schema\/logo\/image\/"},"sameAs":["https:\/\/www.facebook.com\/SeifenOperGmbH","https:\/\/www.instagram.com\/explore\/locations\/1028758197\/seifen-oper\/"]}]}},"_links":{"self":[{"href":"https:\/\/seifen-oper.ch\/index.php?rest_route=\/wp\/v2\/product\/96"}],"collection":[{"href":"https:\/\/seifen-oper.ch\/index.php?rest_route=\/wp\/v2\/product"}],"about":[{"href":"https:\/\/seifen-oper.ch\/index.php?rest_route=\/wp\/v2\/types\/product"}],"wp:featuredmedia":[{"embeddable":true,"href":"https:\/\/seifen-oper.ch\/index.php?rest_route=\/wp\/v2\/media\/1777"}],"wp:attachment":[{"href":"https:\/\/seifen-oper.ch\/index.php?rest_route=%2Fwp%2Fv2%2Fmedia&parent=96"}],"wp:term":[{"taxonomy":"product_brand","embeddable":true,"href":"https:\/\/seifen-oper.ch\/index.php?rest_route=%2Fwp%2Fv2%2Fproduct_brand&post=96"},{"taxonomy":"product_cat","embeddable":true,"href":"https:\/\/seifen-oper.ch\/index.php?rest_route=%2Fwp%2Fv2%2Fproduct_cat&post=96"},{"taxonomy":"product_tag","embeddable":true,"href":"https:\/\/seifen-oper.ch\/index.php?rest_route=%2Fwp%2Fv2%2Fproduct_tag&post=96"}],"curies":[{"name":"wp","href":"https:\/\/api.w.org\/{rel}","templated":true}]}}