{"id":78,"date":"2019-06-17T11:36:46","date_gmt":"2019-06-17T11:36:46","guid":{"rendered":"https:\/\/seifen-oper.ch\/?product=rosen-aprikosen-gesichtscreme-30ml"},"modified":"2020-11-28T00:10:06","modified_gmt":"2020-11-27T23:10:06","slug":"rosen-aprikosen-gesichtscreme-30ml","status":"publish","type":"product","link":"https:\/\/seifen-oper.ch\/?product=rosen-aprikosen-gesichtscreme-30ml","title":{"rendered":"&#171;Rosen-Aprikosen Gesichtscreme&#187; 30ML"},"content":{"rendered":"<p style=\"text-align: center;\"><span style=\"color: #888888;\">Wunderbare Gesichtscreme f\u00fcr reife Haut. Auf der Basis von verj\u00fcngendem Frauenmantel und Roibos, straffendem Aprikosenpulven und vitalisierendem Lavendel und Rosen\u00f6l.Aloe Vera Gel regeneriert die Haut. Jojoba\u00f6l und Aprikosen\u00f6l befeuchten die Haut, machen sie samtweich und straffen sie.\u00a0<\/span><\/p>\n<div style=\"text-align: center;\"><span style=\"font-family: arial, helvetica, sans-serif; color: #888888;\"><span style=\"font-family: arial, helvetica, sans-serif; color: #888888;\">Inhaltsstoffe: INCI: Aqua-Auszug aus\u00a0Lavandula (Lavendel),\u00a0Aspalathus linearis\u00a0(Roibostee),\u00a0Alchemilla vulgaris (Frauenmantel),\u00a0Alcohol,\u00a0Methylparaben,\u00a0Propylparaben, Aqua purificata,\u00a0Cetyl Alcohol,\u00a0Ceteareth-6,\u00a0Sodium Cetearyl Sulfate,\u00a0Arachidis oleum hydrogenatum,\u00a0Aloe Barbadensis Leaf Juice (Aloe Veragel),\u00a0Simmondsia Chinensis Seed Oil (Jojoba\u00f6l), Prunus Armeniaca Kernel Oil (Aprikosen\u00f6l),\u00a0Idaeus Fruit Powder (Aprikosenpulver),\u00a0<\/span><\/span><span style=\"color: #888888;\">Rosa Damascena\u00a0<\/span><span style=\"font-family: arial, helvetica, sans-serif; color: #888888;\">(\u00e4th. Rosen\u00f6l)<\/span><\/div>\n<p style=\"text-align: center;\"><span style=\"color: #888888;\">30ml \/ Sfr. 32.-<\/span><\/p>\n","protected":false},"excerpt":{"rendered":"<p>Gesichtscreme f\u00fcr reife Haut<\/p>\n","protected":false},"featured_media":1757,"template":"","meta":[],"product_brand":[],"product_cat":[35],"product_tag":[],"class_list":{"0":"post-78","1":"product","2":"type-product","3":"status-publish","4":"has-post-thumbnail","6":"product_cat-cremes","8":"first","9":"instock","10":"shipping-taxable","11":"purchasable","12":"product-type-simple"},"yoast_head":"<!-- This site is optimized with the Yoast SEO plugin v25.6 - https:\/\/yoast.com\/wordpress\/plugins\/seo\/ -->\n<title>&quot;Rosen-Aprikosen Gesichtscreme&quot; 30ML - Seifen Oper GmbH<\/title>\n<meta name=\"robots\" content=\"index, follow, max-snippet:-1, max-image-preview:large, max-video-preview:-1\" \/>\n<link rel=\"canonical\" href=\"https:\/\/seifen-oper.ch\/?product=rosen-aprikosen-gesichtscreme-30ml\" \/>\n<meta property=\"og:locale\" content=\"de_DE\" \/>\n<meta property=\"og:type\" content=\"article\" \/>\n<meta property=\"og:title\" content=\"&quot;Rosen-Aprikosen Gesichtscreme&quot; 30ML - Seifen Oper GmbH\" \/>\n<meta property=\"og:description\" content=\"Gesichtscreme f\u00fcr reife Haut\" \/>\n<meta property=\"og:url\" content=\"https:\/\/seifen-oper.ch\/?product=rosen-aprikosen-gesichtscreme-30ml\" \/>\n<meta property=\"og:site_name\" content=\"Seifen Oper GmbH\" \/>\n<meta property=\"article:publisher\" content=\"https:\/\/www.facebook.com\/SeifenOperGmbH\" \/>\n<meta property=\"article:modified_time\" content=\"2020-11-27T23:10:06+00:00\" \/>\n<meta property=\"og:image\" content=\"https:\/\/seifen-oper.ch\/wp-content\/uploads\/2019\/06\/Rosen-Aprikosen-Creme.png\" \/>\n\t<meta property=\"og:image:width\" content=\"844\" \/>\n\t<meta property=\"og:image:height\" content=\"722\" \/>\n\t<meta property=\"og:image:type\" content=\"image\/png\" \/>\n<meta name=\"twitter:card\" content=\"summary_large_image\" \/>\n<script type=\"application\/ld+json\" class=\"yoast-schema-graph\">{\"@context\":\"https:\/\/schema.org\",\"@graph\":[{\"@type\":\"WebPage\",\"@id\":\"https:\/\/seifen-oper.ch\/?product=rosen-aprikosen-gesichtscreme-30ml\",\"url\":\"https:\/\/seifen-oper.ch\/?product=rosen-aprikosen-gesichtscreme-30ml\",\"name\":\"\\\"Rosen-Aprikosen Gesichtscreme\\\" 30ML - Seifen Oper GmbH\",\"isPartOf\":{\"@id\":\"https:\/\/seifen-oper.ch\/#website\"},\"primaryImageOfPage\":{\"@id\":\"https:\/\/seifen-oper.ch\/?product=rosen-aprikosen-gesichtscreme-30ml#primaryimage\"},\"image\":{\"@id\":\"https:\/\/seifen-oper.ch\/?product=rosen-aprikosen-gesichtscreme-30ml#primaryimage\"},\"thumbnailUrl\":\"https:\/\/seifen-oper.ch\/wp-content\/uploads\/2019\/06\/Rosen-Aprikosen-Creme.png\",\"datePublished\":\"2019-06-17T11:36:46+00:00\",\"dateModified\":\"2020-11-27T23:10:06+00:00\",\"breadcrumb\":{\"@id\":\"https:\/\/seifen-oper.ch\/?product=rosen-aprikosen-gesichtscreme-30ml#breadcrumb\"},\"inLanguage\":\"de-CH\",\"potentialAction\":[{\"@type\":\"ReadAction\",\"target\":[\"https:\/\/seifen-oper.ch\/?product=rosen-aprikosen-gesichtscreme-30ml\"]}]},{\"@type\":\"ImageObject\",\"inLanguage\":\"de-CH\",\"@id\":\"https:\/\/seifen-oper.ch\/?product=rosen-aprikosen-gesichtscreme-30ml#primaryimage\",\"url\":\"https:\/\/seifen-oper.ch\/wp-content\/uploads\/2019\/06\/Rosen-Aprikosen-Creme.png\",\"contentUrl\":\"https:\/\/seifen-oper.ch\/wp-content\/uploads\/2019\/06\/Rosen-Aprikosen-Creme.png\",\"width\":844,\"height\":722},{\"@type\":\"BreadcrumbList\",\"@id\":\"https:\/\/seifen-oper.ch\/?product=rosen-aprikosen-gesichtscreme-30ml#breadcrumb\",\"itemListElement\":[{\"@type\":\"ListItem\",\"position\":1,\"name\":\"Home\",\"item\":\"https:\/\/seifen-oper.ch\/\"},{\"@type\":\"ListItem\",\"position\":2,\"name\":\"Shop\",\"item\":\"https:\/\/seifen-oper.ch\/?page_id=12\"},{\"@type\":\"ListItem\",\"position\":3,\"name\":\"&#171;Rosen-Aprikosen Gesichtscreme&#187; 30ML\"}]},{\"@type\":\"WebSite\",\"@id\":\"https:\/\/seifen-oper.ch\/#website\",\"url\":\"https:\/\/seifen-oper.ch\/\",\"name\":\"Seifen Oper GmbH\",\"description\":\"Kosmetik bester Qualit\u00e4t. Handgefertigt.\",\"publisher\":{\"@id\":\"https:\/\/seifen-oper.ch\/#organization\"},\"potentialAction\":[{\"@type\":\"SearchAction\",\"target\":{\"@type\":\"EntryPoint\",\"urlTemplate\":\"https:\/\/seifen-oper.ch\/?s={search_term_string}\"},\"query-input\":{\"@type\":\"PropertyValueSpecification\",\"valueRequired\":true,\"valueName\":\"search_term_string\"}}],\"inLanguage\":\"de-CH\"},{\"@type\":\"Organization\",\"@id\":\"https:\/\/seifen-oper.ch\/#organization\",\"name\":\"Seifen Oper GmbH\",\"url\":\"https:\/\/seifen-oper.ch\/\",\"logo\":{\"@type\":\"ImageObject\",\"inLanguage\":\"de-CH\",\"@id\":\"https:\/\/seifen-oper.ch\/#\/schema\/logo\/image\/\",\"url\":\"https:\/\/seifen-oper.ch\/wp-content\/uploads\/2019\/06\/logo.seifen-oper450.txt.1.png\",\"contentUrl\":\"https:\/\/seifen-oper.ch\/wp-content\/uploads\/2019\/06\/logo.seifen-oper450.txt.1.png\",\"width\":1835,\"height\":1635,\"caption\":\"Seifen Oper GmbH\"},\"image\":{\"@id\":\"https:\/\/seifen-oper.ch\/#\/schema\/logo\/image\/\"},\"sameAs\":[\"https:\/\/www.facebook.com\/SeifenOperGmbH\",\"https:\/\/www.instagram.com\/explore\/locations\/1028758197\/seifen-oper\/\"]}]}<\/script>\n<!-- \/ Yoast SEO plugin. -->","yoast_head_json":{"title":"\"Rosen-Aprikosen Gesichtscreme\" 30ML - Seifen Oper GmbH","robots":{"index":"index","follow":"follow","max-snippet":"max-snippet:-1","max-image-preview":"max-image-preview:large","max-video-preview":"max-video-preview:-1"},"canonical":"https:\/\/seifen-oper.ch\/?product=rosen-aprikosen-gesichtscreme-30ml","og_locale":"de_DE","og_type":"article","og_title":"\"Rosen-Aprikosen Gesichtscreme\" 30ML - Seifen Oper GmbH","og_description":"Gesichtscreme f\u00fcr reife Haut","og_url":"https:\/\/seifen-oper.ch\/?product=rosen-aprikosen-gesichtscreme-30ml","og_site_name":"Seifen Oper GmbH","article_publisher":"https:\/\/www.facebook.com\/SeifenOperGmbH","article_modified_time":"2020-11-27T23:10:06+00:00","og_image":[{"width":844,"height":722,"url":"https:\/\/seifen-oper.ch\/wp-content\/uploads\/2019\/06\/Rosen-Aprikosen-Creme.png","type":"image\/png"}],"twitter_card":"summary_large_image","schema":{"@context":"https:\/\/schema.org","@graph":[{"@type":"WebPage","@id":"https:\/\/seifen-oper.ch\/?product=rosen-aprikosen-gesichtscreme-30ml","url":"https:\/\/seifen-oper.ch\/?product=rosen-aprikosen-gesichtscreme-30ml","name":"\"Rosen-Aprikosen Gesichtscreme\" 30ML - Seifen Oper GmbH","isPartOf":{"@id":"https:\/\/seifen-oper.ch\/#website"},"primaryImageOfPage":{"@id":"https:\/\/seifen-oper.ch\/?product=rosen-aprikosen-gesichtscreme-30ml#primaryimage"},"image":{"@id":"https:\/\/seifen-oper.ch\/?product=rosen-aprikosen-gesichtscreme-30ml#primaryimage"},"thumbnailUrl":"https:\/\/seifen-oper.ch\/wp-content\/uploads\/2019\/06\/Rosen-Aprikosen-Creme.png","datePublished":"2019-06-17T11:36:46+00:00","dateModified":"2020-11-27T23:10:06+00:00","breadcrumb":{"@id":"https:\/\/seifen-oper.ch\/?product=rosen-aprikosen-gesichtscreme-30ml#breadcrumb"},"inLanguage":"de-CH","potentialAction":[{"@type":"ReadAction","target":["https:\/\/seifen-oper.ch\/?product=rosen-aprikosen-gesichtscreme-30ml"]}]},{"@type":"ImageObject","inLanguage":"de-CH","@id":"https:\/\/seifen-oper.ch\/?product=rosen-aprikosen-gesichtscreme-30ml#primaryimage","url":"https:\/\/seifen-oper.ch\/wp-content\/uploads\/2019\/06\/Rosen-Aprikosen-Creme.png","contentUrl":"https:\/\/seifen-oper.ch\/wp-content\/uploads\/2019\/06\/Rosen-Aprikosen-Creme.png","width":844,"height":722},{"@type":"BreadcrumbList","@id":"https:\/\/seifen-oper.ch\/?product=rosen-aprikosen-gesichtscreme-30ml#breadcrumb","itemListElement":[{"@type":"ListItem","position":1,"name":"Home","item":"https:\/\/seifen-oper.ch\/"},{"@type":"ListItem","position":2,"name":"Shop","item":"https:\/\/seifen-oper.ch\/?page_id=12"},{"@type":"ListItem","position":3,"name":"&#171;Rosen-Aprikosen Gesichtscreme&#187; 30ML"}]},{"@type":"WebSite","@id":"https:\/\/seifen-oper.ch\/#website","url":"https:\/\/seifen-oper.ch\/","name":"Seifen Oper GmbH","description":"Kosmetik bester Qualit\u00e4t. Handgefertigt.","publisher":{"@id":"https:\/\/seifen-oper.ch\/#organization"},"potentialAction":[{"@type":"SearchAction","target":{"@type":"EntryPoint","urlTemplate":"https:\/\/seifen-oper.ch\/?s={search_term_string}"},"query-input":{"@type":"PropertyValueSpecification","valueRequired":true,"valueName":"search_term_string"}}],"inLanguage":"de-CH"},{"@type":"Organization","@id":"https:\/\/seifen-oper.ch\/#organization","name":"Seifen Oper GmbH","url":"https:\/\/seifen-oper.ch\/","logo":{"@type":"ImageObject","inLanguage":"de-CH","@id":"https:\/\/seifen-oper.ch\/#\/schema\/logo\/image\/","url":"https:\/\/seifen-oper.ch\/wp-content\/uploads\/2019\/06\/logo.seifen-oper450.txt.1.png","contentUrl":"https:\/\/seifen-oper.ch\/wp-content\/uploads\/2019\/06\/logo.seifen-oper450.txt.1.png","width":1835,"height":1635,"caption":"Seifen Oper GmbH"},"image":{"@id":"https:\/\/seifen-oper.ch\/#\/schema\/logo\/image\/"},"sameAs":["https:\/\/www.facebook.com\/SeifenOperGmbH","https:\/\/www.instagram.com\/explore\/locations\/1028758197\/seifen-oper\/"]}]}},"_links":{"self":[{"href":"https:\/\/seifen-oper.ch\/index.php?rest_route=\/wp\/v2\/product\/78"}],"collection":[{"href":"https:\/\/seifen-oper.ch\/index.php?rest_route=\/wp\/v2\/product"}],"about":[{"href":"https:\/\/seifen-oper.ch\/index.php?rest_route=\/wp\/v2\/types\/product"}],"wp:featuredmedia":[{"embeddable":true,"href":"https:\/\/seifen-oper.ch\/index.php?rest_route=\/wp\/v2\/media\/1757"}],"wp:attachment":[{"href":"https:\/\/seifen-oper.ch\/index.php?rest_route=%2Fwp%2Fv2%2Fmedia&parent=78"}],"wp:term":[{"taxonomy":"product_brand","embeddable":true,"href":"https:\/\/seifen-oper.ch\/index.php?rest_route=%2Fwp%2Fv2%2Fproduct_brand&post=78"},{"taxonomy":"product_cat","embeddable":true,"href":"https:\/\/seifen-oper.ch\/index.php?rest_route=%2Fwp%2Fv2%2Fproduct_cat&post=78"},{"taxonomy":"product_tag","embeddable":true,"href":"https:\/\/seifen-oper.ch\/index.php?rest_route=%2Fwp%2Fv2%2Fproduct_tag&post=78"}],"curies":[{"name":"wp","href":"https:\/\/api.w.org\/{rel}","templated":true}]}}