{"id":73,"date":"2019-06-17T11:36:46","date_gmt":"2019-06-17T09:36:46","guid":{"rendered":"https:\/\/seifen-oper.ch\/?product=schrubkultur"},"modified":"2024-09-26T14:47:05","modified_gmt":"2024-09-26T12:47:05","slug":"schrubkultur","status":"publish","type":"product","link":"https:\/\/seifen-oper.ch\/?product=schrubkultur","title":{"rendered":"&#171;s(chr)ubkultur&#187; Patchouliseife"},"content":{"rendered":"<p style=\"text-align: center;\"><span style=\"color: #888888;\">Patchouli kommt aus Indonesien, Madagaskar, China und den Philippinen. Der Duft von Patchouli erinnert an R\u00e4ucherst\u00e4bchen. Er soll eine aphrodisierende Wirkung haben. Viele Menschen f\u00fchlen sich von diesem exotischen, sinnlichen Duft angezogen. Andere erinnert er an das Lebensgef\u00fchl der 60er und 70er Jahre. Seit vielen Jahren ist seine Beliebtheit ungebrochen. Zudem ist Patchouli in der Gothic Szene beliebt. Das ist auch der Grund, warum diese Seife schwarz ist. Extra f\u00fcr unsere lieben Gesch\u00f6pfe der Nacht \ud83d\ude09 &#171;S(chr)ubkultur&#187; ist eine pflegende und r\u00fcckfettende Hand- und K\u00f6rperseife, welche die Haut nicht austrocknet. Wir verfeinern unsere Patchouliseife zus\u00e4tzlich durch die Zugabe von Sheabutter und ein wenig schwarzer Kohle. Daher kommt auch die schwarze Farbe.<\/span><\/p>\n<p style=\"text-align: center;\"><span style=\"color: #888888;\">Inhaltsstoffe: INCI:\u00a0Cocos nucifera (Kokos\u00f6l),\u00a0Canola Oil (Raps\u00f6l),\u00a0Olea Europaea (Oliven\u00f6l),\u00a0Butyrospermum Parkii Butter (Sheabutter),\u00a0Sodium Hydroxide (NaOH),\u00a0Gliycerin (Glycerine),\u00a0Pogostemon Cablin Oil (\u00e4th. Patchouli\u00f6l),\u00a0Charcaol Powder (Kohle)<\/span><\/p>\n<p>&nbsp;<\/p>\n","protected":false},"excerpt":{"rendered":"<p>pflegende Patchouli Hand- und K\u00f6rperseife, mit Sheabutter verfeinert<\/p>\n","protected":false},"featured_media":1525,"template":"","meta":[],"product_brand":[],"product_cat":[24,17],"product_tag":[],"class_list":{"0":"post-73","1":"product","2":"type-product","3":"status-publish","4":"has-post-thumbnail","6":"product_cat-herren","7":"product_cat-seifen","9":"first","10":"instock","11":"shipping-taxable","12":"purchasable","13":"product-type-simple"},"yoast_head":"<!-- This site is optimized with the Yoast SEO plugin v25.6 - https:\/\/yoast.com\/wordpress\/plugins\/seo\/ -->\n<title>&quot;s(chr)ubkultur&quot; Patchouliseife - Seifen Oper GmbH<\/title>\n<meta name=\"robots\" content=\"index, follow, max-snippet:-1, max-image-preview:large, max-video-preview:-1\" \/>\n<link rel=\"canonical\" href=\"https:\/\/seifen-oper.ch\/?product=schrubkultur\" \/>\n<meta property=\"og:locale\" content=\"de_DE\" \/>\n<meta property=\"og:type\" content=\"article\" \/>\n<meta property=\"og:title\" content=\"&quot;s(chr)ubkultur&quot; Patchouliseife - Seifen Oper GmbH\" \/>\n<meta property=\"og:description\" content=\"pflegende Patchouli Hand- und K\u00f6rperseife, mit Sheabutter verfeinert\" \/>\n<meta property=\"og:url\" content=\"https:\/\/seifen-oper.ch\/?product=schrubkultur\" \/>\n<meta property=\"og:site_name\" content=\"Seifen Oper GmbH\" \/>\n<meta property=\"article:publisher\" content=\"https:\/\/www.facebook.com\/SeifenOperGmbH\" \/>\n<meta property=\"article:modified_time\" content=\"2024-09-26T12:47:05+00:00\" \/>\n<meta property=\"og:image\" content=\"https:\/\/seifen-oper.ch\/wp-content\/uploads\/2019\/06\/Black-Beauty-Foto-e1566247386474.png\" \/>\n\t<meta property=\"og:image:width\" content=\"500\" \/>\n\t<meta property=\"og:image:height\" content=\"605\" \/>\n\t<meta property=\"og:image:type\" content=\"image\/png\" \/>\n<meta name=\"twitter:card\" content=\"summary_large_image\" \/>\n<meta name=\"twitter:label1\" content=\"Gesch\u00e4tzte Lesezeit\" \/>\n\t<meta name=\"twitter:data1\" content=\"1 Minute\" \/>\n<script type=\"application\/ld+json\" class=\"yoast-schema-graph\">{\"@context\":\"https:\/\/schema.org\",\"@graph\":[{\"@type\":\"WebPage\",\"@id\":\"https:\/\/seifen-oper.ch\/?product=schrubkultur\",\"url\":\"https:\/\/seifen-oper.ch\/?product=schrubkultur\",\"name\":\"\\\"s(chr)ubkultur\\\" Patchouliseife - Seifen Oper GmbH\",\"isPartOf\":{\"@id\":\"https:\/\/seifen-oper.ch\/#website\"},\"primaryImageOfPage\":{\"@id\":\"https:\/\/seifen-oper.ch\/?product=schrubkultur#primaryimage\"},\"image\":{\"@id\":\"https:\/\/seifen-oper.ch\/?product=schrubkultur#primaryimage\"},\"thumbnailUrl\":\"https:\/\/seifen-oper.ch\/wp-content\/uploads\/2019\/06\/Black-Beauty-Foto-e1566247386474.png\",\"datePublished\":\"2019-06-17T09:36:46+00:00\",\"dateModified\":\"2024-09-26T12:47:05+00:00\",\"breadcrumb\":{\"@id\":\"https:\/\/seifen-oper.ch\/?product=schrubkultur#breadcrumb\"},\"inLanguage\":\"de-CH\",\"potentialAction\":[{\"@type\":\"ReadAction\",\"target\":[\"https:\/\/seifen-oper.ch\/?product=schrubkultur\"]}]},{\"@type\":\"ImageObject\",\"inLanguage\":\"de-CH\",\"@id\":\"https:\/\/seifen-oper.ch\/?product=schrubkultur#primaryimage\",\"url\":\"https:\/\/seifen-oper.ch\/wp-content\/uploads\/2019\/06\/Black-Beauty-Foto-e1566247386474.png\",\"contentUrl\":\"https:\/\/seifen-oper.ch\/wp-content\/uploads\/2019\/06\/Black-Beauty-Foto-e1566247386474.png\",\"width\":500,\"height\":605},{\"@type\":\"BreadcrumbList\",\"@id\":\"https:\/\/seifen-oper.ch\/?product=schrubkultur#breadcrumb\",\"itemListElement\":[{\"@type\":\"ListItem\",\"position\":1,\"name\":\"Home\",\"item\":\"https:\/\/seifen-oper.ch\/\"},{\"@type\":\"ListItem\",\"position\":2,\"name\":\"Shop\",\"item\":\"https:\/\/seifen-oper.ch\/?page_id=12\"},{\"@type\":\"ListItem\",\"position\":3,\"name\":\"&#171;s(chr)ubkultur&#187; Patchouliseife\"}]},{\"@type\":\"WebSite\",\"@id\":\"https:\/\/seifen-oper.ch\/#website\",\"url\":\"https:\/\/seifen-oper.ch\/\",\"name\":\"Seifen Oper GmbH\",\"description\":\"Kosmetik bester Qualit\u00e4t. Handgefertigt.\",\"publisher\":{\"@id\":\"https:\/\/seifen-oper.ch\/#organization\"},\"potentialAction\":[{\"@type\":\"SearchAction\",\"target\":{\"@type\":\"EntryPoint\",\"urlTemplate\":\"https:\/\/seifen-oper.ch\/?s={search_term_string}\"},\"query-input\":{\"@type\":\"PropertyValueSpecification\",\"valueRequired\":true,\"valueName\":\"search_term_string\"}}],\"inLanguage\":\"de-CH\"},{\"@type\":\"Organization\",\"@id\":\"https:\/\/seifen-oper.ch\/#organization\",\"name\":\"Seifen Oper GmbH\",\"url\":\"https:\/\/seifen-oper.ch\/\",\"logo\":{\"@type\":\"ImageObject\",\"inLanguage\":\"de-CH\",\"@id\":\"https:\/\/seifen-oper.ch\/#\/schema\/logo\/image\/\",\"url\":\"https:\/\/seifen-oper.ch\/wp-content\/uploads\/2019\/06\/logo.seifen-oper450.txt.1.png\",\"contentUrl\":\"https:\/\/seifen-oper.ch\/wp-content\/uploads\/2019\/06\/logo.seifen-oper450.txt.1.png\",\"width\":1835,\"height\":1635,\"caption\":\"Seifen Oper GmbH\"},\"image\":{\"@id\":\"https:\/\/seifen-oper.ch\/#\/schema\/logo\/image\/\"},\"sameAs\":[\"https:\/\/www.facebook.com\/SeifenOperGmbH\",\"https:\/\/www.instagram.com\/explore\/locations\/1028758197\/seifen-oper\/\"]}]}<\/script>\n<!-- \/ Yoast SEO plugin. -->","yoast_head_json":{"title":"\"s(chr)ubkultur\" Patchouliseife - Seifen Oper GmbH","robots":{"index":"index","follow":"follow","max-snippet":"max-snippet:-1","max-image-preview":"max-image-preview:large","max-video-preview":"max-video-preview:-1"},"canonical":"https:\/\/seifen-oper.ch\/?product=schrubkultur","og_locale":"de_DE","og_type":"article","og_title":"\"s(chr)ubkultur\" Patchouliseife - Seifen Oper GmbH","og_description":"pflegende Patchouli Hand- und K\u00f6rperseife, mit Sheabutter verfeinert","og_url":"https:\/\/seifen-oper.ch\/?product=schrubkultur","og_site_name":"Seifen Oper GmbH","article_publisher":"https:\/\/www.facebook.com\/SeifenOperGmbH","article_modified_time":"2024-09-26T12:47:05+00:00","og_image":[{"width":500,"height":605,"url":"https:\/\/seifen-oper.ch\/wp-content\/uploads\/2019\/06\/Black-Beauty-Foto-e1566247386474.png","type":"image\/png"}],"twitter_card":"summary_large_image","twitter_misc":{"Gesch\u00e4tzte Lesezeit":"1 Minute"},"schema":{"@context":"https:\/\/schema.org","@graph":[{"@type":"WebPage","@id":"https:\/\/seifen-oper.ch\/?product=schrubkultur","url":"https:\/\/seifen-oper.ch\/?product=schrubkultur","name":"\"s(chr)ubkultur\" Patchouliseife - Seifen Oper GmbH","isPartOf":{"@id":"https:\/\/seifen-oper.ch\/#website"},"primaryImageOfPage":{"@id":"https:\/\/seifen-oper.ch\/?product=schrubkultur#primaryimage"},"image":{"@id":"https:\/\/seifen-oper.ch\/?product=schrubkultur#primaryimage"},"thumbnailUrl":"https:\/\/seifen-oper.ch\/wp-content\/uploads\/2019\/06\/Black-Beauty-Foto-e1566247386474.png","datePublished":"2019-06-17T09:36:46+00:00","dateModified":"2024-09-26T12:47:05+00:00","breadcrumb":{"@id":"https:\/\/seifen-oper.ch\/?product=schrubkultur#breadcrumb"},"inLanguage":"de-CH","potentialAction":[{"@type":"ReadAction","target":["https:\/\/seifen-oper.ch\/?product=schrubkultur"]}]},{"@type":"ImageObject","inLanguage":"de-CH","@id":"https:\/\/seifen-oper.ch\/?product=schrubkultur#primaryimage","url":"https:\/\/seifen-oper.ch\/wp-content\/uploads\/2019\/06\/Black-Beauty-Foto-e1566247386474.png","contentUrl":"https:\/\/seifen-oper.ch\/wp-content\/uploads\/2019\/06\/Black-Beauty-Foto-e1566247386474.png","width":500,"height":605},{"@type":"BreadcrumbList","@id":"https:\/\/seifen-oper.ch\/?product=schrubkultur#breadcrumb","itemListElement":[{"@type":"ListItem","position":1,"name":"Home","item":"https:\/\/seifen-oper.ch\/"},{"@type":"ListItem","position":2,"name":"Shop","item":"https:\/\/seifen-oper.ch\/?page_id=12"},{"@type":"ListItem","position":3,"name":"&#171;s(chr)ubkultur&#187; Patchouliseife"}]},{"@type":"WebSite","@id":"https:\/\/seifen-oper.ch\/#website","url":"https:\/\/seifen-oper.ch\/","name":"Seifen Oper GmbH","description":"Kosmetik bester Qualit\u00e4t. Handgefertigt.","publisher":{"@id":"https:\/\/seifen-oper.ch\/#organization"},"potentialAction":[{"@type":"SearchAction","target":{"@type":"EntryPoint","urlTemplate":"https:\/\/seifen-oper.ch\/?s={search_term_string}"},"query-input":{"@type":"PropertyValueSpecification","valueRequired":true,"valueName":"search_term_string"}}],"inLanguage":"de-CH"},{"@type":"Organization","@id":"https:\/\/seifen-oper.ch\/#organization","name":"Seifen Oper GmbH","url":"https:\/\/seifen-oper.ch\/","logo":{"@type":"ImageObject","inLanguage":"de-CH","@id":"https:\/\/seifen-oper.ch\/#\/schema\/logo\/image\/","url":"https:\/\/seifen-oper.ch\/wp-content\/uploads\/2019\/06\/logo.seifen-oper450.txt.1.png","contentUrl":"https:\/\/seifen-oper.ch\/wp-content\/uploads\/2019\/06\/logo.seifen-oper450.txt.1.png","width":1835,"height":1635,"caption":"Seifen Oper GmbH"},"image":{"@id":"https:\/\/seifen-oper.ch\/#\/schema\/logo\/image\/"},"sameAs":["https:\/\/www.facebook.com\/SeifenOperGmbH","https:\/\/www.instagram.com\/explore\/locations\/1028758197\/seifen-oper\/"]}]}},"_links":{"self":[{"href":"https:\/\/seifen-oper.ch\/index.php?rest_route=\/wp\/v2\/product\/73"}],"collection":[{"href":"https:\/\/seifen-oper.ch\/index.php?rest_route=\/wp\/v2\/product"}],"about":[{"href":"https:\/\/seifen-oper.ch\/index.php?rest_route=\/wp\/v2\/types\/product"}],"wp:featuredmedia":[{"embeddable":true,"href":"https:\/\/seifen-oper.ch\/index.php?rest_route=\/wp\/v2\/media\/1525"}],"wp:attachment":[{"href":"https:\/\/seifen-oper.ch\/index.php?rest_route=%2Fwp%2Fv2%2Fmedia&parent=73"}],"wp:term":[{"taxonomy":"product_brand","embeddable":true,"href":"https:\/\/seifen-oper.ch\/index.php?rest_route=%2Fwp%2Fv2%2Fproduct_brand&post=73"},{"taxonomy":"product_cat","embeddable":true,"href":"https:\/\/seifen-oper.ch\/index.php?rest_route=%2Fwp%2Fv2%2Fproduct_cat&post=73"},{"taxonomy":"product_tag","embeddable":true,"href":"https:\/\/seifen-oper.ch\/index.php?rest_route=%2Fwp%2Fv2%2Fproduct_tag&post=73"}],"curies":[{"name":"wp","href":"https:\/\/api.w.org\/{rel}","templated":true}]}}