{"id":55,"date":"2019-06-17T11:36:44","date_gmt":"2019-06-17T11:36:44","guid":{"rendered":"https:\/\/seifen-oper.ch\/?product=auf-wolken-tanzen-fussbad"},"modified":"2019-10-04T12:33:35","modified_gmt":"2019-10-04T10:33:35","slug":"auf-wolken-tanzen-fussbad","status":"publish","type":"product","link":"https:\/\/seifen-oper.ch\/?product=auf-wolken-tanzen-fussbad","title":{"rendered":"&#171;Auf Wolken tanzen&#187;-Fussbad"},"content":{"rendered":"<p style=\"text-align: center;\"><span style=\"color: #888888;\">Ideal nach einer durchtanzten Nacht oder nach einem anstrengenden Arbeitstag, wenn Ihre F\u00fcsse arg strapaziert wurden und nach einer Erfrischung verlangen. Herrlich erfrischendes und k\u00fchlendes Fussbad, welches man auch als Peeling anwenden kann. Angereichert mit handgepfl\u00fcckten, erfrischenden Kr\u00e4utern. Salbei, Thymian, Rosmarin und die Pfefferminze beleben und erfrischen Ihre m\u00fcden F\u00fcsse. Das reine Natur-Meersalz regt die Durchblutung an und versorgt die Haut mit wohltuenden Mineralien. Das \u00e4therische Pfefferminz\u00f6l sorgt f\u00fcr einen zus\u00e4tzlichen Frischekick. G\u00f6nnen Sie Ihren F\u00fcssen diesen Luxus und Sie werden sich im Nu f\u00fchlen, als ob Sie auf Wolken tanzen. Kann auch als Fussbad oder als sehr erfrischendes Vollbad benutzt werden.\u00a0Bitte nur \u00e4usserlich anwenden. Ohne Konservierungsstoffe.<\/span><\/p>\n<p style=\"text-align: center;\"><span style=\"color: #888888;\">Anwendung: Geben Sie ca. einen Essl\u00f6ffel in lauwarmes Wasser und baden Sie Ihre F\u00fcsse darin.<\/span><\/p>\n<p style=\"text-align: center;\"><span style=\"color: #888888;\">Inhaltsstoffe: INCI:\u00a0Maris Sal\u00a0(Meersalz),\u00a0Vitis Vinifera Seed Oil\u00a0(Traubenkern\u00f6l),\u00a0Glycine soja\u00a0(Soja\u00f6l),\u00a0Canola Oil\u00a0(Raps\u00f6l),\u00a0Salvia Officinalis\u00a0(Salbei),\u00a0Thymus vulgaris\u00a0(Thymian)\u00a0<\/span><\/p>\n<p style=\"text-align: center;\"><span style=\"color: #888888;\">225g \/ Sfr. 16.-<\/span><\/p>\n","protected":false},"excerpt":{"rendered":"<p>Herrlich erfrischende Pfefferminz &#8211; Pflege f\u00fcr strapazierte F\u00fcsse<\/p>\n","protected":false},"featured_media":1785,"template":"","meta":[],"product_brand":[],"product_cat":[28],"product_tag":[],"class_list":{"0":"post-55","1":"product","2":"type-product","3":"status-publish","4":"has-post-thumbnail","6":"product_cat-handefussedeo","8":"first","9":"instock","10":"shipping-taxable","11":"purchasable","12":"product-type-simple"},"yoast_head":"<!-- This site is optimized with the Yoast SEO plugin v25.6 - https:\/\/yoast.com\/wordpress\/plugins\/seo\/ -->\n<title>&quot;Auf Wolken tanzen&quot;-Fussbad - Seifen Oper GmbH<\/title>\n<meta name=\"robots\" content=\"index, follow, max-snippet:-1, max-image-preview:large, max-video-preview:-1\" \/>\n<link rel=\"canonical\" href=\"https:\/\/seifen-oper.ch\/?product=auf-wolken-tanzen-fussbad\" \/>\n<meta property=\"og:locale\" content=\"de_DE\" \/>\n<meta property=\"og:type\" content=\"article\" \/>\n<meta property=\"og:title\" content=\"&quot;Auf Wolken tanzen&quot;-Fussbad - Seifen Oper GmbH\" \/>\n<meta property=\"og:description\" content=\"Herrlich erfrischende Pfefferminz - Pflege f\u00fcr strapazierte F\u00fcsse\" \/>\n<meta property=\"og:url\" content=\"https:\/\/seifen-oper.ch\/?product=auf-wolken-tanzen-fussbad\" \/>\n<meta property=\"og:site_name\" content=\"Seifen Oper GmbH\" \/>\n<meta property=\"article:publisher\" content=\"https:\/\/www.facebook.com\/SeifenOperGmbH\" \/>\n<meta property=\"article:modified_time\" content=\"2019-10-04T10:33:35+00:00\" \/>\n<meta property=\"og:image\" content=\"https:\/\/seifen-oper.ch\/wp-content\/uploads\/2019\/06\/Auf-Wolken-tanzen-Foto-975x1024.png\" \/>\n\t<meta property=\"og:image:width\" content=\"975\" \/>\n\t<meta property=\"og:image:height\" content=\"1024\" \/>\n\t<meta property=\"og:image:type\" content=\"image\/png\" \/>\n<meta name=\"twitter:card\" content=\"summary_large_image\" \/>\n<meta name=\"twitter:label1\" content=\"Gesch\u00e4tzte Lesezeit\" \/>\n\t<meta name=\"twitter:data1\" content=\"1 Minute\" \/>\n<script type=\"application\/ld+json\" class=\"yoast-schema-graph\">{\"@context\":\"https:\/\/schema.org\",\"@graph\":[{\"@type\":\"WebPage\",\"@id\":\"https:\/\/seifen-oper.ch\/?product=auf-wolken-tanzen-fussbad\",\"url\":\"https:\/\/seifen-oper.ch\/?product=auf-wolken-tanzen-fussbad\",\"name\":\"\\\"Auf Wolken tanzen\\\"-Fussbad - Seifen Oper GmbH\",\"isPartOf\":{\"@id\":\"https:\/\/seifen-oper.ch\/#website\"},\"primaryImageOfPage\":{\"@id\":\"https:\/\/seifen-oper.ch\/?product=auf-wolken-tanzen-fussbad#primaryimage\"},\"image\":{\"@id\":\"https:\/\/seifen-oper.ch\/?product=auf-wolken-tanzen-fussbad#primaryimage\"},\"thumbnailUrl\":\"https:\/\/seifen-oper.ch\/wp-content\/uploads\/2019\/06\/Auf-Wolken-tanzen-Foto.png\",\"datePublished\":\"2019-06-17T11:36:44+00:00\",\"dateModified\":\"2019-10-04T10:33:35+00:00\",\"breadcrumb\":{\"@id\":\"https:\/\/seifen-oper.ch\/?product=auf-wolken-tanzen-fussbad#breadcrumb\"},\"inLanguage\":\"de-CH\",\"potentialAction\":[{\"@type\":\"ReadAction\",\"target\":[\"https:\/\/seifen-oper.ch\/?product=auf-wolken-tanzen-fussbad\"]}]},{\"@type\":\"ImageObject\",\"inLanguage\":\"de-CH\",\"@id\":\"https:\/\/seifen-oper.ch\/?product=auf-wolken-tanzen-fussbad#primaryimage\",\"url\":\"https:\/\/seifen-oper.ch\/wp-content\/uploads\/2019\/06\/Auf-Wolken-tanzen-Foto.png\",\"contentUrl\":\"https:\/\/seifen-oper.ch\/wp-content\/uploads\/2019\/06\/Auf-Wolken-tanzen-Foto.png\",\"width\":1192,\"height\":1252},{\"@type\":\"BreadcrumbList\",\"@id\":\"https:\/\/seifen-oper.ch\/?product=auf-wolken-tanzen-fussbad#breadcrumb\",\"itemListElement\":[{\"@type\":\"ListItem\",\"position\":1,\"name\":\"Home\",\"item\":\"https:\/\/seifen-oper.ch\/\"},{\"@type\":\"ListItem\",\"position\":2,\"name\":\"Shop\",\"item\":\"https:\/\/seifen-oper.ch\/?page_id=12\"},{\"@type\":\"ListItem\",\"position\":3,\"name\":\"&#171;Auf Wolken tanzen&#187;-Fussbad\"}]},{\"@type\":\"WebSite\",\"@id\":\"https:\/\/seifen-oper.ch\/#website\",\"url\":\"https:\/\/seifen-oper.ch\/\",\"name\":\"Seifen Oper GmbH\",\"description\":\"Kosmetik bester Qualit\u00e4t. Handgefertigt.\",\"publisher\":{\"@id\":\"https:\/\/seifen-oper.ch\/#organization\"},\"potentialAction\":[{\"@type\":\"SearchAction\",\"target\":{\"@type\":\"EntryPoint\",\"urlTemplate\":\"https:\/\/seifen-oper.ch\/?s={search_term_string}\"},\"query-input\":{\"@type\":\"PropertyValueSpecification\",\"valueRequired\":true,\"valueName\":\"search_term_string\"}}],\"inLanguage\":\"de-CH\"},{\"@type\":\"Organization\",\"@id\":\"https:\/\/seifen-oper.ch\/#organization\",\"name\":\"Seifen Oper GmbH\",\"url\":\"https:\/\/seifen-oper.ch\/\",\"logo\":{\"@type\":\"ImageObject\",\"inLanguage\":\"de-CH\",\"@id\":\"https:\/\/seifen-oper.ch\/#\/schema\/logo\/image\/\",\"url\":\"https:\/\/seifen-oper.ch\/wp-content\/uploads\/2019\/06\/logo.seifen-oper450.txt.1.png\",\"contentUrl\":\"https:\/\/seifen-oper.ch\/wp-content\/uploads\/2019\/06\/logo.seifen-oper450.txt.1.png\",\"width\":1835,\"height\":1635,\"caption\":\"Seifen Oper GmbH\"},\"image\":{\"@id\":\"https:\/\/seifen-oper.ch\/#\/schema\/logo\/image\/\"},\"sameAs\":[\"https:\/\/www.facebook.com\/SeifenOperGmbH\",\"https:\/\/www.instagram.com\/explore\/locations\/1028758197\/seifen-oper\/\"]}]}<\/script>\n<!-- \/ Yoast SEO plugin. -->","yoast_head_json":{"title":"\"Auf Wolken tanzen\"-Fussbad - Seifen Oper GmbH","robots":{"index":"index","follow":"follow","max-snippet":"max-snippet:-1","max-image-preview":"max-image-preview:large","max-video-preview":"max-video-preview:-1"},"canonical":"https:\/\/seifen-oper.ch\/?product=auf-wolken-tanzen-fussbad","og_locale":"de_DE","og_type":"article","og_title":"\"Auf Wolken tanzen\"-Fussbad - Seifen Oper GmbH","og_description":"Herrlich erfrischende Pfefferminz - Pflege f\u00fcr strapazierte F\u00fcsse","og_url":"https:\/\/seifen-oper.ch\/?product=auf-wolken-tanzen-fussbad","og_site_name":"Seifen Oper GmbH","article_publisher":"https:\/\/www.facebook.com\/SeifenOperGmbH","article_modified_time":"2019-10-04T10:33:35+00:00","og_image":[{"width":975,"height":1024,"url":"https:\/\/seifen-oper.ch\/wp-content\/uploads\/2019\/06\/Auf-Wolken-tanzen-Foto-975x1024.png","type":"image\/png"}],"twitter_card":"summary_large_image","twitter_misc":{"Gesch\u00e4tzte Lesezeit":"1 Minute"},"schema":{"@context":"https:\/\/schema.org","@graph":[{"@type":"WebPage","@id":"https:\/\/seifen-oper.ch\/?product=auf-wolken-tanzen-fussbad","url":"https:\/\/seifen-oper.ch\/?product=auf-wolken-tanzen-fussbad","name":"\"Auf Wolken tanzen\"-Fussbad - Seifen Oper GmbH","isPartOf":{"@id":"https:\/\/seifen-oper.ch\/#website"},"primaryImageOfPage":{"@id":"https:\/\/seifen-oper.ch\/?product=auf-wolken-tanzen-fussbad#primaryimage"},"image":{"@id":"https:\/\/seifen-oper.ch\/?product=auf-wolken-tanzen-fussbad#primaryimage"},"thumbnailUrl":"https:\/\/seifen-oper.ch\/wp-content\/uploads\/2019\/06\/Auf-Wolken-tanzen-Foto.png","datePublished":"2019-06-17T11:36:44+00:00","dateModified":"2019-10-04T10:33:35+00:00","breadcrumb":{"@id":"https:\/\/seifen-oper.ch\/?product=auf-wolken-tanzen-fussbad#breadcrumb"},"inLanguage":"de-CH","potentialAction":[{"@type":"ReadAction","target":["https:\/\/seifen-oper.ch\/?product=auf-wolken-tanzen-fussbad"]}]},{"@type":"ImageObject","inLanguage":"de-CH","@id":"https:\/\/seifen-oper.ch\/?product=auf-wolken-tanzen-fussbad#primaryimage","url":"https:\/\/seifen-oper.ch\/wp-content\/uploads\/2019\/06\/Auf-Wolken-tanzen-Foto.png","contentUrl":"https:\/\/seifen-oper.ch\/wp-content\/uploads\/2019\/06\/Auf-Wolken-tanzen-Foto.png","width":1192,"height":1252},{"@type":"BreadcrumbList","@id":"https:\/\/seifen-oper.ch\/?product=auf-wolken-tanzen-fussbad#breadcrumb","itemListElement":[{"@type":"ListItem","position":1,"name":"Home","item":"https:\/\/seifen-oper.ch\/"},{"@type":"ListItem","position":2,"name":"Shop","item":"https:\/\/seifen-oper.ch\/?page_id=12"},{"@type":"ListItem","position":3,"name":"&#171;Auf Wolken tanzen&#187;-Fussbad"}]},{"@type":"WebSite","@id":"https:\/\/seifen-oper.ch\/#website","url":"https:\/\/seifen-oper.ch\/","name":"Seifen Oper GmbH","description":"Kosmetik bester Qualit\u00e4t. Handgefertigt.","publisher":{"@id":"https:\/\/seifen-oper.ch\/#organization"},"potentialAction":[{"@type":"SearchAction","target":{"@type":"EntryPoint","urlTemplate":"https:\/\/seifen-oper.ch\/?s={search_term_string}"},"query-input":{"@type":"PropertyValueSpecification","valueRequired":true,"valueName":"search_term_string"}}],"inLanguage":"de-CH"},{"@type":"Organization","@id":"https:\/\/seifen-oper.ch\/#organization","name":"Seifen Oper GmbH","url":"https:\/\/seifen-oper.ch\/","logo":{"@type":"ImageObject","inLanguage":"de-CH","@id":"https:\/\/seifen-oper.ch\/#\/schema\/logo\/image\/","url":"https:\/\/seifen-oper.ch\/wp-content\/uploads\/2019\/06\/logo.seifen-oper450.txt.1.png","contentUrl":"https:\/\/seifen-oper.ch\/wp-content\/uploads\/2019\/06\/logo.seifen-oper450.txt.1.png","width":1835,"height":1635,"caption":"Seifen Oper GmbH"},"image":{"@id":"https:\/\/seifen-oper.ch\/#\/schema\/logo\/image\/"},"sameAs":["https:\/\/www.facebook.com\/SeifenOperGmbH","https:\/\/www.instagram.com\/explore\/locations\/1028758197\/seifen-oper\/"]}]}},"_links":{"self":[{"href":"https:\/\/seifen-oper.ch\/index.php?rest_route=\/wp\/v2\/product\/55"}],"collection":[{"href":"https:\/\/seifen-oper.ch\/index.php?rest_route=\/wp\/v2\/product"}],"about":[{"href":"https:\/\/seifen-oper.ch\/index.php?rest_route=\/wp\/v2\/types\/product"}],"wp:featuredmedia":[{"embeddable":true,"href":"https:\/\/seifen-oper.ch\/index.php?rest_route=\/wp\/v2\/media\/1785"}],"wp:attachment":[{"href":"https:\/\/seifen-oper.ch\/index.php?rest_route=%2Fwp%2Fv2%2Fmedia&parent=55"}],"wp:term":[{"taxonomy":"product_brand","embeddable":true,"href":"https:\/\/seifen-oper.ch\/index.php?rest_route=%2Fwp%2Fv2%2Fproduct_brand&post=55"},{"taxonomy":"product_cat","embeddable":true,"href":"https:\/\/seifen-oper.ch\/index.php?rest_route=%2Fwp%2Fv2%2Fproduct_cat&post=55"},{"taxonomy":"product_tag","embeddable":true,"href":"https:\/\/seifen-oper.ch\/index.php?rest_route=%2Fwp%2Fv2%2Fproduct_tag&post=55"}],"curies":[{"name":"wp","href":"https:\/\/api.w.org\/{rel}","templated":true}]}}