{"id":4480,"date":"2025-12-08T19:35:43","date_gmt":"2025-12-08T18:35:43","guid":{"rendered":"https:\/\/seifen-oper.ch\/?post_type=product&#038;p=4480"},"modified":"2025-12-09T16:56:06","modified_gmt":"2025-12-09T15:56:06","slug":"x-mas-spray","status":"publish","type":"product","link":"https:\/\/seifen-oper.ch\/?product=x-mas-spray","title":{"rendered":"\u201eX-mas\u201c Spray"},"content":{"rendered":"<p>Dieses Zauberspray geh\u00f6rt in jede Weihnachtsstube. Sie haben keine Lust zu backen? Kein Problem! Verspr\u00fchen Sie diesen Spray im Haus und parf\u00fcmieren Sie sich selber damit und alle werden denken, Sie seien fleissig in der Backstube \ud83d\ude09 Aber ernst: Sie m\u00f6gen weihnachtliche D\u00fcfte? Schoko, Zimt\u2026dann sind Sie hier genau richtig. Dieser Duft ist das I-T\u00fcpfelchen Ihrem weihnachtlich dekoriertem Heim. Er duftet k\u00f6stlich warm w\u00fcrzig nach Geb\u00e4ck und Gew\u00fcrzen. Auch ein originelles Geschenk f\u00fcr Weihnachts-Liebhaber*innen.<span class=\"Apple-converted-space\">\u00a0<\/span><\/p>\n<p>INCI (Inhaltsstoffe): Aqua purificata,Parf\u00fcm\u00f6l<\/p>\n<p>100ml \/ CHF 18.-<\/p>\n","protected":false},"excerpt":{"rendered":"<p>weihnachtlich nach Geb\u00e4ck und Gew\u00fcrzen duftendes Spray, welchen Sie als K\u00f6rper- und Haarduft und als Raumspray benutzen k\u00f6nnen. Da es keinen Alkohol enth\u00e4lt, k\u00f6nnen Sie es bedenkenlos \u00fcberall hin spr\u00fchen.<\/p>\n","protected":false},"featured_media":4482,"template":"","meta":[],"product_brand":[],"product_cat":[30,52,44],"product_tag":[581,651,652,654,85,612,190,653,197],"class_list":{"0":"post-4480","1":"product","2":"type-product","3":"status-publish","4":"has-post-thumbnail","6":"product_cat-parfums","7":"product_cat-duftsprays","8":"product_cat-winter","9":"product_tag-duft","10":"product_tag-gebaeck","11":"product_tag-gewuerze","12":"product_tag-haarparfuem","13":"product_tag-parfum","14":"product_tag-raumspray","15":"product_tag-schoko","16":"product_tag-weihnachtsduft","17":"product_tag-zimt","19":"first","20":"instock","21":"shipping-taxable","22":"purchasable","23":"product-type-simple"},"yoast_head":"<!-- This site is optimized with the Yoast SEO plugin v25.6 - https:\/\/yoast.com\/wordpress\/plugins\/seo\/ -->\n<title>\u201eX-mas\u201c Spray - Seifen Oper GmbH<\/title>\n<meta name=\"robots\" content=\"index, follow, max-snippet:-1, max-image-preview:large, max-video-preview:-1\" \/>\n<link rel=\"canonical\" href=\"https:\/\/seifen-oper.ch\/?product=x-mas-spray\" \/>\n<meta property=\"og:locale\" content=\"de_DE\" \/>\n<meta property=\"og:type\" content=\"article\" \/>\n<meta property=\"og:title\" content=\"\u201eX-mas\u201c Spray - Seifen Oper GmbH\" \/>\n<meta property=\"og:description\" content=\"weihnachtlich nach Geb\u00e4ck und Gew\u00fcrzen duftendes Spray, welchen Sie als K\u00f6rper- und Haarduft und als Raumspray benutzen k\u00f6nnen. Da es keinen Alkohol enth\u00e4lt, k\u00f6nnen Sie es bedenkenlos \u00fcberall hin spr\u00fchen.\" \/>\n<meta property=\"og:url\" content=\"https:\/\/seifen-oper.ch\/?product=x-mas-spray\" \/>\n<meta property=\"og:site_name\" content=\"Seifen Oper GmbH\" \/>\n<meta property=\"article:publisher\" content=\"https:\/\/www.facebook.com\/SeifenOperGmbH\" \/>\n<meta property=\"article:modified_time\" content=\"2025-12-09T15:56:06+00:00\" \/>\n<meta property=\"og:image\" content=\"https:\/\/seifen-oper.ch\/wp-content\/uploads\/2025\/12\/xmasspray.jpg\" \/>\n\t<meta property=\"og:image:width\" content=\"709\" \/>\n\t<meta property=\"og:image:height\" content=\"826\" \/>\n\t<meta property=\"og:image:type\" content=\"image\/jpeg\" \/>\n<meta name=\"twitter:card\" content=\"summary_large_image\" \/>\n<meta name=\"twitter:label1\" content=\"Gesch\u00e4tzte Lesezeit\" \/>\n\t<meta name=\"twitter:data1\" content=\"1 Minute\" \/>\n<script type=\"application\/ld+json\" class=\"yoast-schema-graph\">{\"@context\":\"https:\/\/schema.org\",\"@graph\":[{\"@type\":\"WebPage\",\"@id\":\"https:\/\/seifen-oper.ch\/?product=x-mas-spray\",\"url\":\"https:\/\/seifen-oper.ch\/?product=x-mas-spray\",\"name\":\"\u201eX-mas\u201c Spray - Seifen Oper GmbH\",\"isPartOf\":{\"@id\":\"https:\/\/seifen-oper.ch\/#website\"},\"primaryImageOfPage\":{\"@id\":\"https:\/\/seifen-oper.ch\/?product=x-mas-spray#primaryimage\"},\"image\":{\"@id\":\"https:\/\/seifen-oper.ch\/?product=x-mas-spray#primaryimage\"},\"thumbnailUrl\":\"https:\/\/seifen-oper.ch\/wp-content\/uploads\/2025\/12\/xmasspray.jpg\",\"datePublished\":\"2025-12-08T18:35:43+00:00\",\"dateModified\":\"2025-12-09T15:56:06+00:00\",\"breadcrumb\":{\"@id\":\"https:\/\/seifen-oper.ch\/?product=x-mas-spray#breadcrumb\"},\"inLanguage\":\"de-CH\",\"potentialAction\":[{\"@type\":\"ReadAction\",\"target\":[\"https:\/\/seifen-oper.ch\/?product=x-mas-spray\"]}]},{\"@type\":\"ImageObject\",\"inLanguage\":\"de-CH\",\"@id\":\"https:\/\/seifen-oper.ch\/?product=x-mas-spray#primaryimage\",\"url\":\"https:\/\/seifen-oper.ch\/wp-content\/uploads\/2025\/12\/xmasspray.jpg\",\"contentUrl\":\"https:\/\/seifen-oper.ch\/wp-content\/uploads\/2025\/12\/xmasspray.jpg\",\"width\":709,\"height\":826},{\"@type\":\"BreadcrumbList\",\"@id\":\"https:\/\/seifen-oper.ch\/?product=x-mas-spray#breadcrumb\",\"itemListElement\":[{\"@type\":\"ListItem\",\"position\":1,\"name\":\"Home\",\"item\":\"https:\/\/seifen-oper.ch\/\"},{\"@type\":\"ListItem\",\"position\":2,\"name\":\"Shop\",\"item\":\"https:\/\/seifen-oper.ch\/?page_id=12\"},{\"@type\":\"ListItem\",\"position\":3,\"name\":\"\u201eX-mas\u201c Spray\"}]},{\"@type\":\"WebSite\",\"@id\":\"https:\/\/seifen-oper.ch\/#website\",\"url\":\"https:\/\/seifen-oper.ch\/\",\"name\":\"Seifen Oper GmbH\",\"description\":\"Kosmetik bester Qualit\u00e4t. Handgefertigt.\",\"publisher\":{\"@id\":\"https:\/\/seifen-oper.ch\/#organization\"},\"potentialAction\":[{\"@type\":\"SearchAction\",\"target\":{\"@type\":\"EntryPoint\",\"urlTemplate\":\"https:\/\/seifen-oper.ch\/?s={search_term_string}\"},\"query-input\":{\"@type\":\"PropertyValueSpecification\",\"valueRequired\":true,\"valueName\":\"search_term_string\"}}],\"inLanguage\":\"de-CH\"},{\"@type\":\"Organization\",\"@id\":\"https:\/\/seifen-oper.ch\/#organization\",\"name\":\"Seifen Oper GmbH\",\"url\":\"https:\/\/seifen-oper.ch\/\",\"logo\":{\"@type\":\"ImageObject\",\"inLanguage\":\"de-CH\",\"@id\":\"https:\/\/seifen-oper.ch\/#\/schema\/logo\/image\/\",\"url\":\"https:\/\/seifen-oper.ch\/wp-content\/uploads\/2019\/06\/logo.seifen-oper450.txt.1.png\",\"contentUrl\":\"https:\/\/seifen-oper.ch\/wp-content\/uploads\/2019\/06\/logo.seifen-oper450.txt.1.png\",\"width\":1835,\"height\":1635,\"caption\":\"Seifen Oper GmbH\"},\"image\":{\"@id\":\"https:\/\/seifen-oper.ch\/#\/schema\/logo\/image\/\"},\"sameAs\":[\"https:\/\/www.facebook.com\/SeifenOperGmbH\",\"https:\/\/www.instagram.com\/explore\/locations\/1028758197\/seifen-oper\/\"]}]}<\/script>\n<!-- \/ Yoast SEO plugin. -->","yoast_head_json":{"title":"\u201eX-mas\u201c Spray - Seifen Oper GmbH","robots":{"index":"index","follow":"follow","max-snippet":"max-snippet:-1","max-image-preview":"max-image-preview:large","max-video-preview":"max-video-preview:-1"},"canonical":"https:\/\/seifen-oper.ch\/?product=x-mas-spray","og_locale":"de_DE","og_type":"article","og_title":"\u201eX-mas\u201c Spray - Seifen Oper GmbH","og_description":"weihnachtlich nach Geb\u00e4ck und Gew\u00fcrzen duftendes Spray, welchen Sie als K\u00f6rper- und Haarduft und als Raumspray benutzen k\u00f6nnen. Da es keinen Alkohol enth\u00e4lt, k\u00f6nnen Sie es bedenkenlos \u00fcberall hin spr\u00fchen.","og_url":"https:\/\/seifen-oper.ch\/?product=x-mas-spray","og_site_name":"Seifen Oper GmbH","article_publisher":"https:\/\/www.facebook.com\/SeifenOperGmbH","article_modified_time":"2025-12-09T15:56:06+00:00","og_image":[{"width":709,"height":826,"url":"https:\/\/seifen-oper.ch\/wp-content\/uploads\/2025\/12\/xmasspray.jpg","type":"image\/jpeg"}],"twitter_card":"summary_large_image","twitter_misc":{"Gesch\u00e4tzte Lesezeit":"1 Minute"},"schema":{"@context":"https:\/\/schema.org","@graph":[{"@type":"WebPage","@id":"https:\/\/seifen-oper.ch\/?product=x-mas-spray","url":"https:\/\/seifen-oper.ch\/?product=x-mas-spray","name":"\u201eX-mas\u201c Spray - Seifen Oper GmbH","isPartOf":{"@id":"https:\/\/seifen-oper.ch\/#website"},"primaryImageOfPage":{"@id":"https:\/\/seifen-oper.ch\/?product=x-mas-spray#primaryimage"},"image":{"@id":"https:\/\/seifen-oper.ch\/?product=x-mas-spray#primaryimage"},"thumbnailUrl":"https:\/\/seifen-oper.ch\/wp-content\/uploads\/2025\/12\/xmasspray.jpg","datePublished":"2025-12-08T18:35:43+00:00","dateModified":"2025-12-09T15:56:06+00:00","breadcrumb":{"@id":"https:\/\/seifen-oper.ch\/?product=x-mas-spray#breadcrumb"},"inLanguage":"de-CH","potentialAction":[{"@type":"ReadAction","target":["https:\/\/seifen-oper.ch\/?product=x-mas-spray"]}]},{"@type":"ImageObject","inLanguage":"de-CH","@id":"https:\/\/seifen-oper.ch\/?product=x-mas-spray#primaryimage","url":"https:\/\/seifen-oper.ch\/wp-content\/uploads\/2025\/12\/xmasspray.jpg","contentUrl":"https:\/\/seifen-oper.ch\/wp-content\/uploads\/2025\/12\/xmasspray.jpg","width":709,"height":826},{"@type":"BreadcrumbList","@id":"https:\/\/seifen-oper.ch\/?product=x-mas-spray#breadcrumb","itemListElement":[{"@type":"ListItem","position":1,"name":"Home","item":"https:\/\/seifen-oper.ch\/"},{"@type":"ListItem","position":2,"name":"Shop","item":"https:\/\/seifen-oper.ch\/?page_id=12"},{"@type":"ListItem","position":3,"name":"\u201eX-mas\u201c Spray"}]},{"@type":"WebSite","@id":"https:\/\/seifen-oper.ch\/#website","url":"https:\/\/seifen-oper.ch\/","name":"Seifen Oper GmbH","description":"Kosmetik bester Qualit\u00e4t. Handgefertigt.","publisher":{"@id":"https:\/\/seifen-oper.ch\/#organization"},"potentialAction":[{"@type":"SearchAction","target":{"@type":"EntryPoint","urlTemplate":"https:\/\/seifen-oper.ch\/?s={search_term_string}"},"query-input":{"@type":"PropertyValueSpecification","valueRequired":true,"valueName":"search_term_string"}}],"inLanguage":"de-CH"},{"@type":"Organization","@id":"https:\/\/seifen-oper.ch\/#organization","name":"Seifen Oper GmbH","url":"https:\/\/seifen-oper.ch\/","logo":{"@type":"ImageObject","inLanguage":"de-CH","@id":"https:\/\/seifen-oper.ch\/#\/schema\/logo\/image\/","url":"https:\/\/seifen-oper.ch\/wp-content\/uploads\/2019\/06\/logo.seifen-oper450.txt.1.png","contentUrl":"https:\/\/seifen-oper.ch\/wp-content\/uploads\/2019\/06\/logo.seifen-oper450.txt.1.png","width":1835,"height":1635,"caption":"Seifen Oper GmbH"},"image":{"@id":"https:\/\/seifen-oper.ch\/#\/schema\/logo\/image\/"},"sameAs":["https:\/\/www.facebook.com\/SeifenOperGmbH","https:\/\/www.instagram.com\/explore\/locations\/1028758197\/seifen-oper\/"]}]}},"_links":{"self":[{"href":"https:\/\/seifen-oper.ch\/index.php?rest_route=\/wp\/v2\/product\/4480"}],"collection":[{"href":"https:\/\/seifen-oper.ch\/index.php?rest_route=\/wp\/v2\/product"}],"about":[{"href":"https:\/\/seifen-oper.ch\/index.php?rest_route=\/wp\/v2\/types\/product"}],"wp:featuredmedia":[{"embeddable":true,"href":"https:\/\/seifen-oper.ch\/index.php?rest_route=\/wp\/v2\/media\/4482"}],"wp:attachment":[{"href":"https:\/\/seifen-oper.ch\/index.php?rest_route=%2Fwp%2Fv2%2Fmedia&parent=4480"}],"wp:term":[{"taxonomy":"product_brand","embeddable":true,"href":"https:\/\/seifen-oper.ch\/index.php?rest_route=%2Fwp%2Fv2%2Fproduct_brand&post=4480"},{"taxonomy":"product_cat","embeddable":true,"href":"https:\/\/seifen-oper.ch\/index.php?rest_route=%2Fwp%2Fv2%2Fproduct_cat&post=4480"},{"taxonomy":"product_tag","embeddable":true,"href":"https:\/\/seifen-oper.ch\/index.php?rest_route=%2Fwp%2Fv2%2Fproduct_tag&post=4480"}],"curies":[{"name":"wp","href":"https:\/\/api.w.org\/{rel}","templated":true}]}}