{"id":4464,"date":"2025-11-27T05:07:40","date_gmt":"2025-11-27T04:07:40","guid":{"rendered":"https:\/\/seifen-oper.ch\/?post_type=product&#038;p=4464"},"modified":"2025-11-27T05:08:33","modified_gmt":"2025-11-27T04:08:33","slug":"badeglueckssterne","status":"publish","type":"product","link":"https:\/\/seifen-oper.ch\/?product=badeglueckssterne","title":{"rendered":"\u201eBadegl\u00fcckssterne\u201c"},"content":{"rendered":"<p style=\"text-align: center;\">Gl\u00fcck ist ein kleiner Stern, der mitten in die Wanne f\u00e4llt. \ud83d\ude42<\/p>\n<p style=\"text-align: center;\">Da d\u00fcrfen Sie aber ruhig etwas nachhelfen:<\/p>\n<p style=\"text-align: center;\">Nehmen Sie einen Badestern und geben Sie ihn in die Wanne. Lassen Sie Wasser ein und genie\u00dfen Sie ein entspannendes Bad.<span class=\"Apple-converted-space\">\u00a0 <\/span>Tauchen Sie ein (aber nicht ab!!) in eine duftende, schaumige Badewelt und senden Sie positive Impulse an Ihr eigenes Gl\u00fcck. Die Badegl\u00fcckssterne befl\u00fcgeln Ihre Fantasie und lassen Ihre<span class=\"Apple-converted-space\">\u00a0 <\/span>W\u00fcnsche wahr werden. Diese kleinen Badegl\u00fcckssterne sind ein Traum! Wie von Zauberhand werden Sie fein duftend, entspannt und sauber.<span class=\"Apple-converted-space\">\u00a0<\/span><\/p>\n<p style=\"text-align: center;\">Und so duften die einzelnen Badegl\u00fcckssterne:<\/p>\n<p style=\"text-align: center;\">Weiss: Miyuki-Duft \u2014zarter, feiner Duft mit Lavendel und Zitrus<\/p>\n<p style=\"text-align: center;\">Blau: \u271d\ufe0e\u2764\ufe0f\u2693\ufe0f-Duft &#8211; ein frischer, k\u00fchner Duft-<\/p>\n<p style=\"text-align: center;\">Gr\u00fcn: Birne &#8211; s\u00fcsser, fruchtiger Duft<\/p>\n<p style=\"text-align: center;\">Schwarz: warmer und w\u00fcrziger Duft<\/p>\n<p style=\"text-align: center;\">Diese kleinen Badegl\u00fcckssterne sind ein Traum! Und mit jedem Stern d\u00fcrfen Sie sich etwas w\u00fcnschen, wenn Sie in die Badewanne steigen. \ud83d\ude42 Ein ideales kleines Geschenk oder Mitbringsel.<\/p>\n<p style=\"text-align: center;\">CHF 15.-<\/p>\n<p style=\"text-align: center;\">INCI (Inhaltsstoffe): Cocos Nucifera (Kokos\u00f6l), Olea Europaea (Oliven\u00f6l), Zea Mays Starch (Maisst\u00e4rke) ,Sodium Laureth Sulfate, Parf\u00fcm\u00f6lmischung, E122 (blaues Farbpigment), E142 (gr\u00fcnes Farbpigment), Charcoal Powder (Aktivkohle)<\/p>\n","protected":false},"excerpt":{"rendered":"<p>4 feine handgemachte Schaumb\u00e4der in Sternenform<\/p>\n","protected":false},"featured_media":4465,"template":"","meta":[],"product_brand":[],"product_cat":[31,44],"product_tag":[647,498,644,495,72,179,139,646,296,61,180,291,645],"class_list":{"0":"post-4464","1":"product","2":"type-product","3":"status-publish","4":"has-post-thumbnail","6":"product_cat-badesprudel-schaumbaeder","7":"product_cat-winter","8":"product_tag-adventsgeschenk","9":"product_tag-adventszeit","10":"product_tag-badestern","11":"product_tag-birnenduft","12":"product_tag-geschenk","13":"product_tag-handgemacht","14":"product_tag-mitbringsel","15":"product_tag-miyukiduft","16":"product_tag-schaumbad","17":"product_tag-vegan","18":"product_tag-weihnacht","19":"product_tag-weihnachtsgeschenk","20":"product_tag-wuensche","22":"first","23":"instock","24":"shipping-taxable","25":"purchasable","26":"product-type-simple"},"yoast_head":"<!-- This site is optimized with the Yoast SEO plugin v25.6 - https:\/\/yoast.com\/wordpress\/plugins\/seo\/ -->\n<title>\u201eBadegl\u00fcckssterne\u201c - Seifen Oper GmbH<\/title>\n<meta name=\"description\" content=\"4 feine handgemachte Schaumb\u00e4der in Sternenform\" \/>\n<meta name=\"robots\" content=\"index, follow, max-snippet:-1, max-image-preview:large, max-video-preview:-1\" \/>\n<link rel=\"canonical\" href=\"https:\/\/seifen-oper.ch\/?product=badeglueckssterne\" \/>\n<meta property=\"og:locale\" content=\"de_DE\" \/>\n<meta property=\"og:type\" content=\"article\" \/>\n<meta property=\"og:title\" content=\"\u201eBadegl\u00fcckssterne\u201c - Seifen Oper GmbH\" \/>\n<meta property=\"og:description\" content=\"4 feine handgemachte Schaumb\u00e4der in Sternenform\" \/>\n<meta property=\"og:url\" content=\"https:\/\/seifen-oper.ch\/?product=badeglueckssterne\" \/>\n<meta property=\"og:site_name\" content=\"Seifen Oper GmbH\" \/>\n<meta property=\"article:publisher\" content=\"https:\/\/www.facebook.com\/SeifenOperGmbH\" \/>\n<meta property=\"article:modified_time\" content=\"2025-11-27T04:08:33+00:00\" \/>\n<meta property=\"og:image\" content=\"https:\/\/seifen-oper.ch\/wp-content\/uploads\/2025\/11\/IMG_6756-scaled.jpg\" \/>\n\t<meta property=\"og:image:width\" content=\"2350\" \/>\n\t<meta property=\"og:image:height\" content=\"2560\" \/>\n\t<meta property=\"og:image:type\" content=\"image\/jpeg\" \/>\n<meta name=\"twitter:card\" content=\"summary_large_image\" \/>\n<meta name=\"twitter:label1\" content=\"Gesch\u00e4tzte Lesezeit\" \/>\n\t<meta name=\"twitter:data1\" content=\"2 Minuten\" \/>\n<script type=\"application\/ld+json\" class=\"yoast-schema-graph\">{\"@context\":\"https:\/\/schema.org\",\"@graph\":[{\"@type\":\"WebPage\",\"@id\":\"https:\/\/seifen-oper.ch\/?product=badeglueckssterne\",\"url\":\"https:\/\/seifen-oper.ch\/?product=badeglueckssterne\",\"name\":\"\u201eBadegl\u00fcckssterne\u201c - Seifen Oper GmbH\",\"isPartOf\":{\"@id\":\"https:\/\/seifen-oper.ch\/#website\"},\"primaryImageOfPage\":{\"@id\":\"https:\/\/seifen-oper.ch\/?product=badeglueckssterne#primaryimage\"},\"image\":{\"@id\":\"https:\/\/seifen-oper.ch\/?product=badeglueckssterne#primaryimage\"},\"thumbnailUrl\":\"https:\/\/seifen-oper.ch\/wp-content\/uploads\/2025\/11\/IMG_6756-scaled.jpg\",\"datePublished\":\"2025-11-27T04:07:40+00:00\",\"dateModified\":\"2025-11-27T04:08:33+00:00\",\"description\":\"4 feine handgemachte Schaumb\u00e4der in Sternenform\",\"breadcrumb\":{\"@id\":\"https:\/\/seifen-oper.ch\/?product=badeglueckssterne#breadcrumb\"},\"inLanguage\":\"de-CH\",\"potentialAction\":[{\"@type\":\"ReadAction\",\"target\":[\"https:\/\/seifen-oper.ch\/?product=badeglueckssterne\"]}]},{\"@type\":\"ImageObject\",\"inLanguage\":\"de-CH\",\"@id\":\"https:\/\/seifen-oper.ch\/?product=badeglueckssterne#primaryimage\",\"url\":\"https:\/\/seifen-oper.ch\/wp-content\/uploads\/2025\/11\/IMG_6756-scaled.jpg\",\"contentUrl\":\"https:\/\/seifen-oper.ch\/wp-content\/uploads\/2025\/11\/IMG_6756-scaled.jpg\",\"width\":2350,\"height\":2560},{\"@type\":\"BreadcrumbList\",\"@id\":\"https:\/\/seifen-oper.ch\/?product=badeglueckssterne#breadcrumb\",\"itemListElement\":[{\"@type\":\"ListItem\",\"position\":1,\"name\":\"Home\",\"item\":\"https:\/\/seifen-oper.ch\/\"},{\"@type\":\"ListItem\",\"position\":2,\"name\":\"Shop\",\"item\":\"https:\/\/seifen-oper.ch\/?page_id=12\"},{\"@type\":\"ListItem\",\"position\":3,\"name\":\"\u201eBadegl\u00fcckssterne\u201c\"}]},{\"@type\":\"WebSite\",\"@id\":\"https:\/\/seifen-oper.ch\/#website\",\"url\":\"https:\/\/seifen-oper.ch\/\",\"name\":\"Seifen Oper GmbH\",\"description\":\"Kosmetik bester Qualit\u00e4t. Handgefertigt.\",\"publisher\":{\"@id\":\"https:\/\/seifen-oper.ch\/#organization\"},\"potentialAction\":[{\"@type\":\"SearchAction\",\"target\":{\"@type\":\"EntryPoint\",\"urlTemplate\":\"https:\/\/seifen-oper.ch\/?s={search_term_string}\"},\"query-input\":{\"@type\":\"PropertyValueSpecification\",\"valueRequired\":true,\"valueName\":\"search_term_string\"}}],\"inLanguage\":\"de-CH\"},{\"@type\":\"Organization\",\"@id\":\"https:\/\/seifen-oper.ch\/#organization\",\"name\":\"Seifen Oper GmbH\",\"url\":\"https:\/\/seifen-oper.ch\/\",\"logo\":{\"@type\":\"ImageObject\",\"inLanguage\":\"de-CH\",\"@id\":\"https:\/\/seifen-oper.ch\/#\/schema\/logo\/image\/\",\"url\":\"https:\/\/seifen-oper.ch\/wp-content\/uploads\/2019\/06\/logo.seifen-oper450.txt.1.png\",\"contentUrl\":\"https:\/\/seifen-oper.ch\/wp-content\/uploads\/2019\/06\/logo.seifen-oper450.txt.1.png\",\"width\":1835,\"height\":1635,\"caption\":\"Seifen Oper GmbH\"},\"image\":{\"@id\":\"https:\/\/seifen-oper.ch\/#\/schema\/logo\/image\/\"},\"sameAs\":[\"https:\/\/www.facebook.com\/SeifenOperGmbH\",\"https:\/\/www.instagram.com\/explore\/locations\/1028758197\/seifen-oper\/\"]}]}<\/script>\n<!-- \/ Yoast SEO plugin. -->","yoast_head_json":{"title":"\u201eBadegl\u00fcckssterne\u201c - Seifen Oper GmbH","description":"4 feine handgemachte Schaumb\u00e4der in Sternenform","robots":{"index":"index","follow":"follow","max-snippet":"max-snippet:-1","max-image-preview":"max-image-preview:large","max-video-preview":"max-video-preview:-1"},"canonical":"https:\/\/seifen-oper.ch\/?product=badeglueckssterne","og_locale":"de_DE","og_type":"article","og_title":"\u201eBadegl\u00fcckssterne\u201c - Seifen Oper GmbH","og_description":"4 feine handgemachte Schaumb\u00e4der in Sternenform","og_url":"https:\/\/seifen-oper.ch\/?product=badeglueckssterne","og_site_name":"Seifen Oper GmbH","article_publisher":"https:\/\/www.facebook.com\/SeifenOperGmbH","article_modified_time":"2025-11-27T04:08:33+00:00","og_image":[{"width":2350,"height":2560,"url":"https:\/\/seifen-oper.ch\/wp-content\/uploads\/2025\/11\/IMG_6756-scaled.jpg","type":"image\/jpeg"}],"twitter_card":"summary_large_image","twitter_misc":{"Gesch\u00e4tzte Lesezeit":"2 Minuten"},"schema":{"@context":"https:\/\/schema.org","@graph":[{"@type":"WebPage","@id":"https:\/\/seifen-oper.ch\/?product=badeglueckssterne","url":"https:\/\/seifen-oper.ch\/?product=badeglueckssterne","name":"\u201eBadegl\u00fcckssterne\u201c - Seifen Oper GmbH","isPartOf":{"@id":"https:\/\/seifen-oper.ch\/#website"},"primaryImageOfPage":{"@id":"https:\/\/seifen-oper.ch\/?product=badeglueckssterne#primaryimage"},"image":{"@id":"https:\/\/seifen-oper.ch\/?product=badeglueckssterne#primaryimage"},"thumbnailUrl":"https:\/\/seifen-oper.ch\/wp-content\/uploads\/2025\/11\/IMG_6756-scaled.jpg","datePublished":"2025-11-27T04:07:40+00:00","dateModified":"2025-11-27T04:08:33+00:00","description":"4 feine handgemachte Schaumb\u00e4der in Sternenform","breadcrumb":{"@id":"https:\/\/seifen-oper.ch\/?product=badeglueckssterne#breadcrumb"},"inLanguage":"de-CH","potentialAction":[{"@type":"ReadAction","target":["https:\/\/seifen-oper.ch\/?product=badeglueckssterne"]}]},{"@type":"ImageObject","inLanguage":"de-CH","@id":"https:\/\/seifen-oper.ch\/?product=badeglueckssterne#primaryimage","url":"https:\/\/seifen-oper.ch\/wp-content\/uploads\/2025\/11\/IMG_6756-scaled.jpg","contentUrl":"https:\/\/seifen-oper.ch\/wp-content\/uploads\/2025\/11\/IMG_6756-scaled.jpg","width":2350,"height":2560},{"@type":"BreadcrumbList","@id":"https:\/\/seifen-oper.ch\/?product=badeglueckssterne#breadcrumb","itemListElement":[{"@type":"ListItem","position":1,"name":"Home","item":"https:\/\/seifen-oper.ch\/"},{"@type":"ListItem","position":2,"name":"Shop","item":"https:\/\/seifen-oper.ch\/?page_id=12"},{"@type":"ListItem","position":3,"name":"\u201eBadegl\u00fcckssterne\u201c"}]},{"@type":"WebSite","@id":"https:\/\/seifen-oper.ch\/#website","url":"https:\/\/seifen-oper.ch\/","name":"Seifen Oper GmbH","description":"Kosmetik bester Qualit\u00e4t. Handgefertigt.","publisher":{"@id":"https:\/\/seifen-oper.ch\/#organization"},"potentialAction":[{"@type":"SearchAction","target":{"@type":"EntryPoint","urlTemplate":"https:\/\/seifen-oper.ch\/?s={search_term_string}"},"query-input":{"@type":"PropertyValueSpecification","valueRequired":true,"valueName":"search_term_string"}}],"inLanguage":"de-CH"},{"@type":"Organization","@id":"https:\/\/seifen-oper.ch\/#organization","name":"Seifen Oper GmbH","url":"https:\/\/seifen-oper.ch\/","logo":{"@type":"ImageObject","inLanguage":"de-CH","@id":"https:\/\/seifen-oper.ch\/#\/schema\/logo\/image\/","url":"https:\/\/seifen-oper.ch\/wp-content\/uploads\/2019\/06\/logo.seifen-oper450.txt.1.png","contentUrl":"https:\/\/seifen-oper.ch\/wp-content\/uploads\/2019\/06\/logo.seifen-oper450.txt.1.png","width":1835,"height":1635,"caption":"Seifen Oper GmbH"},"image":{"@id":"https:\/\/seifen-oper.ch\/#\/schema\/logo\/image\/"},"sameAs":["https:\/\/www.facebook.com\/SeifenOperGmbH","https:\/\/www.instagram.com\/explore\/locations\/1028758197\/seifen-oper\/"]}]}},"_links":{"self":[{"href":"https:\/\/seifen-oper.ch\/index.php?rest_route=\/wp\/v2\/product\/4464"}],"collection":[{"href":"https:\/\/seifen-oper.ch\/index.php?rest_route=\/wp\/v2\/product"}],"about":[{"href":"https:\/\/seifen-oper.ch\/index.php?rest_route=\/wp\/v2\/types\/product"}],"wp:featuredmedia":[{"embeddable":true,"href":"https:\/\/seifen-oper.ch\/index.php?rest_route=\/wp\/v2\/media\/4465"}],"wp:attachment":[{"href":"https:\/\/seifen-oper.ch\/index.php?rest_route=%2Fwp%2Fv2%2Fmedia&parent=4464"}],"wp:term":[{"taxonomy":"product_brand","embeddable":true,"href":"https:\/\/seifen-oper.ch\/index.php?rest_route=%2Fwp%2Fv2%2Fproduct_brand&post=4464"},{"taxonomy":"product_cat","embeddable":true,"href":"https:\/\/seifen-oper.ch\/index.php?rest_route=%2Fwp%2Fv2%2Fproduct_cat&post=4464"},{"taxonomy":"product_tag","embeddable":true,"href":"https:\/\/seifen-oper.ch\/index.php?rest_route=%2Fwp%2Fv2%2Fproduct_tag&post=4464"}],"curies":[{"name":"wp","href":"https:\/\/api.w.org\/{rel}","templated":true}]}}