{"id":4458,"date":"2025-11-18T15:46:20","date_gmt":"2025-11-18T14:46:20","guid":{"rendered":"https:\/\/seifen-oper.ch\/?post_type=product&#038;p=4458"},"modified":"2025-11-22T21:06:42","modified_gmt":"2025-11-22T20:06:42","slug":"tannennadel-sandelholz-mohnsamen-peelingseife-2","status":"publish","type":"product","link":"https:\/\/seifen-oper.ch\/?product=tannennadel-sandelholz-mohnsamen-peelingseife-2","title":{"rendered":"\u201eTannennadel-Sandelholz Mohnsamen Peelingseife\u201c"},"content":{"rendered":"<p>Diese handgefertigte Hand- und K\u00f6rperseife verspricht nicht nur Pflege von Kopf bis Fuss, sondern auch ein wahres Dufterlebnis: Tannennadelduft mit einem Hauch Sandelholz ergibt eine waldig, frische mit einer holzigen Note versehene Duftkombination. \u00a0Wie auf einem Waldspaziergang, ist der Duft von frischen Tannennadeln mit einem Hauch Sandelholz \u00a0erfrischend und hat doch etwas holzig-warmes an sich.<\/p>\n<p>Diese Hand- und K\u00f6rperseife eignet sich ideal als Ganzk\u00f6rperpeeling oder nur f\u00fcr die H\u00e4nde, da sie Mohnsamen enth\u00e4lt, die abgestorbene Hautsch\u00fcppchen oder Schmutzreste nat\u00fcrlich und sanft entfernen.<\/p>\n<p>Die \u201eTannennadel-Sandelholz Mohnsamen Peelingseife\u201c besteht aus rein pflanzlichen Inhaltsstoffen.<\/p>\n<p>100g \/ CHF 14.-<\/p>\n<p>Inhaltsstoffe\/INCI: Wasser (Aqua), Oliven\u00f6l (Olea Europaea), Kokos\u00f6l (Cocos nucifera), Soja\u00f6l (Glycine soja), Raps\u00f6l (Brassica campestris seed oil), NaOH (Sodium Hydroxide),Papaver Somniferum Seed\u00a0(Mohnsamen), Parf\u00fcm, E142 (gr\u00fcnes Farbpigment)<\/p>\n","protected":false},"excerpt":{"rendered":"<p>Peelingseife mit Tannennadeln- und Sandelholzduft<\/p>\n","protected":false},"featured_media":4461,"template":"","meta":[],"product_brand":[],"product_cat":[17,44],"product_tag":[179,631,638,195,55,287,196,632,128,130,73,637,633,61],"class_list":{"0":"post-4458","1":"product","2":"type-product","3":"status-publish","4":"has-post-thumbnail","6":"product_cat-seifen","7":"product_cat-winter","8":"product_tag-handgemacht","9":"product_tag-handgeruehrt","10":"product_tag-handpeeling","11":"product_tag-handseife","12":"product_tag-kokosbutter","13":"product_tag-korperpeeling","14":"product_tag-korperseife","15":"product_tag-mohnsamen","16":"product_tag-ohne-konservierungsstoffe","17":"product_tag-olivenoel","18":"product_tag-peeling","19":"product_tag-sandelholzduft","20":"product_tag-tannennadelduft","21":"product_tag-vegan","23":"first","24":"instock","25":"shipping-taxable","26":"purchasable","27":"product-type-simple"},"yoast_head":"<!-- This site is optimized with the Yoast SEO plugin v25.6 - https:\/\/yoast.com\/wordpress\/plugins\/seo\/ -->\n<title>\u201eTannennadel-Sandelholz Mohnsamen Peelingseife\u201c - Seifen Oper GmbH<\/title>\n<meta name=\"description\" content=\"feine Tannennadel-Sandelholz-Mohnsamen-Peelingseife f\u00fcr H\u00e4nde und K\u00f6rper\" \/>\n<meta name=\"robots\" content=\"index, follow, max-snippet:-1, max-image-preview:large, max-video-preview:-1\" \/>\n<link rel=\"canonical\" href=\"https:\/\/seifen-oper.ch\/?product=tannennadel-sandelholz-mohnsamen-peelingseife-2\" \/>\n<meta property=\"og:locale\" content=\"de_DE\" \/>\n<meta property=\"og:type\" content=\"article\" \/>\n<meta property=\"og:title\" content=\"\u201eTannennadel-Sandelholz Mohnsamen Peelingseife\u201c - Seifen Oper GmbH\" \/>\n<meta property=\"og:description\" content=\"feine Tannennadel-Sandelholz-Mohnsamen-Peelingseife f\u00fcr H\u00e4nde und K\u00f6rper\" \/>\n<meta property=\"og:url\" content=\"https:\/\/seifen-oper.ch\/?product=tannennadel-sandelholz-mohnsamen-peelingseife-2\" \/>\n<meta property=\"og:site_name\" content=\"Seifen Oper GmbH\" \/>\n<meta property=\"article:publisher\" content=\"https:\/\/www.facebook.com\/SeifenOperGmbH\" \/>\n<meta property=\"article:modified_time\" content=\"2025-11-22T20:06:42+00:00\" \/>\n<meta property=\"og:image\" content=\"https:\/\/seifen-oper.ch\/wp-content\/uploads\/2025\/11\/mohnpeeling.jpg\" \/>\n\t<meta property=\"og:image:width\" content=\"709\" \/>\n\t<meta property=\"og:image:height\" content=\"560\" \/>\n\t<meta property=\"og:image:type\" content=\"image\/jpeg\" \/>\n<meta name=\"twitter:card\" content=\"summary_large_image\" \/>\n<meta name=\"twitter:label1\" content=\"Gesch\u00e4tzte Lesezeit\" \/>\n\t<meta name=\"twitter:data1\" content=\"1 Minute\" \/>\n<script type=\"application\/ld+json\" class=\"yoast-schema-graph\">{\"@context\":\"https:\/\/schema.org\",\"@graph\":[{\"@type\":\"WebPage\",\"@id\":\"https:\/\/seifen-oper.ch\/?product=tannennadel-sandelholz-mohnsamen-peelingseife-2\",\"url\":\"https:\/\/seifen-oper.ch\/?product=tannennadel-sandelholz-mohnsamen-peelingseife-2\",\"name\":\"\u201eTannennadel-Sandelholz Mohnsamen Peelingseife\u201c - Seifen Oper GmbH\",\"isPartOf\":{\"@id\":\"https:\/\/seifen-oper.ch\/#website\"},\"primaryImageOfPage\":{\"@id\":\"https:\/\/seifen-oper.ch\/?product=tannennadel-sandelholz-mohnsamen-peelingseife-2#primaryimage\"},\"image\":{\"@id\":\"https:\/\/seifen-oper.ch\/?product=tannennadel-sandelholz-mohnsamen-peelingseife-2#primaryimage\"},\"thumbnailUrl\":\"https:\/\/seifen-oper.ch\/wp-content\/uploads\/2025\/11\/mohnpeeling.jpg\",\"datePublished\":\"2025-11-18T14:46:20+00:00\",\"dateModified\":\"2025-11-22T20:06:42+00:00\",\"description\":\"feine Tannennadel-Sandelholz-Mohnsamen-Peelingseife f\u00fcr H\u00e4nde und K\u00f6rper\",\"breadcrumb\":{\"@id\":\"https:\/\/seifen-oper.ch\/?product=tannennadel-sandelholz-mohnsamen-peelingseife-2#breadcrumb\"},\"inLanguage\":\"de-CH\",\"potentialAction\":[{\"@type\":\"ReadAction\",\"target\":[\"https:\/\/seifen-oper.ch\/?product=tannennadel-sandelholz-mohnsamen-peelingseife-2\"]}]},{\"@type\":\"ImageObject\",\"inLanguage\":\"de-CH\",\"@id\":\"https:\/\/seifen-oper.ch\/?product=tannennadel-sandelholz-mohnsamen-peelingseife-2#primaryimage\",\"url\":\"https:\/\/seifen-oper.ch\/wp-content\/uploads\/2025\/11\/mohnpeeling.jpg\",\"contentUrl\":\"https:\/\/seifen-oper.ch\/wp-content\/uploads\/2025\/11\/mohnpeeling.jpg\",\"width\":709,\"height\":560},{\"@type\":\"BreadcrumbList\",\"@id\":\"https:\/\/seifen-oper.ch\/?product=tannennadel-sandelholz-mohnsamen-peelingseife-2#breadcrumb\",\"itemListElement\":[{\"@type\":\"ListItem\",\"position\":1,\"name\":\"Home\",\"item\":\"https:\/\/seifen-oper.ch\/\"},{\"@type\":\"ListItem\",\"position\":2,\"name\":\"Shop\",\"item\":\"https:\/\/seifen-oper.ch\/?page_id=12\"},{\"@type\":\"ListItem\",\"position\":3,\"name\":\"\u201eTannennadel-Sandelholz Mohnsamen Peelingseife\u201c\"}]},{\"@type\":\"WebSite\",\"@id\":\"https:\/\/seifen-oper.ch\/#website\",\"url\":\"https:\/\/seifen-oper.ch\/\",\"name\":\"Seifen Oper GmbH\",\"description\":\"Kosmetik bester Qualit\u00e4t. Handgefertigt.\",\"publisher\":{\"@id\":\"https:\/\/seifen-oper.ch\/#organization\"},\"potentialAction\":[{\"@type\":\"SearchAction\",\"target\":{\"@type\":\"EntryPoint\",\"urlTemplate\":\"https:\/\/seifen-oper.ch\/?s={search_term_string}\"},\"query-input\":{\"@type\":\"PropertyValueSpecification\",\"valueRequired\":true,\"valueName\":\"search_term_string\"}}],\"inLanguage\":\"de-CH\"},{\"@type\":\"Organization\",\"@id\":\"https:\/\/seifen-oper.ch\/#organization\",\"name\":\"Seifen Oper GmbH\",\"url\":\"https:\/\/seifen-oper.ch\/\",\"logo\":{\"@type\":\"ImageObject\",\"inLanguage\":\"de-CH\",\"@id\":\"https:\/\/seifen-oper.ch\/#\/schema\/logo\/image\/\",\"url\":\"https:\/\/seifen-oper.ch\/wp-content\/uploads\/2019\/06\/logo.seifen-oper450.txt.1.png\",\"contentUrl\":\"https:\/\/seifen-oper.ch\/wp-content\/uploads\/2019\/06\/logo.seifen-oper450.txt.1.png\",\"width\":1835,\"height\":1635,\"caption\":\"Seifen Oper GmbH\"},\"image\":{\"@id\":\"https:\/\/seifen-oper.ch\/#\/schema\/logo\/image\/\"},\"sameAs\":[\"https:\/\/www.facebook.com\/SeifenOperGmbH\",\"https:\/\/www.instagram.com\/explore\/locations\/1028758197\/seifen-oper\/\"]}]}<\/script>\n<!-- \/ Yoast SEO plugin. -->","yoast_head_json":{"title":"\u201eTannennadel-Sandelholz Mohnsamen Peelingseife\u201c - Seifen Oper GmbH","description":"feine Tannennadel-Sandelholz-Mohnsamen-Peelingseife f\u00fcr H\u00e4nde und K\u00f6rper","robots":{"index":"index","follow":"follow","max-snippet":"max-snippet:-1","max-image-preview":"max-image-preview:large","max-video-preview":"max-video-preview:-1"},"canonical":"https:\/\/seifen-oper.ch\/?product=tannennadel-sandelholz-mohnsamen-peelingseife-2","og_locale":"de_DE","og_type":"article","og_title":"\u201eTannennadel-Sandelholz Mohnsamen Peelingseife\u201c - Seifen Oper GmbH","og_description":"feine Tannennadel-Sandelholz-Mohnsamen-Peelingseife f\u00fcr H\u00e4nde und K\u00f6rper","og_url":"https:\/\/seifen-oper.ch\/?product=tannennadel-sandelholz-mohnsamen-peelingseife-2","og_site_name":"Seifen Oper GmbH","article_publisher":"https:\/\/www.facebook.com\/SeifenOperGmbH","article_modified_time":"2025-11-22T20:06:42+00:00","og_image":[{"width":709,"height":560,"url":"https:\/\/seifen-oper.ch\/wp-content\/uploads\/2025\/11\/mohnpeeling.jpg","type":"image\/jpeg"}],"twitter_card":"summary_large_image","twitter_misc":{"Gesch\u00e4tzte Lesezeit":"1 Minute"},"schema":{"@context":"https:\/\/schema.org","@graph":[{"@type":"WebPage","@id":"https:\/\/seifen-oper.ch\/?product=tannennadel-sandelholz-mohnsamen-peelingseife-2","url":"https:\/\/seifen-oper.ch\/?product=tannennadel-sandelholz-mohnsamen-peelingseife-2","name":"\u201eTannennadel-Sandelholz Mohnsamen Peelingseife\u201c - Seifen Oper GmbH","isPartOf":{"@id":"https:\/\/seifen-oper.ch\/#website"},"primaryImageOfPage":{"@id":"https:\/\/seifen-oper.ch\/?product=tannennadel-sandelholz-mohnsamen-peelingseife-2#primaryimage"},"image":{"@id":"https:\/\/seifen-oper.ch\/?product=tannennadel-sandelholz-mohnsamen-peelingseife-2#primaryimage"},"thumbnailUrl":"https:\/\/seifen-oper.ch\/wp-content\/uploads\/2025\/11\/mohnpeeling.jpg","datePublished":"2025-11-18T14:46:20+00:00","dateModified":"2025-11-22T20:06:42+00:00","description":"feine Tannennadel-Sandelholz-Mohnsamen-Peelingseife f\u00fcr H\u00e4nde und K\u00f6rper","breadcrumb":{"@id":"https:\/\/seifen-oper.ch\/?product=tannennadel-sandelholz-mohnsamen-peelingseife-2#breadcrumb"},"inLanguage":"de-CH","potentialAction":[{"@type":"ReadAction","target":["https:\/\/seifen-oper.ch\/?product=tannennadel-sandelholz-mohnsamen-peelingseife-2"]}]},{"@type":"ImageObject","inLanguage":"de-CH","@id":"https:\/\/seifen-oper.ch\/?product=tannennadel-sandelholz-mohnsamen-peelingseife-2#primaryimage","url":"https:\/\/seifen-oper.ch\/wp-content\/uploads\/2025\/11\/mohnpeeling.jpg","contentUrl":"https:\/\/seifen-oper.ch\/wp-content\/uploads\/2025\/11\/mohnpeeling.jpg","width":709,"height":560},{"@type":"BreadcrumbList","@id":"https:\/\/seifen-oper.ch\/?product=tannennadel-sandelholz-mohnsamen-peelingseife-2#breadcrumb","itemListElement":[{"@type":"ListItem","position":1,"name":"Home","item":"https:\/\/seifen-oper.ch\/"},{"@type":"ListItem","position":2,"name":"Shop","item":"https:\/\/seifen-oper.ch\/?page_id=12"},{"@type":"ListItem","position":3,"name":"\u201eTannennadel-Sandelholz Mohnsamen Peelingseife\u201c"}]},{"@type":"WebSite","@id":"https:\/\/seifen-oper.ch\/#website","url":"https:\/\/seifen-oper.ch\/","name":"Seifen Oper GmbH","description":"Kosmetik bester Qualit\u00e4t. Handgefertigt.","publisher":{"@id":"https:\/\/seifen-oper.ch\/#organization"},"potentialAction":[{"@type":"SearchAction","target":{"@type":"EntryPoint","urlTemplate":"https:\/\/seifen-oper.ch\/?s={search_term_string}"},"query-input":{"@type":"PropertyValueSpecification","valueRequired":true,"valueName":"search_term_string"}}],"inLanguage":"de-CH"},{"@type":"Organization","@id":"https:\/\/seifen-oper.ch\/#organization","name":"Seifen Oper GmbH","url":"https:\/\/seifen-oper.ch\/","logo":{"@type":"ImageObject","inLanguage":"de-CH","@id":"https:\/\/seifen-oper.ch\/#\/schema\/logo\/image\/","url":"https:\/\/seifen-oper.ch\/wp-content\/uploads\/2019\/06\/logo.seifen-oper450.txt.1.png","contentUrl":"https:\/\/seifen-oper.ch\/wp-content\/uploads\/2019\/06\/logo.seifen-oper450.txt.1.png","width":1835,"height":1635,"caption":"Seifen Oper GmbH"},"image":{"@id":"https:\/\/seifen-oper.ch\/#\/schema\/logo\/image\/"},"sameAs":["https:\/\/www.facebook.com\/SeifenOperGmbH","https:\/\/www.instagram.com\/explore\/locations\/1028758197\/seifen-oper\/"]}]}},"_links":{"self":[{"href":"https:\/\/seifen-oper.ch\/index.php?rest_route=\/wp\/v2\/product\/4458"}],"collection":[{"href":"https:\/\/seifen-oper.ch\/index.php?rest_route=\/wp\/v2\/product"}],"about":[{"href":"https:\/\/seifen-oper.ch\/index.php?rest_route=\/wp\/v2\/types\/product"}],"wp:featuredmedia":[{"embeddable":true,"href":"https:\/\/seifen-oper.ch\/index.php?rest_route=\/wp\/v2\/media\/4461"}],"wp:attachment":[{"href":"https:\/\/seifen-oper.ch\/index.php?rest_route=%2Fwp%2Fv2%2Fmedia&parent=4458"}],"wp:term":[{"taxonomy":"product_brand","embeddable":true,"href":"https:\/\/seifen-oper.ch\/index.php?rest_route=%2Fwp%2Fv2%2Fproduct_brand&post=4458"},{"taxonomy":"product_cat","embeddable":true,"href":"https:\/\/seifen-oper.ch\/index.php?rest_route=%2Fwp%2Fv2%2Fproduct_cat&post=4458"},{"taxonomy":"product_tag","embeddable":true,"href":"https:\/\/seifen-oper.ch\/index.php?rest_route=%2Fwp%2Fv2%2Fproduct_tag&post=4458"}],"curies":[{"name":"wp","href":"https:\/\/api.w.org\/{rel}","templated":true}]}}