{"id":4432,"date":"2025-11-03T19:44:51","date_gmt":"2025-11-03T18:44:51","guid":{"rendered":"https:\/\/seifen-oper.ch\/?post_type=product&#038;p=4432"},"modified":"2025-11-03T19:45:26","modified_gmt":"2025-11-03T18:45:26","slug":"3pur-koerpercreme","status":"publish","type":"product","link":"https:\/\/seifen-oper.ch\/?product=3pur-koerpercreme","title":{"rendered":"&#171;3pur K\u00f6rpercreme&#187;"},"content":{"rendered":"<p>diese handger\u00fchrte K\u00f6rpercreme eignet sich hervorragend f\u00fcr sehr trockene Haut. Sie pflegt intensiv und besteht dabei aus nur 3 puren Zutaten: Kakaobutter, Kokosbutter und Sheabutter . -und Ihrem Lieblingsduft.<span class=\"Apple-converted-space\">\u00a0<\/span><\/p>\n<p>Die Idee zu dieser wirklich sehr reichhaltigen K\u00f6rpercreme, entstand w\u00e4hrend dem Schwimmen im Chlorwasser. Was zwar gesund ist f\u00fcr den K\u00f6rper, f\u00fcr die Haut jedoch eine Katastrophe! Das geht nur mit sehr guter Pflege danach. So kamen Kokos-, Shea- und Kakaobutter zusammen in einen Topf und voil\u00e0! Das Ergebnis ist nun diese Creme die man individuellem Lieblingsduft versehen kann.<span class=\"Apple-converted-space\">\u00a0<\/span><\/p>\n<p><b>Kokosbutter:<\/b> Aufgrund seiner nat\u00fcrlichen Eigenschaften kann Kokos\u00f6l helfen, die Haut mit Feuchtigkeit zu versorgen, die Hautbarriere zu st\u00e4rken und die Haut geschmeidig zu halten.<\/p>\n<p><b>Sheabutter:<\/b> Weil Sheabutter so hautberuhigend wirkt und Juckreiz lindert, wird sie auch bei Hauterkrankungen wie Neurodermitis oder Schuppenflechte gerne eingesetzt.<\/p>\n<p><b>Kakaobutter:<\/b>Kakaobutter ist<span class=\"Apple-converted-space\">\u00a0 <\/span>ein wichtiger Pflanzeninhaltsstoff f\u00fcr die Beruhigung und Pflege von trockener Haut. Sie ist ein wahrer Hautschmeichler, denn sie zieht besonders leicht und schnell in deine Haut ein und sorgt somit f\u00fcr ein zartes und glattes Hautgef\u00fchl. In der Hautpflege verwendet man Kakaobutter gegen Falten, in Anti-Aging-Cremes sowie in Lotionen zur Behandlung von Schwangerschaftsstreifen oder Narben.<\/p>\n<p>Trockene Ellbogen und Schienbeine lieben \u00a0die &#171;3 pur K\u00f6rpercreme&#187; \u00fcbrigens auch \ud83d\ude42<span class=\"Apple-converted-space\">\u00a0<\/span><\/p>\n<p>Im Winter sollte jeder einen kleinen Vorrat dieser Creme haben. Sie ist auch nur in der kalten Jahreszeit erh\u00e4ltlich, da sie sich bei warmen Temperaturen zu \u00d6l verfl\u00fcssigt. Das ist nicht schlimm, das sie auch wieder aush\u00e4rten, wenn man sie k\u00fchl lagert. Aber etwas unpraktisch f\u00fcr den Transport. Darum:<span class=\"Apple-converted-space\">\u00a0<\/span><\/p>\n<p>Bitte bei Raumtemperatur lagern.<span class=\"Apple-converted-space\">\u00a0<\/span><\/p>\n<p>Diese Creme ist nur als Online-oder pick-up im Shop Produkt (auf Vorbestellung) erh\u00e4ltlich. Da jedes St\u00fcck einzeln angefertigt wird. -Die \u00d6le m\u00fcssen geschmolzen werden um sie mit dem Duft zu vermischen. Das muss dann \u00fcber Nacht aush\u00e4rten.<\/p>\n<p>Bitte geben Sie im Kommentar Ihren Wunsch f\u00fcr Ihre(n) Duft \/Duftkombi an.<\/p>\n<p>INCI: cocos nucifera (Kokosbutter), Theobroma Cacao (Cocoa) Seed Butter (Kakaobutter), Butyrospermum Parkii (Shea) Butter (Shea Butter)<\/p>\n<p>100g \/ CHF 29.- <span class=\"Apple-converted-space\">\u00a0\u00a0<\/span><\/p>\n<p>Diese <strong>D\u00fcfte<\/strong> -auch als Kombinationen- stehen zur Auswahl:<\/p>\n<p>Rhabarber-Pfingstrosen,<\/p>\n<p>Kaschmir,<\/p>\n<p>Love,<\/p>\n<p>Blutorange,<\/p>\n<p>Aloe Vera,<\/p>\n<p>Geranium,<\/p>\n<p>Tequila Sunrise,<\/p>\n<p>Pfirsich<\/p>\n<p>Aprikosen,<\/p>\n<p>Grapefruit,<\/p>\n<p>Birne,<\/p>\n<p>Minze,<\/p>\n<p>Eukalyptus,<\/p>\n<p>Blaubeeren,<\/p>\n<p>Bergamotte,<\/p>\n<p>Cologne,<\/p>\n<p>Himbeere,<\/p>\n<p>Limone,<\/p>\n<p>Salbei,<\/p>\n<p>Ingwer-Souffl\u00e9,<\/p>\n<p>Rosen,<\/p>\n<p>Kokos,<\/p>\n<p>Vanille,<\/p>\n<p>Jasmin,<\/p>\n<p>Mandarinli,<\/p>\n<p>Kirschbl\u00fcte,<\/p>\n<p>Mango,<\/p>\n<p>Maigl\u00f6ckchen,<\/p>\n<p>Erdbeeren,<\/p>\n<p>R\u00e4ucherst\u00e4bli,<\/p>\n<p>Reisbl\u00fcte,<\/p>\n<p>Melone,<\/p>\n<p>Oui Monsieur,<\/p>\n<p>Glaube-Liebe-Hoffnung,<\/p>\n<p>Toffee,<\/p>\n<p>Veilchen,<\/p>\n<p>Patchouli,<\/p>\n<p>Sandelholz,<\/p>\n<p>Lavendel,<\/p>\n<p>Tannennadel,<\/p>\n<p>Frische W\u00e4sche<\/p>\n","protected":false},"excerpt":{"rendered":"<p>extra reichhaltige K\u00f6rpercreme mit nur 3 puren Zutaten und Ihrem Lieblingsduft.<\/p>\n<p>-Nur Online &amp; als Pick-up im Laden nur auf Vorbestellung-<\/p>\n","protected":false},"featured_media":4433,"template":"","meta":[],"product_brand":[],"product_cat":[580,27,44],"product_tag":[624,179,621,623,616,55,81,418,128,213,77,622,491,143,175,61],"class_list":{"0":"post-4432","1":"product","2":"type-product","3":"status-publish","4":"has-post-thumbnail","6":"product_cat-individuell","7":"product_cat-korpercremes","8":"product_cat-winter","9":"product_tag-creme","10":"product_tag-handgemacht","11":"product_tag-hautpflege","12":"product_tag-hautschmeichler","13":"product_tag-kakaobutter","14":"product_tag-kokosbutter","15":"product_tag-korpercreme","16":"product_tag-lieblingsduft","17":"product_tag-ohne-konservierungsstoffe","18":"product_tag-palmolfrei","19":"product_tag-pflege","20":"product_tag-pur","21":"product_tag-reichhaltig","22":"product_tag-sheabutter","23":"product_tag-trockene-haut","24":"product_tag-vegan","26":"first","27":"instock","28":"shipping-taxable","29":"purchasable","30":"product-type-simple"},"yoast_head":"<!-- This site is optimized with the Yoast SEO plugin v25.6 - https:\/\/yoast.com\/wordpress\/plugins\/seo\/ -->\n<title>&quot;3pur K\u00f6rpercreme&quot; - Seifen Oper GmbH<\/title>\n<meta name=\"description\" content=\"extra reichhaltige K\u00f6rpercreme mit nur 3 puren Zutaten und Ihrem Lieblingsduft.\" \/>\n<meta name=\"robots\" content=\"index, follow, max-snippet:-1, max-image-preview:large, max-video-preview:-1\" \/>\n<link rel=\"canonical\" href=\"https:\/\/seifen-oper.ch\/?product=3pur-koerpercreme\" \/>\n<meta property=\"og:locale\" content=\"de_DE\" \/>\n<meta property=\"og:type\" content=\"article\" \/>\n<meta property=\"og:title\" content=\"&quot;3pur K\u00f6rpercreme&quot; - Seifen Oper GmbH\" \/>\n<meta property=\"og:description\" content=\"extra reichhaltige K\u00f6rpercreme mit nur 3 puren Zutaten und Ihrem Lieblingsduft.\" \/>\n<meta property=\"og:url\" content=\"https:\/\/seifen-oper.ch\/?product=3pur-koerpercreme\" \/>\n<meta property=\"og:site_name\" content=\"Seifen Oper GmbH\" \/>\n<meta property=\"article:publisher\" content=\"https:\/\/www.facebook.com\/SeifenOperGmbH\" \/>\n<meta property=\"article:modified_time\" content=\"2025-11-03T18:45:26+00:00\" \/>\n<meta property=\"og:image\" content=\"https:\/\/seifen-oper.ch\/wp-content\/uploads\/2025\/11\/3pur.png\" \/>\n\t<meta property=\"og:image:width\" content=\"709\" \/>\n\t<meta property=\"og:image:height\" content=\"602\" \/>\n\t<meta property=\"og:image:type\" content=\"image\/png\" \/>\n<meta name=\"twitter:card\" content=\"summary_large_image\" \/>\n<meta name=\"twitter:label1\" content=\"Gesch\u00e4tzte Lesezeit\" \/>\n\t<meta name=\"twitter:data1\" content=\"3 Minuten\" \/>\n<script type=\"application\/ld+json\" class=\"yoast-schema-graph\">{\"@context\":\"https:\/\/schema.org\",\"@graph\":[{\"@type\":\"WebPage\",\"@id\":\"https:\/\/seifen-oper.ch\/?product=3pur-koerpercreme\",\"url\":\"https:\/\/seifen-oper.ch\/?product=3pur-koerpercreme\",\"name\":\"\\\"3pur K\u00f6rpercreme\\\" - Seifen Oper GmbH\",\"isPartOf\":{\"@id\":\"https:\/\/seifen-oper.ch\/#website\"},\"primaryImageOfPage\":{\"@id\":\"https:\/\/seifen-oper.ch\/?product=3pur-koerpercreme#primaryimage\"},\"image\":{\"@id\":\"https:\/\/seifen-oper.ch\/?product=3pur-koerpercreme#primaryimage\"},\"thumbnailUrl\":\"https:\/\/seifen-oper.ch\/wp-content\/uploads\/2025\/11\/3pur.png\",\"datePublished\":\"2025-11-03T18:44:51+00:00\",\"dateModified\":\"2025-11-03T18:45:26+00:00\",\"description\":\"extra reichhaltige K\u00f6rpercreme mit nur 3 puren Zutaten und Ihrem Lieblingsduft.\",\"breadcrumb\":{\"@id\":\"https:\/\/seifen-oper.ch\/?product=3pur-koerpercreme#breadcrumb\"},\"inLanguage\":\"de-CH\",\"potentialAction\":[{\"@type\":\"ReadAction\",\"target\":[\"https:\/\/seifen-oper.ch\/?product=3pur-koerpercreme\"]}]},{\"@type\":\"ImageObject\",\"inLanguage\":\"de-CH\",\"@id\":\"https:\/\/seifen-oper.ch\/?product=3pur-koerpercreme#primaryimage\",\"url\":\"https:\/\/seifen-oper.ch\/wp-content\/uploads\/2025\/11\/3pur.png\",\"contentUrl\":\"https:\/\/seifen-oper.ch\/wp-content\/uploads\/2025\/11\/3pur.png\",\"width\":709,\"height\":602},{\"@type\":\"BreadcrumbList\",\"@id\":\"https:\/\/seifen-oper.ch\/?product=3pur-koerpercreme#breadcrumb\",\"itemListElement\":[{\"@type\":\"ListItem\",\"position\":1,\"name\":\"Home\",\"item\":\"https:\/\/seifen-oper.ch\/\"},{\"@type\":\"ListItem\",\"position\":2,\"name\":\"Shop\",\"item\":\"https:\/\/seifen-oper.ch\/?page_id=12\"},{\"@type\":\"ListItem\",\"position\":3,\"name\":\"&#171;3pur K\u00f6rpercreme&#187;\"}]},{\"@type\":\"WebSite\",\"@id\":\"https:\/\/seifen-oper.ch\/#website\",\"url\":\"https:\/\/seifen-oper.ch\/\",\"name\":\"Seifen Oper GmbH\",\"description\":\"Kosmetik bester Qualit\u00e4t. Handgefertigt.\",\"publisher\":{\"@id\":\"https:\/\/seifen-oper.ch\/#organization\"},\"potentialAction\":[{\"@type\":\"SearchAction\",\"target\":{\"@type\":\"EntryPoint\",\"urlTemplate\":\"https:\/\/seifen-oper.ch\/?s={search_term_string}\"},\"query-input\":{\"@type\":\"PropertyValueSpecification\",\"valueRequired\":true,\"valueName\":\"search_term_string\"}}],\"inLanguage\":\"de-CH\"},{\"@type\":\"Organization\",\"@id\":\"https:\/\/seifen-oper.ch\/#organization\",\"name\":\"Seifen Oper GmbH\",\"url\":\"https:\/\/seifen-oper.ch\/\",\"logo\":{\"@type\":\"ImageObject\",\"inLanguage\":\"de-CH\",\"@id\":\"https:\/\/seifen-oper.ch\/#\/schema\/logo\/image\/\",\"url\":\"https:\/\/seifen-oper.ch\/wp-content\/uploads\/2019\/06\/logo.seifen-oper450.txt.1.png\",\"contentUrl\":\"https:\/\/seifen-oper.ch\/wp-content\/uploads\/2019\/06\/logo.seifen-oper450.txt.1.png\",\"width\":1835,\"height\":1635,\"caption\":\"Seifen Oper GmbH\"},\"image\":{\"@id\":\"https:\/\/seifen-oper.ch\/#\/schema\/logo\/image\/\"},\"sameAs\":[\"https:\/\/www.facebook.com\/SeifenOperGmbH\",\"https:\/\/www.instagram.com\/explore\/locations\/1028758197\/seifen-oper\/\"]}]}<\/script>\n<!-- \/ Yoast SEO plugin. -->","yoast_head_json":{"title":"\"3pur K\u00f6rpercreme\" - Seifen Oper GmbH","description":"extra reichhaltige K\u00f6rpercreme mit nur 3 puren Zutaten und Ihrem Lieblingsduft.","robots":{"index":"index","follow":"follow","max-snippet":"max-snippet:-1","max-image-preview":"max-image-preview:large","max-video-preview":"max-video-preview:-1"},"canonical":"https:\/\/seifen-oper.ch\/?product=3pur-koerpercreme","og_locale":"de_DE","og_type":"article","og_title":"\"3pur K\u00f6rpercreme\" - Seifen Oper GmbH","og_description":"extra reichhaltige K\u00f6rpercreme mit nur 3 puren Zutaten und Ihrem Lieblingsduft.","og_url":"https:\/\/seifen-oper.ch\/?product=3pur-koerpercreme","og_site_name":"Seifen Oper GmbH","article_publisher":"https:\/\/www.facebook.com\/SeifenOperGmbH","article_modified_time":"2025-11-03T18:45:26+00:00","og_image":[{"width":709,"height":602,"url":"https:\/\/seifen-oper.ch\/wp-content\/uploads\/2025\/11\/3pur.png","type":"image\/png"}],"twitter_card":"summary_large_image","twitter_misc":{"Gesch\u00e4tzte Lesezeit":"3 Minuten"},"schema":{"@context":"https:\/\/schema.org","@graph":[{"@type":"WebPage","@id":"https:\/\/seifen-oper.ch\/?product=3pur-koerpercreme","url":"https:\/\/seifen-oper.ch\/?product=3pur-koerpercreme","name":"\"3pur K\u00f6rpercreme\" - Seifen Oper GmbH","isPartOf":{"@id":"https:\/\/seifen-oper.ch\/#website"},"primaryImageOfPage":{"@id":"https:\/\/seifen-oper.ch\/?product=3pur-koerpercreme#primaryimage"},"image":{"@id":"https:\/\/seifen-oper.ch\/?product=3pur-koerpercreme#primaryimage"},"thumbnailUrl":"https:\/\/seifen-oper.ch\/wp-content\/uploads\/2025\/11\/3pur.png","datePublished":"2025-11-03T18:44:51+00:00","dateModified":"2025-11-03T18:45:26+00:00","description":"extra reichhaltige K\u00f6rpercreme mit nur 3 puren Zutaten und Ihrem Lieblingsduft.","breadcrumb":{"@id":"https:\/\/seifen-oper.ch\/?product=3pur-koerpercreme#breadcrumb"},"inLanguage":"de-CH","potentialAction":[{"@type":"ReadAction","target":["https:\/\/seifen-oper.ch\/?product=3pur-koerpercreme"]}]},{"@type":"ImageObject","inLanguage":"de-CH","@id":"https:\/\/seifen-oper.ch\/?product=3pur-koerpercreme#primaryimage","url":"https:\/\/seifen-oper.ch\/wp-content\/uploads\/2025\/11\/3pur.png","contentUrl":"https:\/\/seifen-oper.ch\/wp-content\/uploads\/2025\/11\/3pur.png","width":709,"height":602},{"@type":"BreadcrumbList","@id":"https:\/\/seifen-oper.ch\/?product=3pur-koerpercreme#breadcrumb","itemListElement":[{"@type":"ListItem","position":1,"name":"Home","item":"https:\/\/seifen-oper.ch\/"},{"@type":"ListItem","position":2,"name":"Shop","item":"https:\/\/seifen-oper.ch\/?page_id=12"},{"@type":"ListItem","position":3,"name":"&#171;3pur K\u00f6rpercreme&#187;"}]},{"@type":"WebSite","@id":"https:\/\/seifen-oper.ch\/#website","url":"https:\/\/seifen-oper.ch\/","name":"Seifen Oper GmbH","description":"Kosmetik bester Qualit\u00e4t. Handgefertigt.","publisher":{"@id":"https:\/\/seifen-oper.ch\/#organization"},"potentialAction":[{"@type":"SearchAction","target":{"@type":"EntryPoint","urlTemplate":"https:\/\/seifen-oper.ch\/?s={search_term_string}"},"query-input":{"@type":"PropertyValueSpecification","valueRequired":true,"valueName":"search_term_string"}}],"inLanguage":"de-CH"},{"@type":"Organization","@id":"https:\/\/seifen-oper.ch\/#organization","name":"Seifen Oper GmbH","url":"https:\/\/seifen-oper.ch\/","logo":{"@type":"ImageObject","inLanguage":"de-CH","@id":"https:\/\/seifen-oper.ch\/#\/schema\/logo\/image\/","url":"https:\/\/seifen-oper.ch\/wp-content\/uploads\/2019\/06\/logo.seifen-oper450.txt.1.png","contentUrl":"https:\/\/seifen-oper.ch\/wp-content\/uploads\/2019\/06\/logo.seifen-oper450.txt.1.png","width":1835,"height":1635,"caption":"Seifen Oper GmbH"},"image":{"@id":"https:\/\/seifen-oper.ch\/#\/schema\/logo\/image\/"},"sameAs":["https:\/\/www.facebook.com\/SeifenOperGmbH","https:\/\/www.instagram.com\/explore\/locations\/1028758197\/seifen-oper\/"]}]}},"_links":{"self":[{"href":"https:\/\/seifen-oper.ch\/index.php?rest_route=\/wp\/v2\/product\/4432"}],"collection":[{"href":"https:\/\/seifen-oper.ch\/index.php?rest_route=\/wp\/v2\/product"}],"about":[{"href":"https:\/\/seifen-oper.ch\/index.php?rest_route=\/wp\/v2\/types\/product"}],"wp:featuredmedia":[{"embeddable":true,"href":"https:\/\/seifen-oper.ch\/index.php?rest_route=\/wp\/v2\/media\/4433"}],"wp:attachment":[{"href":"https:\/\/seifen-oper.ch\/index.php?rest_route=%2Fwp%2Fv2%2Fmedia&parent=4432"}],"wp:term":[{"taxonomy":"product_brand","embeddable":true,"href":"https:\/\/seifen-oper.ch\/index.php?rest_route=%2Fwp%2Fv2%2Fproduct_brand&post=4432"},{"taxonomy":"product_cat","embeddable":true,"href":"https:\/\/seifen-oper.ch\/index.php?rest_route=%2Fwp%2Fv2%2Fproduct_cat&post=4432"},{"taxonomy":"product_tag","embeddable":true,"href":"https:\/\/seifen-oper.ch\/index.php?rest_route=%2Fwp%2Fv2%2Fproduct_tag&post=4432"}],"curies":[{"name":"wp","href":"https:\/\/api.w.org\/{rel}","templated":true}]}}