{"id":4410,"date":"2025-09-17T20:20:50","date_gmt":"2025-09-17T18:20:50","guid":{"rendered":"https:\/\/seifen-oper.ch\/?post_type=product&#038;p=4410"},"modified":"2025-09-17T20:27:38","modified_gmt":"2025-09-17T18:27:38","slug":"schallalahhh-seife","status":"publish","type":"product","link":"https:\/\/seifen-oper.ch\/?product=schallalahhh-seife","title":{"rendered":"\u201eSchallalahhh!-Seife\u201c"},"content":{"rendered":"<p>dieser bunte, handliche Seifenw\u00fcrfel besticht mit einem erdig, warmen Duft nach R\u00e4ucherst\u00e4bchen. W\u00fcrzig, warm und mystisch duftet \u201eSchallalahhh!\u201c. Bunt gestreift in lila, gr\u00fcn, gelb und blau macht die \u201eSchallalahhh!-Seife\u201c gleich gute Laune beim waschen.<\/p>\n<p>Und ganz nebenbei pflegt sie Ihre Haut mit hochwertigen \u00d6len: Kokosbutter und Oliven\u00f6l sorgen daf\u00fcr, dass Ihre Haut nicht austrocknet.<span class=\"Apple-converted-space\">\u00a0<\/span><\/p>\n<p>Vegan, handgefertigt, palm\u00f6lfrei und OHNE Konservierungsstoffe<\/p>\n<p>Inhaltsstoffe: INCI: Cocos nucifera (Kokos\u00f6l), Aqua, Glycerine soja (Soja\u00f6l), Brassica campestris seed oil (Raps\u00f6l), Olea Europaea (Oliven\u00f6l), Sodium Hydroxide (NaOH),Parf\u00fcm\u00f6l,<span class=\"Apple-converted-space\">\u00a0 <\/span>E142 (gr\u00fcnes Farbpigment), Parf\u00fcm, C174160 (blaue Seifenfarbe), CI 77019 (rosa Farbpigment)<\/p>\n<p>100g \/ CHF 14.-<\/p>\n","protected":false},"excerpt":{"rendered":"<p>W\u00fcrzig, erdig und warm duftende Hand und K\u00f6rperseife in handlicher W\u00fcrfelform<\/p>\n","protected":false},"featured_media":4411,"template":"","meta":[],"product_brand":[],"product_cat":[17],"product_tag":[606,473,179,195,196,607,595,61,66],"class_list":{"0":"post-4410","1":"product","2":"type-product","3":"status-publish","4":"has-post-thumbnail","6":"product_cat-seifen","7":"product_tag-erdiger-duft","8":"product_tag-hand-und-koerperseife","9":"product_tag-handgemacht","10":"product_tag-handseife","11":"product_tag-korperseife","12":"product_tag-mystischer-duft","13":"product_tag-raeucherstaebli","14":"product_tag-vegan","15":"product_tag-warmer-duft","17":"first","18":"instock","19":"shipping-taxable","20":"purchasable","21":"product-type-simple"},"yoast_head":"<!-- This site is optimized with the Yoast SEO plugin v25.6 - https:\/\/yoast.com\/wordpress\/plugins\/seo\/ -->\n<title>\u201eSchallalahhh!-Seife\u201c - Seifen Oper GmbH<\/title>\n<meta name=\"robots\" content=\"index, follow, max-snippet:-1, max-image-preview:large, max-video-preview:-1\" \/>\n<link rel=\"canonical\" href=\"https:\/\/seifen-oper.ch\/?product=schallalahhh-seife\" \/>\n<meta property=\"og:locale\" content=\"de_DE\" \/>\n<meta property=\"og:type\" content=\"article\" \/>\n<meta property=\"og:title\" content=\"\u201eSchallalahhh!-Seife\u201c - Seifen Oper GmbH\" \/>\n<meta property=\"og:description\" content=\"W\u00fcrzig, erdig und warm duftende Hand und K\u00f6rperseife in handlicher W\u00fcrfelform\" \/>\n<meta property=\"og:url\" content=\"https:\/\/seifen-oper.ch\/?product=schallalahhh-seife\" \/>\n<meta property=\"og:site_name\" content=\"Seifen Oper GmbH\" \/>\n<meta property=\"article:publisher\" content=\"https:\/\/www.facebook.com\/SeifenOperGmbH\" \/>\n<meta property=\"article:modified_time\" content=\"2025-09-17T18:27:38+00:00\" \/>\n<meta property=\"og:image\" content=\"https:\/\/seifen-oper.ch\/wp-content\/uploads\/2025\/09\/schallalahh.png\" \/>\n\t<meta property=\"og:image:width\" content=\"709\" \/>\n\t<meta property=\"og:image:height\" content=\"846\" \/>\n\t<meta property=\"og:image:type\" content=\"image\/png\" \/>\n<meta name=\"twitter:card\" content=\"summary_large_image\" \/>\n<meta name=\"twitter:label1\" content=\"Gesch\u00e4tzte Lesezeit\" \/>\n\t<meta name=\"twitter:data1\" content=\"1 Minute\" \/>\n<script type=\"application\/ld+json\" class=\"yoast-schema-graph\">{\"@context\":\"https:\/\/schema.org\",\"@graph\":[{\"@type\":\"WebPage\",\"@id\":\"https:\/\/seifen-oper.ch\/?product=schallalahhh-seife\",\"url\":\"https:\/\/seifen-oper.ch\/?product=schallalahhh-seife\",\"name\":\"\u201eSchallalahhh!-Seife\u201c - Seifen Oper GmbH\",\"isPartOf\":{\"@id\":\"https:\/\/seifen-oper.ch\/#website\"},\"primaryImageOfPage\":{\"@id\":\"https:\/\/seifen-oper.ch\/?product=schallalahhh-seife#primaryimage\"},\"image\":{\"@id\":\"https:\/\/seifen-oper.ch\/?product=schallalahhh-seife#primaryimage\"},\"thumbnailUrl\":\"https:\/\/seifen-oper.ch\/wp-content\/uploads\/2025\/09\/schallalahh.png\",\"datePublished\":\"2025-09-17T18:20:50+00:00\",\"dateModified\":\"2025-09-17T18:27:38+00:00\",\"breadcrumb\":{\"@id\":\"https:\/\/seifen-oper.ch\/?product=schallalahhh-seife#breadcrumb\"},\"inLanguage\":\"de-CH\",\"potentialAction\":[{\"@type\":\"ReadAction\",\"target\":[\"https:\/\/seifen-oper.ch\/?product=schallalahhh-seife\"]}]},{\"@type\":\"ImageObject\",\"inLanguage\":\"de-CH\",\"@id\":\"https:\/\/seifen-oper.ch\/?product=schallalahhh-seife#primaryimage\",\"url\":\"https:\/\/seifen-oper.ch\/wp-content\/uploads\/2025\/09\/schallalahh.png\",\"contentUrl\":\"https:\/\/seifen-oper.ch\/wp-content\/uploads\/2025\/09\/schallalahh.png\",\"width\":709,\"height\":846},{\"@type\":\"BreadcrumbList\",\"@id\":\"https:\/\/seifen-oper.ch\/?product=schallalahhh-seife#breadcrumb\",\"itemListElement\":[{\"@type\":\"ListItem\",\"position\":1,\"name\":\"Home\",\"item\":\"https:\/\/seifen-oper.ch\/\"},{\"@type\":\"ListItem\",\"position\":2,\"name\":\"Shop\",\"item\":\"https:\/\/seifen-oper.ch\/?page_id=12\"},{\"@type\":\"ListItem\",\"position\":3,\"name\":\"\u201eSchallalahhh!-Seife\u201c\"}]},{\"@type\":\"WebSite\",\"@id\":\"https:\/\/seifen-oper.ch\/#website\",\"url\":\"https:\/\/seifen-oper.ch\/\",\"name\":\"Seifen Oper GmbH\",\"description\":\"Kosmetik bester Qualit\u00e4t. Handgefertigt.\",\"publisher\":{\"@id\":\"https:\/\/seifen-oper.ch\/#organization\"},\"potentialAction\":[{\"@type\":\"SearchAction\",\"target\":{\"@type\":\"EntryPoint\",\"urlTemplate\":\"https:\/\/seifen-oper.ch\/?s={search_term_string}\"},\"query-input\":{\"@type\":\"PropertyValueSpecification\",\"valueRequired\":true,\"valueName\":\"search_term_string\"}}],\"inLanguage\":\"de-CH\"},{\"@type\":\"Organization\",\"@id\":\"https:\/\/seifen-oper.ch\/#organization\",\"name\":\"Seifen Oper GmbH\",\"url\":\"https:\/\/seifen-oper.ch\/\",\"logo\":{\"@type\":\"ImageObject\",\"inLanguage\":\"de-CH\",\"@id\":\"https:\/\/seifen-oper.ch\/#\/schema\/logo\/image\/\",\"url\":\"https:\/\/seifen-oper.ch\/wp-content\/uploads\/2019\/06\/logo.seifen-oper450.txt.1.png\",\"contentUrl\":\"https:\/\/seifen-oper.ch\/wp-content\/uploads\/2019\/06\/logo.seifen-oper450.txt.1.png\",\"width\":1835,\"height\":1635,\"caption\":\"Seifen Oper GmbH\"},\"image\":{\"@id\":\"https:\/\/seifen-oper.ch\/#\/schema\/logo\/image\/\"},\"sameAs\":[\"https:\/\/www.facebook.com\/SeifenOperGmbH\",\"https:\/\/www.instagram.com\/explore\/locations\/1028758197\/seifen-oper\/\"]}]}<\/script>\n<!-- \/ Yoast SEO plugin. -->","yoast_head_json":{"title":"\u201eSchallalahhh!-Seife\u201c - Seifen Oper GmbH","robots":{"index":"index","follow":"follow","max-snippet":"max-snippet:-1","max-image-preview":"max-image-preview:large","max-video-preview":"max-video-preview:-1"},"canonical":"https:\/\/seifen-oper.ch\/?product=schallalahhh-seife","og_locale":"de_DE","og_type":"article","og_title":"\u201eSchallalahhh!-Seife\u201c - Seifen Oper GmbH","og_description":"W\u00fcrzig, erdig und warm duftende Hand und K\u00f6rperseife in handlicher W\u00fcrfelform","og_url":"https:\/\/seifen-oper.ch\/?product=schallalahhh-seife","og_site_name":"Seifen Oper GmbH","article_publisher":"https:\/\/www.facebook.com\/SeifenOperGmbH","article_modified_time":"2025-09-17T18:27:38+00:00","og_image":[{"width":709,"height":846,"url":"https:\/\/seifen-oper.ch\/wp-content\/uploads\/2025\/09\/schallalahh.png","type":"image\/png"}],"twitter_card":"summary_large_image","twitter_misc":{"Gesch\u00e4tzte Lesezeit":"1 Minute"},"schema":{"@context":"https:\/\/schema.org","@graph":[{"@type":"WebPage","@id":"https:\/\/seifen-oper.ch\/?product=schallalahhh-seife","url":"https:\/\/seifen-oper.ch\/?product=schallalahhh-seife","name":"\u201eSchallalahhh!-Seife\u201c - Seifen Oper GmbH","isPartOf":{"@id":"https:\/\/seifen-oper.ch\/#website"},"primaryImageOfPage":{"@id":"https:\/\/seifen-oper.ch\/?product=schallalahhh-seife#primaryimage"},"image":{"@id":"https:\/\/seifen-oper.ch\/?product=schallalahhh-seife#primaryimage"},"thumbnailUrl":"https:\/\/seifen-oper.ch\/wp-content\/uploads\/2025\/09\/schallalahh.png","datePublished":"2025-09-17T18:20:50+00:00","dateModified":"2025-09-17T18:27:38+00:00","breadcrumb":{"@id":"https:\/\/seifen-oper.ch\/?product=schallalahhh-seife#breadcrumb"},"inLanguage":"de-CH","potentialAction":[{"@type":"ReadAction","target":["https:\/\/seifen-oper.ch\/?product=schallalahhh-seife"]}]},{"@type":"ImageObject","inLanguage":"de-CH","@id":"https:\/\/seifen-oper.ch\/?product=schallalahhh-seife#primaryimage","url":"https:\/\/seifen-oper.ch\/wp-content\/uploads\/2025\/09\/schallalahh.png","contentUrl":"https:\/\/seifen-oper.ch\/wp-content\/uploads\/2025\/09\/schallalahh.png","width":709,"height":846},{"@type":"BreadcrumbList","@id":"https:\/\/seifen-oper.ch\/?product=schallalahhh-seife#breadcrumb","itemListElement":[{"@type":"ListItem","position":1,"name":"Home","item":"https:\/\/seifen-oper.ch\/"},{"@type":"ListItem","position":2,"name":"Shop","item":"https:\/\/seifen-oper.ch\/?page_id=12"},{"@type":"ListItem","position":3,"name":"\u201eSchallalahhh!-Seife\u201c"}]},{"@type":"WebSite","@id":"https:\/\/seifen-oper.ch\/#website","url":"https:\/\/seifen-oper.ch\/","name":"Seifen Oper GmbH","description":"Kosmetik bester Qualit\u00e4t. Handgefertigt.","publisher":{"@id":"https:\/\/seifen-oper.ch\/#organization"},"potentialAction":[{"@type":"SearchAction","target":{"@type":"EntryPoint","urlTemplate":"https:\/\/seifen-oper.ch\/?s={search_term_string}"},"query-input":{"@type":"PropertyValueSpecification","valueRequired":true,"valueName":"search_term_string"}}],"inLanguage":"de-CH"},{"@type":"Organization","@id":"https:\/\/seifen-oper.ch\/#organization","name":"Seifen Oper GmbH","url":"https:\/\/seifen-oper.ch\/","logo":{"@type":"ImageObject","inLanguage":"de-CH","@id":"https:\/\/seifen-oper.ch\/#\/schema\/logo\/image\/","url":"https:\/\/seifen-oper.ch\/wp-content\/uploads\/2019\/06\/logo.seifen-oper450.txt.1.png","contentUrl":"https:\/\/seifen-oper.ch\/wp-content\/uploads\/2019\/06\/logo.seifen-oper450.txt.1.png","width":1835,"height":1635,"caption":"Seifen Oper GmbH"},"image":{"@id":"https:\/\/seifen-oper.ch\/#\/schema\/logo\/image\/"},"sameAs":["https:\/\/www.facebook.com\/SeifenOperGmbH","https:\/\/www.instagram.com\/explore\/locations\/1028758197\/seifen-oper\/"]}]}},"_links":{"self":[{"href":"https:\/\/seifen-oper.ch\/index.php?rest_route=\/wp\/v2\/product\/4410"}],"collection":[{"href":"https:\/\/seifen-oper.ch\/index.php?rest_route=\/wp\/v2\/product"}],"about":[{"href":"https:\/\/seifen-oper.ch\/index.php?rest_route=\/wp\/v2\/types\/product"}],"wp:featuredmedia":[{"embeddable":true,"href":"https:\/\/seifen-oper.ch\/index.php?rest_route=\/wp\/v2\/media\/4411"}],"wp:attachment":[{"href":"https:\/\/seifen-oper.ch\/index.php?rest_route=%2Fwp%2Fv2%2Fmedia&parent=4410"}],"wp:term":[{"taxonomy":"product_brand","embeddable":true,"href":"https:\/\/seifen-oper.ch\/index.php?rest_route=%2Fwp%2Fv2%2Fproduct_brand&post=4410"},{"taxonomy":"product_cat","embeddable":true,"href":"https:\/\/seifen-oper.ch\/index.php?rest_route=%2Fwp%2Fv2%2Fproduct_cat&post=4410"},{"taxonomy":"product_tag","embeddable":true,"href":"https:\/\/seifen-oper.ch\/index.php?rest_route=%2Fwp%2Fv2%2Fproduct_tag&post=4410"}],"curies":[{"name":"wp","href":"https:\/\/api.w.org\/{rel}","templated":true}]}}