{"id":440,"date":"2019-06-17T11:37:18","date_gmt":"2019-06-17T11:37:18","guid":{"rendered":"https:\/\/seifen-oper.ch\/?product=ich-hab-den-langsten-bart"},"modified":"2021-10-21T20:40:32","modified_gmt":"2021-10-21T18:40:32","slug":"ich-hab-den-langsten-bart","status":"publish","type":"product","link":"https:\/\/seifen-oper.ch\/?product=ich-hab-den-langsten-bart","title":{"rendered":"&#171;Ich hab den l\u00e4ngsten\u2026.. BART! ;-)&#187;"},"content":{"rendered":"<p style=\"text-align: center;\"><span style=\"color: #888888;\">In dieser \u00fcberaus heldenhaften Box finden Sie alles, was Sie zur Pflege Ihres edelsten und m\u00e4nnlichsten Teils brauchen: N\u00e4mlich Ihren Bart. Denn wie heisst es so sch\u00f6n: Wie nennt man einen Mann ohne Bart?\u2026 Genau: eine Frau! \ud83d\ude09 Deshalb pflegen Sie Ihren Bart wohl mit den 3 essentiellsten Produkten: \u00a0<\/span><\/p>\n<p style=\"text-align: center;\"><span style=\"color: #888888;\">Ein &#171;<span style=\"color: #ff99cc;\"><a href=\"http:\/\/seifen-oper.ch\/de\/herren\/bart-schnurrbart\/bartol-hail-dir-bart.html\"><span style=\"color: #ff99cc;\">Bart\u00f6l<\/span><\/a><\/span>&#187; zur Pflege von Haut und Haar, ein &#171;<span style=\"color: #ff99cc;\"><a href=\"http:\/\/seifen-oper.ch\/de\/herren\/bart-schnurrbart\/picobello-bartshampoo.html\"><span style=\"color: #ff99cc;\">Bartshampoo<\/span><\/a><\/span>&#187; zur Reinigun beides mit dem erfrischenden Duft von Pinien und Limonen. Ausserdem enth\u00e4lt dieses tolle Geschebk noch ein <a href=\"http:\/\/seifen-oper.ch\/de\/herren\/fur-den-herren\/monchsrausch-bier-zitronenshampoo.html\" target=\"_blank\" rel=\"noopener noreferrer\">&#171;<span style=\"color: #ff99cc;\"><span style=\"color: #ff99cc;\">Biershampoo<\/span><\/span>&#171;<\/a> weil man(n) das einfach immer gut gebrauchen kann \ud83d\ude42<\/span><\/p>\n<p style=\"text-align: center;\"><span style=\"color: #888888;\">Und nicht in Seidenpapier sind die Produkte eingewickelt, NEIN! Kein Firlefanz! M\u00e4nnlich! In Stroh! &#8211; Das kann Mann gleich noch als Grundlage f\u00fcr das n\u00e4chste Feuer zum grillen benutzen \ud83d\ude09 \u00a0 \u00a0<\/span><\/p>\n<p style=\"text-align: center;\"><span style=\"color: #888888;\">ca. 500g \/ Sfr. 55.-<\/span><\/p>\n<p style=\"text-align: center;\"><span style=\"color: #888888;\">\u00a0<\/span><\/p>\n<p>&nbsp;<\/p>\n<p>&nbsp;<\/p>\n","protected":false},"excerpt":{"rendered":"<p>Herrengeschenk best\u00fcckt mit 3 tollen Bartpflegeprodukten<\/p>\n","protected":false},"featured_media":1671,"template":"","meta":[],"product_brand":[],"product_cat":[24],"product_tag":[],"class_list":{"0":"post-440","1":"product","2":"type-product","3":"status-publish","4":"has-post-thumbnail","6":"product_cat-herren","8":"first","9":"instock","10":"shipping-taxable","11":"purchasable","12":"product-type-simple"},"yoast_head":"<!-- This site is optimized with the Yoast SEO plugin v25.6 - https:\/\/yoast.com\/wordpress\/plugins\/seo\/ -->\n<title>&quot;Ich hab den l\u00e4ngsten\u2026.. BART! ;-)&quot; - Seifen Oper GmbH<\/title>\n<meta name=\"robots\" content=\"index, follow, max-snippet:-1, max-image-preview:large, max-video-preview:-1\" \/>\n<link rel=\"canonical\" href=\"https:\/\/seifen-oper.ch\/?product=ich-hab-den-langsten-bart\" \/>\n<meta property=\"og:locale\" content=\"de_DE\" \/>\n<meta property=\"og:type\" content=\"article\" \/>\n<meta property=\"og:title\" content=\"&quot;Ich hab den l\u00e4ngsten\u2026.. BART! ;-)&quot; - Seifen Oper GmbH\" \/>\n<meta property=\"og:description\" content=\"Herrengeschenk best\u00fcckt mit 3 tollen Bartpflegeprodukten\" \/>\n<meta property=\"og:url\" content=\"https:\/\/seifen-oper.ch\/?product=ich-hab-den-langsten-bart\" \/>\n<meta property=\"og:site_name\" content=\"Seifen Oper GmbH\" \/>\n<meta property=\"article:publisher\" content=\"https:\/\/www.facebook.com\/SeifenOperGmbH\" \/>\n<meta property=\"article:modified_time\" content=\"2021-10-21T18:40:32+00:00\" \/>\n<meta property=\"og:image\" content=\"https:\/\/seifen-oper.ch\/wp-content\/uploads\/2019\/06\/Ich-hab-den-l\u00e4ngsten\u2026-BART-kl.png\" \/>\n\t<meta property=\"og:image:width\" content=\"400\" \/>\n\t<meta property=\"og:image:height\" content=\"425\" \/>\n\t<meta property=\"og:image:type\" content=\"image\/png\" \/>\n<meta name=\"twitter:card\" content=\"summary_large_image\" \/>\n<meta name=\"twitter:label1\" content=\"Gesch\u00e4tzte Lesezeit\" \/>\n\t<meta name=\"twitter:data1\" content=\"1 Minute\" \/>\n<script type=\"application\/ld+json\" class=\"yoast-schema-graph\">{\"@context\":\"https:\/\/schema.org\",\"@graph\":[{\"@type\":\"WebPage\",\"@id\":\"https:\/\/seifen-oper.ch\/?product=ich-hab-den-langsten-bart\",\"url\":\"https:\/\/seifen-oper.ch\/?product=ich-hab-den-langsten-bart\",\"name\":\"\\\"Ich hab den l\u00e4ngsten\u2026.. BART! ;-)\\\" - Seifen Oper GmbH\",\"isPartOf\":{\"@id\":\"https:\/\/seifen-oper.ch\/#website\"},\"primaryImageOfPage\":{\"@id\":\"https:\/\/seifen-oper.ch\/?product=ich-hab-den-langsten-bart#primaryimage\"},\"image\":{\"@id\":\"https:\/\/seifen-oper.ch\/?product=ich-hab-den-langsten-bart#primaryimage\"},\"thumbnailUrl\":\"https:\/\/seifen-oper.ch\/wp-content\/uploads\/2019\/06\/Ich-hab-den-l\u00e4ngsten\u2026-BART-kl.png\",\"datePublished\":\"2019-06-17T11:37:18+00:00\",\"dateModified\":\"2021-10-21T18:40:32+00:00\",\"breadcrumb\":{\"@id\":\"https:\/\/seifen-oper.ch\/?product=ich-hab-den-langsten-bart#breadcrumb\"},\"inLanguage\":\"de-CH\",\"potentialAction\":[{\"@type\":\"ReadAction\",\"target\":[\"https:\/\/seifen-oper.ch\/?product=ich-hab-den-langsten-bart\"]}]},{\"@type\":\"ImageObject\",\"inLanguage\":\"de-CH\",\"@id\":\"https:\/\/seifen-oper.ch\/?product=ich-hab-den-langsten-bart#primaryimage\",\"url\":\"https:\/\/seifen-oper.ch\/wp-content\/uploads\/2019\/06\/Ich-hab-den-l\u00e4ngsten\u2026-BART-kl.png\",\"contentUrl\":\"https:\/\/seifen-oper.ch\/wp-content\/uploads\/2019\/06\/Ich-hab-den-l\u00e4ngsten\u2026-BART-kl.png\",\"width\":400,\"height\":425},{\"@type\":\"BreadcrumbList\",\"@id\":\"https:\/\/seifen-oper.ch\/?product=ich-hab-den-langsten-bart#breadcrumb\",\"itemListElement\":[{\"@type\":\"ListItem\",\"position\":1,\"name\":\"Home\",\"item\":\"https:\/\/seifen-oper.ch\/\"},{\"@type\":\"ListItem\",\"position\":2,\"name\":\"Shop\",\"item\":\"https:\/\/seifen-oper.ch\/?page_id=12\"},{\"@type\":\"ListItem\",\"position\":3,\"name\":\"&#171;Ich hab den l\u00e4ngsten\u2026.. BART! ;-)&#187;\"}]},{\"@type\":\"WebSite\",\"@id\":\"https:\/\/seifen-oper.ch\/#website\",\"url\":\"https:\/\/seifen-oper.ch\/\",\"name\":\"Seifen Oper GmbH\",\"description\":\"Kosmetik bester Qualit\u00e4t. Handgefertigt.\",\"publisher\":{\"@id\":\"https:\/\/seifen-oper.ch\/#organization\"},\"potentialAction\":[{\"@type\":\"SearchAction\",\"target\":{\"@type\":\"EntryPoint\",\"urlTemplate\":\"https:\/\/seifen-oper.ch\/?s={search_term_string}\"},\"query-input\":{\"@type\":\"PropertyValueSpecification\",\"valueRequired\":true,\"valueName\":\"search_term_string\"}}],\"inLanguage\":\"de-CH\"},{\"@type\":\"Organization\",\"@id\":\"https:\/\/seifen-oper.ch\/#organization\",\"name\":\"Seifen Oper GmbH\",\"url\":\"https:\/\/seifen-oper.ch\/\",\"logo\":{\"@type\":\"ImageObject\",\"inLanguage\":\"de-CH\",\"@id\":\"https:\/\/seifen-oper.ch\/#\/schema\/logo\/image\/\",\"url\":\"https:\/\/seifen-oper.ch\/wp-content\/uploads\/2019\/06\/logo.seifen-oper450.txt.1.png\",\"contentUrl\":\"https:\/\/seifen-oper.ch\/wp-content\/uploads\/2019\/06\/logo.seifen-oper450.txt.1.png\",\"width\":1835,\"height\":1635,\"caption\":\"Seifen Oper GmbH\"},\"image\":{\"@id\":\"https:\/\/seifen-oper.ch\/#\/schema\/logo\/image\/\"},\"sameAs\":[\"https:\/\/www.facebook.com\/SeifenOperGmbH\",\"https:\/\/www.instagram.com\/explore\/locations\/1028758197\/seifen-oper\/\"]}]}<\/script>\n<!-- \/ Yoast SEO plugin. -->","yoast_head_json":{"title":"\"Ich hab den l\u00e4ngsten\u2026.. BART! ;-)\" - Seifen Oper GmbH","robots":{"index":"index","follow":"follow","max-snippet":"max-snippet:-1","max-image-preview":"max-image-preview:large","max-video-preview":"max-video-preview:-1"},"canonical":"https:\/\/seifen-oper.ch\/?product=ich-hab-den-langsten-bart","og_locale":"de_DE","og_type":"article","og_title":"\"Ich hab den l\u00e4ngsten\u2026.. BART! ;-)\" - Seifen Oper GmbH","og_description":"Herrengeschenk best\u00fcckt mit 3 tollen Bartpflegeprodukten","og_url":"https:\/\/seifen-oper.ch\/?product=ich-hab-den-langsten-bart","og_site_name":"Seifen Oper GmbH","article_publisher":"https:\/\/www.facebook.com\/SeifenOperGmbH","article_modified_time":"2021-10-21T18:40:32+00:00","og_image":[{"width":400,"height":425,"url":"https:\/\/seifen-oper.ch\/wp-content\/uploads\/2019\/06\/Ich-hab-den-l\u00e4ngsten\u2026-BART-kl.png","type":"image\/png"}],"twitter_card":"summary_large_image","twitter_misc":{"Gesch\u00e4tzte Lesezeit":"1 Minute"},"schema":{"@context":"https:\/\/schema.org","@graph":[{"@type":"WebPage","@id":"https:\/\/seifen-oper.ch\/?product=ich-hab-den-langsten-bart","url":"https:\/\/seifen-oper.ch\/?product=ich-hab-den-langsten-bart","name":"\"Ich hab den l\u00e4ngsten\u2026.. BART! ;-)\" - Seifen Oper GmbH","isPartOf":{"@id":"https:\/\/seifen-oper.ch\/#website"},"primaryImageOfPage":{"@id":"https:\/\/seifen-oper.ch\/?product=ich-hab-den-langsten-bart#primaryimage"},"image":{"@id":"https:\/\/seifen-oper.ch\/?product=ich-hab-den-langsten-bart#primaryimage"},"thumbnailUrl":"https:\/\/seifen-oper.ch\/wp-content\/uploads\/2019\/06\/Ich-hab-den-l\u00e4ngsten\u2026-BART-kl.png","datePublished":"2019-06-17T11:37:18+00:00","dateModified":"2021-10-21T18:40:32+00:00","breadcrumb":{"@id":"https:\/\/seifen-oper.ch\/?product=ich-hab-den-langsten-bart#breadcrumb"},"inLanguage":"de-CH","potentialAction":[{"@type":"ReadAction","target":["https:\/\/seifen-oper.ch\/?product=ich-hab-den-langsten-bart"]}]},{"@type":"ImageObject","inLanguage":"de-CH","@id":"https:\/\/seifen-oper.ch\/?product=ich-hab-den-langsten-bart#primaryimage","url":"https:\/\/seifen-oper.ch\/wp-content\/uploads\/2019\/06\/Ich-hab-den-l\u00e4ngsten\u2026-BART-kl.png","contentUrl":"https:\/\/seifen-oper.ch\/wp-content\/uploads\/2019\/06\/Ich-hab-den-l\u00e4ngsten\u2026-BART-kl.png","width":400,"height":425},{"@type":"BreadcrumbList","@id":"https:\/\/seifen-oper.ch\/?product=ich-hab-den-langsten-bart#breadcrumb","itemListElement":[{"@type":"ListItem","position":1,"name":"Home","item":"https:\/\/seifen-oper.ch\/"},{"@type":"ListItem","position":2,"name":"Shop","item":"https:\/\/seifen-oper.ch\/?page_id=12"},{"@type":"ListItem","position":3,"name":"&#171;Ich hab den l\u00e4ngsten\u2026.. BART! ;-)&#187;"}]},{"@type":"WebSite","@id":"https:\/\/seifen-oper.ch\/#website","url":"https:\/\/seifen-oper.ch\/","name":"Seifen Oper GmbH","description":"Kosmetik bester Qualit\u00e4t. Handgefertigt.","publisher":{"@id":"https:\/\/seifen-oper.ch\/#organization"},"potentialAction":[{"@type":"SearchAction","target":{"@type":"EntryPoint","urlTemplate":"https:\/\/seifen-oper.ch\/?s={search_term_string}"},"query-input":{"@type":"PropertyValueSpecification","valueRequired":true,"valueName":"search_term_string"}}],"inLanguage":"de-CH"},{"@type":"Organization","@id":"https:\/\/seifen-oper.ch\/#organization","name":"Seifen Oper GmbH","url":"https:\/\/seifen-oper.ch\/","logo":{"@type":"ImageObject","inLanguage":"de-CH","@id":"https:\/\/seifen-oper.ch\/#\/schema\/logo\/image\/","url":"https:\/\/seifen-oper.ch\/wp-content\/uploads\/2019\/06\/logo.seifen-oper450.txt.1.png","contentUrl":"https:\/\/seifen-oper.ch\/wp-content\/uploads\/2019\/06\/logo.seifen-oper450.txt.1.png","width":1835,"height":1635,"caption":"Seifen Oper GmbH"},"image":{"@id":"https:\/\/seifen-oper.ch\/#\/schema\/logo\/image\/"},"sameAs":["https:\/\/www.facebook.com\/SeifenOperGmbH","https:\/\/www.instagram.com\/explore\/locations\/1028758197\/seifen-oper\/"]}]}},"_links":{"self":[{"href":"https:\/\/seifen-oper.ch\/index.php?rest_route=\/wp\/v2\/product\/440"}],"collection":[{"href":"https:\/\/seifen-oper.ch\/index.php?rest_route=\/wp\/v2\/product"}],"about":[{"href":"https:\/\/seifen-oper.ch\/index.php?rest_route=\/wp\/v2\/types\/product"}],"wp:featuredmedia":[{"embeddable":true,"href":"https:\/\/seifen-oper.ch\/index.php?rest_route=\/wp\/v2\/media\/1671"}],"wp:attachment":[{"href":"https:\/\/seifen-oper.ch\/index.php?rest_route=%2Fwp%2Fv2%2Fmedia&parent=440"}],"wp:term":[{"taxonomy":"product_brand","embeddable":true,"href":"https:\/\/seifen-oper.ch\/index.php?rest_route=%2Fwp%2Fv2%2Fproduct_brand&post=440"},{"taxonomy":"product_cat","embeddable":true,"href":"https:\/\/seifen-oper.ch\/index.php?rest_route=%2Fwp%2Fv2%2Fproduct_cat&post=440"},{"taxonomy":"product_tag","embeddable":true,"href":"https:\/\/seifen-oper.ch\/index.php?rest_route=%2Fwp%2Fv2%2Fproduct_tag&post=440"}],"curies":[{"name":"wp","href":"https:\/\/api.w.org\/{rel}","templated":true}]}}