{"id":438,"date":"2019-06-17T11:37:18","date_gmt":"2019-06-17T11:37:18","guid":{"rendered":"https:\/\/seifen-oper.ch\/?product=bartol-hail-dir-bart"},"modified":"2021-03-22T14:41:30","modified_gmt":"2021-03-22T13:41:30","slug":"bartol-hail-dir-bart","status":"publish","type":"product","link":"https:\/\/seifen-oper.ch\/?product=bartol-hail-dir-bart","title":{"rendered":"Bart\u00f6l: &#171;Hail dir, Bart&#187;"},"content":{"rendered":"<p style=\"text-align: center;\"><span style=\"color: #888888;\">Dieses Pflege\u00f6l ist speziell f\u00fcr den delikaten Bart eines jeden Herren konzipiert. Es pflegt den Bart optimal und sorgt f\u00fcr Glanz und Geschmeidigkeit. Zudem wird nicht zugelassen, dass der HERRliche Bart austrocknet. Auch wenn Sie am Anfang des imposanten Bartes stehen und Sie die wachsenden H\u00e4rchen jucken, pflegt und beruhigt der Lavendel in diesem \u00d6l Ihr Gesicht. Es regt ausserdem das Haarwachstum an. Speziell f\u00fcr richtige M\u00e4nner. Also nichts mit rosa oder Schleifchen. Pure M\u00e4nnlichkeit in einer Flasche \ud83d\ude09 OHNE Konservierungsstoffe.<\/span><\/p>\n<p style=\"text-align: center;\"><span style=\"color: #888888;\">Anwendung: Massieren Sie das \u00d6l in den Bart und die Haut ein.<\/span><\/p>\n<p style=\"text-align: center;\"><span style=\"color: #888888;\">Inhaltsstoffe: INCI: Olea Europaea (Oliven\u00f6l),\u00a0Brassica campestris seed oil\u00a0(Raps\u00f6l)\u00a0Auszug aus:\u00a0Lavandula (Lavendel), Thymus vulgaris (Thymian),\u00a0Mentha arvensis (Gartenminze), Salviae (Salbei), Citron Limon (\u00e4th. Limonen\u00f6l), Pinienparf\u00fcm\u00f6l<\/span><\/p>\n<p style=\"text-align: center;\"><span style=\"color: #888888;\">100ml \/ Sfr. 18.-<\/span><\/p>\n","protected":false},"excerpt":{"rendered":"<p>Bart\u00f6l<\/p>\n","protected":false},"featured_media":1670,"template":"","meta":[],"product_brand":[],"product_cat":[24],"product_tag":[],"class_list":{"0":"post-438","1":"product","2":"type-product","3":"status-publish","4":"has-post-thumbnail","6":"product_cat-herren","8":"first","9":"instock","10":"shipping-taxable","11":"purchasable","12":"product-type-simple"},"yoast_head":"<!-- This site is optimized with the Yoast SEO plugin v25.6 - https:\/\/yoast.com\/wordpress\/plugins\/seo\/ -->\n<title>Bart\u00f6l: &quot;Hail dir, Bart&quot; - Seifen Oper GmbH<\/title>\n<meta name=\"robots\" content=\"index, follow, max-snippet:-1, max-image-preview:large, max-video-preview:-1\" \/>\n<link rel=\"canonical\" href=\"https:\/\/seifen-oper.ch\/?product=bartol-hail-dir-bart\" \/>\n<meta property=\"og:locale\" content=\"de_DE\" \/>\n<meta property=\"og:type\" content=\"article\" \/>\n<meta property=\"og:title\" content=\"Bart\u00f6l: &quot;Hail dir, Bart&quot; - Seifen Oper GmbH\" \/>\n<meta property=\"og:description\" content=\"Bart\u00f6l\" \/>\n<meta property=\"og:url\" content=\"https:\/\/seifen-oper.ch\/?product=bartol-hail-dir-bart\" \/>\n<meta property=\"og:site_name\" content=\"Seifen Oper GmbH\" \/>\n<meta property=\"article:publisher\" content=\"https:\/\/www.facebook.com\/SeifenOperGmbH\" \/>\n<meta property=\"article:modified_time\" content=\"2021-03-22T13:41:30+00:00\" \/>\n<meta property=\"og:image\" content=\"https:\/\/seifen-oper.ch\/wp-content\/uploads\/2019\/06\/bartoel.jpg\" \/>\n\t<meta property=\"og:image:width\" content=\"1935\" \/>\n\t<meta property=\"og:image:height\" content=\"2592\" \/>\n\t<meta property=\"og:image:type\" content=\"image\/jpeg\" \/>\n<meta name=\"twitter:card\" content=\"summary_large_image\" \/>\n<meta name=\"twitter:label1\" content=\"Gesch\u00e4tzte Lesezeit\" \/>\n\t<meta name=\"twitter:data1\" content=\"1 Minute\" \/>\n<script type=\"application\/ld+json\" class=\"yoast-schema-graph\">{\"@context\":\"https:\/\/schema.org\",\"@graph\":[{\"@type\":\"WebPage\",\"@id\":\"https:\/\/seifen-oper.ch\/?product=bartol-hail-dir-bart\",\"url\":\"https:\/\/seifen-oper.ch\/?product=bartol-hail-dir-bart\",\"name\":\"Bart\u00f6l: \\\"Hail dir, Bart\\\" - Seifen Oper GmbH\",\"isPartOf\":{\"@id\":\"https:\/\/seifen-oper.ch\/#website\"},\"primaryImageOfPage\":{\"@id\":\"https:\/\/seifen-oper.ch\/?product=bartol-hail-dir-bart#primaryimage\"},\"image\":{\"@id\":\"https:\/\/seifen-oper.ch\/?product=bartol-hail-dir-bart#primaryimage\"},\"thumbnailUrl\":\"https:\/\/seifen-oper.ch\/wp-content\/uploads\/2019\/06\/bartoel.jpg\",\"datePublished\":\"2019-06-17T11:37:18+00:00\",\"dateModified\":\"2021-03-22T13:41:30+00:00\",\"breadcrumb\":{\"@id\":\"https:\/\/seifen-oper.ch\/?product=bartol-hail-dir-bart#breadcrumb\"},\"inLanguage\":\"de-CH\",\"potentialAction\":[{\"@type\":\"ReadAction\",\"target\":[\"https:\/\/seifen-oper.ch\/?product=bartol-hail-dir-bart\"]}]},{\"@type\":\"ImageObject\",\"inLanguage\":\"de-CH\",\"@id\":\"https:\/\/seifen-oper.ch\/?product=bartol-hail-dir-bart#primaryimage\",\"url\":\"https:\/\/seifen-oper.ch\/wp-content\/uploads\/2019\/06\/bartoel.jpg\",\"contentUrl\":\"https:\/\/seifen-oper.ch\/wp-content\/uploads\/2019\/06\/bartoel.jpg\",\"width\":1935,\"height\":2592},{\"@type\":\"BreadcrumbList\",\"@id\":\"https:\/\/seifen-oper.ch\/?product=bartol-hail-dir-bart#breadcrumb\",\"itemListElement\":[{\"@type\":\"ListItem\",\"position\":1,\"name\":\"Home\",\"item\":\"https:\/\/seifen-oper.ch\/\"},{\"@type\":\"ListItem\",\"position\":2,\"name\":\"Shop\",\"item\":\"https:\/\/seifen-oper.ch\/?page_id=12\"},{\"@type\":\"ListItem\",\"position\":3,\"name\":\"Bart\u00f6l: &#171;Hail dir, Bart&#187;\"}]},{\"@type\":\"WebSite\",\"@id\":\"https:\/\/seifen-oper.ch\/#website\",\"url\":\"https:\/\/seifen-oper.ch\/\",\"name\":\"Seifen Oper GmbH\",\"description\":\"Kosmetik bester Qualit\u00e4t. Handgefertigt.\",\"publisher\":{\"@id\":\"https:\/\/seifen-oper.ch\/#organization\"},\"potentialAction\":[{\"@type\":\"SearchAction\",\"target\":{\"@type\":\"EntryPoint\",\"urlTemplate\":\"https:\/\/seifen-oper.ch\/?s={search_term_string}\"},\"query-input\":{\"@type\":\"PropertyValueSpecification\",\"valueRequired\":true,\"valueName\":\"search_term_string\"}}],\"inLanguage\":\"de-CH\"},{\"@type\":\"Organization\",\"@id\":\"https:\/\/seifen-oper.ch\/#organization\",\"name\":\"Seifen Oper GmbH\",\"url\":\"https:\/\/seifen-oper.ch\/\",\"logo\":{\"@type\":\"ImageObject\",\"inLanguage\":\"de-CH\",\"@id\":\"https:\/\/seifen-oper.ch\/#\/schema\/logo\/image\/\",\"url\":\"https:\/\/seifen-oper.ch\/wp-content\/uploads\/2019\/06\/logo.seifen-oper450.txt.1.png\",\"contentUrl\":\"https:\/\/seifen-oper.ch\/wp-content\/uploads\/2019\/06\/logo.seifen-oper450.txt.1.png\",\"width\":1835,\"height\":1635,\"caption\":\"Seifen Oper GmbH\"},\"image\":{\"@id\":\"https:\/\/seifen-oper.ch\/#\/schema\/logo\/image\/\"},\"sameAs\":[\"https:\/\/www.facebook.com\/SeifenOperGmbH\",\"https:\/\/www.instagram.com\/explore\/locations\/1028758197\/seifen-oper\/\"]}]}<\/script>\n<!-- \/ Yoast SEO plugin. -->","yoast_head_json":{"title":"Bart\u00f6l: \"Hail dir, Bart\" - Seifen Oper GmbH","robots":{"index":"index","follow":"follow","max-snippet":"max-snippet:-1","max-image-preview":"max-image-preview:large","max-video-preview":"max-video-preview:-1"},"canonical":"https:\/\/seifen-oper.ch\/?product=bartol-hail-dir-bart","og_locale":"de_DE","og_type":"article","og_title":"Bart\u00f6l: \"Hail dir, Bart\" - Seifen Oper GmbH","og_description":"Bart\u00f6l","og_url":"https:\/\/seifen-oper.ch\/?product=bartol-hail-dir-bart","og_site_name":"Seifen Oper GmbH","article_publisher":"https:\/\/www.facebook.com\/SeifenOperGmbH","article_modified_time":"2021-03-22T13:41:30+00:00","og_image":[{"width":1935,"height":2592,"url":"https:\/\/seifen-oper.ch\/wp-content\/uploads\/2019\/06\/bartoel.jpg","type":"image\/jpeg"}],"twitter_card":"summary_large_image","twitter_misc":{"Gesch\u00e4tzte Lesezeit":"1 Minute"},"schema":{"@context":"https:\/\/schema.org","@graph":[{"@type":"WebPage","@id":"https:\/\/seifen-oper.ch\/?product=bartol-hail-dir-bart","url":"https:\/\/seifen-oper.ch\/?product=bartol-hail-dir-bart","name":"Bart\u00f6l: \"Hail dir, Bart\" - Seifen Oper GmbH","isPartOf":{"@id":"https:\/\/seifen-oper.ch\/#website"},"primaryImageOfPage":{"@id":"https:\/\/seifen-oper.ch\/?product=bartol-hail-dir-bart#primaryimage"},"image":{"@id":"https:\/\/seifen-oper.ch\/?product=bartol-hail-dir-bart#primaryimage"},"thumbnailUrl":"https:\/\/seifen-oper.ch\/wp-content\/uploads\/2019\/06\/bartoel.jpg","datePublished":"2019-06-17T11:37:18+00:00","dateModified":"2021-03-22T13:41:30+00:00","breadcrumb":{"@id":"https:\/\/seifen-oper.ch\/?product=bartol-hail-dir-bart#breadcrumb"},"inLanguage":"de-CH","potentialAction":[{"@type":"ReadAction","target":["https:\/\/seifen-oper.ch\/?product=bartol-hail-dir-bart"]}]},{"@type":"ImageObject","inLanguage":"de-CH","@id":"https:\/\/seifen-oper.ch\/?product=bartol-hail-dir-bart#primaryimage","url":"https:\/\/seifen-oper.ch\/wp-content\/uploads\/2019\/06\/bartoel.jpg","contentUrl":"https:\/\/seifen-oper.ch\/wp-content\/uploads\/2019\/06\/bartoel.jpg","width":1935,"height":2592},{"@type":"BreadcrumbList","@id":"https:\/\/seifen-oper.ch\/?product=bartol-hail-dir-bart#breadcrumb","itemListElement":[{"@type":"ListItem","position":1,"name":"Home","item":"https:\/\/seifen-oper.ch\/"},{"@type":"ListItem","position":2,"name":"Shop","item":"https:\/\/seifen-oper.ch\/?page_id=12"},{"@type":"ListItem","position":3,"name":"Bart\u00f6l: &#171;Hail dir, Bart&#187;"}]},{"@type":"WebSite","@id":"https:\/\/seifen-oper.ch\/#website","url":"https:\/\/seifen-oper.ch\/","name":"Seifen Oper GmbH","description":"Kosmetik bester Qualit\u00e4t. Handgefertigt.","publisher":{"@id":"https:\/\/seifen-oper.ch\/#organization"},"potentialAction":[{"@type":"SearchAction","target":{"@type":"EntryPoint","urlTemplate":"https:\/\/seifen-oper.ch\/?s={search_term_string}"},"query-input":{"@type":"PropertyValueSpecification","valueRequired":true,"valueName":"search_term_string"}}],"inLanguage":"de-CH"},{"@type":"Organization","@id":"https:\/\/seifen-oper.ch\/#organization","name":"Seifen Oper GmbH","url":"https:\/\/seifen-oper.ch\/","logo":{"@type":"ImageObject","inLanguage":"de-CH","@id":"https:\/\/seifen-oper.ch\/#\/schema\/logo\/image\/","url":"https:\/\/seifen-oper.ch\/wp-content\/uploads\/2019\/06\/logo.seifen-oper450.txt.1.png","contentUrl":"https:\/\/seifen-oper.ch\/wp-content\/uploads\/2019\/06\/logo.seifen-oper450.txt.1.png","width":1835,"height":1635,"caption":"Seifen Oper GmbH"},"image":{"@id":"https:\/\/seifen-oper.ch\/#\/schema\/logo\/image\/"},"sameAs":["https:\/\/www.facebook.com\/SeifenOperGmbH","https:\/\/www.instagram.com\/explore\/locations\/1028758197\/seifen-oper\/"]}]}},"_links":{"self":[{"href":"https:\/\/seifen-oper.ch\/index.php?rest_route=\/wp\/v2\/product\/438"}],"collection":[{"href":"https:\/\/seifen-oper.ch\/index.php?rest_route=\/wp\/v2\/product"}],"about":[{"href":"https:\/\/seifen-oper.ch\/index.php?rest_route=\/wp\/v2\/types\/product"}],"wp:featuredmedia":[{"embeddable":true,"href":"https:\/\/seifen-oper.ch\/index.php?rest_route=\/wp\/v2\/media\/1670"}],"wp:attachment":[{"href":"https:\/\/seifen-oper.ch\/index.php?rest_route=%2Fwp%2Fv2%2Fmedia&parent=438"}],"wp:term":[{"taxonomy":"product_brand","embeddable":true,"href":"https:\/\/seifen-oper.ch\/index.php?rest_route=%2Fwp%2Fv2%2Fproduct_brand&post=438"},{"taxonomy":"product_cat","embeddable":true,"href":"https:\/\/seifen-oper.ch\/index.php?rest_route=%2Fwp%2Fv2%2Fproduct_cat&post=438"},{"taxonomy":"product_tag","embeddable":true,"href":"https:\/\/seifen-oper.ch\/index.php?rest_route=%2Fwp%2Fv2%2Fproduct_tag&post=438"}],"curies":[{"name":"wp","href":"https:\/\/api.w.org\/{rel}","templated":true}]}}