{"id":434,"date":"2019-06-17T11:37:17","date_gmt":"2019-06-17T11:37:17","guid":{"rendered":"https:\/\/seifen-oper.ch\/?product=monchsrausch-bartseife"},"modified":"2019-10-03T16:10:15","modified_gmt":"2019-10-03T16:10:15","slug":"monchsrausch-bartseife","status":"publish","type":"product","link":"https:\/\/seifen-oper.ch\/?product=monchsrausch-bartseife","title":{"rendered":"&#171;M\u00f6nchsrausch&#187;-Bartseife"},"content":{"rendered":"<p style=\"text-align: center;\"><span style=\"color: #888888;\">Dass Bier gut f\u00fcr Haut und Haar ist, wussten schon die M\u00f6nche, die seit dem Mittelalter Bier brauen. Im Kloster hatte Bier, neben seiner Funktion als Nahrungsersatz in der Fastenzeit, als Heilmittel schon immer eine gro\u00dfe Bedeutung. Die Basis dieser Seife besteht aus Bier, Salbei- und Rosmarintee. Rosmarin wirkt sich durchblutungsf\u00f6rdernd und belebend auf die Haut aus, was den Bartwuchs f\u00f6rdet. Salbei ist kl\u00e4rend und wirkt fettender Haut und Haar entgegen. Das ist optimal um den Bart gut zu reinigen und\u00a0ungebetene G\u00e4ste, wie Essensreste, Bakterien, Staub und Schmutz zu entfernen.\u00a0Oliven- und Kokos\u00f6l pflegen die Haare und sch\u00fctzen sie gegen sch\u00e4dliche Umwelteinfl\u00fcsse. Der frisch gepresse Zitronensaft hat eine reinigende und erfrischende Wirkung und verleiht dem Haar einen tollen Glanz. Diese Seife kann sehr gut auch als K\u00f6rperseife verwendet werden. Wenn man(n) gerne nur eine Seife f\u00fcr alles benutzt. Unser &#171;M\u00f6nchsrausch&#187; enth\u00e4lt KEINE Konservierungsstoffe.<\/span><\/p>\n<p style=\"text-align: center;\"><span style=\"color: #888888;\">Und noch etwas: Nein, diese Seife duftet nicht nach Bier. Sie duftet nach Zitrone \ud83d\ude09<\/span><\/p>\n<p style=\"text-align: center;\"><span style=\"color: #888888;\">Inhaltsstoffe:\u00a0INCI:\u00a0Cocos nucifera (kokos\u00f6l),\u00a0Glycine soja\u00a0(Soja\u00f6l),\u00a0Brassica campestris seed oil\u00a0(Raps\u00f6l), Aqua (Salbei-Rosmarintee), Bier, Olea Europaea (Oliven\u00f6l),\u00a0Ricinus Communis Seed Oil (Rhizinus\u00f6l),\u00a0Helianthus Annuus Seed Oil (Sonnenblumen\u00f6l), Sodium Hydroxide (NaOH),<\/span><span style=\"color: #888888;\">\u00a0citrus medica limonum juice (<\/span><span style=\"color: #888888;\">frischer Zitronensaft),\u00a0<\/span><span style=\"color: #888888;\">Melaleucae aetheroleum<\/span>\u00a0<span style=\"color: #888888;\">(\u00e4th. Teebaum\u00f6l), Citrus Limon (\u00e4th. Limonen\u00f6l)<\/span><\/p>\n<p style=\"text-align: center;\"><span style=\"color: #888888;\">100g \/ Sfr. 13.-<\/span><\/p>\n","protected":false},"excerpt":{"rendered":"<p>Pflegende Bierseife, die nach frischen Zitronen duftet und Ihren Bart optimal reinigt.<\/p>\n","protected":false},"featured_media":1673,"template":"","meta":[],"product_brand":[],"product_cat":[24],"product_tag":[],"class_list":{"0":"post-434","1":"product","2":"type-product","3":"status-publish","4":"has-post-thumbnail","6":"product_cat-herren","8":"first","9":"instock","10":"shipping-taxable","11":"purchasable","12":"product-type-simple"},"yoast_head":"<!-- This site is optimized with the Yoast SEO plugin v25.6 - https:\/\/yoast.com\/wordpress\/plugins\/seo\/ -->\n<title>&quot;M\u00f6nchsrausch&quot;-Bartseife - Seifen Oper GmbH<\/title>\n<meta name=\"robots\" content=\"index, follow, max-snippet:-1, max-image-preview:large, max-video-preview:-1\" \/>\n<link rel=\"canonical\" href=\"https:\/\/seifen-oper.ch\/?product=monchsrausch-bartseife\" \/>\n<meta property=\"og:locale\" content=\"de_DE\" \/>\n<meta property=\"og:type\" content=\"article\" \/>\n<meta property=\"og:title\" content=\"&quot;M\u00f6nchsrausch&quot;-Bartseife - Seifen Oper GmbH\" \/>\n<meta property=\"og:description\" content=\"Pflegende Bierseife, die nach frischen Zitronen duftet und Ihren Bart optimal reinigt.\" \/>\n<meta property=\"og:url\" content=\"https:\/\/seifen-oper.ch\/?product=monchsrausch-bartseife\" \/>\n<meta property=\"og:site_name\" content=\"Seifen Oper GmbH\" \/>\n<meta property=\"article:publisher\" content=\"https:\/\/www.facebook.com\/SeifenOperGmbH\" \/>\n<meta property=\"article:modified_time\" content=\"2019-10-03T16:10:15+00:00\" \/>\n<meta property=\"og:image\" content=\"https:\/\/seifen-oper.ch\/wp-content\/uploads\/2019\/06\/m_nchsrausch.jpg\" \/>\n\t<meta property=\"og:image:width\" content=\"500\" \/>\n\t<meta property=\"og:image:height\" content=\"500\" \/>\n\t<meta property=\"og:image:type\" content=\"image\/jpeg\" \/>\n<meta name=\"twitter:card\" content=\"summary_large_image\" \/>\n<meta name=\"twitter:label1\" content=\"Gesch\u00e4tzte Lesezeit\" \/>\n\t<meta name=\"twitter:data1\" content=\"1 Minute\" \/>\n<script type=\"application\/ld+json\" class=\"yoast-schema-graph\">{\"@context\":\"https:\/\/schema.org\",\"@graph\":[{\"@type\":\"WebPage\",\"@id\":\"https:\/\/seifen-oper.ch\/?product=monchsrausch-bartseife\",\"url\":\"https:\/\/seifen-oper.ch\/?product=monchsrausch-bartseife\",\"name\":\"\\\"M\u00f6nchsrausch\\\"-Bartseife - Seifen Oper GmbH\",\"isPartOf\":{\"@id\":\"https:\/\/seifen-oper.ch\/#website\"},\"primaryImageOfPage\":{\"@id\":\"https:\/\/seifen-oper.ch\/?product=monchsrausch-bartseife#primaryimage\"},\"image\":{\"@id\":\"https:\/\/seifen-oper.ch\/?product=monchsrausch-bartseife#primaryimage\"},\"thumbnailUrl\":\"https:\/\/seifen-oper.ch\/wp-content\/uploads\/2019\/06\/m_nchsrausch.jpg\",\"datePublished\":\"2019-06-17T11:37:17+00:00\",\"dateModified\":\"2019-10-03T16:10:15+00:00\",\"breadcrumb\":{\"@id\":\"https:\/\/seifen-oper.ch\/?product=monchsrausch-bartseife#breadcrumb\"},\"inLanguage\":\"de-CH\",\"potentialAction\":[{\"@type\":\"ReadAction\",\"target\":[\"https:\/\/seifen-oper.ch\/?product=monchsrausch-bartseife\"]}]},{\"@type\":\"ImageObject\",\"inLanguage\":\"de-CH\",\"@id\":\"https:\/\/seifen-oper.ch\/?product=monchsrausch-bartseife#primaryimage\",\"url\":\"https:\/\/seifen-oper.ch\/wp-content\/uploads\/2019\/06\/m_nchsrausch.jpg\",\"contentUrl\":\"https:\/\/seifen-oper.ch\/wp-content\/uploads\/2019\/06\/m_nchsrausch.jpg\",\"width\":500,\"height\":500},{\"@type\":\"BreadcrumbList\",\"@id\":\"https:\/\/seifen-oper.ch\/?product=monchsrausch-bartseife#breadcrumb\",\"itemListElement\":[{\"@type\":\"ListItem\",\"position\":1,\"name\":\"Home\",\"item\":\"https:\/\/seifen-oper.ch\/\"},{\"@type\":\"ListItem\",\"position\":2,\"name\":\"Shop\",\"item\":\"https:\/\/seifen-oper.ch\/?page_id=12\"},{\"@type\":\"ListItem\",\"position\":3,\"name\":\"&#171;M\u00f6nchsrausch&#187;-Bartseife\"}]},{\"@type\":\"WebSite\",\"@id\":\"https:\/\/seifen-oper.ch\/#website\",\"url\":\"https:\/\/seifen-oper.ch\/\",\"name\":\"Seifen Oper GmbH\",\"description\":\"Kosmetik bester Qualit\u00e4t. Handgefertigt.\",\"publisher\":{\"@id\":\"https:\/\/seifen-oper.ch\/#organization\"},\"potentialAction\":[{\"@type\":\"SearchAction\",\"target\":{\"@type\":\"EntryPoint\",\"urlTemplate\":\"https:\/\/seifen-oper.ch\/?s={search_term_string}\"},\"query-input\":{\"@type\":\"PropertyValueSpecification\",\"valueRequired\":true,\"valueName\":\"search_term_string\"}}],\"inLanguage\":\"de-CH\"},{\"@type\":\"Organization\",\"@id\":\"https:\/\/seifen-oper.ch\/#organization\",\"name\":\"Seifen Oper GmbH\",\"url\":\"https:\/\/seifen-oper.ch\/\",\"logo\":{\"@type\":\"ImageObject\",\"inLanguage\":\"de-CH\",\"@id\":\"https:\/\/seifen-oper.ch\/#\/schema\/logo\/image\/\",\"url\":\"https:\/\/seifen-oper.ch\/wp-content\/uploads\/2019\/06\/logo.seifen-oper450.txt.1.png\",\"contentUrl\":\"https:\/\/seifen-oper.ch\/wp-content\/uploads\/2019\/06\/logo.seifen-oper450.txt.1.png\",\"width\":1835,\"height\":1635,\"caption\":\"Seifen Oper GmbH\"},\"image\":{\"@id\":\"https:\/\/seifen-oper.ch\/#\/schema\/logo\/image\/\"},\"sameAs\":[\"https:\/\/www.facebook.com\/SeifenOperGmbH\",\"https:\/\/www.instagram.com\/explore\/locations\/1028758197\/seifen-oper\/\"]}]}<\/script>\n<!-- \/ Yoast SEO plugin. -->","yoast_head_json":{"title":"\"M\u00f6nchsrausch\"-Bartseife - Seifen Oper GmbH","robots":{"index":"index","follow":"follow","max-snippet":"max-snippet:-1","max-image-preview":"max-image-preview:large","max-video-preview":"max-video-preview:-1"},"canonical":"https:\/\/seifen-oper.ch\/?product=monchsrausch-bartseife","og_locale":"de_DE","og_type":"article","og_title":"\"M\u00f6nchsrausch\"-Bartseife - Seifen Oper GmbH","og_description":"Pflegende Bierseife, die nach frischen Zitronen duftet und Ihren Bart optimal reinigt.","og_url":"https:\/\/seifen-oper.ch\/?product=monchsrausch-bartseife","og_site_name":"Seifen Oper GmbH","article_publisher":"https:\/\/www.facebook.com\/SeifenOperGmbH","article_modified_time":"2019-10-03T16:10:15+00:00","og_image":[{"width":500,"height":500,"url":"https:\/\/seifen-oper.ch\/wp-content\/uploads\/2019\/06\/m_nchsrausch.jpg","type":"image\/jpeg"}],"twitter_card":"summary_large_image","twitter_misc":{"Gesch\u00e4tzte Lesezeit":"1 Minute"},"schema":{"@context":"https:\/\/schema.org","@graph":[{"@type":"WebPage","@id":"https:\/\/seifen-oper.ch\/?product=monchsrausch-bartseife","url":"https:\/\/seifen-oper.ch\/?product=monchsrausch-bartseife","name":"\"M\u00f6nchsrausch\"-Bartseife - Seifen Oper GmbH","isPartOf":{"@id":"https:\/\/seifen-oper.ch\/#website"},"primaryImageOfPage":{"@id":"https:\/\/seifen-oper.ch\/?product=monchsrausch-bartseife#primaryimage"},"image":{"@id":"https:\/\/seifen-oper.ch\/?product=monchsrausch-bartseife#primaryimage"},"thumbnailUrl":"https:\/\/seifen-oper.ch\/wp-content\/uploads\/2019\/06\/m_nchsrausch.jpg","datePublished":"2019-06-17T11:37:17+00:00","dateModified":"2019-10-03T16:10:15+00:00","breadcrumb":{"@id":"https:\/\/seifen-oper.ch\/?product=monchsrausch-bartseife#breadcrumb"},"inLanguage":"de-CH","potentialAction":[{"@type":"ReadAction","target":["https:\/\/seifen-oper.ch\/?product=monchsrausch-bartseife"]}]},{"@type":"ImageObject","inLanguage":"de-CH","@id":"https:\/\/seifen-oper.ch\/?product=monchsrausch-bartseife#primaryimage","url":"https:\/\/seifen-oper.ch\/wp-content\/uploads\/2019\/06\/m_nchsrausch.jpg","contentUrl":"https:\/\/seifen-oper.ch\/wp-content\/uploads\/2019\/06\/m_nchsrausch.jpg","width":500,"height":500},{"@type":"BreadcrumbList","@id":"https:\/\/seifen-oper.ch\/?product=monchsrausch-bartseife#breadcrumb","itemListElement":[{"@type":"ListItem","position":1,"name":"Home","item":"https:\/\/seifen-oper.ch\/"},{"@type":"ListItem","position":2,"name":"Shop","item":"https:\/\/seifen-oper.ch\/?page_id=12"},{"@type":"ListItem","position":3,"name":"&#171;M\u00f6nchsrausch&#187;-Bartseife"}]},{"@type":"WebSite","@id":"https:\/\/seifen-oper.ch\/#website","url":"https:\/\/seifen-oper.ch\/","name":"Seifen Oper GmbH","description":"Kosmetik bester Qualit\u00e4t. Handgefertigt.","publisher":{"@id":"https:\/\/seifen-oper.ch\/#organization"},"potentialAction":[{"@type":"SearchAction","target":{"@type":"EntryPoint","urlTemplate":"https:\/\/seifen-oper.ch\/?s={search_term_string}"},"query-input":{"@type":"PropertyValueSpecification","valueRequired":true,"valueName":"search_term_string"}}],"inLanguage":"de-CH"},{"@type":"Organization","@id":"https:\/\/seifen-oper.ch\/#organization","name":"Seifen Oper GmbH","url":"https:\/\/seifen-oper.ch\/","logo":{"@type":"ImageObject","inLanguage":"de-CH","@id":"https:\/\/seifen-oper.ch\/#\/schema\/logo\/image\/","url":"https:\/\/seifen-oper.ch\/wp-content\/uploads\/2019\/06\/logo.seifen-oper450.txt.1.png","contentUrl":"https:\/\/seifen-oper.ch\/wp-content\/uploads\/2019\/06\/logo.seifen-oper450.txt.1.png","width":1835,"height":1635,"caption":"Seifen Oper GmbH"},"image":{"@id":"https:\/\/seifen-oper.ch\/#\/schema\/logo\/image\/"},"sameAs":["https:\/\/www.facebook.com\/SeifenOperGmbH","https:\/\/www.instagram.com\/explore\/locations\/1028758197\/seifen-oper\/"]}]}},"_links":{"self":[{"href":"https:\/\/seifen-oper.ch\/index.php?rest_route=\/wp\/v2\/product\/434"}],"collection":[{"href":"https:\/\/seifen-oper.ch\/index.php?rest_route=\/wp\/v2\/product"}],"about":[{"href":"https:\/\/seifen-oper.ch\/index.php?rest_route=\/wp\/v2\/types\/product"}],"wp:featuredmedia":[{"embeddable":true,"href":"https:\/\/seifen-oper.ch\/index.php?rest_route=\/wp\/v2\/media\/1673"}],"wp:attachment":[{"href":"https:\/\/seifen-oper.ch\/index.php?rest_route=%2Fwp%2Fv2%2Fmedia&parent=434"}],"wp:term":[{"taxonomy":"product_brand","embeddable":true,"href":"https:\/\/seifen-oper.ch\/index.php?rest_route=%2Fwp%2Fv2%2Fproduct_brand&post=434"},{"taxonomy":"product_cat","embeddable":true,"href":"https:\/\/seifen-oper.ch\/index.php?rest_route=%2Fwp%2Fv2%2Fproduct_cat&post=434"},{"taxonomy":"product_tag","embeddable":true,"href":"https:\/\/seifen-oper.ch\/index.php?rest_route=%2Fwp%2Fv2%2Fproduct_tag&post=434"}],"curies":[{"name":"wp","href":"https:\/\/api.w.org\/{rel}","templated":true}]}}