{"id":4305,"date":"2025-07-06T18:59:14","date_gmt":"2025-07-06T16:59:14","guid":{"rendered":"https:\/\/seifen-oper.ch\/?post_type=product&#038;p=4305"},"modified":"2025-09-15T18:56:06","modified_gmt":"2025-09-15T16:56:06","slug":"pinselseife","status":"publish","type":"product","link":"https:\/\/seifen-oper.ch\/?product=pinselseife","title":{"rendered":"&#171;Pinselseife&#187;"},"content":{"rendered":"<p style=\"text-align: center;\">Die <strong>Seifen Oper Pinselseife <\/strong>ist eine echt traditionell handwerklich hergestellte Seife mit exzellenter Reinigungswirkung die sich sehr gut aus sp\u00fclen l\u00e4sst. Sie eignet sich perfekt, um alle Cremeschminken und Foundations m\u00fchelos aus Pinseln, Make-up Schw\u00e4mmchen und Puderquasten zu entfernen. Diese bleiben dabei, dank den pflegenden \u00d6len, lange flexibel und weich, zudem wird die Geschmeidigkeit und Lebensdauer erhalten. Extrakte aus der Aloe Vera Pflanze sorgen f\u00fcr eine nat\u00fcrliche Minimierung der Keimbelastung und garantieren optimale Hygiene. Mit einem erfrischend, dezenten Duft. In der praktischen Aludose, passt sie in jeden Make-up Koffer. Vegan und tierversuchsfrei. Ohne Konservierungsstoffe.<\/p>\n<p style=\"text-align: center;\">\u201ePers\u00f6nliche Anmerkung: durch meine Arbeit als Maskenbildnerin, habe ich in meinem Leben hunderte von Schw\u00e4mmchen und Pinsel ausgewaschen. Eine speziell daf\u00fcr konzipierte Seife ist dabei enorm wichtig und hilfreich. Sie spart Zeit, indem sie effizient reinigt<span class=\"Apple-converted-space\">\u00a0 <\/span>und sich gut aussp\u00fclen l\u00e4sst. Und sie spart Geld &amp; Nerven, weil sie die Lebensdauer meiner \u201eWerkzeuge\u201c<span class=\"Apple-converted-space\">\u00a0 <\/span>verl\u00e4ngert. Eine Seife die jede\/r Make-up Artist\/in \/ Maskenbildner\/in dabei haben sollte. Herzlichst Claudia&#187;<\/p>\n<p style=\"text-align: center;\">Anwendung: Das Pinselhaar (den Kosmetikschwamm \/ die Puderquaste) mit Wasser befeuchten. Mit dem Pinsel \u00fcber die Seife streichen, bis diese anf\u00e4ngt zu sch\u00e4umen. Wenn Sie den Schaum mit den Fingern ins Pinselhaar einmassieren, erhalten Sie ein noch besseres Reinigungsergebnis. Danach die Seife gr\u00fcndlich<span class=\"Apple-converted-space\">\u00a0 <\/span>lauwarmem Wasser auswaschen. Den Pinselkopf mit einem Kosmetiktuch vorsichtig abtupfen, aussch\u00fctteln und wieder in seine urspr\u00fcngliche Form bringen. Den gereinigten Kosmetikpinsel, das Schw\u00e4mmchen, die Quaste auf ein Handtuch legen und bei Zimmertemperatur trocknen lassen.<span class=\"Apple-converted-space\">\u00a0<\/span><\/p>\n<p style=\"text-align: center;\">Die Seife bitte nach jedem Einsatz trocknen lassen, bevor die Dose wieder verschlossen wird.<span class=\"Apple-converted-space\">\u00a0<\/span><\/p>\n<p style=\"text-align: center;\">CHF 25.-\/ ca. 60g<\/p>\n<p style=\"text-align: center;\">Inhaltsstoffe: INCI:\u00a0Cocos nucifera (Kokos\u00f6l), Aqua,\u00a0Glycine soja\u00a0(Soja\u00f6l),\u00a0Brassica campestris seed oil\u00a0(Raps\u00f6l),\u00a0Olea Europaea (Oliven\u00f6l),\u00a0Sodium Hydroxide\u00a0(NaOH),\u00a0Parfum<\/p>\n<p><img loading=\"lazy\" decoding=\"async\" class=\"alignnone size-full wp-image-4307 aligncenter\" src=\"https:\/\/seifen-oper.ch\/wp-content\/uploads\/2025\/07\/pinselseife-front.png\" alt=\"\" width=\"677\" height=\"636\" srcset=\"https:\/\/seifen-oper.ch\/wp-content\/uploads\/2025\/07\/pinselseife-front.png 677w, https:\/\/seifen-oper.ch\/wp-content\/uploads\/2025\/07\/pinselseife-front-300x282.png 300w, https:\/\/seifen-oper.ch\/wp-content\/uploads\/2025\/07\/pinselseife-front-416x391.png 416w, https:\/\/seifen-oper.ch\/wp-content\/uploads\/2025\/07\/pinselseife-front-64x60.png 64w, https:\/\/seifen-oper.ch\/wp-content\/uploads\/2025\/07\/pinselseife-front-96x90.png 96w\" sizes=\"(max-width: 677px) 100vw, 677px\" \/><\/p>\n","protected":false},"excerpt":{"rendered":"<p>Spezielle Seife zur Reinigung und Pflege von Kosmetikpinsel, Schw\u00e4mmchen und Puderquasten. Sie entfernt Farbreste und andere R\u00fcckst\u00e4nde gr\u00fcndlich und l\u00e4sst sich gut aussp\u00fclen. Angenehm duftend, pH-neutral. In praktischer Aludose.<\/p>\n","protected":false},"featured_media":4306,"template":"","meta":[],"product_brand":[],"product_cat":[44],"product_tag":[578,577,179,569,574,570,571,572,249,212,579,575,568,567,576,550,573,61],"class_list":{"0":"post-4305","1":"product","2":"type-product","3":"status-publish","4":"has-post-thumbnail","6":"product_cat-winter","7":"product_tag-aloevera","8":"product_tag-aludose","9":"product_tag-handgemacht","10":"product_tag-makeupartist","11":"product_tag-makeupschwaemmchen","12":"product_tag-makupartistin","13":"product_tag-maskenbildner","14":"product_tag-maskenbildnerin","15":"product_tag-ohne-konervierungsstoffe","16":"product_tag-ohne-plastik","17":"product_tag-ohne-silikon","18":"product_tag-pinsel","19":"product_tag-pinselreiniger","20":"product_tag-pinselseife","21":"product_tag-puderquaste","22":"product_tag-tierversuchsfrei","23":"product_tag-traditionell","24":"product_tag-vegan","26":"first","27":"instock","28":"shipping-taxable","29":"purchasable","30":"product-type-simple"},"yoast_head":"<!-- This site is optimized with the Yoast SEO plugin v25.6 - https:\/\/yoast.com\/wordpress\/plugins\/seo\/ -->\n<title>&quot;Pinselseife&quot; - Seifen Oper GmbH<\/title>\n<meta name=\"robots\" content=\"index, follow, max-snippet:-1, max-image-preview:large, max-video-preview:-1\" \/>\n<link rel=\"canonical\" href=\"https:\/\/seifen-oper.ch\/?product=pinselseife\" \/>\n<meta property=\"og:locale\" content=\"de_DE\" \/>\n<meta property=\"og:type\" content=\"article\" \/>\n<meta property=\"og:title\" content=\"&quot;Pinselseife&quot; - Seifen Oper GmbH\" \/>\n<meta property=\"og:description\" content=\"Spezielle Seife zur Reinigung und Pflege von Kosmetikpinsel, Schw\u00e4mmchen und Puderquasten. Sie entfernt Farbreste und andere R\u00fcckst\u00e4nde gr\u00fcndlich und l\u00e4sst sich gut aussp\u00fclen. Angenehm duftend, pH-neutral. In praktischer Aludose.\" \/>\n<meta property=\"og:url\" content=\"https:\/\/seifen-oper.ch\/?product=pinselseife\" \/>\n<meta property=\"og:site_name\" content=\"Seifen Oper GmbH\" \/>\n<meta property=\"article:publisher\" content=\"https:\/\/www.facebook.com\/SeifenOperGmbH\" \/>\n<meta property=\"article:modified_time\" content=\"2025-09-15T16:56:06+00:00\" \/>\n<meta property=\"og:image\" content=\"https:\/\/seifen-oper.ch\/wp-content\/uploads\/2025\/07\/pinselseife_foto-scaled.jpg\" \/>\n\t<meta property=\"og:image:width\" content=\"2560\" \/>\n\t<meta property=\"og:image:height\" content=\"2395\" \/>\n\t<meta property=\"og:image:type\" content=\"image\/jpeg\" \/>\n<meta name=\"twitter:card\" content=\"summary_large_image\" \/>\n<meta name=\"twitter:label1\" content=\"Gesch\u00e4tzte Lesezeit\" \/>\n\t<meta name=\"twitter:data1\" content=\"2 Minuten\" \/>\n<script type=\"application\/ld+json\" class=\"yoast-schema-graph\">{\"@context\":\"https:\/\/schema.org\",\"@graph\":[{\"@type\":\"WebPage\",\"@id\":\"https:\/\/seifen-oper.ch\/?product=pinselseife\",\"url\":\"https:\/\/seifen-oper.ch\/?product=pinselseife\",\"name\":\"\\\"Pinselseife\\\" - Seifen Oper GmbH\",\"isPartOf\":{\"@id\":\"https:\/\/seifen-oper.ch\/#website\"},\"primaryImageOfPage\":{\"@id\":\"https:\/\/seifen-oper.ch\/?product=pinselseife#primaryimage\"},\"image\":{\"@id\":\"https:\/\/seifen-oper.ch\/?product=pinselseife#primaryimage\"},\"thumbnailUrl\":\"https:\/\/seifen-oper.ch\/wp-content\/uploads\/2025\/07\/pinselseife_foto-scaled.jpg\",\"datePublished\":\"2025-07-06T16:59:14+00:00\",\"dateModified\":\"2025-09-15T16:56:06+00:00\",\"breadcrumb\":{\"@id\":\"https:\/\/seifen-oper.ch\/?product=pinselseife#breadcrumb\"},\"inLanguage\":\"de-CH\",\"potentialAction\":[{\"@type\":\"ReadAction\",\"target\":[\"https:\/\/seifen-oper.ch\/?product=pinselseife\"]}]},{\"@type\":\"ImageObject\",\"inLanguage\":\"de-CH\",\"@id\":\"https:\/\/seifen-oper.ch\/?product=pinselseife#primaryimage\",\"url\":\"https:\/\/seifen-oper.ch\/wp-content\/uploads\/2025\/07\/pinselseife_foto-scaled.jpg\",\"contentUrl\":\"https:\/\/seifen-oper.ch\/wp-content\/uploads\/2025\/07\/pinselseife_foto-scaled.jpg\",\"width\":2560,\"height\":2395},{\"@type\":\"BreadcrumbList\",\"@id\":\"https:\/\/seifen-oper.ch\/?product=pinselseife#breadcrumb\",\"itemListElement\":[{\"@type\":\"ListItem\",\"position\":1,\"name\":\"Home\",\"item\":\"https:\/\/seifen-oper.ch\/\"},{\"@type\":\"ListItem\",\"position\":2,\"name\":\"Shop\",\"item\":\"https:\/\/seifen-oper.ch\/?page_id=12\"},{\"@type\":\"ListItem\",\"position\":3,\"name\":\"&#171;Pinselseife&#187;\"}]},{\"@type\":\"WebSite\",\"@id\":\"https:\/\/seifen-oper.ch\/#website\",\"url\":\"https:\/\/seifen-oper.ch\/\",\"name\":\"Seifen Oper GmbH\",\"description\":\"Kosmetik bester Qualit\u00e4t. Handgefertigt.\",\"publisher\":{\"@id\":\"https:\/\/seifen-oper.ch\/#organization\"},\"potentialAction\":[{\"@type\":\"SearchAction\",\"target\":{\"@type\":\"EntryPoint\",\"urlTemplate\":\"https:\/\/seifen-oper.ch\/?s={search_term_string}\"},\"query-input\":{\"@type\":\"PropertyValueSpecification\",\"valueRequired\":true,\"valueName\":\"search_term_string\"}}],\"inLanguage\":\"de-CH\"},{\"@type\":\"Organization\",\"@id\":\"https:\/\/seifen-oper.ch\/#organization\",\"name\":\"Seifen Oper GmbH\",\"url\":\"https:\/\/seifen-oper.ch\/\",\"logo\":{\"@type\":\"ImageObject\",\"inLanguage\":\"de-CH\",\"@id\":\"https:\/\/seifen-oper.ch\/#\/schema\/logo\/image\/\",\"url\":\"https:\/\/seifen-oper.ch\/wp-content\/uploads\/2019\/06\/logo.seifen-oper450.txt.1.png\",\"contentUrl\":\"https:\/\/seifen-oper.ch\/wp-content\/uploads\/2019\/06\/logo.seifen-oper450.txt.1.png\",\"width\":1835,\"height\":1635,\"caption\":\"Seifen Oper GmbH\"},\"image\":{\"@id\":\"https:\/\/seifen-oper.ch\/#\/schema\/logo\/image\/\"},\"sameAs\":[\"https:\/\/www.facebook.com\/SeifenOperGmbH\",\"https:\/\/www.instagram.com\/explore\/locations\/1028758197\/seifen-oper\/\"]}]}<\/script>\n<!-- \/ Yoast SEO plugin. -->","yoast_head_json":{"title":"\"Pinselseife\" - Seifen Oper GmbH","robots":{"index":"index","follow":"follow","max-snippet":"max-snippet:-1","max-image-preview":"max-image-preview:large","max-video-preview":"max-video-preview:-1"},"canonical":"https:\/\/seifen-oper.ch\/?product=pinselseife","og_locale":"de_DE","og_type":"article","og_title":"\"Pinselseife\" - Seifen Oper GmbH","og_description":"Spezielle Seife zur Reinigung und Pflege von Kosmetikpinsel, Schw\u00e4mmchen und Puderquasten. Sie entfernt Farbreste und andere R\u00fcckst\u00e4nde gr\u00fcndlich und l\u00e4sst sich gut aussp\u00fclen. Angenehm duftend, pH-neutral. In praktischer Aludose.","og_url":"https:\/\/seifen-oper.ch\/?product=pinselseife","og_site_name":"Seifen Oper GmbH","article_publisher":"https:\/\/www.facebook.com\/SeifenOperGmbH","article_modified_time":"2025-09-15T16:56:06+00:00","og_image":[{"width":2560,"height":2395,"url":"https:\/\/seifen-oper.ch\/wp-content\/uploads\/2025\/07\/pinselseife_foto-scaled.jpg","type":"image\/jpeg"}],"twitter_card":"summary_large_image","twitter_misc":{"Gesch\u00e4tzte Lesezeit":"2 Minuten"},"schema":{"@context":"https:\/\/schema.org","@graph":[{"@type":"WebPage","@id":"https:\/\/seifen-oper.ch\/?product=pinselseife","url":"https:\/\/seifen-oper.ch\/?product=pinselseife","name":"\"Pinselseife\" - Seifen Oper GmbH","isPartOf":{"@id":"https:\/\/seifen-oper.ch\/#website"},"primaryImageOfPage":{"@id":"https:\/\/seifen-oper.ch\/?product=pinselseife#primaryimage"},"image":{"@id":"https:\/\/seifen-oper.ch\/?product=pinselseife#primaryimage"},"thumbnailUrl":"https:\/\/seifen-oper.ch\/wp-content\/uploads\/2025\/07\/pinselseife_foto-scaled.jpg","datePublished":"2025-07-06T16:59:14+00:00","dateModified":"2025-09-15T16:56:06+00:00","breadcrumb":{"@id":"https:\/\/seifen-oper.ch\/?product=pinselseife#breadcrumb"},"inLanguage":"de-CH","potentialAction":[{"@type":"ReadAction","target":["https:\/\/seifen-oper.ch\/?product=pinselseife"]}]},{"@type":"ImageObject","inLanguage":"de-CH","@id":"https:\/\/seifen-oper.ch\/?product=pinselseife#primaryimage","url":"https:\/\/seifen-oper.ch\/wp-content\/uploads\/2025\/07\/pinselseife_foto-scaled.jpg","contentUrl":"https:\/\/seifen-oper.ch\/wp-content\/uploads\/2025\/07\/pinselseife_foto-scaled.jpg","width":2560,"height":2395},{"@type":"BreadcrumbList","@id":"https:\/\/seifen-oper.ch\/?product=pinselseife#breadcrumb","itemListElement":[{"@type":"ListItem","position":1,"name":"Home","item":"https:\/\/seifen-oper.ch\/"},{"@type":"ListItem","position":2,"name":"Shop","item":"https:\/\/seifen-oper.ch\/?page_id=12"},{"@type":"ListItem","position":3,"name":"&#171;Pinselseife&#187;"}]},{"@type":"WebSite","@id":"https:\/\/seifen-oper.ch\/#website","url":"https:\/\/seifen-oper.ch\/","name":"Seifen Oper GmbH","description":"Kosmetik bester Qualit\u00e4t. Handgefertigt.","publisher":{"@id":"https:\/\/seifen-oper.ch\/#organization"},"potentialAction":[{"@type":"SearchAction","target":{"@type":"EntryPoint","urlTemplate":"https:\/\/seifen-oper.ch\/?s={search_term_string}"},"query-input":{"@type":"PropertyValueSpecification","valueRequired":true,"valueName":"search_term_string"}}],"inLanguage":"de-CH"},{"@type":"Organization","@id":"https:\/\/seifen-oper.ch\/#organization","name":"Seifen Oper GmbH","url":"https:\/\/seifen-oper.ch\/","logo":{"@type":"ImageObject","inLanguage":"de-CH","@id":"https:\/\/seifen-oper.ch\/#\/schema\/logo\/image\/","url":"https:\/\/seifen-oper.ch\/wp-content\/uploads\/2019\/06\/logo.seifen-oper450.txt.1.png","contentUrl":"https:\/\/seifen-oper.ch\/wp-content\/uploads\/2019\/06\/logo.seifen-oper450.txt.1.png","width":1835,"height":1635,"caption":"Seifen Oper GmbH"},"image":{"@id":"https:\/\/seifen-oper.ch\/#\/schema\/logo\/image\/"},"sameAs":["https:\/\/www.facebook.com\/SeifenOperGmbH","https:\/\/www.instagram.com\/explore\/locations\/1028758197\/seifen-oper\/"]}]}},"_links":{"self":[{"href":"https:\/\/seifen-oper.ch\/index.php?rest_route=\/wp\/v2\/product\/4305"}],"collection":[{"href":"https:\/\/seifen-oper.ch\/index.php?rest_route=\/wp\/v2\/product"}],"about":[{"href":"https:\/\/seifen-oper.ch\/index.php?rest_route=\/wp\/v2\/types\/product"}],"wp:featuredmedia":[{"embeddable":true,"href":"https:\/\/seifen-oper.ch\/index.php?rest_route=\/wp\/v2\/media\/4306"}],"wp:attachment":[{"href":"https:\/\/seifen-oper.ch\/index.php?rest_route=%2Fwp%2Fv2%2Fmedia&parent=4305"}],"wp:term":[{"taxonomy":"product_brand","embeddable":true,"href":"https:\/\/seifen-oper.ch\/index.php?rest_route=%2Fwp%2Fv2%2Fproduct_brand&post=4305"},{"taxonomy":"product_cat","embeddable":true,"href":"https:\/\/seifen-oper.ch\/index.php?rest_route=%2Fwp%2Fv2%2Fproduct_cat&post=4305"},{"taxonomy":"product_tag","embeddable":true,"href":"https:\/\/seifen-oper.ch\/index.php?rest_route=%2Fwp%2Fv2%2Fproduct_tag&post=4305"}],"curies":[{"name":"wp","href":"https:\/\/api.w.org\/{rel}","templated":true}]}}