{"id":4261,"date":"2025-05-30T21:06:44","date_gmt":"2025-05-30T19:06:44","guid":{"rendered":"https:\/\/seifen-oper.ch\/?post_type=product&#038;p=4261"},"modified":"2025-05-30T21:09:21","modified_gmt":"2025-05-30T19:09:21","slug":"true-nature-glitter-purple","status":"publish","type":"product","link":"https:\/\/seifen-oper.ch\/?product=true-nature-glitter-purple","title":{"rendered":"TRUE NATURE GLITTER purple"},"content":{"rendered":"<p>True Nature Glitter von Kryolan ist ein feiner, dekorativer Kosmetikglitzer auf nat\u00fcrlicher Cellulose-Basis, welche aus Eukalyptusb\u00e4umen gewonnen wurde. Der Anteil an biologisch abbaubaren Inhaltsstoffen betr\u00e4gt mindestens 97,5 %. Beim Farbton \u201esilver\u201d betr\u00e4gt der Anteil an biologisch abbaubaren Inhaltsstoffen 99,6%. True Nature Glitter ist 100 % frei von nicht abbaubaren Polymer- oder Plastikanteilen. Er kann gleicherma\u00dfen am Gesicht und K\u00f6rper verwendet werden und eignet sich besonders f\u00fcr Fashion, Editorial, Beauty, Party, Festivals und auch Face- &amp; Bodypainting.<\/p>\n<p>Vegan und tierversuchsfrei.<\/p>\n<div class=\"product-shorts\">\n<p><span id=\"product-details-wrapper\">Details: <span id=\"product-details\">4 g<\/span><\/span><\/p>\n<\/div>\n","protected":false},"excerpt":{"rendered":"<p>feiner, dekorativer Kosmetikglitzer auf nat\u00fcrlicher Cellulose-Basis<\/p>\n","protected":false},"featured_media":4262,"template":"","meta":[],"product_brand":[],"product_cat":[44],"product_tag":[547,557,548,554,549,552,556,559,555,558,376,131,551,553,416,550,546,61],"class_list":{"0":"post-4261","1":"product","2":"type-product","3":"status-publish","4":"has-post-thumbnail","6":"product_cat-winter","7":"product_tag-abbaubar","8":"product_tag-beauty","9":"product_tag-biologisch","10":"product_tag-bodypainting","11":"product_tag-cellulose","12":"product_tag-dekorativ","13":"product_tag-editorial","14":"product_tag-face-bodypainting","15":"product_tag-fashion","16":"product_tag-festivals","17":"product_tag-glamour","18":"product_tag-glitzer","19":"product_tag-kryolan","20":"product_tag-make-up","21":"product_tag-party","22":"product_tag-tierversuchsfrei","23":"product_tag-true-nature-glitter","24":"product_tag-vegan","26":"first","27":"instock","28":"shipping-taxable","29":"product-type-simple"},"yoast_head":"<!-- This site is optimized with the Yoast SEO plugin v25.6 - https:\/\/yoast.com\/wordpress\/plugins\/seo\/ -->\n<title>TRUE NATURE GLITTER purple - Seifen Oper GmbH<\/title>\n<meta name=\"robots\" content=\"index, follow, max-snippet:-1, max-image-preview:large, max-video-preview:-1\" \/>\n<link rel=\"canonical\" href=\"https:\/\/seifen-oper.ch\/?product=true-nature-glitter-purple\" \/>\n<meta property=\"og:locale\" content=\"de_DE\" \/>\n<meta property=\"og:type\" content=\"article\" \/>\n<meta property=\"og:title\" content=\"TRUE NATURE GLITTER purple - Seifen Oper GmbH\" \/>\n<meta property=\"og:description\" content=\"feiner, dekorativer Kosmetikglitzer auf nat\u00fcrlicher Cellulose-Basis\" \/>\n<meta property=\"og:url\" content=\"https:\/\/seifen-oper.ch\/?product=true-nature-glitter-purple\" \/>\n<meta property=\"og:site_name\" content=\"Seifen Oper GmbH\" \/>\n<meta property=\"article:publisher\" content=\"https:\/\/www.facebook.com\/SeifenOperGmbH\" \/>\n<meta property=\"article:modified_time\" content=\"2025-05-30T19:09:21+00:00\" \/>\n<meta property=\"og:image\" content=\"https:\/\/seifen-oper.ch\/wp-content\/uploads\/2025\/05\/Bildschirmfoto-2025-05-30-um-21.04.38.png\" \/>\n\t<meta property=\"og:image:width\" content=\"1050\" \/>\n\t<meta property=\"og:image:height\" content=\"1250\" \/>\n\t<meta property=\"og:image:type\" content=\"image\/png\" \/>\n<meta name=\"twitter:card\" content=\"summary_large_image\" \/>\n<meta name=\"twitter:label1\" content=\"Gesch\u00e4tzte Lesezeit\" \/>\n\t<meta name=\"twitter:data1\" content=\"1 Minute\" \/>\n<script type=\"application\/ld+json\" class=\"yoast-schema-graph\">{\"@context\":\"https:\/\/schema.org\",\"@graph\":[{\"@type\":\"WebPage\",\"@id\":\"https:\/\/seifen-oper.ch\/?product=true-nature-glitter-purple\",\"url\":\"https:\/\/seifen-oper.ch\/?product=true-nature-glitter-purple\",\"name\":\"TRUE NATURE GLITTER purple - Seifen Oper GmbH\",\"isPartOf\":{\"@id\":\"https:\/\/seifen-oper.ch\/#website\"},\"primaryImageOfPage\":{\"@id\":\"https:\/\/seifen-oper.ch\/?product=true-nature-glitter-purple#primaryimage\"},\"image\":{\"@id\":\"https:\/\/seifen-oper.ch\/?product=true-nature-glitter-purple#primaryimage\"},\"thumbnailUrl\":\"https:\/\/seifen-oper.ch\/wp-content\/uploads\/2025\/05\/Bildschirmfoto-2025-05-30-um-21.04.38.png\",\"datePublished\":\"2025-05-30T19:06:44+00:00\",\"dateModified\":\"2025-05-30T19:09:21+00:00\",\"breadcrumb\":{\"@id\":\"https:\/\/seifen-oper.ch\/?product=true-nature-glitter-purple#breadcrumb\"},\"inLanguage\":\"de-CH\",\"potentialAction\":[{\"@type\":\"ReadAction\",\"target\":[\"https:\/\/seifen-oper.ch\/?product=true-nature-glitter-purple\"]}]},{\"@type\":\"ImageObject\",\"inLanguage\":\"de-CH\",\"@id\":\"https:\/\/seifen-oper.ch\/?product=true-nature-glitter-purple#primaryimage\",\"url\":\"https:\/\/seifen-oper.ch\/wp-content\/uploads\/2025\/05\/Bildschirmfoto-2025-05-30-um-21.04.38.png\",\"contentUrl\":\"https:\/\/seifen-oper.ch\/wp-content\/uploads\/2025\/05\/Bildschirmfoto-2025-05-30-um-21.04.38.png\",\"width\":1050,\"height\":1250},{\"@type\":\"BreadcrumbList\",\"@id\":\"https:\/\/seifen-oper.ch\/?product=true-nature-glitter-purple#breadcrumb\",\"itemListElement\":[{\"@type\":\"ListItem\",\"position\":1,\"name\":\"Home\",\"item\":\"https:\/\/seifen-oper.ch\/\"},{\"@type\":\"ListItem\",\"position\":2,\"name\":\"Shop\",\"item\":\"https:\/\/seifen-oper.ch\/?page_id=12\"},{\"@type\":\"ListItem\",\"position\":3,\"name\":\"TRUE NATURE GLITTER purple\"}]},{\"@type\":\"WebSite\",\"@id\":\"https:\/\/seifen-oper.ch\/#website\",\"url\":\"https:\/\/seifen-oper.ch\/\",\"name\":\"Seifen Oper GmbH\",\"description\":\"Kosmetik bester Qualit\u00e4t. Handgefertigt.\",\"publisher\":{\"@id\":\"https:\/\/seifen-oper.ch\/#organization\"},\"potentialAction\":[{\"@type\":\"SearchAction\",\"target\":{\"@type\":\"EntryPoint\",\"urlTemplate\":\"https:\/\/seifen-oper.ch\/?s={search_term_string}\"},\"query-input\":{\"@type\":\"PropertyValueSpecification\",\"valueRequired\":true,\"valueName\":\"search_term_string\"}}],\"inLanguage\":\"de-CH\"},{\"@type\":\"Organization\",\"@id\":\"https:\/\/seifen-oper.ch\/#organization\",\"name\":\"Seifen Oper GmbH\",\"url\":\"https:\/\/seifen-oper.ch\/\",\"logo\":{\"@type\":\"ImageObject\",\"inLanguage\":\"de-CH\",\"@id\":\"https:\/\/seifen-oper.ch\/#\/schema\/logo\/image\/\",\"url\":\"https:\/\/seifen-oper.ch\/wp-content\/uploads\/2019\/06\/logo.seifen-oper450.txt.1.png\",\"contentUrl\":\"https:\/\/seifen-oper.ch\/wp-content\/uploads\/2019\/06\/logo.seifen-oper450.txt.1.png\",\"width\":1835,\"height\":1635,\"caption\":\"Seifen Oper GmbH\"},\"image\":{\"@id\":\"https:\/\/seifen-oper.ch\/#\/schema\/logo\/image\/\"},\"sameAs\":[\"https:\/\/www.facebook.com\/SeifenOperGmbH\",\"https:\/\/www.instagram.com\/explore\/locations\/1028758197\/seifen-oper\/\"]}]}<\/script>\n<!-- \/ Yoast SEO plugin. -->","yoast_head_json":{"title":"TRUE NATURE GLITTER purple - Seifen Oper GmbH","robots":{"index":"index","follow":"follow","max-snippet":"max-snippet:-1","max-image-preview":"max-image-preview:large","max-video-preview":"max-video-preview:-1"},"canonical":"https:\/\/seifen-oper.ch\/?product=true-nature-glitter-purple","og_locale":"de_DE","og_type":"article","og_title":"TRUE NATURE GLITTER purple - Seifen Oper GmbH","og_description":"feiner, dekorativer Kosmetikglitzer auf nat\u00fcrlicher Cellulose-Basis","og_url":"https:\/\/seifen-oper.ch\/?product=true-nature-glitter-purple","og_site_name":"Seifen Oper GmbH","article_publisher":"https:\/\/www.facebook.com\/SeifenOperGmbH","article_modified_time":"2025-05-30T19:09:21+00:00","og_image":[{"width":1050,"height":1250,"url":"https:\/\/seifen-oper.ch\/wp-content\/uploads\/2025\/05\/Bildschirmfoto-2025-05-30-um-21.04.38.png","type":"image\/png"}],"twitter_card":"summary_large_image","twitter_misc":{"Gesch\u00e4tzte Lesezeit":"1 Minute"},"schema":{"@context":"https:\/\/schema.org","@graph":[{"@type":"WebPage","@id":"https:\/\/seifen-oper.ch\/?product=true-nature-glitter-purple","url":"https:\/\/seifen-oper.ch\/?product=true-nature-glitter-purple","name":"TRUE NATURE GLITTER purple - Seifen Oper GmbH","isPartOf":{"@id":"https:\/\/seifen-oper.ch\/#website"},"primaryImageOfPage":{"@id":"https:\/\/seifen-oper.ch\/?product=true-nature-glitter-purple#primaryimage"},"image":{"@id":"https:\/\/seifen-oper.ch\/?product=true-nature-glitter-purple#primaryimage"},"thumbnailUrl":"https:\/\/seifen-oper.ch\/wp-content\/uploads\/2025\/05\/Bildschirmfoto-2025-05-30-um-21.04.38.png","datePublished":"2025-05-30T19:06:44+00:00","dateModified":"2025-05-30T19:09:21+00:00","breadcrumb":{"@id":"https:\/\/seifen-oper.ch\/?product=true-nature-glitter-purple#breadcrumb"},"inLanguage":"de-CH","potentialAction":[{"@type":"ReadAction","target":["https:\/\/seifen-oper.ch\/?product=true-nature-glitter-purple"]}]},{"@type":"ImageObject","inLanguage":"de-CH","@id":"https:\/\/seifen-oper.ch\/?product=true-nature-glitter-purple#primaryimage","url":"https:\/\/seifen-oper.ch\/wp-content\/uploads\/2025\/05\/Bildschirmfoto-2025-05-30-um-21.04.38.png","contentUrl":"https:\/\/seifen-oper.ch\/wp-content\/uploads\/2025\/05\/Bildschirmfoto-2025-05-30-um-21.04.38.png","width":1050,"height":1250},{"@type":"BreadcrumbList","@id":"https:\/\/seifen-oper.ch\/?product=true-nature-glitter-purple#breadcrumb","itemListElement":[{"@type":"ListItem","position":1,"name":"Home","item":"https:\/\/seifen-oper.ch\/"},{"@type":"ListItem","position":2,"name":"Shop","item":"https:\/\/seifen-oper.ch\/?page_id=12"},{"@type":"ListItem","position":3,"name":"TRUE NATURE GLITTER purple"}]},{"@type":"WebSite","@id":"https:\/\/seifen-oper.ch\/#website","url":"https:\/\/seifen-oper.ch\/","name":"Seifen Oper GmbH","description":"Kosmetik bester Qualit\u00e4t. Handgefertigt.","publisher":{"@id":"https:\/\/seifen-oper.ch\/#organization"},"potentialAction":[{"@type":"SearchAction","target":{"@type":"EntryPoint","urlTemplate":"https:\/\/seifen-oper.ch\/?s={search_term_string}"},"query-input":{"@type":"PropertyValueSpecification","valueRequired":true,"valueName":"search_term_string"}}],"inLanguage":"de-CH"},{"@type":"Organization","@id":"https:\/\/seifen-oper.ch\/#organization","name":"Seifen Oper GmbH","url":"https:\/\/seifen-oper.ch\/","logo":{"@type":"ImageObject","inLanguage":"de-CH","@id":"https:\/\/seifen-oper.ch\/#\/schema\/logo\/image\/","url":"https:\/\/seifen-oper.ch\/wp-content\/uploads\/2019\/06\/logo.seifen-oper450.txt.1.png","contentUrl":"https:\/\/seifen-oper.ch\/wp-content\/uploads\/2019\/06\/logo.seifen-oper450.txt.1.png","width":1835,"height":1635,"caption":"Seifen Oper GmbH"},"image":{"@id":"https:\/\/seifen-oper.ch\/#\/schema\/logo\/image\/"},"sameAs":["https:\/\/www.facebook.com\/SeifenOperGmbH","https:\/\/www.instagram.com\/explore\/locations\/1028758197\/seifen-oper\/"]}]}},"_links":{"self":[{"href":"https:\/\/seifen-oper.ch\/index.php?rest_route=\/wp\/v2\/product\/4261"}],"collection":[{"href":"https:\/\/seifen-oper.ch\/index.php?rest_route=\/wp\/v2\/product"}],"about":[{"href":"https:\/\/seifen-oper.ch\/index.php?rest_route=\/wp\/v2\/types\/product"}],"wp:featuredmedia":[{"embeddable":true,"href":"https:\/\/seifen-oper.ch\/index.php?rest_route=\/wp\/v2\/media\/4262"}],"wp:attachment":[{"href":"https:\/\/seifen-oper.ch\/index.php?rest_route=%2Fwp%2Fv2%2Fmedia&parent=4261"}],"wp:term":[{"taxonomy":"product_brand","embeddable":true,"href":"https:\/\/seifen-oper.ch\/index.php?rest_route=%2Fwp%2Fv2%2Fproduct_brand&post=4261"},{"taxonomy":"product_cat","embeddable":true,"href":"https:\/\/seifen-oper.ch\/index.php?rest_route=%2Fwp%2Fv2%2Fproduct_cat&post=4261"},{"taxonomy":"product_tag","embeddable":true,"href":"https:\/\/seifen-oper.ch\/index.php?rest_route=%2Fwp%2Fv2%2Fproduct_tag&post=4261"}],"curies":[{"name":"wp","href":"https:\/\/api.w.org\/{rel}","templated":true}]}}