{"id":424,"date":"2019-06-17T11:37:16","date_gmt":"2019-06-17T11:37:16","guid":{"rendered":"https:\/\/seifen-oper.ch\/?product=picobello-chriesi-125ml"},"modified":"2021-10-08T22:12:27","modified_gmt":"2021-10-08T20:12:27","slug":"picobello-chriesi-125ml","status":"publish","type":"product","link":"https:\/\/seifen-oper.ch\/?product=picobello-chriesi-125ml","title":{"rendered":"&#171;Picobello -Chriesi&#187;, 200ml"},"content":{"rendered":"<p style=\"text-align: center;\"><span style=\"color: #888888;\">Unser absoluter Liebling ist dieses rosafarbene, mit Glitzer versehene, s\u00fcsse Chriesi Waschgel f\u00fcr Haut und Haar. Ein absoluter Prinzessinnentraum!! Sie m\u00f6gen es s\u00fcss, rosa und mit Glitzer? Kaufen Sie am besten gleich 10 Flaschen davon! Es kann sonst gut passieren, dass wir alle f\u00fcr uns selber nehmen, weil wir es so unglaublich toll finden!!! \ud83d\ude09 Besonders milde Tenside (waschaktive Substanzen) beugen Hautreizungen vor. Alle Inhaltsstoffe sind ohne tierische Rohstoffe <\/span><\/p>\n<p style=\"text-align: center;\"><span style=\"color: #888888;\">Inhaltsstoffe: INCI: Sodium Laureth Sulfate, Propylene Glycol,\u00a0Cocamide DEA,\u00a0PEG-7 Glyceryl Cocoate, Polyparaben,\u00a0Aqua purificata, Sodium Chloride, Chriesiparf\u00fcm\u00f6l, Glitzer, CI 77019 (rosa Farbpigment)<span style=\"font-family: Noteworthy;\">\u00a0<\/span><br \/>\n<\/span><\/p>\n<p style=\"text-align: center;\"><span style=\"color: #888888;\">200 ml \/ Sfr. 15.-<\/span><\/p>\n","protected":false},"excerpt":{"rendered":"<p>zuckers\u00fcsses, rosa Waschgel f\u00fcr Haut und Haar, welches nach reifen Kirschen duftet UND Glitzer enth\u00e4lt. Juhu!!!<\/p>\n","protected":false},"featured_media":3572,"template":"","meta":[],"product_brand":[],"product_cat":[26],"product_tag":[],"class_list":{"0":"post-424","1":"product","2":"type-product","3":"status-publish","4":"has-post-thumbnail","6":"product_cat-picobellos-waschgels","8":"first","9":"instock","10":"shipping-taxable","11":"purchasable","12":"product-type-simple"},"yoast_head":"<!-- This site is optimized with the Yoast SEO plugin v25.6 - https:\/\/yoast.com\/wordpress\/plugins\/seo\/ -->\n<title>&quot;Picobello -Chriesi&quot;, 200ml - Seifen Oper GmbH<\/title>\n<meta name=\"robots\" content=\"index, follow, max-snippet:-1, max-image-preview:large, max-video-preview:-1\" \/>\n<link rel=\"canonical\" href=\"https:\/\/seifen-oper.ch\/?product=picobello-chriesi-125ml\" \/>\n<meta property=\"og:locale\" content=\"de_DE\" \/>\n<meta property=\"og:type\" content=\"article\" \/>\n<meta property=\"og:title\" content=\"&quot;Picobello -Chriesi&quot;, 200ml - Seifen Oper GmbH\" \/>\n<meta property=\"og:description\" content=\"zuckers\u00fcsses, rosa Waschgel f\u00fcr Haut und Haar, welches nach reifen Kirschen duftet UND Glitzer enth\u00e4lt. Juhu!!!\" \/>\n<meta property=\"og:url\" content=\"https:\/\/seifen-oper.ch\/?product=picobello-chriesi-125ml\" \/>\n<meta property=\"og:site_name\" content=\"Seifen Oper GmbH\" \/>\n<meta property=\"article:publisher\" content=\"https:\/\/www.facebook.com\/SeifenOperGmbH\" \/>\n<meta property=\"article:modified_time\" content=\"2021-10-08T20:12:27+00:00\" \/>\n<meta property=\"og:image\" content=\"https:\/\/seifen-oper.ch\/wp-content\/uploads\/2020\/11\/picobellos-neu-845x1024.png\" \/>\n\t<meta property=\"og:image:width\" content=\"845\" \/>\n\t<meta property=\"og:image:height\" content=\"1024\" \/>\n\t<meta property=\"og:image:type\" content=\"image\/png\" \/>\n<meta name=\"twitter:card\" content=\"summary_large_image\" \/>\n<meta name=\"twitter:label1\" content=\"Gesch\u00e4tzte Lesezeit\" \/>\n\t<meta name=\"twitter:data1\" content=\"1 Minute\" \/>\n<script type=\"application\/ld+json\" class=\"yoast-schema-graph\">{\"@context\":\"https:\/\/schema.org\",\"@graph\":[{\"@type\":\"WebPage\",\"@id\":\"https:\/\/seifen-oper.ch\/?product=picobello-chriesi-125ml\",\"url\":\"https:\/\/seifen-oper.ch\/?product=picobello-chriesi-125ml\",\"name\":\"\\\"Picobello -Chriesi\\\", 200ml - Seifen Oper GmbH\",\"isPartOf\":{\"@id\":\"https:\/\/seifen-oper.ch\/#website\"},\"primaryImageOfPage\":{\"@id\":\"https:\/\/seifen-oper.ch\/?product=picobello-chriesi-125ml#primaryimage\"},\"image\":{\"@id\":\"https:\/\/seifen-oper.ch\/?product=picobello-chriesi-125ml#primaryimage\"},\"thumbnailUrl\":\"https:\/\/seifen-oper.ch\/wp-content\/uploads\/2020\/11\/picobellos-neu.png\",\"datePublished\":\"2019-06-17T11:37:16+00:00\",\"dateModified\":\"2021-10-08T20:12:27+00:00\",\"breadcrumb\":{\"@id\":\"https:\/\/seifen-oper.ch\/?product=picobello-chriesi-125ml#breadcrumb\"},\"inLanguage\":\"de-CH\",\"potentialAction\":[{\"@type\":\"ReadAction\",\"target\":[\"https:\/\/seifen-oper.ch\/?product=picobello-chriesi-125ml\"]}]},{\"@type\":\"ImageObject\",\"inLanguage\":\"de-CH\",\"@id\":\"https:\/\/seifen-oper.ch\/?product=picobello-chriesi-125ml#primaryimage\",\"url\":\"https:\/\/seifen-oper.ch\/wp-content\/uploads\/2020\/11\/picobellos-neu.png\",\"contentUrl\":\"https:\/\/seifen-oper.ch\/wp-content\/uploads\/2020\/11\/picobellos-neu.png\",\"width\":1288,\"height\":1560},{\"@type\":\"BreadcrumbList\",\"@id\":\"https:\/\/seifen-oper.ch\/?product=picobello-chriesi-125ml#breadcrumb\",\"itemListElement\":[{\"@type\":\"ListItem\",\"position\":1,\"name\":\"Home\",\"item\":\"https:\/\/seifen-oper.ch\/\"},{\"@type\":\"ListItem\",\"position\":2,\"name\":\"Shop\",\"item\":\"https:\/\/seifen-oper.ch\/?page_id=12\"},{\"@type\":\"ListItem\",\"position\":3,\"name\":\"&#171;Picobello -Chriesi&#187;, 200ml\"}]},{\"@type\":\"WebSite\",\"@id\":\"https:\/\/seifen-oper.ch\/#website\",\"url\":\"https:\/\/seifen-oper.ch\/\",\"name\":\"Seifen Oper GmbH\",\"description\":\"Kosmetik bester Qualit\u00e4t. Handgefertigt.\",\"publisher\":{\"@id\":\"https:\/\/seifen-oper.ch\/#organization\"},\"potentialAction\":[{\"@type\":\"SearchAction\",\"target\":{\"@type\":\"EntryPoint\",\"urlTemplate\":\"https:\/\/seifen-oper.ch\/?s={search_term_string}\"},\"query-input\":{\"@type\":\"PropertyValueSpecification\",\"valueRequired\":true,\"valueName\":\"search_term_string\"}}],\"inLanguage\":\"de-CH\"},{\"@type\":\"Organization\",\"@id\":\"https:\/\/seifen-oper.ch\/#organization\",\"name\":\"Seifen Oper GmbH\",\"url\":\"https:\/\/seifen-oper.ch\/\",\"logo\":{\"@type\":\"ImageObject\",\"inLanguage\":\"de-CH\",\"@id\":\"https:\/\/seifen-oper.ch\/#\/schema\/logo\/image\/\",\"url\":\"https:\/\/seifen-oper.ch\/wp-content\/uploads\/2019\/06\/logo.seifen-oper450.txt.1.png\",\"contentUrl\":\"https:\/\/seifen-oper.ch\/wp-content\/uploads\/2019\/06\/logo.seifen-oper450.txt.1.png\",\"width\":1835,\"height\":1635,\"caption\":\"Seifen Oper GmbH\"},\"image\":{\"@id\":\"https:\/\/seifen-oper.ch\/#\/schema\/logo\/image\/\"},\"sameAs\":[\"https:\/\/www.facebook.com\/SeifenOperGmbH\",\"https:\/\/www.instagram.com\/explore\/locations\/1028758197\/seifen-oper\/\"]}]}<\/script>\n<!-- \/ Yoast SEO plugin. -->","yoast_head_json":{"title":"\"Picobello -Chriesi\", 200ml - Seifen Oper GmbH","robots":{"index":"index","follow":"follow","max-snippet":"max-snippet:-1","max-image-preview":"max-image-preview:large","max-video-preview":"max-video-preview:-1"},"canonical":"https:\/\/seifen-oper.ch\/?product=picobello-chriesi-125ml","og_locale":"de_DE","og_type":"article","og_title":"\"Picobello -Chriesi\", 200ml - Seifen Oper GmbH","og_description":"zuckers\u00fcsses, rosa Waschgel f\u00fcr Haut und Haar, welches nach reifen Kirschen duftet UND Glitzer enth\u00e4lt. Juhu!!!","og_url":"https:\/\/seifen-oper.ch\/?product=picobello-chriesi-125ml","og_site_name":"Seifen Oper GmbH","article_publisher":"https:\/\/www.facebook.com\/SeifenOperGmbH","article_modified_time":"2021-10-08T20:12:27+00:00","og_image":[{"width":845,"height":1024,"url":"https:\/\/seifen-oper.ch\/wp-content\/uploads\/2020\/11\/picobellos-neu-845x1024.png","type":"image\/png"}],"twitter_card":"summary_large_image","twitter_misc":{"Gesch\u00e4tzte Lesezeit":"1 Minute"},"schema":{"@context":"https:\/\/schema.org","@graph":[{"@type":"WebPage","@id":"https:\/\/seifen-oper.ch\/?product=picobello-chriesi-125ml","url":"https:\/\/seifen-oper.ch\/?product=picobello-chriesi-125ml","name":"\"Picobello -Chriesi\", 200ml - Seifen Oper GmbH","isPartOf":{"@id":"https:\/\/seifen-oper.ch\/#website"},"primaryImageOfPage":{"@id":"https:\/\/seifen-oper.ch\/?product=picobello-chriesi-125ml#primaryimage"},"image":{"@id":"https:\/\/seifen-oper.ch\/?product=picobello-chriesi-125ml#primaryimage"},"thumbnailUrl":"https:\/\/seifen-oper.ch\/wp-content\/uploads\/2020\/11\/picobellos-neu.png","datePublished":"2019-06-17T11:37:16+00:00","dateModified":"2021-10-08T20:12:27+00:00","breadcrumb":{"@id":"https:\/\/seifen-oper.ch\/?product=picobello-chriesi-125ml#breadcrumb"},"inLanguage":"de-CH","potentialAction":[{"@type":"ReadAction","target":["https:\/\/seifen-oper.ch\/?product=picobello-chriesi-125ml"]}]},{"@type":"ImageObject","inLanguage":"de-CH","@id":"https:\/\/seifen-oper.ch\/?product=picobello-chriesi-125ml#primaryimage","url":"https:\/\/seifen-oper.ch\/wp-content\/uploads\/2020\/11\/picobellos-neu.png","contentUrl":"https:\/\/seifen-oper.ch\/wp-content\/uploads\/2020\/11\/picobellos-neu.png","width":1288,"height":1560},{"@type":"BreadcrumbList","@id":"https:\/\/seifen-oper.ch\/?product=picobello-chriesi-125ml#breadcrumb","itemListElement":[{"@type":"ListItem","position":1,"name":"Home","item":"https:\/\/seifen-oper.ch\/"},{"@type":"ListItem","position":2,"name":"Shop","item":"https:\/\/seifen-oper.ch\/?page_id=12"},{"@type":"ListItem","position":3,"name":"&#171;Picobello -Chriesi&#187;, 200ml"}]},{"@type":"WebSite","@id":"https:\/\/seifen-oper.ch\/#website","url":"https:\/\/seifen-oper.ch\/","name":"Seifen Oper GmbH","description":"Kosmetik bester Qualit\u00e4t. Handgefertigt.","publisher":{"@id":"https:\/\/seifen-oper.ch\/#organization"},"potentialAction":[{"@type":"SearchAction","target":{"@type":"EntryPoint","urlTemplate":"https:\/\/seifen-oper.ch\/?s={search_term_string}"},"query-input":{"@type":"PropertyValueSpecification","valueRequired":true,"valueName":"search_term_string"}}],"inLanguage":"de-CH"},{"@type":"Organization","@id":"https:\/\/seifen-oper.ch\/#organization","name":"Seifen Oper GmbH","url":"https:\/\/seifen-oper.ch\/","logo":{"@type":"ImageObject","inLanguage":"de-CH","@id":"https:\/\/seifen-oper.ch\/#\/schema\/logo\/image\/","url":"https:\/\/seifen-oper.ch\/wp-content\/uploads\/2019\/06\/logo.seifen-oper450.txt.1.png","contentUrl":"https:\/\/seifen-oper.ch\/wp-content\/uploads\/2019\/06\/logo.seifen-oper450.txt.1.png","width":1835,"height":1635,"caption":"Seifen Oper GmbH"},"image":{"@id":"https:\/\/seifen-oper.ch\/#\/schema\/logo\/image\/"},"sameAs":["https:\/\/www.facebook.com\/SeifenOperGmbH","https:\/\/www.instagram.com\/explore\/locations\/1028758197\/seifen-oper\/"]}]}},"_links":{"self":[{"href":"https:\/\/seifen-oper.ch\/index.php?rest_route=\/wp\/v2\/product\/424"}],"collection":[{"href":"https:\/\/seifen-oper.ch\/index.php?rest_route=\/wp\/v2\/product"}],"about":[{"href":"https:\/\/seifen-oper.ch\/index.php?rest_route=\/wp\/v2\/types\/product"}],"wp:featuredmedia":[{"embeddable":true,"href":"https:\/\/seifen-oper.ch\/index.php?rest_route=\/wp\/v2\/media\/3572"}],"wp:attachment":[{"href":"https:\/\/seifen-oper.ch\/index.php?rest_route=%2Fwp%2Fv2%2Fmedia&parent=424"}],"wp:term":[{"taxonomy":"product_brand","embeddable":true,"href":"https:\/\/seifen-oper.ch\/index.php?rest_route=%2Fwp%2Fv2%2Fproduct_brand&post=424"},{"taxonomy":"product_cat","embeddable":true,"href":"https:\/\/seifen-oper.ch\/index.php?rest_route=%2Fwp%2Fv2%2Fproduct_cat&post=424"},{"taxonomy":"product_tag","embeddable":true,"href":"https:\/\/seifen-oper.ch\/index.php?rest_route=%2Fwp%2Fv2%2Fproduct_tag&post=424"}],"curies":[{"name":"wp","href":"https:\/\/api.w.org\/{rel}","templated":true}]}}