{"id":418,"date":"2019-06-17T11:37:16","date_gmt":"2019-06-17T11:37:16","guid":{"rendered":"https:\/\/seifen-oper.ch\/?product=picobello-himbeer-blaubeer-125ml"},"modified":"2021-10-08T22:13:22","modified_gmt":"2021-10-08T20:13:22","slug":"picobello-himbeer-blaubeer-125ml","status":"publish","type":"product","link":"https:\/\/seifen-oper.ch\/?product=picobello-himbeer-blaubeer-125ml","title":{"rendered":"&#171;Picobello Himbeer-Blaubeer&#187;, 200ml"},"content":{"rendered":"<p style=\"text-align: center;\"><span style=\"color: #888888;\">Wir haben uns lange \u00fcberlegt, ob wir dieses freche &#171;Picobello&#187;-Fr\u00fcchtchen \u00fcberhaupt verkaufen sollen, oder lieber komplett f\u00fcr uns behalten. Da wir unsere Kundschaft so gerne m\u00f6gen, haben wir uns (gn\u00e4digerweise;-)) daf\u00fcr entschieden, dieses violette Wunder mit Ihnen zu teilen \ud83d\ude42 Wir sagen nur soviel: OBACHT SUCHTGEFAHR! Der Blaubeerduft alleine ist schon grossartig! Der Himbeerduft auch! Die beiden zusammen: UNBESCHREIBLICH TOLL!!! Dieses Shampoo und Duschgel in Einem ist f\u00fcr kleine und grosse Prinzessinnen. Es ist s\u00fcss wie wir und verspr\u00fcht die allerbeste Laune. Doch passen Sie auf, dass Sie niemand anknabbert oder gar auffrisst, wenn Sie so unversch\u00e4mt gut riechen \ud83d\ude09 Besonders milde Tenside (waschaktive Substanzen) beugen Hautreizungen vor. Alle Inhaltsstoffe sind ohne tierische Rohstoffe. <\/span><\/p>\n<p style=\"text-align: center;\"><span style=\"color: #888888;\">Inhaltsstoffe: INCI: Sodium Laureth Sulfate, Propylene Glycol,\u00a0Cocamide DEA,\u00a0PEG-7 Glyceryl Cocoate, Polyparaben,\u00a0Aqua purificata, Sodium Chloride, Blaubeer- und Himbeerparf\u00fcm\u00f6l,\u00a0CI51319 (violettes Farbpigment)<\/span><\/p>\n<p style=\"text-align: center;\"><span style=\"color: #888888;\">200ml \/ Sfr. 15.-<\/span><\/p>\n","protected":false},"excerpt":{"rendered":"<p>unwiderstehlich fruchtiges Himbeer-Blaubeer Waschgel f\u00fcr Haut und Haar.<\/p>\n","protected":false},"featured_media":3572,"template":"","meta":[],"product_brand":[],"product_cat":[26],"product_tag":[],"class_list":{"0":"post-418","1":"product","2":"type-product","3":"status-publish","4":"has-post-thumbnail","6":"product_cat-picobellos-waschgels","8":"first","9":"instock","10":"shipping-taxable","11":"purchasable","12":"product-type-simple"},"yoast_head":"<!-- This site is optimized with the Yoast SEO plugin v25.6 - https:\/\/yoast.com\/wordpress\/plugins\/seo\/ -->\n<title>&quot;Picobello Himbeer-Blaubeer&quot;, 200ml - Seifen Oper GmbH<\/title>\n<meta name=\"robots\" content=\"index, follow, max-snippet:-1, max-image-preview:large, max-video-preview:-1\" \/>\n<link rel=\"canonical\" href=\"https:\/\/seifen-oper.ch\/?product=picobello-himbeer-blaubeer-125ml\" \/>\n<meta property=\"og:locale\" content=\"de_DE\" \/>\n<meta property=\"og:type\" content=\"article\" \/>\n<meta property=\"og:title\" content=\"&quot;Picobello Himbeer-Blaubeer&quot;, 200ml - Seifen Oper GmbH\" \/>\n<meta property=\"og:description\" content=\"unwiderstehlich fruchtiges Himbeer-Blaubeer Waschgel f\u00fcr Haut und Haar.\" \/>\n<meta property=\"og:url\" content=\"https:\/\/seifen-oper.ch\/?product=picobello-himbeer-blaubeer-125ml\" \/>\n<meta property=\"og:site_name\" content=\"Seifen Oper GmbH\" \/>\n<meta property=\"article:publisher\" content=\"https:\/\/www.facebook.com\/SeifenOperGmbH\" \/>\n<meta property=\"article:modified_time\" content=\"2021-10-08T20:13:22+00:00\" \/>\n<meta property=\"og:image\" content=\"https:\/\/seifen-oper.ch\/wp-content\/uploads\/2020\/11\/picobellos-neu-845x1024.png\" \/>\n\t<meta property=\"og:image:width\" content=\"845\" \/>\n\t<meta property=\"og:image:height\" content=\"1024\" \/>\n\t<meta property=\"og:image:type\" content=\"image\/png\" \/>\n<meta name=\"twitter:card\" content=\"summary_large_image\" \/>\n<meta name=\"twitter:label1\" content=\"Gesch\u00e4tzte Lesezeit\" \/>\n\t<meta name=\"twitter:data1\" content=\"1 Minute\" \/>\n<script type=\"application\/ld+json\" class=\"yoast-schema-graph\">{\"@context\":\"https:\/\/schema.org\",\"@graph\":[{\"@type\":\"WebPage\",\"@id\":\"https:\/\/seifen-oper.ch\/?product=picobello-himbeer-blaubeer-125ml\",\"url\":\"https:\/\/seifen-oper.ch\/?product=picobello-himbeer-blaubeer-125ml\",\"name\":\"\\\"Picobello Himbeer-Blaubeer\\\", 200ml - Seifen Oper GmbH\",\"isPartOf\":{\"@id\":\"https:\/\/seifen-oper.ch\/#website\"},\"primaryImageOfPage\":{\"@id\":\"https:\/\/seifen-oper.ch\/?product=picobello-himbeer-blaubeer-125ml#primaryimage\"},\"image\":{\"@id\":\"https:\/\/seifen-oper.ch\/?product=picobello-himbeer-blaubeer-125ml#primaryimage\"},\"thumbnailUrl\":\"https:\/\/seifen-oper.ch\/wp-content\/uploads\/2020\/11\/picobellos-neu.png\",\"datePublished\":\"2019-06-17T11:37:16+00:00\",\"dateModified\":\"2021-10-08T20:13:22+00:00\",\"breadcrumb\":{\"@id\":\"https:\/\/seifen-oper.ch\/?product=picobello-himbeer-blaubeer-125ml#breadcrumb\"},\"inLanguage\":\"de-CH\",\"potentialAction\":[{\"@type\":\"ReadAction\",\"target\":[\"https:\/\/seifen-oper.ch\/?product=picobello-himbeer-blaubeer-125ml\"]}]},{\"@type\":\"ImageObject\",\"inLanguage\":\"de-CH\",\"@id\":\"https:\/\/seifen-oper.ch\/?product=picobello-himbeer-blaubeer-125ml#primaryimage\",\"url\":\"https:\/\/seifen-oper.ch\/wp-content\/uploads\/2020\/11\/picobellos-neu.png\",\"contentUrl\":\"https:\/\/seifen-oper.ch\/wp-content\/uploads\/2020\/11\/picobellos-neu.png\",\"width\":1288,\"height\":1560},{\"@type\":\"BreadcrumbList\",\"@id\":\"https:\/\/seifen-oper.ch\/?product=picobello-himbeer-blaubeer-125ml#breadcrumb\",\"itemListElement\":[{\"@type\":\"ListItem\",\"position\":1,\"name\":\"Home\",\"item\":\"https:\/\/seifen-oper.ch\/\"},{\"@type\":\"ListItem\",\"position\":2,\"name\":\"Shop\",\"item\":\"https:\/\/seifen-oper.ch\/?page_id=12\"},{\"@type\":\"ListItem\",\"position\":3,\"name\":\"&#171;Picobello Himbeer-Blaubeer&#187;, 200ml\"}]},{\"@type\":\"WebSite\",\"@id\":\"https:\/\/seifen-oper.ch\/#website\",\"url\":\"https:\/\/seifen-oper.ch\/\",\"name\":\"Seifen Oper GmbH\",\"description\":\"Kosmetik bester Qualit\u00e4t. Handgefertigt.\",\"publisher\":{\"@id\":\"https:\/\/seifen-oper.ch\/#organization\"},\"potentialAction\":[{\"@type\":\"SearchAction\",\"target\":{\"@type\":\"EntryPoint\",\"urlTemplate\":\"https:\/\/seifen-oper.ch\/?s={search_term_string}\"},\"query-input\":{\"@type\":\"PropertyValueSpecification\",\"valueRequired\":true,\"valueName\":\"search_term_string\"}}],\"inLanguage\":\"de-CH\"},{\"@type\":\"Organization\",\"@id\":\"https:\/\/seifen-oper.ch\/#organization\",\"name\":\"Seifen Oper GmbH\",\"url\":\"https:\/\/seifen-oper.ch\/\",\"logo\":{\"@type\":\"ImageObject\",\"inLanguage\":\"de-CH\",\"@id\":\"https:\/\/seifen-oper.ch\/#\/schema\/logo\/image\/\",\"url\":\"https:\/\/seifen-oper.ch\/wp-content\/uploads\/2019\/06\/logo.seifen-oper450.txt.1.png\",\"contentUrl\":\"https:\/\/seifen-oper.ch\/wp-content\/uploads\/2019\/06\/logo.seifen-oper450.txt.1.png\",\"width\":1835,\"height\":1635,\"caption\":\"Seifen Oper GmbH\"},\"image\":{\"@id\":\"https:\/\/seifen-oper.ch\/#\/schema\/logo\/image\/\"},\"sameAs\":[\"https:\/\/www.facebook.com\/SeifenOperGmbH\",\"https:\/\/www.instagram.com\/explore\/locations\/1028758197\/seifen-oper\/\"]}]}<\/script>\n<!-- \/ Yoast SEO plugin. -->","yoast_head_json":{"title":"\"Picobello Himbeer-Blaubeer\", 200ml - Seifen Oper GmbH","robots":{"index":"index","follow":"follow","max-snippet":"max-snippet:-1","max-image-preview":"max-image-preview:large","max-video-preview":"max-video-preview:-1"},"canonical":"https:\/\/seifen-oper.ch\/?product=picobello-himbeer-blaubeer-125ml","og_locale":"de_DE","og_type":"article","og_title":"\"Picobello Himbeer-Blaubeer\", 200ml - Seifen Oper GmbH","og_description":"unwiderstehlich fruchtiges Himbeer-Blaubeer Waschgel f\u00fcr Haut und Haar.","og_url":"https:\/\/seifen-oper.ch\/?product=picobello-himbeer-blaubeer-125ml","og_site_name":"Seifen Oper GmbH","article_publisher":"https:\/\/www.facebook.com\/SeifenOperGmbH","article_modified_time":"2021-10-08T20:13:22+00:00","og_image":[{"width":845,"height":1024,"url":"https:\/\/seifen-oper.ch\/wp-content\/uploads\/2020\/11\/picobellos-neu-845x1024.png","type":"image\/png"}],"twitter_card":"summary_large_image","twitter_misc":{"Gesch\u00e4tzte Lesezeit":"1 Minute"},"schema":{"@context":"https:\/\/schema.org","@graph":[{"@type":"WebPage","@id":"https:\/\/seifen-oper.ch\/?product=picobello-himbeer-blaubeer-125ml","url":"https:\/\/seifen-oper.ch\/?product=picobello-himbeer-blaubeer-125ml","name":"\"Picobello Himbeer-Blaubeer\", 200ml - Seifen Oper GmbH","isPartOf":{"@id":"https:\/\/seifen-oper.ch\/#website"},"primaryImageOfPage":{"@id":"https:\/\/seifen-oper.ch\/?product=picobello-himbeer-blaubeer-125ml#primaryimage"},"image":{"@id":"https:\/\/seifen-oper.ch\/?product=picobello-himbeer-blaubeer-125ml#primaryimage"},"thumbnailUrl":"https:\/\/seifen-oper.ch\/wp-content\/uploads\/2020\/11\/picobellos-neu.png","datePublished":"2019-06-17T11:37:16+00:00","dateModified":"2021-10-08T20:13:22+00:00","breadcrumb":{"@id":"https:\/\/seifen-oper.ch\/?product=picobello-himbeer-blaubeer-125ml#breadcrumb"},"inLanguage":"de-CH","potentialAction":[{"@type":"ReadAction","target":["https:\/\/seifen-oper.ch\/?product=picobello-himbeer-blaubeer-125ml"]}]},{"@type":"ImageObject","inLanguage":"de-CH","@id":"https:\/\/seifen-oper.ch\/?product=picobello-himbeer-blaubeer-125ml#primaryimage","url":"https:\/\/seifen-oper.ch\/wp-content\/uploads\/2020\/11\/picobellos-neu.png","contentUrl":"https:\/\/seifen-oper.ch\/wp-content\/uploads\/2020\/11\/picobellos-neu.png","width":1288,"height":1560},{"@type":"BreadcrumbList","@id":"https:\/\/seifen-oper.ch\/?product=picobello-himbeer-blaubeer-125ml#breadcrumb","itemListElement":[{"@type":"ListItem","position":1,"name":"Home","item":"https:\/\/seifen-oper.ch\/"},{"@type":"ListItem","position":2,"name":"Shop","item":"https:\/\/seifen-oper.ch\/?page_id=12"},{"@type":"ListItem","position":3,"name":"&#171;Picobello Himbeer-Blaubeer&#187;, 200ml"}]},{"@type":"WebSite","@id":"https:\/\/seifen-oper.ch\/#website","url":"https:\/\/seifen-oper.ch\/","name":"Seifen Oper GmbH","description":"Kosmetik bester Qualit\u00e4t. Handgefertigt.","publisher":{"@id":"https:\/\/seifen-oper.ch\/#organization"},"potentialAction":[{"@type":"SearchAction","target":{"@type":"EntryPoint","urlTemplate":"https:\/\/seifen-oper.ch\/?s={search_term_string}"},"query-input":{"@type":"PropertyValueSpecification","valueRequired":true,"valueName":"search_term_string"}}],"inLanguage":"de-CH"},{"@type":"Organization","@id":"https:\/\/seifen-oper.ch\/#organization","name":"Seifen Oper GmbH","url":"https:\/\/seifen-oper.ch\/","logo":{"@type":"ImageObject","inLanguage":"de-CH","@id":"https:\/\/seifen-oper.ch\/#\/schema\/logo\/image\/","url":"https:\/\/seifen-oper.ch\/wp-content\/uploads\/2019\/06\/logo.seifen-oper450.txt.1.png","contentUrl":"https:\/\/seifen-oper.ch\/wp-content\/uploads\/2019\/06\/logo.seifen-oper450.txt.1.png","width":1835,"height":1635,"caption":"Seifen Oper GmbH"},"image":{"@id":"https:\/\/seifen-oper.ch\/#\/schema\/logo\/image\/"},"sameAs":["https:\/\/www.facebook.com\/SeifenOperGmbH","https:\/\/www.instagram.com\/explore\/locations\/1028758197\/seifen-oper\/"]}]}},"_links":{"self":[{"href":"https:\/\/seifen-oper.ch\/index.php?rest_route=\/wp\/v2\/product\/418"}],"collection":[{"href":"https:\/\/seifen-oper.ch\/index.php?rest_route=\/wp\/v2\/product"}],"about":[{"href":"https:\/\/seifen-oper.ch\/index.php?rest_route=\/wp\/v2\/types\/product"}],"wp:featuredmedia":[{"embeddable":true,"href":"https:\/\/seifen-oper.ch\/index.php?rest_route=\/wp\/v2\/media\/3572"}],"wp:attachment":[{"href":"https:\/\/seifen-oper.ch\/index.php?rest_route=%2Fwp%2Fv2%2Fmedia&parent=418"}],"wp:term":[{"taxonomy":"product_brand","embeddable":true,"href":"https:\/\/seifen-oper.ch\/index.php?rest_route=%2Fwp%2Fv2%2Fproduct_brand&post=418"},{"taxonomy":"product_cat","embeddable":true,"href":"https:\/\/seifen-oper.ch\/index.php?rest_route=%2Fwp%2Fv2%2Fproduct_cat&post=418"},{"taxonomy":"product_tag","embeddable":true,"href":"https:\/\/seifen-oper.ch\/index.php?rest_route=%2Fwp%2Fv2%2Fproduct_tag&post=418"}],"curies":[{"name":"wp","href":"https:\/\/api.w.org\/{rel}","templated":true}]}}