{"id":4152,"date":"2024-10-24T23:43:04","date_gmt":"2024-10-24T21:43:04","guid":{"rendered":"https:\/\/seifen-oper.ch\/?post_type=product&#038;p=4152"},"modified":"2024-10-24T23:52:32","modified_gmt":"2024-10-24T21:52:32","slug":"seifenkiste","status":"publish","type":"product","link":"https:\/\/seifen-oper.ch\/?product=seifenkiste","title":{"rendered":"&#171;Seifenkiste&#187;"},"content":{"rendered":"<p style=\"text-align: center;\">Geschenk mit 3 handgefertigten, in der Schweiz hergestellten, \u00a0Hand- und K\u00f6rperseifen:<\/p>\n<p style=\"text-align: center;\">-1 <a href=\"https:\/\/seifen-oper.ch\/?product=kirschblutenseife-hanami\">&#171;Hanami&#187;<\/a> Hand-und K\u00f6rperseife, mind. 100g<\/p>\n<p style=\"text-align: center;\">-1<a href=\"https:\/\/seifen-oper.ch\/?product=\u271e\u2665%EF%B8%8F\u2693%EF%B8%8F-seife\"> &#171;\u271e\u2764\ufe0f\u2693\ufe0f- Seife&#187;<\/a>, 130g<\/p>\n<p style=\"text-align: center;\">-1 <a href=\"https:\/\/seifen-oper.ch\/?product=rosmarin-aprikosen-olivenoelseife\">&#171;Rosmarin-Aprikosen Seife&#187;<\/a>, 70g<\/p>\n<p style=\"text-align: center;\">CHF 39.-<\/p>\n<p style=\"text-align: center;\">Die 3 Seifen hier, dienen als Beispiel. Sie k\u00f6nnen die &#171;Seifenkiste&#187; individuell mit 3 Seifen Ihrer Wahl best\u00fccken. Schreiben Sie uns einfach dazu, welche Sie sich w\u00fcnschen.<\/p>\n<p style=\"text-align: center;\">Die 3 Seifen sind in einer hochwertigen weissen Box mit Goldschleife verpackt.<\/p>\n<h6 style=\"text-align: center;\"><\/h6>\n","protected":false},"excerpt":{"rendered":"<p>3 feine, handgemachte Seifen aus unserem Sortiment<\/p>\n","protected":false},"featured_media":4153,"template":"","meta":[],"product_brand":[],"product_cat":[44],"product_tag":[525,474,473,179,527,286,526,528,209,61],"class_list":{"0":"post-4152","1":"product","2":"type-product","3":"status-publish","4":"has-post-thumbnail","6":"product_cat-winter","7":"product_tag-glaube","8":"product_tag-hanami","9":"product_tag-hand-und-koerperseife","10":"product_tag-handgemacht","11":"product_tag-hoffnung","12":"product_tag-kirschbluten","13":"product_tag-liebe","14":"product_tag-rosmarin-aprikosen-seife","15":"product_tag-seifen","16":"product_tag-vegan","18":"first","19":"instock","20":"shipping-taxable","21":"purchasable","22":"product-type-simple"},"yoast_head":"<!-- This site is optimized with the Yoast SEO plugin v25.6 - https:\/\/yoast.com\/wordpress\/plugins\/seo\/ -->\n<title>&quot;Seifenkiste&quot; - Seifen Oper GmbH<\/title>\n<meta name=\"robots\" content=\"index, follow, max-snippet:-1, max-image-preview:large, max-video-preview:-1\" \/>\n<link rel=\"canonical\" href=\"https:\/\/seifen-oper.ch\/?product=seifenkiste\" \/>\n<meta property=\"og:locale\" content=\"de_DE\" \/>\n<meta property=\"og:type\" content=\"article\" \/>\n<meta property=\"og:title\" content=\"&quot;Seifenkiste&quot; - Seifen Oper GmbH\" \/>\n<meta property=\"og:description\" content=\"3 feine, handgemachte Seifen aus unserem Sortiment\" \/>\n<meta property=\"og:url\" content=\"https:\/\/seifen-oper.ch\/?product=seifenkiste\" \/>\n<meta property=\"og:site_name\" content=\"Seifen Oper GmbH\" \/>\n<meta property=\"article:publisher\" content=\"https:\/\/www.facebook.com\/SeifenOperGmbH\" \/>\n<meta property=\"article:modified_time\" content=\"2024-10-24T21:52:32+00:00\" \/>\n<meta property=\"og:image\" content=\"https:\/\/seifen-oper.ch\/wp-content\/uploads\/2024\/10\/seifenkiste.png\" \/>\n\t<meta property=\"og:image:width\" content=\"709\" \/>\n\t<meta property=\"og:image:height\" content=\"793\" \/>\n\t<meta property=\"og:image:type\" content=\"image\/png\" \/>\n<meta name=\"twitter:card\" content=\"summary_large_image\" \/>\n<meta name=\"twitter:label1\" content=\"Gesch\u00e4tzte Lesezeit\" \/>\n\t<meta name=\"twitter:data1\" content=\"1 Minute\" \/>\n<script type=\"application\/ld+json\" class=\"yoast-schema-graph\">{\"@context\":\"https:\/\/schema.org\",\"@graph\":[{\"@type\":\"WebPage\",\"@id\":\"https:\/\/seifen-oper.ch\/?product=seifenkiste\",\"url\":\"https:\/\/seifen-oper.ch\/?product=seifenkiste\",\"name\":\"\\\"Seifenkiste\\\" - Seifen Oper GmbH\",\"isPartOf\":{\"@id\":\"https:\/\/seifen-oper.ch\/#website\"},\"primaryImageOfPage\":{\"@id\":\"https:\/\/seifen-oper.ch\/?product=seifenkiste#primaryimage\"},\"image\":{\"@id\":\"https:\/\/seifen-oper.ch\/?product=seifenkiste#primaryimage\"},\"thumbnailUrl\":\"https:\/\/seifen-oper.ch\/wp-content\/uploads\/2024\/10\/seifenkiste.png\",\"datePublished\":\"2024-10-24T21:43:04+00:00\",\"dateModified\":\"2024-10-24T21:52:32+00:00\",\"breadcrumb\":{\"@id\":\"https:\/\/seifen-oper.ch\/?product=seifenkiste#breadcrumb\"},\"inLanguage\":\"de-CH\",\"potentialAction\":[{\"@type\":\"ReadAction\",\"target\":[\"https:\/\/seifen-oper.ch\/?product=seifenkiste\"]}]},{\"@type\":\"ImageObject\",\"inLanguage\":\"de-CH\",\"@id\":\"https:\/\/seifen-oper.ch\/?product=seifenkiste#primaryimage\",\"url\":\"https:\/\/seifen-oper.ch\/wp-content\/uploads\/2024\/10\/seifenkiste.png\",\"contentUrl\":\"https:\/\/seifen-oper.ch\/wp-content\/uploads\/2024\/10\/seifenkiste.png\",\"width\":709,\"height\":793},{\"@type\":\"BreadcrumbList\",\"@id\":\"https:\/\/seifen-oper.ch\/?product=seifenkiste#breadcrumb\",\"itemListElement\":[{\"@type\":\"ListItem\",\"position\":1,\"name\":\"Home\",\"item\":\"https:\/\/seifen-oper.ch\/\"},{\"@type\":\"ListItem\",\"position\":2,\"name\":\"Shop\",\"item\":\"https:\/\/seifen-oper.ch\/?page_id=12\"},{\"@type\":\"ListItem\",\"position\":3,\"name\":\"&#171;Seifenkiste&#187;\"}]},{\"@type\":\"WebSite\",\"@id\":\"https:\/\/seifen-oper.ch\/#website\",\"url\":\"https:\/\/seifen-oper.ch\/\",\"name\":\"Seifen Oper GmbH\",\"description\":\"Kosmetik bester Qualit\u00e4t. Handgefertigt.\",\"publisher\":{\"@id\":\"https:\/\/seifen-oper.ch\/#organization\"},\"potentialAction\":[{\"@type\":\"SearchAction\",\"target\":{\"@type\":\"EntryPoint\",\"urlTemplate\":\"https:\/\/seifen-oper.ch\/?s={search_term_string}\"},\"query-input\":{\"@type\":\"PropertyValueSpecification\",\"valueRequired\":true,\"valueName\":\"search_term_string\"}}],\"inLanguage\":\"de-CH\"},{\"@type\":\"Organization\",\"@id\":\"https:\/\/seifen-oper.ch\/#organization\",\"name\":\"Seifen Oper GmbH\",\"url\":\"https:\/\/seifen-oper.ch\/\",\"logo\":{\"@type\":\"ImageObject\",\"inLanguage\":\"de-CH\",\"@id\":\"https:\/\/seifen-oper.ch\/#\/schema\/logo\/image\/\",\"url\":\"https:\/\/seifen-oper.ch\/wp-content\/uploads\/2019\/06\/logo.seifen-oper450.txt.1.png\",\"contentUrl\":\"https:\/\/seifen-oper.ch\/wp-content\/uploads\/2019\/06\/logo.seifen-oper450.txt.1.png\",\"width\":1835,\"height\":1635,\"caption\":\"Seifen Oper GmbH\"},\"image\":{\"@id\":\"https:\/\/seifen-oper.ch\/#\/schema\/logo\/image\/\"},\"sameAs\":[\"https:\/\/www.facebook.com\/SeifenOperGmbH\",\"https:\/\/www.instagram.com\/explore\/locations\/1028758197\/seifen-oper\/\"]}]}<\/script>\n<!-- \/ Yoast SEO plugin. -->","yoast_head_json":{"title":"\"Seifenkiste\" - Seifen Oper GmbH","robots":{"index":"index","follow":"follow","max-snippet":"max-snippet:-1","max-image-preview":"max-image-preview:large","max-video-preview":"max-video-preview:-1"},"canonical":"https:\/\/seifen-oper.ch\/?product=seifenkiste","og_locale":"de_DE","og_type":"article","og_title":"\"Seifenkiste\" - Seifen Oper GmbH","og_description":"3 feine, handgemachte Seifen aus unserem Sortiment","og_url":"https:\/\/seifen-oper.ch\/?product=seifenkiste","og_site_name":"Seifen Oper GmbH","article_publisher":"https:\/\/www.facebook.com\/SeifenOperGmbH","article_modified_time":"2024-10-24T21:52:32+00:00","og_image":[{"width":709,"height":793,"url":"https:\/\/seifen-oper.ch\/wp-content\/uploads\/2024\/10\/seifenkiste.png","type":"image\/png"}],"twitter_card":"summary_large_image","twitter_misc":{"Gesch\u00e4tzte Lesezeit":"1 Minute"},"schema":{"@context":"https:\/\/schema.org","@graph":[{"@type":"WebPage","@id":"https:\/\/seifen-oper.ch\/?product=seifenkiste","url":"https:\/\/seifen-oper.ch\/?product=seifenkiste","name":"\"Seifenkiste\" - Seifen Oper GmbH","isPartOf":{"@id":"https:\/\/seifen-oper.ch\/#website"},"primaryImageOfPage":{"@id":"https:\/\/seifen-oper.ch\/?product=seifenkiste#primaryimage"},"image":{"@id":"https:\/\/seifen-oper.ch\/?product=seifenkiste#primaryimage"},"thumbnailUrl":"https:\/\/seifen-oper.ch\/wp-content\/uploads\/2024\/10\/seifenkiste.png","datePublished":"2024-10-24T21:43:04+00:00","dateModified":"2024-10-24T21:52:32+00:00","breadcrumb":{"@id":"https:\/\/seifen-oper.ch\/?product=seifenkiste#breadcrumb"},"inLanguage":"de-CH","potentialAction":[{"@type":"ReadAction","target":["https:\/\/seifen-oper.ch\/?product=seifenkiste"]}]},{"@type":"ImageObject","inLanguage":"de-CH","@id":"https:\/\/seifen-oper.ch\/?product=seifenkiste#primaryimage","url":"https:\/\/seifen-oper.ch\/wp-content\/uploads\/2024\/10\/seifenkiste.png","contentUrl":"https:\/\/seifen-oper.ch\/wp-content\/uploads\/2024\/10\/seifenkiste.png","width":709,"height":793},{"@type":"BreadcrumbList","@id":"https:\/\/seifen-oper.ch\/?product=seifenkiste#breadcrumb","itemListElement":[{"@type":"ListItem","position":1,"name":"Home","item":"https:\/\/seifen-oper.ch\/"},{"@type":"ListItem","position":2,"name":"Shop","item":"https:\/\/seifen-oper.ch\/?page_id=12"},{"@type":"ListItem","position":3,"name":"&#171;Seifenkiste&#187;"}]},{"@type":"WebSite","@id":"https:\/\/seifen-oper.ch\/#website","url":"https:\/\/seifen-oper.ch\/","name":"Seifen Oper GmbH","description":"Kosmetik bester Qualit\u00e4t. Handgefertigt.","publisher":{"@id":"https:\/\/seifen-oper.ch\/#organization"},"potentialAction":[{"@type":"SearchAction","target":{"@type":"EntryPoint","urlTemplate":"https:\/\/seifen-oper.ch\/?s={search_term_string}"},"query-input":{"@type":"PropertyValueSpecification","valueRequired":true,"valueName":"search_term_string"}}],"inLanguage":"de-CH"},{"@type":"Organization","@id":"https:\/\/seifen-oper.ch\/#organization","name":"Seifen Oper GmbH","url":"https:\/\/seifen-oper.ch\/","logo":{"@type":"ImageObject","inLanguage":"de-CH","@id":"https:\/\/seifen-oper.ch\/#\/schema\/logo\/image\/","url":"https:\/\/seifen-oper.ch\/wp-content\/uploads\/2019\/06\/logo.seifen-oper450.txt.1.png","contentUrl":"https:\/\/seifen-oper.ch\/wp-content\/uploads\/2019\/06\/logo.seifen-oper450.txt.1.png","width":1835,"height":1635,"caption":"Seifen Oper GmbH"},"image":{"@id":"https:\/\/seifen-oper.ch\/#\/schema\/logo\/image\/"},"sameAs":["https:\/\/www.facebook.com\/SeifenOperGmbH","https:\/\/www.instagram.com\/explore\/locations\/1028758197\/seifen-oper\/"]}]}},"_links":{"self":[{"href":"https:\/\/seifen-oper.ch\/index.php?rest_route=\/wp\/v2\/product\/4152"}],"collection":[{"href":"https:\/\/seifen-oper.ch\/index.php?rest_route=\/wp\/v2\/product"}],"about":[{"href":"https:\/\/seifen-oper.ch\/index.php?rest_route=\/wp\/v2\/types\/product"}],"wp:featuredmedia":[{"embeddable":true,"href":"https:\/\/seifen-oper.ch\/index.php?rest_route=\/wp\/v2\/media\/4153"}],"wp:attachment":[{"href":"https:\/\/seifen-oper.ch\/index.php?rest_route=%2Fwp%2Fv2%2Fmedia&parent=4152"}],"wp:term":[{"taxonomy":"product_brand","embeddable":true,"href":"https:\/\/seifen-oper.ch\/index.php?rest_route=%2Fwp%2Fv2%2Fproduct_brand&post=4152"},{"taxonomy":"product_cat","embeddable":true,"href":"https:\/\/seifen-oper.ch\/index.php?rest_route=%2Fwp%2Fv2%2Fproduct_cat&post=4152"},{"taxonomy":"product_tag","embeddable":true,"href":"https:\/\/seifen-oper.ch\/index.php?rest_route=%2Fwp%2Fv2%2Fproduct_tag&post=4152"}],"curies":[{"name":"wp","href":"https:\/\/api.w.org\/{rel}","templated":true}]}}