{"id":4141,"date":"2024-10-24T22:15:59","date_gmt":"2024-10-24T20:15:59","guid":{"rendered":"https:\/\/seifen-oper.ch\/?post_type=product&#038;p=4141"},"modified":"2024-10-24T22:15:59","modified_gmt":"2024-10-24T20:15:59","slug":"zeit-fuer-dich-fusspflegegeschenk","status":"publish","type":"product","link":"https:\/\/seifen-oper.ch\/?product=zeit-fuer-dich-fusspflegegeschenk","title":{"rendered":"&#171;Zeit f\u00fcr Dich&#187; -Fusspflegegeschenk"},"content":{"rendered":"<p style=\"text-align: center;\">G\u00f6nnen Sie Ihren F\u00fcssen ein exklusives Verw\u00f6hnprogramm mit diesem Geschenk. Sie finden darin alles, was Sie f\u00fcr eine \u00a0Wohlf\u00fchlbehandlung Ihrer F\u00fcsse ben\u00f6tigen:<\/p>\n<p style=\"text-align: center;\">-1 <a href=\"https:\/\/seifen-oper.ch\/?product=de-wahnsinn-fusspeeling\">&#171;de Wahnsinn&#187;<\/a> &#8211; Fusspeeling, 100g<\/p>\n<p style=\"text-align: center;\">-1 <a href=\"https:\/\/seifen-oper.ch\/?product=fusscreme\">&#171;Limonen-Salbei Fusscreme&#187;<\/a>, 50ml<\/p>\n<p style=\"text-align: center;\">-1 <a href=\"https:\/\/seifen-oper.ch\/?product=ach-du-gruene-neue-seife\">&#171;gr\u00fcne Neune&#187;<\/a> handgemachte Kr\u00e4uterseife, mind. 100g<\/p>\n<p style=\"text-align: center;\">&#171;Zeit f\u00fcr Dich&#187; ist in einer klassisch weissen Box mit goldenem Band und einer Vintage-Etikette verpackt. Das perfekte Geschenk f\u00fcr jede\/n!<\/p>\n<p style=\"text-align: center;\">CHF 47.-<\/p>\n","protected":false},"excerpt":{"rendered":"<p>Verw\u00f6hnpaket f\u00fcr Ihre F\u00fcsse<\/p>\n","protected":false},"featured_media":4142,"template":"","meta":[],"product_brand":[],"product_cat":[28,44],"product_tag":[483,508,512,509,510,72,513,169,511,507],"class_list":{"0":"post-4141","1":"product","2":"type-product","3":"status-publish","4":"has-post-thumbnail","6":"product_cat-handefussedeo","7":"product_cat-winter","8":"product_tag-fusscreme","9":"product_tag-fuesse","10":"product_tag-fusspeeling","11":"product_tag-fusspflege","12":"product_tag-fusspflegeprodukte","13":"product_tag-geschenk","14":"product_tag-kraeuterseife","15":"product_tag-minze","16":"product_tag-verwoehnprogramm","17":"product_tag-zeit-fuer-dich","19":"first","20":"instock","21":"shipping-taxable","22":"purchasable","23":"product-type-simple"},"yoast_head":"<!-- This site is optimized with the Yoast SEO plugin v25.6 - https:\/\/yoast.com\/wordpress\/plugins\/seo\/ -->\n<title>&quot;Zeit f\u00fcr Dich&quot; -Fusspflegegeschenk - Seifen Oper GmbH<\/title>\n<meta name=\"robots\" content=\"index, follow, max-snippet:-1, max-image-preview:large, max-video-preview:-1\" \/>\n<link rel=\"canonical\" href=\"https:\/\/seifen-oper.ch\/?product=zeit-fuer-dich-fusspflegegeschenk\" \/>\n<meta property=\"og:locale\" content=\"de_DE\" \/>\n<meta property=\"og:type\" content=\"article\" \/>\n<meta property=\"og:title\" content=\"&quot;Zeit f\u00fcr Dich&quot; -Fusspflegegeschenk - Seifen Oper GmbH\" \/>\n<meta property=\"og:description\" content=\"Verw\u00f6hnpaket f\u00fcr Ihre F\u00fcsse\" \/>\n<meta property=\"og:url\" content=\"https:\/\/seifen-oper.ch\/?product=zeit-fuer-dich-fusspflegegeschenk\" \/>\n<meta property=\"og:site_name\" content=\"Seifen Oper GmbH\" \/>\n<meta property=\"article:publisher\" content=\"https:\/\/www.facebook.com\/SeifenOperGmbH\" \/>\n<meta property=\"og:image\" content=\"https:\/\/seifen-oper.ch\/wp-content\/uploads\/2024\/10\/zeit-fuer-dich.png\" \/>\n\t<meta property=\"og:image:width\" content=\"709\" \/>\n\t<meta property=\"og:image:height\" content=\"566\" \/>\n\t<meta property=\"og:image:type\" content=\"image\/png\" \/>\n<meta name=\"twitter:card\" content=\"summary_large_image\" \/>\n<meta name=\"twitter:label1\" content=\"Gesch\u00e4tzte Lesezeit\" \/>\n\t<meta name=\"twitter:data1\" content=\"1 Minute\" \/>\n<script type=\"application\/ld+json\" class=\"yoast-schema-graph\">{\"@context\":\"https:\/\/schema.org\",\"@graph\":[{\"@type\":\"WebPage\",\"@id\":\"https:\/\/seifen-oper.ch\/?product=zeit-fuer-dich-fusspflegegeschenk\",\"url\":\"https:\/\/seifen-oper.ch\/?product=zeit-fuer-dich-fusspflegegeschenk\",\"name\":\"\\\"Zeit f\u00fcr Dich\\\" -Fusspflegegeschenk - Seifen Oper GmbH\",\"isPartOf\":{\"@id\":\"https:\/\/seifen-oper.ch\/#website\"},\"primaryImageOfPage\":{\"@id\":\"https:\/\/seifen-oper.ch\/?product=zeit-fuer-dich-fusspflegegeschenk#primaryimage\"},\"image\":{\"@id\":\"https:\/\/seifen-oper.ch\/?product=zeit-fuer-dich-fusspflegegeschenk#primaryimage\"},\"thumbnailUrl\":\"https:\/\/seifen-oper.ch\/wp-content\/uploads\/2024\/10\/zeit-fuer-dich.png\",\"datePublished\":\"2024-10-24T20:15:59+00:00\",\"breadcrumb\":{\"@id\":\"https:\/\/seifen-oper.ch\/?product=zeit-fuer-dich-fusspflegegeschenk#breadcrumb\"},\"inLanguage\":\"de-CH\",\"potentialAction\":[{\"@type\":\"ReadAction\",\"target\":[\"https:\/\/seifen-oper.ch\/?product=zeit-fuer-dich-fusspflegegeschenk\"]}]},{\"@type\":\"ImageObject\",\"inLanguage\":\"de-CH\",\"@id\":\"https:\/\/seifen-oper.ch\/?product=zeit-fuer-dich-fusspflegegeschenk#primaryimage\",\"url\":\"https:\/\/seifen-oper.ch\/wp-content\/uploads\/2024\/10\/zeit-fuer-dich.png\",\"contentUrl\":\"https:\/\/seifen-oper.ch\/wp-content\/uploads\/2024\/10\/zeit-fuer-dich.png\",\"width\":709,\"height\":566},{\"@type\":\"BreadcrumbList\",\"@id\":\"https:\/\/seifen-oper.ch\/?product=zeit-fuer-dich-fusspflegegeschenk#breadcrumb\",\"itemListElement\":[{\"@type\":\"ListItem\",\"position\":1,\"name\":\"Home\",\"item\":\"https:\/\/seifen-oper.ch\/\"},{\"@type\":\"ListItem\",\"position\":2,\"name\":\"Shop\",\"item\":\"https:\/\/seifen-oper.ch\/?page_id=12\"},{\"@type\":\"ListItem\",\"position\":3,\"name\":\"&#171;Zeit f\u00fcr Dich&#187; -Fusspflegegeschenk\"}]},{\"@type\":\"WebSite\",\"@id\":\"https:\/\/seifen-oper.ch\/#website\",\"url\":\"https:\/\/seifen-oper.ch\/\",\"name\":\"Seifen Oper GmbH\",\"description\":\"Kosmetik bester Qualit\u00e4t. Handgefertigt.\",\"publisher\":{\"@id\":\"https:\/\/seifen-oper.ch\/#organization\"},\"potentialAction\":[{\"@type\":\"SearchAction\",\"target\":{\"@type\":\"EntryPoint\",\"urlTemplate\":\"https:\/\/seifen-oper.ch\/?s={search_term_string}\"},\"query-input\":{\"@type\":\"PropertyValueSpecification\",\"valueRequired\":true,\"valueName\":\"search_term_string\"}}],\"inLanguage\":\"de-CH\"},{\"@type\":\"Organization\",\"@id\":\"https:\/\/seifen-oper.ch\/#organization\",\"name\":\"Seifen Oper GmbH\",\"url\":\"https:\/\/seifen-oper.ch\/\",\"logo\":{\"@type\":\"ImageObject\",\"inLanguage\":\"de-CH\",\"@id\":\"https:\/\/seifen-oper.ch\/#\/schema\/logo\/image\/\",\"url\":\"https:\/\/seifen-oper.ch\/wp-content\/uploads\/2019\/06\/logo.seifen-oper450.txt.1.png\",\"contentUrl\":\"https:\/\/seifen-oper.ch\/wp-content\/uploads\/2019\/06\/logo.seifen-oper450.txt.1.png\",\"width\":1835,\"height\":1635,\"caption\":\"Seifen Oper GmbH\"},\"image\":{\"@id\":\"https:\/\/seifen-oper.ch\/#\/schema\/logo\/image\/\"},\"sameAs\":[\"https:\/\/www.facebook.com\/SeifenOperGmbH\",\"https:\/\/www.instagram.com\/explore\/locations\/1028758197\/seifen-oper\/\"]}]}<\/script>\n<!-- \/ Yoast SEO plugin. -->","yoast_head_json":{"title":"\"Zeit f\u00fcr Dich\" -Fusspflegegeschenk - Seifen Oper GmbH","robots":{"index":"index","follow":"follow","max-snippet":"max-snippet:-1","max-image-preview":"max-image-preview:large","max-video-preview":"max-video-preview:-1"},"canonical":"https:\/\/seifen-oper.ch\/?product=zeit-fuer-dich-fusspflegegeschenk","og_locale":"de_DE","og_type":"article","og_title":"\"Zeit f\u00fcr Dich\" -Fusspflegegeschenk - Seifen Oper GmbH","og_description":"Verw\u00f6hnpaket f\u00fcr Ihre F\u00fcsse","og_url":"https:\/\/seifen-oper.ch\/?product=zeit-fuer-dich-fusspflegegeschenk","og_site_name":"Seifen Oper GmbH","article_publisher":"https:\/\/www.facebook.com\/SeifenOperGmbH","og_image":[{"width":709,"height":566,"url":"https:\/\/seifen-oper.ch\/wp-content\/uploads\/2024\/10\/zeit-fuer-dich.png","type":"image\/png"}],"twitter_card":"summary_large_image","twitter_misc":{"Gesch\u00e4tzte Lesezeit":"1 Minute"},"schema":{"@context":"https:\/\/schema.org","@graph":[{"@type":"WebPage","@id":"https:\/\/seifen-oper.ch\/?product=zeit-fuer-dich-fusspflegegeschenk","url":"https:\/\/seifen-oper.ch\/?product=zeit-fuer-dich-fusspflegegeschenk","name":"\"Zeit f\u00fcr Dich\" -Fusspflegegeschenk - Seifen Oper GmbH","isPartOf":{"@id":"https:\/\/seifen-oper.ch\/#website"},"primaryImageOfPage":{"@id":"https:\/\/seifen-oper.ch\/?product=zeit-fuer-dich-fusspflegegeschenk#primaryimage"},"image":{"@id":"https:\/\/seifen-oper.ch\/?product=zeit-fuer-dich-fusspflegegeschenk#primaryimage"},"thumbnailUrl":"https:\/\/seifen-oper.ch\/wp-content\/uploads\/2024\/10\/zeit-fuer-dich.png","datePublished":"2024-10-24T20:15:59+00:00","breadcrumb":{"@id":"https:\/\/seifen-oper.ch\/?product=zeit-fuer-dich-fusspflegegeschenk#breadcrumb"},"inLanguage":"de-CH","potentialAction":[{"@type":"ReadAction","target":["https:\/\/seifen-oper.ch\/?product=zeit-fuer-dich-fusspflegegeschenk"]}]},{"@type":"ImageObject","inLanguage":"de-CH","@id":"https:\/\/seifen-oper.ch\/?product=zeit-fuer-dich-fusspflegegeschenk#primaryimage","url":"https:\/\/seifen-oper.ch\/wp-content\/uploads\/2024\/10\/zeit-fuer-dich.png","contentUrl":"https:\/\/seifen-oper.ch\/wp-content\/uploads\/2024\/10\/zeit-fuer-dich.png","width":709,"height":566},{"@type":"BreadcrumbList","@id":"https:\/\/seifen-oper.ch\/?product=zeit-fuer-dich-fusspflegegeschenk#breadcrumb","itemListElement":[{"@type":"ListItem","position":1,"name":"Home","item":"https:\/\/seifen-oper.ch\/"},{"@type":"ListItem","position":2,"name":"Shop","item":"https:\/\/seifen-oper.ch\/?page_id=12"},{"@type":"ListItem","position":3,"name":"&#171;Zeit f\u00fcr Dich&#187; -Fusspflegegeschenk"}]},{"@type":"WebSite","@id":"https:\/\/seifen-oper.ch\/#website","url":"https:\/\/seifen-oper.ch\/","name":"Seifen Oper GmbH","description":"Kosmetik bester Qualit\u00e4t. Handgefertigt.","publisher":{"@id":"https:\/\/seifen-oper.ch\/#organization"},"potentialAction":[{"@type":"SearchAction","target":{"@type":"EntryPoint","urlTemplate":"https:\/\/seifen-oper.ch\/?s={search_term_string}"},"query-input":{"@type":"PropertyValueSpecification","valueRequired":true,"valueName":"search_term_string"}}],"inLanguage":"de-CH"},{"@type":"Organization","@id":"https:\/\/seifen-oper.ch\/#organization","name":"Seifen Oper GmbH","url":"https:\/\/seifen-oper.ch\/","logo":{"@type":"ImageObject","inLanguage":"de-CH","@id":"https:\/\/seifen-oper.ch\/#\/schema\/logo\/image\/","url":"https:\/\/seifen-oper.ch\/wp-content\/uploads\/2019\/06\/logo.seifen-oper450.txt.1.png","contentUrl":"https:\/\/seifen-oper.ch\/wp-content\/uploads\/2019\/06\/logo.seifen-oper450.txt.1.png","width":1835,"height":1635,"caption":"Seifen Oper GmbH"},"image":{"@id":"https:\/\/seifen-oper.ch\/#\/schema\/logo\/image\/"},"sameAs":["https:\/\/www.facebook.com\/SeifenOperGmbH","https:\/\/www.instagram.com\/explore\/locations\/1028758197\/seifen-oper\/"]}]}},"_links":{"self":[{"href":"https:\/\/seifen-oper.ch\/index.php?rest_route=\/wp\/v2\/product\/4141"}],"collection":[{"href":"https:\/\/seifen-oper.ch\/index.php?rest_route=\/wp\/v2\/product"}],"about":[{"href":"https:\/\/seifen-oper.ch\/index.php?rest_route=\/wp\/v2\/types\/product"}],"wp:featuredmedia":[{"embeddable":true,"href":"https:\/\/seifen-oper.ch\/index.php?rest_route=\/wp\/v2\/media\/4142"}],"wp:attachment":[{"href":"https:\/\/seifen-oper.ch\/index.php?rest_route=%2Fwp%2Fv2%2Fmedia&parent=4141"}],"wp:term":[{"taxonomy":"product_brand","embeddable":true,"href":"https:\/\/seifen-oper.ch\/index.php?rest_route=%2Fwp%2Fv2%2Fproduct_brand&post=4141"},{"taxonomy":"product_cat","embeddable":true,"href":"https:\/\/seifen-oper.ch\/index.php?rest_route=%2Fwp%2Fv2%2Fproduct_cat&post=4141"},{"taxonomy":"product_tag","embeddable":true,"href":"https:\/\/seifen-oper.ch\/index.php?rest_route=%2Fwp%2Fv2%2Fproduct_tag&post=4141"}],"curies":[{"name":"wp","href":"https:\/\/api.w.org\/{rel}","templated":true}]}}