{"id":4019,"date":"2024-02-06T07:56:48","date_gmt":"2024-02-06T06:56:48","guid":{"rendered":"https:\/\/seifen-oper.ch\/?post_type=product&#038;p=4019"},"modified":"2026-02-09T08:26:56","modified_gmt":"2026-02-09T07:26:56","slug":"4019","status":"publish","type":"product","link":"https:\/\/seifen-oper.ch\/?product=4019","title":{"rendered":"Rhabarber-Pfingstrosen K\u00f6rpercreme"},"content":{"rendered":"<p>Diese zarte, rosafarbene K\u00f6rpercreme verw\u00f6hnt Ihre Haut mit Avocado\u00f6l und macht sie \u00a0geschmeidig. Der liebliche und doch erfrischende \u00a0Duft von Pfingstrosen und Rhabarber macht sie unwiderstehlich. Ideale Feuchtigkeitspflege f\u00fcr trockene Haut. Die Creme ist von leichter Textur und pflegt Ihre Haut optimal.\u00a0Bitte nur \u00e4usserlich anwenden.<\/p>\n<p>Inhaltsstoffe: INCI: Aqua (Wasser),\u00a0Glycerine soja (Soja\u00f6l),\u00a0Brassica campestris seed oil\u00a0(Raps\u00f6l),\u00a0Cocos nucifera (Kokos\u00f6l),\u00a0Persea Gratissima\u00a0(Avocado\u00f6l),\u00a0Sodium Cetearyl Sulfate (Emulgator), Parf\u00fcm\u00f6l, E122 (rotes Farbpigment)<\/p>\n<p>250ml \/ Sfr. 35.-<\/p>\n<p><strong>\u00a0<\/strong><\/p>\n","protected":false},"excerpt":{"rendered":"<p>zarte, rosa K\u00f6rpercreme mit \u00a0lieblich, erfrischendem \u00a0Duft von Pfingstrosen und Rhabarber<\/p>\n","protected":false},"featured_media":4020,"template":"","meta":[],"product_brand":[],"product_cat":[681,27],"product_tag":[118,453,81,429,451,68,452,448,454],"class_list":{"0":"post-4019","1":"product","2":"type-product","3":"status-publish","4":"has-post-thumbnail","6":"product_cat-fruehling","7":"product_cat-korpercremes","8":"product_tag-frisch","9":"product_tag-fruehling","10":"product_tag-korpercreme","11":"product_tag-lieblich","12":"product_tag-pfingstrose","13":"product_tag-pflegend","14":"product_tag-rhabarber","15":"product_tag-rosa","16":"product_tag-zart","18":"first","19":"instock","20":"shipping-taxable","21":"purchasable","22":"product-type-simple"},"yoast_head":"<!-- This site is optimized with the Yoast SEO plugin v25.6 - https:\/\/yoast.com\/wordpress\/plugins\/seo\/ -->\n<title>Rhabarber-Pfingstrosen K\u00f6rpercreme - Seifen Oper GmbH<\/title>\n<meta name=\"robots\" content=\"index, follow, max-snippet:-1, max-image-preview:large, max-video-preview:-1\" \/>\n<link rel=\"canonical\" href=\"https:\/\/seifen-oper.ch\/?product=4019\" \/>\n<meta property=\"og:locale\" content=\"de_DE\" \/>\n<meta property=\"og:type\" content=\"article\" \/>\n<meta property=\"og:title\" content=\"Rhabarber-Pfingstrosen K\u00f6rpercreme - Seifen Oper GmbH\" \/>\n<meta property=\"og:description\" content=\"zarte, rosa K\u00f6rpercreme mit \u00a0lieblich, erfrischendem \u00a0Duft von Pfingstrosen und Rhabarber\" \/>\n<meta property=\"og:url\" content=\"https:\/\/seifen-oper.ch\/?product=4019\" \/>\n<meta property=\"og:site_name\" content=\"Seifen Oper GmbH\" \/>\n<meta property=\"article:publisher\" content=\"https:\/\/www.facebook.com\/SeifenOperGmbH\" \/>\n<meta property=\"article:modified_time\" content=\"2026-02-09T07:26:56+00:00\" \/>\n<meta property=\"og:image\" content=\"https:\/\/seifen-oper.ch\/wp-content\/uploads\/2024\/02\/rhabarber-pfingstrosencreme-scaled.jpeg\" \/>\n\t<meta property=\"og:image:width\" content=\"2560\" \/>\n\t<meta property=\"og:image:height\" content=\"2314\" \/>\n\t<meta property=\"og:image:type\" content=\"image\/jpeg\" \/>\n<meta name=\"twitter:card\" content=\"summary_large_image\" \/>\n<meta name=\"twitter:label1\" content=\"Gesch\u00e4tzte Lesezeit\" \/>\n\t<meta name=\"twitter:data1\" content=\"1 Minute\" \/>\n<script type=\"application\/ld+json\" class=\"yoast-schema-graph\">{\"@context\":\"https:\/\/schema.org\",\"@graph\":[{\"@type\":\"WebPage\",\"@id\":\"https:\/\/seifen-oper.ch\/?product=4019\",\"url\":\"https:\/\/seifen-oper.ch\/?product=4019\",\"name\":\"Rhabarber-Pfingstrosen K\u00f6rpercreme - Seifen Oper GmbH\",\"isPartOf\":{\"@id\":\"https:\/\/seifen-oper.ch\/#website\"},\"primaryImageOfPage\":{\"@id\":\"https:\/\/seifen-oper.ch\/?product=4019#primaryimage\"},\"image\":{\"@id\":\"https:\/\/seifen-oper.ch\/?product=4019#primaryimage\"},\"thumbnailUrl\":\"https:\/\/seifen-oper.ch\/wp-content\/uploads\/2024\/02\/rhabarber-pfingstrosencreme-scaled.jpeg\",\"datePublished\":\"2024-02-06T06:56:48+00:00\",\"dateModified\":\"2026-02-09T07:26:56+00:00\",\"breadcrumb\":{\"@id\":\"https:\/\/seifen-oper.ch\/?product=4019#breadcrumb\"},\"inLanguage\":\"de-CH\",\"potentialAction\":[{\"@type\":\"ReadAction\",\"target\":[\"https:\/\/seifen-oper.ch\/?product=4019\"]}]},{\"@type\":\"ImageObject\",\"inLanguage\":\"de-CH\",\"@id\":\"https:\/\/seifen-oper.ch\/?product=4019#primaryimage\",\"url\":\"https:\/\/seifen-oper.ch\/wp-content\/uploads\/2024\/02\/rhabarber-pfingstrosencreme-scaled.jpeg\",\"contentUrl\":\"https:\/\/seifen-oper.ch\/wp-content\/uploads\/2024\/02\/rhabarber-pfingstrosencreme-scaled.jpeg\",\"width\":2560,\"height\":2314},{\"@type\":\"BreadcrumbList\",\"@id\":\"https:\/\/seifen-oper.ch\/?product=4019#breadcrumb\",\"itemListElement\":[{\"@type\":\"ListItem\",\"position\":1,\"name\":\"Home\",\"item\":\"https:\/\/seifen-oper.ch\/\"},{\"@type\":\"ListItem\",\"position\":2,\"name\":\"Shop\",\"item\":\"https:\/\/seifen-oper.ch\/?page_id=12\"},{\"@type\":\"ListItem\",\"position\":3,\"name\":\"Rhabarber-Pfingstrosen K\u00f6rpercreme\"}]},{\"@type\":\"WebSite\",\"@id\":\"https:\/\/seifen-oper.ch\/#website\",\"url\":\"https:\/\/seifen-oper.ch\/\",\"name\":\"Seifen Oper GmbH\",\"description\":\"Kosmetik bester Qualit\u00e4t. Handgefertigt.\",\"publisher\":{\"@id\":\"https:\/\/seifen-oper.ch\/#organization\"},\"potentialAction\":[{\"@type\":\"SearchAction\",\"target\":{\"@type\":\"EntryPoint\",\"urlTemplate\":\"https:\/\/seifen-oper.ch\/?s={search_term_string}\"},\"query-input\":{\"@type\":\"PropertyValueSpecification\",\"valueRequired\":true,\"valueName\":\"search_term_string\"}}],\"inLanguage\":\"de-CH\"},{\"@type\":\"Organization\",\"@id\":\"https:\/\/seifen-oper.ch\/#organization\",\"name\":\"Seifen Oper GmbH\",\"url\":\"https:\/\/seifen-oper.ch\/\",\"logo\":{\"@type\":\"ImageObject\",\"inLanguage\":\"de-CH\",\"@id\":\"https:\/\/seifen-oper.ch\/#\/schema\/logo\/image\/\",\"url\":\"https:\/\/seifen-oper.ch\/wp-content\/uploads\/2019\/06\/logo.seifen-oper450.txt.1.png\",\"contentUrl\":\"https:\/\/seifen-oper.ch\/wp-content\/uploads\/2019\/06\/logo.seifen-oper450.txt.1.png\",\"width\":1835,\"height\":1635,\"caption\":\"Seifen Oper GmbH\"},\"image\":{\"@id\":\"https:\/\/seifen-oper.ch\/#\/schema\/logo\/image\/\"},\"sameAs\":[\"https:\/\/www.facebook.com\/SeifenOperGmbH\",\"https:\/\/www.instagram.com\/explore\/locations\/1028758197\/seifen-oper\/\"]}]}<\/script>\n<!-- \/ Yoast SEO plugin. -->","yoast_head_json":{"title":"Rhabarber-Pfingstrosen K\u00f6rpercreme - Seifen Oper GmbH","robots":{"index":"index","follow":"follow","max-snippet":"max-snippet:-1","max-image-preview":"max-image-preview:large","max-video-preview":"max-video-preview:-1"},"canonical":"https:\/\/seifen-oper.ch\/?product=4019","og_locale":"de_DE","og_type":"article","og_title":"Rhabarber-Pfingstrosen K\u00f6rpercreme - Seifen Oper GmbH","og_description":"zarte, rosa K\u00f6rpercreme mit \u00a0lieblich, erfrischendem \u00a0Duft von Pfingstrosen und Rhabarber","og_url":"https:\/\/seifen-oper.ch\/?product=4019","og_site_name":"Seifen Oper GmbH","article_publisher":"https:\/\/www.facebook.com\/SeifenOperGmbH","article_modified_time":"2026-02-09T07:26:56+00:00","og_image":[{"width":2560,"height":2314,"url":"https:\/\/seifen-oper.ch\/wp-content\/uploads\/2024\/02\/rhabarber-pfingstrosencreme-scaled.jpeg","type":"image\/jpeg"}],"twitter_card":"summary_large_image","twitter_misc":{"Gesch\u00e4tzte Lesezeit":"1 Minute"},"schema":{"@context":"https:\/\/schema.org","@graph":[{"@type":"WebPage","@id":"https:\/\/seifen-oper.ch\/?product=4019","url":"https:\/\/seifen-oper.ch\/?product=4019","name":"Rhabarber-Pfingstrosen K\u00f6rpercreme - Seifen Oper GmbH","isPartOf":{"@id":"https:\/\/seifen-oper.ch\/#website"},"primaryImageOfPage":{"@id":"https:\/\/seifen-oper.ch\/?product=4019#primaryimage"},"image":{"@id":"https:\/\/seifen-oper.ch\/?product=4019#primaryimage"},"thumbnailUrl":"https:\/\/seifen-oper.ch\/wp-content\/uploads\/2024\/02\/rhabarber-pfingstrosencreme-scaled.jpeg","datePublished":"2024-02-06T06:56:48+00:00","dateModified":"2026-02-09T07:26:56+00:00","breadcrumb":{"@id":"https:\/\/seifen-oper.ch\/?product=4019#breadcrumb"},"inLanguage":"de-CH","potentialAction":[{"@type":"ReadAction","target":["https:\/\/seifen-oper.ch\/?product=4019"]}]},{"@type":"ImageObject","inLanguage":"de-CH","@id":"https:\/\/seifen-oper.ch\/?product=4019#primaryimage","url":"https:\/\/seifen-oper.ch\/wp-content\/uploads\/2024\/02\/rhabarber-pfingstrosencreme-scaled.jpeg","contentUrl":"https:\/\/seifen-oper.ch\/wp-content\/uploads\/2024\/02\/rhabarber-pfingstrosencreme-scaled.jpeg","width":2560,"height":2314},{"@type":"BreadcrumbList","@id":"https:\/\/seifen-oper.ch\/?product=4019#breadcrumb","itemListElement":[{"@type":"ListItem","position":1,"name":"Home","item":"https:\/\/seifen-oper.ch\/"},{"@type":"ListItem","position":2,"name":"Shop","item":"https:\/\/seifen-oper.ch\/?page_id=12"},{"@type":"ListItem","position":3,"name":"Rhabarber-Pfingstrosen K\u00f6rpercreme"}]},{"@type":"WebSite","@id":"https:\/\/seifen-oper.ch\/#website","url":"https:\/\/seifen-oper.ch\/","name":"Seifen Oper GmbH","description":"Kosmetik bester Qualit\u00e4t. Handgefertigt.","publisher":{"@id":"https:\/\/seifen-oper.ch\/#organization"},"potentialAction":[{"@type":"SearchAction","target":{"@type":"EntryPoint","urlTemplate":"https:\/\/seifen-oper.ch\/?s={search_term_string}"},"query-input":{"@type":"PropertyValueSpecification","valueRequired":true,"valueName":"search_term_string"}}],"inLanguage":"de-CH"},{"@type":"Organization","@id":"https:\/\/seifen-oper.ch\/#organization","name":"Seifen Oper GmbH","url":"https:\/\/seifen-oper.ch\/","logo":{"@type":"ImageObject","inLanguage":"de-CH","@id":"https:\/\/seifen-oper.ch\/#\/schema\/logo\/image\/","url":"https:\/\/seifen-oper.ch\/wp-content\/uploads\/2019\/06\/logo.seifen-oper450.txt.1.png","contentUrl":"https:\/\/seifen-oper.ch\/wp-content\/uploads\/2019\/06\/logo.seifen-oper450.txt.1.png","width":1835,"height":1635,"caption":"Seifen Oper GmbH"},"image":{"@id":"https:\/\/seifen-oper.ch\/#\/schema\/logo\/image\/"},"sameAs":["https:\/\/www.facebook.com\/SeifenOperGmbH","https:\/\/www.instagram.com\/explore\/locations\/1028758197\/seifen-oper\/"]}]}},"_links":{"self":[{"href":"https:\/\/seifen-oper.ch\/index.php?rest_route=\/wp\/v2\/product\/4019"}],"collection":[{"href":"https:\/\/seifen-oper.ch\/index.php?rest_route=\/wp\/v2\/product"}],"about":[{"href":"https:\/\/seifen-oper.ch\/index.php?rest_route=\/wp\/v2\/types\/product"}],"wp:featuredmedia":[{"embeddable":true,"href":"https:\/\/seifen-oper.ch\/index.php?rest_route=\/wp\/v2\/media\/4020"}],"wp:attachment":[{"href":"https:\/\/seifen-oper.ch\/index.php?rest_route=%2Fwp%2Fv2%2Fmedia&parent=4019"}],"wp:term":[{"taxonomy":"product_brand","embeddable":true,"href":"https:\/\/seifen-oper.ch\/index.php?rest_route=%2Fwp%2Fv2%2Fproduct_brand&post=4019"},{"taxonomy":"product_cat","embeddable":true,"href":"https:\/\/seifen-oper.ch\/index.php?rest_route=%2Fwp%2Fv2%2Fproduct_cat&post=4019"},{"taxonomy":"product_tag","embeddable":true,"href":"https:\/\/seifen-oper.ch\/index.php?rest_route=%2Fwp%2Fv2%2Fproduct_tag&post=4019"}],"curies":[{"name":"wp","href":"https:\/\/api.w.org\/{rel}","templated":true}]}}