{"id":3979,"date":"2023-10-18T22:04:10","date_gmt":"2023-10-18T20:04:10","guid":{"rendered":"https:\/\/seifen-oper.ch\/?post_type=product&#038;p=3979"},"modified":"2024-10-28T22:25:45","modified_gmt":"2024-10-28T21:25:45","slug":"algen-peelingseife","status":"publish","type":"product","link":"https:\/\/seifen-oper.ch\/?product=algen-peelingseife","title":{"rendered":"\u201eAlgen-Peelingseife\u201c"},"content":{"rendered":"<p>Diese handgemachte, vegane, palm\u00f6lfreie Hand- und K\u00f6rperseife pflegt Ihre Haut optimal:<span class=\"Apple-converted-space\">\u00a0 <\/span>Sie entfernt abgestorbene Hautsch\u00fcppchen mit einem nat\u00fcrlichen Peeling aus Erdbeersamen, ohne die Umwelt zu belasten. Kokos-und Oliven\u00f6l machen sie wunderbar r\u00fcckfettend. Wie der Name schon sagt, enth\u00e4lt unsere \u201eAlgen-Peelingseife\u201c Spirulina. Spirulina ist eine ausgezeichnete Quelle f\u00fcr essentielle N\u00e4hrstoffe wie Proteine, Vitamine (B-Komplex, Vitamin E), Mineralien (Eisen, Kalzium, Magnesium) und Aminos\u00e4uren. Diese N\u00e4hrstoffe sind f\u00fcr eine gesunde Haut unerl\u00e4sslich und tragen dazu bei, das Hautgewebe zu st\u00e4rken, zu regenerieren und zu straffen.<\/p>\n<p>\u201eAlgen-Peelingseife\u201c duftet angenehm frisch nach weissem Tee.<\/p>\n<p>Diese Seife ist ein echter Allesk\u00f6nner! Und eignet sich auch wunderbar als Geschenk, da sie so vielseitig verwendbar ist: egal ob bei schmutzigen Gartenh\u00e4nden oder im Kampf gegen Cellulite: \u201eAlgen-Peelingseife\u201c geh\u00f6rt in jeden Haushalt \ud83d\ude42<\/p>\n<p>100g \/ CHF 14.-<\/p>\n<p>Inhaltsstoffe:\u00a0INCI:\u00a0Cocos nucifera (Kokos\u00f6l), Aqua,\u00a0Glycine soja\u00a0(Soja\u00f6l),\u00a0Brassica campestris seed oil\u00a0(Raps\u00f6l),\u00a0Olea Europaea (Oliven\u00f6l),<span class=\"Apple-converted-space\">\u00a0 <\/span>Sodium Hydroxide (NaOH)<b>,<\/b>PlatensisPowder (Spirulia),Fragaria Ananassa Fruit Powder (Erdbeersamen), Parf\u00fcm,\u00a0E122 (rotes Farbpigment), E142 (gr\u00fcnes Farbpigment),Parf\u00fcm\u00f6l,\u00a0CI 77019 (rosa Farbpigment)<\/p>\n","protected":false},"excerpt":{"rendered":"<p>Hand-und K\u00f6rperseife mit Algen, Erdbeersamenpeeling und dem Duft von weissem Tee.<\/p>\n","protected":false},"featured_media":3980,"template":"","meta":[],"product_brand":[],"product_cat":[17],"product_tag":[445,446,179,195,55,196,130,213,73,444,447,61,419],"class_list":{"0":"post-3979","1":"product","2":"type-product","3":"status-publish","4":"has-post-thumbnail","6":"product_cat-seifen","7":"product_tag-erdbeersamen","8":"product_tag-erdbeersamenpeeling","9":"product_tag-handgemacht","10":"product_tag-handseife","11":"product_tag-kokosbutter","12":"product_tag-korperseife","13":"product_tag-olivenoel","14":"product_tag-palmolfrei","15":"product_tag-peeling","16":"product_tag-spirulina","17":"product_tag-tee","18":"product_tag-vegan","19":"product_tag-weisser-tee","21":"first","22":"instock","23":"shipping-taxable","24":"purchasable","25":"product-type-simple"},"yoast_head":"<!-- This site is optimized with the Yoast SEO plugin v25.6 - https:\/\/yoast.com\/wordpress\/plugins\/seo\/ -->\n<title>\u201eAlgen-Peelingseife\u201c - Seifen Oper GmbH<\/title>\n<meta name=\"robots\" content=\"index, follow, max-snippet:-1, max-image-preview:large, max-video-preview:-1\" \/>\n<link rel=\"canonical\" href=\"https:\/\/seifen-oper.ch\/?product=algen-peelingseife\" \/>\n<meta property=\"og:locale\" content=\"de_DE\" \/>\n<meta property=\"og:type\" content=\"article\" \/>\n<meta property=\"og:title\" content=\"\u201eAlgen-Peelingseife\u201c - Seifen Oper GmbH\" \/>\n<meta property=\"og:description\" content=\"Hand-und K\u00f6rperseife mit Algen, Erdbeersamenpeeling und dem Duft von weissem Tee.\" \/>\n<meta property=\"og:url\" content=\"https:\/\/seifen-oper.ch\/?product=algen-peelingseife\" \/>\n<meta property=\"og:site_name\" content=\"Seifen Oper GmbH\" \/>\n<meta property=\"article:publisher\" content=\"https:\/\/www.facebook.com\/SeifenOperGmbH\" \/>\n<meta property=\"article:modified_time\" content=\"2024-10-28T21:25:45+00:00\" \/>\n<meta property=\"og:image\" content=\"https:\/\/seifen-oper.ch\/wp-content\/uploads\/2023\/10\/algen-peeling-1024x770.png\" \/>\n\t<meta property=\"og:image:width\" content=\"1024\" \/>\n\t<meta property=\"og:image:height\" content=\"770\" \/>\n\t<meta property=\"og:image:type\" content=\"image\/png\" \/>\n<meta name=\"twitter:card\" content=\"summary_large_image\" \/>\n<meta name=\"twitter:label1\" content=\"Gesch\u00e4tzte Lesezeit\" \/>\n\t<meta name=\"twitter:data1\" content=\"2 Minuten\" \/>\n<script type=\"application\/ld+json\" class=\"yoast-schema-graph\">{\"@context\":\"https:\/\/schema.org\",\"@graph\":[{\"@type\":\"WebPage\",\"@id\":\"https:\/\/seifen-oper.ch\/?product=algen-peelingseife\",\"url\":\"https:\/\/seifen-oper.ch\/?product=algen-peelingseife\",\"name\":\"\u201eAlgen-Peelingseife\u201c - Seifen Oper GmbH\",\"isPartOf\":{\"@id\":\"https:\/\/seifen-oper.ch\/#website\"},\"primaryImageOfPage\":{\"@id\":\"https:\/\/seifen-oper.ch\/?product=algen-peelingseife#primaryimage\"},\"image\":{\"@id\":\"https:\/\/seifen-oper.ch\/?product=algen-peelingseife#primaryimage\"},\"thumbnailUrl\":\"https:\/\/seifen-oper.ch\/wp-content\/uploads\/2023\/10\/algen-peeling.png\",\"datePublished\":\"2023-10-18T20:04:10+00:00\",\"dateModified\":\"2024-10-28T21:25:45+00:00\",\"breadcrumb\":{\"@id\":\"https:\/\/seifen-oper.ch\/?product=algen-peelingseife#breadcrumb\"},\"inLanguage\":\"de-CH\",\"potentialAction\":[{\"@type\":\"ReadAction\",\"target\":[\"https:\/\/seifen-oper.ch\/?product=algen-peelingseife\"]}]},{\"@type\":\"ImageObject\",\"inLanguage\":\"de-CH\",\"@id\":\"https:\/\/seifen-oper.ch\/?product=algen-peelingseife#primaryimage\",\"url\":\"https:\/\/seifen-oper.ch\/wp-content\/uploads\/2023\/10\/algen-peeling.png\",\"contentUrl\":\"https:\/\/seifen-oper.ch\/wp-content\/uploads\/2023\/10\/algen-peeling.png\",\"width\":2884,\"height\":2170},{\"@type\":\"BreadcrumbList\",\"@id\":\"https:\/\/seifen-oper.ch\/?product=algen-peelingseife#breadcrumb\",\"itemListElement\":[{\"@type\":\"ListItem\",\"position\":1,\"name\":\"Home\",\"item\":\"https:\/\/seifen-oper.ch\/\"},{\"@type\":\"ListItem\",\"position\":2,\"name\":\"Shop\",\"item\":\"https:\/\/seifen-oper.ch\/?page_id=12\"},{\"@type\":\"ListItem\",\"position\":3,\"name\":\"\u201eAlgen-Peelingseife\u201c\"}]},{\"@type\":\"WebSite\",\"@id\":\"https:\/\/seifen-oper.ch\/#website\",\"url\":\"https:\/\/seifen-oper.ch\/\",\"name\":\"Seifen Oper GmbH\",\"description\":\"Kosmetik bester Qualit\u00e4t. Handgefertigt.\",\"publisher\":{\"@id\":\"https:\/\/seifen-oper.ch\/#organization\"},\"potentialAction\":[{\"@type\":\"SearchAction\",\"target\":{\"@type\":\"EntryPoint\",\"urlTemplate\":\"https:\/\/seifen-oper.ch\/?s={search_term_string}\"},\"query-input\":{\"@type\":\"PropertyValueSpecification\",\"valueRequired\":true,\"valueName\":\"search_term_string\"}}],\"inLanguage\":\"de-CH\"},{\"@type\":\"Organization\",\"@id\":\"https:\/\/seifen-oper.ch\/#organization\",\"name\":\"Seifen Oper GmbH\",\"url\":\"https:\/\/seifen-oper.ch\/\",\"logo\":{\"@type\":\"ImageObject\",\"inLanguage\":\"de-CH\",\"@id\":\"https:\/\/seifen-oper.ch\/#\/schema\/logo\/image\/\",\"url\":\"https:\/\/seifen-oper.ch\/wp-content\/uploads\/2019\/06\/logo.seifen-oper450.txt.1.png\",\"contentUrl\":\"https:\/\/seifen-oper.ch\/wp-content\/uploads\/2019\/06\/logo.seifen-oper450.txt.1.png\",\"width\":1835,\"height\":1635,\"caption\":\"Seifen Oper GmbH\"},\"image\":{\"@id\":\"https:\/\/seifen-oper.ch\/#\/schema\/logo\/image\/\"},\"sameAs\":[\"https:\/\/www.facebook.com\/SeifenOperGmbH\",\"https:\/\/www.instagram.com\/explore\/locations\/1028758197\/seifen-oper\/\"]}]}<\/script>\n<!-- \/ Yoast SEO plugin. -->","yoast_head_json":{"title":"\u201eAlgen-Peelingseife\u201c - Seifen Oper GmbH","robots":{"index":"index","follow":"follow","max-snippet":"max-snippet:-1","max-image-preview":"max-image-preview:large","max-video-preview":"max-video-preview:-1"},"canonical":"https:\/\/seifen-oper.ch\/?product=algen-peelingseife","og_locale":"de_DE","og_type":"article","og_title":"\u201eAlgen-Peelingseife\u201c - Seifen Oper GmbH","og_description":"Hand-und K\u00f6rperseife mit Algen, Erdbeersamenpeeling und dem Duft von weissem Tee.","og_url":"https:\/\/seifen-oper.ch\/?product=algen-peelingseife","og_site_name":"Seifen Oper GmbH","article_publisher":"https:\/\/www.facebook.com\/SeifenOperGmbH","article_modified_time":"2024-10-28T21:25:45+00:00","og_image":[{"width":1024,"height":770,"url":"https:\/\/seifen-oper.ch\/wp-content\/uploads\/2023\/10\/algen-peeling-1024x770.png","type":"image\/png"}],"twitter_card":"summary_large_image","twitter_misc":{"Gesch\u00e4tzte Lesezeit":"2 Minuten"},"schema":{"@context":"https:\/\/schema.org","@graph":[{"@type":"WebPage","@id":"https:\/\/seifen-oper.ch\/?product=algen-peelingseife","url":"https:\/\/seifen-oper.ch\/?product=algen-peelingseife","name":"\u201eAlgen-Peelingseife\u201c - Seifen Oper GmbH","isPartOf":{"@id":"https:\/\/seifen-oper.ch\/#website"},"primaryImageOfPage":{"@id":"https:\/\/seifen-oper.ch\/?product=algen-peelingseife#primaryimage"},"image":{"@id":"https:\/\/seifen-oper.ch\/?product=algen-peelingseife#primaryimage"},"thumbnailUrl":"https:\/\/seifen-oper.ch\/wp-content\/uploads\/2023\/10\/algen-peeling.png","datePublished":"2023-10-18T20:04:10+00:00","dateModified":"2024-10-28T21:25:45+00:00","breadcrumb":{"@id":"https:\/\/seifen-oper.ch\/?product=algen-peelingseife#breadcrumb"},"inLanguage":"de-CH","potentialAction":[{"@type":"ReadAction","target":["https:\/\/seifen-oper.ch\/?product=algen-peelingseife"]}]},{"@type":"ImageObject","inLanguage":"de-CH","@id":"https:\/\/seifen-oper.ch\/?product=algen-peelingseife#primaryimage","url":"https:\/\/seifen-oper.ch\/wp-content\/uploads\/2023\/10\/algen-peeling.png","contentUrl":"https:\/\/seifen-oper.ch\/wp-content\/uploads\/2023\/10\/algen-peeling.png","width":2884,"height":2170},{"@type":"BreadcrumbList","@id":"https:\/\/seifen-oper.ch\/?product=algen-peelingseife#breadcrumb","itemListElement":[{"@type":"ListItem","position":1,"name":"Home","item":"https:\/\/seifen-oper.ch\/"},{"@type":"ListItem","position":2,"name":"Shop","item":"https:\/\/seifen-oper.ch\/?page_id=12"},{"@type":"ListItem","position":3,"name":"\u201eAlgen-Peelingseife\u201c"}]},{"@type":"WebSite","@id":"https:\/\/seifen-oper.ch\/#website","url":"https:\/\/seifen-oper.ch\/","name":"Seifen Oper GmbH","description":"Kosmetik bester Qualit\u00e4t. Handgefertigt.","publisher":{"@id":"https:\/\/seifen-oper.ch\/#organization"},"potentialAction":[{"@type":"SearchAction","target":{"@type":"EntryPoint","urlTemplate":"https:\/\/seifen-oper.ch\/?s={search_term_string}"},"query-input":{"@type":"PropertyValueSpecification","valueRequired":true,"valueName":"search_term_string"}}],"inLanguage":"de-CH"},{"@type":"Organization","@id":"https:\/\/seifen-oper.ch\/#organization","name":"Seifen Oper GmbH","url":"https:\/\/seifen-oper.ch\/","logo":{"@type":"ImageObject","inLanguage":"de-CH","@id":"https:\/\/seifen-oper.ch\/#\/schema\/logo\/image\/","url":"https:\/\/seifen-oper.ch\/wp-content\/uploads\/2019\/06\/logo.seifen-oper450.txt.1.png","contentUrl":"https:\/\/seifen-oper.ch\/wp-content\/uploads\/2019\/06\/logo.seifen-oper450.txt.1.png","width":1835,"height":1635,"caption":"Seifen Oper GmbH"},"image":{"@id":"https:\/\/seifen-oper.ch\/#\/schema\/logo\/image\/"},"sameAs":["https:\/\/www.facebook.com\/SeifenOperGmbH","https:\/\/www.instagram.com\/explore\/locations\/1028758197\/seifen-oper\/"]}]}},"_links":{"self":[{"href":"https:\/\/seifen-oper.ch\/index.php?rest_route=\/wp\/v2\/product\/3979"}],"collection":[{"href":"https:\/\/seifen-oper.ch\/index.php?rest_route=\/wp\/v2\/product"}],"about":[{"href":"https:\/\/seifen-oper.ch\/index.php?rest_route=\/wp\/v2\/types\/product"}],"wp:featuredmedia":[{"embeddable":true,"href":"https:\/\/seifen-oper.ch\/index.php?rest_route=\/wp\/v2\/media\/3980"}],"wp:attachment":[{"href":"https:\/\/seifen-oper.ch\/index.php?rest_route=%2Fwp%2Fv2%2Fmedia&parent=3979"}],"wp:term":[{"taxonomy":"product_brand","embeddable":true,"href":"https:\/\/seifen-oper.ch\/index.php?rest_route=%2Fwp%2Fv2%2Fproduct_brand&post=3979"},{"taxonomy":"product_cat","embeddable":true,"href":"https:\/\/seifen-oper.ch\/index.php?rest_route=%2Fwp%2Fv2%2Fproduct_cat&post=3979"},{"taxonomy":"product_tag","embeddable":true,"href":"https:\/\/seifen-oper.ch\/index.php?rest_route=%2Fwp%2Fv2%2Fproduct_tag&post=3979"}],"curies":[{"name":"wp","href":"https:\/\/api.w.org\/{rel}","templated":true}]}}