{"id":382,"date":"2019-06-17T11:37:12","date_gmt":"2019-06-17T11:37:12","guid":{"rendered":"https:\/\/seifen-oper.ch\/?product=schlafen-sie-wohl-spray"},"modified":"2020-01-28T12:49:44","modified_gmt":"2020-01-28T11:49:44","slug":"schlafen-sie-wohl-spray","status":"publish","type":"product","link":"https:\/\/seifen-oper.ch\/?product=schlafen-sie-wohl-spray","title":{"rendered":"&#171;Schlafen Sie wohl&#187; -Spray"},"content":{"rendered":"<p style=\"text-align: center;\"><span style=\"color: #888888;\">Dieses Raumspray bringt jeden Zappelphilipp zur Ruhe. Der angenehme Lavendelduft wirkt beruhigend und ausgleichend. Er passt auch hervorragend zum s\u00fcssen, behaglichen Duft von Vanille. Spr\u00fchen Sie dieses Spray auf die Bettw\u00e4sche oder auf den K\u00f6rper, wenn Sie sich Schlaf, Ruhe und Entspannung w\u00fcnschen.<\/span><\/p>\n<p style=\"text-align: center;\"><span style=\"color: #888888;\">Inhaltsstoffe: INCI:\u00a0Aqua (Wasser), Lavandula angustifolia Oil (\u00e4th. Lavendel\u00f6l), Vanilleparf\u00fcm\u00f6l<\/span><\/p>\n<p style=\"text-align: center;\"><span style=\"color: #888888;\">100ml \/ Sfr. 18.-<\/span><\/p>\n","protected":false},"excerpt":{"rendered":"<p>Raum- und K\u00f6rperspray mit Vanille-Lavendelduft<\/p>\n","protected":false},"featured_media":2467,"template":"","meta":[],"product_brand":[],"product_cat":[52],"product_tag":[],"class_list":{"0":"post-382","1":"product","2":"type-product","3":"status-publish","4":"has-post-thumbnail","6":"product_cat-duftsprays","8":"first","9":"instock","10":"shipping-taxable","11":"purchasable","12":"product-type-simple"},"yoast_head":"<!-- This site is optimized with the Yoast SEO plugin v25.6 - https:\/\/yoast.com\/wordpress\/plugins\/seo\/ -->\n<title>&quot;Schlafen Sie wohl&quot; -Spray - Seifen Oper GmbH<\/title>\n<meta name=\"robots\" content=\"index, follow, max-snippet:-1, max-image-preview:large, max-video-preview:-1\" \/>\n<link rel=\"canonical\" href=\"https:\/\/seifen-oper.ch\/?product=schlafen-sie-wohl-spray\" \/>\n<meta property=\"og:locale\" content=\"de_DE\" \/>\n<meta property=\"og:type\" content=\"article\" \/>\n<meta property=\"og:title\" content=\"&quot;Schlafen Sie wohl&quot; -Spray - Seifen Oper GmbH\" \/>\n<meta property=\"og:description\" content=\"Raum- und K\u00f6rperspray mit Vanille-Lavendelduft\" \/>\n<meta property=\"og:url\" content=\"https:\/\/seifen-oper.ch\/?product=schlafen-sie-wohl-spray\" \/>\n<meta property=\"og:site_name\" content=\"Seifen Oper GmbH\" \/>\n<meta property=\"article:publisher\" content=\"https:\/\/www.facebook.com\/SeifenOperGmbH\" \/>\n<meta property=\"article:modified_time\" content=\"2020-01-28T11:49:44+00:00\" \/>\n<meta property=\"og:image\" content=\"https:\/\/seifen-oper.ch\/wp-content\/uploads\/2019\/06\/schlafen.jpg\" \/>\n\t<meta property=\"og:image:width\" content=\"1886\" \/>\n\t<meta property=\"og:image:height\" content=\"2070\" \/>\n\t<meta property=\"og:image:type\" content=\"image\/jpeg\" \/>\n<meta name=\"twitter:card\" content=\"summary_large_image\" \/>\n<script type=\"application\/ld+json\" class=\"yoast-schema-graph\">{\"@context\":\"https:\/\/schema.org\",\"@graph\":[{\"@type\":\"WebPage\",\"@id\":\"https:\/\/seifen-oper.ch\/?product=schlafen-sie-wohl-spray\",\"url\":\"https:\/\/seifen-oper.ch\/?product=schlafen-sie-wohl-spray\",\"name\":\"\\\"Schlafen Sie wohl\\\" -Spray - Seifen Oper GmbH\",\"isPartOf\":{\"@id\":\"https:\/\/seifen-oper.ch\/#website\"},\"primaryImageOfPage\":{\"@id\":\"https:\/\/seifen-oper.ch\/?product=schlafen-sie-wohl-spray#primaryimage\"},\"image\":{\"@id\":\"https:\/\/seifen-oper.ch\/?product=schlafen-sie-wohl-spray#primaryimage\"},\"thumbnailUrl\":\"https:\/\/seifen-oper.ch\/wp-content\/uploads\/2019\/06\/schlafen.jpg\",\"datePublished\":\"2019-06-17T11:37:12+00:00\",\"dateModified\":\"2020-01-28T11:49:44+00:00\",\"breadcrumb\":{\"@id\":\"https:\/\/seifen-oper.ch\/?product=schlafen-sie-wohl-spray#breadcrumb\"},\"inLanguage\":\"de-CH\",\"potentialAction\":[{\"@type\":\"ReadAction\",\"target\":[\"https:\/\/seifen-oper.ch\/?product=schlafen-sie-wohl-spray\"]}]},{\"@type\":\"ImageObject\",\"inLanguage\":\"de-CH\",\"@id\":\"https:\/\/seifen-oper.ch\/?product=schlafen-sie-wohl-spray#primaryimage\",\"url\":\"https:\/\/seifen-oper.ch\/wp-content\/uploads\/2019\/06\/schlafen.jpg\",\"contentUrl\":\"https:\/\/seifen-oper.ch\/wp-content\/uploads\/2019\/06\/schlafen.jpg\",\"width\":1886,\"height\":2070},{\"@type\":\"BreadcrumbList\",\"@id\":\"https:\/\/seifen-oper.ch\/?product=schlafen-sie-wohl-spray#breadcrumb\",\"itemListElement\":[{\"@type\":\"ListItem\",\"position\":1,\"name\":\"Home\",\"item\":\"https:\/\/seifen-oper.ch\/\"},{\"@type\":\"ListItem\",\"position\":2,\"name\":\"Shop\",\"item\":\"https:\/\/seifen-oper.ch\/?page_id=12\"},{\"@type\":\"ListItem\",\"position\":3,\"name\":\"&#171;Schlafen Sie wohl&#187; -Spray\"}]},{\"@type\":\"WebSite\",\"@id\":\"https:\/\/seifen-oper.ch\/#website\",\"url\":\"https:\/\/seifen-oper.ch\/\",\"name\":\"Seifen Oper GmbH\",\"description\":\"Kosmetik bester Qualit\u00e4t. Handgefertigt.\",\"publisher\":{\"@id\":\"https:\/\/seifen-oper.ch\/#organization\"},\"potentialAction\":[{\"@type\":\"SearchAction\",\"target\":{\"@type\":\"EntryPoint\",\"urlTemplate\":\"https:\/\/seifen-oper.ch\/?s={search_term_string}\"},\"query-input\":{\"@type\":\"PropertyValueSpecification\",\"valueRequired\":true,\"valueName\":\"search_term_string\"}}],\"inLanguage\":\"de-CH\"},{\"@type\":\"Organization\",\"@id\":\"https:\/\/seifen-oper.ch\/#organization\",\"name\":\"Seifen Oper GmbH\",\"url\":\"https:\/\/seifen-oper.ch\/\",\"logo\":{\"@type\":\"ImageObject\",\"inLanguage\":\"de-CH\",\"@id\":\"https:\/\/seifen-oper.ch\/#\/schema\/logo\/image\/\",\"url\":\"https:\/\/seifen-oper.ch\/wp-content\/uploads\/2019\/06\/logo.seifen-oper450.txt.1.png\",\"contentUrl\":\"https:\/\/seifen-oper.ch\/wp-content\/uploads\/2019\/06\/logo.seifen-oper450.txt.1.png\",\"width\":1835,\"height\":1635,\"caption\":\"Seifen Oper GmbH\"},\"image\":{\"@id\":\"https:\/\/seifen-oper.ch\/#\/schema\/logo\/image\/\"},\"sameAs\":[\"https:\/\/www.facebook.com\/SeifenOperGmbH\",\"https:\/\/www.instagram.com\/explore\/locations\/1028758197\/seifen-oper\/\"]}]}<\/script>\n<!-- \/ Yoast SEO plugin. -->","yoast_head_json":{"title":"\"Schlafen Sie wohl\" -Spray - Seifen Oper GmbH","robots":{"index":"index","follow":"follow","max-snippet":"max-snippet:-1","max-image-preview":"max-image-preview:large","max-video-preview":"max-video-preview:-1"},"canonical":"https:\/\/seifen-oper.ch\/?product=schlafen-sie-wohl-spray","og_locale":"de_DE","og_type":"article","og_title":"\"Schlafen Sie wohl\" -Spray - Seifen Oper GmbH","og_description":"Raum- und K\u00f6rperspray mit Vanille-Lavendelduft","og_url":"https:\/\/seifen-oper.ch\/?product=schlafen-sie-wohl-spray","og_site_name":"Seifen Oper GmbH","article_publisher":"https:\/\/www.facebook.com\/SeifenOperGmbH","article_modified_time":"2020-01-28T11:49:44+00:00","og_image":[{"width":1886,"height":2070,"url":"https:\/\/seifen-oper.ch\/wp-content\/uploads\/2019\/06\/schlafen.jpg","type":"image\/jpeg"}],"twitter_card":"summary_large_image","schema":{"@context":"https:\/\/schema.org","@graph":[{"@type":"WebPage","@id":"https:\/\/seifen-oper.ch\/?product=schlafen-sie-wohl-spray","url":"https:\/\/seifen-oper.ch\/?product=schlafen-sie-wohl-spray","name":"\"Schlafen Sie wohl\" -Spray - Seifen Oper GmbH","isPartOf":{"@id":"https:\/\/seifen-oper.ch\/#website"},"primaryImageOfPage":{"@id":"https:\/\/seifen-oper.ch\/?product=schlafen-sie-wohl-spray#primaryimage"},"image":{"@id":"https:\/\/seifen-oper.ch\/?product=schlafen-sie-wohl-spray#primaryimage"},"thumbnailUrl":"https:\/\/seifen-oper.ch\/wp-content\/uploads\/2019\/06\/schlafen.jpg","datePublished":"2019-06-17T11:37:12+00:00","dateModified":"2020-01-28T11:49:44+00:00","breadcrumb":{"@id":"https:\/\/seifen-oper.ch\/?product=schlafen-sie-wohl-spray#breadcrumb"},"inLanguage":"de-CH","potentialAction":[{"@type":"ReadAction","target":["https:\/\/seifen-oper.ch\/?product=schlafen-sie-wohl-spray"]}]},{"@type":"ImageObject","inLanguage":"de-CH","@id":"https:\/\/seifen-oper.ch\/?product=schlafen-sie-wohl-spray#primaryimage","url":"https:\/\/seifen-oper.ch\/wp-content\/uploads\/2019\/06\/schlafen.jpg","contentUrl":"https:\/\/seifen-oper.ch\/wp-content\/uploads\/2019\/06\/schlafen.jpg","width":1886,"height":2070},{"@type":"BreadcrumbList","@id":"https:\/\/seifen-oper.ch\/?product=schlafen-sie-wohl-spray#breadcrumb","itemListElement":[{"@type":"ListItem","position":1,"name":"Home","item":"https:\/\/seifen-oper.ch\/"},{"@type":"ListItem","position":2,"name":"Shop","item":"https:\/\/seifen-oper.ch\/?page_id=12"},{"@type":"ListItem","position":3,"name":"&#171;Schlafen Sie wohl&#187; -Spray"}]},{"@type":"WebSite","@id":"https:\/\/seifen-oper.ch\/#website","url":"https:\/\/seifen-oper.ch\/","name":"Seifen Oper GmbH","description":"Kosmetik bester Qualit\u00e4t. Handgefertigt.","publisher":{"@id":"https:\/\/seifen-oper.ch\/#organization"},"potentialAction":[{"@type":"SearchAction","target":{"@type":"EntryPoint","urlTemplate":"https:\/\/seifen-oper.ch\/?s={search_term_string}"},"query-input":{"@type":"PropertyValueSpecification","valueRequired":true,"valueName":"search_term_string"}}],"inLanguage":"de-CH"},{"@type":"Organization","@id":"https:\/\/seifen-oper.ch\/#organization","name":"Seifen Oper GmbH","url":"https:\/\/seifen-oper.ch\/","logo":{"@type":"ImageObject","inLanguage":"de-CH","@id":"https:\/\/seifen-oper.ch\/#\/schema\/logo\/image\/","url":"https:\/\/seifen-oper.ch\/wp-content\/uploads\/2019\/06\/logo.seifen-oper450.txt.1.png","contentUrl":"https:\/\/seifen-oper.ch\/wp-content\/uploads\/2019\/06\/logo.seifen-oper450.txt.1.png","width":1835,"height":1635,"caption":"Seifen Oper GmbH"},"image":{"@id":"https:\/\/seifen-oper.ch\/#\/schema\/logo\/image\/"},"sameAs":["https:\/\/www.facebook.com\/SeifenOperGmbH","https:\/\/www.instagram.com\/explore\/locations\/1028758197\/seifen-oper\/"]}]}},"_links":{"self":[{"href":"https:\/\/seifen-oper.ch\/index.php?rest_route=\/wp\/v2\/product\/382"}],"collection":[{"href":"https:\/\/seifen-oper.ch\/index.php?rest_route=\/wp\/v2\/product"}],"about":[{"href":"https:\/\/seifen-oper.ch\/index.php?rest_route=\/wp\/v2\/types\/product"}],"wp:featuredmedia":[{"embeddable":true,"href":"https:\/\/seifen-oper.ch\/index.php?rest_route=\/wp\/v2\/media\/2467"}],"wp:attachment":[{"href":"https:\/\/seifen-oper.ch\/index.php?rest_route=%2Fwp%2Fv2%2Fmedia&parent=382"}],"wp:term":[{"taxonomy":"product_brand","embeddable":true,"href":"https:\/\/seifen-oper.ch\/index.php?rest_route=%2Fwp%2Fv2%2Fproduct_brand&post=382"},{"taxonomy":"product_cat","embeddable":true,"href":"https:\/\/seifen-oper.ch\/index.php?rest_route=%2Fwp%2Fv2%2Fproduct_cat&post=382"},{"taxonomy":"product_tag","embeddable":true,"href":"https:\/\/seifen-oper.ch\/index.php?rest_route=%2Fwp%2Fv2%2Fproduct_tag&post=382"}],"curies":[{"name":"wp","href":"https:\/\/api.w.org\/{rel}","templated":true}]}}