{"id":3814,"date":"2022-10-16T11:04:12","date_gmt":"2022-10-16T09:04:12","guid":{"rendered":"https:\/\/seifen-oper.ch\/?post_type=product&#038;p=3814"},"modified":"2022-10-16T11:05:11","modified_gmt":"2022-10-16T09:05:11","slug":"rosmarin-aprikosen-olivenoelseife","status":"publish","type":"product","link":"https:\/\/seifen-oper.ch\/?product=rosmarin-aprikosen-olivenoelseife","title":{"rendered":"&#171;Rosmarin-Aprikosen-Oliven\u00f6lseife&#187;"},"content":{"rendered":"<p>eine h\u00fcbsche handliche, viereckige Seife, welche gut in der Hand liegt und nach feiner Aprikose und w\u00fcrzigem Rosmarin duftet. Eine ganz bezaubernde Kombination: belebend und lieblich. Der normalerweise eher \u201claute\u201c Rosmarinduft wird perfekt von der zarten Aprikose reguliert. Die Aprikose wiederum gewinnt durch die Kombination mit dem Rosmarin an Esprit und Finesse. <span class=\"Apple-converted-space\">\u00a0 <\/span>Diese Hand- und K\u00f6rperseife pflegt die Haut durch einen besonders hohen Anteil an Oliven\u00f6l. Ein ideales, kleines Geschenk oder ein h\u00fcbscher Hingucker (und Lufterfrischer) im G\u00e4stebad. Vegan, handgefertigt, palm\u00f6lfrei und OHNE Konservierungsstoffe, wie all unsere Seifen.<\/p>\n<p>ca. 70g \/ CHF 11.-<\/p>\n<p>INCI:<\/p>\n<p>Inhaltsstoffe: INCI: Cocos nucifera (Kokos\u00f6l), Aqua, Glycerine soja (Soja\u00f6l), Brassica campestris seed oil (Raps\u00f6l), Olea Europaea (Oliven\u00f6l), Sodium Hydroxide (NaOH),Parf\u00fcm, Rosmarinus Officinales Oil (\u00e4th. Rosmarin\u00f6l), CI 77019 (rotes Farbpigment), E142 (gr\u00fcnes Farbpigment)<\/p>\n","protected":false},"excerpt":{"rendered":"<p>handliche Aprikosen-Rosmarin Seife<\/p>\n","protected":false},"featured_media":3815,"template":"","meta":[],"product_brand":[],"product_cat":[17,44],"product_tag":[427,60,195,55,196,429,130,213,327,61,428],"class_list":{"0":"post-3814","1":"product","2":"type-product","3":"status-publish","4":"has-post-thumbnail","6":"product_cat-seifen","7":"product_cat-winter","8":"product_tag-aprikosen","9":"product_tag-handgefertigt","10":"product_tag-handseife","11":"product_tag-kokosbutter","12":"product_tag-korperseife","13":"product_tag-lieblich","14":"product_tag-olivenoel","15":"product_tag-palmolfrei","16":"product_tag-rosmarin","17":"product_tag-vegan","18":"product_tag-wuerzig","20":"first","21":"instock","22":"shipping-taxable","23":"purchasable","24":"product-type-simple"},"yoast_head":"<!-- This site is optimized with the Yoast SEO plugin v25.6 - https:\/\/yoast.com\/wordpress\/plugins\/seo\/ -->\n<title>&quot;Rosmarin-Aprikosen-Oliven\u00f6lseife&quot; - Seifen Oper GmbH<\/title>\n<meta name=\"robots\" content=\"index, follow, max-snippet:-1, max-image-preview:large, max-video-preview:-1\" \/>\n<link rel=\"canonical\" href=\"https:\/\/seifen-oper.ch\/?product=rosmarin-aprikosen-olivenoelseife\" \/>\n<meta property=\"og:locale\" content=\"de_DE\" \/>\n<meta property=\"og:type\" content=\"article\" \/>\n<meta property=\"og:title\" content=\"&quot;Rosmarin-Aprikosen-Oliven\u00f6lseife&quot; - Seifen Oper GmbH\" \/>\n<meta property=\"og:description\" content=\"handliche Aprikosen-Rosmarin Seife\" \/>\n<meta property=\"og:url\" content=\"https:\/\/seifen-oper.ch\/?product=rosmarin-aprikosen-olivenoelseife\" \/>\n<meta property=\"og:site_name\" content=\"Seifen Oper GmbH\" \/>\n<meta property=\"article:publisher\" content=\"https:\/\/www.facebook.com\/SeifenOperGmbH\" \/>\n<meta property=\"article:modified_time\" content=\"2022-10-16T09:05:11+00:00\" \/>\n<meta property=\"og:image\" content=\"https:\/\/seifen-oper.ch\/wp-content\/uploads\/2022\/10\/IMG_6769.jpeg\" \/>\n\t<meta property=\"og:image:width\" content=\"2532\" \/>\n\t<meta property=\"og:image:height\" content=\"2474\" \/>\n\t<meta property=\"og:image:type\" content=\"image\/jpeg\" \/>\n<meta name=\"twitter:card\" content=\"summary_large_image\" \/>\n<meta name=\"twitter:label1\" content=\"Gesch\u00e4tzte Lesezeit\" \/>\n\t<meta name=\"twitter:data1\" content=\"1 Minute\" \/>\n<script type=\"application\/ld+json\" class=\"yoast-schema-graph\">{\"@context\":\"https:\/\/schema.org\",\"@graph\":[{\"@type\":\"WebPage\",\"@id\":\"https:\/\/seifen-oper.ch\/?product=rosmarin-aprikosen-olivenoelseife\",\"url\":\"https:\/\/seifen-oper.ch\/?product=rosmarin-aprikosen-olivenoelseife\",\"name\":\"\\\"Rosmarin-Aprikosen-Oliven\u00f6lseife\\\" - Seifen Oper GmbH\",\"isPartOf\":{\"@id\":\"https:\/\/seifen-oper.ch\/#website\"},\"primaryImageOfPage\":{\"@id\":\"https:\/\/seifen-oper.ch\/?product=rosmarin-aprikosen-olivenoelseife#primaryimage\"},\"image\":{\"@id\":\"https:\/\/seifen-oper.ch\/?product=rosmarin-aprikosen-olivenoelseife#primaryimage\"},\"thumbnailUrl\":\"https:\/\/seifen-oper.ch\/wp-content\/uploads\/2022\/10\/IMG_6769.jpeg\",\"datePublished\":\"2022-10-16T09:04:12+00:00\",\"dateModified\":\"2022-10-16T09:05:11+00:00\",\"breadcrumb\":{\"@id\":\"https:\/\/seifen-oper.ch\/?product=rosmarin-aprikosen-olivenoelseife#breadcrumb\"},\"inLanguage\":\"de-CH\",\"potentialAction\":[{\"@type\":\"ReadAction\",\"target\":[\"https:\/\/seifen-oper.ch\/?product=rosmarin-aprikosen-olivenoelseife\"]}]},{\"@type\":\"ImageObject\",\"inLanguage\":\"de-CH\",\"@id\":\"https:\/\/seifen-oper.ch\/?product=rosmarin-aprikosen-olivenoelseife#primaryimage\",\"url\":\"https:\/\/seifen-oper.ch\/wp-content\/uploads\/2022\/10\/IMG_6769.jpeg\",\"contentUrl\":\"https:\/\/seifen-oper.ch\/wp-content\/uploads\/2022\/10\/IMG_6769.jpeg\",\"width\":2532,\"height\":2474},{\"@type\":\"BreadcrumbList\",\"@id\":\"https:\/\/seifen-oper.ch\/?product=rosmarin-aprikosen-olivenoelseife#breadcrumb\",\"itemListElement\":[{\"@type\":\"ListItem\",\"position\":1,\"name\":\"Home\",\"item\":\"https:\/\/seifen-oper.ch\/\"},{\"@type\":\"ListItem\",\"position\":2,\"name\":\"Shop\",\"item\":\"https:\/\/seifen-oper.ch\/?page_id=12\"},{\"@type\":\"ListItem\",\"position\":3,\"name\":\"&#171;Rosmarin-Aprikosen-Oliven\u00f6lseife&#187;\"}]},{\"@type\":\"WebSite\",\"@id\":\"https:\/\/seifen-oper.ch\/#website\",\"url\":\"https:\/\/seifen-oper.ch\/\",\"name\":\"Seifen Oper GmbH\",\"description\":\"Kosmetik bester Qualit\u00e4t. Handgefertigt.\",\"publisher\":{\"@id\":\"https:\/\/seifen-oper.ch\/#organization\"},\"potentialAction\":[{\"@type\":\"SearchAction\",\"target\":{\"@type\":\"EntryPoint\",\"urlTemplate\":\"https:\/\/seifen-oper.ch\/?s={search_term_string}\"},\"query-input\":{\"@type\":\"PropertyValueSpecification\",\"valueRequired\":true,\"valueName\":\"search_term_string\"}}],\"inLanguage\":\"de-CH\"},{\"@type\":\"Organization\",\"@id\":\"https:\/\/seifen-oper.ch\/#organization\",\"name\":\"Seifen Oper GmbH\",\"url\":\"https:\/\/seifen-oper.ch\/\",\"logo\":{\"@type\":\"ImageObject\",\"inLanguage\":\"de-CH\",\"@id\":\"https:\/\/seifen-oper.ch\/#\/schema\/logo\/image\/\",\"url\":\"https:\/\/seifen-oper.ch\/wp-content\/uploads\/2019\/06\/logo.seifen-oper450.txt.1.png\",\"contentUrl\":\"https:\/\/seifen-oper.ch\/wp-content\/uploads\/2019\/06\/logo.seifen-oper450.txt.1.png\",\"width\":1835,\"height\":1635,\"caption\":\"Seifen Oper GmbH\"},\"image\":{\"@id\":\"https:\/\/seifen-oper.ch\/#\/schema\/logo\/image\/\"},\"sameAs\":[\"https:\/\/www.facebook.com\/SeifenOperGmbH\",\"https:\/\/www.instagram.com\/explore\/locations\/1028758197\/seifen-oper\/\"]}]}<\/script>\n<!-- \/ Yoast SEO plugin. -->","yoast_head_json":{"title":"\"Rosmarin-Aprikosen-Oliven\u00f6lseife\" - Seifen Oper GmbH","robots":{"index":"index","follow":"follow","max-snippet":"max-snippet:-1","max-image-preview":"max-image-preview:large","max-video-preview":"max-video-preview:-1"},"canonical":"https:\/\/seifen-oper.ch\/?product=rosmarin-aprikosen-olivenoelseife","og_locale":"de_DE","og_type":"article","og_title":"\"Rosmarin-Aprikosen-Oliven\u00f6lseife\" - Seifen Oper GmbH","og_description":"handliche Aprikosen-Rosmarin Seife","og_url":"https:\/\/seifen-oper.ch\/?product=rosmarin-aprikosen-olivenoelseife","og_site_name":"Seifen Oper GmbH","article_publisher":"https:\/\/www.facebook.com\/SeifenOperGmbH","article_modified_time":"2022-10-16T09:05:11+00:00","og_image":[{"width":2532,"height":2474,"url":"https:\/\/seifen-oper.ch\/wp-content\/uploads\/2022\/10\/IMG_6769.jpeg","type":"image\/jpeg"}],"twitter_card":"summary_large_image","twitter_misc":{"Gesch\u00e4tzte Lesezeit":"1 Minute"},"schema":{"@context":"https:\/\/schema.org","@graph":[{"@type":"WebPage","@id":"https:\/\/seifen-oper.ch\/?product=rosmarin-aprikosen-olivenoelseife","url":"https:\/\/seifen-oper.ch\/?product=rosmarin-aprikosen-olivenoelseife","name":"\"Rosmarin-Aprikosen-Oliven\u00f6lseife\" - Seifen Oper GmbH","isPartOf":{"@id":"https:\/\/seifen-oper.ch\/#website"},"primaryImageOfPage":{"@id":"https:\/\/seifen-oper.ch\/?product=rosmarin-aprikosen-olivenoelseife#primaryimage"},"image":{"@id":"https:\/\/seifen-oper.ch\/?product=rosmarin-aprikosen-olivenoelseife#primaryimage"},"thumbnailUrl":"https:\/\/seifen-oper.ch\/wp-content\/uploads\/2022\/10\/IMG_6769.jpeg","datePublished":"2022-10-16T09:04:12+00:00","dateModified":"2022-10-16T09:05:11+00:00","breadcrumb":{"@id":"https:\/\/seifen-oper.ch\/?product=rosmarin-aprikosen-olivenoelseife#breadcrumb"},"inLanguage":"de-CH","potentialAction":[{"@type":"ReadAction","target":["https:\/\/seifen-oper.ch\/?product=rosmarin-aprikosen-olivenoelseife"]}]},{"@type":"ImageObject","inLanguage":"de-CH","@id":"https:\/\/seifen-oper.ch\/?product=rosmarin-aprikosen-olivenoelseife#primaryimage","url":"https:\/\/seifen-oper.ch\/wp-content\/uploads\/2022\/10\/IMG_6769.jpeg","contentUrl":"https:\/\/seifen-oper.ch\/wp-content\/uploads\/2022\/10\/IMG_6769.jpeg","width":2532,"height":2474},{"@type":"BreadcrumbList","@id":"https:\/\/seifen-oper.ch\/?product=rosmarin-aprikosen-olivenoelseife#breadcrumb","itemListElement":[{"@type":"ListItem","position":1,"name":"Home","item":"https:\/\/seifen-oper.ch\/"},{"@type":"ListItem","position":2,"name":"Shop","item":"https:\/\/seifen-oper.ch\/?page_id=12"},{"@type":"ListItem","position":3,"name":"&#171;Rosmarin-Aprikosen-Oliven\u00f6lseife&#187;"}]},{"@type":"WebSite","@id":"https:\/\/seifen-oper.ch\/#website","url":"https:\/\/seifen-oper.ch\/","name":"Seifen Oper GmbH","description":"Kosmetik bester Qualit\u00e4t. Handgefertigt.","publisher":{"@id":"https:\/\/seifen-oper.ch\/#organization"},"potentialAction":[{"@type":"SearchAction","target":{"@type":"EntryPoint","urlTemplate":"https:\/\/seifen-oper.ch\/?s={search_term_string}"},"query-input":{"@type":"PropertyValueSpecification","valueRequired":true,"valueName":"search_term_string"}}],"inLanguage":"de-CH"},{"@type":"Organization","@id":"https:\/\/seifen-oper.ch\/#organization","name":"Seifen Oper GmbH","url":"https:\/\/seifen-oper.ch\/","logo":{"@type":"ImageObject","inLanguage":"de-CH","@id":"https:\/\/seifen-oper.ch\/#\/schema\/logo\/image\/","url":"https:\/\/seifen-oper.ch\/wp-content\/uploads\/2019\/06\/logo.seifen-oper450.txt.1.png","contentUrl":"https:\/\/seifen-oper.ch\/wp-content\/uploads\/2019\/06\/logo.seifen-oper450.txt.1.png","width":1835,"height":1635,"caption":"Seifen Oper GmbH"},"image":{"@id":"https:\/\/seifen-oper.ch\/#\/schema\/logo\/image\/"},"sameAs":["https:\/\/www.facebook.com\/SeifenOperGmbH","https:\/\/www.instagram.com\/explore\/locations\/1028758197\/seifen-oper\/"]}]}},"_links":{"self":[{"href":"https:\/\/seifen-oper.ch\/index.php?rest_route=\/wp\/v2\/product\/3814"}],"collection":[{"href":"https:\/\/seifen-oper.ch\/index.php?rest_route=\/wp\/v2\/product"}],"about":[{"href":"https:\/\/seifen-oper.ch\/index.php?rest_route=\/wp\/v2\/types\/product"}],"wp:featuredmedia":[{"embeddable":true,"href":"https:\/\/seifen-oper.ch\/index.php?rest_route=\/wp\/v2\/media\/3815"}],"wp:attachment":[{"href":"https:\/\/seifen-oper.ch\/index.php?rest_route=%2Fwp%2Fv2%2Fmedia&parent=3814"}],"wp:term":[{"taxonomy":"product_brand","embeddable":true,"href":"https:\/\/seifen-oper.ch\/index.php?rest_route=%2Fwp%2Fv2%2Fproduct_brand&post=3814"},{"taxonomy":"product_cat","embeddable":true,"href":"https:\/\/seifen-oper.ch\/index.php?rest_route=%2Fwp%2Fv2%2Fproduct_cat&post=3814"},{"taxonomy":"product_tag","embeddable":true,"href":"https:\/\/seifen-oper.ch\/index.php?rest_route=%2Fwp%2Fv2%2Fproduct_tag&post=3814"}],"curies":[{"name":"wp","href":"https:\/\/api.w.org\/{rel}","templated":true}]}}