{"id":3812,"date":"2022-10-16T10:55:09","date_gmt":"2022-10-16T08:55:09","guid":{"rendered":"https:\/\/seifen-oper.ch\/?post_type=product&#038;p=3812"},"modified":"2023-01-10T22:33:43","modified_gmt":"2023-01-10T21:33:43","slug":"melange-a-deux-badecupcake","status":"publish","type":"product","link":"https:\/\/seifen-oper.ch\/?product=melange-a-deux-badecupcake","title":{"rendered":"&#171;M\u00e9lange \u00e0 Deux \u201e-Schoko Badecupcake"},"content":{"rendered":"<p>Die verf\u00fcherische Duftmischung von Schokolade und Orangen macht diesen Badecupcake unwiderstehlich. Die Mischung ist perfekt!<span class=\"Apple-converted-space\">\u00a0 <\/span>Die s\u00fcsse W\u00e4rme der Schokolade trifft auf die erfrischende Fruchtigkeit der Orange. Ein Traum! Ein Bad mit \u201e<i>M\u00e9lange \u00e0 Deux\u201c<\/i> wird Sie zu Grossem inspirieren. Und damit nicht genug! Die hochwertige Kokosbutter in diesem Badesprudel, pflegt Ihre Haut wunderbar und Sie m\u00fcssen sich nicht mal mehr eincremen nach dem Bad. Mit einem Tuch trockentupfen reicht vollkommen.<\/p>\n<p>Dieser Badesprudel enth\u00e4lt echten Kakao und eignet sich auch wunderbar als Geschenk f\u00fcr eine liebe person.<\/p>\n<p>INCI:<span class=\"Apple-converted-space\">\u00a0 <\/span>Zea Mays Starch (Maisst\u00e4rke), Sodium Bicaorbante (Natron), CItric Acid (Zitronens\u00e4ure), Cocos nucifera (Kokos\u00f6l),Parf\u00fcm, Thebroma Cacao Seed Powder (Kakaopulver)Schokopulver, Zuckerdekor<\/p>\n<p>ca. 190g \/ CHF 16.-<\/p>\n","protected":false},"excerpt":{"rendered":"<p>Schoko-Orangen Badesprudel<\/p>\n","protected":false},"featured_media":3813,"template":"","meta":[],"product_brand":[],"product_cat":[31,44],"product_tag":[138,70,72,179,425,426,55,424,158,153],"class_list":{"0":"post-3812","1":"product","2":"type-product","3":"status-publish","4":"has-post-thumbnail","6":"product_cat-badesprudel-schaumbaeder","7":"product_cat-winter","8":"product_tag-badecupcake","9":"product_tag-badesprudel","10":"product_tag-geschenk","11":"product_tag-handgemacht","12":"product_tag-kakao","13":"product_tag-klassiker","14":"product_tag-kokosbutter","15":"product_tag-melange-a-deux","16":"product_tag-orangen","17":"product_tag-schokolade","19":"first","20":"instock","21":"shipping-taxable","22":"purchasable","23":"product-type-simple"},"yoast_head":"<!-- This site is optimized with the Yoast SEO plugin v25.6 - https:\/\/yoast.com\/wordpress\/plugins\/seo\/ -->\n<title>&quot;M\u00e9lange \u00e0 Deux \u201e-Schoko Badecupcake - Seifen Oper GmbH<\/title>\n<meta name=\"robots\" content=\"index, follow, max-snippet:-1, max-image-preview:large, max-video-preview:-1\" \/>\n<link rel=\"canonical\" href=\"https:\/\/seifen-oper.ch\/?product=melange-a-deux-badecupcake\" \/>\n<meta property=\"og:locale\" content=\"de_DE\" \/>\n<meta property=\"og:type\" content=\"article\" \/>\n<meta property=\"og:title\" content=\"&quot;M\u00e9lange \u00e0 Deux \u201e-Schoko Badecupcake - Seifen Oper GmbH\" \/>\n<meta property=\"og:description\" content=\"Schoko-Orangen Badesprudel\" \/>\n<meta property=\"og:url\" content=\"https:\/\/seifen-oper.ch\/?product=melange-a-deux-badecupcake\" \/>\n<meta property=\"og:site_name\" content=\"Seifen Oper GmbH\" \/>\n<meta property=\"article:publisher\" content=\"https:\/\/www.facebook.com\/SeifenOperGmbH\" \/>\n<meta property=\"article:modified_time\" content=\"2023-01-10T21:33:43+00:00\" \/>\n<meta property=\"og:image\" content=\"https:\/\/seifen-oper.ch\/wp-content\/uploads\/2022\/10\/IMG_6730-scaled.jpeg\" \/>\n\t<meta property=\"og:image:width\" content=\"2231\" \/>\n\t<meta property=\"og:image:height\" content=\"2560\" \/>\n\t<meta property=\"og:image:type\" content=\"image\/jpeg\" \/>\n<meta name=\"twitter:card\" content=\"summary_large_image\" \/>\n<meta name=\"twitter:label1\" content=\"Gesch\u00e4tzte Lesezeit\" \/>\n\t<meta name=\"twitter:data1\" content=\"1 Minute\" \/>\n<script type=\"application\/ld+json\" class=\"yoast-schema-graph\">{\"@context\":\"https:\/\/schema.org\",\"@graph\":[{\"@type\":\"WebPage\",\"@id\":\"https:\/\/seifen-oper.ch\/?product=melange-a-deux-badecupcake\",\"url\":\"https:\/\/seifen-oper.ch\/?product=melange-a-deux-badecupcake\",\"name\":\"\\\"M\u00e9lange \u00e0 Deux \u201e-Schoko Badecupcake - Seifen Oper GmbH\",\"isPartOf\":{\"@id\":\"https:\/\/seifen-oper.ch\/#website\"},\"primaryImageOfPage\":{\"@id\":\"https:\/\/seifen-oper.ch\/?product=melange-a-deux-badecupcake#primaryimage\"},\"image\":{\"@id\":\"https:\/\/seifen-oper.ch\/?product=melange-a-deux-badecupcake#primaryimage\"},\"thumbnailUrl\":\"https:\/\/seifen-oper.ch\/wp-content\/uploads\/2022\/10\/IMG_6730-scaled.jpeg\",\"datePublished\":\"2022-10-16T08:55:09+00:00\",\"dateModified\":\"2023-01-10T21:33:43+00:00\",\"breadcrumb\":{\"@id\":\"https:\/\/seifen-oper.ch\/?product=melange-a-deux-badecupcake#breadcrumb\"},\"inLanguage\":\"de-CH\",\"potentialAction\":[{\"@type\":\"ReadAction\",\"target\":[\"https:\/\/seifen-oper.ch\/?product=melange-a-deux-badecupcake\"]}]},{\"@type\":\"ImageObject\",\"inLanguage\":\"de-CH\",\"@id\":\"https:\/\/seifen-oper.ch\/?product=melange-a-deux-badecupcake#primaryimage\",\"url\":\"https:\/\/seifen-oper.ch\/wp-content\/uploads\/2022\/10\/IMG_6730-scaled.jpeg\",\"contentUrl\":\"https:\/\/seifen-oper.ch\/wp-content\/uploads\/2022\/10\/IMG_6730-scaled.jpeg\",\"width\":2231,\"height\":2560},{\"@type\":\"BreadcrumbList\",\"@id\":\"https:\/\/seifen-oper.ch\/?product=melange-a-deux-badecupcake#breadcrumb\",\"itemListElement\":[{\"@type\":\"ListItem\",\"position\":1,\"name\":\"Home\",\"item\":\"https:\/\/seifen-oper.ch\/\"},{\"@type\":\"ListItem\",\"position\":2,\"name\":\"Shop\",\"item\":\"https:\/\/seifen-oper.ch\/?page_id=12\"},{\"@type\":\"ListItem\",\"position\":3,\"name\":\"&#171;M\u00e9lange \u00e0 Deux \u201e-Schoko Badecupcake\"}]},{\"@type\":\"WebSite\",\"@id\":\"https:\/\/seifen-oper.ch\/#website\",\"url\":\"https:\/\/seifen-oper.ch\/\",\"name\":\"Seifen Oper GmbH\",\"description\":\"Kosmetik bester Qualit\u00e4t. Handgefertigt.\",\"publisher\":{\"@id\":\"https:\/\/seifen-oper.ch\/#organization\"},\"potentialAction\":[{\"@type\":\"SearchAction\",\"target\":{\"@type\":\"EntryPoint\",\"urlTemplate\":\"https:\/\/seifen-oper.ch\/?s={search_term_string}\"},\"query-input\":{\"@type\":\"PropertyValueSpecification\",\"valueRequired\":true,\"valueName\":\"search_term_string\"}}],\"inLanguage\":\"de-CH\"},{\"@type\":\"Organization\",\"@id\":\"https:\/\/seifen-oper.ch\/#organization\",\"name\":\"Seifen Oper GmbH\",\"url\":\"https:\/\/seifen-oper.ch\/\",\"logo\":{\"@type\":\"ImageObject\",\"inLanguage\":\"de-CH\",\"@id\":\"https:\/\/seifen-oper.ch\/#\/schema\/logo\/image\/\",\"url\":\"https:\/\/seifen-oper.ch\/wp-content\/uploads\/2019\/06\/logo.seifen-oper450.txt.1.png\",\"contentUrl\":\"https:\/\/seifen-oper.ch\/wp-content\/uploads\/2019\/06\/logo.seifen-oper450.txt.1.png\",\"width\":1835,\"height\":1635,\"caption\":\"Seifen Oper GmbH\"},\"image\":{\"@id\":\"https:\/\/seifen-oper.ch\/#\/schema\/logo\/image\/\"},\"sameAs\":[\"https:\/\/www.facebook.com\/SeifenOperGmbH\",\"https:\/\/www.instagram.com\/explore\/locations\/1028758197\/seifen-oper\/\"]}]}<\/script>\n<!-- \/ Yoast SEO plugin. -->","yoast_head_json":{"title":"\"M\u00e9lange \u00e0 Deux \u201e-Schoko Badecupcake - Seifen Oper GmbH","robots":{"index":"index","follow":"follow","max-snippet":"max-snippet:-1","max-image-preview":"max-image-preview:large","max-video-preview":"max-video-preview:-1"},"canonical":"https:\/\/seifen-oper.ch\/?product=melange-a-deux-badecupcake","og_locale":"de_DE","og_type":"article","og_title":"\"M\u00e9lange \u00e0 Deux \u201e-Schoko Badecupcake - Seifen Oper GmbH","og_description":"Schoko-Orangen Badesprudel","og_url":"https:\/\/seifen-oper.ch\/?product=melange-a-deux-badecupcake","og_site_name":"Seifen Oper GmbH","article_publisher":"https:\/\/www.facebook.com\/SeifenOperGmbH","article_modified_time":"2023-01-10T21:33:43+00:00","og_image":[{"width":2231,"height":2560,"url":"https:\/\/seifen-oper.ch\/wp-content\/uploads\/2022\/10\/IMG_6730-scaled.jpeg","type":"image\/jpeg"}],"twitter_card":"summary_large_image","twitter_misc":{"Gesch\u00e4tzte Lesezeit":"1 Minute"},"schema":{"@context":"https:\/\/schema.org","@graph":[{"@type":"WebPage","@id":"https:\/\/seifen-oper.ch\/?product=melange-a-deux-badecupcake","url":"https:\/\/seifen-oper.ch\/?product=melange-a-deux-badecupcake","name":"\"M\u00e9lange \u00e0 Deux \u201e-Schoko Badecupcake - Seifen Oper GmbH","isPartOf":{"@id":"https:\/\/seifen-oper.ch\/#website"},"primaryImageOfPage":{"@id":"https:\/\/seifen-oper.ch\/?product=melange-a-deux-badecupcake#primaryimage"},"image":{"@id":"https:\/\/seifen-oper.ch\/?product=melange-a-deux-badecupcake#primaryimage"},"thumbnailUrl":"https:\/\/seifen-oper.ch\/wp-content\/uploads\/2022\/10\/IMG_6730-scaled.jpeg","datePublished":"2022-10-16T08:55:09+00:00","dateModified":"2023-01-10T21:33:43+00:00","breadcrumb":{"@id":"https:\/\/seifen-oper.ch\/?product=melange-a-deux-badecupcake#breadcrumb"},"inLanguage":"de-CH","potentialAction":[{"@type":"ReadAction","target":["https:\/\/seifen-oper.ch\/?product=melange-a-deux-badecupcake"]}]},{"@type":"ImageObject","inLanguage":"de-CH","@id":"https:\/\/seifen-oper.ch\/?product=melange-a-deux-badecupcake#primaryimage","url":"https:\/\/seifen-oper.ch\/wp-content\/uploads\/2022\/10\/IMG_6730-scaled.jpeg","contentUrl":"https:\/\/seifen-oper.ch\/wp-content\/uploads\/2022\/10\/IMG_6730-scaled.jpeg","width":2231,"height":2560},{"@type":"BreadcrumbList","@id":"https:\/\/seifen-oper.ch\/?product=melange-a-deux-badecupcake#breadcrumb","itemListElement":[{"@type":"ListItem","position":1,"name":"Home","item":"https:\/\/seifen-oper.ch\/"},{"@type":"ListItem","position":2,"name":"Shop","item":"https:\/\/seifen-oper.ch\/?page_id=12"},{"@type":"ListItem","position":3,"name":"&#171;M\u00e9lange \u00e0 Deux \u201e-Schoko Badecupcake"}]},{"@type":"WebSite","@id":"https:\/\/seifen-oper.ch\/#website","url":"https:\/\/seifen-oper.ch\/","name":"Seifen Oper GmbH","description":"Kosmetik bester Qualit\u00e4t. Handgefertigt.","publisher":{"@id":"https:\/\/seifen-oper.ch\/#organization"},"potentialAction":[{"@type":"SearchAction","target":{"@type":"EntryPoint","urlTemplate":"https:\/\/seifen-oper.ch\/?s={search_term_string}"},"query-input":{"@type":"PropertyValueSpecification","valueRequired":true,"valueName":"search_term_string"}}],"inLanguage":"de-CH"},{"@type":"Organization","@id":"https:\/\/seifen-oper.ch\/#organization","name":"Seifen Oper GmbH","url":"https:\/\/seifen-oper.ch\/","logo":{"@type":"ImageObject","inLanguage":"de-CH","@id":"https:\/\/seifen-oper.ch\/#\/schema\/logo\/image\/","url":"https:\/\/seifen-oper.ch\/wp-content\/uploads\/2019\/06\/logo.seifen-oper450.txt.1.png","contentUrl":"https:\/\/seifen-oper.ch\/wp-content\/uploads\/2019\/06\/logo.seifen-oper450.txt.1.png","width":1835,"height":1635,"caption":"Seifen Oper GmbH"},"image":{"@id":"https:\/\/seifen-oper.ch\/#\/schema\/logo\/image\/"},"sameAs":["https:\/\/www.facebook.com\/SeifenOperGmbH","https:\/\/www.instagram.com\/explore\/locations\/1028758197\/seifen-oper\/"]}]}},"_links":{"self":[{"href":"https:\/\/seifen-oper.ch\/index.php?rest_route=\/wp\/v2\/product\/3812"}],"collection":[{"href":"https:\/\/seifen-oper.ch\/index.php?rest_route=\/wp\/v2\/product"}],"about":[{"href":"https:\/\/seifen-oper.ch\/index.php?rest_route=\/wp\/v2\/types\/product"}],"wp:featuredmedia":[{"embeddable":true,"href":"https:\/\/seifen-oper.ch\/index.php?rest_route=\/wp\/v2\/media\/3813"}],"wp:attachment":[{"href":"https:\/\/seifen-oper.ch\/index.php?rest_route=%2Fwp%2Fv2%2Fmedia&parent=3812"}],"wp:term":[{"taxonomy":"product_brand","embeddable":true,"href":"https:\/\/seifen-oper.ch\/index.php?rest_route=%2Fwp%2Fv2%2Fproduct_brand&post=3812"},{"taxonomy":"product_cat","embeddable":true,"href":"https:\/\/seifen-oper.ch\/index.php?rest_route=%2Fwp%2Fv2%2Fproduct_cat&post=3812"},{"taxonomy":"product_tag","embeddable":true,"href":"https:\/\/seifen-oper.ch\/index.php?rest_route=%2Fwp%2Fv2%2Fproduct_tag&post=3812"}],"curies":[{"name":"wp","href":"https:\/\/api.w.org\/{rel}","templated":true}]}}