{"id":3810,"date":"2022-10-16T09:20:50","date_gmt":"2022-10-16T07:20:50","guid":{"rendered":"https:\/\/seifen-oper.ch\/?post_type=product&#038;p=3810"},"modified":"2025-11-18T16:56:52","modified_gmt":"2025-11-18T15:56:52","slug":"schluessel-zum-glueck-badecupcake","status":"publish","type":"product","link":"https:\/\/seifen-oper.ch\/?product=schluessel-zum-glueck-badecupcake","title":{"rendered":"&#171;Schl\u00fcssel zum Gl\u00fcck&#187; -Badecupcake"},"content":{"rendered":"<p>Sind Sie auf der Suche nach dem goldenen Schl\u00fcssel zum Gl\u00fcck? Juhe! Sie haben ihn gefunden! Er versteckt sich in diesem Badecupcake.<span class=\"Apple-converted-space\">\u00a0 <\/span>Bewacht von einem Gl\u00fcckspilz und einer Prise Goldstaub. Folgen Sie einfach dem erfrischden Duft von weissem Tee und Sie werden ihn beim Baden sprudelnd entdecken. Wenn Sie dann irgendwann wieder aus der Badewanne steigen, m\u00fcssen Sie nicht eimal mehr dran denken sich ein zu cremen, da die feine Kokosbutter ihre Haut schon samtweich gepflegt hat. Ist das nicht Gl\u00fcck pur?<span class=\"Apple-converted-space\">\u00a0<\/span><\/p>\n<p>&#171;Schl\u00fcssel zum Gl\u00fcck&#187; ist auch ein ideales Geschenk f\u00fcr eine liebe Person.<\/p>\n<p>INCI (Inhaltsstoffe): Zea Mays Starch (Maisst\u00e4rke), Sodium Bicrbonatea (Natron), Citric Acid (Zitronens\u00e4ure), Cocos nucifera (Kokos\u00f6l),Parfum,<span class=\"Apple-converted-space\">\u00a0 <\/span>Glitzer<\/p>\n<p>ca. 160g \/ 15.-<\/p>\n","protected":false},"excerpt":{"rendered":"<p>Badecupcake der nach weissem Tee duftet und den goldenen Schl\u00fcssel zum Gl\u00fcck enth\u00e4lt<\/p>\n","protected":false},"featured_media":3811,"template":"","meta":[],"product_brand":[],"product_cat":[31,44],"product_tag":[64,138,355,72,423,421,422,420,419],"class_list":{"0":"post-3810","1":"product","2":"type-product","3":"status-publish","4":"has-post-thumbnail","6":"product_cat-badesprudel-schaumbaeder","7":"product_cat-winter","8":"product_tag-bad","9":"product_tag-badecupcake","10":"product_tag-erfrischend","11":"product_tag-geschenk","12":"product_tag-glueckspilz","13":"product_tag-golden","14":"product_tag-goldstaub","15":"product_tag-schluessel-zum-glueck","16":"product_tag-weisser-tee","18":"first","19":"instock","20":"shipping-taxable","21":"purchasable","22":"product-type-simple"},"yoast_head":"<!-- This site is optimized with the Yoast SEO plugin v25.6 - https:\/\/yoast.com\/wordpress\/plugins\/seo\/ -->\n<title>&quot;Schl\u00fcssel zum Gl\u00fcck&quot; -Badecupcake - Seifen Oper GmbH<\/title>\n<meta name=\"robots\" content=\"index, follow, max-snippet:-1, max-image-preview:large, max-video-preview:-1\" \/>\n<link rel=\"canonical\" href=\"https:\/\/seifen-oper.ch\/?product=schluessel-zum-glueck-badecupcake\" \/>\n<meta property=\"og:locale\" content=\"de_DE\" \/>\n<meta property=\"og:type\" content=\"article\" \/>\n<meta property=\"og:title\" content=\"&quot;Schl\u00fcssel zum Gl\u00fcck&quot; -Badecupcake - Seifen Oper GmbH\" \/>\n<meta property=\"og:description\" content=\"Badecupcake der nach weissem Tee duftet und den goldenen Schl\u00fcssel zum Gl\u00fcck enth\u00e4lt\" \/>\n<meta property=\"og:url\" content=\"https:\/\/seifen-oper.ch\/?product=schluessel-zum-glueck-badecupcake\" \/>\n<meta property=\"og:site_name\" content=\"Seifen Oper GmbH\" \/>\n<meta property=\"article:publisher\" content=\"https:\/\/www.facebook.com\/SeifenOperGmbH\" \/>\n<meta property=\"article:modified_time\" content=\"2025-11-18T15:56:52+00:00\" \/>\n<meta property=\"og:image\" content=\"https:\/\/seifen-oper.ch\/wp-content\/uploads\/2022\/10\/IMG_6756-scaled.jpeg\" \/>\n\t<meta property=\"og:image:width\" content=\"2491\" \/>\n\t<meta property=\"og:image:height\" content=\"2560\" \/>\n\t<meta property=\"og:image:type\" content=\"image\/jpeg\" \/>\n<meta name=\"twitter:card\" content=\"summary_large_image\" \/>\n<meta name=\"twitter:label1\" content=\"Gesch\u00e4tzte Lesezeit\" \/>\n\t<meta name=\"twitter:data1\" content=\"1 Minute\" \/>\n<script type=\"application\/ld+json\" class=\"yoast-schema-graph\">{\"@context\":\"https:\/\/schema.org\",\"@graph\":[{\"@type\":\"WebPage\",\"@id\":\"https:\/\/seifen-oper.ch\/?product=schluessel-zum-glueck-badecupcake\",\"url\":\"https:\/\/seifen-oper.ch\/?product=schluessel-zum-glueck-badecupcake\",\"name\":\"\\\"Schl\u00fcssel zum Gl\u00fcck\\\" -Badecupcake - Seifen Oper GmbH\",\"isPartOf\":{\"@id\":\"https:\/\/seifen-oper.ch\/#website\"},\"primaryImageOfPage\":{\"@id\":\"https:\/\/seifen-oper.ch\/?product=schluessel-zum-glueck-badecupcake#primaryimage\"},\"image\":{\"@id\":\"https:\/\/seifen-oper.ch\/?product=schluessel-zum-glueck-badecupcake#primaryimage\"},\"thumbnailUrl\":\"https:\/\/seifen-oper.ch\/wp-content\/uploads\/2022\/10\/IMG_6756-scaled.jpeg\",\"datePublished\":\"2022-10-16T07:20:50+00:00\",\"dateModified\":\"2025-11-18T15:56:52+00:00\",\"breadcrumb\":{\"@id\":\"https:\/\/seifen-oper.ch\/?product=schluessel-zum-glueck-badecupcake#breadcrumb\"},\"inLanguage\":\"de-CH\",\"potentialAction\":[{\"@type\":\"ReadAction\",\"target\":[\"https:\/\/seifen-oper.ch\/?product=schluessel-zum-glueck-badecupcake\"]}]},{\"@type\":\"ImageObject\",\"inLanguage\":\"de-CH\",\"@id\":\"https:\/\/seifen-oper.ch\/?product=schluessel-zum-glueck-badecupcake#primaryimage\",\"url\":\"https:\/\/seifen-oper.ch\/wp-content\/uploads\/2022\/10\/IMG_6756-scaled.jpeg\",\"contentUrl\":\"https:\/\/seifen-oper.ch\/wp-content\/uploads\/2022\/10\/IMG_6756-scaled.jpeg\",\"width\":2491,\"height\":2560},{\"@type\":\"BreadcrumbList\",\"@id\":\"https:\/\/seifen-oper.ch\/?product=schluessel-zum-glueck-badecupcake#breadcrumb\",\"itemListElement\":[{\"@type\":\"ListItem\",\"position\":1,\"name\":\"Home\",\"item\":\"https:\/\/seifen-oper.ch\/\"},{\"@type\":\"ListItem\",\"position\":2,\"name\":\"Shop\",\"item\":\"https:\/\/seifen-oper.ch\/?page_id=12\"},{\"@type\":\"ListItem\",\"position\":3,\"name\":\"&#171;Schl\u00fcssel zum Gl\u00fcck&#187; -Badecupcake\"}]},{\"@type\":\"WebSite\",\"@id\":\"https:\/\/seifen-oper.ch\/#website\",\"url\":\"https:\/\/seifen-oper.ch\/\",\"name\":\"Seifen Oper GmbH\",\"description\":\"Kosmetik bester Qualit\u00e4t. Handgefertigt.\",\"publisher\":{\"@id\":\"https:\/\/seifen-oper.ch\/#organization\"},\"potentialAction\":[{\"@type\":\"SearchAction\",\"target\":{\"@type\":\"EntryPoint\",\"urlTemplate\":\"https:\/\/seifen-oper.ch\/?s={search_term_string}\"},\"query-input\":{\"@type\":\"PropertyValueSpecification\",\"valueRequired\":true,\"valueName\":\"search_term_string\"}}],\"inLanguage\":\"de-CH\"},{\"@type\":\"Organization\",\"@id\":\"https:\/\/seifen-oper.ch\/#organization\",\"name\":\"Seifen Oper GmbH\",\"url\":\"https:\/\/seifen-oper.ch\/\",\"logo\":{\"@type\":\"ImageObject\",\"inLanguage\":\"de-CH\",\"@id\":\"https:\/\/seifen-oper.ch\/#\/schema\/logo\/image\/\",\"url\":\"https:\/\/seifen-oper.ch\/wp-content\/uploads\/2019\/06\/logo.seifen-oper450.txt.1.png\",\"contentUrl\":\"https:\/\/seifen-oper.ch\/wp-content\/uploads\/2019\/06\/logo.seifen-oper450.txt.1.png\",\"width\":1835,\"height\":1635,\"caption\":\"Seifen Oper GmbH\"},\"image\":{\"@id\":\"https:\/\/seifen-oper.ch\/#\/schema\/logo\/image\/\"},\"sameAs\":[\"https:\/\/www.facebook.com\/SeifenOperGmbH\",\"https:\/\/www.instagram.com\/explore\/locations\/1028758197\/seifen-oper\/\"]}]}<\/script>\n<!-- \/ Yoast SEO plugin. -->","yoast_head_json":{"title":"\"Schl\u00fcssel zum Gl\u00fcck\" -Badecupcake - Seifen Oper GmbH","robots":{"index":"index","follow":"follow","max-snippet":"max-snippet:-1","max-image-preview":"max-image-preview:large","max-video-preview":"max-video-preview:-1"},"canonical":"https:\/\/seifen-oper.ch\/?product=schluessel-zum-glueck-badecupcake","og_locale":"de_DE","og_type":"article","og_title":"\"Schl\u00fcssel zum Gl\u00fcck\" -Badecupcake - Seifen Oper GmbH","og_description":"Badecupcake der nach weissem Tee duftet und den goldenen Schl\u00fcssel zum Gl\u00fcck enth\u00e4lt","og_url":"https:\/\/seifen-oper.ch\/?product=schluessel-zum-glueck-badecupcake","og_site_name":"Seifen Oper GmbH","article_publisher":"https:\/\/www.facebook.com\/SeifenOperGmbH","article_modified_time":"2025-11-18T15:56:52+00:00","og_image":[{"width":2491,"height":2560,"url":"https:\/\/seifen-oper.ch\/wp-content\/uploads\/2022\/10\/IMG_6756-scaled.jpeg","type":"image\/jpeg"}],"twitter_card":"summary_large_image","twitter_misc":{"Gesch\u00e4tzte Lesezeit":"1 Minute"},"schema":{"@context":"https:\/\/schema.org","@graph":[{"@type":"WebPage","@id":"https:\/\/seifen-oper.ch\/?product=schluessel-zum-glueck-badecupcake","url":"https:\/\/seifen-oper.ch\/?product=schluessel-zum-glueck-badecupcake","name":"\"Schl\u00fcssel zum Gl\u00fcck\" -Badecupcake - Seifen Oper GmbH","isPartOf":{"@id":"https:\/\/seifen-oper.ch\/#website"},"primaryImageOfPage":{"@id":"https:\/\/seifen-oper.ch\/?product=schluessel-zum-glueck-badecupcake#primaryimage"},"image":{"@id":"https:\/\/seifen-oper.ch\/?product=schluessel-zum-glueck-badecupcake#primaryimage"},"thumbnailUrl":"https:\/\/seifen-oper.ch\/wp-content\/uploads\/2022\/10\/IMG_6756-scaled.jpeg","datePublished":"2022-10-16T07:20:50+00:00","dateModified":"2025-11-18T15:56:52+00:00","breadcrumb":{"@id":"https:\/\/seifen-oper.ch\/?product=schluessel-zum-glueck-badecupcake#breadcrumb"},"inLanguage":"de-CH","potentialAction":[{"@type":"ReadAction","target":["https:\/\/seifen-oper.ch\/?product=schluessel-zum-glueck-badecupcake"]}]},{"@type":"ImageObject","inLanguage":"de-CH","@id":"https:\/\/seifen-oper.ch\/?product=schluessel-zum-glueck-badecupcake#primaryimage","url":"https:\/\/seifen-oper.ch\/wp-content\/uploads\/2022\/10\/IMG_6756-scaled.jpeg","contentUrl":"https:\/\/seifen-oper.ch\/wp-content\/uploads\/2022\/10\/IMG_6756-scaled.jpeg","width":2491,"height":2560},{"@type":"BreadcrumbList","@id":"https:\/\/seifen-oper.ch\/?product=schluessel-zum-glueck-badecupcake#breadcrumb","itemListElement":[{"@type":"ListItem","position":1,"name":"Home","item":"https:\/\/seifen-oper.ch\/"},{"@type":"ListItem","position":2,"name":"Shop","item":"https:\/\/seifen-oper.ch\/?page_id=12"},{"@type":"ListItem","position":3,"name":"&#171;Schl\u00fcssel zum Gl\u00fcck&#187; -Badecupcake"}]},{"@type":"WebSite","@id":"https:\/\/seifen-oper.ch\/#website","url":"https:\/\/seifen-oper.ch\/","name":"Seifen Oper GmbH","description":"Kosmetik bester Qualit\u00e4t. Handgefertigt.","publisher":{"@id":"https:\/\/seifen-oper.ch\/#organization"},"potentialAction":[{"@type":"SearchAction","target":{"@type":"EntryPoint","urlTemplate":"https:\/\/seifen-oper.ch\/?s={search_term_string}"},"query-input":{"@type":"PropertyValueSpecification","valueRequired":true,"valueName":"search_term_string"}}],"inLanguage":"de-CH"},{"@type":"Organization","@id":"https:\/\/seifen-oper.ch\/#organization","name":"Seifen Oper GmbH","url":"https:\/\/seifen-oper.ch\/","logo":{"@type":"ImageObject","inLanguage":"de-CH","@id":"https:\/\/seifen-oper.ch\/#\/schema\/logo\/image\/","url":"https:\/\/seifen-oper.ch\/wp-content\/uploads\/2019\/06\/logo.seifen-oper450.txt.1.png","contentUrl":"https:\/\/seifen-oper.ch\/wp-content\/uploads\/2019\/06\/logo.seifen-oper450.txt.1.png","width":1835,"height":1635,"caption":"Seifen Oper GmbH"},"image":{"@id":"https:\/\/seifen-oper.ch\/#\/schema\/logo\/image\/"},"sameAs":["https:\/\/www.facebook.com\/SeifenOperGmbH","https:\/\/www.instagram.com\/explore\/locations\/1028758197\/seifen-oper\/"]}]}},"_links":{"self":[{"href":"https:\/\/seifen-oper.ch\/index.php?rest_route=\/wp\/v2\/product\/3810"}],"collection":[{"href":"https:\/\/seifen-oper.ch\/index.php?rest_route=\/wp\/v2\/product"}],"about":[{"href":"https:\/\/seifen-oper.ch\/index.php?rest_route=\/wp\/v2\/types\/product"}],"wp:featuredmedia":[{"embeddable":true,"href":"https:\/\/seifen-oper.ch\/index.php?rest_route=\/wp\/v2\/media\/3811"}],"wp:attachment":[{"href":"https:\/\/seifen-oper.ch\/index.php?rest_route=%2Fwp%2Fv2%2Fmedia&parent=3810"}],"wp:term":[{"taxonomy":"product_brand","embeddable":true,"href":"https:\/\/seifen-oper.ch\/index.php?rest_route=%2Fwp%2Fv2%2Fproduct_brand&post=3810"},{"taxonomy":"product_cat","embeddable":true,"href":"https:\/\/seifen-oper.ch\/index.php?rest_route=%2Fwp%2Fv2%2Fproduct_cat&post=3810"},{"taxonomy":"product_tag","embeddable":true,"href":"https:\/\/seifen-oper.ch\/index.php?rest_route=%2Fwp%2Fv2%2Fproduct_tag&post=3810"}],"curies":[{"name":"wp","href":"https:\/\/api.w.org\/{rel}","templated":true}]}}