{"id":369,"date":"2019-06-17T11:37:11","date_gmt":"2019-06-17T11:37:11","guid":{"rendered":"https:\/\/seifen-oper.ch\/?product=testerset-fur-problematische-haut"},"modified":"2019-10-03T16:16:24","modified_gmt":"2019-10-03T16:16:24","slug":"testerset-fur-problematische-haut","status":"publish","type":"product","link":"https:\/\/seifen-oper.ch\/?product=testerset-fur-problematische-haut","title":{"rendered":"&#171;Testerset f\u00fcr problematische Haut&#187;"},"content":{"rendered":"<p style=\"text-align: center;\"><span style=\"color: #888888;\">Dieses Set enth\u00e4lt Tester von folgenden Produkten:<\/span><\/p>\n<p style=\"text-align: center;\"><span style=\"color: #888888;\">&#8211;<a href=\"http:\/\/seifen-oper.ch\/de\/gesichtspflege\/reinigung\/all-das-beste-krautergesichttseife.html\" target=\"_blank\" rel=\"noopener noreferrer\"><span style=\"color: #888888;\">&#171;<span style=\"color: #ff99cc;\">All das Beste<\/span>&#171;<\/span><\/a>\u00a0Kr\u00e4utergesichtsseife auf der Basis von Gurken, welche die unreine Haut optimal reinigt.<\/span><\/p>\n<p style=\"text-align: center;\"><span style=\"color: #888888;\"><a href=\"http:\/\/seifen-oper.ch\/de\/gesichtspflege\/cremes\/peterli-minze-gesichtscreme-50ml.html\" target=\"_blank\" rel=\"noopener noreferrer\"><span style=\"color: #888888;\"> -&#171;<span style=\"color: #ff99cc;\">Peterli-Minzecreme<\/span>&#171;<\/span><\/a>\u00a0,\u00a0welche die unreine Mischhaut mit Peterli und frischer Minze ausgleicht, erfrischt und befeuchtet ohne eine Fettschicht auf der Haut zu hinterlassen.<\/span><\/p>\n<p style=\"text-align: center;\"><span style=\"color: #888888;\">&#8211;<a href=\"http:\/\/seifen-oper.ch\/de\/gesichtspflege\/tonikums\/hey-hey-gesichtsspray.html\" target=\"_blank\" rel=\"noopener noreferrer\"><span style=\"color: #888888;\">&#171;<span style=\"color: #ff99cc;\">HEY HEY Gesichtsspray<\/span>&#171;<\/span><\/a><a href=\"http:\/\/seifen-oper.ch\/de\/gesichtspflege\/tonikums\/hey-hey-gesichtsspray.html\" target=\"_blank\" rel=\"noopener noreferrer\"><span style=\"color: #888888;\">.<\/span><\/a>\u00a0Erfrischendes Rosmarin-Minze Gesichtsspray,\u00a0f\u00fcr einen rosigen Teint.<\/span><\/p>\n<p style=\"text-align: center;\"><span style=\"color: #888888;\">Nat\u00fcrlich haben Sie auch die M\u00f6glichkeit alle unsere Produkte kostenlos in unserem <span style=\"color: #ff99cc;\"><a href=\"http:\/\/seifen-oper.ch\/de\/kontakt\" target=\"_blank\" rel=\"noopener noreferrer\"><span style=\"color: #ff99cc;\">Verkaufsgesch\u00e4ft in Winterthur <\/span><\/a><\/span>zu testen wenn Sie sich unsicher sind welche Pflege die richtige f\u00fcr Sie ist. Kommen Sie vorbei! Wir beraten Sie gerne.<\/span><\/p>\n","protected":false},"excerpt":{"rendered":"<p>Sie intressieren sich f\u00fcr unsere Gesichtspflege, m\u00f6chten Sie jedoch gerne testen bevor Sie alles bestellen? In diesem Set finden sie 3 Produkte f\u00fcr die problematische Gesichtshaut, welche wir Ihnen f\u00fcr die t\u00e4gliche Pflege empfehlen.<\/p>\n","protected":false},"featured_media":1717,"template":"","meta":[],"product_brand":[],"product_cat":[36],"product_tag":[],"class_list":{"0":"post-369","1":"product","2":"type-product","3":"status-publish","4":"has-post-thumbnail","6":"product_cat-testersets","8":"first","9":"instock","10":"shipping-taxable","11":"purchasable","12":"product-type-simple"},"yoast_head":"<!-- This site is optimized with the Yoast SEO plugin v25.6 - https:\/\/yoast.com\/wordpress\/plugins\/seo\/ -->\n<title>&quot;Testerset f\u00fcr problematische Haut&quot; - Seifen Oper GmbH<\/title>\n<meta name=\"robots\" content=\"index, follow, max-snippet:-1, max-image-preview:large, max-video-preview:-1\" \/>\n<link rel=\"canonical\" href=\"https:\/\/seifen-oper.ch\/?product=testerset-fur-problematische-haut\" \/>\n<meta property=\"og:locale\" content=\"de_DE\" \/>\n<meta property=\"og:type\" content=\"article\" \/>\n<meta property=\"og:title\" content=\"&quot;Testerset f\u00fcr problematische Haut&quot; - Seifen Oper GmbH\" \/>\n<meta property=\"og:description\" content=\"Sie intressieren sich f\u00fcr unsere Gesichtspflege, m\u00f6chten Sie jedoch gerne testen bevor Sie alles bestellen? In diesem Set finden sie 3 Produkte f\u00fcr die problematische Gesichtshaut, welche wir Ihnen f\u00fcr die t\u00e4gliche Pflege empfehlen.\" \/>\n<meta property=\"og:url\" content=\"https:\/\/seifen-oper.ch\/?product=testerset-fur-problematische-haut\" \/>\n<meta property=\"og:site_name\" content=\"Seifen Oper GmbH\" \/>\n<meta property=\"article:publisher\" content=\"https:\/\/www.facebook.com\/SeifenOperGmbH\" \/>\n<meta property=\"article:modified_time\" content=\"2019-10-03T16:16:24+00:00\" \/>\n<meta property=\"og:image\" content=\"https:\/\/seifen-oper.ch\/wp-content\/uploads\/2019\/06\/problemhaut.png\" \/>\n\t<meta property=\"og:image:width\" content=\"500\" \/>\n\t<meta property=\"og:image:height\" content=\"500\" \/>\n\t<meta property=\"og:image:type\" content=\"image\/png\" \/>\n<meta name=\"twitter:card\" content=\"summary_large_image\" \/>\n<meta name=\"twitter:label1\" content=\"Gesch\u00e4tzte Lesezeit\" \/>\n\t<meta name=\"twitter:data1\" content=\"1 Minute\" \/>\n<script type=\"application\/ld+json\" class=\"yoast-schema-graph\">{\"@context\":\"https:\/\/schema.org\",\"@graph\":[{\"@type\":\"WebPage\",\"@id\":\"https:\/\/seifen-oper.ch\/?product=testerset-fur-problematische-haut\",\"url\":\"https:\/\/seifen-oper.ch\/?product=testerset-fur-problematische-haut\",\"name\":\"\\\"Testerset f\u00fcr problematische Haut\\\" - Seifen Oper GmbH\",\"isPartOf\":{\"@id\":\"https:\/\/seifen-oper.ch\/#website\"},\"primaryImageOfPage\":{\"@id\":\"https:\/\/seifen-oper.ch\/?product=testerset-fur-problematische-haut#primaryimage\"},\"image\":{\"@id\":\"https:\/\/seifen-oper.ch\/?product=testerset-fur-problematische-haut#primaryimage\"},\"thumbnailUrl\":\"https:\/\/seifen-oper.ch\/wp-content\/uploads\/2019\/06\/problemhaut.png\",\"datePublished\":\"2019-06-17T11:37:11+00:00\",\"dateModified\":\"2019-10-03T16:16:24+00:00\",\"breadcrumb\":{\"@id\":\"https:\/\/seifen-oper.ch\/?product=testerset-fur-problematische-haut#breadcrumb\"},\"inLanguage\":\"de-CH\",\"potentialAction\":[{\"@type\":\"ReadAction\",\"target\":[\"https:\/\/seifen-oper.ch\/?product=testerset-fur-problematische-haut\"]}]},{\"@type\":\"ImageObject\",\"inLanguage\":\"de-CH\",\"@id\":\"https:\/\/seifen-oper.ch\/?product=testerset-fur-problematische-haut#primaryimage\",\"url\":\"https:\/\/seifen-oper.ch\/wp-content\/uploads\/2019\/06\/problemhaut.png\",\"contentUrl\":\"https:\/\/seifen-oper.ch\/wp-content\/uploads\/2019\/06\/problemhaut.png\",\"width\":500,\"height\":500},{\"@type\":\"BreadcrumbList\",\"@id\":\"https:\/\/seifen-oper.ch\/?product=testerset-fur-problematische-haut#breadcrumb\",\"itemListElement\":[{\"@type\":\"ListItem\",\"position\":1,\"name\":\"Home\",\"item\":\"https:\/\/seifen-oper.ch\/\"},{\"@type\":\"ListItem\",\"position\":2,\"name\":\"Shop\",\"item\":\"https:\/\/seifen-oper.ch\/?page_id=12\"},{\"@type\":\"ListItem\",\"position\":3,\"name\":\"&#171;Testerset f\u00fcr problematische Haut&#187;\"}]},{\"@type\":\"WebSite\",\"@id\":\"https:\/\/seifen-oper.ch\/#website\",\"url\":\"https:\/\/seifen-oper.ch\/\",\"name\":\"Seifen Oper GmbH\",\"description\":\"Kosmetik bester Qualit\u00e4t. Handgefertigt.\",\"publisher\":{\"@id\":\"https:\/\/seifen-oper.ch\/#organization\"},\"potentialAction\":[{\"@type\":\"SearchAction\",\"target\":{\"@type\":\"EntryPoint\",\"urlTemplate\":\"https:\/\/seifen-oper.ch\/?s={search_term_string}\"},\"query-input\":{\"@type\":\"PropertyValueSpecification\",\"valueRequired\":true,\"valueName\":\"search_term_string\"}}],\"inLanguage\":\"de-CH\"},{\"@type\":\"Organization\",\"@id\":\"https:\/\/seifen-oper.ch\/#organization\",\"name\":\"Seifen Oper GmbH\",\"url\":\"https:\/\/seifen-oper.ch\/\",\"logo\":{\"@type\":\"ImageObject\",\"inLanguage\":\"de-CH\",\"@id\":\"https:\/\/seifen-oper.ch\/#\/schema\/logo\/image\/\",\"url\":\"https:\/\/seifen-oper.ch\/wp-content\/uploads\/2019\/06\/logo.seifen-oper450.txt.1.png\",\"contentUrl\":\"https:\/\/seifen-oper.ch\/wp-content\/uploads\/2019\/06\/logo.seifen-oper450.txt.1.png\",\"width\":1835,\"height\":1635,\"caption\":\"Seifen Oper GmbH\"},\"image\":{\"@id\":\"https:\/\/seifen-oper.ch\/#\/schema\/logo\/image\/\"},\"sameAs\":[\"https:\/\/www.facebook.com\/SeifenOperGmbH\",\"https:\/\/www.instagram.com\/explore\/locations\/1028758197\/seifen-oper\/\"]}]}<\/script>\n<!-- \/ Yoast SEO plugin. -->","yoast_head_json":{"title":"\"Testerset f\u00fcr problematische Haut\" - Seifen Oper GmbH","robots":{"index":"index","follow":"follow","max-snippet":"max-snippet:-1","max-image-preview":"max-image-preview:large","max-video-preview":"max-video-preview:-1"},"canonical":"https:\/\/seifen-oper.ch\/?product=testerset-fur-problematische-haut","og_locale":"de_DE","og_type":"article","og_title":"\"Testerset f\u00fcr problematische Haut\" - Seifen Oper GmbH","og_description":"Sie intressieren sich f\u00fcr unsere Gesichtspflege, m\u00f6chten Sie jedoch gerne testen bevor Sie alles bestellen? In diesem Set finden sie 3 Produkte f\u00fcr die problematische Gesichtshaut, welche wir Ihnen f\u00fcr die t\u00e4gliche Pflege empfehlen.","og_url":"https:\/\/seifen-oper.ch\/?product=testerset-fur-problematische-haut","og_site_name":"Seifen Oper GmbH","article_publisher":"https:\/\/www.facebook.com\/SeifenOperGmbH","article_modified_time":"2019-10-03T16:16:24+00:00","og_image":[{"width":500,"height":500,"url":"https:\/\/seifen-oper.ch\/wp-content\/uploads\/2019\/06\/problemhaut.png","type":"image\/png"}],"twitter_card":"summary_large_image","twitter_misc":{"Gesch\u00e4tzte Lesezeit":"1 Minute"},"schema":{"@context":"https:\/\/schema.org","@graph":[{"@type":"WebPage","@id":"https:\/\/seifen-oper.ch\/?product=testerset-fur-problematische-haut","url":"https:\/\/seifen-oper.ch\/?product=testerset-fur-problematische-haut","name":"\"Testerset f\u00fcr problematische Haut\" - Seifen Oper GmbH","isPartOf":{"@id":"https:\/\/seifen-oper.ch\/#website"},"primaryImageOfPage":{"@id":"https:\/\/seifen-oper.ch\/?product=testerset-fur-problematische-haut#primaryimage"},"image":{"@id":"https:\/\/seifen-oper.ch\/?product=testerset-fur-problematische-haut#primaryimage"},"thumbnailUrl":"https:\/\/seifen-oper.ch\/wp-content\/uploads\/2019\/06\/problemhaut.png","datePublished":"2019-06-17T11:37:11+00:00","dateModified":"2019-10-03T16:16:24+00:00","breadcrumb":{"@id":"https:\/\/seifen-oper.ch\/?product=testerset-fur-problematische-haut#breadcrumb"},"inLanguage":"de-CH","potentialAction":[{"@type":"ReadAction","target":["https:\/\/seifen-oper.ch\/?product=testerset-fur-problematische-haut"]}]},{"@type":"ImageObject","inLanguage":"de-CH","@id":"https:\/\/seifen-oper.ch\/?product=testerset-fur-problematische-haut#primaryimage","url":"https:\/\/seifen-oper.ch\/wp-content\/uploads\/2019\/06\/problemhaut.png","contentUrl":"https:\/\/seifen-oper.ch\/wp-content\/uploads\/2019\/06\/problemhaut.png","width":500,"height":500},{"@type":"BreadcrumbList","@id":"https:\/\/seifen-oper.ch\/?product=testerset-fur-problematische-haut#breadcrumb","itemListElement":[{"@type":"ListItem","position":1,"name":"Home","item":"https:\/\/seifen-oper.ch\/"},{"@type":"ListItem","position":2,"name":"Shop","item":"https:\/\/seifen-oper.ch\/?page_id=12"},{"@type":"ListItem","position":3,"name":"&#171;Testerset f\u00fcr problematische Haut&#187;"}]},{"@type":"WebSite","@id":"https:\/\/seifen-oper.ch\/#website","url":"https:\/\/seifen-oper.ch\/","name":"Seifen Oper GmbH","description":"Kosmetik bester Qualit\u00e4t. Handgefertigt.","publisher":{"@id":"https:\/\/seifen-oper.ch\/#organization"},"potentialAction":[{"@type":"SearchAction","target":{"@type":"EntryPoint","urlTemplate":"https:\/\/seifen-oper.ch\/?s={search_term_string}"},"query-input":{"@type":"PropertyValueSpecification","valueRequired":true,"valueName":"search_term_string"}}],"inLanguage":"de-CH"},{"@type":"Organization","@id":"https:\/\/seifen-oper.ch\/#organization","name":"Seifen Oper GmbH","url":"https:\/\/seifen-oper.ch\/","logo":{"@type":"ImageObject","inLanguage":"de-CH","@id":"https:\/\/seifen-oper.ch\/#\/schema\/logo\/image\/","url":"https:\/\/seifen-oper.ch\/wp-content\/uploads\/2019\/06\/logo.seifen-oper450.txt.1.png","contentUrl":"https:\/\/seifen-oper.ch\/wp-content\/uploads\/2019\/06\/logo.seifen-oper450.txt.1.png","width":1835,"height":1635,"caption":"Seifen Oper GmbH"},"image":{"@id":"https:\/\/seifen-oper.ch\/#\/schema\/logo\/image\/"},"sameAs":["https:\/\/www.facebook.com\/SeifenOperGmbH","https:\/\/www.instagram.com\/explore\/locations\/1028758197\/seifen-oper\/"]}]}},"_links":{"self":[{"href":"https:\/\/seifen-oper.ch\/index.php?rest_route=\/wp\/v2\/product\/369"}],"collection":[{"href":"https:\/\/seifen-oper.ch\/index.php?rest_route=\/wp\/v2\/product"}],"about":[{"href":"https:\/\/seifen-oper.ch\/index.php?rest_route=\/wp\/v2\/types\/product"}],"wp:featuredmedia":[{"embeddable":true,"href":"https:\/\/seifen-oper.ch\/index.php?rest_route=\/wp\/v2\/media\/1717"}],"wp:attachment":[{"href":"https:\/\/seifen-oper.ch\/index.php?rest_route=%2Fwp%2Fv2%2Fmedia&parent=369"}],"wp:term":[{"taxonomy":"product_brand","embeddable":true,"href":"https:\/\/seifen-oper.ch\/index.php?rest_route=%2Fwp%2Fv2%2Fproduct_brand&post=369"},{"taxonomy":"product_cat","embeddable":true,"href":"https:\/\/seifen-oper.ch\/index.php?rest_route=%2Fwp%2Fv2%2Fproduct_cat&post=369"},{"taxonomy":"product_tag","embeddable":true,"href":"https:\/\/seifen-oper.ch\/index.php?rest_route=%2Fwp%2Fv2%2Fproduct_tag&post=369"}],"curies":[{"name":"wp","href":"https:\/\/api.w.org\/{rel}","templated":true}]}}