{"id":3495,"date":"2021-08-08T19:56:33","date_gmt":"2021-08-08T17:56:33","guid":{"rendered":"https:\/\/seifen-oper.ch\/?post_type=product&#038;p=3495"},"modified":"2026-02-09T08:27:33","modified_gmt":"2026-02-09T07:27:33","slug":"%e2%9c%9e%e2%99%a5%ef%b8%8f%e2%9a%93%ef%b8%8f-seife","status":"publish","type":"product","link":"https:\/\/seifen-oper.ch\/?product=%e2%9c%9e%e2%99%a5%ef%b8%8f%e2%9a%93%ef%b8%8f-seife","title":{"rendered":"&#171;\u271e\u2665\ufe0f\u2693\ufe0f-Seife&#187;"},"content":{"rendered":"<div class=\"\">Diese vegane, handgemachte, erfrischende Hand- und K\u00f6rperseife verw\u00f6hnt Ihre Haut, macht sie geschmeidig und reinigt gr\u00fcndlich. Angereichert ist sie mit Kokosbutter und Oliven\u00f6l und duftet nach unserem beliebten &#171;Glaube, Liebe, Hoffnung-Duft&#187;. Ein herrlich erfrischender Duft: Jung, hoffnungsfroh und wild entschlossen, das grosse Gl\u00fcck zu machen \ud83d\ude42<\/div>\n<div><\/div>\n<div>\u00a0Preis: Sfr. 15.- \/ 130g<\/div>\n<div><\/div>\n<div class=\"\">\n<p>Inhaltsstoffe\/INCI: Wasser (Aqua), Oliven\u00f6l (Olea Europaea), Kokos\u00f6l (Cocos nucifera), Soja\u00f6l (Glycine soja), Raps\u00f6l (Brassica campestris seed oil), NaOH (Sodium Hydroxide), Parf\u00fcm, C174160 (blaue Seifenfarbe)<\/p>\n<\/div>\n<div class=\"\"><\/div>\n<div class=\"\"><\/div>\n","protected":false},"excerpt":{"rendered":"<p>Hand- und K\u00f6rperseife auf Oliven\u00f6l-Kokosbutterbasis mit unserem beliebten \u271e\u2665\ufe0f\u2693\ufe0f-Duft<\/p>\n","protected":false},"featured_media":3496,"template":"","meta":[],"product_brand":[],"product_cat":[681,17],"product_tag":[118,332,342,179,55,343,130,68,61],"class_list":{"0":"post-3495","1":"product","2":"type-product","3":"status-publish","4":"has-post-thumbnail","6":"product_cat-fruehling","7":"product_cat-seifen","8":"product_tag-frisch","9":"product_tag-glaube-liebe-hoffnung-duft","10":"product_tag-hand-und-korperseife","11":"product_tag-handgemacht","12":"product_tag-kokosbutter","13":"product_tag-kuhn","14":"product_tag-olivenoel","15":"product_tag-pflegend","16":"product_tag-vegan","18":"first","19":"instock","20":"shipping-taxable","21":"purchasable","22":"product-type-simple"},"yoast_head":"<!-- This site is optimized with the Yoast SEO plugin v25.6 - https:\/\/yoast.com\/wordpress\/plugins\/seo\/ -->\n<title>&quot;\u271e\u2665\ufe0f\u2693\ufe0f-Seife&quot; - Seifen Oper GmbH<\/title>\n<meta name=\"robots\" content=\"index, follow, max-snippet:-1, max-image-preview:large, max-video-preview:-1\" \/>\n<link rel=\"canonical\" href=\"https:\/\/seifen-oper.ch\/?product=\u271e\u2665\ufe0f\u2693\ufe0f-seife\" \/>\n<meta property=\"og:locale\" content=\"de_DE\" \/>\n<meta property=\"og:type\" content=\"article\" \/>\n<meta property=\"og:title\" content=\"&quot;\u271e\u2665\ufe0f\u2693\ufe0f-Seife&quot; - Seifen Oper GmbH\" \/>\n<meta property=\"og:description\" content=\"Hand- und K\u00f6rperseife auf Oliven\u00f6l-Kokosbutterbasis mit unserem beliebten \u271e\u2665\ufe0f\u2693\ufe0f-Duft\" \/>\n<meta property=\"og:url\" content=\"https:\/\/seifen-oper.ch\/?product=\u271e\u2665\ufe0f\u2693\ufe0f-seife\" \/>\n<meta property=\"og:site_name\" content=\"Seifen Oper GmbH\" \/>\n<meta property=\"article:publisher\" content=\"https:\/\/www.facebook.com\/SeifenOperGmbH\" \/>\n<meta property=\"article:modified_time\" content=\"2026-02-09T07:27:33+00:00\" \/>\n<meta property=\"og:image\" content=\"https:\/\/seifen-oper.ch\/wp-content\/uploads\/2021\/08\/glaube-liebe-hoff.png\" \/>\n\t<meta property=\"og:image:width\" content=\"1146\" \/>\n\t<meta property=\"og:image:height\" content=\"960\" \/>\n\t<meta property=\"og:image:type\" content=\"image\/png\" \/>\n<meta name=\"twitter:card\" content=\"summary_large_image\" \/>\n<meta name=\"twitter:label1\" content=\"Gesch\u00e4tzte Lesezeit\" \/>\n\t<meta name=\"twitter:data1\" content=\"1 Minute\" \/>\n<script type=\"application\/ld+json\" class=\"yoast-schema-graph\">{\"@context\":\"https:\/\/schema.org\",\"@graph\":[{\"@type\":\"WebPage\",\"@id\":\"https:\/\/seifen-oper.ch\/?product=%e2%9c%9e%e2%99%a5%ef%b8%8f%e2%9a%93%ef%b8%8f-seife\",\"url\":\"https:\/\/seifen-oper.ch\/?product=%e2%9c%9e%e2%99%a5%ef%b8%8f%e2%9a%93%ef%b8%8f-seife\",\"name\":\"\\\"\u271e\u2665\ufe0f\u2693\ufe0f-Seife\\\" - Seifen Oper GmbH\",\"isPartOf\":{\"@id\":\"https:\/\/seifen-oper.ch\/#website\"},\"primaryImageOfPage\":{\"@id\":\"https:\/\/seifen-oper.ch\/?product=%e2%9c%9e%e2%99%a5%ef%b8%8f%e2%9a%93%ef%b8%8f-seife#primaryimage\"},\"image\":{\"@id\":\"https:\/\/seifen-oper.ch\/?product=%e2%9c%9e%e2%99%a5%ef%b8%8f%e2%9a%93%ef%b8%8f-seife#primaryimage\"},\"thumbnailUrl\":\"https:\/\/seifen-oper.ch\/wp-content\/uploads\/2021\/08\/glaube-liebe-hoff.png\",\"datePublished\":\"2021-08-08T17:56:33+00:00\",\"dateModified\":\"2026-02-09T07:27:33+00:00\",\"breadcrumb\":{\"@id\":\"https:\/\/seifen-oper.ch\/?product=%e2%9c%9e%e2%99%a5%ef%b8%8f%e2%9a%93%ef%b8%8f-seife#breadcrumb\"},\"inLanguage\":\"de-CH\",\"potentialAction\":[{\"@type\":\"ReadAction\",\"target\":[\"https:\/\/seifen-oper.ch\/?product=%e2%9c%9e%e2%99%a5%ef%b8%8f%e2%9a%93%ef%b8%8f-seife\"]}]},{\"@type\":\"ImageObject\",\"inLanguage\":\"de-CH\",\"@id\":\"https:\/\/seifen-oper.ch\/?product=%e2%9c%9e%e2%99%a5%ef%b8%8f%e2%9a%93%ef%b8%8f-seife#primaryimage\",\"url\":\"https:\/\/seifen-oper.ch\/wp-content\/uploads\/2021\/08\/glaube-liebe-hoff.png\",\"contentUrl\":\"https:\/\/seifen-oper.ch\/wp-content\/uploads\/2021\/08\/glaube-liebe-hoff.png\",\"width\":1146,\"height\":960},{\"@type\":\"BreadcrumbList\",\"@id\":\"https:\/\/seifen-oper.ch\/?product=%e2%9c%9e%e2%99%a5%ef%b8%8f%e2%9a%93%ef%b8%8f-seife#breadcrumb\",\"itemListElement\":[{\"@type\":\"ListItem\",\"position\":1,\"name\":\"Home\",\"item\":\"https:\/\/seifen-oper.ch\/\"},{\"@type\":\"ListItem\",\"position\":2,\"name\":\"Shop\",\"item\":\"https:\/\/seifen-oper.ch\/?page_id=12\"},{\"@type\":\"ListItem\",\"position\":3,\"name\":\"&#171;\u271e\u2665\ufe0f\u2693\ufe0f-Seife&#187;\"}]},{\"@type\":\"WebSite\",\"@id\":\"https:\/\/seifen-oper.ch\/#website\",\"url\":\"https:\/\/seifen-oper.ch\/\",\"name\":\"Seifen Oper GmbH\",\"description\":\"Kosmetik bester Qualit\u00e4t. Handgefertigt.\",\"publisher\":{\"@id\":\"https:\/\/seifen-oper.ch\/#organization\"},\"potentialAction\":[{\"@type\":\"SearchAction\",\"target\":{\"@type\":\"EntryPoint\",\"urlTemplate\":\"https:\/\/seifen-oper.ch\/?s={search_term_string}\"},\"query-input\":{\"@type\":\"PropertyValueSpecification\",\"valueRequired\":true,\"valueName\":\"search_term_string\"}}],\"inLanguage\":\"de-CH\"},{\"@type\":\"Organization\",\"@id\":\"https:\/\/seifen-oper.ch\/#organization\",\"name\":\"Seifen Oper GmbH\",\"url\":\"https:\/\/seifen-oper.ch\/\",\"logo\":{\"@type\":\"ImageObject\",\"inLanguage\":\"de-CH\",\"@id\":\"https:\/\/seifen-oper.ch\/#\/schema\/logo\/image\/\",\"url\":\"https:\/\/seifen-oper.ch\/wp-content\/uploads\/2019\/06\/logo.seifen-oper450.txt.1.png\",\"contentUrl\":\"https:\/\/seifen-oper.ch\/wp-content\/uploads\/2019\/06\/logo.seifen-oper450.txt.1.png\",\"width\":1835,\"height\":1635,\"caption\":\"Seifen Oper GmbH\"},\"image\":{\"@id\":\"https:\/\/seifen-oper.ch\/#\/schema\/logo\/image\/\"},\"sameAs\":[\"https:\/\/www.facebook.com\/SeifenOperGmbH\",\"https:\/\/www.instagram.com\/explore\/locations\/1028758197\/seifen-oper\/\"]}]}<\/script>\n<!-- \/ Yoast SEO plugin. -->","yoast_head_json":{"title":"\"\u271e\u2665\ufe0f\u2693\ufe0f-Seife\" - Seifen Oper GmbH","robots":{"index":"index","follow":"follow","max-snippet":"max-snippet:-1","max-image-preview":"max-image-preview:large","max-video-preview":"max-video-preview:-1"},"canonical":"https:\/\/seifen-oper.ch\/?product=\u271e\u2665\ufe0f\u2693\ufe0f-seife","og_locale":"de_DE","og_type":"article","og_title":"\"\u271e\u2665\ufe0f\u2693\ufe0f-Seife\" - Seifen Oper GmbH","og_description":"Hand- und K\u00f6rperseife auf Oliven\u00f6l-Kokosbutterbasis mit unserem beliebten \u271e\u2665\ufe0f\u2693\ufe0f-Duft","og_url":"https:\/\/seifen-oper.ch\/?product=\u271e\u2665\ufe0f\u2693\ufe0f-seife","og_site_name":"Seifen Oper GmbH","article_publisher":"https:\/\/www.facebook.com\/SeifenOperGmbH","article_modified_time":"2026-02-09T07:27:33+00:00","og_image":[{"width":1146,"height":960,"url":"https:\/\/seifen-oper.ch\/wp-content\/uploads\/2021\/08\/glaube-liebe-hoff.png","type":"image\/png"}],"twitter_card":"summary_large_image","twitter_misc":{"Gesch\u00e4tzte Lesezeit":"1 Minute"},"schema":{"@context":"https:\/\/schema.org","@graph":[{"@type":"WebPage","@id":"https:\/\/seifen-oper.ch\/?product=%e2%9c%9e%e2%99%a5%ef%b8%8f%e2%9a%93%ef%b8%8f-seife","url":"https:\/\/seifen-oper.ch\/?product=%e2%9c%9e%e2%99%a5%ef%b8%8f%e2%9a%93%ef%b8%8f-seife","name":"\"\u271e\u2665\ufe0f\u2693\ufe0f-Seife\" - Seifen Oper GmbH","isPartOf":{"@id":"https:\/\/seifen-oper.ch\/#website"},"primaryImageOfPage":{"@id":"https:\/\/seifen-oper.ch\/?product=%e2%9c%9e%e2%99%a5%ef%b8%8f%e2%9a%93%ef%b8%8f-seife#primaryimage"},"image":{"@id":"https:\/\/seifen-oper.ch\/?product=%e2%9c%9e%e2%99%a5%ef%b8%8f%e2%9a%93%ef%b8%8f-seife#primaryimage"},"thumbnailUrl":"https:\/\/seifen-oper.ch\/wp-content\/uploads\/2021\/08\/glaube-liebe-hoff.png","datePublished":"2021-08-08T17:56:33+00:00","dateModified":"2026-02-09T07:27:33+00:00","breadcrumb":{"@id":"https:\/\/seifen-oper.ch\/?product=%e2%9c%9e%e2%99%a5%ef%b8%8f%e2%9a%93%ef%b8%8f-seife#breadcrumb"},"inLanguage":"de-CH","potentialAction":[{"@type":"ReadAction","target":["https:\/\/seifen-oper.ch\/?product=%e2%9c%9e%e2%99%a5%ef%b8%8f%e2%9a%93%ef%b8%8f-seife"]}]},{"@type":"ImageObject","inLanguage":"de-CH","@id":"https:\/\/seifen-oper.ch\/?product=%e2%9c%9e%e2%99%a5%ef%b8%8f%e2%9a%93%ef%b8%8f-seife#primaryimage","url":"https:\/\/seifen-oper.ch\/wp-content\/uploads\/2021\/08\/glaube-liebe-hoff.png","contentUrl":"https:\/\/seifen-oper.ch\/wp-content\/uploads\/2021\/08\/glaube-liebe-hoff.png","width":1146,"height":960},{"@type":"BreadcrumbList","@id":"https:\/\/seifen-oper.ch\/?product=%e2%9c%9e%e2%99%a5%ef%b8%8f%e2%9a%93%ef%b8%8f-seife#breadcrumb","itemListElement":[{"@type":"ListItem","position":1,"name":"Home","item":"https:\/\/seifen-oper.ch\/"},{"@type":"ListItem","position":2,"name":"Shop","item":"https:\/\/seifen-oper.ch\/?page_id=12"},{"@type":"ListItem","position":3,"name":"&#171;\u271e\u2665\ufe0f\u2693\ufe0f-Seife&#187;"}]},{"@type":"WebSite","@id":"https:\/\/seifen-oper.ch\/#website","url":"https:\/\/seifen-oper.ch\/","name":"Seifen Oper GmbH","description":"Kosmetik bester Qualit\u00e4t. Handgefertigt.","publisher":{"@id":"https:\/\/seifen-oper.ch\/#organization"},"potentialAction":[{"@type":"SearchAction","target":{"@type":"EntryPoint","urlTemplate":"https:\/\/seifen-oper.ch\/?s={search_term_string}"},"query-input":{"@type":"PropertyValueSpecification","valueRequired":true,"valueName":"search_term_string"}}],"inLanguage":"de-CH"},{"@type":"Organization","@id":"https:\/\/seifen-oper.ch\/#organization","name":"Seifen Oper GmbH","url":"https:\/\/seifen-oper.ch\/","logo":{"@type":"ImageObject","inLanguage":"de-CH","@id":"https:\/\/seifen-oper.ch\/#\/schema\/logo\/image\/","url":"https:\/\/seifen-oper.ch\/wp-content\/uploads\/2019\/06\/logo.seifen-oper450.txt.1.png","contentUrl":"https:\/\/seifen-oper.ch\/wp-content\/uploads\/2019\/06\/logo.seifen-oper450.txt.1.png","width":1835,"height":1635,"caption":"Seifen Oper GmbH"},"image":{"@id":"https:\/\/seifen-oper.ch\/#\/schema\/logo\/image\/"},"sameAs":["https:\/\/www.facebook.com\/SeifenOperGmbH","https:\/\/www.instagram.com\/explore\/locations\/1028758197\/seifen-oper\/"]}]}},"_links":{"self":[{"href":"https:\/\/seifen-oper.ch\/index.php?rest_route=\/wp\/v2\/product\/3495"}],"collection":[{"href":"https:\/\/seifen-oper.ch\/index.php?rest_route=\/wp\/v2\/product"}],"about":[{"href":"https:\/\/seifen-oper.ch\/index.php?rest_route=\/wp\/v2\/types\/product"}],"wp:featuredmedia":[{"embeddable":true,"href":"https:\/\/seifen-oper.ch\/index.php?rest_route=\/wp\/v2\/media\/3496"}],"wp:attachment":[{"href":"https:\/\/seifen-oper.ch\/index.php?rest_route=%2Fwp%2Fv2%2Fmedia&parent=3495"}],"wp:term":[{"taxonomy":"product_brand","embeddable":true,"href":"https:\/\/seifen-oper.ch\/index.php?rest_route=%2Fwp%2Fv2%2Fproduct_brand&post=3495"},{"taxonomy":"product_cat","embeddable":true,"href":"https:\/\/seifen-oper.ch\/index.php?rest_route=%2Fwp%2Fv2%2Fproduct_cat&post=3495"},{"taxonomy":"product_tag","embeddable":true,"href":"https:\/\/seifen-oper.ch\/index.php?rest_route=%2Fwp%2Fv2%2Fproduct_tag&post=3495"}],"curies":[{"name":"wp","href":"https:\/\/api.w.org\/{rel}","templated":true}]}}