{"id":3419,"date":"2021-05-12T21:02:44","date_gmt":"2021-05-12T19:02:44","guid":{"rendered":"https:\/\/seifen-oper.ch\/?post_type=product&#038;p=3419"},"modified":"2021-05-12T21:05:22","modified_gmt":"2021-05-12T19:05:22","slug":"blaubeer-seife","status":"publish","type":"product","link":"https:\/\/seifen-oper.ch\/?product=blaubeer-seife","title":{"rendered":"&#171;Blaubeer Seife&#187;"},"content":{"rendered":"<p>der Duft dieser Seife ist ein absoluter Favorit! So unglaublich bet\u00f6rend, das man ihn kaum beschreiben kann: fruchtig, s\u00fcss, \u00fcppig und einfach zum reinbeissen.<span class=\"Apple-converted-space\">\u00a0 <\/span>Wenn sie s\u00fcsse, saftige Beeren m\u00f6gen (und wer tut das nicht?) ist diese Seife ein MUSS!!<span class=\"Apple-converted-space\">\u00a0 <\/span>Sie ist blau wie der wolkenlose Himmel und vollgepackt mit den besten, pflegenden \u00d6len f\u00fcr Ihre Haut. Kokosbutter und Oliven\u00f6l sorgen daf\u00fcr, dass die Seife Ihre Haut gut pflegt, strafft und geschmeidig h\u00e4lt. Das Raps\u00f6l hilft den anderen \u00d6len in die Haut einzudringen und der Duft der Seife hebt Ihre Stimmung im Nu in andere Sph\u00e4ren. Wenn Sie sie als K\u00f6rperseife benutzen, ist es also gut m\u00f6glich, dass Sie singend und tr\u00e4llernd unter der Dusche stehen werden. \ud83d\ude42\u00a0Vegan und OHNE Konservierungsstoffe, wie all unsere Seifen.<\/p>\n<p>100g \/ Sfr. 14.-<\/p>\n<p>INCI (Inhaltstoffe): Cocos Nucifera Oil (Kokosbutter), Glycine soja (Soja\u00f6l), Brassica campestris seed oil (Raps\u00f6l), Olea Europaea (Oliven\u00f6l), , Aqua (Wasser),Sodium Hydroxide (NaOH), , CI74160 (blaue Farbe),Parf\u00fcm<\/p>\n","protected":false},"excerpt":{"rendered":"<p>himmelblaue Hand- und K\u00f6rperseife mit Blaubeerduft<\/p>\n","protected":false},"featured_media":3420,"template":"","meta":[],"product_brand":[],"product_cat":[17],"product_tag":[314,142,313,179,195,55,196,130,61],"class_list":{"0":"post-3419","1":"product","2":"type-product","3":"status-publish","4":"has-post-thumbnail","6":"product_cat-seifen","7":"product_tag-blau","8":"product_tag-blaubeer","9":"product_tag-blaubeerseife","10":"product_tag-handgemacht","11":"product_tag-handseife","12":"product_tag-kokosbutter","13":"product_tag-korperseife","14":"product_tag-olivenoel","15":"product_tag-vegan","17":"first","18":"instock","19":"shipping-taxable","20":"purchasable","21":"product-type-simple"},"yoast_head":"<!-- This site is optimized with the Yoast SEO plugin v25.6 - https:\/\/yoast.com\/wordpress\/plugins\/seo\/ -->\n<title>&quot;Blaubeer Seife&quot; - Seifen Oper GmbH<\/title>\n<meta name=\"robots\" content=\"index, follow, max-snippet:-1, max-image-preview:large, max-video-preview:-1\" \/>\n<link rel=\"canonical\" href=\"https:\/\/seifen-oper.ch\/?product=blaubeer-seife\" \/>\n<meta property=\"og:locale\" content=\"de_DE\" \/>\n<meta property=\"og:type\" content=\"article\" \/>\n<meta property=\"og:title\" content=\"&quot;Blaubeer Seife&quot; - Seifen Oper GmbH\" \/>\n<meta property=\"og:description\" content=\"himmelblaue Hand- und K\u00f6rperseife mit Blaubeerduft\" \/>\n<meta property=\"og:url\" content=\"https:\/\/seifen-oper.ch\/?product=blaubeer-seife\" \/>\n<meta property=\"og:site_name\" content=\"Seifen Oper GmbH\" \/>\n<meta property=\"article:publisher\" content=\"https:\/\/www.facebook.com\/SeifenOperGmbH\" \/>\n<meta property=\"article:modified_time\" content=\"2021-05-12T19:05:22+00:00\" \/>\n<meta property=\"og:image\" content=\"https:\/\/seifen-oper.ch\/wp-content\/uploads\/2021\/05\/blueberry-1007x1024.png\" \/>\n\t<meta property=\"og:image:width\" content=\"1007\" \/>\n\t<meta property=\"og:image:height\" content=\"1024\" \/>\n\t<meta property=\"og:image:type\" content=\"image\/png\" \/>\n<meta name=\"twitter:card\" content=\"summary_large_image\" \/>\n<meta name=\"twitter:label1\" content=\"Gesch\u00e4tzte Lesezeit\" \/>\n\t<meta name=\"twitter:data1\" content=\"1 Minute\" \/>\n<script type=\"application\/ld+json\" class=\"yoast-schema-graph\">{\"@context\":\"https:\/\/schema.org\",\"@graph\":[{\"@type\":\"WebPage\",\"@id\":\"https:\/\/seifen-oper.ch\/?product=blaubeer-seife\",\"url\":\"https:\/\/seifen-oper.ch\/?product=blaubeer-seife\",\"name\":\"\\\"Blaubeer Seife\\\" - Seifen Oper GmbH\",\"isPartOf\":{\"@id\":\"https:\/\/seifen-oper.ch\/#website\"},\"primaryImageOfPage\":{\"@id\":\"https:\/\/seifen-oper.ch\/?product=blaubeer-seife#primaryimage\"},\"image\":{\"@id\":\"https:\/\/seifen-oper.ch\/?product=blaubeer-seife#primaryimage\"},\"thumbnailUrl\":\"https:\/\/seifen-oper.ch\/wp-content\/uploads\/2021\/05\/blueberry.png\",\"datePublished\":\"2021-05-12T19:02:44+00:00\",\"dateModified\":\"2021-05-12T19:05:22+00:00\",\"breadcrumb\":{\"@id\":\"https:\/\/seifen-oper.ch\/?product=blaubeer-seife#breadcrumb\"},\"inLanguage\":\"de-CH\",\"potentialAction\":[{\"@type\":\"ReadAction\",\"target\":[\"https:\/\/seifen-oper.ch\/?product=blaubeer-seife\"]}]},{\"@type\":\"ImageObject\",\"inLanguage\":\"de-CH\",\"@id\":\"https:\/\/seifen-oper.ch\/?product=blaubeer-seife#primaryimage\",\"url\":\"https:\/\/seifen-oper.ch\/wp-content\/uploads\/2021\/05\/blueberry.png\",\"contentUrl\":\"https:\/\/seifen-oper.ch\/wp-content\/uploads\/2021\/05\/blueberry.png\",\"width\":2927,\"height\":2976},{\"@type\":\"BreadcrumbList\",\"@id\":\"https:\/\/seifen-oper.ch\/?product=blaubeer-seife#breadcrumb\",\"itemListElement\":[{\"@type\":\"ListItem\",\"position\":1,\"name\":\"Home\",\"item\":\"https:\/\/seifen-oper.ch\/\"},{\"@type\":\"ListItem\",\"position\":2,\"name\":\"Shop\",\"item\":\"https:\/\/seifen-oper.ch\/?page_id=12\"},{\"@type\":\"ListItem\",\"position\":3,\"name\":\"&#171;Blaubeer Seife&#187;\"}]},{\"@type\":\"WebSite\",\"@id\":\"https:\/\/seifen-oper.ch\/#website\",\"url\":\"https:\/\/seifen-oper.ch\/\",\"name\":\"Seifen Oper GmbH\",\"description\":\"Kosmetik bester Qualit\u00e4t. Handgefertigt.\",\"publisher\":{\"@id\":\"https:\/\/seifen-oper.ch\/#organization\"},\"potentialAction\":[{\"@type\":\"SearchAction\",\"target\":{\"@type\":\"EntryPoint\",\"urlTemplate\":\"https:\/\/seifen-oper.ch\/?s={search_term_string}\"},\"query-input\":{\"@type\":\"PropertyValueSpecification\",\"valueRequired\":true,\"valueName\":\"search_term_string\"}}],\"inLanguage\":\"de-CH\"},{\"@type\":\"Organization\",\"@id\":\"https:\/\/seifen-oper.ch\/#organization\",\"name\":\"Seifen Oper GmbH\",\"url\":\"https:\/\/seifen-oper.ch\/\",\"logo\":{\"@type\":\"ImageObject\",\"inLanguage\":\"de-CH\",\"@id\":\"https:\/\/seifen-oper.ch\/#\/schema\/logo\/image\/\",\"url\":\"https:\/\/seifen-oper.ch\/wp-content\/uploads\/2019\/06\/logo.seifen-oper450.txt.1.png\",\"contentUrl\":\"https:\/\/seifen-oper.ch\/wp-content\/uploads\/2019\/06\/logo.seifen-oper450.txt.1.png\",\"width\":1835,\"height\":1635,\"caption\":\"Seifen Oper GmbH\"},\"image\":{\"@id\":\"https:\/\/seifen-oper.ch\/#\/schema\/logo\/image\/\"},\"sameAs\":[\"https:\/\/www.facebook.com\/SeifenOperGmbH\",\"https:\/\/www.instagram.com\/explore\/locations\/1028758197\/seifen-oper\/\"]}]}<\/script>\n<!-- \/ Yoast SEO plugin. -->","yoast_head_json":{"title":"\"Blaubeer Seife\" - Seifen Oper GmbH","robots":{"index":"index","follow":"follow","max-snippet":"max-snippet:-1","max-image-preview":"max-image-preview:large","max-video-preview":"max-video-preview:-1"},"canonical":"https:\/\/seifen-oper.ch\/?product=blaubeer-seife","og_locale":"de_DE","og_type":"article","og_title":"\"Blaubeer Seife\" - Seifen Oper GmbH","og_description":"himmelblaue Hand- und K\u00f6rperseife mit Blaubeerduft","og_url":"https:\/\/seifen-oper.ch\/?product=blaubeer-seife","og_site_name":"Seifen Oper GmbH","article_publisher":"https:\/\/www.facebook.com\/SeifenOperGmbH","article_modified_time":"2021-05-12T19:05:22+00:00","og_image":[{"width":1007,"height":1024,"url":"https:\/\/seifen-oper.ch\/wp-content\/uploads\/2021\/05\/blueberry-1007x1024.png","type":"image\/png"}],"twitter_card":"summary_large_image","twitter_misc":{"Gesch\u00e4tzte Lesezeit":"1 Minute"},"schema":{"@context":"https:\/\/schema.org","@graph":[{"@type":"WebPage","@id":"https:\/\/seifen-oper.ch\/?product=blaubeer-seife","url":"https:\/\/seifen-oper.ch\/?product=blaubeer-seife","name":"\"Blaubeer Seife\" - Seifen Oper GmbH","isPartOf":{"@id":"https:\/\/seifen-oper.ch\/#website"},"primaryImageOfPage":{"@id":"https:\/\/seifen-oper.ch\/?product=blaubeer-seife#primaryimage"},"image":{"@id":"https:\/\/seifen-oper.ch\/?product=blaubeer-seife#primaryimage"},"thumbnailUrl":"https:\/\/seifen-oper.ch\/wp-content\/uploads\/2021\/05\/blueberry.png","datePublished":"2021-05-12T19:02:44+00:00","dateModified":"2021-05-12T19:05:22+00:00","breadcrumb":{"@id":"https:\/\/seifen-oper.ch\/?product=blaubeer-seife#breadcrumb"},"inLanguage":"de-CH","potentialAction":[{"@type":"ReadAction","target":["https:\/\/seifen-oper.ch\/?product=blaubeer-seife"]}]},{"@type":"ImageObject","inLanguage":"de-CH","@id":"https:\/\/seifen-oper.ch\/?product=blaubeer-seife#primaryimage","url":"https:\/\/seifen-oper.ch\/wp-content\/uploads\/2021\/05\/blueberry.png","contentUrl":"https:\/\/seifen-oper.ch\/wp-content\/uploads\/2021\/05\/blueberry.png","width":2927,"height":2976},{"@type":"BreadcrumbList","@id":"https:\/\/seifen-oper.ch\/?product=blaubeer-seife#breadcrumb","itemListElement":[{"@type":"ListItem","position":1,"name":"Home","item":"https:\/\/seifen-oper.ch\/"},{"@type":"ListItem","position":2,"name":"Shop","item":"https:\/\/seifen-oper.ch\/?page_id=12"},{"@type":"ListItem","position":3,"name":"&#171;Blaubeer Seife&#187;"}]},{"@type":"WebSite","@id":"https:\/\/seifen-oper.ch\/#website","url":"https:\/\/seifen-oper.ch\/","name":"Seifen Oper GmbH","description":"Kosmetik bester Qualit\u00e4t. Handgefertigt.","publisher":{"@id":"https:\/\/seifen-oper.ch\/#organization"},"potentialAction":[{"@type":"SearchAction","target":{"@type":"EntryPoint","urlTemplate":"https:\/\/seifen-oper.ch\/?s={search_term_string}"},"query-input":{"@type":"PropertyValueSpecification","valueRequired":true,"valueName":"search_term_string"}}],"inLanguage":"de-CH"},{"@type":"Organization","@id":"https:\/\/seifen-oper.ch\/#organization","name":"Seifen Oper GmbH","url":"https:\/\/seifen-oper.ch\/","logo":{"@type":"ImageObject","inLanguage":"de-CH","@id":"https:\/\/seifen-oper.ch\/#\/schema\/logo\/image\/","url":"https:\/\/seifen-oper.ch\/wp-content\/uploads\/2019\/06\/logo.seifen-oper450.txt.1.png","contentUrl":"https:\/\/seifen-oper.ch\/wp-content\/uploads\/2019\/06\/logo.seifen-oper450.txt.1.png","width":1835,"height":1635,"caption":"Seifen Oper GmbH"},"image":{"@id":"https:\/\/seifen-oper.ch\/#\/schema\/logo\/image\/"},"sameAs":["https:\/\/www.facebook.com\/SeifenOperGmbH","https:\/\/www.instagram.com\/explore\/locations\/1028758197\/seifen-oper\/"]}]}},"_links":{"self":[{"href":"https:\/\/seifen-oper.ch\/index.php?rest_route=\/wp\/v2\/product\/3419"}],"collection":[{"href":"https:\/\/seifen-oper.ch\/index.php?rest_route=\/wp\/v2\/product"}],"about":[{"href":"https:\/\/seifen-oper.ch\/index.php?rest_route=\/wp\/v2\/types\/product"}],"wp:featuredmedia":[{"embeddable":true,"href":"https:\/\/seifen-oper.ch\/index.php?rest_route=\/wp\/v2\/media\/3420"}],"wp:attachment":[{"href":"https:\/\/seifen-oper.ch\/index.php?rest_route=%2Fwp%2Fv2%2Fmedia&parent=3419"}],"wp:term":[{"taxonomy":"product_brand","embeddable":true,"href":"https:\/\/seifen-oper.ch\/index.php?rest_route=%2Fwp%2Fv2%2Fproduct_brand&post=3419"},{"taxonomy":"product_cat","embeddable":true,"href":"https:\/\/seifen-oper.ch\/index.php?rest_route=%2Fwp%2Fv2%2Fproduct_cat&post=3419"},{"taxonomy":"product_tag","embeddable":true,"href":"https:\/\/seifen-oper.ch\/index.php?rest_route=%2Fwp%2Fv2%2Fproduct_tag&post=3419"}],"curies":[{"name":"wp","href":"https:\/\/api.w.org\/{rel}","templated":true}]}}