{"id":327,"date":"2019-06-17T11:37:07","date_gmt":"2019-06-17T11:37:07","guid":{"rendered":"https:\/\/seifen-oper.ch\/?product=exquisit-hautol"},"modified":"2020-11-28T00:10:06","modified_gmt":"2020-11-27T23:10:06","slug":"exquisit-hautol","status":"publish","type":"product","link":"https:\/\/seifen-oper.ch\/?product=exquisit-hautol","title":{"rendered":"&#171;Exquisit-Haut\u00f6l&#187;"},"content":{"rendered":"<p style=\"text-align: center;\"><span style=\"color: #888888;\">Ohne Konservierungsstoffe! Ohne Zusatzstoffe! Natur pur!<\/span><\/p>\n<p style=\"text-align: center;\"><span style=\"color: #888888;\">F\u00fcr &#171;Exquisit&#187; haben wir Kr\u00e4uter und Bl\u00fcten in unsere besten und kostbarsten \u00d6le eingelegt.<\/span><\/p>\n<p style=\"text-align: center;\"><span style=\"color: #888888;\">Die drei darin enthaltenen \u00d6le sind:<\/span><\/p>\n<p style=\"text-align: center;\"><span style=\"color: #888888;\"><strong>Jojoba\u00f6l<\/strong>\u00a0ist genaugenommen ein Wachs. Es zieht sehr rasch in die Haut ein und ist f\u00fcr alle Hauttypen geeignet. Sein besonderes Spektrum an Fetts\u00e4uren gl\u00e4ttet die Haut. Da es kein \u00d6l ist, hinterl\u00e4sst es auch keinen Fettfilm auf der Haut.<\/span><\/p>\n<p style=\"text-align: center;\"><span style=\"color: #888888;\"><strong>Aprikosen\u00f6l<\/strong>\u00a0ist ein wahres Elixier der Jugend f\u00fcr die Haut. Im Aprikosen\u00f6l ist besonders viel Vitamin A und E enthalten. Diese beiden Vitamine fangen freie Radikale* ein und helfen so, dass die Haut jung und frisch bleibt. Aprikosen\u00f6l scheint tats\u00e4chlich so etwas wie ein &#171;Elixier der Jugend&#187; f\u00fcr unsere Haut zu sein.<\/span><\/p>\n<p style=\"text-align: center;\"><span style=\"color: #888888;\"><strong>Soja\u00f6l<\/strong>\u00a0unterst\u00fctzt die Zellerneuerung und beugt Alterserscheinungen vor. Das \u00d6l hat eine feuchtigkeitsbindende und r\u00fcckfettende Wirkung und l\u00e4sst die Haut glatt und geschmeidig erscheinen. Strapazierte Haut wird durch Soja\u00f6l beruhigt.<\/span><\/p>\n<p style=\"text-align: center;\"><span style=\"color: #888888;\">In diese exquisite \u00d6lmischung haben wir folgende Kr\u00e4uter eingelegt und einen Monat ziehen lassen:<\/span><\/p>\n<p style=\"text-align: center;\"><span style=\"color: #888888;\"><strong>Frauenmantel<\/strong>\u00a0verbessert die Durchblutung der Haut und strafft das Gewebe. Er wurde fr\u00fcher auch als &#171;Himmelstau&#187; bezeichnet und in Zaubertr\u00e4nken gerne als Verj\u00fcngungselixier eingesetzt.\u00a0<\/span><\/p>\n<p style=\"text-align: center;\"><span style=\"color: #888888;\"><strong>Klee e<\/strong>nth\u00e4lt viel Vitamin C,\u00a0wirkt ausgleichend auf Haut und Sinne, bewahrt und reguliert die Feuchtigkeit der Haut und sorgt f\u00fcr ein angenehm umh\u00fclltes Hautgef\u00fchl.<\/span><\/p>\n<p style=\"text-align: center;\"><span style=\"color: #888888;\"><strong>Ringelbl\u00fcemli<\/strong>\u00a0pflegt die Haut, sch\u00fctzt und h\u00e4lt sie geschmeidig.<\/span><\/p>\n<p style=\"text-align: center;\"><span style=\"color: #888888;\"><strong>G\u00e4nsebl\u00fcmchen\u00a0<\/strong>intensiviert die Stoffwechselt\u00e4tigkeit der Haut und macht sie f\u00fcr andere pflegende Substanzen empf\u00e4nglicher.<\/span><\/p>\n<p style=\"text-align: center;\"><span style=\"color: #888888;\">\u00a0<\/span><\/p>\n<p style=\"text-align: center;\"><span style=\"color: #888888;\">Anwendung: Morgens und abends nach der regul\u00e4ren Gesichtspflege einen Tropfen\u00a0&#171;Exquisit&#187; auf Gesicht, Hals und Dekollet\u00e9 auftragen.<\/span><\/p>\n<div style=\"text-align: center;\"><span style=\"color: #888888;\">Inhaltsstoffe: INCI:\u00a0Prunus Armeniaca Kernel Oil\u00a0(Aprikosen\u00f6l),\u00a0Simmondsia Chinensis Seed Oil\u00a0(Jojoba\u00f6l),\u00a0Glycine soja\u00a0(Soja\u00f6l), Auszug aus:\u00a0Alchemilla vulgaris (Frauenmantel),\u00a0Melilotus officinalis Flower\u00a0(Klee),\u00a0Bellis perenis\u00a0(G\u00e4nsebl\u00fcmchen),\u00a0Calendula officinalis\u00a0(Ringelbl\u00fcemli)<\/span><\/div>\n<p><span style=\"color: #888888;\">\u00a0<\/span><\/p>\n<p style=\"text-align: center;\"><span style=\"color: #888888;\">10ml \/ Sfr. 19.-<\/span><\/p>\n<p style=\"text-align: center;\"><span style=\"color: #888888;\">*Freie Radikale sind in unseren Zellen und k\u00f6nnen durch sch\u00e4dliche Umwelteinfl\u00fcsse, Rauchen und Sonnenlicht aktiviert werden. Sobald sie aktiv sind, brechen sie aus ihren Zellen aus und fangen an andere Zellen zu zerst\u00f6ren. Dadurch sieht die Haut schneller alt aus.<\/span><\/p>\n","protected":false},"excerpt":{"rendered":"<p>Regenerierendes Gesichts\u00f6l gegen erste Anzeichen der Hautalterung und trockene Haut.<\/p>\n","protected":false},"featured_media":1810,"template":"","meta":[],"product_brand":[],"product_cat":[35],"product_tag":[],"class_list":{"0":"post-327","1":"product","2":"type-product","3":"status-publish","4":"has-post-thumbnail","6":"product_cat-cremes","8":"first","9":"instock","10":"shipping-taxable","11":"purchasable","12":"product-type-simple"},"yoast_head":"<!-- This site is optimized with the Yoast SEO plugin v25.6 - https:\/\/yoast.com\/wordpress\/plugins\/seo\/ -->\n<title>&quot;Exquisit-Haut\u00f6l&quot; - Seifen Oper GmbH<\/title>\n<meta name=\"robots\" content=\"index, follow, max-snippet:-1, max-image-preview:large, max-video-preview:-1\" \/>\n<link rel=\"canonical\" href=\"https:\/\/seifen-oper.ch\/?product=exquisit-hautol\" \/>\n<meta property=\"og:locale\" content=\"de_DE\" \/>\n<meta property=\"og:type\" content=\"article\" \/>\n<meta property=\"og:title\" content=\"&quot;Exquisit-Haut\u00f6l&quot; - Seifen Oper GmbH\" \/>\n<meta property=\"og:description\" content=\"Regenerierendes Gesichts\u00f6l gegen erste Anzeichen der Hautalterung und trockene Haut.\" \/>\n<meta property=\"og:url\" content=\"https:\/\/seifen-oper.ch\/?product=exquisit-hautol\" \/>\n<meta property=\"og:site_name\" content=\"Seifen Oper GmbH\" \/>\n<meta property=\"article:publisher\" content=\"https:\/\/www.facebook.com\/SeifenOperGmbH\" \/>\n<meta property=\"article:modified_time\" content=\"2020-11-27T23:10:06+00:00\" \/>\n<meta property=\"og:image\" content=\"https:\/\/seifen-oper.ch\/wp-content\/uploads\/2019\/06\/Exquisit.png\" \/>\n\t<meta property=\"og:image:width\" content=\"961\" \/>\n\t<meta property=\"og:image:height\" content=\"1499\" \/>\n\t<meta property=\"og:image:type\" content=\"image\/png\" \/>\n<meta name=\"twitter:card\" content=\"summary_large_image\" \/>\n<meta name=\"twitter:label1\" content=\"Gesch\u00e4tzte Lesezeit\" \/>\n\t<meta name=\"twitter:data1\" content=\"2 Minuten\" \/>\n<script type=\"application\/ld+json\" class=\"yoast-schema-graph\">{\"@context\":\"https:\/\/schema.org\",\"@graph\":[{\"@type\":\"WebPage\",\"@id\":\"https:\/\/seifen-oper.ch\/?product=exquisit-hautol\",\"url\":\"https:\/\/seifen-oper.ch\/?product=exquisit-hautol\",\"name\":\"\\\"Exquisit-Haut\u00f6l\\\" - Seifen Oper GmbH\",\"isPartOf\":{\"@id\":\"https:\/\/seifen-oper.ch\/#website\"},\"primaryImageOfPage\":{\"@id\":\"https:\/\/seifen-oper.ch\/?product=exquisit-hautol#primaryimage\"},\"image\":{\"@id\":\"https:\/\/seifen-oper.ch\/?product=exquisit-hautol#primaryimage\"},\"thumbnailUrl\":\"https:\/\/seifen-oper.ch\/wp-content\/uploads\/2019\/06\/Exquisit.png\",\"datePublished\":\"2019-06-17T11:37:07+00:00\",\"dateModified\":\"2020-11-27T23:10:06+00:00\",\"breadcrumb\":{\"@id\":\"https:\/\/seifen-oper.ch\/?product=exquisit-hautol#breadcrumb\"},\"inLanguage\":\"de-CH\",\"potentialAction\":[{\"@type\":\"ReadAction\",\"target\":[\"https:\/\/seifen-oper.ch\/?product=exquisit-hautol\"]}]},{\"@type\":\"ImageObject\",\"inLanguage\":\"de-CH\",\"@id\":\"https:\/\/seifen-oper.ch\/?product=exquisit-hautol#primaryimage\",\"url\":\"https:\/\/seifen-oper.ch\/wp-content\/uploads\/2019\/06\/Exquisit.png\",\"contentUrl\":\"https:\/\/seifen-oper.ch\/wp-content\/uploads\/2019\/06\/Exquisit.png\",\"width\":961,\"height\":1499},{\"@type\":\"BreadcrumbList\",\"@id\":\"https:\/\/seifen-oper.ch\/?product=exquisit-hautol#breadcrumb\",\"itemListElement\":[{\"@type\":\"ListItem\",\"position\":1,\"name\":\"Home\",\"item\":\"https:\/\/seifen-oper.ch\/\"},{\"@type\":\"ListItem\",\"position\":2,\"name\":\"Shop\",\"item\":\"https:\/\/seifen-oper.ch\/?page_id=12\"},{\"@type\":\"ListItem\",\"position\":3,\"name\":\"&#171;Exquisit-Haut\u00f6l&#187;\"}]},{\"@type\":\"WebSite\",\"@id\":\"https:\/\/seifen-oper.ch\/#website\",\"url\":\"https:\/\/seifen-oper.ch\/\",\"name\":\"Seifen Oper GmbH\",\"description\":\"Kosmetik bester Qualit\u00e4t. Handgefertigt.\",\"publisher\":{\"@id\":\"https:\/\/seifen-oper.ch\/#organization\"},\"potentialAction\":[{\"@type\":\"SearchAction\",\"target\":{\"@type\":\"EntryPoint\",\"urlTemplate\":\"https:\/\/seifen-oper.ch\/?s={search_term_string}\"},\"query-input\":{\"@type\":\"PropertyValueSpecification\",\"valueRequired\":true,\"valueName\":\"search_term_string\"}}],\"inLanguage\":\"de-CH\"},{\"@type\":\"Organization\",\"@id\":\"https:\/\/seifen-oper.ch\/#organization\",\"name\":\"Seifen Oper GmbH\",\"url\":\"https:\/\/seifen-oper.ch\/\",\"logo\":{\"@type\":\"ImageObject\",\"inLanguage\":\"de-CH\",\"@id\":\"https:\/\/seifen-oper.ch\/#\/schema\/logo\/image\/\",\"url\":\"https:\/\/seifen-oper.ch\/wp-content\/uploads\/2019\/06\/logo.seifen-oper450.txt.1.png\",\"contentUrl\":\"https:\/\/seifen-oper.ch\/wp-content\/uploads\/2019\/06\/logo.seifen-oper450.txt.1.png\",\"width\":1835,\"height\":1635,\"caption\":\"Seifen Oper GmbH\"},\"image\":{\"@id\":\"https:\/\/seifen-oper.ch\/#\/schema\/logo\/image\/\"},\"sameAs\":[\"https:\/\/www.facebook.com\/SeifenOperGmbH\",\"https:\/\/www.instagram.com\/explore\/locations\/1028758197\/seifen-oper\/\"]}]}<\/script>\n<!-- \/ Yoast SEO plugin. -->","yoast_head_json":{"title":"\"Exquisit-Haut\u00f6l\" - Seifen Oper GmbH","robots":{"index":"index","follow":"follow","max-snippet":"max-snippet:-1","max-image-preview":"max-image-preview:large","max-video-preview":"max-video-preview:-1"},"canonical":"https:\/\/seifen-oper.ch\/?product=exquisit-hautol","og_locale":"de_DE","og_type":"article","og_title":"\"Exquisit-Haut\u00f6l\" - Seifen Oper GmbH","og_description":"Regenerierendes Gesichts\u00f6l gegen erste Anzeichen der Hautalterung und trockene Haut.","og_url":"https:\/\/seifen-oper.ch\/?product=exquisit-hautol","og_site_name":"Seifen Oper GmbH","article_publisher":"https:\/\/www.facebook.com\/SeifenOperGmbH","article_modified_time":"2020-11-27T23:10:06+00:00","og_image":[{"width":961,"height":1499,"url":"https:\/\/seifen-oper.ch\/wp-content\/uploads\/2019\/06\/Exquisit.png","type":"image\/png"}],"twitter_card":"summary_large_image","twitter_misc":{"Gesch\u00e4tzte Lesezeit":"2 Minuten"},"schema":{"@context":"https:\/\/schema.org","@graph":[{"@type":"WebPage","@id":"https:\/\/seifen-oper.ch\/?product=exquisit-hautol","url":"https:\/\/seifen-oper.ch\/?product=exquisit-hautol","name":"\"Exquisit-Haut\u00f6l\" - Seifen Oper GmbH","isPartOf":{"@id":"https:\/\/seifen-oper.ch\/#website"},"primaryImageOfPage":{"@id":"https:\/\/seifen-oper.ch\/?product=exquisit-hautol#primaryimage"},"image":{"@id":"https:\/\/seifen-oper.ch\/?product=exquisit-hautol#primaryimage"},"thumbnailUrl":"https:\/\/seifen-oper.ch\/wp-content\/uploads\/2019\/06\/Exquisit.png","datePublished":"2019-06-17T11:37:07+00:00","dateModified":"2020-11-27T23:10:06+00:00","breadcrumb":{"@id":"https:\/\/seifen-oper.ch\/?product=exquisit-hautol#breadcrumb"},"inLanguage":"de-CH","potentialAction":[{"@type":"ReadAction","target":["https:\/\/seifen-oper.ch\/?product=exquisit-hautol"]}]},{"@type":"ImageObject","inLanguage":"de-CH","@id":"https:\/\/seifen-oper.ch\/?product=exquisit-hautol#primaryimage","url":"https:\/\/seifen-oper.ch\/wp-content\/uploads\/2019\/06\/Exquisit.png","contentUrl":"https:\/\/seifen-oper.ch\/wp-content\/uploads\/2019\/06\/Exquisit.png","width":961,"height":1499},{"@type":"BreadcrumbList","@id":"https:\/\/seifen-oper.ch\/?product=exquisit-hautol#breadcrumb","itemListElement":[{"@type":"ListItem","position":1,"name":"Home","item":"https:\/\/seifen-oper.ch\/"},{"@type":"ListItem","position":2,"name":"Shop","item":"https:\/\/seifen-oper.ch\/?page_id=12"},{"@type":"ListItem","position":3,"name":"&#171;Exquisit-Haut\u00f6l&#187;"}]},{"@type":"WebSite","@id":"https:\/\/seifen-oper.ch\/#website","url":"https:\/\/seifen-oper.ch\/","name":"Seifen Oper GmbH","description":"Kosmetik bester Qualit\u00e4t. Handgefertigt.","publisher":{"@id":"https:\/\/seifen-oper.ch\/#organization"},"potentialAction":[{"@type":"SearchAction","target":{"@type":"EntryPoint","urlTemplate":"https:\/\/seifen-oper.ch\/?s={search_term_string}"},"query-input":{"@type":"PropertyValueSpecification","valueRequired":true,"valueName":"search_term_string"}}],"inLanguage":"de-CH"},{"@type":"Organization","@id":"https:\/\/seifen-oper.ch\/#organization","name":"Seifen Oper GmbH","url":"https:\/\/seifen-oper.ch\/","logo":{"@type":"ImageObject","inLanguage":"de-CH","@id":"https:\/\/seifen-oper.ch\/#\/schema\/logo\/image\/","url":"https:\/\/seifen-oper.ch\/wp-content\/uploads\/2019\/06\/logo.seifen-oper450.txt.1.png","contentUrl":"https:\/\/seifen-oper.ch\/wp-content\/uploads\/2019\/06\/logo.seifen-oper450.txt.1.png","width":1835,"height":1635,"caption":"Seifen Oper GmbH"},"image":{"@id":"https:\/\/seifen-oper.ch\/#\/schema\/logo\/image\/"},"sameAs":["https:\/\/www.facebook.com\/SeifenOperGmbH","https:\/\/www.instagram.com\/explore\/locations\/1028758197\/seifen-oper\/"]}]}},"_links":{"self":[{"href":"https:\/\/seifen-oper.ch\/index.php?rest_route=\/wp\/v2\/product\/327"}],"collection":[{"href":"https:\/\/seifen-oper.ch\/index.php?rest_route=\/wp\/v2\/product"}],"about":[{"href":"https:\/\/seifen-oper.ch\/index.php?rest_route=\/wp\/v2\/types\/product"}],"wp:featuredmedia":[{"embeddable":true,"href":"https:\/\/seifen-oper.ch\/index.php?rest_route=\/wp\/v2\/media\/1810"}],"wp:attachment":[{"href":"https:\/\/seifen-oper.ch\/index.php?rest_route=%2Fwp%2Fv2%2Fmedia&parent=327"}],"wp:term":[{"taxonomy":"product_brand","embeddable":true,"href":"https:\/\/seifen-oper.ch\/index.php?rest_route=%2Fwp%2Fv2%2Fproduct_brand&post=327"},{"taxonomy":"product_cat","embeddable":true,"href":"https:\/\/seifen-oper.ch\/index.php?rest_route=%2Fwp%2Fv2%2Fproduct_cat&post=327"},{"taxonomy":"product_tag","embeddable":true,"href":"https:\/\/seifen-oper.ch\/index.php?rest_route=%2Fwp%2Fv2%2Fproduct_tag&post=327"}],"curies":[{"name":"wp","href":"https:\/\/api.w.org\/{rel}","templated":true}]}}