{"id":3236,"date":"2020-11-15T14:26:14","date_gmt":"2020-11-15T13:26:14","guid":{"rendered":"https:\/\/seifen-oper.ch\/?post_type=product&#038;p=3236"},"modified":"2025-11-06T05:30:11","modified_gmt":"2025-11-06T04:30:11","slug":"picobello-schokoschock-125ml","status":"publish","type":"product","link":"https:\/\/seifen-oper.ch\/?product=picobello-schokoschock-125ml","title":{"rendered":"&#171;Picobello Schokoschock&#187;, 200ml"},"content":{"rendered":"<p style=\"text-align: center;\">Schokolade stellt keine (dummen;-))Fragen, Schokolade VERSTEHT! Getreu nach diesem Motto, gibts jetzt ein Picobello mit Schokoduft . Und hier ist es nun und es riecht noch viel besser, als man es sich in den k\u00fchnsten Tr\u00e4umen ausgemalen kann! Es ist einfach umwerfend! Die leichte Farbe kommt von echtem Kakaopulver. Kakaopulver regt die Durchblutung an.<\/p>\n<div style=\"text-align: center;\">&#171;Schokoschock -Picobello&#187; \u00a0s\u00e4ubert \u00a0gr\u00fcndlich und l\u00e4sst Sie bet\u00f6rend nach Schokolade duften.-passen Sie auf, dass Sie niemand anknabbert! ;-)-Dieses \u00abPicobello\u00bb k\u00f6nnen Sie als Duschgel, Shampoo und sogar zum baden (f\u00fcr Schaumb\u00e4der) benutzen. Es reinigt Haut &amp; Haare zuverl\u00e4ssig, ohne den Schutzfilm der Haut zu besch\u00e4digen. Die sehr sanfte Reinigungsbasis ist seifenfrei und mit milden, ausgew\u00e4hlten Tensiden (waschaktive Substanzen) auf pflanzlicher Basis angereichert<\/div>\n<div style=\"text-align: center;\"><\/div>\n<div style=\"text-align: center;\">Inhaltsstoffe: INCI: Sodium Laureth Sulfate, Propylene Glycol,\u00a0Cocamide DEA,\u00a0PEG-7 Glyceryl Cocoate, Polyparaben,\u00a0Aqua purificata, Sodium Chloride, Schokoladenparf\u00fcm\u00f6l, Thebroma Cacao Seed Powder (Kakaopulver)<\/div>\n<div style=\"text-align: center;\"><\/div>\n<div style=\"text-align: center;\">200 ml \/ Sfr. 15.-<\/div>\n<p style=\"text-align: center;\">\n","protected":false},"excerpt":{"rendered":"<p>unwiderstehlich schokoladiges \u00a0Waschgel f\u00fcr Haut und Haar.<\/p>\n","protected":false},"featured_media":4438,"template":"","meta":[],"product_brand":[],"product_cat":[26,44],"product_tag":[179,174,296,234,153,237,238,236,235],"class_list":{"0":"post-3236","1":"product","2":"type-product","3":"status-publish","4":"has-post-thumbnail","6":"product_cat-picobellos-waschgels","7":"product_cat-winter","8":"product_tag-handgemacht","9":"product_tag-pflanzlich","10":"product_tag-schaumbad","11":"product_tag-schokoduschgel","12":"product_tag-schokolade","13":"product_tag-schokoladenduschgel","14":"product_tag-schokoladenshampoo","15":"product_tag-schokoschaumbad","16":"product_tag-schokoshampoo","18":"first","19":"instock","20":"shipping-taxable","21":"purchasable","22":"product-type-simple"},"yoast_head":"<!-- This site is optimized with the Yoast SEO plugin v25.6 - https:\/\/yoast.com\/wordpress\/plugins\/seo\/ -->\n<title>&quot;Picobello Schokoschock&quot;, 200ml - Seifen Oper GmbH<\/title>\n<meta name=\"description\" content=\"unwiderstehlich schokoladiges \u00a0Waschgel f\u00fcr Haut und Haar. Dass Sie auch als Duschgel, Shampoo und sogar zum baden (f\u00fcr Schaumb\u00e4der) benutzen k\u00f6nnen.\" \/>\n<meta name=\"robots\" content=\"index, follow, max-snippet:-1, max-image-preview:large, max-video-preview:-1\" \/>\n<link rel=\"canonical\" href=\"https:\/\/seifen-oper.ch\/?product=picobello-schokoschock-125ml\" \/>\n<meta property=\"og:locale\" content=\"de_DE\" \/>\n<meta property=\"og:type\" content=\"article\" \/>\n<meta property=\"og:title\" content=\"&quot;Picobello Schokoschock&quot;, 200ml - Seifen Oper GmbH\" \/>\n<meta property=\"og:description\" content=\"unwiderstehlich schokoladiges \u00a0Waschgel f\u00fcr Haut und Haar. Dass Sie auch als Duschgel, Shampoo und sogar zum baden (f\u00fcr Schaumb\u00e4der) benutzen k\u00f6nnen.\" \/>\n<meta property=\"og:url\" content=\"https:\/\/seifen-oper.ch\/?product=picobello-schokoschock-125ml\" \/>\n<meta property=\"og:site_name\" content=\"Seifen Oper GmbH\" \/>\n<meta property=\"article:publisher\" content=\"https:\/\/www.facebook.com\/SeifenOperGmbH\" \/>\n<meta property=\"article:modified_time\" content=\"2025-11-06T04:30:11+00:00\" \/>\n<meta property=\"og:image\" content=\"https:\/\/seifen-oper.ch\/wp-content\/uploads\/2020\/11\/schokoschok.jpg\" \/>\n\t<meta property=\"og:image:width\" content=\"636\" \/>\n\t<meta property=\"og:image:height\" content=\"709\" \/>\n\t<meta property=\"og:image:type\" content=\"image\/jpeg\" \/>\n<meta name=\"twitter:card\" content=\"summary_large_image\" \/>\n<meta name=\"twitter:label1\" content=\"Gesch\u00e4tzte Lesezeit\" \/>\n\t<meta name=\"twitter:data1\" content=\"1 Minute\" \/>\n<script type=\"application\/ld+json\" class=\"yoast-schema-graph\">{\"@context\":\"https:\/\/schema.org\",\"@graph\":[{\"@type\":\"WebPage\",\"@id\":\"https:\/\/seifen-oper.ch\/?product=picobello-schokoschock-125ml\",\"url\":\"https:\/\/seifen-oper.ch\/?product=picobello-schokoschock-125ml\",\"name\":\"\\\"Picobello Schokoschock\\\", 200ml - Seifen Oper GmbH\",\"isPartOf\":{\"@id\":\"https:\/\/seifen-oper.ch\/#website\"},\"primaryImageOfPage\":{\"@id\":\"https:\/\/seifen-oper.ch\/?product=picobello-schokoschock-125ml#primaryimage\"},\"image\":{\"@id\":\"https:\/\/seifen-oper.ch\/?product=picobello-schokoschock-125ml#primaryimage\"},\"thumbnailUrl\":\"https:\/\/seifen-oper.ch\/wp-content\/uploads\/2020\/11\/schokoschok.jpg\",\"datePublished\":\"2020-11-15T13:26:14+00:00\",\"dateModified\":\"2025-11-06T04:30:11+00:00\",\"description\":\"unwiderstehlich schokoladiges \u00a0Waschgel f\u00fcr Haut und Haar. Dass Sie auch als Duschgel, Shampoo und sogar zum baden (f\u00fcr Schaumb\u00e4der) benutzen k\u00f6nnen.\",\"breadcrumb\":{\"@id\":\"https:\/\/seifen-oper.ch\/?product=picobello-schokoschock-125ml#breadcrumb\"},\"inLanguage\":\"de-CH\",\"potentialAction\":[{\"@type\":\"ReadAction\",\"target\":[\"https:\/\/seifen-oper.ch\/?product=picobello-schokoschock-125ml\"]}]},{\"@type\":\"ImageObject\",\"inLanguage\":\"de-CH\",\"@id\":\"https:\/\/seifen-oper.ch\/?product=picobello-schokoschock-125ml#primaryimage\",\"url\":\"https:\/\/seifen-oper.ch\/wp-content\/uploads\/2020\/11\/schokoschok.jpg\",\"contentUrl\":\"https:\/\/seifen-oper.ch\/wp-content\/uploads\/2020\/11\/schokoschok.jpg\",\"width\":636,\"height\":709},{\"@type\":\"BreadcrumbList\",\"@id\":\"https:\/\/seifen-oper.ch\/?product=picobello-schokoschock-125ml#breadcrumb\",\"itemListElement\":[{\"@type\":\"ListItem\",\"position\":1,\"name\":\"Home\",\"item\":\"https:\/\/seifen-oper.ch\/\"},{\"@type\":\"ListItem\",\"position\":2,\"name\":\"Shop\",\"item\":\"https:\/\/seifen-oper.ch\/?page_id=12\"},{\"@type\":\"ListItem\",\"position\":3,\"name\":\"&#171;Picobello Schokoschock&#187;, 200ml\"}]},{\"@type\":\"WebSite\",\"@id\":\"https:\/\/seifen-oper.ch\/#website\",\"url\":\"https:\/\/seifen-oper.ch\/\",\"name\":\"Seifen Oper GmbH\",\"description\":\"Kosmetik bester Qualit\u00e4t. Handgefertigt.\",\"publisher\":{\"@id\":\"https:\/\/seifen-oper.ch\/#organization\"},\"potentialAction\":[{\"@type\":\"SearchAction\",\"target\":{\"@type\":\"EntryPoint\",\"urlTemplate\":\"https:\/\/seifen-oper.ch\/?s={search_term_string}\"},\"query-input\":{\"@type\":\"PropertyValueSpecification\",\"valueRequired\":true,\"valueName\":\"search_term_string\"}}],\"inLanguage\":\"de-CH\"},{\"@type\":\"Organization\",\"@id\":\"https:\/\/seifen-oper.ch\/#organization\",\"name\":\"Seifen Oper GmbH\",\"url\":\"https:\/\/seifen-oper.ch\/\",\"logo\":{\"@type\":\"ImageObject\",\"inLanguage\":\"de-CH\",\"@id\":\"https:\/\/seifen-oper.ch\/#\/schema\/logo\/image\/\",\"url\":\"https:\/\/seifen-oper.ch\/wp-content\/uploads\/2019\/06\/logo.seifen-oper450.txt.1.png\",\"contentUrl\":\"https:\/\/seifen-oper.ch\/wp-content\/uploads\/2019\/06\/logo.seifen-oper450.txt.1.png\",\"width\":1835,\"height\":1635,\"caption\":\"Seifen Oper GmbH\"},\"image\":{\"@id\":\"https:\/\/seifen-oper.ch\/#\/schema\/logo\/image\/\"},\"sameAs\":[\"https:\/\/www.facebook.com\/SeifenOperGmbH\",\"https:\/\/www.instagram.com\/explore\/locations\/1028758197\/seifen-oper\/\"]}]}<\/script>\n<!-- \/ Yoast SEO plugin. -->","yoast_head_json":{"title":"\"Picobello Schokoschock\", 200ml - Seifen Oper GmbH","description":"unwiderstehlich schokoladiges \u00a0Waschgel f\u00fcr Haut und Haar. Dass Sie auch als Duschgel, Shampoo und sogar zum baden (f\u00fcr Schaumb\u00e4der) benutzen k\u00f6nnen.","robots":{"index":"index","follow":"follow","max-snippet":"max-snippet:-1","max-image-preview":"max-image-preview:large","max-video-preview":"max-video-preview:-1"},"canonical":"https:\/\/seifen-oper.ch\/?product=picobello-schokoschock-125ml","og_locale":"de_DE","og_type":"article","og_title":"\"Picobello Schokoschock\", 200ml - Seifen Oper GmbH","og_description":"unwiderstehlich schokoladiges \u00a0Waschgel f\u00fcr Haut und Haar. Dass Sie auch als Duschgel, Shampoo und sogar zum baden (f\u00fcr Schaumb\u00e4der) benutzen k\u00f6nnen.","og_url":"https:\/\/seifen-oper.ch\/?product=picobello-schokoschock-125ml","og_site_name":"Seifen Oper GmbH","article_publisher":"https:\/\/www.facebook.com\/SeifenOperGmbH","article_modified_time":"2025-11-06T04:30:11+00:00","og_image":[{"width":636,"height":709,"url":"https:\/\/seifen-oper.ch\/wp-content\/uploads\/2020\/11\/schokoschok.jpg","type":"image\/jpeg"}],"twitter_card":"summary_large_image","twitter_misc":{"Gesch\u00e4tzte Lesezeit":"1 Minute"},"schema":{"@context":"https:\/\/schema.org","@graph":[{"@type":"WebPage","@id":"https:\/\/seifen-oper.ch\/?product=picobello-schokoschock-125ml","url":"https:\/\/seifen-oper.ch\/?product=picobello-schokoschock-125ml","name":"\"Picobello Schokoschock\", 200ml - Seifen Oper GmbH","isPartOf":{"@id":"https:\/\/seifen-oper.ch\/#website"},"primaryImageOfPage":{"@id":"https:\/\/seifen-oper.ch\/?product=picobello-schokoschock-125ml#primaryimage"},"image":{"@id":"https:\/\/seifen-oper.ch\/?product=picobello-schokoschock-125ml#primaryimage"},"thumbnailUrl":"https:\/\/seifen-oper.ch\/wp-content\/uploads\/2020\/11\/schokoschok.jpg","datePublished":"2020-11-15T13:26:14+00:00","dateModified":"2025-11-06T04:30:11+00:00","description":"unwiderstehlich schokoladiges \u00a0Waschgel f\u00fcr Haut und Haar. Dass Sie auch als Duschgel, Shampoo und sogar zum baden (f\u00fcr Schaumb\u00e4der) benutzen k\u00f6nnen.","breadcrumb":{"@id":"https:\/\/seifen-oper.ch\/?product=picobello-schokoschock-125ml#breadcrumb"},"inLanguage":"de-CH","potentialAction":[{"@type":"ReadAction","target":["https:\/\/seifen-oper.ch\/?product=picobello-schokoschock-125ml"]}]},{"@type":"ImageObject","inLanguage":"de-CH","@id":"https:\/\/seifen-oper.ch\/?product=picobello-schokoschock-125ml#primaryimage","url":"https:\/\/seifen-oper.ch\/wp-content\/uploads\/2020\/11\/schokoschok.jpg","contentUrl":"https:\/\/seifen-oper.ch\/wp-content\/uploads\/2020\/11\/schokoschok.jpg","width":636,"height":709},{"@type":"BreadcrumbList","@id":"https:\/\/seifen-oper.ch\/?product=picobello-schokoschock-125ml#breadcrumb","itemListElement":[{"@type":"ListItem","position":1,"name":"Home","item":"https:\/\/seifen-oper.ch\/"},{"@type":"ListItem","position":2,"name":"Shop","item":"https:\/\/seifen-oper.ch\/?page_id=12"},{"@type":"ListItem","position":3,"name":"&#171;Picobello Schokoschock&#187;, 200ml"}]},{"@type":"WebSite","@id":"https:\/\/seifen-oper.ch\/#website","url":"https:\/\/seifen-oper.ch\/","name":"Seifen Oper GmbH","description":"Kosmetik bester Qualit\u00e4t. Handgefertigt.","publisher":{"@id":"https:\/\/seifen-oper.ch\/#organization"},"potentialAction":[{"@type":"SearchAction","target":{"@type":"EntryPoint","urlTemplate":"https:\/\/seifen-oper.ch\/?s={search_term_string}"},"query-input":{"@type":"PropertyValueSpecification","valueRequired":true,"valueName":"search_term_string"}}],"inLanguage":"de-CH"},{"@type":"Organization","@id":"https:\/\/seifen-oper.ch\/#organization","name":"Seifen Oper GmbH","url":"https:\/\/seifen-oper.ch\/","logo":{"@type":"ImageObject","inLanguage":"de-CH","@id":"https:\/\/seifen-oper.ch\/#\/schema\/logo\/image\/","url":"https:\/\/seifen-oper.ch\/wp-content\/uploads\/2019\/06\/logo.seifen-oper450.txt.1.png","contentUrl":"https:\/\/seifen-oper.ch\/wp-content\/uploads\/2019\/06\/logo.seifen-oper450.txt.1.png","width":1835,"height":1635,"caption":"Seifen Oper GmbH"},"image":{"@id":"https:\/\/seifen-oper.ch\/#\/schema\/logo\/image\/"},"sameAs":["https:\/\/www.facebook.com\/SeifenOperGmbH","https:\/\/www.instagram.com\/explore\/locations\/1028758197\/seifen-oper\/"]}]}},"_links":{"self":[{"href":"https:\/\/seifen-oper.ch\/index.php?rest_route=\/wp\/v2\/product\/3236"}],"collection":[{"href":"https:\/\/seifen-oper.ch\/index.php?rest_route=\/wp\/v2\/product"}],"about":[{"href":"https:\/\/seifen-oper.ch\/index.php?rest_route=\/wp\/v2\/types\/product"}],"wp:featuredmedia":[{"embeddable":true,"href":"https:\/\/seifen-oper.ch\/index.php?rest_route=\/wp\/v2\/media\/4438"}],"wp:attachment":[{"href":"https:\/\/seifen-oper.ch\/index.php?rest_route=%2Fwp%2Fv2%2Fmedia&parent=3236"}],"wp:term":[{"taxonomy":"product_brand","embeddable":true,"href":"https:\/\/seifen-oper.ch\/index.php?rest_route=%2Fwp%2Fv2%2Fproduct_brand&post=3236"},{"taxonomy":"product_cat","embeddable":true,"href":"https:\/\/seifen-oper.ch\/index.php?rest_route=%2Fwp%2Fv2%2Fproduct_cat&post=3236"},{"taxonomy":"product_tag","embeddable":true,"href":"https:\/\/seifen-oper.ch\/index.php?rest_route=%2Fwp%2Fv2%2Fproduct_tag&post=3236"}],"curies":[{"name":"wp","href":"https:\/\/api.w.org\/{rel}","templated":true}]}}