{"id":3225,"date":"2020-11-09T21:42:47","date_gmt":"2020-11-09T20:42:47","guid":{"rendered":"https:\/\/seifen-oper.ch\/?post_type=product&#038;p=3225"},"modified":"2025-12-08T19:27:16","modified_gmt":"2025-12-08T18:27:16","slug":"seifen-stern-himbeer","status":"publish","type":"product","link":"https:\/\/seifen-oper.ch\/?product=seifen-stern-himbeer","title":{"rendered":"&#171;Granatapfelstern&#187;"},"content":{"rendered":"<p style=\"text-align: center;\">\u00a0 Diese handgefertigte Seife basiert auf Kokosbutter und Oliven\u00f6l. Der erquickend herb-frische Duft von echtem \u00e4therischen Granatapfel\u00f6l verleiht dieser Seife das gewisse Etwas.<\/p>\n<p style=\"text-align: center;\">Geh\u00f6rt an jedes Waschbecken zur Weihnachtszeit. \ud83d\ude42<\/p>\n<p style=\"text-align: center;\">Sfr. 12.- \/ Stk.<\/p>\n<p>&nbsp;<\/p>\n<div style=\"text-align: center;\">Inhaltsstoffe:\u00a0INCI: Wasser (Aqua),\u00a0, Kokos\u00f6l (Cocos nucifera),\u00a0Soja\u00f6l (Glycine soja),\u00a0Raps\u00f6l (Brassica campestris seed oil),\u00a0Oliven\u00f6l (Olea Europaea), NaOH\u00a0(Sodium Hydroxide), CI51319 (Farbe)\u00a0,\u00e4th. Granatapfel\u00f6l<\/div>\n<div style=\"text-align: center;\"><\/div>\n","protected":false},"excerpt":{"rendered":"<p>Rein pflanzliche Hand-und K\u00f6rperseife mit \u00e4th. Granatapfel\u00f6l in Sternform.<\/p>\n","protected":false},"featured_media":3589,"template":"","meta":[],"product_brand":[],"product_cat":[44],"product_tag":[72,365,366,387,386,229,103,102,228,226,124,388],"class_list":{"0":"post-3225","1":"product","2":"type-product","3":"status-publish","4":"has-post-thumbnail","6":"product_cat-winter","7":"product_tag-geschenk","8":"product_tag-granatapfel","9":"product_tag-granatapfelduft","10":"product_tag-granatapfelseife","11":"product_tag-granatapfelstern","12":"product_tag-himbeer","13":"product_tag-himbeerduft","14":"product_tag-himbeerseife","15":"product_tag-himbeerseifenstern","16":"product_tag-sternseife","17":"product_tag-xmas","18":"product_tag-xmasspecial","20":"first","21":"instock","22":"shipping-taxable","23":"purchasable","24":"product-type-simple"},"yoast_head":"<!-- This site is optimized with the Yoast SEO plugin v25.6 - https:\/\/yoast.com\/wordpress\/plugins\/seo\/ -->\n<title>&quot;Granatapfelstern&quot; - Seifen Oper GmbH<\/title>\n<meta name=\"robots\" content=\"index, follow, max-snippet:-1, max-image-preview:large, max-video-preview:-1\" \/>\n<link rel=\"canonical\" href=\"https:\/\/seifen-oper.ch\/?product=seifen-stern-himbeer\" \/>\n<meta property=\"og:locale\" content=\"de_DE\" \/>\n<meta property=\"og:type\" content=\"article\" \/>\n<meta property=\"og:title\" content=\"&quot;Granatapfelstern&quot; - Seifen Oper GmbH\" \/>\n<meta property=\"og:description\" content=\"Rein pflanzliche Hand-und K\u00f6rperseife mit \u00e4th. Granatapfel\u00f6l in Sternform.\" \/>\n<meta property=\"og:url\" content=\"https:\/\/seifen-oper.ch\/?product=seifen-stern-himbeer\" \/>\n<meta property=\"og:site_name\" content=\"Seifen Oper GmbH\" \/>\n<meta property=\"article:publisher\" content=\"https:\/\/www.facebook.com\/SeifenOperGmbH\" \/>\n<meta property=\"article:modified_time\" content=\"2025-12-08T18:27:16+00:00\" \/>\n<meta property=\"og:image\" content=\"https:\/\/seifen-oper.ch\/wp-content\/uploads\/2020\/11\/granatapfelstern.png\" \/>\n\t<meta property=\"og:image:width\" content=\"1142\" \/>\n\t<meta property=\"og:image:height\" content=\"839\" \/>\n\t<meta property=\"og:image:type\" content=\"image\/png\" \/>\n<meta name=\"twitter:card\" content=\"summary_large_image\" \/>\n<meta name=\"twitter:label1\" content=\"Gesch\u00e4tzte Lesezeit\" \/>\n\t<meta name=\"twitter:data1\" content=\"1 Minute\" \/>\n<script type=\"application\/ld+json\" class=\"yoast-schema-graph\">{\"@context\":\"https:\/\/schema.org\",\"@graph\":[{\"@type\":\"WebPage\",\"@id\":\"https:\/\/seifen-oper.ch\/?product=seifen-stern-himbeer\",\"url\":\"https:\/\/seifen-oper.ch\/?product=seifen-stern-himbeer\",\"name\":\"\\\"Granatapfelstern\\\" - Seifen Oper GmbH\",\"isPartOf\":{\"@id\":\"https:\/\/seifen-oper.ch\/#website\"},\"primaryImageOfPage\":{\"@id\":\"https:\/\/seifen-oper.ch\/?product=seifen-stern-himbeer#primaryimage\"},\"image\":{\"@id\":\"https:\/\/seifen-oper.ch\/?product=seifen-stern-himbeer#primaryimage\"},\"thumbnailUrl\":\"https:\/\/seifen-oper.ch\/wp-content\/uploads\/2020\/11\/granatapfelstern.png\",\"datePublished\":\"2020-11-09T20:42:47+00:00\",\"dateModified\":\"2025-12-08T18:27:16+00:00\",\"breadcrumb\":{\"@id\":\"https:\/\/seifen-oper.ch\/?product=seifen-stern-himbeer#breadcrumb\"},\"inLanguage\":\"de-CH\",\"potentialAction\":[{\"@type\":\"ReadAction\",\"target\":[\"https:\/\/seifen-oper.ch\/?product=seifen-stern-himbeer\"]}]},{\"@type\":\"ImageObject\",\"inLanguage\":\"de-CH\",\"@id\":\"https:\/\/seifen-oper.ch\/?product=seifen-stern-himbeer#primaryimage\",\"url\":\"https:\/\/seifen-oper.ch\/wp-content\/uploads\/2020\/11\/granatapfelstern.png\",\"contentUrl\":\"https:\/\/seifen-oper.ch\/wp-content\/uploads\/2020\/11\/granatapfelstern.png\",\"width\":1142,\"height\":839},{\"@type\":\"BreadcrumbList\",\"@id\":\"https:\/\/seifen-oper.ch\/?product=seifen-stern-himbeer#breadcrumb\",\"itemListElement\":[{\"@type\":\"ListItem\",\"position\":1,\"name\":\"Home\",\"item\":\"https:\/\/seifen-oper.ch\/\"},{\"@type\":\"ListItem\",\"position\":2,\"name\":\"Shop\",\"item\":\"https:\/\/seifen-oper.ch\/?page_id=12\"},{\"@type\":\"ListItem\",\"position\":3,\"name\":\"&#171;Granatapfelstern&#187;\"}]},{\"@type\":\"WebSite\",\"@id\":\"https:\/\/seifen-oper.ch\/#website\",\"url\":\"https:\/\/seifen-oper.ch\/\",\"name\":\"Seifen Oper GmbH\",\"description\":\"Kosmetik bester Qualit\u00e4t. Handgefertigt.\",\"publisher\":{\"@id\":\"https:\/\/seifen-oper.ch\/#organization\"},\"potentialAction\":[{\"@type\":\"SearchAction\",\"target\":{\"@type\":\"EntryPoint\",\"urlTemplate\":\"https:\/\/seifen-oper.ch\/?s={search_term_string}\"},\"query-input\":{\"@type\":\"PropertyValueSpecification\",\"valueRequired\":true,\"valueName\":\"search_term_string\"}}],\"inLanguage\":\"de-CH\"},{\"@type\":\"Organization\",\"@id\":\"https:\/\/seifen-oper.ch\/#organization\",\"name\":\"Seifen Oper GmbH\",\"url\":\"https:\/\/seifen-oper.ch\/\",\"logo\":{\"@type\":\"ImageObject\",\"inLanguage\":\"de-CH\",\"@id\":\"https:\/\/seifen-oper.ch\/#\/schema\/logo\/image\/\",\"url\":\"https:\/\/seifen-oper.ch\/wp-content\/uploads\/2019\/06\/logo.seifen-oper450.txt.1.png\",\"contentUrl\":\"https:\/\/seifen-oper.ch\/wp-content\/uploads\/2019\/06\/logo.seifen-oper450.txt.1.png\",\"width\":1835,\"height\":1635,\"caption\":\"Seifen Oper GmbH\"},\"image\":{\"@id\":\"https:\/\/seifen-oper.ch\/#\/schema\/logo\/image\/\"},\"sameAs\":[\"https:\/\/www.facebook.com\/SeifenOperGmbH\",\"https:\/\/www.instagram.com\/explore\/locations\/1028758197\/seifen-oper\/\"]}]}<\/script>\n<!-- \/ Yoast SEO plugin. -->","yoast_head_json":{"title":"\"Granatapfelstern\" - Seifen Oper GmbH","robots":{"index":"index","follow":"follow","max-snippet":"max-snippet:-1","max-image-preview":"max-image-preview:large","max-video-preview":"max-video-preview:-1"},"canonical":"https:\/\/seifen-oper.ch\/?product=seifen-stern-himbeer","og_locale":"de_DE","og_type":"article","og_title":"\"Granatapfelstern\" - Seifen Oper GmbH","og_description":"Rein pflanzliche Hand-und K\u00f6rperseife mit \u00e4th. Granatapfel\u00f6l in Sternform.","og_url":"https:\/\/seifen-oper.ch\/?product=seifen-stern-himbeer","og_site_name":"Seifen Oper GmbH","article_publisher":"https:\/\/www.facebook.com\/SeifenOperGmbH","article_modified_time":"2025-12-08T18:27:16+00:00","og_image":[{"width":1142,"height":839,"url":"https:\/\/seifen-oper.ch\/wp-content\/uploads\/2020\/11\/granatapfelstern.png","type":"image\/png"}],"twitter_card":"summary_large_image","twitter_misc":{"Gesch\u00e4tzte Lesezeit":"1 Minute"},"schema":{"@context":"https:\/\/schema.org","@graph":[{"@type":"WebPage","@id":"https:\/\/seifen-oper.ch\/?product=seifen-stern-himbeer","url":"https:\/\/seifen-oper.ch\/?product=seifen-stern-himbeer","name":"\"Granatapfelstern\" - Seifen Oper GmbH","isPartOf":{"@id":"https:\/\/seifen-oper.ch\/#website"},"primaryImageOfPage":{"@id":"https:\/\/seifen-oper.ch\/?product=seifen-stern-himbeer#primaryimage"},"image":{"@id":"https:\/\/seifen-oper.ch\/?product=seifen-stern-himbeer#primaryimage"},"thumbnailUrl":"https:\/\/seifen-oper.ch\/wp-content\/uploads\/2020\/11\/granatapfelstern.png","datePublished":"2020-11-09T20:42:47+00:00","dateModified":"2025-12-08T18:27:16+00:00","breadcrumb":{"@id":"https:\/\/seifen-oper.ch\/?product=seifen-stern-himbeer#breadcrumb"},"inLanguage":"de-CH","potentialAction":[{"@type":"ReadAction","target":["https:\/\/seifen-oper.ch\/?product=seifen-stern-himbeer"]}]},{"@type":"ImageObject","inLanguage":"de-CH","@id":"https:\/\/seifen-oper.ch\/?product=seifen-stern-himbeer#primaryimage","url":"https:\/\/seifen-oper.ch\/wp-content\/uploads\/2020\/11\/granatapfelstern.png","contentUrl":"https:\/\/seifen-oper.ch\/wp-content\/uploads\/2020\/11\/granatapfelstern.png","width":1142,"height":839},{"@type":"BreadcrumbList","@id":"https:\/\/seifen-oper.ch\/?product=seifen-stern-himbeer#breadcrumb","itemListElement":[{"@type":"ListItem","position":1,"name":"Home","item":"https:\/\/seifen-oper.ch\/"},{"@type":"ListItem","position":2,"name":"Shop","item":"https:\/\/seifen-oper.ch\/?page_id=12"},{"@type":"ListItem","position":3,"name":"&#171;Granatapfelstern&#187;"}]},{"@type":"WebSite","@id":"https:\/\/seifen-oper.ch\/#website","url":"https:\/\/seifen-oper.ch\/","name":"Seifen Oper GmbH","description":"Kosmetik bester Qualit\u00e4t. Handgefertigt.","publisher":{"@id":"https:\/\/seifen-oper.ch\/#organization"},"potentialAction":[{"@type":"SearchAction","target":{"@type":"EntryPoint","urlTemplate":"https:\/\/seifen-oper.ch\/?s={search_term_string}"},"query-input":{"@type":"PropertyValueSpecification","valueRequired":true,"valueName":"search_term_string"}}],"inLanguage":"de-CH"},{"@type":"Organization","@id":"https:\/\/seifen-oper.ch\/#organization","name":"Seifen Oper GmbH","url":"https:\/\/seifen-oper.ch\/","logo":{"@type":"ImageObject","inLanguage":"de-CH","@id":"https:\/\/seifen-oper.ch\/#\/schema\/logo\/image\/","url":"https:\/\/seifen-oper.ch\/wp-content\/uploads\/2019\/06\/logo.seifen-oper450.txt.1.png","contentUrl":"https:\/\/seifen-oper.ch\/wp-content\/uploads\/2019\/06\/logo.seifen-oper450.txt.1.png","width":1835,"height":1635,"caption":"Seifen Oper GmbH"},"image":{"@id":"https:\/\/seifen-oper.ch\/#\/schema\/logo\/image\/"},"sameAs":["https:\/\/www.facebook.com\/SeifenOperGmbH","https:\/\/www.instagram.com\/explore\/locations\/1028758197\/seifen-oper\/"]}]}},"_links":{"self":[{"href":"https:\/\/seifen-oper.ch\/index.php?rest_route=\/wp\/v2\/product\/3225"}],"collection":[{"href":"https:\/\/seifen-oper.ch\/index.php?rest_route=\/wp\/v2\/product"}],"about":[{"href":"https:\/\/seifen-oper.ch\/index.php?rest_route=\/wp\/v2\/types\/product"}],"wp:featuredmedia":[{"embeddable":true,"href":"https:\/\/seifen-oper.ch\/index.php?rest_route=\/wp\/v2\/media\/3589"}],"wp:attachment":[{"href":"https:\/\/seifen-oper.ch\/index.php?rest_route=%2Fwp%2Fv2%2Fmedia&parent=3225"}],"wp:term":[{"taxonomy":"product_brand","embeddable":true,"href":"https:\/\/seifen-oper.ch\/index.php?rest_route=%2Fwp%2Fv2%2Fproduct_brand&post=3225"},{"taxonomy":"product_cat","embeddable":true,"href":"https:\/\/seifen-oper.ch\/index.php?rest_route=%2Fwp%2Fv2%2Fproduct_cat&post=3225"},{"taxonomy":"product_tag","embeddable":true,"href":"https:\/\/seifen-oper.ch\/index.php?rest_route=%2Fwp%2Fv2%2Fproduct_tag&post=3225"}],"curies":[{"name":"wp","href":"https:\/\/api.w.org\/{rel}","templated":true}]}}