{"id":3220,"date":"2020-11-09T19:47:40","date_gmt":"2020-11-09T18:47:40","guid":{"rendered":"https:\/\/seifen-oper.ch\/?post_type=product&#038;p=3220"},"modified":"2021-01-02T07:15:44","modified_gmt":"2021-01-02T06:15:44","slug":"hollywood-beauty","status":"publish","type":"product","link":"https:\/\/seifen-oper.ch\/?product=hollywood-beauty","title":{"rendered":"\u201eHollywood Beauty\u201c"},"content":{"rendered":"<p style=\"text-align: center;\">Dieses Geschenk stellen wir uns klassisch f\u00fcr jemanden vor, welche(r) immer nur f\u00fcr andere da ist. Kennen Sie auch so eine liebe Person, welche immer zur Stelle ist, wenn man sie braucht? Unerm\u00fcdlich k\u00fcmmert Sie sich um das Wohl anderer und vergisst sich selber gerne etwas dabei. \u00dcberraschen Sie diese Person mit unserem luxuri\u00f6sen Verw\u00f6hnpaket \u201eHollywood Beauty\u201c. Sie w\u00fcrde es sich n\u00e4mlich niemals selber g\u00f6nnen \ud83d\ude09 Aber sie wird ES LIEBEN und vor Freude Luftspr\u00fcnge machen \ud83d\ude42<\/p>\n<p style=\"text-align: center;\">\u201eHollywood Beauty\u201c enth\u00e4lt unsere luxuri\u00f6se<span style=\"color: #ff99cc;\"> <a style=\"color: #ff99cc;\" href=\"https:\/\/seifen-oper.ch\/?product=greta-gesichtscreme-50ml\">\u201eGreta-Gesichtscreme\u201c<\/a><\/span> 50ml &amp; \u00a0<span style=\"color: #ff99cc;\"><a style=\"color: #ff99cc;\" href=\"https:\/\/seifen-oper.ch\/?product=exquisit-hautol\">\u201eExquisit-Haut\u00f6l\u201c<\/a><\/span>-ein regenerierendes Gesichts\u00f6l aus unseren wertvollsten Kr\u00e4utern &amp; \u00d6len. Zwei handgefertigte Produkte die man speziell in der Winterzeit sehr gut gebrauchen kann.<\/p>\n<p style=\"text-align: center;\">Sfr. 95.- \/ Stk.<\/p>\n","protected":false},"excerpt":{"rendered":"<p>Gesichtsverw\u00f6hnpaket<\/p>\n","protected":false},"featured_media":3221,"template":"","meta":[],"product_brand":[],"product_cat":[35,44],"product_tag":[221,72,224,223,220,222,225],"class_list":{"0":"post-3220","1":"product","2":"type-product","3":"status-publish","4":"has-post-thumbnail","6":"product_cat-cremes","7":"product_cat-winter","8":"product_tag-exquisit-hautol","9":"product_tag-geschenk","10":"product_tag-gesichtspflegegeschenk","11":"product_tag-gesichtspflegepaket","12":"product_tag-greta-gesichtscreme","13":"product_tag-holywood-beauty","14":"product_tag-luxurios","16":"first","17":"instock","18":"shipping-taxable","19":"purchasable","20":"product-type-simple"},"yoast_head":"<!-- This site is optimized with the Yoast SEO plugin v25.6 - https:\/\/yoast.com\/wordpress\/plugins\/seo\/ -->\n<title>\u201eHollywood Beauty\u201c - Seifen Oper GmbH<\/title>\n<meta name=\"robots\" content=\"index, follow, max-snippet:-1, max-image-preview:large, max-video-preview:-1\" \/>\n<link rel=\"canonical\" href=\"https:\/\/seifen-oper.ch\/?product=hollywood-beauty\" \/>\n<meta property=\"og:locale\" content=\"de_DE\" \/>\n<meta property=\"og:type\" content=\"article\" \/>\n<meta property=\"og:title\" content=\"\u201eHollywood Beauty\u201c - Seifen Oper GmbH\" \/>\n<meta property=\"og:description\" content=\"Gesichtsverw\u00f6hnpaket\" \/>\n<meta property=\"og:url\" content=\"https:\/\/seifen-oper.ch\/?product=hollywood-beauty\" \/>\n<meta property=\"og:site_name\" content=\"Seifen Oper GmbH\" \/>\n<meta property=\"article:publisher\" content=\"https:\/\/www.facebook.com\/SeifenOperGmbH\" \/>\n<meta property=\"article:modified_time\" content=\"2021-01-02T06:15:44+00:00\" \/>\n<meta property=\"og:image\" content=\"https:\/\/seifen-oper.ch\/wp-content\/uploads\/2020\/11\/hollywoodbeauty-Kl.png\" \/>\n\t<meta property=\"og:image:width\" content=\"470\" \/>\n\t<meta property=\"og:image:height\" content=\"709\" \/>\n\t<meta property=\"og:image:type\" content=\"image\/png\" \/>\n<meta name=\"twitter:card\" content=\"summary_large_image\" \/>\n<meta name=\"twitter:label1\" content=\"Gesch\u00e4tzte Lesezeit\" \/>\n\t<meta name=\"twitter:data1\" content=\"1 Minute\" \/>\n<script type=\"application\/ld+json\" class=\"yoast-schema-graph\">{\"@context\":\"https:\/\/schema.org\",\"@graph\":[{\"@type\":\"WebPage\",\"@id\":\"https:\/\/seifen-oper.ch\/?product=hollywood-beauty\",\"url\":\"https:\/\/seifen-oper.ch\/?product=hollywood-beauty\",\"name\":\"\u201eHollywood Beauty\u201c - Seifen Oper GmbH\",\"isPartOf\":{\"@id\":\"https:\/\/seifen-oper.ch\/#website\"},\"primaryImageOfPage\":{\"@id\":\"https:\/\/seifen-oper.ch\/?product=hollywood-beauty#primaryimage\"},\"image\":{\"@id\":\"https:\/\/seifen-oper.ch\/?product=hollywood-beauty#primaryimage\"},\"thumbnailUrl\":\"https:\/\/seifen-oper.ch\/wp-content\/uploads\/2020\/11\/hollywoodbeauty-Kl.png\",\"datePublished\":\"2020-11-09T18:47:40+00:00\",\"dateModified\":\"2021-01-02T06:15:44+00:00\",\"breadcrumb\":{\"@id\":\"https:\/\/seifen-oper.ch\/?product=hollywood-beauty#breadcrumb\"},\"inLanguage\":\"de-CH\",\"potentialAction\":[{\"@type\":\"ReadAction\",\"target\":[\"https:\/\/seifen-oper.ch\/?product=hollywood-beauty\"]}]},{\"@type\":\"ImageObject\",\"inLanguage\":\"de-CH\",\"@id\":\"https:\/\/seifen-oper.ch\/?product=hollywood-beauty#primaryimage\",\"url\":\"https:\/\/seifen-oper.ch\/wp-content\/uploads\/2020\/11\/hollywoodbeauty-Kl.png\",\"contentUrl\":\"https:\/\/seifen-oper.ch\/wp-content\/uploads\/2020\/11\/hollywoodbeauty-Kl.png\",\"width\":470,\"height\":709},{\"@type\":\"BreadcrumbList\",\"@id\":\"https:\/\/seifen-oper.ch\/?product=hollywood-beauty#breadcrumb\",\"itemListElement\":[{\"@type\":\"ListItem\",\"position\":1,\"name\":\"Home\",\"item\":\"https:\/\/seifen-oper.ch\/\"},{\"@type\":\"ListItem\",\"position\":2,\"name\":\"Shop\",\"item\":\"https:\/\/seifen-oper.ch\/?page_id=12\"},{\"@type\":\"ListItem\",\"position\":3,\"name\":\"\u201eHollywood Beauty\u201c\"}]},{\"@type\":\"WebSite\",\"@id\":\"https:\/\/seifen-oper.ch\/#website\",\"url\":\"https:\/\/seifen-oper.ch\/\",\"name\":\"Seifen Oper GmbH\",\"description\":\"Kosmetik bester Qualit\u00e4t. Handgefertigt.\",\"publisher\":{\"@id\":\"https:\/\/seifen-oper.ch\/#organization\"},\"potentialAction\":[{\"@type\":\"SearchAction\",\"target\":{\"@type\":\"EntryPoint\",\"urlTemplate\":\"https:\/\/seifen-oper.ch\/?s={search_term_string}\"},\"query-input\":{\"@type\":\"PropertyValueSpecification\",\"valueRequired\":true,\"valueName\":\"search_term_string\"}}],\"inLanguage\":\"de-CH\"},{\"@type\":\"Organization\",\"@id\":\"https:\/\/seifen-oper.ch\/#organization\",\"name\":\"Seifen Oper GmbH\",\"url\":\"https:\/\/seifen-oper.ch\/\",\"logo\":{\"@type\":\"ImageObject\",\"inLanguage\":\"de-CH\",\"@id\":\"https:\/\/seifen-oper.ch\/#\/schema\/logo\/image\/\",\"url\":\"https:\/\/seifen-oper.ch\/wp-content\/uploads\/2019\/06\/logo.seifen-oper450.txt.1.png\",\"contentUrl\":\"https:\/\/seifen-oper.ch\/wp-content\/uploads\/2019\/06\/logo.seifen-oper450.txt.1.png\",\"width\":1835,\"height\":1635,\"caption\":\"Seifen Oper GmbH\"},\"image\":{\"@id\":\"https:\/\/seifen-oper.ch\/#\/schema\/logo\/image\/\"},\"sameAs\":[\"https:\/\/www.facebook.com\/SeifenOperGmbH\",\"https:\/\/www.instagram.com\/explore\/locations\/1028758197\/seifen-oper\/\"]}]}<\/script>\n<!-- \/ Yoast SEO plugin. -->","yoast_head_json":{"title":"\u201eHollywood Beauty\u201c - Seifen Oper GmbH","robots":{"index":"index","follow":"follow","max-snippet":"max-snippet:-1","max-image-preview":"max-image-preview:large","max-video-preview":"max-video-preview:-1"},"canonical":"https:\/\/seifen-oper.ch\/?product=hollywood-beauty","og_locale":"de_DE","og_type":"article","og_title":"\u201eHollywood Beauty\u201c - Seifen Oper GmbH","og_description":"Gesichtsverw\u00f6hnpaket","og_url":"https:\/\/seifen-oper.ch\/?product=hollywood-beauty","og_site_name":"Seifen Oper GmbH","article_publisher":"https:\/\/www.facebook.com\/SeifenOperGmbH","article_modified_time":"2021-01-02T06:15:44+00:00","og_image":[{"width":470,"height":709,"url":"https:\/\/seifen-oper.ch\/wp-content\/uploads\/2020\/11\/hollywoodbeauty-Kl.png","type":"image\/png"}],"twitter_card":"summary_large_image","twitter_misc":{"Gesch\u00e4tzte Lesezeit":"1 Minute"},"schema":{"@context":"https:\/\/schema.org","@graph":[{"@type":"WebPage","@id":"https:\/\/seifen-oper.ch\/?product=hollywood-beauty","url":"https:\/\/seifen-oper.ch\/?product=hollywood-beauty","name":"\u201eHollywood Beauty\u201c - Seifen Oper GmbH","isPartOf":{"@id":"https:\/\/seifen-oper.ch\/#website"},"primaryImageOfPage":{"@id":"https:\/\/seifen-oper.ch\/?product=hollywood-beauty#primaryimage"},"image":{"@id":"https:\/\/seifen-oper.ch\/?product=hollywood-beauty#primaryimage"},"thumbnailUrl":"https:\/\/seifen-oper.ch\/wp-content\/uploads\/2020\/11\/hollywoodbeauty-Kl.png","datePublished":"2020-11-09T18:47:40+00:00","dateModified":"2021-01-02T06:15:44+00:00","breadcrumb":{"@id":"https:\/\/seifen-oper.ch\/?product=hollywood-beauty#breadcrumb"},"inLanguage":"de-CH","potentialAction":[{"@type":"ReadAction","target":["https:\/\/seifen-oper.ch\/?product=hollywood-beauty"]}]},{"@type":"ImageObject","inLanguage":"de-CH","@id":"https:\/\/seifen-oper.ch\/?product=hollywood-beauty#primaryimage","url":"https:\/\/seifen-oper.ch\/wp-content\/uploads\/2020\/11\/hollywoodbeauty-Kl.png","contentUrl":"https:\/\/seifen-oper.ch\/wp-content\/uploads\/2020\/11\/hollywoodbeauty-Kl.png","width":470,"height":709},{"@type":"BreadcrumbList","@id":"https:\/\/seifen-oper.ch\/?product=hollywood-beauty#breadcrumb","itemListElement":[{"@type":"ListItem","position":1,"name":"Home","item":"https:\/\/seifen-oper.ch\/"},{"@type":"ListItem","position":2,"name":"Shop","item":"https:\/\/seifen-oper.ch\/?page_id=12"},{"@type":"ListItem","position":3,"name":"\u201eHollywood Beauty\u201c"}]},{"@type":"WebSite","@id":"https:\/\/seifen-oper.ch\/#website","url":"https:\/\/seifen-oper.ch\/","name":"Seifen Oper GmbH","description":"Kosmetik bester Qualit\u00e4t. Handgefertigt.","publisher":{"@id":"https:\/\/seifen-oper.ch\/#organization"},"potentialAction":[{"@type":"SearchAction","target":{"@type":"EntryPoint","urlTemplate":"https:\/\/seifen-oper.ch\/?s={search_term_string}"},"query-input":{"@type":"PropertyValueSpecification","valueRequired":true,"valueName":"search_term_string"}}],"inLanguage":"de-CH"},{"@type":"Organization","@id":"https:\/\/seifen-oper.ch\/#organization","name":"Seifen Oper GmbH","url":"https:\/\/seifen-oper.ch\/","logo":{"@type":"ImageObject","inLanguage":"de-CH","@id":"https:\/\/seifen-oper.ch\/#\/schema\/logo\/image\/","url":"https:\/\/seifen-oper.ch\/wp-content\/uploads\/2019\/06\/logo.seifen-oper450.txt.1.png","contentUrl":"https:\/\/seifen-oper.ch\/wp-content\/uploads\/2019\/06\/logo.seifen-oper450.txt.1.png","width":1835,"height":1635,"caption":"Seifen Oper GmbH"},"image":{"@id":"https:\/\/seifen-oper.ch\/#\/schema\/logo\/image\/"},"sameAs":["https:\/\/www.facebook.com\/SeifenOperGmbH","https:\/\/www.instagram.com\/explore\/locations\/1028758197\/seifen-oper\/"]}]}},"_links":{"self":[{"href":"https:\/\/seifen-oper.ch\/index.php?rest_route=\/wp\/v2\/product\/3220"}],"collection":[{"href":"https:\/\/seifen-oper.ch\/index.php?rest_route=\/wp\/v2\/product"}],"about":[{"href":"https:\/\/seifen-oper.ch\/index.php?rest_route=\/wp\/v2\/types\/product"}],"wp:featuredmedia":[{"embeddable":true,"href":"https:\/\/seifen-oper.ch\/index.php?rest_route=\/wp\/v2\/media\/3221"}],"wp:attachment":[{"href":"https:\/\/seifen-oper.ch\/index.php?rest_route=%2Fwp%2Fv2%2Fmedia&parent=3220"}],"wp:term":[{"taxonomy":"product_brand","embeddable":true,"href":"https:\/\/seifen-oper.ch\/index.php?rest_route=%2Fwp%2Fv2%2Fproduct_brand&post=3220"},{"taxonomy":"product_cat","embeddable":true,"href":"https:\/\/seifen-oper.ch\/index.php?rest_route=%2Fwp%2Fv2%2Fproduct_cat&post=3220"},{"taxonomy":"product_tag","embeddable":true,"href":"https:\/\/seifen-oper.ch\/index.php?rest_route=%2Fwp%2Fv2%2Fproduct_tag&post=3220"}],"curies":[{"name":"wp","href":"https:\/\/api.w.org\/{rel}","templated":true}]}}