{"id":3209,"date":"2020-11-04T22:49:55","date_gmt":"2020-11-04T21:49:55","guid":{"rendered":"https:\/\/seifen-oper.ch\/?post_type=product&#038;p=3209"},"modified":"2021-01-27T08:03:35","modified_gmt":"2021-01-27T07:03:35","slug":"schoko-zimt-seife","status":"publish","type":"product","link":"https:\/\/seifen-oper.ch\/?product=schoko-zimt-seife","title":{"rendered":"&#171;Schoko-Zimt Seife&#187;"},"content":{"rendered":"<p style=\"text-align: center;\">Diese s\u00fcss-w\u00fcrzige Seife geh\u00f6rt einfach in jedes Bad in der Winterzeit! Zum einen w\u00e4rmt das \u00e4therische Zimt\u00f6l, zum anderen regt das echte Kakaopulver die Durchblutung an. 2 sch\u00f6ne Nebeneffekte welche die Seife neben ihrem himmlischen Duft hat. Wie all unsere Seifen ist sie auf der Basis von Kokos- und Oliven\u00f6l. Damit pflegt und reinigt sie Ihre Haut optimal und trocknet sie nicht aus. Was will man noch mehr? Mit dieser Seife sind Sie perfekt ger\u00fcstet f\u00fcr die Winterzeit. Man munkelt \u00fcbrigens, es g\u00e4be Menschen, welche sie das ganze Jahr \u00fcber benutzen und sich einen Vorrat daf\u00fcr anlegen \ud83d\ude09<\/p>\n<p style=\"text-align: center;\">100g \/ Sfr. 14.-<\/p>\n<p style=\"text-align: center;\">INCI (Inhaltsstoffe): Cocos Nucifera (Kokos\u00f6l), Aqua,\u00a0Glycine soja (Soja\u00f6l), Brassica campestris seed oil (Raps\u00f6l), Olea Europaea (Oliven\u00f6l), Sodium Hydroxide (NaOH), Parf\u00fcm, Thebroma Cacao Seed Powder (Kakaopulver), \u00e4th. Zimt\u00f6l<\/p>\n","protected":false},"excerpt":{"rendered":"<p>Hand &#8211; und K\u00f6rperseife mit Schokoladen-Zimtduft<\/p>\n","protected":false},"featured_media":3210,"template":"","meta":[],"product_brand":[],"product_cat":[17,44],"product_tag":[201,156,55,130,199,153,306,197],"class_list":{"0":"post-3209","1":"product","2":"type-product","3":"status-publish","4":"has-post-thumbnail","6":"product_cat-seifen","7":"product_cat-winter","8":"product_tag-atherisches-zimtol","9":"product_tag-kakaopulver","10":"product_tag-kokosbutter","11":"product_tag-olivenoel","12":"product_tag-schoko-zimt-seife","13":"product_tag-schokolade","14":"product_tag-winterspecial","15":"product_tag-zimt","17":"first","18":"instock","19":"shipping-taxable","20":"purchasable","21":"product-type-simple"},"yoast_head":"<!-- This site is optimized with the Yoast SEO plugin v25.6 - https:\/\/yoast.com\/wordpress\/plugins\/seo\/ -->\n<title>&quot;Schoko-Zimt Seife&quot; - Seifen Oper GmbH<\/title>\n<meta name=\"robots\" content=\"index, follow, max-snippet:-1, max-image-preview:large, max-video-preview:-1\" \/>\n<link rel=\"canonical\" href=\"https:\/\/seifen-oper.ch\/?product=schoko-zimt-seife\" \/>\n<meta property=\"og:locale\" content=\"de_DE\" \/>\n<meta property=\"og:type\" content=\"article\" \/>\n<meta property=\"og:title\" content=\"&quot;Schoko-Zimt Seife&quot; - Seifen Oper GmbH\" \/>\n<meta property=\"og:description\" content=\"Hand - und K\u00f6rperseife mit Schokoladen-Zimtduft\" \/>\n<meta property=\"og:url\" content=\"https:\/\/seifen-oper.ch\/?product=schoko-zimt-seife\" \/>\n<meta property=\"og:site_name\" content=\"Seifen Oper GmbH\" \/>\n<meta property=\"article:publisher\" content=\"https:\/\/www.facebook.com\/SeifenOperGmbH\" \/>\n<meta property=\"article:modified_time\" content=\"2021-01-27T07:03:35+00:00\" \/>\n<meta property=\"og:image\" content=\"https:\/\/seifen-oper.ch\/wp-content\/uploads\/2020\/11\/schokozimtseife-gr.png\" \/>\n\t<meta property=\"og:image:width\" content=\"960\" \/>\n\t<meta property=\"og:image:height\" content=\"1080\" \/>\n\t<meta property=\"og:image:type\" content=\"image\/png\" \/>\n<meta name=\"twitter:card\" content=\"summary_large_image\" \/>\n<meta name=\"twitter:label1\" content=\"Gesch\u00e4tzte Lesezeit\" \/>\n\t<meta name=\"twitter:data1\" content=\"1 Minute\" \/>\n<script type=\"application\/ld+json\" class=\"yoast-schema-graph\">{\"@context\":\"https:\/\/schema.org\",\"@graph\":[{\"@type\":\"WebPage\",\"@id\":\"https:\/\/seifen-oper.ch\/?product=schoko-zimt-seife\",\"url\":\"https:\/\/seifen-oper.ch\/?product=schoko-zimt-seife\",\"name\":\"\\\"Schoko-Zimt Seife\\\" - Seifen Oper GmbH\",\"isPartOf\":{\"@id\":\"https:\/\/seifen-oper.ch\/#website\"},\"primaryImageOfPage\":{\"@id\":\"https:\/\/seifen-oper.ch\/?product=schoko-zimt-seife#primaryimage\"},\"image\":{\"@id\":\"https:\/\/seifen-oper.ch\/?product=schoko-zimt-seife#primaryimage\"},\"thumbnailUrl\":\"https:\/\/seifen-oper.ch\/wp-content\/uploads\/2020\/11\/schokozimtseife-gr.png\",\"datePublished\":\"2020-11-04T21:49:55+00:00\",\"dateModified\":\"2021-01-27T07:03:35+00:00\",\"breadcrumb\":{\"@id\":\"https:\/\/seifen-oper.ch\/?product=schoko-zimt-seife#breadcrumb\"},\"inLanguage\":\"de-CH\",\"potentialAction\":[{\"@type\":\"ReadAction\",\"target\":[\"https:\/\/seifen-oper.ch\/?product=schoko-zimt-seife\"]}]},{\"@type\":\"ImageObject\",\"inLanguage\":\"de-CH\",\"@id\":\"https:\/\/seifen-oper.ch\/?product=schoko-zimt-seife#primaryimage\",\"url\":\"https:\/\/seifen-oper.ch\/wp-content\/uploads\/2020\/11\/schokozimtseife-gr.png\",\"contentUrl\":\"https:\/\/seifen-oper.ch\/wp-content\/uploads\/2020\/11\/schokozimtseife-gr.png\",\"width\":960,\"height\":1080},{\"@type\":\"BreadcrumbList\",\"@id\":\"https:\/\/seifen-oper.ch\/?product=schoko-zimt-seife#breadcrumb\",\"itemListElement\":[{\"@type\":\"ListItem\",\"position\":1,\"name\":\"Home\",\"item\":\"https:\/\/seifen-oper.ch\/\"},{\"@type\":\"ListItem\",\"position\":2,\"name\":\"Shop\",\"item\":\"https:\/\/seifen-oper.ch\/?page_id=12\"},{\"@type\":\"ListItem\",\"position\":3,\"name\":\"&#171;Schoko-Zimt Seife&#187;\"}]},{\"@type\":\"WebSite\",\"@id\":\"https:\/\/seifen-oper.ch\/#website\",\"url\":\"https:\/\/seifen-oper.ch\/\",\"name\":\"Seifen Oper GmbH\",\"description\":\"Kosmetik bester Qualit\u00e4t. Handgefertigt.\",\"publisher\":{\"@id\":\"https:\/\/seifen-oper.ch\/#organization\"},\"potentialAction\":[{\"@type\":\"SearchAction\",\"target\":{\"@type\":\"EntryPoint\",\"urlTemplate\":\"https:\/\/seifen-oper.ch\/?s={search_term_string}\"},\"query-input\":{\"@type\":\"PropertyValueSpecification\",\"valueRequired\":true,\"valueName\":\"search_term_string\"}}],\"inLanguage\":\"de-CH\"},{\"@type\":\"Organization\",\"@id\":\"https:\/\/seifen-oper.ch\/#organization\",\"name\":\"Seifen Oper GmbH\",\"url\":\"https:\/\/seifen-oper.ch\/\",\"logo\":{\"@type\":\"ImageObject\",\"inLanguage\":\"de-CH\",\"@id\":\"https:\/\/seifen-oper.ch\/#\/schema\/logo\/image\/\",\"url\":\"https:\/\/seifen-oper.ch\/wp-content\/uploads\/2019\/06\/logo.seifen-oper450.txt.1.png\",\"contentUrl\":\"https:\/\/seifen-oper.ch\/wp-content\/uploads\/2019\/06\/logo.seifen-oper450.txt.1.png\",\"width\":1835,\"height\":1635,\"caption\":\"Seifen Oper GmbH\"},\"image\":{\"@id\":\"https:\/\/seifen-oper.ch\/#\/schema\/logo\/image\/\"},\"sameAs\":[\"https:\/\/www.facebook.com\/SeifenOperGmbH\",\"https:\/\/www.instagram.com\/explore\/locations\/1028758197\/seifen-oper\/\"]}]}<\/script>\n<!-- \/ Yoast SEO plugin. -->","yoast_head_json":{"title":"\"Schoko-Zimt Seife\" - Seifen Oper GmbH","robots":{"index":"index","follow":"follow","max-snippet":"max-snippet:-1","max-image-preview":"max-image-preview:large","max-video-preview":"max-video-preview:-1"},"canonical":"https:\/\/seifen-oper.ch\/?product=schoko-zimt-seife","og_locale":"de_DE","og_type":"article","og_title":"\"Schoko-Zimt Seife\" - Seifen Oper GmbH","og_description":"Hand - und K\u00f6rperseife mit Schokoladen-Zimtduft","og_url":"https:\/\/seifen-oper.ch\/?product=schoko-zimt-seife","og_site_name":"Seifen Oper GmbH","article_publisher":"https:\/\/www.facebook.com\/SeifenOperGmbH","article_modified_time":"2021-01-27T07:03:35+00:00","og_image":[{"width":960,"height":1080,"url":"https:\/\/seifen-oper.ch\/wp-content\/uploads\/2020\/11\/schokozimtseife-gr.png","type":"image\/png"}],"twitter_card":"summary_large_image","twitter_misc":{"Gesch\u00e4tzte Lesezeit":"1 Minute"},"schema":{"@context":"https:\/\/schema.org","@graph":[{"@type":"WebPage","@id":"https:\/\/seifen-oper.ch\/?product=schoko-zimt-seife","url":"https:\/\/seifen-oper.ch\/?product=schoko-zimt-seife","name":"\"Schoko-Zimt Seife\" - Seifen Oper GmbH","isPartOf":{"@id":"https:\/\/seifen-oper.ch\/#website"},"primaryImageOfPage":{"@id":"https:\/\/seifen-oper.ch\/?product=schoko-zimt-seife#primaryimage"},"image":{"@id":"https:\/\/seifen-oper.ch\/?product=schoko-zimt-seife#primaryimage"},"thumbnailUrl":"https:\/\/seifen-oper.ch\/wp-content\/uploads\/2020\/11\/schokozimtseife-gr.png","datePublished":"2020-11-04T21:49:55+00:00","dateModified":"2021-01-27T07:03:35+00:00","breadcrumb":{"@id":"https:\/\/seifen-oper.ch\/?product=schoko-zimt-seife#breadcrumb"},"inLanguage":"de-CH","potentialAction":[{"@type":"ReadAction","target":["https:\/\/seifen-oper.ch\/?product=schoko-zimt-seife"]}]},{"@type":"ImageObject","inLanguage":"de-CH","@id":"https:\/\/seifen-oper.ch\/?product=schoko-zimt-seife#primaryimage","url":"https:\/\/seifen-oper.ch\/wp-content\/uploads\/2020\/11\/schokozimtseife-gr.png","contentUrl":"https:\/\/seifen-oper.ch\/wp-content\/uploads\/2020\/11\/schokozimtseife-gr.png","width":960,"height":1080},{"@type":"BreadcrumbList","@id":"https:\/\/seifen-oper.ch\/?product=schoko-zimt-seife#breadcrumb","itemListElement":[{"@type":"ListItem","position":1,"name":"Home","item":"https:\/\/seifen-oper.ch\/"},{"@type":"ListItem","position":2,"name":"Shop","item":"https:\/\/seifen-oper.ch\/?page_id=12"},{"@type":"ListItem","position":3,"name":"&#171;Schoko-Zimt Seife&#187;"}]},{"@type":"WebSite","@id":"https:\/\/seifen-oper.ch\/#website","url":"https:\/\/seifen-oper.ch\/","name":"Seifen Oper GmbH","description":"Kosmetik bester Qualit\u00e4t. Handgefertigt.","publisher":{"@id":"https:\/\/seifen-oper.ch\/#organization"},"potentialAction":[{"@type":"SearchAction","target":{"@type":"EntryPoint","urlTemplate":"https:\/\/seifen-oper.ch\/?s={search_term_string}"},"query-input":{"@type":"PropertyValueSpecification","valueRequired":true,"valueName":"search_term_string"}}],"inLanguage":"de-CH"},{"@type":"Organization","@id":"https:\/\/seifen-oper.ch\/#organization","name":"Seifen Oper GmbH","url":"https:\/\/seifen-oper.ch\/","logo":{"@type":"ImageObject","inLanguage":"de-CH","@id":"https:\/\/seifen-oper.ch\/#\/schema\/logo\/image\/","url":"https:\/\/seifen-oper.ch\/wp-content\/uploads\/2019\/06\/logo.seifen-oper450.txt.1.png","contentUrl":"https:\/\/seifen-oper.ch\/wp-content\/uploads\/2019\/06\/logo.seifen-oper450.txt.1.png","width":1835,"height":1635,"caption":"Seifen Oper GmbH"},"image":{"@id":"https:\/\/seifen-oper.ch\/#\/schema\/logo\/image\/"},"sameAs":["https:\/\/www.facebook.com\/SeifenOperGmbH","https:\/\/www.instagram.com\/explore\/locations\/1028758197\/seifen-oper\/"]}]}},"_links":{"self":[{"href":"https:\/\/seifen-oper.ch\/index.php?rest_route=\/wp\/v2\/product\/3209"}],"collection":[{"href":"https:\/\/seifen-oper.ch\/index.php?rest_route=\/wp\/v2\/product"}],"about":[{"href":"https:\/\/seifen-oper.ch\/index.php?rest_route=\/wp\/v2\/types\/product"}],"wp:featuredmedia":[{"embeddable":true,"href":"https:\/\/seifen-oper.ch\/index.php?rest_route=\/wp\/v2\/media\/3210"}],"wp:attachment":[{"href":"https:\/\/seifen-oper.ch\/index.php?rest_route=%2Fwp%2Fv2%2Fmedia&parent=3209"}],"wp:term":[{"taxonomy":"product_brand","embeddable":true,"href":"https:\/\/seifen-oper.ch\/index.php?rest_route=%2Fwp%2Fv2%2Fproduct_brand&post=3209"},{"taxonomy":"product_cat","embeddable":true,"href":"https:\/\/seifen-oper.ch\/index.php?rest_route=%2Fwp%2Fv2%2Fproduct_cat&post=3209"},{"taxonomy":"product_tag","embeddable":true,"href":"https:\/\/seifen-oper.ch\/index.php?rest_route=%2Fwp%2Fv2%2Fproduct_tag&post=3209"}],"curies":[{"name":"wp","href":"https:\/\/api.w.org\/{rel}","templated":true}]}}