{"id":3207,"date":"2020-11-04T22:18:49","date_gmt":"2020-11-04T21:18:49","guid":{"rendered":"https:\/\/seifen-oper.ch\/?post_type=product&#038;p=3207"},"modified":"2024-10-28T20:10:56","modified_gmt":"2024-10-28T19:10:56","slug":"seifenschokolade","status":"publish","type":"product","link":"https:\/\/seifen-oper.ch\/?product=seifenschokolade","title":{"rendered":"&#171;Seifen Schokolade&#187;"},"content":{"rendered":"<p style=\"text-align: center;\">Wunderbare Hand-und K\u00f6rperseife mit Schokoladenduft und echtem Kakaopulver.<\/p>\n<p style=\"text-align: center;\">Garantiert ohne Konservierungsstoffe und Kalorien.<\/p>\n<p style=\"text-align: center;\">Inhalstsstoffe: dunkle CH-Schokolade, Kakos- und Oliven\u00f6l, NaOH, Parf\u00fcm\u00f6l<\/p>\n<p style=\"text-align: center;\">Sfr. 19.- \/ Stk.<\/p>\n","protected":false},"excerpt":{"rendered":"<p>Hand &#8211; und K\u00f6rperseife in Schokoladenform mit Schokoladenduft<\/p>\n","protected":false},"featured_media":3208,"template":"","meta":[],"product_brand":[],"product_cat":[17,44],"product_tag":[179,195,156,196,139,472,153,193,121],"class_list":{"0":"post-3207","1":"product","2":"type-product","3":"status-publish","4":"has-post-thumbnail","6":"product_cat-seifen","7":"product_cat-winter","8":"product_tag-handgemacht","9":"product_tag-handseife","10":"product_tag-kakaopulver","11":"product_tag-korperseife","12":"product_tag-mitbringsel","13":"product_tag-ohne-kalorien","14":"product_tag-schokolade","15":"product_tag-seifenschokolade","16":"product_tag-weihnachten","18":"first","19":"instock","20":"shipping-taxable","21":"purchasable","22":"product-type-simple"},"yoast_head":"<!-- This site is optimized with the Yoast SEO plugin v25.6 - https:\/\/yoast.com\/wordpress\/plugins\/seo\/ -->\n<title>&quot;Seifen Schokolade&quot; - Seifen Oper GmbH<\/title>\n<meta name=\"robots\" content=\"index, follow, max-snippet:-1, max-image-preview:large, max-video-preview:-1\" \/>\n<link rel=\"canonical\" href=\"https:\/\/seifen-oper.ch\/?product=seifenschokolade\" \/>\n<meta property=\"og:locale\" content=\"de_DE\" \/>\n<meta property=\"og:type\" content=\"article\" \/>\n<meta property=\"og:title\" content=\"&quot;Seifen Schokolade&quot; - Seifen Oper GmbH\" \/>\n<meta property=\"og:description\" content=\"Hand - und K\u00f6rperseife in Schokoladenform mit Schokoladenduft\" \/>\n<meta property=\"og:url\" content=\"https:\/\/seifen-oper.ch\/?product=seifenschokolade\" \/>\n<meta property=\"og:site_name\" content=\"Seifen Oper GmbH\" \/>\n<meta property=\"article:publisher\" content=\"https:\/\/www.facebook.com\/SeifenOperGmbH\" \/>\n<meta property=\"article:modified_time\" content=\"2024-10-28T19:10:56+00:00\" \/>\n<meta property=\"og:image\" content=\"https:\/\/seifen-oper.ch\/wp-content\/uploads\/2020\/11\/seifenschoggi-905x1024.png\" \/>\n\t<meta property=\"og:image:width\" content=\"905\" \/>\n\t<meta property=\"og:image:height\" content=\"1024\" \/>\n\t<meta property=\"og:image:type\" content=\"image\/png\" \/>\n<meta name=\"twitter:card\" content=\"summary_large_image\" \/>\n<meta name=\"twitter:label1\" content=\"Gesch\u00e4tzte Lesezeit\" \/>\n\t<meta name=\"twitter:data1\" content=\"1 Minute\" \/>\n<script type=\"application\/ld+json\" class=\"yoast-schema-graph\">{\"@context\":\"https:\/\/schema.org\",\"@graph\":[{\"@type\":\"WebPage\",\"@id\":\"https:\/\/seifen-oper.ch\/?product=seifenschokolade\",\"url\":\"https:\/\/seifen-oper.ch\/?product=seifenschokolade\",\"name\":\"\\\"Seifen Schokolade\\\" - Seifen Oper GmbH\",\"isPartOf\":{\"@id\":\"https:\/\/seifen-oper.ch\/#website\"},\"primaryImageOfPage\":{\"@id\":\"https:\/\/seifen-oper.ch\/?product=seifenschokolade#primaryimage\"},\"image\":{\"@id\":\"https:\/\/seifen-oper.ch\/?product=seifenschokolade#primaryimage\"},\"thumbnailUrl\":\"https:\/\/seifen-oper.ch\/wp-content\/uploads\/2020\/11\/seifenschoggi.png\",\"datePublished\":\"2020-11-04T21:18:49+00:00\",\"dateModified\":\"2024-10-28T19:10:56+00:00\",\"breadcrumb\":{\"@id\":\"https:\/\/seifen-oper.ch\/?product=seifenschokolade#breadcrumb\"},\"inLanguage\":\"de-CH\",\"potentialAction\":[{\"@type\":\"ReadAction\",\"target\":[\"https:\/\/seifen-oper.ch\/?product=seifenschokolade\"]}]},{\"@type\":\"ImageObject\",\"inLanguage\":\"de-CH\",\"@id\":\"https:\/\/seifen-oper.ch\/?product=seifenschokolade#primaryimage\",\"url\":\"https:\/\/seifen-oper.ch\/wp-content\/uploads\/2020\/11\/seifenschoggi.png\",\"contentUrl\":\"https:\/\/seifen-oper.ch\/wp-content\/uploads\/2020\/11\/seifenschoggi.png\",\"width\":2980,\"height\":3371},{\"@type\":\"BreadcrumbList\",\"@id\":\"https:\/\/seifen-oper.ch\/?product=seifenschokolade#breadcrumb\",\"itemListElement\":[{\"@type\":\"ListItem\",\"position\":1,\"name\":\"Home\",\"item\":\"https:\/\/seifen-oper.ch\/\"},{\"@type\":\"ListItem\",\"position\":2,\"name\":\"Shop\",\"item\":\"https:\/\/seifen-oper.ch\/?page_id=12\"},{\"@type\":\"ListItem\",\"position\":3,\"name\":\"&#171;Seifen Schokolade&#187;\"}]},{\"@type\":\"WebSite\",\"@id\":\"https:\/\/seifen-oper.ch\/#website\",\"url\":\"https:\/\/seifen-oper.ch\/\",\"name\":\"Seifen Oper GmbH\",\"description\":\"Kosmetik bester Qualit\u00e4t. Handgefertigt.\",\"publisher\":{\"@id\":\"https:\/\/seifen-oper.ch\/#organization\"},\"potentialAction\":[{\"@type\":\"SearchAction\",\"target\":{\"@type\":\"EntryPoint\",\"urlTemplate\":\"https:\/\/seifen-oper.ch\/?s={search_term_string}\"},\"query-input\":{\"@type\":\"PropertyValueSpecification\",\"valueRequired\":true,\"valueName\":\"search_term_string\"}}],\"inLanguage\":\"de-CH\"},{\"@type\":\"Organization\",\"@id\":\"https:\/\/seifen-oper.ch\/#organization\",\"name\":\"Seifen Oper GmbH\",\"url\":\"https:\/\/seifen-oper.ch\/\",\"logo\":{\"@type\":\"ImageObject\",\"inLanguage\":\"de-CH\",\"@id\":\"https:\/\/seifen-oper.ch\/#\/schema\/logo\/image\/\",\"url\":\"https:\/\/seifen-oper.ch\/wp-content\/uploads\/2019\/06\/logo.seifen-oper450.txt.1.png\",\"contentUrl\":\"https:\/\/seifen-oper.ch\/wp-content\/uploads\/2019\/06\/logo.seifen-oper450.txt.1.png\",\"width\":1835,\"height\":1635,\"caption\":\"Seifen Oper GmbH\"},\"image\":{\"@id\":\"https:\/\/seifen-oper.ch\/#\/schema\/logo\/image\/\"},\"sameAs\":[\"https:\/\/www.facebook.com\/SeifenOperGmbH\",\"https:\/\/www.instagram.com\/explore\/locations\/1028758197\/seifen-oper\/\"]}]}<\/script>\n<!-- \/ Yoast SEO plugin. -->","yoast_head_json":{"title":"\"Seifen Schokolade\" - Seifen Oper GmbH","robots":{"index":"index","follow":"follow","max-snippet":"max-snippet:-1","max-image-preview":"max-image-preview:large","max-video-preview":"max-video-preview:-1"},"canonical":"https:\/\/seifen-oper.ch\/?product=seifenschokolade","og_locale":"de_DE","og_type":"article","og_title":"\"Seifen Schokolade\" - Seifen Oper GmbH","og_description":"Hand - und K\u00f6rperseife in Schokoladenform mit Schokoladenduft","og_url":"https:\/\/seifen-oper.ch\/?product=seifenschokolade","og_site_name":"Seifen Oper GmbH","article_publisher":"https:\/\/www.facebook.com\/SeifenOperGmbH","article_modified_time":"2024-10-28T19:10:56+00:00","og_image":[{"width":905,"height":1024,"url":"https:\/\/seifen-oper.ch\/wp-content\/uploads\/2020\/11\/seifenschoggi-905x1024.png","type":"image\/png"}],"twitter_card":"summary_large_image","twitter_misc":{"Gesch\u00e4tzte Lesezeit":"1 Minute"},"schema":{"@context":"https:\/\/schema.org","@graph":[{"@type":"WebPage","@id":"https:\/\/seifen-oper.ch\/?product=seifenschokolade","url":"https:\/\/seifen-oper.ch\/?product=seifenschokolade","name":"\"Seifen Schokolade\" - Seifen Oper GmbH","isPartOf":{"@id":"https:\/\/seifen-oper.ch\/#website"},"primaryImageOfPage":{"@id":"https:\/\/seifen-oper.ch\/?product=seifenschokolade#primaryimage"},"image":{"@id":"https:\/\/seifen-oper.ch\/?product=seifenschokolade#primaryimage"},"thumbnailUrl":"https:\/\/seifen-oper.ch\/wp-content\/uploads\/2020\/11\/seifenschoggi.png","datePublished":"2020-11-04T21:18:49+00:00","dateModified":"2024-10-28T19:10:56+00:00","breadcrumb":{"@id":"https:\/\/seifen-oper.ch\/?product=seifenschokolade#breadcrumb"},"inLanguage":"de-CH","potentialAction":[{"@type":"ReadAction","target":["https:\/\/seifen-oper.ch\/?product=seifenschokolade"]}]},{"@type":"ImageObject","inLanguage":"de-CH","@id":"https:\/\/seifen-oper.ch\/?product=seifenschokolade#primaryimage","url":"https:\/\/seifen-oper.ch\/wp-content\/uploads\/2020\/11\/seifenschoggi.png","contentUrl":"https:\/\/seifen-oper.ch\/wp-content\/uploads\/2020\/11\/seifenschoggi.png","width":2980,"height":3371},{"@type":"BreadcrumbList","@id":"https:\/\/seifen-oper.ch\/?product=seifenschokolade#breadcrumb","itemListElement":[{"@type":"ListItem","position":1,"name":"Home","item":"https:\/\/seifen-oper.ch\/"},{"@type":"ListItem","position":2,"name":"Shop","item":"https:\/\/seifen-oper.ch\/?page_id=12"},{"@type":"ListItem","position":3,"name":"&#171;Seifen Schokolade&#187;"}]},{"@type":"WebSite","@id":"https:\/\/seifen-oper.ch\/#website","url":"https:\/\/seifen-oper.ch\/","name":"Seifen Oper GmbH","description":"Kosmetik bester Qualit\u00e4t. Handgefertigt.","publisher":{"@id":"https:\/\/seifen-oper.ch\/#organization"},"potentialAction":[{"@type":"SearchAction","target":{"@type":"EntryPoint","urlTemplate":"https:\/\/seifen-oper.ch\/?s={search_term_string}"},"query-input":{"@type":"PropertyValueSpecification","valueRequired":true,"valueName":"search_term_string"}}],"inLanguage":"de-CH"},{"@type":"Organization","@id":"https:\/\/seifen-oper.ch\/#organization","name":"Seifen Oper GmbH","url":"https:\/\/seifen-oper.ch\/","logo":{"@type":"ImageObject","inLanguage":"de-CH","@id":"https:\/\/seifen-oper.ch\/#\/schema\/logo\/image\/","url":"https:\/\/seifen-oper.ch\/wp-content\/uploads\/2019\/06\/logo.seifen-oper450.txt.1.png","contentUrl":"https:\/\/seifen-oper.ch\/wp-content\/uploads\/2019\/06\/logo.seifen-oper450.txt.1.png","width":1835,"height":1635,"caption":"Seifen Oper GmbH"},"image":{"@id":"https:\/\/seifen-oper.ch\/#\/schema\/logo\/image\/"},"sameAs":["https:\/\/www.facebook.com\/SeifenOperGmbH","https:\/\/www.instagram.com\/explore\/locations\/1028758197\/seifen-oper\/"]}]}},"_links":{"self":[{"href":"https:\/\/seifen-oper.ch\/index.php?rest_route=\/wp\/v2\/product\/3207"}],"collection":[{"href":"https:\/\/seifen-oper.ch\/index.php?rest_route=\/wp\/v2\/product"}],"about":[{"href":"https:\/\/seifen-oper.ch\/index.php?rest_route=\/wp\/v2\/types\/product"}],"wp:featuredmedia":[{"embeddable":true,"href":"https:\/\/seifen-oper.ch\/index.php?rest_route=\/wp\/v2\/media\/3208"}],"wp:attachment":[{"href":"https:\/\/seifen-oper.ch\/index.php?rest_route=%2Fwp%2Fv2%2Fmedia&parent=3207"}],"wp:term":[{"taxonomy":"product_brand","embeddable":true,"href":"https:\/\/seifen-oper.ch\/index.php?rest_route=%2Fwp%2Fv2%2Fproduct_brand&post=3207"},{"taxonomy":"product_cat","embeddable":true,"href":"https:\/\/seifen-oper.ch\/index.php?rest_route=%2Fwp%2Fv2%2Fproduct_cat&post=3207"},{"taxonomy":"product_tag","embeddable":true,"href":"https:\/\/seifen-oper.ch\/index.php?rest_route=%2Fwp%2Fv2%2Fproduct_tag&post=3207"}],"curies":[{"name":"wp","href":"https:\/\/api.w.org\/{rel}","templated":true}]}}