{"id":3205,"date":"2020-11-04T21:53:48","date_gmt":"2020-11-04T20:53:48","guid":{"rendered":"https:\/\/seifen-oper.ch\/?post_type=product&#038;p=3205"},"modified":"2021-10-14T21:32:57","modified_gmt":"2021-10-14T19:32:57","slug":"lippenbalsam-bonbon","status":"publish","type":"product","link":"https:\/\/seifen-oper.ch\/?product=lippenbalsam-bonbon","title":{"rendered":"&#171;Lippenbalsam Bonbon&#187;"},"content":{"rendered":"<p style=\"text-align: center;\">In diesem h\u00fcbschen, kleinen, als Bonbon verpacktes Geschenk, befinden sich \u00a03 tolle, pflegende Lippenbalsam:<\/p>\n<p style=\"text-align: center;\"><span style=\"color: #ff99cc;\"><a style=\"color: #ff99cc;\" href=\"https:\/\/seifen-oper.ch\/?product=blaubeertraum\">-&#171;Blaubeertraum&#187;<\/a><\/span><\/p>\n<p style=\"text-align: center;\"><span style=\"color: #ff99cc;\"><a style=\"color: #ff99cc;\" href=\"https:\/\/seifen-oper.ch\/?product=praline-2\">-&#171;Praline&#187;<\/a><\/span><\/p>\n<p style=\"text-align: center;\"><span style=\"color: #ff99cc;\"><a style=\"color: #ff99cc;\" href=\"https:\/\/seifen-oper.ch\/?product=vanillezauber-lippenbalsam\">-&#171;Vanillezauber&#187;<\/a><\/span><\/p>\n<p style=\"text-align: center;\">Sch\u00f6ne Lippen will man k\u00fcssen, und sch\u00f6ne Lippen wollen gepflegt werden. Am besten mit diesen vorz\u00fcglichen, veganen Lippenbalsamen. Sie sind handgemacht und allesamt pflegen sie Ihre Lippen samtweich.<\/p>\n<p style=\"text-align: center;\">Lippenbalsam kann man immer gebrauchen. Besonders im Winter sind die Lippen oft trocken. Darum ist dieses Geschenk nicht nur besonders h\u00fcbsch anzusehen, sondern auch praktisch \ud83d\ude42<\/p>\n<p style=\"text-align: center;\">Sfr. 29.- \/ Stk.<\/p>\n","protected":false},"excerpt":{"rendered":"<p>3 Lippenbalsam (Schoko, Vanille &amp; Blaubeeraroma) zu einem h\u00fcbschen Bonbon verpackt<\/p>\n","protected":false},"featured_media":3206,"template":"","meta":[],"product_brand":[],"product_cat":[44],"product_tag":[189,72,141,192,148,191,190,153,149,121],"class_list":{"0":"post-3205","1":"product","2":"type-product","3":"status-publish","4":"has-post-thumbnail","6":"product_cat-winter","7":"product_tag-blaubeere","8":"product_tag-geschenk","9":"product_tag-lippenbalsam","10":"product_tag-lippenbalsam-bonbon","11":"product_tag-lippenpflege","12":"product_tag-praline","13":"product_tag-schoko","14":"product_tag-schokolade","15":"product_tag-vanille","16":"product_tag-weihnachten","18":"first","19":"instock","20":"shipping-taxable","21":"purchasable","22":"product-type-simple"},"yoast_head":"<!-- This site is optimized with the Yoast SEO plugin v25.6 - https:\/\/yoast.com\/wordpress\/plugins\/seo\/ -->\n<title>&quot;Lippenbalsam Bonbon&quot; - Seifen Oper GmbH<\/title>\n<meta name=\"robots\" content=\"index, follow, max-snippet:-1, max-image-preview:large, max-video-preview:-1\" \/>\n<link rel=\"canonical\" href=\"https:\/\/seifen-oper.ch\/?product=lippenbalsam-bonbon\" \/>\n<meta property=\"og:locale\" content=\"de_DE\" \/>\n<meta property=\"og:type\" content=\"article\" \/>\n<meta property=\"og:title\" content=\"&quot;Lippenbalsam Bonbon&quot; - Seifen Oper GmbH\" \/>\n<meta property=\"og:description\" content=\"3 Lippenbalsam (Schoko, Vanille &amp; Blaubeeraroma) zu einem h\u00fcbschen Bonbon verpackt\" \/>\n<meta property=\"og:url\" content=\"https:\/\/seifen-oper.ch\/?product=lippenbalsam-bonbon\" \/>\n<meta property=\"og:site_name\" content=\"Seifen Oper GmbH\" \/>\n<meta property=\"article:publisher\" content=\"https:\/\/www.facebook.com\/SeifenOperGmbH\" \/>\n<meta property=\"article:modified_time\" content=\"2021-10-14T19:32:57+00:00\" \/>\n<meta property=\"og:image\" content=\"https:\/\/seifen-oper.ch\/wp-content\/uploads\/2020\/11\/lippenblsambonbon-1024x726.png\" \/>\n\t<meta property=\"og:image:width\" content=\"1024\" \/>\n\t<meta property=\"og:image:height\" content=\"726\" \/>\n\t<meta property=\"og:image:type\" content=\"image\/png\" \/>\n<meta name=\"twitter:card\" content=\"summary_large_image\" \/>\n<script type=\"application\/ld+json\" class=\"yoast-schema-graph\">{\"@context\":\"https:\/\/schema.org\",\"@graph\":[{\"@type\":\"WebPage\",\"@id\":\"https:\/\/seifen-oper.ch\/?product=lippenbalsam-bonbon\",\"url\":\"https:\/\/seifen-oper.ch\/?product=lippenbalsam-bonbon\",\"name\":\"\\\"Lippenbalsam Bonbon\\\" - Seifen Oper GmbH\",\"isPartOf\":{\"@id\":\"https:\/\/seifen-oper.ch\/#website\"},\"primaryImageOfPage\":{\"@id\":\"https:\/\/seifen-oper.ch\/?product=lippenbalsam-bonbon#primaryimage\"},\"image\":{\"@id\":\"https:\/\/seifen-oper.ch\/?product=lippenbalsam-bonbon#primaryimage\"},\"thumbnailUrl\":\"https:\/\/seifen-oper.ch\/wp-content\/uploads\/2020\/11\/lippenblsambonbon.png\",\"datePublished\":\"2020-11-04T20:53:48+00:00\",\"dateModified\":\"2021-10-14T19:32:57+00:00\",\"breadcrumb\":{\"@id\":\"https:\/\/seifen-oper.ch\/?product=lippenbalsam-bonbon#breadcrumb\"},\"inLanguage\":\"de-CH\",\"potentialAction\":[{\"@type\":\"ReadAction\",\"target\":[\"https:\/\/seifen-oper.ch\/?product=lippenbalsam-bonbon\"]}]},{\"@type\":\"ImageObject\",\"inLanguage\":\"de-CH\",\"@id\":\"https:\/\/seifen-oper.ch\/?product=lippenbalsam-bonbon#primaryimage\",\"url\":\"https:\/\/seifen-oper.ch\/wp-content\/uploads\/2020\/11\/lippenblsambonbon.png\",\"contentUrl\":\"https:\/\/seifen-oper.ch\/wp-content\/uploads\/2020\/11\/lippenblsambonbon.png\",\"width\":3619,\"height\":2567},{\"@type\":\"BreadcrumbList\",\"@id\":\"https:\/\/seifen-oper.ch\/?product=lippenbalsam-bonbon#breadcrumb\",\"itemListElement\":[{\"@type\":\"ListItem\",\"position\":1,\"name\":\"Home\",\"item\":\"https:\/\/seifen-oper.ch\/\"},{\"@type\":\"ListItem\",\"position\":2,\"name\":\"Shop\",\"item\":\"https:\/\/seifen-oper.ch\/?page_id=12\"},{\"@type\":\"ListItem\",\"position\":3,\"name\":\"&#171;Lippenbalsam Bonbon&#187;\"}]},{\"@type\":\"WebSite\",\"@id\":\"https:\/\/seifen-oper.ch\/#website\",\"url\":\"https:\/\/seifen-oper.ch\/\",\"name\":\"Seifen Oper GmbH\",\"description\":\"Kosmetik bester Qualit\u00e4t. Handgefertigt.\",\"publisher\":{\"@id\":\"https:\/\/seifen-oper.ch\/#organization\"},\"potentialAction\":[{\"@type\":\"SearchAction\",\"target\":{\"@type\":\"EntryPoint\",\"urlTemplate\":\"https:\/\/seifen-oper.ch\/?s={search_term_string}\"},\"query-input\":{\"@type\":\"PropertyValueSpecification\",\"valueRequired\":true,\"valueName\":\"search_term_string\"}}],\"inLanguage\":\"de-CH\"},{\"@type\":\"Organization\",\"@id\":\"https:\/\/seifen-oper.ch\/#organization\",\"name\":\"Seifen Oper GmbH\",\"url\":\"https:\/\/seifen-oper.ch\/\",\"logo\":{\"@type\":\"ImageObject\",\"inLanguage\":\"de-CH\",\"@id\":\"https:\/\/seifen-oper.ch\/#\/schema\/logo\/image\/\",\"url\":\"https:\/\/seifen-oper.ch\/wp-content\/uploads\/2019\/06\/logo.seifen-oper450.txt.1.png\",\"contentUrl\":\"https:\/\/seifen-oper.ch\/wp-content\/uploads\/2019\/06\/logo.seifen-oper450.txt.1.png\",\"width\":1835,\"height\":1635,\"caption\":\"Seifen Oper GmbH\"},\"image\":{\"@id\":\"https:\/\/seifen-oper.ch\/#\/schema\/logo\/image\/\"},\"sameAs\":[\"https:\/\/www.facebook.com\/SeifenOperGmbH\",\"https:\/\/www.instagram.com\/explore\/locations\/1028758197\/seifen-oper\/\"]}]}<\/script>\n<!-- \/ Yoast SEO plugin. -->","yoast_head_json":{"title":"\"Lippenbalsam Bonbon\" - Seifen Oper GmbH","robots":{"index":"index","follow":"follow","max-snippet":"max-snippet:-1","max-image-preview":"max-image-preview:large","max-video-preview":"max-video-preview:-1"},"canonical":"https:\/\/seifen-oper.ch\/?product=lippenbalsam-bonbon","og_locale":"de_DE","og_type":"article","og_title":"\"Lippenbalsam Bonbon\" - Seifen Oper GmbH","og_description":"3 Lippenbalsam (Schoko, Vanille &amp; Blaubeeraroma) zu einem h\u00fcbschen Bonbon verpackt","og_url":"https:\/\/seifen-oper.ch\/?product=lippenbalsam-bonbon","og_site_name":"Seifen Oper GmbH","article_publisher":"https:\/\/www.facebook.com\/SeifenOperGmbH","article_modified_time":"2021-10-14T19:32:57+00:00","og_image":[{"width":1024,"height":726,"url":"https:\/\/seifen-oper.ch\/wp-content\/uploads\/2020\/11\/lippenblsambonbon-1024x726.png","type":"image\/png"}],"twitter_card":"summary_large_image","schema":{"@context":"https:\/\/schema.org","@graph":[{"@type":"WebPage","@id":"https:\/\/seifen-oper.ch\/?product=lippenbalsam-bonbon","url":"https:\/\/seifen-oper.ch\/?product=lippenbalsam-bonbon","name":"\"Lippenbalsam Bonbon\" - Seifen Oper GmbH","isPartOf":{"@id":"https:\/\/seifen-oper.ch\/#website"},"primaryImageOfPage":{"@id":"https:\/\/seifen-oper.ch\/?product=lippenbalsam-bonbon#primaryimage"},"image":{"@id":"https:\/\/seifen-oper.ch\/?product=lippenbalsam-bonbon#primaryimage"},"thumbnailUrl":"https:\/\/seifen-oper.ch\/wp-content\/uploads\/2020\/11\/lippenblsambonbon.png","datePublished":"2020-11-04T20:53:48+00:00","dateModified":"2021-10-14T19:32:57+00:00","breadcrumb":{"@id":"https:\/\/seifen-oper.ch\/?product=lippenbalsam-bonbon#breadcrumb"},"inLanguage":"de-CH","potentialAction":[{"@type":"ReadAction","target":["https:\/\/seifen-oper.ch\/?product=lippenbalsam-bonbon"]}]},{"@type":"ImageObject","inLanguage":"de-CH","@id":"https:\/\/seifen-oper.ch\/?product=lippenbalsam-bonbon#primaryimage","url":"https:\/\/seifen-oper.ch\/wp-content\/uploads\/2020\/11\/lippenblsambonbon.png","contentUrl":"https:\/\/seifen-oper.ch\/wp-content\/uploads\/2020\/11\/lippenblsambonbon.png","width":3619,"height":2567},{"@type":"BreadcrumbList","@id":"https:\/\/seifen-oper.ch\/?product=lippenbalsam-bonbon#breadcrumb","itemListElement":[{"@type":"ListItem","position":1,"name":"Home","item":"https:\/\/seifen-oper.ch\/"},{"@type":"ListItem","position":2,"name":"Shop","item":"https:\/\/seifen-oper.ch\/?page_id=12"},{"@type":"ListItem","position":3,"name":"&#171;Lippenbalsam Bonbon&#187;"}]},{"@type":"WebSite","@id":"https:\/\/seifen-oper.ch\/#website","url":"https:\/\/seifen-oper.ch\/","name":"Seifen Oper GmbH","description":"Kosmetik bester Qualit\u00e4t. Handgefertigt.","publisher":{"@id":"https:\/\/seifen-oper.ch\/#organization"},"potentialAction":[{"@type":"SearchAction","target":{"@type":"EntryPoint","urlTemplate":"https:\/\/seifen-oper.ch\/?s={search_term_string}"},"query-input":{"@type":"PropertyValueSpecification","valueRequired":true,"valueName":"search_term_string"}}],"inLanguage":"de-CH"},{"@type":"Organization","@id":"https:\/\/seifen-oper.ch\/#organization","name":"Seifen Oper GmbH","url":"https:\/\/seifen-oper.ch\/","logo":{"@type":"ImageObject","inLanguage":"de-CH","@id":"https:\/\/seifen-oper.ch\/#\/schema\/logo\/image\/","url":"https:\/\/seifen-oper.ch\/wp-content\/uploads\/2019\/06\/logo.seifen-oper450.txt.1.png","contentUrl":"https:\/\/seifen-oper.ch\/wp-content\/uploads\/2019\/06\/logo.seifen-oper450.txt.1.png","width":1835,"height":1635,"caption":"Seifen Oper GmbH"},"image":{"@id":"https:\/\/seifen-oper.ch\/#\/schema\/logo\/image\/"},"sameAs":["https:\/\/www.facebook.com\/SeifenOperGmbH","https:\/\/www.instagram.com\/explore\/locations\/1028758197\/seifen-oper\/"]}]}},"_links":{"self":[{"href":"https:\/\/seifen-oper.ch\/index.php?rest_route=\/wp\/v2\/product\/3205"}],"collection":[{"href":"https:\/\/seifen-oper.ch\/index.php?rest_route=\/wp\/v2\/product"}],"about":[{"href":"https:\/\/seifen-oper.ch\/index.php?rest_route=\/wp\/v2\/types\/product"}],"wp:featuredmedia":[{"embeddable":true,"href":"https:\/\/seifen-oper.ch\/index.php?rest_route=\/wp\/v2\/media\/3206"}],"wp:attachment":[{"href":"https:\/\/seifen-oper.ch\/index.php?rest_route=%2Fwp%2Fv2%2Fmedia&parent=3205"}],"wp:term":[{"taxonomy":"product_brand","embeddable":true,"href":"https:\/\/seifen-oper.ch\/index.php?rest_route=%2Fwp%2Fv2%2Fproduct_brand&post=3205"},{"taxonomy":"product_cat","embeddable":true,"href":"https:\/\/seifen-oper.ch\/index.php?rest_route=%2Fwp%2Fv2%2Fproduct_cat&post=3205"},{"taxonomy":"product_tag","embeddable":true,"href":"https:\/\/seifen-oper.ch\/index.php?rest_route=%2Fwp%2Fv2%2Fproduct_tag&post=3205"}],"curies":[{"name":"wp","href":"https:\/\/api.w.org\/{rel}","templated":true}]}}