{"id":3202,"date":"2020-11-04T16:22:07","date_gmt":"2020-11-04T15:22:07","guid":{"rendered":"https:\/\/seifen-oper.ch\/?post_type=product&#038;p=3202"},"modified":"2024-10-24T23:08:03","modified_gmt":"2024-10-24T21:08:03","slug":"rosie-rosengeschenk","status":"publish","type":"product","link":"https:\/\/seifen-oper.ch\/?product=rosie-rosengeschenk","title":{"rendered":"&#171;Rosie&#187;-Rosengeschenk"},"content":{"rendered":"<p style=\"text-align: center;\">\u00a0&#171;Rosie&#187; ist ein luxuri\u00f6ses Verw\u00f6hnpaket bef\u00fcllt mit erlesenen Rosenprodukten. Die Rose ist die K\u00f6nigin der Blumen mit klassisch, elegantem Duft.<\/p>\n<p style=\"text-align: center;\">\u00a0Es enth\u00e4lt:<\/p>\n<p style=\"text-align: center;\">-1<a href=\"https:\/\/seifen-oper.ch\/?product=rosen-brause-sause\"><strong> Rosenbadekugel<\/strong><\/a>\u00a0 \u00a0(ca. 90g) mit echten, getrockneten Rosenbl\u00e4ttern aus dem Garten.<\/p>\n<p style=\"text-align: center;\">-1 St\u00fcck (mind. 100g) handgefertigte <a href=\"https:\/\/seifen-oper.ch\/?product=roselina\"><strong>Rosenseife\u00a0<\/strong><\/a><\/p>\n<p style=\"text-align: center;\">-1<a href=\"https:\/\/seifen-oper.ch\/?product=rosenblutenol-klein\"><strong> Rosenbl\u00fctenk\u00f6rper\u00f6l<\/strong><\/a> (100ml)<\/p>\n<p style=\"text-align: center;\">-1<a href=\"https:\/\/seifen-oper.ch\/?product=rosen-vanille-handcreme\"> <strong>Rosen-Vanille Handcreme<\/strong><\/a> (50ml)<\/p>\n<p style=\"text-align: center;\">&#171;Rosie&#187; ist verpackt in einer h\u00fcbschen, roten Box mit weisser Schleife.<\/p>\n<p style=\"text-align: center;\">CHF 45.-<span class=\"Apple-converted-space\">\u00a0 \u00a0 \u00a0 \u00a0 \u00a0\u00a0<\/span><\/p>\n","protected":false},"excerpt":{"rendered":"<p>luxuri\u00f6ses Rosengeschenk mit handgefertigten Rosenprodukten<\/p>\n","protected":false},"featured_media":4139,"template":"","meta":[],"product_brand":[],"product_cat":[44],"product_tag":[72,506,426,185,109,186,108,505,188,184],"class_list":{"0":"post-3202","1":"product","2":"type-product","3":"status-publish","4":"has-post-thumbnail","6":"product_cat-winter","7":"product_tag-geschenk","8":"product_tag-handcreme","9":"product_tag-klassiker","10":"product_tag-rosen","11":"product_tag-rosenbadekugel","12":"product_tag-rosenbluten","13":"product_tag-rosenduft","14":"product_tag-rosenoel","15":"product_tag-rosenseife","16":"product_tag-rosie","18":"first","19":"instock","20":"shipping-taxable","21":"purchasable","22":"product-type-simple"},"yoast_head":"<!-- This site is optimized with the Yoast SEO plugin v25.6 - https:\/\/yoast.com\/wordpress\/plugins\/seo\/ -->\n<title>&quot;Rosie&quot;-Rosengeschenk - Seifen Oper GmbH<\/title>\n<meta name=\"robots\" content=\"index, follow, max-snippet:-1, max-image-preview:large, max-video-preview:-1\" \/>\n<link rel=\"canonical\" href=\"https:\/\/seifen-oper.ch\/?product=rosie-rosengeschenk\" \/>\n<meta property=\"og:locale\" content=\"de_DE\" \/>\n<meta property=\"og:type\" content=\"article\" \/>\n<meta property=\"og:title\" content=\"&quot;Rosie&quot;-Rosengeschenk - Seifen Oper GmbH\" \/>\n<meta property=\"og:description\" content=\"luxuri\u00f6ses Rosengeschenk mit handgefertigten Rosenprodukten\" \/>\n<meta property=\"og:url\" content=\"https:\/\/seifen-oper.ch\/?product=rosie-rosengeschenk\" \/>\n<meta property=\"og:site_name\" content=\"Seifen Oper GmbH\" \/>\n<meta property=\"article:publisher\" content=\"https:\/\/www.facebook.com\/SeifenOperGmbH\" \/>\n<meta property=\"article:modified_time\" content=\"2024-10-24T21:08:03+00:00\" \/>\n<meta property=\"og:image\" content=\"https:\/\/seifen-oper.ch\/wp-content\/uploads\/2020\/11\/rosie.png\" \/>\n\t<meta property=\"og:image:width\" content=\"709\" \/>\n\t<meta property=\"og:image:height\" content=\"607\" \/>\n\t<meta property=\"og:image:type\" content=\"image\/png\" \/>\n<meta name=\"twitter:card\" content=\"summary_large_image\" \/>\n<meta name=\"twitter:label1\" content=\"Gesch\u00e4tzte Lesezeit\" \/>\n\t<meta name=\"twitter:data1\" content=\"1 Minute\" \/>\n<script type=\"application\/ld+json\" class=\"yoast-schema-graph\">{\"@context\":\"https:\/\/schema.org\",\"@graph\":[{\"@type\":\"WebPage\",\"@id\":\"https:\/\/seifen-oper.ch\/?product=rosie-rosengeschenk\",\"url\":\"https:\/\/seifen-oper.ch\/?product=rosie-rosengeschenk\",\"name\":\"\\\"Rosie\\\"-Rosengeschenk - Seifen Oper GmbH\",\"isPartOf\":{\"@id\":\"https:\/\/seifen-oper.ch\/#website\"},\"primaryImageOfPage\":{\"@id\":\"https:\/\/seifen-oper.ch\/?product=rosie-rosengeschenk#primaryimage\"},\"image\":{\"@id\":\"https:\/\/seifen-oper.ch\/?product=rosie-rosengeschenk#primaryimage\"},\"thumbnailUrl\":\"https:\/\/seifen-oper.ch\/wp-content\/uploads\/2020\/11\/rosie.png\",\"datePublished\":\"2020-11-04T15:22:07+00:00\",\"dateModified\":\"2024-10-24T21:08:03+00:00\",\"breadcrumb\":{\"@id\":\"https:\/\/seifen-oper.ch\/?product=rosie-rosengeschenk#breadcrumb\"},\"inLanguage\":\"de-CH\",\"potentialAction\":[{\"@type\":\"ReadAction\",\"target\":[\"https:\/\/seifen-oper.ch\/?product=rosie-rosengeschenk\"]}]},{\"@type\":\"ImageObject\",\"inLanguage\":\"de-CH\",\"@id\":\"https:\/\/seifen-oper.ch\/?product=rosie-rosengeschenk#primaryimage\",\"url\":\"https:\/\/seifen-oper.ch\/wp-content\/uploads\/2020\/11\/rosie.png\",\"contentUrl\":\"https:\/\/seifen-oper.ch\/wp-content\/uploads\/2020\/11\/rosie.png\",\"width\":709,\"height\":607},{\"@type\":\"BreadcrumbList\",\"@id\":\"https:\/\/seifen-oper.ch\/?product=rosie-rosengeschenk#breadcrumb\",\"itemListElement\":[{\"@type\":\"ListItem\",\"position\":1,\"name\":\"Home\",\"item\":\"https:\/\/seifen-oper.ch\/\"},{\"@type\":\"ListItem\",\"position\":2,\"name\":\"Shop\",\"item\":\"https:\/\/seifen-oper.ch\/?page_id=12\"},{\"@type\":\"ListItem\",\"position\":3,\"name\":\"&#171;Rosie&#187;-Rosengeschenk\"}]},{\"@type\":\"WebSite\",\"@id\":\"https:\/\/seifen-oper.ch\/#website\",\"url\":\"https:\/\/seifen-oper.ch\/\",\"name\":\"Seifen Oper GmbH\",\"description\":\"Kosmetik bester Qualit\u00e4t. Handgefertigt.\",\"publisher\":{\"@id\":\"https:\/\/seifen-oper.ch\/#organization\"},\"potentialAction\":[{\"@type\":\"SearchAction\",\"target\":{\"@type\":\"EntryPoint\",\"urlTemplate\":\"https:\/\/seifen-oper.ch\/?s={search_term_string}\"},\"query-input\":{\"@type\":\"PropertyValueSpecification\",\"valueRequired\":true,\"valueName\":\"search_term_string\"}}],\"inLanguage\":\"de-CH\"},{\"@type\":\"Organization\",\"@id\":\"https:\/\/seifen-oper.ch\/#organization\",\"name\":\"Seifen Oper GmbH\",\"url\":\"https:\/\/seifen-oper.ch\/\",\"logo\":{\"@type\":\"ImageObject\",\"inLanguage\":\"de-CH\",\"@id\":\"https:\/\/seifen-oper.ch\/#\/schema\/logo\/image\/\",\"url\":\"https:\/\/seifen-oper.ch\/wp-content\/uploads\/2019\/06\/logo.seifen-oper450.txt.1.png\",\"contentUrl\":\"https:\/\/seifen-oper.ch\/wp-content\/uploads\/2019\/06\/logo.seifen-oper450.txt.1.png\",\"width\":1835,\"height\":1635,\"caption\":\"Seifen Oper GmbH\"},\"image\":{\"@id\":\"https:\/\/seifen-oper.ch\/#\/schema\/logo\/image\/\"},\"sameAs\":[\"https:\/\/www.facebook.com\/SeifenOperGmbH\",\"https:\/\/www.instagram.com\/explore\/locations\/1028758197\/seifen-oper\/\"]}]}<\/script>\n<!-- \/ Yoast SEO plugin. -->","yoast_head_json":{"title":"\"Rosie\"-Rosengeschenk - Seifen Oper GmbH","robots":{"index":"index","follow":"follow","max-snippet":"max-snippet:-1","max-image-preview":"max-image-preview:large","max-video-preview":"max-video-preview:-1"},"canonical":"https:\/\/seifen-oper.ch\/?product=rosie-rosengeschenk","og_locale":"de_DE","og_type":"article","og_title":"\"Rosie\"-Rosengeschenk - Seifen Oper GmbH","og_description":"luxuri\u00f6ses Rosengeschenk mit handgefertigten Rosenprodukten","og_url":"https:\/\/seifen-oper.ch\/?product=rosie-rosengeschenk","og_site_name":"Seifen Oper GmbH","article_publisher":"https:\/\/www.facebook.com\/SeifenOperGmbH","article_modified_time":"2024-10-24T21:08:03+00:00","og_image":[{"width":709,"height":607,"url":"https:\/\/seifen-oper.ch\/wp-content\/uploads\/2020\/11\/rosie.png","type":"image\/png"}],"twitter_card":"summary_large_image","twitter_misc":{"Gesch\u00e4tzte Lesezeit":"1 Minute"},"schema":{"@context":"https:\/\/schema.org","@graph":[{"@type":"WebPage","@id":"https:\/\/seifen-oper.ch\/?product=rosie-rosengeschenk","url":"https:\/\/seifen-oper.ch\/?product=rosie-rosengeschenk","name":"\"Rosie\"-Rosengeschenk - Seifen Oper GmbH","isPartOf":{"@id":"https:\/\/seifen-oper.ch\/#website"},"primaryImageOfPage":{"@id":"https:\/\/seifen-oper.ch\/?product=rosie-rosengeschenk#primaryimage"},"image":{"@id":"https:\/\/seifen-oper.ch\/?product=rosie-rosengeschenk#primaryimage"},"thumbnailUrl":"https:\/\/seifen-oper.ch\/wp-content\/uploads\/2020\/11\/rosie.png","datePublished":"2020-11-04T15:22:07+00:00","dateModified":"2024-10-24T21:08:03+00:00","breadcrumb":{"@id":"https:\/\/seifen-oper.ch\/?product=rosie-rosengeschenk#breadcrumb"},"inLanguage":"de-CH","potentialAction":[{"@type":"ReadAction","target":["https:\/\/seifen-oper.ch\/?product=rosie-rosengeschenk"]}]},{"@type":"ImageObject","inLanguage":"de-CH","@id":"https:\/\/seifen-oper.ch\/?product=rosie-rosengeschenk#primaryimage","url":"https:\/\/seifen-oper.ch\/wp-content\/uploads\/2020\/11\/rosie.png","contentUrl":"https:\/\/seifen-oper.ch\/wp-content\/uploads\/2020\/11\/rosie.png","width":709,"height":607},{"@type":"BreadcrumbList","@id":"https:\/\/seifen-oper.ch\/?product=rosie-rosengeschenk#breadcrumb","itemListElement":[{"@type":"ListItem","position":1,"name":"Home","item":"https:\/\/seifen-oper.ch\/"},{"@type":"ListItem","position":2,"name":"Shop","item":"https:\/\/seifen-oper.ch\/?page_id=12"},{"@type":"ListItem","position":3,"name":"&#171;Rosie&#187;-Rosengeschenk"}]},{"@type":"WebSite","@id":"https:\/\/seifen-oper.ch\/#website","url":"https:\/\/seifen-oper.ch\/","name":"Seifen Oper GmbH","description":"Kosmetik bester Qualit\u00e4t. Handgefertigt.","publisher":{"@id":"https:\/\/seifen-oper.ch\/#organization"},"potentialAction":[{"@type":"SearchAction","target":{"@type":"EntryPoint","urlTemplate":"https:\/\/seifen-oper.ch\/?s={search_term_string}"},"query-input":{"@type":"PropertyValueSpecification","valueRequired":true,"valueName":"search_term_string"}}],"inLanguage":"de-CH"},{"@type":"Organization","@id":"https:\/\/seifen-oper.ch\/#organization","name":"Seifen Oper GmbH","url":"https:\/\/seifen-oper.ch\/","logo":{"@type":"ImageObject","inLanguage":"de-CH","@id":"https:\/\/seifen-oper.ch\/#\/schema\/logo\/image\/","url":"https:\/\/seifen-oper.ch\/wp-content\/uploads\/2019\/06\/logo.seifen-oper450.txt.1.png","contentUrl":"https:\/\/seifen-oper.ch\/wp-content\/uploads\/2019\/06\/logo.seifen-oper450.txt.1.png","width":1835,"height":1635,"caption":"Seifen Oper GmbH"},"image":{"@id":"https:\/\/seifen-oper.ch\/#\/schema\/logo\/image\/"},"sameAs":["https:\/\/www.facebook.com\/SeifenOperGmbH","https:\/\/www.instagram.com\/explore\/locations\/1028758197\/seifen-oper\/"]}]}},"_links":{"self":[{"href":"https:\/\/seifen-oper.ch\/index.php?rest_route=\/wp\/v2\/product\/3202"}],"collection":[{"href":"https:\/\/seifen-oper.ch\/index.php?rest_route=\/wp\/v2\/product"}],"about":[{"href":"https:\/\/seifen-oper.ch\/index.php?rest_route=\/wp\/v2\/types\/product"}],"wp:featuredmedia":[{"embeddable":true,"href":"https:\/\/seifen-oper.ch\/index.php?rest_route=\/wp\/v2\/media\/4139"}],"wp:attachment":[{"href":"https:\/\/seifen-oper.ch\/index.php?rest_route=%2Fwp%2Fv2%2Fmedia&parent=3202"}],"wp:term":[{"taxonomy":"product_brand","embeddable":true,"href":"https:\/\/seifen-oper.ch\/index.php?rest_route=%2Fwp%2Fv2%2Fproduct_brand&post=3202"},{"taxonomy":"product_cat","embeddable":true,"href":"https:\/\/seifen-oper.ch\/index.php?rest_route=%2Fwp%2Fv2%2Fproduct_cat&post=3202"},{"taxonomy":"product_tag","embeddable":true,"href":"https:\/\/seifen-oper.ch\/index.php?rest_route=%2Fwp%2Fv2%2Fproduct_tag&post=3202"}],"curies":[{"name":"wp","href":"https:\/\/api.w.org\/{rel}","templated":true}]}}