{"id":3171,"date":"2020-10-26T16:57:40","date_gmt":"2020-10-26T15:57:40","guid":{"rendered":"https:\/\/seifen-oper.ch\/?post_type=product&#038;p=3171"},"modified":"2022-01-02T20:40:27","modified_gmt":"2022-01-02T19:40:27","slug":"candy-cane","status":"publish","type":"product","link":"https:\/\/seifen-oper.ch\/?product=candy-cane","title":{"rendered":"&#171;Candy Cane&#187; &#8211; Erdbeer-Minzseife"},"content":{"rendered":"<div class=\"\" style=\"text-align: center;\">Ein Candy Cane ist in den USA das klassische Weihnachtssymbol. Es ist eine rot-weiss gestreifte Zuckerstange welche nach Erdbeeren und Minze duftet. Das hat uns zu dieser Seife inspiriert. Auch weil wir die Duftmischung k\u00fchn &amp; toll finden. Die Seife selber ist rein pflanzlich, auf der Basis von Koksbutter und Oliven\u00f6l. Wunderbar r\u00fcckfettend pflegt Sie Ihre Haut und reinigt gr\u00fcndlich. Die fruchtig, frische Duftmischung aus Minze und Erdbeeren finden wir wahnsinnig toll: erfrischend, belebend und irgendwie noch ein bisschen an den Sommer erinnernd. Es muss ja nicht immer nur Zimt und Orange sein, in dieser Jahreszeit \ud83d\ude42<\/div>\n<div class=\"\" style=\"text-align: center;\">Die h\u00fcbsche rot-weiss gestreifte Optik ist ein Hingucker in jedem Bad und macht \u201eCandy Cane\u201c auch zu einem perfekten kleinen Geschenk f\u00fcr einen lieben Menschen.<\/div>\n<div class=\"\" style=\"text-align: center;\"><\/div>\n<div class=\"\" style=\"text-align: center;\">100g \/ Sfr. 14.-<\/div>\n<div><\/div>\n<div class=\"\" style=\"text-align: center;\">Inhaltsstoffe:\u00a0INCI: Wasser (Aqua),\u00a0, Kokos\u00f6l (Cocos nucifera),\u00a0Soja\u00f6l (Glycine soja),\u00a0Raps\u00f6l (Brassica campestris seed oil),\u00a0Oliven\u00f6l (Olea Europaea), NaOH\u00a0(Sodium Hydroxide), \u00e4th. Minz\u00f6l, CI51319 (Farbe),Parf\u00fcm<\/div>\n","protected":false},"excerpt":{"rendered":"<p>Erdbeer-Minze Hand- und K\u00f6rperseife. Xmas Special<\/p>\n","protected":false},"featured_media":3172,"template":"","meta":[],"product_brand":[],"product_cat":[17,44],"product_tag":[164,168,167,55,169,130,166],"class_list":{"0":"post-3171","1":"product","2":"type-product","3":"status-publish","4":"has-post-thumbnail","6":"product_cat-seifen","7":"product_cat-winter","8":"product_tag-candy-cane-seife","9":"product_tag-erdbeer","10":"product_tag-erdbeer-minze-duft","11":"product_tag-kokosbutter","12":"product_tag-minze","13":"product_tag-olivenoel","14":"product_tag-winterseife","16":"first","17":"instock","18":"shipping-taxable","19":"purchasable","20":"product-type-simple"},"yoast_head":"<!-- This site is optimized with the Yoast SEO plugin v25.6 - https:\/\/yoast.com\/wordpress\/plugins\/seo\/ -->\n<title>&quot;Candy Cane&quot; - Erdbeer-Minzseife - Seifen Oper GmbH<\/title>\n<meta name=\"robots\" content=\"index, follow, max-snippet:-1, max-image-preview:large, max-video-preview:-1\" \/>\n<link rel=\"canonical\" href=\"https:\/\/seifen-oper.ch\/?product=candy-cane\" \/>\n<meta property=\"og:locale\" content=\"de_DE\" \/>\n<meta property=\"og:type\" content=\"article\" \/>\n<meta property=\"og:title\" content=\"&quot;Candy Cane&quot; - Erdbeer-Minzseife - Seifen Oper GmbH\" \/>\n<meta property=\"og:description\" content=\"Erdbeer-Minze Hand- und K\u00f6rperseife. Xmas Special\" \/>\n<meta property=\"og:url\" content=\"https:\/\/seifen-oper.ch\/?product=candy-cane\" \/>\n<meta property=\"og:site_name\" content=\"Seifen Oper GmbH\" \/>\n<meta property=\"article:publisher\" content=\"https:\/\/www.facebook.com\/SeifenOperGmbH\" \/>\n<meta property=\"article:modified_time\" content=\"2022-01-02T19:40:27+00:00\" \/>\n<meta property=\"og:image\" content=\"https:\/\/seifen-oper.ch\/wp-content\/uploads\/2020\/10\/candycane-gr-898x1024.png\" \/>\n\t<meta property=\"og:image:width\" content=\"898\" \/>\n\t<meta property=\"og:image:height\" content=\"1024\" \/>\n\t<meta property=\"og:image:type\" content=\"image\/png\" \/>\n<meta name=\"twitter:card\" content=\"summary_large_image\" \/>\n<meta name=\"twitter:label1\" content=\"Gesch\u00e4tzte Lesezeit\" \/>\n\t<meta name=\"twitter:data1\" content=\"1 Minute\" \/>\n<script type=\"application\/ld+json\" class=\"yoast-schema-graph\">{\"@context\":\"https:\/\/schema.org\",\"@graph\":[{\"@type\":\"WebPage\",\"@id\":\"https:\/\/seifen-oper.ch\/?product=candy-cane\",\"url\":\"https:\/\/seifen-oper.ch\/?product=candy-cane\",\"name\":\"\\\"Candy Cane\\\" - Erdbeer-Minzseife - Seifen Oper GmbH\",\"isPartOf\":{\"@id\":\"https:\/\/seifen-oper.ch\/#website\"},\"primaryImageOfPage\":{\"@id\":\"https:\/\/seifen-oper.ch\/?product=candy-cane#primaryimage\"},\"image\":{\"@id\":\"https:\/\/seifen-oper.ch\/?product=candy-cane#primaryimage\"},\"thumbnailUrl\":\"https:\/\/seifen-oper.ch\/wp-content\/uploads\/2020\/10\/candycane-gr.png\",\"datePublished\":\"2020-10-26T15:57:40+00:00\",\"dateModified\":\"2022-01-02T19:40:27+00:00\",\"breadcrumb\":{\"@id\":\"https:\/\/seifen-oper.ch\/?product=candy-cane#breadcrumb\"},\"inLanguage\":\"de-CH\",\"potentialAction\":[{\"@type\":\"ReadAction\",\"target\":[\"https:\/\/seifen-oper.ch\/?product=candy-cane\"]}]},{\"@type\":\"ImageObject\",\"inLanguage\":\"de-CH\",\"@id\":\"https:\/\/seifen-oper.ch\/?product=candy-cane#primaryimage\",\"url\":\"https:\/\/seifen-oper.ch\/wp-content\/uploads\/2020\/10\/candycane-gr.png\",\"contentUrl\":\"https:\/\/seifen-oper.ch\/wp-content\/uploads\/2020\/10\/candycane-gr.png\",\"width\":2815,\"height\":3210},{\"@type\":\"BreadcrumbList\",\"@id\":\"https:\/\/seifen-oper.ch\/?product=candy-cane#breadcrumb\",\"itemListElement\":[{\"@type\":\"ListItem\",\"position\":1,\"name\":\"Home\",\"item\":\"https:\/\/seifen-oper.ch\/\"},{\"@type\":\"ListItem\",\"position\":2,\"name\":\"Shop\",\"item\":\"https:\/\/seifen-oper.ch\/?page_id=12\"},{\"@type\":\"ListItem\",\"position\":3,\"name\":\"&#171;Candy Cane&#187; &#8211; Erdbeer-Minzseife\"}]},{\"@type\":\"WebSite\",\"@id\":\"https:\/\/seifen-oper.ch\/#website\",\"url\":\"https:\/\/seifen-oper.ch\/\",\"name\":\"Seifen Oper GmbH\",\"description\":\"Kosmetik bester Qualit\u00e4t. Handgefertigt.\",\"publisher\":{\"@id\":\"https:\/\/seifen-oper.ch\/#organization\"},\"potentialAction\":[{\"@type\":\"SearchAction\",\"target\":{\"@type\":\"EntryPoint\",\"urlTemplate\":\"https:\/\/seifen-oper.ch\/?s={search_term_string}\"},\"query-input\":{\"@type\":\"PropertyValueSpecification\",\"valueRequired\":true,\"valueName\":\"search_term_string\"}}],\"inLanguage\":\"de-CH\"},{\"@type\":\"Organization\",\"@id\":\"https:\/\/seifen-oper.ch\/#organization\",\"name\":\"Seifen Oper GmbH\",\"url\":\"https:\/\/seifen-oper.ch\/\",\"logo\":{\"@type\":\"ImageObject\",\"inLanguage\":\"de-CH\",\"@id\":\"https:\/\/seifen-oper.ch\/#\/schema\/logo\/image\/\",\"url\":\"https:\/\/seifen-oper.ch\/wp-content\/uploads\/2019\/06\/logo.seifen-oper450.txt.1.png\",\"contentUrl\":\"https:\/\/seifen-oper.ch\/wp-content\/uploads\/2019\/06\/logo.seifen-oper450.txt.1.png\",\"width\":1835,\"height\":1635,\"caption\":\"Seifen Oper GmbH\"},\"image\":{\"@id\":\"https:\/\/seifen-oper.ch\/#\/schema\/logo\/image\/\"},\"sameAs\":[\"https:\/\/www.facebook.com\/SeifenOperGmbH\",\"https:\/\/www.instagram.com\/explore\/locations\/1028758197\/seifen-oper\/\"]}]}<\/script>\n<!-- \/ Yoast SEO plugin. -->","yoast_head_json":{"title":"\"Candy Cane\" - Erdbeer-Minzseife - Seifen Oper GmbH","robots":{"index":"index","follow":"follow","max-snippet":"max-snippet:-1","max-image-preview":"max-image-preview:large","max-video-preview":"max-video-preview:-1"},"canonical":"https:\/\/seifen-oper.ch\/?product=candy-cane","og_locale":"de_DE","og_type":"article","og_title":"\"Candy Cane\" - Erdbeer-Minzseife - Seifen Oper GmbH","og_description":"Erdbeer-Minze Hand- und K\u00f6rperseife. Xmas Special","og_url":"https:\/\/seifen-oper.ch\/?product=candy-cane","og_site_name":"Seifen Oper GmbH","article_publisher":"https:\/\/www.facebook.com\/SeifenOperGmbH","article_modified_time":"2022-01-02T19:40:27+00:00","og_image":[{"width":898,"height":1024,"url":"https:\/\/seifen-oper.ch\/wp-content\/uploads\/2020\/10\/candycane-gr-898x1024.png","type":"image\/png"}],"twitter_card":"summary_large_image","twitter_misc":{"Gesch\u00e4tzte Lesezeit":"1 Minute"},"schema":{"@context":"https:\/\/schema.org","@graph":[{"@type":"WebPage","@id":"https:\/\/seifen-oper.ch\/?product=candy-cane","url":"https:\/\/seifen-oper.ch\/?product=candy-cane","name":"\"Candy Cane\" - Erdbeer-Minzseife - Seifen Oper GmbH","isPartOf":{"@id":"https:\/\/seifen-oper.ch\/#website"},"primaryImageOfPage":{"@id":"https:\/\/seifen-oper.ch\/?product=candy-cane#primaryimage"},"image":{"@id":"https:\/\/seifen-oper.ch\/?product=candy-cane#primaryimage"},"thumbnailUrl":"https:\/\/seifen-oper.ch\/wp-content\/uploads\/2020\/10\/candycane-gr.png","datePublished":"2020-10-26T15:57:40+00:00","dateModified":"2022-01-02T19:40:27+00:00","breadcrumb":{"@id":"https:\/\/seifen-oper.ch\/?product=candy-cane#breadcrumb"},"inLanguage":"de-CH","potentialAction":[{"@type":"ReadAction","target":["https:\/\/seifen-oper.ch\/?product=candy-cane"]}]},{"@type":"ImageObject","inLanguage":"de-CH","@id":"https:\/\/seifen-oper.ch\/?product=candy-cane#primaryimage","url":"https:\/\/seifen-oper.ch\/wp-content\/uploads\/2020\/10\/candycane-gr.png","contentUrl":"https:\/\/seifen-oper.ch\/wp-content\/uploads\/2020\/10\/candycane-gr.png","width":2815,"height":3210},{"@type":"BreadcrumbList","@id":"https:\/\/seifen-oper.ch\/?product=candy-cane#breadcrumb","itemListElement":[{"@type":"ListItem","position":1,"name":"Home","item":"https:\/\/seifen-oper.ch\/"},{"@type":"ListItem","position":2,"name":"Shop","item":"https:\/\/seifen-oper.ch\/?page_id=12"},{"@type":"ListItem","position":3,"name":"&#171;Candy Cane&#187; &#8211; Erdbeer-Minzseife"}]},{"@type":"WebSite","@id":"https:\/\/seifen-oper.ch\/#website","url":"https:\/\/seifen-oper.ch\/","name":"Seifen Oper GmbH","description":"Kosmetik bester Qualit\u00e4t. Handgefertigt.","publisher":{"@id":"https:\/\/seifen-oper.ch\/#organization"},"potentialAction":[{"@type":"SearchAction","target":{"@type":"EntryPoint","urlTemplate":"https:\/\/seifen-oper.ch\/?s={search_term_string}"},"query-input":{"@type":"PropertyValueSpecification","valueRequired":true,"valueName":"search_term_string"}}],"inLanguage":"de-CH"},{"@type":"Organization","@id":"https:\/\/seifen-oper.ch\/#organization","name":"Seifen Oper GmbH","url":"https:\/\/seifen-oper.ch\/","logo":{"@type":"ImageObject","inLanguage":"de-CH","@id":"https:\/\/seifen-oper.ch\/#\/schema\/logo\/image\/","url":"https:\/\/seifen-oper.ch\/wp-content\/uploads\/2019\/06\/logo.seifen-oper450.txt.1.png","contentUrl":"https:\/\/seifen-oper.ch\/wp-content\/uploads\/2019\/06\/logo.seifen-oper450.txt.1.png","width":1835,"height":1635,"caption":"Seifen Oper GmbH"},"image":{"@id":"https:\/\/seifen-oper.ch\/#\/schema\/logo\/image\/"},"sameAs":["https:\/\/www.facebook.com\/SeifenOperGmbH","https:\/\/www.instagram.com\/explore\/locations\/1028758197\/seifen-oper\/"]}]}},"_links":{"self":[{"href":"https:\/\/seifen-oper.ch\/index.php?rest_route=\/wp\/v2\/product\/3171"}],"collection":[{"href":"https:\/\/seifen-oper.ch\/index.php?rest_route=\/wp\/v2\/product"}],"about":[{"href":"https:\/\/seifen-oper.ch\/index.php?rest_route=\/wp\/v2\/types\/product"}],"wp:featuredmedia":[{"embeddable":true,"href":"https:\/\/seifen-oper.ch\/index.php?rest_route=\/wp\/v2\/media\/3172"}],"wp:attachment":[{"href":"https:\/\/seifen-oper.ch\/index.php?rest_route=%2Fwp%2Fv2%2Fmedia&parent=3171"}],"wp:term":[{"taxonomy":"product_brand","embeddable":true,"href":"https:\/\/seifen-oper.ch\/index.php?rest_route=%2Fwp%2Fv2%2Fproduct_brand&post=3171"},{"taxonomy":"product_cat","embeddable":true,"href":"https:\/\/seifen-oper.ch\/index.php?rest_route=%2Fwp%2Fv2%2Fproduct_cat&post=3171"},{"taxonomy":"product_tag","embeddable":true,"href":"https:\/\/seifen-oper.ch\/index.php?rest_route=%2Fwp%2Fv2%2Fproduct_tag&post=3171"}],"curies":[{"name":"wp","href":"https:\/\/api.w.org\/{rel}","templated":true}]}}