{"id":3167,"date":"2020-10-25T18:14:50","date_gmt":"2020-10-25T17:14:50","guid":{"rendered":"https:\/\/seifen-oper.ch\/?post_type=product&#038;p=3167"},"modified":"2023-09-23T19:47:10","modified_gmt":"2023-09-23T17:47:10","slug":"orangenseife","status":"publish","type":"product","link":"https:\/\/seifen-oper.ch\/?product=orangenseife","title":{"rendered":"&#171;Orangenseife&#187;"},"content":{"rendered":"<div class=\"\" style=\"text-align: center;\">Diese handgefertigte\u00a0 Orangenseife ist ein wunderbarer Einstieg in einen gelungenen Tag. Denn das \u00e4therische \u00d6l der Orange wirkt auf die Haut erfrischend, stoffwechselanregend und hautpflegend. Die Basis dieser Seife ist Kokosbutter und ein Orangen-Oliven\u00f6l-Mazerat. Dieses exquisite \u00d6l, wirkt adstringierend, hautgl\u00e4ttend und erfrischend.<\/div>\n<div class=\"\" style=\"text-align: center;\">Mazerate sind \u00d6le, die durch Einlegen von Pflanzenteilen mit den entsprechenden fettl\u00f6slichen Wirkstoffen angereichert werden. Hier in diesem Falle, haben wir ein feines Oliven\u00f6l mit ungespritzten bio Orangenschalen angesetzt und einen Monat ziehen lassen. Dies ergibt ein wunderbares Mazerat, welches wir zur Seife verarbeiten. Diese komplett pflanzliche, hautfreundliche Seife reinigt die Haut gr\u00fcndlich, ohne sie auszutrocknen. Der frische, fruchtige Duft von reifen Orangen passt zur Jahreszeit,\u00a0 belebt und verbreitet einfach eine gute Stimmung. Sie k\u00f6nnen Sie selbstverst\u00e4ndlich nicht nur Morgens benutzen \ud83d\ude09<\/div>\n<div class=\"\" style=\"text-align: center;\"><\/div>\n<div class=\"\" style=\"text-align: center;\">\u00a0100g \/ Sfr. 14.-<\/div>\n<div class=\"\" style=\"text-align: center;\"><\/div>\n<div class=\"\" style=\"text-align: center;\">Inhaltsstoffe: INCI: Inhaltsstoffe: INCI:\u00a0Olea Europaea (Oliven\u00f6l),\u00a0Cocos nucifera (Kokos\u00f6l),\u00a0Glycine soja\u00a0(Soja\u00f6l),\u00a0Brassica campestris seed oil\u00a0(Raps\u00f6l), Aqua,\u00a0Sodium Hydroxide\u00a0(NaOH), Citrus Aurantium Dulcis Oil (Orangen\u00f6l), \u00a0Citrus Sinensis\u00a0(\u00e4th. Orangen\u00f6l),\u00e4th. Orangen\u00f6l<\/div>\n<div class=\"\"><\/div>\n","protected":false},"excerpt":{"rendered":"<p>Hand- und K\u00f6rperseife aus Oliven\u00f6l-Bio Orangen-Mazerat mit belebendem Orangenduft<\/p>\n","protected":false},"featured_media":3180,"template":"","meta":[],"product_brand":[],"product_cat":[17,44],"product_tag":[160,163,159,161,55,130,158,157,68,162],"class_list":{"0":"post-3167","1":"product","2":"type-product","3":"status-publish","4":"has-post-thumbnail","6":"product_cat-seifen","7":"product_cat-winter","8":"product_tag-aetherisches-orangenoel","9":"product_tag-belebend","10":"product_tag-bio-orangen-mazerat","11":"product_tag-hautglaettend","12":"product_tag-kokosbutter","13":"product_tag-olivenoel","14":"product_tag-orangen","15":"product_tag-orangenseife","16":"product_tag-pflegend","17":"product_tag-straffend","19":"first","20":"instock","21":"shipping-taxable","22":"purchasable","23":"product-type-simple"},"yoast_head":"<!-- This site is optimized with the Yoast SEO plugin v25.6 - https:\/\/yoast.com\/wordpress\/plugins\/seo\/ -->\n<title>&quot;Orangenseife&quot; - Seifen Oper GmbH<\/title>\n<meta name=\"robots\" content=\"index, follow, max-snippet:-1, max-image-preview:large, max-video-preview:-1\" \/>\n<link rel=\"canonical\" href=\"https:\/\/seifen-oper.ch\/?product=orangenseife\" \/>\n<meta property=\"og:locale\" content=\"de_DE\" \/>\n<meta property=\"og:type\" content=\"article\" \/>\n<meta property=\"og:title\" content=\"&quot;Orangenseife&quot; - Seifen Oper GmbH\" \/>\n<meta property=\"og:description\" content=\"Hand- und K\u00f6rperseife aus Oliven\u00f6l-Bio Orangen-Mazerat mit belebendem Orangenduft\" \/>\n<meta property=\"og:url\" content=\"https:\/\/seifen-oper.ch\/?product=orangenseife\" \/>\n<meta property=\"og:site_name\" content=\"Seifen Oper GmbH\" \/>\n<meta property=\"article:publisher\" content=\"https:\/\/www.facebook.com\/SeifenOperGmbH\" \/>\n<meta property=\"article:modified_time\" content=\"2023-09-23T17:47:10+00:00\" \/>\n<meta property=\"og:image\" content=\"https:\/\/seifen-oper.ch\/wp-content\/uploads\/2020\/10\/orangenseife-2-1024x1022.png\" \/>\n\t<meta property=\"og:image:width\" content=\"1024\" \/>\n\t<meta property=\"og:image:height\" content=\"1022\" \/>\n\t<meta property=\"og:image:type\" content=\"image\/png\" \/>\n<meta name=\"twitter:card\" content=\"summary_large_image\" \/>\n<meta name=\"twitter:label1\" content=\"Gesch\u00e4tzte Lesezeit\" \/>\n\t<meta name=\"twitter:data1\" content=\"1 Minute\" \/>\n<script type=\"application\/ld+json\" class=\"yoast-schema-graph\">{\"@context\":\"https:\/\/schema.org\",\"@graph\":[{\"@type\":\"WebPage\",\"@id\":\"https:\/\/seifen-oper.ch\/?product=orangenseife\",\"url\":\"https:\/\/seifen-oper.ch\/?product=orangenseife\",\"name\":\"\\\"Orangenseife\\\" - Seifen Oper GmbH\",\"isPartOf\":{\"@id\":\"https:\/\/seifen-oper.ch\/#website\"},\"primaryImageOfPage\":{\"@id\":\"https:\/\/seifen-oper.ch\/?product=orangenseife#primaryimage\"},\"image\":{\"@id\":\"https:\/\/seifen-oper.ch\/?product=orangenseife#primaryimage\"},\"thumbnailUrl\":\"https:\/\/seifen-oper.ch\/wp-content\/uploads\/2020\/10\/orangenseife-2.png\",\"datePublished\":\"2020-10-25T17:14:50+00:00\",\"dateModified\":\"2023-09-23T17:47:10+00:00\",\"breadcrumb\":{\"@id\":\"https:\/\/seifen-oper.ch\/?product=orangenseife#breadcrumb\"},\"inLanguage\":\"de-CH\",\"potentialAction\":[{\"@type\":\"ReadAction\",\"target\":[\"https:\/\/seifen-oper.ch\/?product=orangenseife\"]}]},{\"@type\":\"ImageObject\",\"inLanguage\":\"de-CH\",\"@id\":\"https:\/\/seifen-oper.ch\/?product=orangenseife#primaryimage\",\"url\":\"https:\/\/seifen-oper.ch\/wp-content\/uploads\/2020\/10\/orangenseife-2.png\",\"contentUrl\":\"https:\/\/seifen-oper.ch\/wp-content\/uploads\/2020\/10\/orangenseife-2.png\",\"width\":2941,\"height\":2935},{\"@type\":\"BreadcrumbList\",\"@id\":\"https:\/\/seifen-oper.ch\/?product=orangenseife#breadcrumb\",\"itemListElement\":[{\"@type\":\"ListItem\",\"position\":1,\"name\":\"Home\",\"item\":\"https:\/\/seifen-oper.ch\/\"},{\"@type\":\"ListItem\",\"position\":2,\"name\":\"Shop\",\"item\":\"https:\/\/seifen-oper.ch\/?page_id=12\"},{\"@type\":\"ListItem\",\"position\":3,\"name\":\"&#171;Orangenseife&#187;\"}]},{\"@type\":\"WebSite\",\"@id\":\"https:\/\/seifen-oper.ch\/#website\",\"url\":\"https:\/\/seifen-oper.ch\/\",\"name\":\"Seifen Oper GmbH\",\"description\":\"Kosmetik bester Qualit\u00e4t. Handgefertigt.\",\"publisher\":{\"@id\":\"https:\/\/seifen-oper.ch\/#organization\"},\"potentialAction\":[{\"@type\":\"SearchAction\",\"target\":{\"@type\":\"EntryPoint\",\"urlTemplate\":\"https:\/\/seifen-oper.ch\/?s={search_term_string}\"},\"query-input\":{\"@type\":\"PropertyValueSpecification\",\"valueRequired\":true,\"valueName\":\"search_term_string\"}}],\"inLanguage\":\"de-CH\"},{\"@type\":\"Organization\",\"@id\":\"https:\/\/seifen-oper.ch\/#organization\",\"name\":\"Seifen Oper GmbH\",\"url\":\"https:\/\/seifen-oper.ch\/\",\"logo\":{\"@type\":\"ImageObject\",\"inLanguage\":\"de-CH\",\"@id\":\"https:\/\/seifen-oper.ch\/#\/schema\/logo\/image\/\",\"url\":\"https:\/\/seifen-oper.ch\/wp-content\/uploads\/2019\/06\/logo.seifen-oper450.txt.1.png\",\"contentUrl\":\"https:\/\/seifen-oper.ch\/wp-content\/uploads\/2019\/06\/logo.seifen-oper450.txt.1.png\",\"width\":1835,\"height\":1635,\"caption\":\"Seifen Oper GmbH\"},\"image\":{\"@id\":\"https:\/\/seifen-oper.ch\/#\/schema\/logo\/image\/\"},\"sameAs\":[\"https:\/\/www.facebook.com\/SeifenOperGmbH\",\"https:\/\/www.instagram.com\/explore\/locations\/1028758197\/seifen-oper\/\"]}]}<\/script>\n<!-- \/ Yoast SEO plugin. -->","yoast_head_json":{"title":"\"Orangenseife\" - Seifen Oper GmbH","robots":{"index":"index","follow":"follow","max-snippet":"max-snippet:-1","max-image-preview":"max-image-preview:large","max-video-preview":"max-video-preview:-1"},"canonical":"https:\/\/seifen-oper.ch\/?product=orangenseife","og_locale":"de_DE","og_type":"article","og_title":"\"Orangenseife\" - Seifen Oper GmbH","og_description":"Hand- und K\u00f6rperseife aus Oliven\u00f6l-Bio Orangen-Mazerat mit belebendem Orangenduft","og_url":"https:\/\/seifen-oper.ch\/?product=orangenseife","og_site_name":"Seifen Oper GmbH","article_publisher":"https:\/\/www.facebook.com\/SeifenOperGmbH","article_modified_time":"2023-09-23T17:47:10+00:00","og_image":[{"width":1024,"height":1022,"url":"https:\/\/seifen-oper.ch\/wp-content\/uploads\/2020\/10\/orangenseife-2-1024x1022.png","type":"image\/png"}],"twitter_card":"summary_large_image","twitter_misc":{"Gesch\u00e4tzte Lesezeit":"1 Minute"},"schema":{"@context":"https:\/\/schema.org","@graph":[{"@type":"WebPage","@id":"https:\/\/seifen-oper.ch\/?product=orangenseife","url":"https:\/\/seifen-oper.ch\/?product=orangenseife","name":"\"Orangenseife\" - Seifen Oper GmbH","isPartOf":{"@id":"https:\/\/seifen-oper.ch\/#website"},"primaryImageOfPage":{"@id":"https:\/\/seifen-oper.ch\/?product=orangenseife#primaryimage"},"image":{"@id":"https:\/\/seifen-oper.ch\/?product=orangenseife#primaryimage"},"thumbnailUrl":"https:\/\/seifen-oper.ch\/wp-content\/uploads\/2020\/10\/orangenseife-2.png","datePublished":"2020-10-25T17:14:50+00:00","dateModified":"2023-09-23T17:47:10+00:00","breadcrumb":{"@id":"https:\/\/seifen-oper.ch\/?product=orangenseife#breadcrumb"},"inLanguage":"de-CH","potentialAction":[{"@type":"ReadAction","target":["https:\/\/seifen-oper.ch\/?product=orangenseife"]}]},{"@type":"ImageObject","inLanguage":"de-CH","@id":"https:\/\/seifen-oper.ch\/?product=orangenseife#primaryimage","url":"https:\/\/seifen-oper.ch\/wp-content\/uploads\/2020\/10\/orangenseife-2.png","contentUrl":"https:\/\/seifen-oper.ch\/wp-content\/uploads\/2020\/10\/orangenseife-2.png","width":2941,"height":2935},{"@type":"BreadcrumbList","@id":"https:\/\/seifen-oper.ch\/?product=orangenseife#breadcrumb","itemListElement":[{"@type":"ListItem","position":1,"name":"Home","item":"https:\/\/seifen-oper.ch\/"},{"@type":"ListItem","position":2,"name":"Shop","item":"https:\/\/seifen-oper.ch\/?page_id=12"},{"@type":"ListItem","position":3,"name":"&#171;Orangenseife&#187;"}]},{"@type":"WebSite","@id":"https:\/\/seifen-oper.ch\/#website","url":"https:\/\/seifen-oper.ch\/","name":"Seifen Oper GmbH","description":"Kosmetik bester Qualit\u00e4t. Handgefertigt.","publisher":{"@id":"https:\/\/seifen-oper.ch\/#organization"},"potentialAction":[{"@type":"SearchAction","target":{"@type":"EntryPoint","urlTemplate":"https:\/\/seifen-oper.ch\/?s={search_term_string}"},"query-input":{"@type":"PropertyValueSpecification","valueRequired":true,"valueName":"search_term_string"}}],"inLanguage":"de-CH"},{"@type":"Organization","@id":"https:\/\/seifen-oper.ch\/#organization","name":"Seifen Oper GmbH","url":"https:\/\/seifen-oper.ch\/","logo":{"@type":"ImageObject","inLanguage":"de-CH","@id":"https:\/\/seifen-oper.ch\/#\/schema\/logo\/image\/","url":"https:\/\/seifen-oper.ch\/wp-content\/uploads\/2019\/06\/logo.seifen-oper450.txt.1.png","contentUrl":"https:\/\/seifen-oper.ch\/wp-content\/uploads\/2019\/06\/logo.seifen-oper450.txt.1.png","width":1835,"height":1635,"caption":"Seifen Oper GmbH"},"image":{"@id":"https:\/\/seifen-oper.ch\/#\/schema\/logo\/image\/"},"sameAs":["https:\/\/www.facebook.com\/SeifenOperGmbH","https:\/\/www.instagram.com\/explore\/locations\/1028758197\/seifen-oper\/"]}]}},"_links":{"self":[{"href":"https:\/\/seifen-oper.ch\/index.php?rest_route=\/wp\/v2\/product\/3167"}],"collection":[{"href":"https:\/\/seifen-oper.ch\/index.php?rest_route=\/wp\/v2\/product"}],"about":[{"href":"https:\/\/seifen-oper.ch\/index.php?rest_route=\/wp\/v2\/types\/product"}],"wp:featuredmedia":[{"embeddable":true,"href":"https:\/\/seifen-oper.ch\/index.php?rest_route=\/wp\/v2\/media\/3180"}],"wp:attachment":[{"href":"https:\/\/seifen-oper.ch\/index.php?rest_route=%2Fwp%2Fv2%2Fmedia&parent=3167"}],"wp:term":[{"taxonomy":"product_brand","embeddable":true,"href":"https:\/\/seifen-oper.ch\/index.php?rest_route=%2Fwp%2Fv2%2Fproduct_brand&post=3167"},{"taxonomy":"product_cat","embeddable":true,"href":"https:\/\/seifen-oper.ch\/index.php?rest_route=%2Fwp%2Fv2%2Fproduct_cat&post=3167"},{"taxonomy":"product_tag","embeddable":true,"href":"https:\/\/seifen-oper.ch\/index.php?rest_route=%2Fwp%2Fv2%2Fproduct_tag&post=3167"}],"curies":[{"name":"wp","href":"https:\/\/api.w.org\/{rel}","templated":true}]}}