{"id":3097,"date":"2020-09-03T21:57:16","date_gmt":"2020-09-03T19:57:16","guid":{"rendered":"https:\/\/seifen-oper.ch\/?post_type=product&#038;p=3097"},"modified":"2020-09-03T21:57:17","modified_gmt":"2020-09-03T19:57:17","slug":"mondblumen-ol-100ml","status":"publish","type":"product","link":"https:\/\/seifen-oper.ch\/?product=mondblumen-ol-100ml","title":{"rendered":"&#171;Mondblumen \u00d6l&#187; 100ml"},"content":{"rendered":"<p style=\"text-align: center;\"><span class=\"Apple-converted-space\">\u00a0<\/span>Unser \u201eMondblumen-Duft\u201c ist unwiderstehlich warm und geheimnisvoll. Umgeben Sie sich mit dieser magischen Aura und tauchen Sie ab, in eine mystische Welt. Der \u201eMondblumen-Duft\u201c ist ideal f\u00fcr die k\u00fchlere Jahreszeit: in der Kopfnote ist er blumig. Untermalt mit einer warmen, pudrigen Herznote. Die sinnlich, verf\u00fchrerische Basisnote, der Charakter des Duftes, rundet den Duft ab. Diese perfekte Kombination an Duftessenzen, welche harmonieren ohne aufdringlich zu sein machen dieses wunderbare K\u00f6rper\u00f6l zu einer ganz besonderen Kostbarkeit f\u00fcr Ihre Haut. Benutzen Sie es als K\u00f6rper\u00f6l, als Massage\u00f6l, zum Baden oder als zartes Parf\u00fcm. Ein echter Allesk\u00f6nner mit unwiderstehlichem Duft. Samtweiche Haut garantiert!<\/p>\n<p style=\"text-align: center;\">Inhaltsstoffe: INCI:\u00a0Glycine soja\u00a0(Soja\u00f6l),\u00a0Brassica campestris seed oil\u00a0(Raps\u00f6l), Vitis Vinifera Seed Oil (Traubenkern\u00f6l),Parf\u00fcm\u00f6l<\/p>\n<p style=\"text-align: center;\">100 ml \/ Sfr. 12.-<\/p>\n<p style=\"text-align: center;\">\n","protected":false},"excerpt":{"rendered":"<p>Hautpflege\u00f6l aus bestem Traubenkern- &amp; Soja\u00f6l, verfeinert mit unserem verf\u00fchrerischen \u201eMondblumen-Duft\u201c.<span class=\"Apple-converted-space\">\u00a0<\/span><\/p>\n","protected":false},"featured_media":3093,"template":"","meta":[],"product_brand":[],"product_cat":[29],"product_tag":[87,89,86,88,80,63,68],"class_list":{"0":"post-3097","1":"product","2":"type-product","3":"status-publish","4":"has-post-thumbnail","6":"product_cat-hautpflegeole","7":"product_tag-badeol","8":"product_tag-hautpfelgeol","9":"product_tag-korperol","10":"product_tag-massageol","11":"product_tag-mondblume","12":"product_tag-mondblumen","13":"product_tag-pflegend","15":"first","16":"instock","17":"shipping-taxable","18":"purchasable","19":"product-type-simple"},"yoast_head":"<!-- This site is optimized with the Yoast SEO plugin v25.6 - https:\/\/yoast.com\/wordpress\/plugins\/seo\/ -->\n<title>&quot;Mondblumen \u00d6l&quot; 100ml - Seifen Oper GmbH<\/title>\n<meta name=\"robots\" content=\"index, follow, max-snippet:-1, max-image-preview:large, max-video-preview:-1\" \/>\n<link rel=\"canonical\" href=\"https:\/\/seifen-oper.ch\/?product=mondblumen-ol-100ml\" \/>\n<meta property=\"og:locale\" content=\"de_DE\" \/>\n<meta property=\"og:type\" content=\"article\" \/>\n<meta property=\"og:title\" content=\"&quot;Mondblumen \u00d6l&quot; 100ml - Seifen Oper GmbH\" \/>\n<meta property=\"og:description\" content=\"Hautpflege\u00f6l aus bestem Traubenkern- &amp; Soja\u00f6l, verfeinert mit unserem verf\u00fchrerischen \u201eMondblumen-Duft\u201c.\u00a0\" \/>\n<meta property=\"og:url\" content=\"https:\/\/seifen-oper.ch\/?product=mondblumen-ol-100ml\" \/>\n<meta property=\"og:site_name\" content=\"Seifen Oper GmbH\" \/>\n<meta property=\"article:publisher\" content=\"https:\/\/www.facebook.com\/SeifenOperGmbH\" \/>\n<meta property=\"article:modified_time\" content=\"2020-09-03T19:57:17+00:00\" \/>\n<meta property=\"og:image\" content=\"https:\/\/seifen-oper.ch\/wp-content\/uploads\/2020\/09\/mondblumen\u00f6l-637x1024.png\" \/>\n\t<meta property=\"og:image:width\" content=\"637\" \/>\n\t<meta property=\"og:image:height\" content=\"1024\" \/>\n\t<meta property=\"og:image:type\" content=\"image\/png\" \/>\n<meta name=\"twitter:card\" content=\"summary_large_image\" \/>\n<meta name=\"twitter:label1\" content=\"Gesch\u00e4tzte Lesezeit\" \/>\n\t<meta name=\"twitter:data1\" content=\"1 Minute\" \/>\n<script type=\"application\/ld+json\" class=\"yoast-schema-graph\">{\"@context\":\"https:\/\/schema.org\",\"@graph\":[{\"@type\":\"WebPage\",\"@id\":\"https:\/\/seifen-oper.ch\/?product=mondblumen-ol-100ml\",\"url\":\"https:\/\/seifen-oper.ch\/?product=mondblumen-ol-100ml\",\"name\":\"\\\"Mondblumen \u00d6l\\\" 100ml - Seifen Oper GmbH\",\"isPartOf\":{\"@id\":\"https:\/\/seifen-oper.ch\/#website\"},\"primaryImageOfPage\":{\"@id\":\"https:\/\/seifen-oper.ch\/?product=mondblumen-ol-100ml#primaryimage\"},\"image\":{\"@id\":\"https:\/\/seifen-oper.ch\/?product=mondblumen-ol-100ml#primaryimage\"},\"thumbnailUrl\":\"https:\/\/seifen-oper.ch\/wp-content\/uploads\/2020\/09\/mondblumen\u00f6l.png\",\"datePublished\":\"2020-09-03T19:57:16+00:00\",\"dateModified\":\"2020-09-03T19:57:17+00:00\",\"breadcrumb\":{\"@id\":\"https:\/\/seifen-oper.ch\/?product=mondblumen-ol-100ml#breadcrumb\"},\"inLanguage\":\"de-CH\",\"potentialAction\":[{\"@type\":\"ReadAction\",\"target\":[\"https:\/\/seifen-oper.ch\/?product=mondblumen-ol-100ml\"]}]},{\"@type\":\"ImageObject\",\"inLanguage\":\"de-CH\",\"@id\":\"https:\/\/seifen-oper.ch\/?product=mondblumen-ol-100ml#primaryimage\",\"url\":\"https:\/\/seifen-oper.ch\/wp-content\/uploads\/2020\/09\/mondblumen\u00f6l.png\",\"contentUrl\":\"https:\/\/seifen-oper.ch\/wp-content\/uploads\/2020\/09\/mondblumen\u00f6l.png\",\"width\":2067,\"height\":3323},{\"@type\":\"BreadcrumbList\",\"@id\":\"https:\/\/seifen-oper.ch\/?product=mondblumen-ol-100ml#breadcrumb\",\"itemListElement\":[{\"@type\":\"ListItem\",\"position\":1,\"name\":\"Home\",\"item\":\"https:\/\/seifen-oper.ch\/\"},{\"@type\":\"ListItem\",\"position\":2,\"name\":\"Shop\",\"item\":\"https:\/\/seifen-oper.ch\/?page_id=12\"},{\"@type\":\"ListItem\",\"position\":3,\"name\":\"&#171;Mondblumen \u00d6l&#187; 100ml\"}]},{\"@type\":\"WebSite\",\"@id\":\"https:\/\/seifen-oper.ch\/#website\",\"url\":\"https:\/\/seifen-oper.ch\/\",\"name\":\"Seifen Oper GmbH\",\"description\":\"Kosmetik bester Qualit\u00e4t. Handgefertigt.\",\"publisher\":{\"@id\":\"https:\/\/seifen-oper.ch\/#organization\"},\"potentialAction\":[{\"@type\":\"SearchAction\",\"target\":{\"@type\":\"EntryPoint\",\"urlTemplate\":\"https:\/\/seifen-oper.ch\/?s={search_term_string}\"},\"query-input\":{\"@type\":\"PropertyValueSpecification\",\"valueRequired\":true,\"valueName\":\"search_term_string\"}}],\"inLanguage\":\"de-CH\"},{\"@type\":\"Organization\",\"@id\":\"https:\/\/seifen-oper.ch\/#organization\",\"name\":\"Seifen Oper GmbH\",\"url\":\"https:\/\/seifen-oper.ch\/\",\"logo\":{\"@type\":\"ImageObject\",\"inLanguage\":\"de-CH\",\"@id\":\"https:\/\/seifen-oper.ch\/#\/schema\/logo\/image\/\",\"url\":\"https:\/\/seifen-oper.ch\/wp-content\/uploads\/2019\/06\/logo.seifen-oper450.txt.1.png\",\"contentUrl\":\"https:\/\/seifen-oper.ch\/wp-content\/uploads\/2019\/06\/logo.seifen-oper450.txt.1.png\",\"width\":1835,\"height\":1635,\"caption\":\"Seifen Oper GmbH\"},\"image\":{\"@id\":\"https:\/\/seifen-oper.ch\/#\/schema\/logo\/image\/\"},\"sameAs\":[\"https:\/\/www.facebook.com\/SeifenOperGmbH\",\"https:\/\/www.instagram.com\/explore\/locations\/1028758197\/seifen-oper\/\"]}]}<\/script>\n<!-- \/ Yoast SEO plugin. -->","yoast_head_json":{"title":"\"Mondblumen \u00d6l\" 100ml - Seifen Oper GmbH","robots":{"index":"index","follow":"follow","max-snippet":"max-snippet:-1","max-image-preview":"max-image-preview:large","max-video-preview":"max-video-preview:-1"},"canonical":"https:\/\/seifen-oper.ch\/?product=mondblumen-ol-100ml","og_locale":"de_DE","og_type":"article","og_title":"\"Mondblumen \u00d6l\" 100ml - Seifen Oper GmbH","og_description":"Hautpflege\u00f6l aus bestem Traubenkern- &amp; Soja\u00f6l, verfeinert mit unserem verf\u00fchrerischen \u201eMondblumen-Duft\u201c.\u00a0","og_url":"https:\/\/seifen-oper.ch\/?product=mondblumen-ol-100ml","og_site_name":"Seifen Oper GmbH","article_publisher":"https:\/\/www.facebook.com\/SeifenOperGmbH","article_modified_time":"2020-09-03T19:57:17+00:00","og_image":[{"width":637,"height":1024,"url":"https:\/\/seifen-oper.ch\/wp-content\/uploads\/2020\/09\/mondblumen\u00f6l-637x1024.png","type":"image\/png"}],"twitter_card":"summary_large_image","twitter_misc":{"Gesch\u00e4tzte Lesezeit":"1 Minute"},"schema":{"@context":"https:\/\/schema.org","@graph":[{"@type":"WebPage","@id":"https:\/\/seifen-oper.ch\/?product=mondblumen-ol-100ml","url":"https:\/\/seifen-oper.ch\/?product=mondblumen-ol-100ml","name":"\"Mondblumen \u00d6l\" 100ml - Seifen Oper GmbH","isPartOf":{"@id":"https:\/\/seifen-oper.ch\/#website"},"primaryImageOfPage":{"@id":"https:\/\/seifen-oper.ch\/?product=mondblumen-ol-100ml#primaryimage"},"image":{"@id":"https:\/\/seifen-oper.ch\/?product=mondblumen-ol-100ml#primaryimage"},"thumbnailUrl":"https:\/\/seifen-oper.ch\/wp-content\/uploads\/2020\/09\/mondblumen\u00f6l.png","datePublished":"2020-09-03T19:57:16+00:00","dateModified":"2020-09-03T19:57:17+00:00","breadcrumb":{"@id":"https:\/\/seifen-oper.ch\/?product=mondblumen-ol-100ml#breadcrumb"},"inLanguage":"de-CH","potentialAction":[{"@type":"ReadAction","target":["https:\/\/seifen-oper.ch\/?product=mondblumen-ol-100ml"]}]},{"@type":"ImageObject","inLanguage":"de-CH","@id":"https:\/\/seifen-oper.ch\/?product=mondblumen-ol-100ml#primaryimage","url":"https:\/\/seifen-oper.ch\/wp-content\/uploads\/2020\/09\/mondblumen\u00f6l.png","contentUrl":"https:\/\/seifen-oper.ch\/wp-content\/uploads\/2020\/09\/mondblumen\u00f6l.png","width":2067,"height":3323},{"@type":"BreadcrumbList","@id":"https:\/\/seifen-oper.ch\/?product=mondblumen-ol-100ml#breadcrumb","itemListElement":[{"@type":"ListItem","position":1,"name":"Home","item":"https:\/\/seifen-oper.ch\/"},{"@type":"ListItem","position":2,"name":"Shop","item":"https:\/\/seifen-oper.ch\/?page_id=12"},{"@type":"ListItem","position":3,"name":"&#171;Mondblumen \u00d6l&#187; 100ml"}]},{"@type":"WebSite","@id":"https:\/\/seifen-oper.ch\/#website","url":"https:\/\/seifen-oper.ch\/","name":"Seifen Oper GmbH","description":"Kosmetik bester Qualit\u00e4t. Handgefertigt.","publisher":{"@id":"https:\/\/seifen-oper.ch\/#organization"},"potentialAction":[{"@type":"SearchAction","target":{"@type":"EntryPoint","urlTemplate":"https:\/\/seifen-oper.ch\/?s={search_term_string}"},"query-input":{"@type":"PropertyValueSpecification","valueRequired":true,"valueName":"search_term_string"}}],"inLanguage":"de-CH"},{"@type":"Organization","@id":"https:\/\/seifen-oper.ch\/#organization","name":"Seifen Oper GmbH","url":"https:\/\/seifen-oper.ch\/","logo":{"@type":"ImageObject","inLanguage":"de-CH","@id":"https:\/\/seifen-oper.ch\/#\/schema\/logo\/image\/","url":"https:\/\/seifen-oper.ch\/wp-content\/uploads\/2019\/06\/logo.seifen-oper450.txt.1.png","contentUrl":"https:\/\/seifen-oper.ch\/wp-content\/uploads\/2019\/06\/logo.seifen-oper450.txt.1.png","width":1835,"height":1635,"caption":"Seifen Oper GmbH"},"image":{"@id":"https:\/\/seifen-oper.ch\/#\/schema\/logo\/image\/"},"sameAs":["https:\/\/www.facebook.com\/SeifenOperGmbH","https:\/\/www.instagram.com\/explore\/locations\/1028758197\/seifen-oper\/"]}]}},"_links":{"self":[{"href":"https:\/\/seifen-oper.ch\/index.php?rest_route=\/wp\/v2\/product\/3097"}],"collection":[{"href":"https:\/\/seifen-oper.ch\/index.php?rest_route=\/wp\/v2\/product"}],"about":[{"href":"https:\/\/seifen-oper.ch\/index.php?rest_route=\/wp\/v2\/types\/product"}],"wp:featuredmedia":[{"embeddable":true,"href":"https:\/\/seifen-oper.ch\/index.php?rest_route=\/wp\/v2\/media\/3093"}],"wp:attachment":[{"href":"https:\/\/seifen-oper.ch\/index.php?rest_route=%2Fwp%2Fv2%2Fmedia&parent=3097"}],"wp:term":[{"taxonomy":"product_brand","embeddable":true,"href":"https:\/\/seifen-oper.ch\/index.php?rest_route=%2Fwp%2Fv2%2Fproduct_brand&post=3097"},{"taxonomy":"product_cat","embeddable":true,"href":"https:\/\/seifen-oper.ch\/index.php?rest_route=%2Fwp%2Fv2%2Fproduct_cat&post=3097"},{"taxonomy":"product_tag","embeddable":true,"href":"https:\/\/seifen-oper.ch\/index.php?rest_route=%2Fwp%2Fv2%2Fproduct_tag&post=3097"}],"curies":[{"name":"wp","href":"https:\/\/api.w.org\/{rel}","templated":true}]}}