{"id":3096,"date":"2020-09-01T20:06:39","date_gmt":"2020-09-01T18:06:39","guid":{"rendered":"https:\/\/seifen-oper.ch\/?post_type=product&#038;p=3096"},"modified":"2021-03-04T00:06:11","modified_gmt":"2021-03-03T23:06:11","slug":"mondblumen-parfum","status":"publish","type":"product","link":"https:\/\/seifen-oper.ch\/?product=mondblumen-parfum","title":{"rendered":"&#171;Mondblumen Parf\u00fcm&#187;"},"content":{"rendered":"<div class=\"\" style=\"text-align: center;\">Mondblumen sind bezaubernde weisse Blumen, welche ihre Bl\u00fcten in der Nacht \u00f6ffnen. Dies hat uns inspiriert, weil es einzigartig ist. Genauso wie der Duft. Unser \u201eMondblumen-Duft\u201c ist unwiderstehlich warm und geheimnisvoll. Umgeben Sie sich mit dieser magischen Aura und tauchen Sie ab, in eine mystische Welt. Der \u201eMondblumen-Duft\u201c ist ideal f\u00fcr die k\u00fchlere Jahreszeit: in der Kopfnote ist er blumig. Untermalt mit einer warmen, pudrigen Herznote. Die sinnlich, verf\u00fchrerische Basisnote, der Charakter des Duftes, rundet den Duft ab. Die perfekte Kombination an Duftessenzen, welche harmonieren ohne aufdringlich zu sein, passt ideal zur Dame von Welt. Aber es ist durchaus auch\u00a0 legitim, im Homeoffice so unwiderstehlich gut zu duften \ud83d\ude09<\/div>\n<div style=\"text-align: center;\">Unser &#171;Mondblumen Parf\u00fcm&#187; kommt im praktischen Roll on daher, der in jede Handtasche passt. Unsere Parf\u00fcms basieren NICHT auf Alkohol, sondern auf \u00d6l. Was den Vorteil hat, das Sie den Duft mit dem Roll on wunderbar dosieren k\u00f6nnen. \ud83d\ude42<\/div>\n<div class=\"\" style=\"text-align: center;\"><\/div>\n<div class=\"\" style=\"text-align: center;\"><\/div>\n<div class=\"\" style=\"text-align: center;\">Roll On 10ml \/ CHF 18.-<\/div>\n<div class=\"\" style=\"text-align: center;\"><\/div>\n<div class=\"\" style=\"text-align: center;\">\u00a0Inhaltsstoffe: INCI: Glycine soja (Soja\u00f6l), Brassica campestris seed oil (Raps\u00f6l), Parf\u00fcm\u00f6l, Zuckerdekor<\/div>\n<div class=\"\"><\/div>\n","protected":false},"excerpt":{"rendered":"<p>Unser \u201eMondblumen-Duft\u201c ist unwiderstehlich warm und geheimnisvoll.<\/p>\n","protected":false},"featured_media":3092,"template":"","meta":[],"product_brand":[],"product_cat":[30],"product_tag":[80,63,79,85,67],"class_list":{"0":"post-3096","1":"product","2":"type-product","3":"status-publish","4":"has-post-thumbnail","6":"product_cat-parfums","7":"product_tag-mondblume","8":"product_tag-mondblumen","9":"product_tag-mondblumenduft","10":"product_tag-parfum","11":"product_tag-verfuhrerisch","13":"first","14":"instock","15":"shipping-taxable","16":"purchasable","17":"product-type-simple"},"yoast_head":"<!-- This site is optimized with the Yoast SEO plugin v25.6 - https:\/\/yoast.com\/wordpress\/plugins\/seo\/ -->\n<title>&quot;Mondblumen Parf\u00fcm&quot; - Seifen Oper GmbH<\/title>\n<meta name=\"robots\" content=\"index, follow, max-snippet:-1, max-image-preview:large, max-video-preview:-1\" \/>\n<link rel=\"canonical\" href=\"https:\/\/seifen-oper.ch\/?product=mondblumen-parfum\" \/>\n<meta property=\"og:locale\" content=\"de_DE\" \/>\n<meta property=\"og:type\" content=\"article\" \/>\n<meta property=\"og:title\" content=\"&quot;Mondblumen Parf\u00fcm&quot; - Seifen Oper GmbH\" \/>\n<meta property=\"og:description\" content=\"Unser \u201eMondblumen-Duft\u201c ist unwiderstehlich warm und geheimnisvoll.\" \/>\n<meta property=\"og:url\" content=\"https:\/\/seifen-oper.ch\/?product=mondblumen-parfum\" \/>\n<meta property=\"og:site_name\" content=\"Seifen Oper GmbH\" \/>\n<meta property=\"article:publisher\" content=\"https:\/\/www.facebook.com\/SeifenOperGmbH\" \/>\n<meta property=\"article:modified_time\" content=\"2021-03-03T23:06:11+00:00\" \/>\n<meta property=\"og:image\" content=\"https:\/\/seifen-oper.ch\/wp-content\/uploads\/2020\/09\/mondblumen-parf\u00fcm-775x1024.png\" \/>\n\t<meta property=\"og:image:width\" content=\"775\" \/>\n\t<meta property=\"og:image:height\" content=\"1024\" \/>\n\t<meta property=\"og:image:type\" content=\"image\/png\" \/>\n<meta name=\"twitter:card\" content=\"summary_large_image\" \/>\n<meta name=\"twitter:label1\" content=\"Gesch\u00e4tzte Lesezeit\" \/>\n\t<meta name=\"twitter:data1\" content=\"1 Minute\" \/>\n<script type=\"application\/ld+json\" class=\"yoast-schema-graph\">{\"@context\":\"https:\/\/schema.org\",\"@graph\":[{\"@type\":\"WebPage\",\"@id\":\"https:\/\/seifen-oper.ch\/?product=mondblumen-parfum\",\"url\":\"https:\/\/seifen-oper.ch\/?product=mondblumen-parfum\",\"name\":\"\\\"Mondblumen Parf\u00fcm\\\" - Seifen Oper GmbH\",\"isPartOf\":{\"@id\":\"https:\/\/seifen-oper.ch\/#website\"},\"primaryImageOfPage\":{\"@id\":\"https:\/\/seifen-oper.ch\/?product=mondblumen-parfum#primaryimage\"},\"image\":{\"@id\":\"https:\/\/seifen-oper.ch\/?product=mondblumen-parfum#primaryimage\"},\"thumbnailUrl\":\"https:\/\/seifen-oper.ch\/wp-content\/uploads\/2020\/09\/mondblumen-parf\u00fcm.png\",\"datePublished\":\"2020-09-01T18:06:39+00:00\",\"dateModified\":\"2021-03-03T23:06:11+00:00\",\"breadcrumb\":{\"@id\":\"https:\/\/seifen-oper.ch\/?product=mondblumen-parfum#breadcrumb\"},\"inLanguage\":\"de-CH\",\"potentialAction\":[{\"@type\":\"ReadAction\",\"target\":[\"https:\/\/seifen-oper.ch\/?product=mondblumen-parfum\"]}]},{\"@type\":\"ImageObject\",\"inLanguage\":\"de-CH\",\"@id\":\"https:\/\/seifen-oper.ch\/?product=mondblumen-parfum#primaryimage\",\"url\":\"https:\/\/seifen-oper.ch\/wp-content\/uploads\/2020\/09\/mondblumen-parf\u00fcm.png\",\"contentUrl\":\"https:\/\/seifen-oper.ch\/wp-content\/uploads\/2020\/09\/mondblumen-parf\u00fcm.png\",\"width\":1620,\"height\":2140},{\"@type\":\"BreadcrumbList\",\"@id\":\"https:\/\/seifen-oper.ch\/?product=mondblumen-parfum#breadcrumb\",\"itemListElement\":[{\"@type\":\"ListItem\",\"position\":1,\"name\":\"Home\",\"item\":\"https:\/\/seifen-oper.ch\/\"},{\"@type\":\"ListItem\",\"position\":2,\"name\":\"Shop\",\"item\":\"https:\/\/seifen-oper.ch\/?page_id=12\"},{\"@type\":\"ListItem\",\"position\":3,\"name\":\"&#171;Mondblumen Parf\u00fcm&#187;\"}]},{\"@type\":\"WebSite\",\"@id\":\"https:\/\/seifen-oper.ch\/#website\",\"url\":\"https:\/\/seifen-oper.ch\/\",\"name\":\"Seifen Oper GmbH\",\"description\":\"Kosmetik bester Qualit\u00e4t. Handgefertigt.\",\"publisher\":{\"@id\":\"https:\/\/seifen-oper.ch\/#organization\"},\"potentialAction\":[{\"@type\":\"SearchAction\",\"target\":{\"@type\":\"EntryPoint\",\"urlTemplate\":\"https:\/\/seifen-oper.ch\/?s={search_term_string}\"},\"query-input\":{\"@type\":\"PropertyValueSpecification\",\"valueRequired\":true,\"valueName\":\"search_term_string\"}}],\"inLanguage\":\"de-CH\"},{\"@type\":\"Organization\",\"@id\":\"https:\/\/seifen-oper.ch\/#organization\",\"name\":\"Seifen Oper GmbH\",\"url\":\"https:\/\/seifen-oper.ch\/\",\"logo\":{\"@type\":\"ImageObject\",\"inLanguage\":\"de-CH\",\"@id\":\"https:\/\/seifen-oper.ch\/#\/schema\/logo\/image\/\",\"url\":\"https:\/\/seifen-oper.ch\/wp-content\/uploads\/2019\/06\/logo.seifen-oper450.txt.1.png\",\"contentUrl\":\"https:\/\/seifen-oper.ch\/wp-content\/uploads\/2019\/06\/logo.seifen-oper450.txt.1.png\",\"width\":1835,\"height\":1635,\"caption\":\"Seifen Oper GmbH\"},\"image\":{\"@id\":\"https:\/\/seifen-oper.ch\/#\/schema\/logo\/image\/\"},\"sameAs\":[\"https:\/\/www.facebook.com\/SeifenOperGmbH\",\"https:\/\/www.instagram.com\/explore\/locations\/1028758197\/seifen-oper\/\"]}]}<\/script>\n<!-- \/ Yoast SEO plugin. -->","yoast_head_json":{"title":"\"Mondblumen Parf\u00fcm\" - Seifen Oper GmbH","robots":{"index":"index","follow":"follow","max-snippet":"max-snippet:-1","max-image-preview":"max-image-preview:large","max-video-preview":"max-video-preview:-1"},"canonical":"https:\/\/seifen-oper.ch\/?product=mondblumen-parfum","og_locale":"de_DE","og_type":"article","og_title":"\"Mondblumen Parf\u00fcm\" - Seifen Oper GmbH","og_description":"Unser \u201eMondblumen-Duft\u201c ist unwiderstehlich warm und geheimnisvoll.","og_url":"https:\/\/seifen-oper.ch\/?product=mondblumen-parfum","og_site_name":"Seifen Oper GmbH","article_publisher":"https:\/\/www.facebook.com\/SeifenOperGmbH","article_modified_time":"2021-03-03T23:06:11+00:00","og_image":[{"width":775,"height":1024,"url":"https:\/\/seifen-oper.ch\/wp-content\/uploads\/2020\/09\/mondblumen-parf\u00fcm-775x1024.png","type":"image\/png"}],"twitter_card":"summary_large_image","twitter_misc":{"Gesch\u00e4tzte Lesezeit":"1 Minute"},"schema":{"@context":"https:\/\/schema.org","@graph":[{"@type":"WebPage","@id":"https:\/\/seifen-oper.ch\/?product=mondblumen-parfum","url":"https:\/\/seifen-oper.ch\/?product=mondblumen-parfum","name":"\"Mondblumen Parf\u00fcm\" - Seifen Oper GmbH","isPartOf":{"@id":"https:\/\/seifen-oper.ch\/#website"},"primaryImageOfPage":{"@id":"https:\/\/seifen-oper.ch\/?product=mondblumen-parfum#primaryimage"},"image":{"@id":"https:\/\/seifen-oper.ch\/?product=mondblumen-parfum#primaryimage"},"thumbnailUrl":"https:\/\/seifen-oper.ch\/wp-content\/uploads\/2020\/09\/mondblumen-parf\u00fcm.png","datePublished":"2020-09-01T18:06:39+00:00","dateModified":"2021-03-03T23:06:11+00:00","breadcrumb":{"@id":"https:\/\/seifen-oper.ch\/?product=mondblumen-parfum#breadcrumb"},"inLanguage":"de-CH","potentialAction":[{"@type":"ReadAction","target":["https:\/\/seifen-oper.ch\/?product=mondblumen-parfum"]}]},{"@type":"ImageObject","inLanguage":"de-CH","@id":"https:\/\/seifen-oper.ch\/?product=mondblumen-parfum#primaryimage","url":"https:\/\/seifen-oper.ch\/wp-content\/uploads\/2020\/09\/mondblumen-parf\u00fcm.png","contentUrl":"https:\/\/seifen-oper.ch\/wp-content\/uploads\/2020\/09\/mondblumen-parf\u00fcm.png","width":1620,"height":2140},{"@type":"BreadcrumbList","@id":"https:\/\/seifen-oper.ch\/?product=mondblumen-parfum#breadcrumb","itemListElement":[{"@type":"ListItem","position":1,"name":"Home","item":"https:\/\/seifen-oper.ch\/"},{"@type":"ListItem","position":2,"name":"Shop","item":"https:\/\/seifen-oper.ch\/?page_id=12"},{"@type":"ListItem","position":3,"name":"&#171;Mondblumen Parf\u00fcm&#187;"}]},{"@type":"WebSite","@id":"https:\/\/seifen-oper.ch\/#website","url":"https:\/\/seifen-oper.ch\/","name":"Seifen Oper GmbH","description":"Kosmetik bester Qualit\u00e4t. Handgefertigt.","publisher":{"@id":"https:\/\/seifen-oper.ch\/#organization"},"potentialAction":[{"@type":"SearchAction","target":{"@type":"EntryPoint","urlTemplate":"https:\/\/seifen-oper.ch\/?s={search_term_string}"},"query-input":{"@type":"PropertyValueSpecification","valueRequired":true,"valueName":"search_term_string"}}],"inLanguage":"de-CH"},{"@type":"Organization","@id":"https:\/\/seifen-oper.ch\/#organization","name":"Seifen Oper GmbH","url":"https:\/\/seifen-oper.ch\/","logo":{"@type":"ImageObject","inLanguage":"de-CH","@id":"https:\/\/seifen-oper.ch\/#\/schema\/logo\/image\/","url":"https:\/\/seifen-oper.ch\/wp-content\/uploads\/2019\/06\/logo.seifen-oper450.txt.1.png","contentUrl":"https:\/\/seifen-oper.ch\/wp-content\/uploads\/2019\/06\/logo.seifen-oper450.txt.1.png","width":1835,"height":1635,"caption":"Seifen Oper GmbH"},"image":{"@id":"https:\/\/seifen-oper.ch\/#\/schema\/logo\/image\/"},"sameAs":["https:\/\/www.facebook.com\/SeifenOperGmbH","https:\/\/www.instagram.com\/explore\/locations\/1028758197\/seifen-oper\/"]}]}},"_links":{"self":[{"href":"https:\/\/seifen-oper.ch\/index.php?rest_route=\/wp\/v2\/product\/3096"}],"collection":[{"href":"https:\/\/seifen-oper.ch\/index.php?rest_route=\/wp\/v2\/product"}],"about":[{"href":"https:\/\/seifen-oper.ch\/index.php?rest_route=\/wp\/v2\/types\/product"}],"wp:featuredmedia":[{"embeddable":true,"href":"https:\/\/seifen-oper.ch\/index.php?rest_route=\/wp\/v2\/media\/3092"}],"wp:attachment":[{"href":"https:\/\/seifen-oper.ch\/index.php?rest_route=%2Fwp%2Fv2%2Fmedia&parent=3096"}],"wp:term":[{"taxonomy":"product_brand","embeddable":true,"href":"https:\/\/seifen-oper.ch\/index.php?rest_route=%2Fwp%2Fv2%2Fproduct_brand&post=3096"},{"taxonomy":"product_cat","embeddable":true,"href":"https:\/\/seifen-oper.ch\/index.php?rest_route=%2Fwp%2Fv2%2Fproduct_cat&post=3096"},{"taxonomy":"product_tag","embeddable":true,"href":"https:\/\/seifen-oper.ch\/index.php?rest_route=%2Fwp%2Fv2%2Fproduct_tag&post=3096"}],"curies":[{"name":"wp","href":"https:\/\/api.w.org\/{rel}","templated":true}]}}