{"id":3095,"date":"2020-09-01T19:59:03","date_gmt":"2020-09-01T17:59:03","guid":{"rendered":"https:\/\/seifen-oper.ch\/?post_type=product&#038;p=3095"},"modified":"2020-11-28T00:10:06","modified_gmt":"2020-11-27T23:10:06","slug":"mondblumen-korpercreme","status":"publish","type":"product","link":"https:\/\/seifen-oper.ch\/?product=mondblumen-korpercreme","title":{"rendered":"&#171;Mondblumen K\u00f6rpercreme&#187;"},"content":{"rendered":"<div class=\"\" style=\"text-align: center;\">Diese unwiderstehliche K\u00f6rpercreme ohne Konservierungsstoffe, verw\u00f6hnt Ihre Haut mit Avocado\u00f6l und macht sie zart und geschmeidig.\u00a0 Der verf\u00fchrerische Duft, n\u00e4mlich unser \u201eMondblumen-Duft\u201c, macht sie zum \u201eMust have\u201c. Unser \u201eMondblumen-Duft\u201c ist unwiderstehlich warm und geheimnisvoll. Er ist ideal f\u00fcr die k\u00fchlere Jahreszeit: in der Kopfnote ist er blumig. Untermalt mit einer warmen, pudrigen Herznote. Die sinnlich, verf\u00fchrerische Basisnote, der Charakter des Duftes, rundet den Duft ab. Die perfekte Kombination an Duftessenzen, welche harmonieren ohne aufdringlich zu sein. Sie sehen: diese Creme ist die ideale Feuchtigkeitspflege f\u00fcr trockene Haut. Sie ist von leichter Textur und pflegt Ihre Haut optimal.<\/div>\n<div class=\"\" style=\"text-align: center;\">Bitte nur \u00e4usserlich anwenden.<\/div>\n<div class=\"\" style=\"text-align: center;\"><\/div>\n<div class=\"\" style=\"text-align: center;\">Inhaltsstoffe: INCI: Aqua (Wasser),\u00a0Glycerine soja (Soja\u00f6l),\u00a0Brassica campestris seed oil\u00a0(Raps\u00f6l),\u00a0Cocos nucifera (Kokos\u00f6l),\u00a0Persea Gratissima\u00a0(Avocado\u00f6l),\u00a0Sodium Cetearyl Sulfate (Emulgator), Parf\u00fcm\u00f6l<\/div>\n<div class=\"\" style=\"text-align: center;\"><\/div>\n<div class=\"\" style=\"text-align: center;\">250ml \/ Sfr. 35.-<\/div>\n","protected":false},"excerpt":{"rendered":"<p>pflegende K\u00f6rpercreme OHNE Konservierungsstoffe, mit unserem &#171;Mondblumen Duft&#187;<\/p>\n","protected":false},"featured_media":3091,"template":"","meta":[],"product_brand":[],"product_cat":[27],"product_tag":[82,83,84,55,81,80,63,79,68],"class_list":{"0":"post-3095","1":"product","2":"type-product","3":"status-publish","4":"has-post-thumbnail","6":"product_cat-korpercremes","7":"product_tag-avocadool","8":"product_tag-geschmeidig","9":"product_tag-haut","10":"product_tag-kokosbutter","11":"product_tag-korpercreme","12":"product_tag-mondblume","13":"product_tag-mondblumen","14":"product_tag-mondblumenduft","15":"product_tag-pflegend","17":"first","18":"instock","19":"shipping-taxable","20":"purchasable","21":"product-type-simple"},"yoast_head":"<!-- This site is optimized with the Yoast SEO plugin v25.6 - https:\/\/yoast.com\/wordpress\/plugins\/seo\/ -->\n<title>&quot;Mondblumen K\u00f6rpercreme&quot; - Seifen Oper GmbH<\/title>\n<meta name=\"robots\" content=\"index, follow, max-snippet:-1, max-image-preview:large, max-video-preview:-1\" \/>\n<link rel=\"canonical\" href=\"https:\/\/seifen-oper.ch\/?product=mondblumen-korpercreme\" \/>\n<meta property=\"og:locale\" content=\"de_DE\" \/>\n<meta property=\"og:type\" content=\"article\" \/>\n<meta property=\"og:title\" content=\"&quot;Mondblumen K\u00f6rpercreme&quot; - Seifen Oper GmbH\" \/>\n<meta property=\"og:description\" content=\"pflegende K\u00f6rpercreme OHNE Konservierungsstoffe, mit unserem &quot;Mondblumen Duft&quot;\" \/>\n<meta property=\"og:url\" content=\"https:\/\/seifen-oper.ch\/?product=mondblumen-korpercreme\" \/>\n<meta property=\"og:site_name\" content=\"Seifen Oper GmbH\" \/>\n<meta property=\"article:publisher\" content=\"https:\/\/www.facebook.com\/SeifenOperGmbH\" \/>\n<meta property=\"article:modified_time\" content=\"2020-11-27T23:10:06+00:00\" \/>\n<meta property=\"og:image\" content=\"https:\/\/seifen-oper.ch\/wp-content\/uploads\/2020\/09\/mondblumen-k\u00f6rpercreme-1024x735.png\" \/>\n\t<meta property=\"og:image:width\" content=\"1024\" \/>\n\t<meta property=\"og:image:height\" content=\"735\" \/>\n\t<meta property=\"og:image:type\" content=\"image\/png\" \/>\n<meta name=\"twitter:card\" content=\"summary_large_image\" \/>\n<meta name=\"twitter:label1\" content=\"Gesch\u00e4tzte Lesezeit\" \/>\n\t<meta name=\"twitter:data1\" content=\"1 Minute\" \/>\n<script type=\"application\/ld+json\" class=\"yoast-schema-graph\">{\"@context\":\"https:\/\/schema.org\",\"@graph\":[{\"@type\":\"WebPage\",\"@id\":\"https:\/\/seifen-oper.ch\/?product=mondblumen-korpercreme\",\"url\":\"https:\/\/seifen-oper.ch\/?product=mondblumen-korpercreme\",\"name\":\"\\\"Mondblumen K\u00f6rpercreme\\\" - Seifen Oper GmbH\",\"isPartOf\":{\"@id\":\"https:\/\/seifen-oper.ch\/#website\"},\"primaryImageOfPage\":{\"@id\":\"https:\/\/seifen-oper.ch\/?product=mondblumen-korpercreme#primaryimage\"},\"image\":{\"@id\":\"https:\/\/seifen-oper.ch\/?product=mondblumen-korpercreme#primaryimage\"},\"thumbnailUrl\":\"https:\/\/seifen-oper.ch\/wp-content\/uploads\/2020\/09\/mondblumen-k\u00f6rpercreme.png\",\"datePublished\":\"2020-09-01T17:59:03+00:00\",\"dateModified\":\"2020-11-27T23:10:06+00:00\",\"breadcrumb\":{\"@id\":\"https:\/\/seifen-oper.ch\/?product=mondblumen-korpercreme#breadcrumb\"},\"inLanguage\":\"de-CH\",\"potentialAction\":[{\"@type\":\"ReadAction\",\"target\":[\"https:\/\/seifen-oper.ch\/?product=mondblumen-korpercreme\"]}]},{\"@type\":\"ImageObject\",\"inLanguage\":\"de-CH\",\"@id\":\"https:\/\/seifen-oper.ch\/?product=mondblumen-korpercreme#primaryimage\",\"url\":\"https:\/\/seifen-oper.ch\/wp-content\/uploads\/2020\/09\/mondblumen-k\u00f6rpercreme.png\",\"contentUrl\":\"https:\/\/seifen-oper.ch\/wp-content\/uploads\/2020\/09\/mondblumen-k\u00f6rpercreme.png\",\"width\":2944,\"height\":2112},{\"@type\":\"BreadcrumbList\",\"@id\":\"https:\/\/seifen-oper.ch\/?product=mondblumen-korpercreme#breadcrumb\",\"itemListElement\":[{\"@type\":\"ListItem\",\"position\":1,\"name\":\"Home\",\"item\":\"https:\/\/seifen-oper.ch\/\"},{\"@type\":\"ListItem\",\"position\":2,\"name\":\"Shop\",\"item\":\"https:\/\/seifen-oper.ch\/?page_id=12\"},{\"@type\":\"ListItem\",\"position\":3,\"name\":\"&#171;Mondblumen K\u00f6rpercreme&#187;\"}]},{\"@type\":\"WebSite\",\"@id\":\"https:\/\/seifen-oper.ch\/#website\",\"url\":\"https:\/\/seifen-oper.ch\/\",\"name\":\"Seifen Oper GmbH\",\"description\":\"Kosmetik bester Qualit\u00e4t. Handgefertigt.\",\"publisher\":{\"@id\":\"https:\/\/seifen-oper.ch\/#organization\"},\"potentialAction\":[{\"@type\":\"SearchAction\",\"target\":{\"@type\":\"EntryPoint\",\"urlTemplate\":\"https:\/\/seifen-oper.ch\/?s={search_term_string}\"},\"query-input\":{\"@type\":\"PropertyValueSpecification\",\"valueRequired\":true,\"valueName\":\"search_term_string\"}}],\"inLanguage\":\"de-CH\"},{\"@type\":\"Organization\",\"@id\":\"https:\/\/seifen-oper.ch\/#organization\",\"name\":\"Seifen Oper GmbH\",\"url\":\"https:\/\/seifen-oper.ch\/\",\"logo\":{\"@type\":\"ImageObject\",\"inLanguage\":\"de-CH\",\"@id\":\"https:\/\/seifen-oper.ch\/#\/schema\/logo\/image\/\",\"url\":\"https:\/\/seifen-oper.ch\/wp-content\/uploads\/2019\/06\/logo.seifen-oper450.txt.1.png\",\"contentUrl\":\"https:\/\/seifen-oper.ch\/wp-content\/uploads\/2019\/06\/logo.seifen-oper450.txt.1.png\",\"width\":1835,\"height\":1635,\"caption\":\"Seifen Oper GmbH\"},\"image\":{\"@id\":\"https:\/\/seifen-oper.ch\/#\/schema\/logo\/image\/\"},\"sameAs\":[\"https:\/\/www.facebook.com\/SeifenOperGmbH\",\"https:\/\/www.instagram.com\/explore\/locations\/1028758197\/seifen-oper\/\"]}]}<\/script>\n<!-- \/ Yoast SEO plugin. -->","yoast_head_json":{"title":"\"Mondblumen K\u00f6rpercreme\" - Seifen Oper GmbH","robots":{"index":"index","follow":"follow","max-snippet":"max-snippet:-1","max-image-preview":"max-image-preview:large","max-video-preview":"max-video-preview:-1"},"canonical":"https:\/\/seifen-oper.ch\/?product=mondblumen-korpercreme","og_locale":"de_DE","og_type":"article","og_title":"\"Mondblumen K\u00f6rpercreme\" - Seifen Oper GmbH","og_description":"pflegende K\u00f6rpercreme OHNE Konservierungsstoffe, mit unserem \"Mondblumen Duft\"","og_url":"https:\/\/seifen-oper.ch\/?product=mondblumen-korpercreme","og_site_name":"Seifen Oper GmbH","article_publisher":"https:\/\/www.facebook.com\/SeifenOperGmbH","article_modified_time":"2020-11-27T23:10:06+00:00","og_image":[{"width":1024,"height":735,"url":"https:\/\/seifen-oper.ch\/wp-content\/uploads\/2020\/09\/mondblumen-k\u00f6rpercreme-1024x735.png","type":"image\/png"}],"twitter_card":"summary_large_image","twitter_misc":{"Gesch\u00e4tzte Lesezeit":"1 Minute"},"schema":{"@context":"https:\/\/schema.org","@graph":[{"@type":"WebPage","@id":"https:\/\/seifen-oper.ch\/?product=mondblumen-korpercreme","url":"https:\/\/seifen-oper.ch\/?product=mondblumen-korpercreme","name":"\"Mondblumen K\u00f6rpercreme\" - Seifen Oper GmbH","isPartOf":{"@id":"https:\/\/seifen-oper.ch\/#website"},"primaryImageOfPage":{"@id":"https:\/\/seifen-oper.ch\/?product=mondblumen-korpercreme#primaryimage"},"image":{"@id":"https:\/\/seifen-oper.ch\/?product=mondblumen-korpercreme#primaryimage"},"thumbnailUrl":"https:\/\/seifen-oper.ch\/wp-content\/uploads\/2020\/09\/mondblumen-k\u00f6rpercreme.png","datePublished":"2020-09-01T17:59:03+00:00","dateModified":"2020-11-27T23:10:06+00:00","breadcrumb":{"@id":"https:\/\/seifen-oper.ch\/?product=mondblumen-korpercreme#breadcrumb"},"inLanguage":"de-CH","potentialAction":[{"@type":"ReadAction","target":["https:\/\/seifen-oper.ch\/?product=mondblumen-korpercreme"]}]},{"@type":"ImageObject","inLanguage":"de-CH","@id":"https:\/\/seifen-oper.ch\/?product=mondblumen-korpercreme#primaryimage","url":"https:\/\/seifen-oper.ch\/wp-content\/uploads\/2020\/09\/mondblumen-k\u00f6rpercreme.png","contentUrl":"https:\/\/seifen-oper.ch\/wp-content\/uploads\/2020\/09\/mondblumen-k\u00f6rpercreme.png","width":2944,"height":2112},{"@type":"BreadcrumbList","@id":"https:\/\/seifen-oper.ch\/?product=mondblumen-korpercreme#breadcrumb","itemListElement":[{"@type":"ListItem","position":1,"name":"Home","item":"https:\/\/seifen-oper.ch\/"},{"@type":"ListItem","position":2,"name":"Shop","item":"https:\/\/seifen-oper.ch\/?page_id=12"},{"@type":"ListItem","position":3,"name":"&#171;Mondblumen K\u00f6rpercreme&#187;"}]},{"@type":"WebSite","@id":"https:\/\/seifen-oper.ch\/#website","url":"https:\/\/seifen-oper.ch\/","name":"Seifen Oper GmbH","description":"Kosmetik bester Qualit\u00e4t. Handgefertigt.","publisher":{"@id":"https:\/\/seifen-oper.ch\/#organization"},"potentialAction":[{"@type":"SearchAction","target":{"@type":"EntryPoint","urlTemplate":"https:\/\/seifen-oper.ch\/?s={search_term_string}"},"query-input":{"@type":"PropertyValueSpecification","valueRequired":true,"valueName":"search_term_string"}}],"inLanguage":"de-CH"},{"@type":"Organization","@id":"https:\/\/seifen-oper.ch\/#organization","name":"Seifen Oper GmbH","url":"https:\/\/seifen-oper.ch\/","logo":{"@type":"ImageObject","inLanguage":"de-CH","@id":"https:\/\/seifen-oper.ch\/#\/schema\/logo\/image\/","url":"https:\/\/seifen-oper.ch\/wp-content\/uploads\/2019\/06\/logo.seifen-oper450.txt.1.png","contentUrl":"https:\/\/seifen-oper.ch\/wp-content\/uploads\/2019\/06\/logo.seifen-oper450.txt.1.png","width":1835,"height":1635,"caption":"Seifen Oper GmbH"},"image":{"@id":"https:\/\/seifen-oper.ch\/#\/schema\/logo\/image\/"},"sameAs":["https:\/\/www.facebook.com\/SeifenOperGmbH","https:\/\/www.instagram.com\/explore\/locations\/1028758197\/seifen-oper\/"]}]}},"_links":{"self":[{"href":"https:\/\/seifen-oper.ch\/index.php?rest_route=\/wp\/v2\/product\/3095"}],"collection":[{"href":"https:\/\/seifen-oper.ch\/index.php?rest_route=\/wp\/v2\/product"}],"about":[{"href":"https:\/\/seifen-oper.ch\/index.php?rest_route=\/wp\/v2\/types\/product"}],"wp:featuredmedia":[{"embeddable":true,"href":"https:\/\/seifen-oper.ch\/index.php?rest_route=\/wp\/v2\/media\/3091"}],"wp:attachment":[{"href":"https:\/\/seifen-oper.ch\/index.php?rest_route=%2Fwp%2Fv2%2Fmedia&parent=3095"}],"wp:term":[{"taxonomy":"product_brand","embeddable":true,"href":"https:\/\/seifen-oper.ch\/index.php?rest_route=%2Fwp%2Fv2%2Fproduct_brand&post=3095"},{"taxonomy":"product_cat","embeddable":true,"href":"https:\/\/seifen-oper.ch\/index.php?rest_route=%2Fwp%2Fv2%2Fproduct_cat&post=3095"},{"taxonomy":"product_tag","embeddable":true,"href":"https:\/\/seifen-oper.ch\/index.php?rest_route=%2Fwp%2Fv2%2Fproduct_tag&post=3095"}],"curies":[{"name":"wp","href":"https:\/\/api.w.org\/{rel}","templated":true}]}}