{"id":3089,"date":"2020-09-01T19:47:31","date_gmt":"2020-09-01T17:47:31","guid":{"rendered":"https:\/\/seifen-oper.ch\/?post_type=product&#038;p=3089"},"modified":"2020-11-28T00:10:05","modified_gmt":"2020-11-27T23:10:05","slug":"zuckerschnute-mondblumen","status":"publish","type":"product","link":"https:\/\/seifen-oper.ch\/?product=zuckerschnute-mondblumen","title":{"rendered":"&#171;Zuckerschnute Mondblumen&#187;"},"content":{"rendered":"<div class=\"\" style=\"text-align: center;\">Diese erfrischende Zuckerschnute verhilft Ihnen zu samtweicher Haut indem sie alle abgestorbenen Hautsch\u00fcppchen entfernt. Ausserdem hinterl\u00e4sst sie einen verf\u00fchrerischen\u00a0 Duft auf Ihrer streichelzarten Haut.<\/div>\n<div class=\"\" style=\"text-align: center;\">Unser \u201eMondblumen-Duft\u201c\u00a0 ist unwiderstehlich warm und geheimnisvoll. Er ist ideal f\u00fcr die k\u00fchlere Jahreszeit: in der Kopfnote ist er blumig. Untermalt mit einer warmen, pudrigen Herznote. Die sinnlich, verf\u00fchrerische Basisnote, der Charakter des Duftes, rundet den Duft ab. Die perfekte Kombination an Duftessenzen, welche harmonieren ohne aufdringlich zu sein.<\/div>\n<div class=\"\" style=\"text-align: center;\"><\/div>\n<div class=\"\" style=\"text-align: center;\">Anwendung: Eine Handvoll Peeling mit unter die Dusche nehmen und den K\u00f6rper damit abreiben. Mit Wasser absp\u00fclen.<\/div>\n<div class=\"\" style=\"text-align: center;\">Bitte nur \u00e4usserlich anwenden. Ohne Konservierungsstoffe.<\/div>\n<div class=\"\" style=\"text-align: center;\"><\/div>\n<div class=\"\" style=\"text-align: center;\">Inhaltsstoffe: INCI:\u00a0Saccharide Isomerate (Zucker), Glycerine, Parf\u00fcm\u00f6lmischung,Ci 77019 (rosa Farbpigment), E142 (gr\u00fcnes Farbpigment)<\/div>\n<div class=\"\" style=\"text-align: center;\">ca. 150g \/ Sfr. 13.-<\/div>\n<div style=\"text-align: center;\"><\/div>\n<div class=\"\" style=\"text-align: center;\">Tipp: passt hervorragend zu unserer \u201eMondblumen K\u00f6rpercreme\u201c<\/div>\n","protected":false},"excerpt":{"rendered":"<p>K\u00f6rperpeeling mit \u201eMondblumenduft\u201c<\/p>\n","protected":false},"featured_media":3094,"template":"","meta":[],"product_brand":[],"product_cat":[51],"product_tag":[76,92,80,63,79,73,77,74,75],"class_list":{"0":"post-3089","1":"product","2":"type-product","3":"status-publish","4":"has-post-thumbnail","6":"product_cat-korperppelings","7":"product_tag-korper","8":"product_tag-korperpflege","9":"product_tag-mondblume","10":"product_tag-mondblumen","11":"product_tag-mondblumenduft","12":"product_tag-peeling","13":"product_tag-pflege","14":"product_tag-zucker","15":"product_tag-zuckerschnute","17":"first","18":"instock","19":"shipping-taxable","20":"purchasable","21":"product-type-simple"},"yoast_head":"<!-- This site is optimized with the Yoast SEO plugin v25.6 - https:\/\/yoast.com\/wordpress\/plugins\/seo\/ -->\n<title>&quot;Zuckerschnute Mondblumen&quot; - Seifen Oper GmbH<\/title>\n<meta name=\"robots\" content=\"index, follow, max-snippet:-1, max-image-preview:large, max-video-preview:-1\" \/>\n<link rel=\"canonical\" href=\"https:\/\/seifen-oper.ch\/?product=zuckerschnute-mondblumen\" \/>\n<meta property=\"og:locale\" content=\"de_DE\" \/>\n<meta property=\"og:type\" content=\"article\" \/>\n<meta property=\"og:title\" content=\"&quot;Zuckerschnute Mondblumen&quot; - Seifen Oper GmbH\" \/>\n<meta property=\"og:description\" content=\"K\u00f6rperpeeling mit \u201eMondblumenduft\u201c\" \/>\n<meta property=\"og:url\" content=\"https:\/\/seifen-oper.ch\/?product=zuckerschnute-mondblumen\" \/>\n<meta property=\"og:site_name\" content=\"Seifen Oper GmbH\" \/>\n<meta property=\"article:publisher\" content=\"https:\/\/www.facebook.com\/SeifenOperGmbH\" \/>\n<meta property=\"article:modified_time\" content=\"2020-11-27T23:10:05+00:00\" \/>\n<meta property=\"og:image\" content=\"https:\/\/seifen-oper.ch\/wp-content\/uploads\/2020\/09\/mondblumen-zuckerschnute-1024x774.png\" \/>\n\t<meta property=\"og:image:width\" content=\"1024\" \/>\n\t<meta property=\"og:image:height\" content=\"774\" \/>\n\t<meta property=\"og:image:type\" content=\"image\/png\" \/>\n<meta name=\"twitter:card\" content=\"summary_large_image\" \/>\n<meta name=\"twitter:label1\" content=\"Gesch\u00e4tzte Lesezeit\" \/>\n\t<meta name=\"twitter:data1\" content=\"1 Minute\" \/>\n<script type=\"application\/ld+json\" class=\"yoast-schema-graph\">{\"@context\":\"https:\/\/schema.org\",\"@graph\":[{\"@type\":\"WebPage\",\"@id\":\"https:\/\/seifen-oper.ch\/?product=zuckerschnute-mondblumen\",\"url\":\"https:\/\/seifen-oper.ch\/?product=zuckerschnute-mondblumen\",\"name\":\"\\\"Zuckerschnute Mondblumen\\\" - Seifen Oper GmbH\",\"isPartOf\":{\"@id\":\"https:\/\/seifen-oper.ch\/#website\"},\"primaryImageOfPage\":{\"@id\":\"https:\/\/seifen-oper.ch\/?product=zuckerschnute-mondblumen#primaryimage\"},\"image\":{\"@id\":\"https:\/\/seifen-oper.ch\/?product=zuckerschnute-mondblumen#primaryimage\"},\"thumbnailUrl\":\"https:\/\/seifen-oper.ch\/wp-content\/uploads\/2020\/09\/mondblumen-zuckerschnute.png\",\"datePublished\":\"2020-09-01T17:47:31+00:00\",\"dateModified\":\"2020-11-27T23:10:05+00:00\",\"breadcrumb\":{\"@id\":\"https:\/\/seifen-oper.ch\/?product=zuckerschnute-mondblumen#breadcrumb\"},\"inLanguage\":\"de-CH\",\"potentialAction\":[{\"@type\":\"ReadAction\",\"target\":[\"https:\/\/seifen-oper.ch\/?product=zuckerschnute-mondblumen\"]}]},{\"@type\":\"ImageObject\",\"inLanguage\":\"de-CH\",\"@id\":\"https:\/\/seifen-oper.ch\/?product=zuckerschnute-mondblumen#primaryimage\",\"url\":\"https:\/\/seifen-oper.ch\/wp-content\/uploads\/2020\/09\/mondblumen-zuckerschnute.png\",\"contentUrl\":\"https:\/\/seifen-oper.ch\/wp-content\/uploads\/2020\/09\/mondblumen-zuckerschnute.png\",\"width\":2525,\"height\":1909},{\"@type\":\"BreadcrumbList\",\"@id\":\"https:\/\/seifen-oper.ch\/?product=zuckerschnute-mondblumen#breadcrumb\",\"itemListElement\":[{\"@type\":\"ListItem\",\"position\":1,\"name\":\"Home\",\"item\":\"https:\/\/seifen-oper.ch\/\"},{\"@type\":\"ListItem\",\"position\":2,\"name\":\"Shop\",\"item\":\"https:\/\/seifen-oper.ch\/?page_id=12\"},{\"@type\":\"ListItem\",\"position\":3,\"name\":\"&#171;Zuckerschnute Mondblumen&#187;\"}]},{\"@type\":\"WebSite\",\"@id\":\"https:\/\/seifen-oper.ch\/#website\",\"url\":\"https:\/\/seifen-oper.ch\/\",\"name\":\"Seifen Oper GmbH\",\"description\":\"Kosmetik bester Qualit\u00e4t. Handgefertigt.\",\"publisher\":{\"@id\":\"https:\/\/seifen-oper.ch\/#organization\"},\"potentialAction\":[{\"@type\":\"SearchAction\",\"target\":{\"@type\":\"EntryPoint\",\"urlTemplate\":\"https:\/\/seifen-oper.ch\/?s={search_term_string}\"},\"query-input\":{\"@type\":\"PropertyValueSpecification\",\"valueRequired\":true,\"valueName\":\"search_term_string\"}}],\"inLanguage\":\"de-CH\"},{\"@type\":\"Organization\",\"@id\":\"https:\/\/seifen-oper.ch\/#organization\",\"name\":\"Seifen Oper GmbH\",\"url\":\"https:\/\/seifen-oper.ch\/\",\"logo\":{\"@type\":\"ImageObject\",\"inLanguage\":\"de-CH\",\"@id\":\"https:\/\/seifen-oper.ch\/#\/schema\/logo\/image\/\",\"url\":\"https:\/\/seifen-oper.ch\/wp-content\/uploads\/2019\/06\/logo.seifen-oper450.txt.1.png\",\"contentUrl\":\"https:\/\/seifen-oper.ch\/wp-content\/uploads\/2019\/06\/logo.seifen-oper450.txt.1.png\",\"width\":1835,\"height\":1635,\"caption\":\"Seifen Oper GmbH\"},\"image\":{\"@id\":\"https:\/\/seifen-oper.ch\/#\/schema\/logo\/image\/\"},\"sameAs\":[\"https:\/\/www.facebook.com\/SeifenOperGmbH\",\"https:\/\/www.instagram.com\/explore\/locations\/1028758197\/seifen-oper\/\"]}]}<\/script>\n<!-- \/ Yoast SEO plugin. -->","yoast_head_json":{"title":"\"Zuckerschnute Mondblumen\" - Seifen Oper GmbH","robots":{"index":"index","follow":"follow","max-snippet":"max-snippet:-1","max-image-preview":"max-image-preview:large","max-video-preview":"max-video-preview:-1"},"canonical":"https:\/\/seifen-oper.ch\/?product=zuckerschnute-mondblumen","og_locale":"de_DE","og_type":"article","og_title":"\"Zuckerschnute Mondblumen\" - Seifen Oper GmbH","og_description":"K\u00f6rperpeeling mit \u201eMondblumenduft\u201c","og_url":"https:\/\/seifen-oper.ch\/?product=zuckerschnute-mondblumen","og_site_name":"Seifen Oper GmbH","article_publisher":"https:\/\/www.facebook.com\/SeifenOperGmbH","article_modified_time":"2020-11-27T23:10:05+00:00","og_image":[{"width":1024,"height":774,"url":"https:\/\/seifen-oper.ch\/wp-content\/uploads\/2020\/09\/mondblumen-zuckerschnute-1024x774.png","type":"image\/png"}],"twitter_card":"summary_large_image","twitter_misc":{"Gesch\u00e4tzte Lesezeit":"1 Minute"},"schema":{"@context":"https:\/\/schema.org","@graph":[{"@type":"WebPage","@id":"https:\/\/seifen-oper.ch\/?product=zuckerschnute-mondblumen","url":"https:\/\/seifen-oper.ch\/?product=zuckerschnute-mondblumen","name":"\"Zuckerschnute Mondblumen\" - Seifen Oper GmbH","isPartOf":{"@id":"https:\/\/seifen-oper.ch\/#website"},"primaryImageOfPage":{"@id":"https:\/\/seifen-oper.ch\/?product=zuckerschnute-mondblumen#primaryimage"},"image":{"@id":"https:\/\/seifen-oper.ch\/?product=zuckerschnute-mondblumen#primaryimage"},"thumbnailUrl":"https:\/\/seifen-oper.ch\/wp-content\/uploads\/2020\/09\/mondblumen-zuckerschnute.png","datePublished":"2020-09-01T17:47:31+00:00","dateModified":"2020-11-27T23:10:05+00:00","breadcrumb":{"@id":"https:\/\/seifen-oper.ch\/?product=zuckerschnute-mondblumen#breadcrumb"},"inLanguage":"de-CH","potentialAction":[{"@type":"ReadAction","target":["https:\/\/seifen-oper.ch\/?product=zuckerschnute-mondblumen"]}]},{"@type":"ImageObject","inLanguage":"de-CH","@id":"https:\/\/seifen-oper.ch\/?product=zuckerschnute-mondblumen#primaryimage","url":"https:\/\/seifen-oper.ch\/wp-content\/uploads\/2020\/09\/mondblumen-zuckerschnute.png","contentUrl":"https:\/\/seifen-oper.ch\/wp-content\/uploads\/2020\/09\/mondblumen-zuckerschnute.png","width":2525,"height":1909},{"@type":"BreadcrumbList","@id":"https:\/\/seifen-oper.ch\/?product=zuckerschnute-mondblumen#breadcrumb","itemListElement":[{"@type":"ListItem","position":1,"name":"Home","item":"https:\/\/seifen-oper.ch\/"},{"@type":"ListItem","position":2,"name":"Shop","item":"https:\/\/seifen-oper.ch\/?page_id=12"},{"@type":"ListItem","position":3,"name":"&#171;Zuckerschnute Mondblumen&#187;"}]},{"@type":"WebSite","@id":"https:\/\/seifen-oper.ch\/#website","url":"https:\/\/seifen-oper.ch\/","name":"Seifen Oper GmbH","description":"Kosmetik bester Qualit\u00e4t. Handgefertigt.","publisher":{"@id":"https:\/\/seifen-oper.ch\/#organization"},"potentialAction":[{"@type":"SearchAction","target":{"@type":"EntryPoint","urlTemplate":"https:\/\/seifen-oper.ch\/?s={search_term_string}"},"query-input":{"@type":"PropertyValueSpecification","valueRequired":true,"valueName":"search_term_string"}}],"inLanguage":"de-CH"},{"@type":"Organization","@id":"https:\/\/seifen-oper.ch\/#organization","name":"Seifen Oper GmbH","url":"https:\/\/seifen-oper.ch\/","logo":{"@type":"ImageObject","inLanguage":"de-CH","@id":"https:\/\/seifen-oper.ch\/#\/schema\/logo\/image\/","url":"https:\/\/seifen-oper.ch\/wp-content\/uploads\/2019\/06\/logo.seifen-oper450.txt.1.png","contentUrl":"https:\/\/seifen-oper.ch\/wp-content\/uploads\/2019\/06\/logo.seifen-oper450.txt.1.png","width":1835,"height":1635,"caption":"Seifen Oper GmbH"},"image":{"@id":"https:\/\/seifen-oper.ch\/#\/schema\/logo\/image\/"},"sameAs":["https:\/\/www.facebook.com\/SeifenOperGmbH","https:\/\/www.instagram.com\/explore\/locations\/1028758197\/seifen-oper\/"]}]}},"_links":{"self":[{"href":"https:\/\/seifen-oper.ch\/index.php?rest_route=\/wp\/v2\/product\/3089"}],"collection":[{"href":"https:\/\/seifen-oper.ch\/index.php?rest_route=\/wp\/v2\/product"}],"about":[{"href":"https:\/\/seifen-oper.ch\/index.php?rest_route=\/wp\/v2\/types\/product"}],"wp:featuredmedia":[{"embeddable":true,"href":"https:\/\/seifen-oper.ch\/index.php?rest_route=\/wp\/v2\/media\/3094"}],"wp:attachment":[{"href":"https:\/\/seifen-oper.ch\/index.php?rest_route=%2Fwp%2Fv2%2Fmedia&parent=3089"}],"wp:term":[{"taxonomy":"product_brand","embeddable":true,"href":"https:\/\/seifen-oper.ch\/index.php?rest_route=%2Fwp%2Fv2%2Fproduct_brand&post=3089"},{"taxonomy":"product_cat","embeddable":true,"href":"https:\/\/seifen-oper.ch\/index.php?rest_route=%2Fwp%2Fv2%2Fproduct_cat&post=3089"},{"taxonomy":"product_tag","embeddable":true,"href":"https:\/\/seifen-oper.ch\/index.php?rest_route=%2Fwp%2Fv2%2Fproduct_tag&post=3089"}],"curies":[{"name":"wp","href":"https:\/\/api.w.org\/{rel}","templated":true}]}}