{"id":276,"date":"2019-06-17T11:37:02","date_gmt":"2019-06-17T11:37:02","guid":{"rendered":"https:\/\/seifen-oper.ch\/?product=trockenshampoo-helles-haar"},"modified":"2019-10-04T11:47:39","modified_gmt":"2019-10-04T09:47:39","slug":"trockenshampoo-helles-haar","status":"publish","type":"product","link":"https:\/\/seifen-oper.ch\/?product=trockenshampoo-helles-haar","title":{"rendered":"&#171;Trockenshampoo&#187;, helles Haar"},"content":{"rendered":"<p style=\"text-align: center;\"><span style=\"color: #888888;\">Jahrelang galten Trockenshampoo und Haarpuder als Oma-Produkte. Vor vielen Jahren war das Benutzen eines Trockenshampoos \u00fcblich, da man die Haare im Wochenrhythmus wusch. Das Trockenshampoo erm\u00f6glichte trotz des grossen Abstands zwischen den Haarw\u00e4schen einen guten Sitz der Frisur und sorgte f\u00fcr wohlriechende Haare. Zugegeben: So richtig neu sind Trockenschampoo und Haarpuder nicht. Aber wer hat gesagt, dass immer nur das Neuste auch das Beste ist? Alt Bew\u00e4hrtes hat meist noch mehr Qualit\u00e4t. Vor allem, wenn man es neu f\u00fcr sich entdeckt. Trockenshampoos und Haarpuder feierten bereits in den 20er Jahren ihren grossen, kosmetischen Erfolg. Aber erst heute setzt das Haarpuder seinen Siegeszug fort und das umso besser: Mit leichter Textur, erfrischendem Duft und Anti-Fett Effekt, die ideale Trockenw\u00e4sche zwischen den normalen Haarw\u00e4schen. Ganz ohne Wasser. Die Frisur ist von Grund auf erfrischt und hat wieder F\u00fclle. <\/span><\/p>\n<p style=\"text-align: center;\"><span style=\"color: #888888;\">Anwendung: Geben Sie das Trockenshampoo auf den Haaransatz und massieren Sie es ein. 2 Minuten einwirken lassen, gut ausb\u00fcrsten, FERTIG! Die Frisur ist von Grund auf erfrischt, das Haar duftet und hat wieder F\u00fclle. Unser Trockenshampoo gibt dem Haar eine nat\u00fcrliche Textur, \u00fcbersch\u00fcssiger Talg wird absorbiert, es ist daher ideal f\u00fcr Personen mit schnell fettendem Haar, die es eilig haben. Extra Frische und langanhaltendes Volumen ohne die Haare zu waschen und f\u00f6hnen.<\/span><\/p>\n<p style=\"text-align: center;\"><span style=\"color: #888888;\">Inhaltsstoffe INCI: Zea Mays Starch (Maisst\u00e4rke),\u00a0Heilerde,\u00a0Maris Sal (Salz),\u00a0Pogostemon cablin (Patchouli) Oil (\u00e4therisches Patchouli\u00f6l), Mentha arvensis (\u00e4th.\u00a0Minz\u00f6l),\u00a0\u00a0Salvia Officinalis Oil (Salbei\u00f6l) und\u00a0Pelargonium Gravolens Oil (\u00e4therisches\u00a0Geranium\u00f6l).<\/span><\/p>\n<p style=\"text-align: center;\"><span style=\"color: #888888;\">100g \/ Sfr. 15.-<\/span><\/p>\n","protected":false},"excerpt":{"rendered":"<p>Die ideale Trockenw\u00e4sche zwischen den normalen Haarw\u00e4schen. Helles Trockenshampoo f\u00fcr helle (blond, weiss) Haare.<\/p>\n","protected":false},"featured_media":1818,"template":"","meta":[],"product_brand":[],"product_cat":[19],"product_tag":[],"class_list":{"0":"post-276","1":"product","2":"type-product","3":"status-publish","4":"has-post-thumbnail","6":"product_cat-haare","8":"first","9":"instock","10":"shipping-taxable","11":"purchasable","12":"product-type-simple"},"yoast_head":"<!-- This site is optimized with the Yoast SEO plugin v25.6 - https:\/\/yoast.com\/wordpress\/plugins\/seo\/ -->\n<title>&quot;Trockenshampoo&quot;, helles Haar - Seifen Oper GmbH<\/title>\n<meta name=\"robots\" content=\"index, follow, max-snippet:-1, max-image-preview:large, max-video-preview:-1\" \/>\n<link rel=\"canonical\" href=\"https:\/\/seifen-oper.ch\/?product=trockenshampoo-helles-haar\" \/>\n<meta property=\"og:locale\" content=\"de_DE\" \/>\n<meta property=\"og:type\" content=\"article\" \/>\n<meta property=\"og:title\" content=\"&quot;Trockenshampoo&quot;, helles Haar - Seifen Oper GmbH\" \/>\n<meta property=\"og:description\" content=\"Die ideale Trockenw\u00e4sche zwischen den normalen Haarw\u00e4schen. Helles Trockenshampoo f\u00fcr helle (blond, weiss) Haare.\" \/>\n<meta property=\"og:url\" content=\"https:\/\/seifen-oper.ch\/?product=trockenshampoo-helles-haar\" \/>\n<meta property=\"og:site_name\" content=\"Seifen Oper GmbH\" \/>\n<meta property=\"article:publisher\" content=\"https:\/\/www.facebook.com\/SeifenOperGmbH\" \/>\n<meta property=\"article:modified_time\" content=\"2019-10-04T09:47:39+00:00\" \/>\n<meta property=\"og:image\" content=\"https:\/\/seifen-oper.ch\/wp-content\/uploads\/2019\/06\/Trockenshampoo-hell-Foto.png\" \/>\n\t<meta property=\"og:image:width\" content=\"916\" \/>\n\t<meta property=\"og:image:height\" content=\"1118\" \/>\n\t<meta property=\"og:image:type\" content=\"image\/png\" \/>\n<meta name=\"twitter:card\" content=\"summary_large_image\" \/>\n<meta name=\"twitter:label1\" content=\"Gesch\u00e4tzte Lesezeit\" \/>\n\t<meta name=\"twitter:data1\" content=\"1 Minute\" \/>\n<script type=\"application\/ld+json\" class=\"yoast-schema-graph\">{\"@context\":\"https:\/\/schema.org\",\"@graph\":[{\"@type\":\"WebPage\",\"@id\":\"https:\/\/seifen-oper.ch\/?product=trockenshampoo-helles-haar\",\"url\":\"https:\/\/seifen-oper.ch\/?product=trockenshampoo-helles-haar\",\"name\":\"\\\"Trockenshampoo\\\", helles Haar - Seifen Oper GmbH\",\"isPartOf\":{\"@id\":\"https:\/\/seifen-oper.ch\/#website\"},\"primaryImageOfPage\":{\"@id\":\"https:\/\/seifen-oper.ch\/?product=trockenshampoo-helles-haar#primaryimage\"},\"image\":{\"@id\":\"https:\/\/seifen-oper.ch\/?product=trockenshampoo-helles-haar#primaryimage\"},\"thumbnailUrl\":\"https:\/\/seifen-oper.ch\/wp-content\/uploads\/2019\/06\/Trockenshampoo-hell-Foto.png\",\"datePublished\":\"2019-06-17T11:37:02+00:00\",\"dateModified\":\"2019-10-04T09:47:39+00:00\",\"breadcrumb\":{\"@id\":\"https:\/\/seifen-oper.ch\/?product=trockenshampoo-helles-haar#breadcrumb\"},\"inLanguage\":\"de-CH\",\"potentialAction\":[{\"@type\":\"ReadAction\",\"target\":[\"https:\/\/seifen-oper.ch\/?product=trockenshampoo-helles-haar\"]}]},{\"@type\":\"ImageObject\",\"inLanguage\":\"de-CH\",\"@id\":\"https:\/\/seifen-oper.ch\/?product=trockenshampoo-helles-haar#primaryimage\",\"url\":\"https:\/\/seifen-oper.ch\/wp-content\/uploads\/2019\/06\/Trockenshampoo-hell-Foto.png\",\"contentUrl\":\"https:\/\/seifen-oper.ch\/wp-content\/uploads\/2019\/06\/Trockenshampoo-hell-Foto.png\",\"width\":916,\"height\":1118},{\"@type\":\"BreadcrumbList\",\"@id\":\"https:\/\/seifen-oper.ch\/?product=trockenshampoo-helles-haar#breadcrumb\",\"itemListElement\":[{\"@type\":\"ListItem\",\"position\":1,\"name\":\"Home\",\"item\":\"https:\/\/seifen-oper.ch\/\"},{\"@type\":\"ListItem\",\"position\":2,\"name\":\"Shop\",\"item\":\"https:\/\/seifen-oper.ch\/?page_id=12\"},{\"@type\":\"ListItem\",\"position\":3,\"name\":\"&#171;Trockenshampoo&#187;, helles Haar\"}]},{\"@type\":\"WebSite\",\"@id\":\"https:\/\/seifen-oper.ch\/#website\",\"url\":\"https:\/\/seifen-oper.ch\/\",\"name\":\"Seifen Oper GmbH\",\"description\":\"Kosmetik bester Qualit\u00e4t. Handgefertigt.\",\"publisher\":{\"@id\":\"https:\/\/seifen-oper.ch\/#organization\"},\"potentialAction\":[{\"@type\":\"SearchAction\",\"target\":{\"@type\":\"EntryPoint\",\"urlTemplate\":\"https:\/\/seifen-oper.ch\/?s={search_term_string}\"},\"query-input\":{\"@type\":\"PropertyValueSpecification\",\"valueRequired\":true,\"valueName\":\"search_term_string\"}}],\"inLanguage\":\"de-CH\"},{\"@type\":\"Organization\",\"@id\":\"https:\/\/seifen-oper.ch\/#organization\",\"name\":\"Seifen Oper GmbH\",\"url\":\"https:\/\/seifen-oper.ch\/\",\"logo\":{\"@type\":\"ImageObject\",\"inLanguage\":\"de-CH\",\"@id\":\"https:\/\/seifen-oper.ch\/#\/schema\/logo\/image\/\",\"url\":\"https:\/\/seifen-oper.ch\/wp-content\/uploads\/2019\/06\/logo.seifen-oper450.txt.1.png\",\"contentUrl\":\"https:\/\/seifen-oper.ch\/wp-content\/uploads\/2019\/06\/logo.seifen-oper450.txt.1.png\",\"width\":1835,\"height\":1635,\"caption\":\"Seifen Oper GmbH\"},\"image\":{\"@id\":\"https:\/\/seifen-oper.ch\/#\/schema\/logo\/image\/\"},\"sameAs\":[\"https:\/\/www.facebook.com\/SeifenOperGmbH\",\"https:\/\/www.instagram.com\/explore\/locations\/1028758197\/seifen-oper\/\"]}]}<\/script>\n<!-- \/ Yoast SEO plugin. -->","yoast_head_json":{"title":"\"Trockenshampoo\", helles Haar - Seifen Oper GmbH","robots":{"index":"index","follow":"follow","max-snippet":"max-snippet:-1","max-image-preview":"max-image-preview:large","max-video-preview":"max-video-preview:-1"},"canonical":"https:\/\/seifen-oper.ch\/?product=trockenshampoo-helles-haar","og_locale":"de_DE","og_type":"article","og_title":"\"Trockenshampoo\", helles Haar - Seifen Oper GmbH","og_description":"Die ideale Trockenw\u00e4sche zwischen den normalen Haarw\u00e4schen. Helles Trockenshampoo f\u00fcr helle (blond, weiss) Haare.","og_url":"https:\/\/seifen-oper.ch\/?product=trockenshampoo-helles-haar","og_site_name":"Seifen Oper GmbH","article_publisher":"https:\/\/www.facebook.com\/SeifenOperGmbH","article_modified_time":"2019-10-04T09:47:39+00:00","og_image":[{"width":916,"height":1118,"url":"https:\/\/seifen-oper.ch\/wp-content\/uploads\/2019\/06\/Trockenshampoo-hell-Foto.png","type":"image\/png"}],"twitter_card":"summary_large_image","twitter_misc":{"Gesch\u00e4tzte Lesezeit":"1 Minute"},"schema":{"@context":"https:\/\/schema.org","@graph":[{"@type":"WebPage","@id":"https:\/\/seifen-oper.ch\/?product=trockenshampoo-helles-haar","url":"https:\/\/seifen-oper.ch\/?product=trockenshampoo-helles-haar","name":"\"Trockenshampoo\", helles Haar - Seifen Oper GmbH","isPartOf":{"@id":"https:\/\/seifen-oper.ch\/#website"},"primaryImageOfPage":{"@id":"https:\/\/seifen-oper.ch\/?product=trockenshampoo-helles-haar#primaryimage"},"image":{"@id":"https:\/\/seifen-oper.ch\/?product=trockenshampoo-helles-haar#primaryimage"},"thumbnailUrl":"https:\/\/seifen-oper.ch\/wp-content\/uploads\/2019\/06\/Trockenshampoo-hell-Foto.png","datePublished":"2019-06-17T11:37:02+00:00","dateModified":"2019-10-04T09:47:39+00:00","breadcrumb":{"@id":"https:\/\/seifen-oper.ch\/?product=trockenshampoo-helles-haar#breadcrumb"},"inLanguage":"de-CH","potentialAction":[{"@type":"ReadAction","target":["https:\/\/seifen-oper.ch\/?product=trockenshampoo-helles-haar"]}]},{"@type":"ImageObject","inLanguage":"de-CH","@id":"https:\/\/seifen-oper.ch\/?product=trockenshampoo-helles-haar#primaryimage","url":"https:\/\/seifen-oper.ch\/wp-content\/uploads\/2019\/06\/Trockenshampoo-hell-Foto.png","contentUrl":"https:\/\/seifen-oper.ch\/wp-content\/uploads\/2019\/06\/Trockenshampoo-hell-Foto.png","width":916,"height":1118},{"@type":"BreadcrumbList","@id":"https:\/\/seifen-oper.ch\/?product=trockenshampoo-helles-haar#breadcrumb","itemListElement":[{"@type":"ListItem","position":1,"name":"Home","item":"https:\/\/seifen-oper.ch\/"},{"@type":"ListItem","position":2,"name":"Shop","item":"https:\/\/seifen-oper.ch\/?page_id=12"},{"@type":"ListItem","position":3,"name":"&#171;Trockenshampoo&#187;, helles Haar"}]},{"@type":"WebSite","@id":"https:\/\/seifen-oper.ch\/#website","url":"https:\/\/seifen-oper.ch\/","name":"Seifen Oper GmbH","description":"Kosmetik bester Qualit\u00e4t. Handgefertigt.","publisher":{"@id":"https:\/\/seifen-oper.ch\/#organization"},"potentialAction":[{"@type":"SearchAction","target":{"@type":"EntryPoint","urlTemplate":"https:\/\/seifen-oper.ch\/?s={search_term_string}"},"query-input":{"@type":"PropertyValueSpecification","valueRequired":true,"valueName":"search_term_string"}}],"inLanguage":"de-CH"},{"@type":"Organization","@id":"https:\/\/seifen-oper.ch\/#organization","name":"Seifen Oper GmbH","url":"https:\/\/seifen-oper.ch\/","logo":{"@type":"ImageObject","inLanguage":"de-CH","@id":"https:\/\/seifen-oper.ch\/#\/schema\/logo\/image\/","url":"https:\/\/seifen-oper.ch\/wp-content\/uploads\/2019\/06\/logo.seifen-oper450.txt.1.png","contentUrl":"https:\/\/seifen-oper.ch\/wp-content\/uploads\/2019\/06\/logo.seifen-oper450.txt.1.png","width":1835,"height":1635,"caption":"Seifen Oper GmbH"},"image":{"@id":"https:\/\/seifen-oper.ch\/#\/schema\/logo\/image\/"},"sameAs":["https:\/\/www.facebook.com\/SeifenOperGmbH","https:\/\/www.instagram.com\/explore\/locations\/1028758197\/seifen-oper\/"]}]}},"_links":{"self":[{"href":"https:\/\/seifen-oper.ch\/index.php?rest_route=\/wp\/v2\/product\/276"}],"collection":[{"href":"https:\/\/seifen-oper.ch\/index.php?rest_route=\/wp\/v2\/product"}],"about":[{"href":"https:\/\/seifen-oper.ch\/index.php?rest_route=\/wp\/v2\/types\/product"}],"wp:featuredmedia":[{"embeddable":true,"href":"https:\/\/seifen-oper.ch\/index.php?rest_route=\/wp\/v2\/media\/1818"}],"wp:attachment":[{"href":"https:\/\/seifen-oper.ch\/index.php?rest_route=%2Fwp%2Fv2%2Fmedia&parent=276"}],"wp:term":[{"taxonomy":"product_brand","embeddable":true,"href":"https:\/\/seifen-oper.ch\/index.php?rest_route=%2Fwp%2Fv2%2Fproduct_brand&post=276"},{"taxonomy":"product_cat","embeddable":true,"href":"https:\/\/seifen-oper.ch\/index.php?rest_route=%2Fwp%2Fv2%2Fproduct_cat&post=276"},{"taxonomy":"product_tag","embeddable":true,"href":"https:\/\/seifen-oper.ch\/index.php?rest_route=%2Fwp%2Fv2%2Fproduct_tag&post=276"}],"curies":[{"name":"wp","href":"https:\/\/api.w.org\/{rel}","templated":true}]}}