{"id":263,"date":"2019-06-17T11:37:01","date_gmt":"2019-06-17T11:37:01","guid":{"rendered":"https:\/\/seifen-oper.ch\/?product=immer-frisch-deo-30ml"},"modified":"2019-10-04T11:50:54","modified_gmt":"2019-10-04T09:50:54","slug":"immer-frisch-deo-30ml","status":"publish","type":"product","link":"https:\/\/seifen-oper.ch\/?product=immer-frisch-deo-30ml","title":{"rendered":"&#171;Immer frisch Deo&#187; 30ml"},"content":{"rendered":"<p style=\"text-align: center;\"><span style=\"color: #888888;\">&#171;Immer frisch&#187; vermeidet nicht das Schwitzen, weil es die Poren nicht verschlie\u00dft, aber es wirkt ausgezeichnet gegen unangenehme K\u00f6rperger\u00fcche und saugt Feuchtigkeit auf. Salbei und Teebaum\u00f6l sch\u00fctzen effektiv vor Geruch. Aloe Vera, Avocado\u00f6l und Hamamelisauszug erhalten den nat\u00fcrlichen Feuchtigkeitsgehalt Ihrer Haut. Zink und Maisst\u00e4rke saugen die Feuchtigkeit auf.<\/span><\/p>\n<p style=\"text-align: center;\"><span style=\"color: #888888;\">Wir haben bewusst darauf verzichtet, unsere Deocreme noch zus\u00e4tzlich zu beduften, damit wir zus\u00e4tzliche Hautreizungen vermeiden und auch damit Sie es mit jeder K\u00f6rpercreme und jedem Parf\u00fcm Ihrer Wahl kombinieren k\u00f6nnen. &#171;Immer frisch&#187; duftet angenehm mild nach Zitrone und Salbei. &#171;Immer frisch&#187; Deodorant ist einfach, sicher und wirksam in der Anwendung. Unsere gesundheitlich unbedenkliche Deodorantcreme ohne Aluminium* funktioniert so, dass sie den Schwei\u00dfgeruch neutralisiert und Feuchtigkeit aufsaugt, aber das Schwitzen nicht g\u00e4nzlich verhindert.<\/span><\/p>\n<p style=\"text-align: center;\"><span style=\"color: #888888;\">30ml \/ Sfr. 15.-<\/span><\/p>\n<p style=\"text-align: center;\"><span style=\"font-family: arial, helvetica, sans-serif; color: #888888;\">Inhaltsstoffe: INCI: Aqua-Auszug aus:\u00a0thymus vulgaris (Thymian), Salviae (Salbei),\u00a0Hamamelis virginiana (Hamamelisauszug),\u00a0Alcohol,\u00a0Methylparaben,\u00a0Propylparaben, Aqua purificata,\u00a0Cetyl Alcohol,\u00a0Ceteareth-6,\u00a0Sodium Cetearyl Sulfate, Arachidis oleum hydrogenatum,\u00a0Tin Oxide (Zinkoxide),\u00a0Zea Mays Starch (Maisst\u00e4rke),\u00a0citrus medica limonum juice (frischer Zitronensaft),\u00a0Teebaum\u00f6l,\u00a0Persea Gratissima Oil (Avocado\u00f6l),\u00a0Aloe Barbadensis Leaf Juice (Aloe Veragel),\u00a0Melaleucae aetheroleum\u00a0(\u00e4th. Teebaum\u00f6l),\u00a0\u00e4th. Salbei- und Zitronen\u00f6l<\/span><\/p>\n<p style=\"text-align: center;\"><span style=\"color: #888888;\">*Das Problem mit Aluminium ist, dass es vom K\u00f6rper aufgenommen wird und sich laut div. Berichten verheerend auf das Gehirn auswirken kann. Jedes Antitranspirant funktioniert so, dass es die Poren mit Hilfe von Aluminium bzw. Aluminiumsalzen verstopft oder verschlie\u00dft, so dass nur wenig Schwei\u00df heraus kann. Damit wird auch ein Weg der Entgiftung des K\u00f6rpers blockiert. Besonders kritisch f\u00fcr Frauen, da Giftstoffe \u00fcber das Schwitzen den K\u00f6rper nicht verlassen und sich sehr leicht im Brustgewebe ablagern k\u00f6nnen. Die Aufnahme von Aluminium in den K\u00f6rper steigt rapide aufgrund feiner Verletzungen der Haut, wenn die Achselhaare weg rasiert werden, wie das viele Frauen heute tun!<\/span><\/p>\n","protected":false},"excerpt":{"rendered":"<p>Wirksame Deodorantcreme ohne Aluminium*.<\/p>\n","protected":false},"featured_media":1820,"template":"","meta":[],"product_brand":[],"product_cat":[28],"product_tag":[],"class_list":{"0":"post-263","1":"product","2":"type-product","3":"status-publish","4":"has-post-thumbnail","6":"product_cat-handefussedeo","8":"first","9":"instock","10":"shipping-taxable","11":"purchasable","12":"product-type-simple"},"yoast_head":"<!-- This site is optimized with the Yoast SEO plugin v25.6 - https:\/\/yoast.com\/wordpress\/plugins\/seo\/ -->\n<title>&quot;Immer frisch Deo&quot; 30ml - Seifen Oper GmbH<\/title>\n<meta name=\"robots\" content=\"index, follow, max-snippet:-1, max-image-preview:large, max-video-preview:-1\" \/>\n<link rel=\"canonical\" href=\"https:\/\/seifen-oper.ch\/?product=immer-frisch-deo-30ml\" \/>\n<meta property=\"og:locale\" content=\"de_DE\" \/>\n<meta property=\"og:type\" content=\"article\" \/>\n<meta property=\"og:title\" content=\"&quot;Immer frisch Deo&quot; 30ml - Seifen Oper GmbH\" \/>\n<meta property=\"og:description\" content=\"Wirksame Deodorantcreme ohne Aluminium*.\" \/>\n<meta property=\"og:url\" content=\"https:\/\/seifen-oper.ch\/?product=immer-frisch-deo-30ml\" \/>\n<meta property=\"og:site_name\" content=\"Seifen Oper GmbH\" \/>\n<meta property=\"article:publisher\" content=\"https:\/\/www.facebook.com\/SeifenOperGmbH\" \/>\n<meta property=\"article:modified_time\" content=\"2019-10-04T09:50:54+00:00\" \/>\n<meta property=\"og:image\" content=\"https:\/\/seifen-oper.ch\/wp-content\/uploads\/2019\/06\/Immer-Frisch-Deo-Foto-1.png\" \/>\n\t<meta property=\"og:image:width\" content=\"925\" \/>\n\t<meta property=\"og:image:height\" content=\"964\" \/>\n\t<meta property=\"og:image:type\" content=\"image\/png\" \/>\n<meta name=\"twitter:card\" content=\"summary_large_image\" \/>\n<meta name=\"twitter:label1\" content=\"Gesch\u00e4tzte Lesezeit\" \/>\n\t<meta name=\"twitter:data1\" content=\"2 Minuten\" \/>\n<script type=\"application\/ld+json\" class=\"yoast-schema-graph\">{\"@context\":\"https:\/\/schema.org\",\"@graph\":[{\"@type\":\"WebPage\",\"@id\":\"https:\/\/seifen-oper.ch\/?product=immer-frisch-deo-30ml\",\"url\":\"https:\/\/seifen-oper.ch\/?product=immer-frisch-deo-30ml\",\"name\":\"\\\"Immer frisch Deo\\\" 30ml - Seifen Oper GmbH\",\"isPartOf\":{\"@id\":\"https:\/\/seifen-oper.ch\/#website\"},\"primaryImageOfPage\":{\"@id\":\"https:\/\/seifen-oper.ch\/?product=immer-frisch-deo-30ml#primaryimage\"},\"image\":{\"@id\":\"https:\/\/seifen-oper.ch\/?product=immer-frisch-deo-30ml#primaryimage\"},\"thumbnailUrl\":\"https:\/\/seifen-oper.ch\/wp-content\/uploads\/2019\/06\/Immer-Frisch-Deo-Foto-1.png\",\"datePublished\":\"2019-06-17T11:37:01+00:00\",\"dateModified\":\"2019-10-04T09:50:54+00:00\",\"breadcrumb\":{\"@id\":\"https:\/\/seifen-oper.ch\/?product=immer-frisch-deo-30ml#breadcrumb\"},\"inLanguage\":\"de-CH\",\"potentialAction\":[{\"@type\":\"ReadAction\",\"target\":[\"https:\/\/seifen-oper.ch\/?product=immer-frisch-deo-30ml\"]}]},{\"@type\":\"ImageObject\",\"inLanguage\":\"de-CH\",\"@id\":\"https:\/\/seifen-oper.ch\/?product=immer-frisch-deo-30ml#primaryimage\",\"url\":\"https:\/\/seifen-oper.ch\/wp-content\/uploads\/2019\/06\/Immer-Frisch-Deo-Foto-1.png\",\"contentUrl\":\"https:\/\/seifen-oper.ch\/wp-content\/uploads\/2019\/06\/Immer-Frisch-Deo-Foto-1.png\",\"width\":925,\"height\":964},{\"@type\":\"BreadcrumbList\",\"@id\":\"https:\/\/seifen-oper.ch\/?product=immer-frisch-deo-30ml#breadcrumb\",\"itemListElement\":[{\"@type\":\"ListItem\",\"position\":1,\"name\":\"Home\",\"item\":\"https:\/\/seifen-oper.ch\/\"},{\"@type\":\"ListItem\",\"position\":2,\"name\":\"Shop\",\"item\":\"https:\/\/seifen-oper.ch\/?page_id=12\"},{\"@type\":\"ListItem\",\"position\":3,\"name\":\"&#171;Immer frisch Deo&#187; 30ml\"}]},{\"@type\":\"WebSite\",\"@id\":\"https:\/\/seifen-oper.ch\/#website\",\"url\":\"https:\/\/seifen-oper.ch\/\",\"name\":\"Seifen Oper GmbH\",\"description\":\"Kosmetik bester Qualit\u00e4t. Handgefertigt.\",\"publisher\":{\"@id\":\"https:\/\/seifen-oper.ch\/#organization\"},\"potentialAction\":[{\"@type\":\"SearchAction\",\"target\":{\"@type\":\"EntryPoint\",\"urlTemplate\":\"https:\/\/seifen-oper.ch\/?s={search_term_string}\"},\"query-input\":{\"@type\":\"PropertyValueSpecification\",\"valueRequired\":true,\"valueName\":\"search_term_string\"}}],\"inLanguage\":\"de-CH\"},{\"@type\":\"Organization\",\"@id\":\"https:\/\/seifen-oper.ch\/#organization\",\"name\":\"Seifen Oper GmbH\",\"url\":\"https:\/\/seifen-oper.ch\/\",\"logo\":{\"@type\":\"ImageObject\",\"inLanguage\":\"de-CH\",\"@id\":\"https:\/\/seifen-oper.ch\/#\/schema\/logo\/image\/\",\"url\":\"https:\/\/seifen-oper.ch\/wp-content\/uploads\/2019\/06\/logo.seifen-oper450.txt.1.png\",\"contentUrl\":\"https:\/\/seifen-oper.ch\/wp-content\/uploads\/2019\/06\/logo.seifen-oper450.txt.1.png\",\"width\":1835,\"height\":1635,\"caption\":\"Seifen Oper GmbH\"},\"image\":{\"@id\":\"https:\/\/seifen-oper.ch\/#\/schema\/logo\/image\/\"},\"sameAs\":[\"https:\/\/www.facebook.com\/SeifenOperGmbH\",\"https:\/\/www.instagram.com\/explore\/locations\/1028758197\/seifen-oper\/\"]}]}<\/script>\n<!-- \/ Yoast SEO plugin. -->","yoast_head_json":{"title":"\"Immer frisch Deo\" 30ml - Seifen Oper GmbH","robots":{"index":"index","follow":"follow","max-snippet":"max-snippet:-1","max-image-preview":"max-image-preview:large","max-video-preview":"max-video-preview:-1"},"canonical":"https:\/\/seifen-oper.ch\/?product=immer-frisch-deo-30ml","og_locale":"de_DE","og_type":"article","og_title":"\"Immer frisch Deo\" 30ml - Seifen Oper GmbH","og_description":"Wirksame Deodorantcreme ohne Aluminium*.","og_url":"https:\/\/seifen-oper.ch\/?product=immer-frisch-deo-30ml","og_site_name":"Seifen Oper GmbH","article_publisher":"https:\/\/www.facebook.com\/SeifenOperGmbH","article_modified_time":"2019-10-04T09:50:54+00:00","og_image":[{"width":925,"height":964,"url":"https:\/\/seifen-oper.ch\/wp-content\/uploads\/2019\/06\/Immer-Frisch-Deo-Foto-1.png","type":"image\/png"}],"twitter_card":"summary_large_image","twitter_misc":{"Gesch\u00e4tzte Lesezeit":"2 Minuten"},"schema":{"@context":"https:\/\/schema.org","@graph":[{"@type":"WebPage","@id":"https:\/\/seifen-oper.ch\/?product=immer-frisch-deo-30ml","url":"https:\/\/seifen-oper.ch\/?product=immer-frisch-deo-30ml","name":"\"Immer frisch Deo\" 30ml - Seifen Oper GmbH","isPartOf":{"@id":"https:\/\/seifen-oper.ch\/#website"},"primaryImageOfPage":{"@id":"https:\/\/seifen-oper.ch\/?product=immer-frisch-deo-30ml#primaryimage"},"image":{"@id":"https:\/\/seifen-oper.ch\/?product=immer-frisch-deo-30ml#primaryimage"},"thumbnailUrl":"https:\/\/seifen-oper.ch\/wp-content\/uploads\/2019\/06\/Immer-Frisch-Deo-Foto-1.png","datePublished":"2019-06-17T11:37:01+00:00","dateModified":"2019-10-04T09:50:54+00:00","breadcrumb":{"@id":"https:\/\/seifen-oper.ch\/?product=immer-frisch-deo-30ml#breadcrumb"},"inLanguage":"de-CH","potentialAction":[{"@type":"ReadAction","target":["https:\/\/seifen-oper.ch\/?product=immer-frisch-deo-30ml"]}]},{"@type":"ImageObject","inLanguage":"de-CH","@id":"https:\/\/seifen-oper.ch\/?product=immer-frisch-deo-30ml#primaryimage","url":"https:\/\/seifen-oper.ch\/wp-content\/uploads\/2019\/06\/Immer-Frisch-Deo-Foto-1.png","contentUrl":"https:\/\/seifen-oper.ch\/wp-content\/uploads\/2019\/06\/Immer-Frisch-Deo-Foto-1.png","width":925,"height":964},{"@type":"BreadcrumbList","@id":"https:\/\/seifen-oper.ch\/?product=immer-frisch-deo-30ml#breadcrumb","itemListElement":[{"@type":"ListItem","position":1,"name":"Home","item":"https:\/\/seifen-oper.ch\/"},{"@type":"ListItem","position":2,"name":"Shop","item":"https:\/\/seifen-oper.ch\/?page_id=12"},{"@type":"ListItem","position":3,"name":"&#171;Immer frisch Deo&#187; 30ml"}]},{"@type":"WebSite","@id":"https:\/\/seifen-oper.ch\/#website","url":"https:\/\/seifen-oper.ch\/","name":"Seifen Oper GmbH","description":"Kosmetik bester Qualit\u00e4t. Handgefertigt.","publisher":{"@id":"https:\/\/seifen-oper.ch\/#organization"},"potentialAction":[{"@type":"SearchAction","target":{"@type":"EntryPoint","urlTemplate":"https:\/\/seifen-oper.ch\/?s={search_term_string}"},"query-input":{"@type":"PropertyValueSpecification","valueRequired":true,"valueName":"search_term_string"}}],"inLanguage":"de-CH"},{"@type":"Organization","@id":"https:\/\/seifen-oper.ch\/#organization","name":"Seifen Oper GmbH","url":"https:\/\/seifen-oper.ch\/","logo":{"@type":"ImageObject","inLanguage":"de-CH","@id":"https:\/\/seifen-oper.ch\/#\/schema\/logo\/image\/","url":"https:\/\/seifen-oper.ch\/wp-content\/uploads\/2019\/06\/logo.seifen-oper450.txt.1.png","contentUrl":"https:\/\/seifen-oper.ch\/wp-content\/uploads\/2019\/06\/logo.seifen-oper450.txt.1.png","width":1835,"height":1635,"caption":"Seifen Oper GmbH"},"image":{"@id":"https:\/\/seifen-oper.ch\/#\/schema\/logo\/image\/"},"sameAs":["https:\/\/www.facebook.com\/SeifenOperGmbH","https:\/\/www.instagram.com\/explore\/locations\/1028758197\/seifen-oper\/"]}]}},"_links":{"self":[{"href":"https:\/\/seifen-oper.ch\/index.php?rest_route=\/wp\/v2\/product\/263"}],"collection":[{"href":"https:\/\/seifen-oper.ch\/index.php?rest_route=\/wp\/v2\/product"}],"about":[{"href":"https:\/\/seifen-oper.ch\/index.php?rest_route=\/wp\/v2\/types\/product"}],"wp:featuredmedia":[{"embeddable":true,"href":"https:\/\/seifen-oper.ch\/index.php?rest_route=\/wp\/v2\/media\/1820"}],"wp:attachment":[{"href":"https:\/\/seifen-oper.ch\/index.php?rest_route=%2Fwp%2Fv2%2Fmedia&parent=263"}],"wp:term":[{"taxonomy":"product_brand","embeddable":true,"href":"https:\/\/seifen-oper.ch\/index.php?rest_route=%2Fwp%2Fv2%2Fproduct_brand&post=263"},{"taxonomy":"product_cat","embeddable":true,"href":"https:\/\/seifen-oper.ch\/index.php?rest_route=%2Fwp%2Fv2%2Fproduct_cat&post=263"},{"taxonomy":"product_tag","embeddable":true,"href":"https:\/\/seifen-oper.ch\/index.php?rest_route=%2Fwp%2Fv2%2Fproduct_tag&post=263"}],"curies":[{"name":"wp","href":"https:\/\/api.w.org\/{rel}","templated":true}]}}