{"id":246,"date":"2019-06-17T11:37:00","date_gmt":"2019-06-17T11:37:00","guid":{"rendered":"https:\/\/seifen-oper.ch\/?product=kirschblutenol-100ml"},"modified":"2019-10-04T11:51:22","modified_gmt":"2019-10-04T09:51:22","slug":"kirschblutenol-100ml","status":"publish","type":"product","link":"https:\/\/seifen-oper.ch\/?product=kirschblutenol-100ml","title":{"rendered":"&#171;Kirschbl\u00fcten\u00f6l, 100ml&#187;"},"content":{"rendered":"<p style=\"text-align: center;\"><span style=\"color: #888888;\">Bestes Soja &amp; Traubenkern\u00f6l, verfeinert mit einem zarten Kirschbl\u00fctenduft. Dieses kostbare \u00d6l eignet sich f\u00fcr sie und ihn. Der Duft der Kirschbl\u00fcten zeichnet sich durch eine ausgewogene, elegante Mischung aus Frische und einer blumigen Note aus. Ein wundervoll bet\u00f6rdener Duft. \u2028<\/span><\/p>\n<p style=\"text-align: center;\"><span style=\"color: #888888;\">Inhaltsstoffe: INCI:\u00a0Glycine soja\u00a0(Soja\u00f6l),\u00a0Brassica campestris seed oil\u00a0(Raps\u00f6l), Vitis Vinifera Seed Oil (Traubenkern\u00f6l), Kirschbl\u00fctenparf\u00fcm\u00f6l<\/span><\/p>\n<p style=\"text-align: center;\"><span style=\"color: #888888;\">100 ml \/ Sfr. 12.-<\/span><\/p>\n","protected":false},"excerpt":{"rendered":"<p>feines Kirschbl\u00fcten Bade-, Massage- und Hautpflege\u00f6l.<\/p>\n","protected":false},"featured_media":1821,"template":"","meta":[],"product_brand":[],"product_cat":[29,32],"product_tag":[],"class_list":{"0":"post-246","1":"product","2":"type-product","3":"status-publish","4":"has-post-thumbnail","6":"product_cat-hautpflegeole","7":"product_cat-badeole","9":"first","10":"instock","11":"shipping-taxable","12":"purchasable","13":"product-type-simple"},"yoast_head":"<!-- This site is optimized with the Yoast SEO plugin v25.6 - https:\/\/yoast.com\/wordpress\/plugins\/seo\/ -->\n<title>&quot;Kirschbl\u00fcten\u00f6l, 100ml&quot; - Seifen Oper GmbH<\/title>\n<meta name=\"robots\" content=\"index, follow, max-snippet:-1, max-image-preview:large, max-video-preview:-1\" \/>\n<link rel=\"canonical\" href=\"https:\/\/seifen-oper.ch\/?product=kirschblutenol-100ml\" \/>\n<meta property=\"og:locale\" content=\"de_DE\" \/>\n<meta property=\"og:type\" content=\"article\" \/>\n<meta property=\"og:title\" content=\"&quot;Kirschbl\u00fcten\u00f6l, 100ml&quot; - Seifen Oper GmbH\" \/>\n<meta property=\"og:description\" content=\"feines Kirschbl\u00fcten Bade-, Massage- und Hautpflege\u00f6l.\" \/>\n<meta property=\"og:url\" content=\"https:\/\/seifen-oper.ch\/?product=kirschblutenol-100ml\" \/>\n<meta property=\"og:site_name\" content=\"Seifen Oper GmbH\" \/>\n<meta property=\"article:publisher\" content=\"https:\/\/www.facebook.com\/SeifenOperGmbH\" \/>\n<meta property=\"article:modified_time\" content=\"2019-10-04T09:51:22+00:00\" \/>\n<meta property=\"og:image\" content=\"https:\/\/seifen-oper.ch\/wp-content\/uploads\/2019\/06\/Kirschbl\u00fcten\u00f6l-Foto.png\" \/>\n\t<meta property=\"og:image:width\" content=\"934\" \/>\n\t<meta property=\"og:image:height\" content=\"1629\" \/>\n\t<meta property=\"og:image:type\" content=\"image\/png\" \/>\n<meta name=\"twitter:card\" content=\"summary_large_image\" \/>\n<script type=\"application\/ld+json\" class=\"yoast-schema-graph\">{\"@context\":\"https:\/\/schema.org\",\"@graph\":[{\"@type\":\"WebPage\",\"@id\":\"https:\/\/seifen-oper.ch\/?product=kirschblutenol-100ml\",\"url\":\"https:\/\/seifen-oper.ch\/?product=kirschblutenol-100ml\",\"name\":\"\\\"Kirschbl\u00fcten\u00f6l, 100ml\\\" - Seifen Oper GmbH\",\"isPartOf\":{\"@id\":\"https:\/\/seifen-oper.ch\/#website\"},\"primaryImageOfPage\":{\"@id\":\"https:\/\/seifen-oper.ch\/?product=kirschblutenol-100ml#primaryimage\"},\"image\":{\"@id\":\"https:\/\/seifen-oper.ch\/?product=kirschblutenol-100ml#primaryimage\"},\"thumbnailUrl\":\"https:\/\/seifen-oper.ch\/wp-content\/uploads\/2019\/06\/Kirschbl\u00fcten\u00f6l-Foto.png\",\"datePublished\":\"2019-06-17T11:37:00+00:00\",\"dateModified\":\"2019-10-04T09:51:22+00:00\",\"breadcrumb\":{\"@id\":\"https:\/\/seifen-oper.ch\/?product=kirschblutenol-100ml#breadcrumb\"},\"inLanguage\":\"de-CH\",\"potentialAction\":[{\"@type\":\"ReadAction\",\"target\":[\"https:\/\/seifen-oper.ch\/?product=kirschblutenol-100ml\"]}]},{\"@type\":\"ImageObject\",\"inLanguage\":\"de-CH\",\"@id\":\"https:\/\/seifen-oper.ch\/?product=kirschblutenol-100ml#primaryimage\",\"url\":\"https:\/\/seifen-oper.ch\/wp-content\/uploads\/2019\/06\/Kirschbl\u00fcten\u00f6l-Foto.png\",\"contentUrl\":\"https:\/\/seifen-oper.ch\/wp-content\/uploads\/2019\/06\/Kirschbl\u00fcten\u00f6l-Foto.png\",\"width\":934,\"height\":1629},{\"@type\":\"BreadcrumbList\",\"@id\":\"https:\/\/seifen-oper.ch\/?product=kirschblutenol-100ml#breadcrumb\",\"itemListElement\":[{\"@type\":\"ListItem\",\"position\":1,\"name\":\"Home\",\"item\":\"https:\/\/seifen-oper.ch\/\"},{\"@type\":\"ListItem\",\"position\":2,\"name\":\"Shop\",\"item\":\"https:\/\/seifen-oper.ch\/?page_id=12\"},{\"@type\":\"ListItem\",\"position\":3,\"name\":\"&#171;Kirschbl\u00fcten\u00f6l, 100ml&#187;\"}]},{\"@type\":\"WebSite\",\"@id\":\"https:\/\/seifen-oper.ch\/#website\",\"url\":\"https:\/\/seifen-oper.ch\/\",\"name\":\"Seifen Oper GmbH\",\"description\":\"Kosmetik bester Qualit\u00e4t. Handgefertigt.\",\"publisher\":{\"@id\":\"https:\/\/seifen-oper.ch\/#organization\"},\"potentialAction\":[{\"@type\":\"SearchAction\",\"target\":{\"@type\":\"EntryPoint\",\"urlTemplate\":\"https:\/\/seifen-oper.ch\/?s={search_term_string}\"},\"query-input\":{\"@type\":\"PropertyValueSpecification\",\"valueRequired\":true,\"valueName\":\"search_term_string\"}}],\"inLanguage\":\"de-CH\"},{\"@type\":\"Organization\",\"@id\":\"https:\/\/seifen-oper.ch\/#organization\",\"name\":\"Seifen Oper GmbH\",\"url\":\"https:\/\/seifen-oper.ch\/\",\"logo\":{\"@type\":\"ImageObject\",\"inLanguage\":\"de-CH\",\"@id\":\"https:\/\/seifen-oper.ch\/#\/schema\/logo\/image\/\",\"url\":\"https:\/\/seifen-oper.ch\/wp-content\/uploads\/2019\/06\/logo.seifen-oper450.txt.1.png\",\"contentUrl\":\"https:\/\/seifen-oper.ch\/wp-content\/uploads\/2019\/06\/logo.seifen-oper450.txt.1.png\",\"width\":1835,\"height\":1635,\"caption\":\"Seifen Oper GmbH\"},\"image\":{\"@id\":\"https:\/\/seifen-oper.ch\/#\/schema\/logo\/image\/\"},\"sameAs\":[\"https:\/\/www.facebook.com\/SeifenOperGmbH\",\"https:\/\/www.instagram.com\/explore\/locations\/1028758197\/seifen-oper\/\"]}]}<\/script>\n<!-- \/ Yoast SEO plugin. -->","yoast_head_json":{"title":"\"Kirschbl\u00fcten\u00f6l, 100ml\" - Seifen Oper GmbH","robots":{"index":"index","follow":"follow","max-snippet":"max-snippet:-1","max-image-preview":"max-image-preview:large","max-video-preview":"max-video-preview:-1"},"canonical":"https:\/\/seifen-oper.ch\/?product=kirschblutenol-100ml","og_locale":"de_DE","og_type":"article","og_title":"\"Kirschbl\u00fcten\u00f6l, 100ml\" - Seifen Oper GmbH","og_description":"feines Kirschbl\u00fcten Bade-, Massage- und Hautpflege\u00f6l.","og_url":"https:\/\/seifen-oper.ch\/?product=kirschblutenol-100ml","og_site_name":"Seifen Oper GmbH","article_publisher":"https:\/\/www.facebook.com\/SeifenOperGmbH","article_modified_time":"2019-10-04T09:51:22+00:00","og_image":[{"width":934,"height":1629,"url":"https:\/\/seifen-oper.ch\/wp-content\/uploads\/2019\/06\/Kirschbl\u00fcten\u00f6l-Foto.png","type":"image\/png"}],"twitter_card":"summary_large_image","schema":{"@context":"https:\/\/schema.org","@graph":[{"@type":"WebPage","@id":"https:\/\/seifen-oper.ch\/?product=kirschblutenol-100ml","url":"https:\/\/seifen-oper.ch\/?product=kirschblutenol-100ml","name":"\"Kirschbl\u00fcten\u00f6l, 100ml\" - Seifen Oper GmbH","isPartOf":{"@id":"https:\/\/seifen-oper.ch\/#website"},"primaryImageOfPage":{"@id":"https:\/\/seifen-oper.ch\/?product=kirschblutenol-100ml#primaryimage"},"image":{"@id":"https:\/\/seifen-oper.ch\/?product=kirschblutenol-100ml#primaryimage"},"thumbnailUrl":"https:\/\/seifen-oper.ch\/wp-content\/uploads\/2019\/06\/Kirschbl\u00fcten\u00f6l-Foto.png","datePublished":"2019-06-17T11:37:00+00:00","dateModified":"2019-10-04T09:51:22+00:00","breadcrumb":{"@id":"https:\/\/seifen-oper.ch\/?product=kirschblutenol-100ml#breadcrumb"},"inLanguage":"de-CH","potentialAction":[{"@type":"ReadAction","target":["https:\/\/seifen-oper.ch\/?product=kirschblutenol-100ml"]}]},{"@type":"ImageObject","inLanguage":"de-CH","@id":"https:\/\/seifen-oper.ch\/?product=kirschblutenol-100ml#primaryimage","url":"https:\/\/seifen-oper.ch\/wp-content\/uploads\/2019\/06\/Kirschbl\u00fcten\u00f6l-Foto.png","contentUrl":"https:\/\/seifen-oper.ch\/wp-content\/uploads\/2019\/06\/Kirschbl\u00fcten\u00f6l-Foto.png","width":934,"height":1629},{"@type":"BreadcrumbList","@id":"https:\/\/seifen-oper.ch\/?product=kirschblutenol-100ml#breadcrumb","itemListElement":[{"@type":"ListItem","position":1,"name":"Home","item":"https:\/\/seifen-oper.ch\/"},{"@type":"ListItem","position":2,"name":"Shop","item":"https:\/\/seifen-oper.ch\/?page_id=12"},{"@type":"ListItem","position":3,"name":"&#171;Kirschbl\u00fcten\u00f6l, 100ml&#187;"}]},{"@type":"WebSite","@id":"https:\/\/seifen-oper.ch\/#website","url":"https:\/\/seifen-oper.ch\/","name":"Seifen Oper GmbH","description":"Kosmetik bester Qualit\u00e4t. Handgefertigt.","publisher":{"@id":"https:\/\/seifen-oper.ch\/#organization"},"potentialAction":[{"@type":"SearchAction","target":{"@type":"EntryPoint","urlTemplate":"https:\/\/seifen-oper.ch\/?s={search_term_string}"},"query-input":{"@type":"PropertyValueSpecification","valueRequired":true,"valueName":"search_term_string"}}],"inLanguage":"de-CH"},{"@type":"Organization","@id":"https:\/\/seifen-oper.ch\/#organization","name":"Seifen Oper GmbH","url":"https:\/\/seifen-oper.ch\/","logo":{"@type":"ImageObject","inLanguage":"de-CH","@id":"https:\/\/seifen-oper.ch\/#\/schema\/logo\/image\/","url":"https:\/\/seifen-oper.ch\/wp-content\/uploads\/2019\/06\/logo.seifen-oper450.txt.1.png","contentUrl":"https:\/\/seifen-oper.ch\/wp-content\/uploads\/2019\/06\/logo.seifen-oper450.txt.1.png","width":1835,"height":1635,"caption":"Seifen Oper GmbH"},"image":{"@id":"https:\/\/seifen-oper.ch\/#\/schema\/logo\/image\/"},"sameAs":["https:\/\/www.facebook.com\/SeifenOperGmbH","https:\/\/www.instagram.com\/explore\/locations\/1028758197\/seifen-oper\/"]}]}},"_links":{"self":[{"href":"https:\/\/seifen-oper.ch\/index.php?rest_route=\/wp\/v2\/product\/246"}],"collection":[{"href":"https:\/\/seifen-oper.ch\/index.php?rest_route=\/wp\/v2\/product"}],"about":[{"href":"https:\/\/seifen-oper.ch\/index.php?rest_route=\/wp\/v2\/types\/product"}],"wp:featuredmedia":[{"embeddable":true,"href":"https:\/\/seifen-oper.ch\/index.php?rest_route=\/wp\/v2\/media\/1821"}],"wp:attachment":[{"href":"https:\/\/seifen-oper.ch\/index.php?rest_route=%2Fwp%2Fv2%2Fmedia&parent=246"}],"wp:term":[{"taxonomy":"product_brand","embeddable":true,"href":"https:\/\/seifen-oper.ch\/index.php?rest_route=%2Fwp%2Fv2%2Fproduct_brand&post=246"},{"taxonomy":"product_cat","embeddable":true,"href":"https:\/\/seifen-oper.ch\/index.php?rest_route=%2Fwp%2Fv2%2Fproduct_cat&post=246"},{"taxonomy":"product_tag","embeddable":true,"href":"https:\/\/seifen-oper.ch\/index.php?rest_route=%2Fwp%2Fv2%2Fproduct_tag&post=246"}],"curies":[{"name":"wp","href":"https:\/\/api.w.org\/{rel}","templated":true}]}}