{"id":1974,"date":"2019-10-04T13:59:11","date_gmt":"2019-10-04T11:59:11","guid":{"rendered":"https:\/\/seifen-oper.ch\/?post_type=product&#038;p=1974"},"modified":"2020-09-19T11:04:28","modified_gmt":"2020-09-19T09:04:28","slug":"ringelbluemlisalbe","status":"publish","type":"product","link":"https:\/\/seifen-oper.ch\/?product=ringelbluemlisalbe","title":{"rendered":"&#171;Ringelbl\u00fcemlisalbe&#187;"},"content":{"rendered":"<div style=\"text-align: center;\">Diese vielseitige Allzweck-Hautsalbe kann \u00fcberall angewendet werden, sie macht trockene und stark beanspruchte Haut wieder geschmeidigt und h\u00e4lt sie elastisch.\u00a0 Ein leistungsstarker Helfer gegen Risse und Schrunden z.B. an H\u00e4nden und F\u00fcssen. Der nat\u00fcrliche Inhaltsstoff Calendula (Ringelbl\u00fcemli) wirkt beruhigend und regenerierend. Ringelbl\u00fcemlimazerat (\u00d6lauszug) sch\u00fctzt und pflegt angegriffene Haut mit der Pflanzenkraft der Ringelblume. Die Calendula spendet der Haut zus\u00e4tzlich Feuchtigkeit, hilft, ein straffes Gewebe aufzubauen und sch\u00fctzt sie vor sch\u00e4dlichen freien Radikalen. Dank Kokosbutter, Sheabutter &amp; Kakaobutter, welche die Salbe auch enth\u00e4lt,<\/div>\n<div style=\"text-align: center;\">wird Ihre Haut\u00a0 mit Feuchtigkeit versorgt und dankt es Ihnen mit erh\u00f6hter Elasttizit\u00e4t und Widerstandsf\u00e4higkeit.<\/div>\n<div style=\"text-align: center;\">Im Winter eignet sich unsere \u201eRingelbl\u00fcemlisalbe\u201c als idealer K\u00e4lteschutz f\u00fcr Gross und Klein. Auch empfindliche oder angefriffene Gesichtshaut erstrahlt in einem rosigen und gesunden Teint.<\/div>\n<div style=\"text-align: center;\"><\/div>\n<div style=\"text-align: center;\">Eine bew\u00e4hrte Salbe, f\u00fcr empfindliche, strapazierte\u00a0 und rissige Haut. Unsere \u201eRingelbl\u00fcemlisalbe\u201c ist eine reine Pflanzen\u00f6lsalbe ohne Wasseranteil und Konservierungsstoffe. Natur pur.<\/div>\n<div style=\"text-align: center;\"><\/div>\n<div style=\"text-align: center;\">INCI: Cocos nucifera (Kokos\u00f6l), (Calendula officinalis)Ringelblumenmazerat<\/div>\n<div style=\"text-align: center;\"><\/div>\n<div style=\"text-align: center;\">50 ml \/ Sfr. 22.-<\/div>\n","protected":false},"excerpt":{"rendered":"<p>Eine altbew\u00e4hrte Salbe, f\u00fcr Gross und Klein<\/p>\n","protected":false},"featured_media":1977,"template":"","meta":[],"product_brand":[],"product_cat":[20,27,35],"product_tag":[],"class_list":{"0":"post-1974","1":"product","2":"type-product","3":"status-publish","4":"has-post-thumbnail","6":"product_cat-korper","7":"product_cat-korpercremes","8":"product_cat-cremes","10":"first","11":"instock","12":"shipping-taxable","13":"purchasable","14":"product-type-simple"},"yoast_head":"<!-- This site is optimized with the Yoast SEO plugin v25.6 - https:\/\/yoast.com\/wordpress\/plugins\/seo\/ -->\n<title>&quot;Ringelbl\u00fcemlisalbe&quot; - Seifen Oper GmbH<\/title>\n<meta name=\"robots\" content=\"index, follow, max-snippet:-1, max-image-preview:large, max-video-preview:-1\" \/>\n<link rel=\"canonical\" href=\"https:\/\/seifen-oper.ch\/?product=ringelbluemlisalbe\" \/>\n<meta property=\"og:locale\" content=\"de_DE\" \/>\n<meta property=\"og:type\" content=\"article\" \/>\n<meta property=\"og:title\" content=\"&quot;Ringelbl\u00fcemlisalbe&quot; - Seifen Oper GmbH\" \/>\n<meta property=\"og:description\" content=\"Eine altbew\u00e4hrte Salbe, f\u00fcr Gross und Klein\" \/>\n<meta property=\"og:url\" content=\"https:\/\/seifen-oper.ch\/?product=ringelbluemlisalbe\" \/>\n<meta property=\"og:site_name\" content=\"Seifen Oper GmbH\" \/>\n<meta property=\"article:publisher\" content=\"https:\/\/www.facebook.com\/SeifenOperGmbH\" \/>\n<meta property=\"article:modified_time\" content=\"2020-09-19T09:04:28+00:00\" \/>\n<meta property=\"og:image\" content=\"https:\/\/seifen-oper.ch\/wp-content\/uploads\/2019\/10\/ringelbluemli_kl.png\" \/>\n\t<meta property=\"og:image:width\" content=\"500\" \/>\n\t<meta property=\"og:image:height\" content=\"500\" \/>\n\t<meta property=\"og:image:type\" content=\"image\/png\" \/>\n<meta name=\"twitter:card\" content=\"summary_large_image\" \/>\n<meta name=\"twitter:label1\" content=\"Gesch\u00e4tzte Lesezeit\" \/>\n\t<meta name=\"twitter:data1\" content=\"1 Minute\" \/>\n<script type=\"application\/ld+json\" class=\"yoast-schema-graph\">{\"@context\":\"https:\/\/schema.org\",\"@graph\":[{\"@type\":\"WebPage\",\"@id\":\"https:\/\/seifen-oper.ch\/?product=ringelbluemlisalbe\",\"url\":\"https:\/\/seifen-oper.ch\/?product=ringelbluemlisalbe\",\"name\":\"\\\"Ringelbl\u00fcemlisalbe\\\" - Seifen Oper GmbH\",\"isPartOf\":{\"@id\":\"https:\/\/seifen-oper.ch\/#website\"},\"primaryImageOfPage\":{\"@id\":\"https:\/\/seifen-oper.ch\/?product=ringelbluemlisalbe#primaryimage\"},\"image\":{\"@id\":\"https:\/\/seifen-oper.ch\/?product=ringelbluemlisalbe#primaryimage\"},\"thumbnailUrl\":\"https:\/\/seifen-oper.ch\/wp-content\/uploads\/2019\/10\/ringelbluemli_kl.png\",\"datePublished\":\"2019-10-04T11:59:11+00:00\",\"dateModified\":\"2020-09-19T09:04:28+00:00\",\"breadcrumb\":{\"@id\":\"https:\/\/seifen-oper.ch\/?product=ringelbluemlisalbe#breadcrumb\"},\"inLanguage\":\"de-CH\",\"potentialAction\":[{\"@type\":\"ReadAction\",\"target\":[\"https:\/\/seifen-oper.ch\/?product=ringelbluemlisalbe\"]}]},{\"@type\":\"ImageObject\",\"inLanguage\":\"de-CH\",\"@id\":\"https:\/\/seifen-oper.ch\/?product=ringelbluemlisalbe#primaryimage\",\"url\":\"https:\/\/seifen-oper.ch\/wp-content\/uploads\/2019\/10\/ringelbluemli_kl.png\",\"contentUrl\":\"https:\/\/seifen-oper.ch\/wp-content\/uploads\/2019\/10\/ringelbluemli_kl.png\",\"width\":500,\"height\":500},{\"@type\":\"BreadcrumbList\",\"@id\":\"https:\/\/seifen-oper.ch\/?product=ringelbluemlisalbe#breadcrumb\",\"itemListElement\":[{\"@type\":\"ListItem\",\"position\":1,\"name\":\"Home\",\"item\":\"https:\/\/seifen-oper.ch\/\"},{\"@type\":\"ListItem\",\"position\":2,\"name\":\"Shop\",\"item\":\"https:\/\/seifen-oper.ch\/?page_id=12\"},{\"@type\":\"ListItem\",\"position\":3,\"name\":\"&#171;Ringelbl\u00fcemlisalbe&#187;\"}]},{\"@type\":\"WebSite\",\"@id\":\"https:\/\/seifen-oper.ch\/#website\",\"url\":\"https:\/\/seifen-oper.ch\/\",\"name\":\"Seifen Oper GmbH\",\"description\":\"Kosmetik bester Qualit\u00e4t. Handgefertigt.\",\"publisher\":{\"@id\":\"https:\/\/seifen-oper.ch\/#organization\"},\"potentialAction\":[{\"@type\":\"SearchAction\",\"target\":{\"@type\":\"EntryPoint\",\"urlTemplate\":\"https:\/\/seifen-oper.ch\/?s={search_term_string}\"},\"query-input\":{\"@type\":\"PropertyValueSpecification\",\"valueRequired\":true,\"valueName\":\"search_term_string\"}}],\"inLanguage\":\"de-CH\"},{\"@type\":\"Organization\",\"@id\":\"https:\/\/seifen-oper.ch\/#organization\",\"name\":\"Seifen Oper GmbH\",\"url\":\"https:\/\/seifen-oper.ch\/\",\"logo\":{\"@type\":\"ImageObject\",\"inLanguage\":\"de-CH\",\"@id\":\"https:\/\/seifen-oper.ch\/#\/schema\/logo\/image\/\",\"url\":\"https:\/\/seifen-oper.ch\/wp-content\/uploads\/2019\/06\/logo.seifen-oper450.txt.1.png\",\"contentUrl\":\"https:\/\/seifen-oper.ch\/wp-content\/uploads\/2019\/06\/logo.seifen-oper450.txt.1.png\",\"width\":1835,\"height\":1635,\"caption\":\"Seifen Oper GmbH\"},\"image\":{\"@id\":\"https:\/\/seifen-oper.ch\/#\/schema\/logo\/image\/\"},\"sameAs\":[\"https:\/\/www.facebook.com\/SeifenOperGmbH\",\"https:\/\/www.instagram.com\/explore\/locations\/1028758197\/seifen-oper\/\"]}]}<\/script>\n<!-- \/ Yoast SEO plugin. -->","yoast_head_json":{"title":"\"Ringelbl\u00fcemlisalbe\" - Seifen Oper GmbH","robots":{"index":"index","follow":"follow","max-snippet":"max-snippet:-1","max-image-preview":"max-image-preview:large","max-video-preview":"max-video-preview:-1"},"canonical":"https:\/\/seifen-oper.ch\/?product=ringelbluemlisalbe","og_locale":"de_DE","og_type":"article","og_title":"\"Ringelbl\u00fcemlisalbe\" - Seifen Oper GmbH","og_description":"Eine altbew\u00e4hrte Salbe, f\u00fcr Gross und Klein","og_url":"https:\/\/seifen-oper.ch\/?product=ringelbluemlisalbe","og_site_name":"Seifen Oper GmbH","article_publisher":"https:\/\/www.facebook.com\/SeifenOperGmbH","article_modified_time":"2020-09-19T09:04:28+00:00","og_image":[{"width":500,"height":500,"url":"https:\/\/seifen-oper.ch\/wp-content\/uploads\/2019\/10\/ringelbluemli_kl.png","type":"image\/png"}],"twitter_card":"summary_large_image","twitter_misc":{"Gesch\u00e4tzte Lesezeit":"1 Minute"},"schema":{"@context":"https:\/\/schema.org","@graph":[{"@type":"WebPage","@id":"https:\/\/seifen-oper.ch\/?product=ringelbluemlisalbe","url":"https:\/\/seifen-oper.ch\/?product=ringelbluemlisalbe","name":"\"Ringelbl\u00fcemlisalbe\" - Seifen Oper GmbH","isPartOf":{"@id":"https:\/\/seifen-oper.ch\/#website"},"primaryImageOfPage":{"@id":"https:\/\/seifen-oper.ch\/?product=ringelbluemlisalbe#primaryimage"},"image":{"@id":"https:\/\/seifen-oper.ch\/?product=ringelbluemlisalbe#primaryimage"},"thumbnailUrl":"https:\/\/seifen-oper.ch\/wp-content\/uploads\/2019\/10\/ringelbluemli_kl.png","datePublished":"2019-10-04T11:59:11+00:00","dateModified":"2020-09-19T09:04:28+00:00","breadcrumb":{"@id":"https:\/\/seifen-oper.ch\/?product=ringelbluemlisalbe#breadcrumb"},"inLanguage":"de-CH","potentialAction":[{"@type":"ReadAction","target":["https:\/\/seifen-oper.ch\/?product=ringelbluemlisalbe"]}]},{"@type":"ImageObject","inLanguage":"de-CH","@id":"https:\/\/seifen-oper.ch\/?product=ringelbluemlisalbe#primaryimage","url":"https:\/\/seifen-oper.ch\/wp-content\/uploads\/2019\/10\/ringelbluemli_kl.png","contentUrl":"https:\/\/seifen-oper.ch\/wp-content\/uploads\/2019\/10\/ringelbluemli_kl.png","width":500,"height":500},{"@type":"BreadcrumbList","@id":"https:\/\/seifen-oper.ch\/?product=ringelbluemlisalbe#breadcrumb","itemListElement":[{"@type":"ListItem","position":1,"name":"Home","item":"https:\/\/seifen-oper.ch\/"},{"@type":"ListItem","position":2,"name":"Shop","item":"https:\/\/seifen-oper.ch\/?page_id=12"},{"@type":"ListItem","position":3,"name":"&#171;Ringelbl\u00fcemlisalbe&#187;"}]},{"@type":"WebSite","@id":"https:\/\/seifen-oper.ch\/#website","url":"https:\/\/seifen-oper.ch\/","name":"Seifen Oper GmbH","description":"Kosmetik bester Qualit\u00e4t. Handgefertigt.","publisher":{"@id":"https:\/\/seifen-oper.ch\/#organization"},"potentialAction":[{"@type":"SearchAction","target":{"@type":"EntryPoint","urlTemplate":"https:\/\/seifen-oper.ch\/?s={search_term_string}"},"query-input":{"@type":"PropertyValueSpecification","valueRequired":true,"valueName":"search_term_string"}}],"inLanguage":"de-CH"},{"@type":"Organization","@id":"https:\/\/seifen-oper.ch\/#organization","name":"Seifen Oper GmbH","url":"https:\/\/seifen-oper.ch\/","logo":{"@type":"ImageObject","inLanguage":"de-CH","@id":"https:\/\/seifen-oper.ch\/#\/schema\/logo\/image\/","url":"https:\/\/seifen-oper.ch\/wp-content\/uploads\/2019\/06\/logo.seifen-oper450.txt.1.png","contentUrl":"https:\/\/seifen-oper.ch\/wp-content\/uploads\/2019\/06\/logo.seifen-oper450.txt.1.png","width":1835,"height":1635,"caption":"Seifen Oper GmbH"},"image":{"@id":"https:\/\/seifen-oper.ch\/#\/schema\/logo\/image\/"},"sameAs":["https:\/\/www.facebook.com\/SeifenOperGmbH","https:\/\/www.instagram.com\/explore\/locations\/1028758197\/seifen-oper\/"]}]}},"_links":{"self":[{"href":"https:\/\/seifen-oper.ch\/index.php?rest_route=\/wp\/v2\/product\/1974"}],"collection":[{"href":"https:\/\/seifen-oper.ch\/index.php?rest_route=\/wp\/v2\/product"}],"about":[{"href":"https:\/\/seifen-oper.ch\/index.php?rest_route=\/wp\/v2\/types\/product"}],"wp:featuredmedia":[{"embeddable":true,"href":"https:\/\/seifen-oper.ch\/index.php?rest_route=\/wp\/v2\/media\/1977"}],"wp:attachment":[{"href":"https:\/\/seifen-oper.ch\/index.php?rest_route=%2Fwp%2Fv2%2Fmedia&parent=1974"}],"wp:term":[{"taxonomy":"product_brand","embeddable":true,"href":"https:\/\/seifen-oper.ch\/index.php?rest_route=%2Fwp%2Fv2%2Fproduct_brand&post=1974"},{"taxonomy":"product_cat","embeddable":true,"href":"https:\/\/seifen-oper.ch\/index.php?rest_route=%2Fwp%2Fv2%2Fproduct_cat&post=1974"},{"taxonomy":"product_tag","embeddable":true,"href":"https:\/\/seifen-oper.ch\/index.php?rest_route=%2Fwp%2Fv2%2Fproduct_tag&post=1974"}],"curies":[{"name":"wp","href":"https:\/\/api.w.org\/{rel}","templated":true}]}}