{"id":1970,"date":"2019-10-04T13:57:14","date_gmt":"2019-10-04T11:57:14","guid":{"rendered":"https:\/\/seifen-oper.ch\/?post_type=product&#038;p=1970"},"modified":"2026-01-09T18:26:30","modified_gmt":"2026-01-09T17:26:30","slug":"ingwer-flash-fusspeeling","status":"publish","type":"product","link":"https:\/\/seifen-oper.ch\/?product=ingwer-flash-fusspeeling","title":{"rendered":"&#171;Ingwer-Flash&#187;-Fusspeeling"},"content":{"rendered":"<p style=\"text-align: center;\">Ob beim Wandern, beim Joggen im Park oder beim Schaufensterbummel \u2013 unsere F\u00fc\u00dfe tragen uns Tag f\u00fcr Tag viele Kilometer weit. Statt sie daf\u00fcr zu belohnen, stecken wir sie zu allem \u00dcbel auch noch in ausgetretene Turnschuhe, zw\u00e4ngen sie in High Heels und im Winter in dicke Stiefel. Kein Wunder, dass sich \u00fcber kurz oder lang Hornhaut bildet.<\/p>\n<div style=\"text-align: center;\">H\u00f6chste Zeit also etwas Gutes f\u00fcr unsere F\u00fcsse zu tun! Extra daf\u00fcr haben wir dieses Fusspeeling kreiert-welches himmlisch nach Zimt und Ingwer duftet.<\/div>\n<div style=\"text-align: center;\">Es besteht aus Meersalz, welches die Hornhaut optimal entfernt. Ingwerpulver und Zimtpulver,<\/div>\n<div style=\"text-align: center;\">welches die Durchblutung anregt und\u00a0 f\u00fcr ein wohlig warmes Gef\u00fchl in den F\u00fc\u00dfen sorgt. Und -last but not least-Kokosbutter, welche die Haut an Ihren F\u00fcssen geschmeidig pflegt.<\/div>\n<div style=\"text-align: center;\">Sagen Sie trockenen, rissigen F\u00fcssen und der Hornhaut daran TSCH\u00dcSS UND AUF NIMMERWIDERSEHEN! Und HALLO zu wunderbar gepflegten, zarten und wohlduftenden F\u00fcssen.<\/div>\n<div style=\"text-align: center;\"><\/div>\n<div style=\"text-align: center;\">100g \/ Sfr. 17.-<\/div>\n<div style=\"text-align: center;\"><\/div>\n<div style=\"text-align: center;\"><strong>Anwendung:<\/strong> befeuchten Sie Ihre F\u00fcsse mit Wasser. Nehmen Sie etwa eine Haselnussgrosse Menge &#171;Ingwer-Flash&#187; pro Fuss in die Hand und reiben Sie damit den ganzen Fuss gut ein. Nun mit Wasser alles absp\u00fchlen. An beiden F\u00fcssen anwenden.<\/div>\n<div style=\"text-align: center;\"><\/div>\n<div style=\"text-align: center;\">INCI (Inhaltsstoffe): Glycerine, Maris Sal (Meersalz), Cocos nucifera (Kokos\u00f6l), Sodium Laureth Sulfate, Ingwerpulver, Zimtpulver, Parf\u00fcm, \u00e4th. Zimt\u00f6l<\/div>\n","protected":false},"excerpt":{"rendered":"<div class=\"product-shop\">\n<div class=\"short-description\">\n<div class=\"std\">Fusspeeling mit w\u00e4rmendem Ingwer und Zimt<\/div>\n<\/div>\n<\/div>\n<div class=\"product-img-box\"><\/div>\n","protected":false},"featured_media":1973,"template":"","meta":[],"product_brand":[],"product_cat":[28],"product_tag":[],"class_list":{"0":"post-1970","1":"product","2":"type-product","3":"status-publish","4":"has-post-thumbnail","6":"product_cat-handefussedeo","8":"first","9":"instock","10":"shipping-taxable","11":"purchasable","12":"product-type-simple"},"yoast_head":"<!-- This site is optimized with the Yoast SEO plugin v25.6 - https:\/\/yoast.com\/wordpress\/plugins\/seo\/ -->\n<title>&quot;Ingwer-Flash&quot;-Fusspeeling - Seifen Oper GmbH<\/title>\n<meta name=\"robots\" content=\"index, follow, max-snippet:-1, max-image-preview:large, max-video-preview:-1\" \/>\n<link rel=\"canonical\" href=\"https:\/\/seifen-oper.ch\/?product=ingwer-flash-fusspeeling\" \/>\n<meta property=\"og:locale\" content=\"de_DE\" \/>\n<meta property=\"og:type\" content=\"article\" \/>\n<meta property=\"og:title\" content=\"&quot;Ingwer-Flash&quot;-Fusspeeling - Seifen Oper GmbH\" \/>\n<meta property=\"og:description\" content=\"Fusspeeling mit w\u00e4rmendem Ingwer und Zimt\" \/>\n<meta property=\"og:url\" content=\"https:\/\/seifen-oper.ch\/?product=ingwer-flash-fusspeeling\" \/>\n<meta property=\"og:site_name\" content=\"Seifen Oper GmbH\" \/>\n<meta property=\"article:publisher\" content=\"https:\/\/www.facebook.com\/SeifenOperGmbH\" \/>\n<meta property=\"article:modified_time\" content=\"2026-01-09T17:26:30+00:00\" \/>\n<meta property=\"og:image\" content=\"https:\/\/seifen-oper.ch\/wp-content\/uploads\/2019\/10\/ingwerflashkl_kopie.png\" \/>\n\t<meta property=\"og:image:width\" content=\"500\" \/>\n\t<meta property=\"og:image:height\" content=\"500\" \/>\n\t<meta property=\"og:image:type\" content=\"image\/png\" \/>\n<meta name=\"twitter:card\" content=\"summary_large_image\" \/>\n<meta name=\"twitter:label1\" content=\"Gesch\u00e4tzte Lesezeit\" \/>\n\t<meta name=\"twitter:data1\" content=\"2 Minuten\" \/>\n<script type=\"application\/ld+json\" class=\"yoast-schema-graph\">{\"@context\":\"https:\/\/schema.org\",\"@graph\":[{\"@type\":\"WebPage\",\"@id\":\"https:\/\/seifen-oper.ch\/?product=ingwer-flash-fusspeeling\",\"url\":\"https:\/\/seifen-oper.ch\/?product=ingwer-flash-fusspeeling\",\"name\":\"\\\"Ingwer-Flash\\\"-Fusspeeling - Seifen Oper GmbH\",\"isPartOf\":{\"@id\":\"https:\/\/seifen-oper.ch\/#website\"},\"primaryImageOfPage\":{\"@id\":\"https:\/\/seifen-oper.ch\/?product=ingwer-flash-fusspeeling#primaryimage\"},\"image\":{\"@id\":\"https:\/\/seifen-oper.ch\/?product=ingwer-flash-fusspeeling#primaryimage\"},\"thumbnailUrl\":\"https:\/\/seifen-oper.ch\/wp-content\/uploads\/2019\/10\/ingwerflashkl_kopie.png\",\"datePublished\":\"2019-10-04T11:57:14+00:00\",\"dateModified\":\"2026-01-09T17:26:30+00:00\",\"breadcrumb\":{\"@id\":\"https:\/\/seifen-oper.ch\/?product=ingwer-flash-fusspeeling#breadcrumb\"},\"inLanguage\":\"de-CH\",\"potentialAction\":[{\"@type\":\"ReadAction\",\"target\":[\"https:\/\/seifen-oper.ch\/?product=ingwer-flash-fusspeeling\"]}]},{\"@type\":\"ImageObject\",\"inLanguage\":\"de-CH\",\"@id\":\"https:\/\/seifen-oper.ch\/?product=ingwer-flash-fusspeeling#primaryimage\",\"url\":\"https:\/\/seifen-oper.ch\/wp-content\/uploads\/2019\/10\/ingwerflashkl_kopie.png\",\"contentUrl\":\"https:\/\/seifen-oper.ch\/wp-content\/uploads\/2019\/10\/ingwerflashkl_kopie.png\",\"width\":500,\"height\":500},{\"@type\":\"BreadcrumbList\",\"@id\":\"https:\/\/seifen-oper.ch\/?product=ingwer-flash-fusspeeling#breadcrumb\",\"itemListElement\":[{\"@type\":\"ListItem\",\"position\":1,\"name\":\"Home\",\"item\":\"https:\/\/seifen-oper.ch\/\"},{\"@type\":\"ListItem\",\"position\":2,\"name\":\"Shop\",\"item\":\"https:\/\/seifen-oper.ch\/?page_id=12\"},{\"@type\":\"ListItem\",\"position\":3,\"name\":\"&#171;Ingwer-Flash&#187;-Fusspeeling\"}]},{\"@type\":\"WebSite\",\"@id\":\"https:\/\/seifen-oper.ch\/#website\",\"url\":\"https:\/\/seifen-oper.ch\/\",\"name\":\"Seifen Oper GmbH\",\"description\":\"Kosmetik bester Qualit\u00e4t. Handgefertigt.\",\"publisher\":{\"@id\":\"https:\/\/seifen-oper.ch\/#organization\"},\"potentialAction\":[{\"@type\":\"SearchAction\",\"target\":{\"@type\":\"EntryPoint\",\"urlTemplate\":\"https:\/\/seifen-oper.ch\/?s={search_term_string}\"},\"query-input\":{\"@type\":\"PropertyValueSpecification\",\"valueRequired\":true,\"valueName\":\"search_term_string\"}}],\"inLanguage\":\"de-CH\"},{\"@type\":\"Organization\",\"@id\":\"https:\/\/seifen-oper.ch\/#organization\",\"name\":\"Seifen Oper GmbH\",\"url\":\"https:\/\/seifen-oper.ch\/\",\"logo\":{\"@type\":\"ImageObject\",\"inLanguage\":\"de-CH\",\"@id\":\"https:\/\/seifen-oper.ch\/#\/schema\/logo\/image\/\",\"url\":\"https:\/\/seifen-oper.ch\/wp-content\/uploads\/2019\/06\/logo.seifen-oper450.txt.1.png\",\"contentUrl\":\"https:\/\/seifen-oper.ch\/wp-content\/uploads\/2019\/06\/logo.seifen-oper450.txt.1.png\",\"width\":1835,\"height\":1635,\"caption\":\"Seifen Oper GmbH\"},\"image\":{\"@id\":\"https:\/\/seifen-oper.ch\/#\/schema\/logo\/image\/\"},\"sameAs\":[\"https:\/\/www.facebook.com\/SeifenOperGmbH\",\"https:\/\/www.instagram.com\/explore\/locations\/1028758197\/seifen-oper\/\"]}]}<\/script>\n<!-- \/ Yoast SEO plugin. -->","yoast_head_json":{"title":"\"Ingwer-Flash\"-Fusspeeling - Seifen Oper GmbH","robots":{"index":"index","follow":"follow","max-snippet":"max-snippet:-1","max-image-preview":"max-image-preview:large","max-video-preview":"max-video-preview:-1"},"canonical":"https:\/\/seifen-oper.ch\/?product=ingwer-flash-fusspeeling","og_locale":"de_DE","og_type":"article","og_title":"\"Ingwer-Flash\"-Fusspeeling - Seifen Oper GmbH","og_description":"Fusspeeling mit w\u00e4rmendem Ingwer und Zimt","og_url":"https:\/\/seifen-oper.ch\/?product=ingwer-flash-fusspeeling","og_site_name":"Seifen Oper GmbH","article_publisher":"https:\/\/www.facebook.com\/SeifenOperGmbH","article_modified_time":"2026-01-09T17:26:30+00:00","og_image":[{"width":500,"height":500,"url":"https:\/\/seifen-oper.ch\/wp-content\/uploads\/2019\/10\/ingwerflashkl_kopie.png","type":"image\/png"}],"twitter_card":"summary_large_image","twitter_misc":{"Gesch\u00e4tzte Lesezeit":"2 Minuten"},"schema":{"@context":"https:\/\/schema.org","@graph":[{"@type":"WebPage","@id":"https:\/\/seifen-oper.ch\/?product=ingwer-flash-fusspeeling","url":"https:\/\/seifen-oper.ch\/?product=ingwer-flash-fusspeeling","name":"\"Ingwer-Flash\"-Fusspeeling - Seifen Oper GmbH","isPartOf":{"@id":"https:\/\/seifen-oper.ch\/#website"},"primaryImageOfPage":{"@id":"https:\/\/seifen-oper.ch\/?product=ingwer-flash-fusspeeling#primaryimage"},"image":{"@id":"https:\/\/seifen-oper.ch\/?product=ingwer-flash-fusspeeling#primaryimage"},"thumbnailUrl":"https:\/\/seifen-oper.ch\/wp-content\/uploads\/2019\/10\/ingwerflashkl_kopie.png","datePublished":"2019-10-04T11:57:14+00:00","dateModified":"2026-01-09T17:26:30+00:00","breadcrumb":{"@id":"https:\/\/seifen-oper.ch\/?product=ingwer-flash-fusspeeling#breadcrumb"},"inLanguage":"de-CH","potentialAction":[{"@type":"ReadAction","target":["https:\/\/seifen-oper.ch\/?product=ingwer-flash-fusspeeling"]}]},{"@type":"ImageObject","inLanguage":"de-CH","@id":"https:\/\/seifen-oper.ch\/?product=ingwer-flash-fusspeeling#primaryimage","url":"https:\/\/seifen-oper.ch\/wp-content\/uploads\/2019\/10\/ingwerflashkl_kopie.png","contentUrl":"https:\/\/seifen-oper.ch\/wp-content\/uploads\/2019\/10\/ingwerflashkl_kopie.png","width":500,"height":500},{"@type":"BreadcrumbList","@id":"https:\/\/seifen-oper.ch\/?product=ingwer-flash-fusspeeling#breadcrumb","itemListElement":[{"@type":"ListItem","position":1,"name":"Home","item":"https:\/\/seifen-oper.ch\/"},{"@type":"ListItem","position":2,"name":"Shop","item":"https:\/\/seifen-oper.ch\/?page_id=12"},{"@type":"ListItem","position":3,"name":"&#171;Ingwer-Flash&#187;-Fusspeeling"}]},{"@type":"WebSite","@id":"https:\/\/seifen-oper.ch\/#website","url":"https:\/\/seifen-oper.ch\/","name":"Seifen Oper GmbH","description":"Kosmetik bester Qualit\u00e4t. Handgefertigt.","publisher":{"@id":"https:\/\/seifen-oper.ch\/#organization"},"potentialAction":[{"@type":"SearchAction","target":{"@type":"EntryPoint","urlTemplate":"https:\/\/seifen-oper.ch\/?s={search_term_string}"},"query-input":{"@type":"PropertyValueSpecification","valueRequired":true,"valueName":"search_term_string"}}],"inLanguage":"de-CH"},{"@type":"Organization","@id":"https:\/\/seifen-oper.ch\/#organization","name":"Seifen Oper GmbH","url":"https:\/\/seifen-oper.ch\/","logo":{"@type":"ImageObject","inLanguage":"de-CH","@id":"https:\/\/seifen-oper.ch\/#\/schema\/logo\/image\/","url":"https:\/\/seifen-oper.ch\/wp-content\/uploads\/2019\/06\/logo.seifen-oper450.txt.1.png","contentUrl":"https:\/\/seifen-oper.ch\/wp-content\/uploads\/2019\/06\/logo.seifen-oper450.txt.1.png","width":1835,"height":1635,"caption":"Seifen Oper GmbH"},"image":{"@id":"https:\/\/seifen-oper.ch\/#\/schema\/logo\/image\/"},"sameAs":["https:\/\/www.facebook.com\/SeifenOperGmbH","https:\/\/www.instagram.com\/explore\/locations\/1028758197\/seifen-oper\/"]}]}},"_links":{"self":[{"href":"https:\/\/seifen-oper.ch\/index.php?rest_route=\/wp\/v2\/product\/1970"}],"collection":[{"href":"https:\/\/seifen-oper.ch\/index.php?rest_route=\/wp\/v2\/product"}],"about":[{"href":"https:\/\/seifen-oper.ch\/index.php?rest_route=\/wp\/v2\/types\/product"}],"wp:featuredmedia":[{"embeddable":true,"href":"https:\/\/seifen-oper.ch\/index.php?rest_route=\/wp\/v2\/media\/1973"}],"wp:attachment":[{"href":"https:\/\/seifen-oper.ch\/index.php?rest_route=%2Fwp%2Fv2%2Fmedia&parent=1970"}],"wp:term":[{"taxonomy":"product_brand","embeddable":true,"href":"https:\/\/seifen-oper.ch\/index.php?rest_route=%2Fwp%2Fv2%2Fproduct_brand&post=1970"},{"taxonomy":"product_cat","embeddable":true,"href":"https:\/\/seifen-oper.ch\/index.php?rest_route=%2Fwp%2Fv2%2Fproduct_cat&post=1970"},{"taxonomy":"product_tag","embeddable":true,"href":"https:\/\/seifen-oper.ch\/index.php?rest_route=%2Fwp%2Fv2%2Fproduct_tag&post=1970"}],"curies":[{"name":"wp","href":"https:\/\/api.w.org\/{rel}","templated":true}]}}