{"id":17,"date":"2019-06-17T11:36:42","date_gmt":"2019-06-17T11:36:42","guid":{"rendered":"https:\/\/seifen-oper.ch\/?product=mml-pauline-seife"},"modified":"2021-03-04T00:51:07","modified_gmt":"2021-03-03T23:51:07","slug":"mml-pauline-seife","status":"publish","type":"product","link":"https:\/\/seifen-oper.ch\/?product=mml-pauline-seife","title":{"rendered":"&#171;Mml. Pauline&#187; Seife"},"content":{"rendered":"<p style=\"text-align: center;\"><span style=\"color: #888888;\">Unsere h\u00fcbsche Franz\u00f6sin, die mit ihrem l\u00e4ndlichen Charme der Provence zu kokettieren weiss. Handgeernteter Lavendel aus unserem Hauseigenen Kr\u00e4utergarten ist die Basis dieser Seife. Die Bl\u00fcten werden von uns getrocknet und eingelegt in bestes Oliven\u00f6l. Diese Mischung lassen wir wochenlang reifen. Dadurch entsetht ein feines \u00a0Lavendel\u00f6l, welches die Haut vorz\u00fcglich pflegt und von uns zu dieser tollen Seife verarbeitet wird.<\/span><\/p>\n<p style=\"text-align: center;\"><span style=\"color: #888888;\">Wir LIEBEN Lavendel!! Das m\u00f6chten wir mit dieser Seife ausdr\u00fccken und an Sie weitergeben. Holen Sie sich mit unserer &#171;Mml. Pauline&#187; ein St\u00fcck Provence in Ihr Badezimmer.<\/span><\/p>\n<div style=\"text-align: center;\"><span style=\"color: #888888;\">Inhaltsstoffe: INCI:\u00a0Lavandula angustifolia Oil (Lavendel\u00f6l),\u00a0Olea Europaea (Oliven\u00f6l),\u00a0Cocos nucifera (Kokos\u00f6l),\u00a0Canola Oil (Raps\u00f6l),\u00a0Helianthus Annuus Seed Oil (Sonnenblumen\u00f6l),\u00a0Lavandula angustifolia (getr. Lavendel),\u00a0Aqua lavandula angustifolia (Lavendelwasser),\u00a0Lavandula angustifolia Oil (\u00e4th. Lavendel\u00f6l),\u00a0Sodium Hydroxide (NaOH),\u00a0CI 77019 (rosa Farbpigment),\u00a0CI74160 (blaues Farbpigment)<\/span><\/div>\n<p style=\"text-align: center;\"><span style=\"color: #888888;\">100g \/ Sfr. 14.-<\/span><\/p>\n","protected":false},"excerpt":{"rendered":"<p>Herrliche Lavendelseife, mit der Sie sich die Provence ins Badezimmer holen.<\/p>\n","protected":false},"featured_media":1794,"template":"","meta":[],"product_brand":[],"product_cat":[17],"product_tag":[],"class_list":{"0":"post-17","1":"product","2":"type-product","3":"status-publish","4":"has-post-thumbnail","6":"product_cat-seifen","8":"first","9":"instock","10":"shipping-taxable","11":"purchasable","12":"product-type-simple"},"yoast_head":"<!-- This site is optimized with the Yoast SEO plugin v25.6 - https:\/\/yoast.com\/wordpress\/plugins\/seo\/ -->\n<title>&quot;Mml. Pauline&quot; Seife - Seifen Oper GmbH<\/title>\n<meta name=\"robots\" content=\"index, follow, max-snippet:-1, max-image-preview:large, max-video-preview:-1\" \/>\n<link rel=\"canonical\" href=\"https:\/\/seifen-oper.ch\/?product=mml-pauline-seife\" \/>\n<meta property=\"og:locale\" content=\"de_DE\" \/>\n<meta property=\"og:type\" content=\"article\" \/>\n<meta property=\"og:title\" content=\"&quot;Mml. Pauline&quot; Seife - Seifen Oper GmbH\" \/>\n<meta property=\"og:description\" content=\"Herrliche Lavendelseife, mit der Sie sich die Provence ins Badezimmer holen.\" \/>\n<meta property=\"og:url\" content=\"https:\/\/seifen-oper.ch\/?product=mml-pauline-seife\" \/>\n<meta property=\"og:site_name\" content=\"Seifen Oper GmbH\" \/>\n<meta property=\"article:publisher\" content=\"https:\/\/www.facebook.com\/SeifenOperGmbH\" \/>\n<meta property=\"article:modified_time\" content=\"2021-03-03T23:51:07+00:00\" \/>\n<meta property=\"og:image\" content=\"https:\/\/seifen-oper.ch\/wp-content\/uploads\/2019\/06\/Bildschirmfoto-2019-10-02-um-17.54.38.png\" \/>\n\t<meta property=\"og:image:width\" content=\"984\" \/>\n\t<meta property=\"og:image:height\" content=\"646\" \/>\n\t<meta property=\"og:image:type\" content=\"image\/png\" \/>\n<meta name=\"twitter:card\" content=\"summary_large_image\" \/>\n<meta name=\"twitter:label1\" content=\"Gesch\u00e4tzte Lesezeit\" \/>\n\t<meta name=\"twitter:data1\" content=\"1 Minute\" \/>\n<script type=\"application\/ld+json\" class=\"yoast-schema-graph\">{\"@context\":\"https:\/\/schema.org\",\"@graph\":[{\"@type\":\"WebPage\",\"@id\":\"https:\/\/seifen-oper.ch\/?product=mml-pauline-seife\",\"url\":\"https:\/\/seifen-oper.ch\/?product=mml-pauline-seife\",\"name\":\"\\\"Mml. Pauline\\\" Seife - Seifen Oper GmbH\",\"isPartOf\":{\"@id\":\"https:\/\/seifen-oper.ch\/#website\"},\"primaryImageOfPage\":{\"@id\":\"https:\/\/seifen-oper.ch\/?product=mml-pauline-seife#primaryimage\"},\"image\":{\"@id\":\"https:\/\/seifen-oper.ch\/?product=mml-pauline-seife#primaryimage\"},\"thumbnailUrl\":\"https:\/\/seifen-oper.ch\/wp-content\/uploads\/2019\/06\/Bildschirmfoto-2019-10-02-um-17.54.38.png\",\"datePublished\":\"2019-06-17T11:36:42+00:00\",\"dateModified\":\"2021-03-03T23:51:07+00:00\",\"breadcrumb\":{\"@id\":\"https:\/\/seifen-oper.ch\/?product=mml-pauline-seife#breadcrumb\"},\"inLanguage\":\"de-CH\",\"potentialAction\":[{\"@type\":\"ReadAction\",\"target\":[\"https:\/\/seifen-oper.ch\/?product=mml-pauline-seife\"]}]},{\"@type\":\"ImageObject\",\"inLanguage\":\"de-CH\",\"@id\":\"https:\/\/seifen-oper.ch\/?product=mml-pauline-seife#primaryimage\",\"url\":\"https:\/\/seifen-oper.ch\/wp-content\/uploads\/2019\/06\/Bildschirmfoto-2019-10-02-um-17.54.38.png\",\"contentUrl\":\"https:\/\/seifen-oper.ch\/wp-content\/uploads\/2019\/06\/Bildschirmfoto-2019-10-02-um-17.54.38.png\",\"width\":984,\"height\":646},{\"@type\":\"BreadcrumbList\",\"@id\":\"https:\/\/seifen-oper.ch\/?product=mml-pauline-seife#breadcrumb\",\"itemListElement\":[{\"@type\":\"ListItem\",\"position\":1,\"name\":\"Home\",\"item\":\"https:\/\/seifen-oper.ch\/\"},{\"@type\":\"ListItem\",\"position\":2,\"name\":\"Shop\",\"item\":\"https:\/\/seifen-oper.ch\/?page_id=12\"},{\"@type\":\"ListItem\",\"position\":3,\"name\":\"&#171;Mml. Pauline&#187; Seife\"}]},{\"@type\":\"WebSite\",\"@id\":\"https:\/\/seifen-oper.ch\/#website\",\"url\":\"https:\/\/seifen-oper.ch\/\",\"name\":\"Seifen Oper GmbH\",\"description\":\"Kosmetik bester Qualit\u00e4t. Handgefertigt.\",\"publisher\":{\"@id\":\"https:\/\/seifen-oper.ch\/#organization\"},\"potentialAction\":[{\"@type\":\"SearchAction\",\"target\":{\"@type\":\"EntryPoint\",\"urlTemplate\":\"https:\/\/seifen-oper.ch\/?s={search_term_string}\"},\"query-input\":{\"@type\":\"PropertyValueSpecification\",\"valueRequired\":true,\"valueName\":\"search_term_string\"}}],\"inLanguage\":\"de-CH\"},{\"@type\":\"Organization\",\"@id\":\"https:\/\/seifen-oper.ch\/#organization\",\"name\":\"Seifen Oper GmbH\",\"url\":\"https:\/\/seifen-oper.ch\/\",\"logo\":{\"@type\":\"ImageObject\",\"inLanguage\":\"de-CH\",\"@id\":\"https:\/\/seifen-oper.ch\/#\/schema\/logo\/image\/\",\"url\":\"https:\/\/seifen-oper.ch\/wp-content\/uploads\/2019\/06\/logo.seifen-oper450.txt.1.png\",\"contentUrl\":\"https:\/\/seifen-oper.ch\/wp-content\/uploads\/2019\/06\/logo.seifen-oper450.txt.1.png\",\"width\":1835,\"height\":1635,\"caption\":\"Seifen Oper GmbH\"},\"image\":{\"@id\":\"https:\/\/seifen-oper.ch\/#\/schema\/logo\/image\/\"},\"sameAs\":[\"https:\/\/www.facebook.com\/SeifenOperGmbH\",\"https:\/\/www.instagram.com\/explore\/locations\/1028758197\/seifen-oper\/\"]}]}<\/script>\n<!-- \/ Yoast SEO plugin. -->","yoast_head_json":{"title":"\"Mml. Pauline\" Seife - Seifen Oper GmbH","robots":{"index":"index","follow":"follow","max-snippet":"max-snippet:-1","max-image-preview":"max-image-preview:large","max-video-preview":"max-video-preview:-1"},"canonical":"https:\/\/seifen-oper.ch\/?product=mml-pauline-seife","og_locale":"de_DE","og_type":"article","og_title":"\"Mml. Pauline\" Seife - Seifen Oper GmbH","og_description":"Herrliche Lavendelseife, mit der Sie sich die Provence ins Badezimmer holen.","og_url":"https:\/\/seifen-oper.ch\/?product=mml-pauline-seife","og_site_name":"Seifen Oper GmbH","article_publisher":"https:\/\/www.facebook.com\/SeifenOperGmbH","article_modified_time":"2021-03-03T23:51:07+00:00","og_image":[{"width":984,"height":646,"url":"https:\/\/seifen-oper.ch\/wp-content\/uploads\/2019\/06\/Bildschirmfoto-2019-10-02-um-17.54.38.png","type":"image\/png"}],"twitter_card":"summary_large_image","twitter_misc":{"Gesch\u00e4tzte Lesezeit":"1 Minute"},"schema":{"@context":"https:\/\/schema.org","@graph":[{"@type":"WebPage","@id":"https:\/\/seifen-oper.ch\/?product=mml-pauline-seife","url":"https:\/\/seifen-oper.ch\/?product=mml-pauline-seife","name":"\"Mml. Pauline\" Seife - Seifen Oper GmbH","isPartOf":{"@id":"https:\/\/seifen-oper.ch\/#website"},"primaryImageOfPage":{"@id":"https:\/\/seifen-oper.ch\/?product=mml-pauline-seife#primaryimage"},"image":{"@id":"https:\/\/seifen-oper.ch\/?product=mml-pauline-seife#primaryimage"},"thumbnailUrl":"https:\/\/seifen-oper.ch\/wp-content\/uploads\/2019\/06\/Bildschirmfoto-2019-10-02-um-17.54.38.png","datePublished":"2019-06-17T11:36:42+00:00","dateModified":"2021-03-03T23:51:07+00:00","breadcrumb":{"@id":"https:\/\/seifen-oper.ch\/?product=mml-pauline-seife#breadcrumb"},"inLanguage":"de-CH","potentialAction":[{"@type":"ReadAction","target":["https:\/\/seifen-oper.ch\/?product=mml-pauline-seife"]}]},{"@type":"ImageObject","inLanguage":"de-CH","@id":"https:\/\/seifen-oper.ch\/?product=mml-pauline-seife#primaryimage","url":"https:\/\/seifen-oper.ch\/wp-content\/uploads\/2019\/06\/Bildschirmfoto-2019-10-02-um-17.54.38.png","contentUrl":"https:\/\/seifen-oper.ch\/wp-content\/uploads\/2019\/06\/Bildschirmfoto-2019-10-02-um-17.54.38.png","width":984,"height":646},{"@type":"BreadcrumbList","@id":"https:\/\/seifen-oper.ch\/?product=mml-pauline-seife#breadcrumb","itemListElement":[{"@type":"ListItem","position":1,"name":"Home","item":"https:\/\/seifen-oper.ch\/"},{"@type":"ListItem","position":2,"name":"Shop","item":"https:\/\/seifen-oper.ch\/?page_id=12"},{"@type":"ListItem","position":3,"name":"&#171;Mml. Pauline&#187; Seife"}]},{"@type":"WebSite","@id":"https:\/\/seifen-oper.ch\/#website","url":"https:\/\/seifen-oper.ch\/","name":"Seifen Oper GmbH","description":"Kosmetik bester Qualit\u00e4t. Handgefertigt.","publisher":{"@id":"https:\/\/seifen-oper.ch\/#organization"},"potentialAction":[{"@type":"SearchAction","target":{"@type":"EntryPoint","urlTemplate":"https:\/\/seifen-oper.ch\/?s={search_term_string}"},"query-input":{"@type":"PropertyValueSpecification","valueRequired":true,"valueName":"search_term_string"}}],"inLanguage":"de-CH"},{"@type":"Organization","@id":"https:\/\/seifen-oper.ch\/#organization","name":"Seifen Oper GmbH","url":"https:\/\/seifen-oper.ch\/","logo":{"@type":"ImageObject","inLanguage":"de-CH","@id":"https:\/\/seifen-oper.ch\/#\/schema\/logo\/image\/","url":"https:\/\/seifen-oper.ch\/wp-content\/uploads\/2019\/06\/logo.seifen-oper450.txt.1.png","contentUrl":"https:\/\/seifen-oper.ch\/wp-content\/uploads\/2019\/06\/logo.seifen-oper450.txt.1.png","width":1835,"height":1635,"caption":"Seifen Oper GmbH"},"image":{"@id":"https:\/\/seifen-oper.ch\/#\/schema\/logo\/image\/"},"sameAs":["https:\/\/www.facebook.com\/SeifenOperGmbH","https:\/\/www.instagram.com\/explore\/locations\/1028758197\/seifen-oper\/"]}]}},"_links":{"self":[{"href":"https:\/\/seifen-oper.ch\/index.php?rest_route=\/wp\/v2\/product\/17"}],"collection":[{"href":"https:\/\/seifen-oper.ch\/index.php?rest_route=\/wp\/v2\/product"}],"about":[{"href":"https:\/\/seifen-oper.ch\/index.php?rest_route=\/wp\/v2\/types\/product"}],"wp:featuredmedia":[{"embeddable":true,"href":"https:\/\/seifen-oper.ch\/index.php?rest_route=\/wp\/v2\/media\/1794"}],"wp:attachment":[{"href":"https:\/\/seifen-oper.ch\/index.php?rest_route=%2Fwp%2Fv2%2Fmedia&parent=17"}],"wp:term":[{"taxonomy":"product_brand","embeddable":true,"href":"https:\/\/seifen-oper.ch\/index.php?rest_route=%2Fwp%2Fv2%2Fproduct_brand&post=17"},{"taxonomy":"product_cat","embeddable":true,"href":"https:\/\/seifen-oper.ch\/index.php?rest_route=%2Fwp%2Fv2%2Fproduct_cat&post=17"},{"taxonomy":"product_tag","embeddable":true,"href":"https:\/\/seifen-oper.ch\/index.php?rest_route=%2Fwp%2Fv2%2Fproduct_tag&post=17"}],"curies":[{"name":"wp","href":"https:\/\/api.w.org\/{rel}","templated":true}]}}