{"id":167,"date":"2019-06-17T11:36:53","date_gmt":"2019-06-17T11:36:53","guid":{"rendered":"https:\/\/seifen-oper.ch\/?product=lmf-02"},"modified":"2025-12-15T19:51:15","modified_gmt":"2025-12-15T18:51:15","slug":"lmf-02","status":"publish","type":"product","link":"https:\/\/seifen-oper.ch\/?product=lmf-02","title":{"rendered":"&#171;LMF 02&#187;"},"content":{"rendered":"<p style=\"text-align: center;\">Font de Teint f\u00fcr leicht gebr\u00e4unte Haut<\/p>\n<p style=\"text-align: center;\"><span style=\"color: #888888;\">Ein Fond de Teint Fluide f\u00fcr Gesicht und K\u00f6rper. Dieses reib- und wasserfeste Fluid vereint eine gute Deckkraft mit nat\u00fcrlicher Transparenz und passt sich der Haut optimal an. Unebenheiten und dunkle Schatten werden ausgeblendet. Der Teint wird perfektioniert und sieht selbst bei hochaufl\u00f6sender Betrachtung nat\u00fcrlich und strahlend frisch aus. Toller Ton f\u00fcr leicht gebr\u00e4unte Haut. <\/span><\/p>\n<p style=\"text-align: center;\"><span style=\"color: #888888;\">50ml<\/span><\/p>\n<p class=\"p1\" style=\"text-align: center;\"><span style=\"color: #888888;\">INCI (Inhaltsstoffe):\u00a0Aqua,\u00a0Cyclopentasiloxane (Silikon\u00f6l),\u00a0Butylene Glycol,\u00a0Cetyl Peg\/Ppg-10\/1 Dimethicone (Tensid), Octyldodecanol, Ethylhexyl Palmitate, Magnesium Sulfate, Sorbitan Sequioleate, Dimethicone, Talc (Talkum), Xanthan Gum, Trimethylsiloxysilicate, Methylparaben, Methicone, Paraffinum Liquidum (Paraffin\u00f6l), Tocopherol (Vitamin E), Sorbic Acid (Sorbins\u00e4ure), Dehydracetic Acid (Dehydracets\u00e4ure), Ascorbyl Palmitate, Sodium Hydroxide (Natriumhydroxid)<\/span><\/p>\n<p class=\"p1\" style=\"text-align: center;\"><span style=\"color: #888888;\">Kann enthalten: CI 77891, CI 77491, CI 77492, CI 77499<\/span><\/p>\n<p style=\"text-align: center;\">\n","protected":false},"excerpt":{"rendered":"<p>Von dieser Foundation hat es nur noch sehr wenige im Sortiment. Sie wird durch<span style=\"color: #ff0000;\"><a style=\"color: #ff0000;\" href=\"https:\/\/claudia-rindler.ch\/product\/digital-complexion-fluid-foundation-y-26\/\"> diese<\/a><\/span> ersetzt.<\/p>\n","protected":false},"featured_media":1753,"template":"","meta":[],"product_brand":[],"product_cat":[44],"product_tag":[],"class_list":{"0":"post-167","1":"product","2":"type-product","3":"status-publish","4":"has-post-thumbnail","6":"product_cat-winter","8":"first","9":"instock","10":"shipping-taxable","11":"purchasable","12":"product-type-simple"},"yoast_head":"<!-- This site is optimized with the Yoast SEO plugin v25.6 - https:\/\/yoast.com\/wordpress\/plugins\/seo\/ -->\n<title>&quot;LMF 02&quot; - Seifen Oper GmbH<\/title>\n<meta name=\"robots\" content=\"index, follow, max-snippet:-1, max-image-preview:large, max-video-preview:-1\" \/>\n<link rel=\"canonical\" href=\"https:\/\/seifen-oper.ch\/?product=lmf-02\" \/>\n<meta property=\"og:locale\" content=\"de_DE\" \/>\n<meta property=\"og:type\" content=\"article\" \/>\n<meta property=\"og:title\" content=\"&quot;LMF 02&quot; - Seifen Oper GmbH\" \/>\n<meta property=\"og:description\" content=\"Von dieser Foundation hat es nur noch sehr wenige im Sortiment. Sie wird durch diese ersetzt.\" \/>\n<meta property=\"og:url\" content=\"https:\/\/seifen-oper.ch\/?product=lmf-02\" \/>\n<meta property=\"og:site_name\" content=\"Seifen Oper GmbH\" \/>\n<meta property=\"article:publisher\" content=\"https:\/\/www.facebook.com\/SeifenOperGmbH\" \/>\n<meta property=\"article:modified_time\" content=\"2025-12-15T18:51:15+00:00\" \/>\n<meta property=\"og:image\" content=\"https:\/\/seifen-oper.ch\/wp-content\/uploads\/2019\/06\/le-mini-fluide.jpg\" \/>\n\t<meta property=\"og:image:width\" content=\"520\" \/>\n\t<meta property=\"og:image:height\" content=\"350\" \/>\n\t<meta property=\"og:image:type\" content=\"image\/jpeg\" \/>\n<meta name=\"twitter:card\" content=\"summary_large_image\" \/>\n<meta name=\"twitter:label1\" content=\"Gesch\u00e4tzte Lesezeit\" \/>\n\t<meta name=\"twitter:data1\" content=\"1 Minute\" \/>\n<script type=\"application\/ld+json\" class=\"yoast-schema-graph\">{\"@context\":\"https:\/\/schema.org\",\"@graph\":[{\"@type\":\"WebPage\",\"@id\":\"https:\/\/seifen-oper.ch\/?product=lmf-02\",\"url\":\"https:\/\/seifen-oper.ch\/?product=lmf-02\",\"name\":\"\\\"LMF 02\\\" - Seifen Oper GmbH\",\"isPartOf\":{\"@id\":\"https:\/\/seifen-oper.ch\/#website\"},\"primaryImageOfPage\":{\"@id\":\"https:\/\/seifen-oper.ch\/?product=lmf-02#primaryimage\"},\"image\":{\"@id\":\"https:\/\/seifen-oper.ch\/?product=lmf-02#primaryimage\"},\"thumbnailUrl\":\"https:\/\/seifen-oper.ch\/wp-content\/uploads\/2019\/06\/le-mini-fluide.jpg\",\"datePublished\":\"2019-06-17T11:36:53+00:00\",\"dateModified\":\"2025-12-15T18:51:15+00:00\",\"breadcrumb\":{\"@id\":\"https:\/\/seifen-oper.ch\/?product=lmf-02#breadcrumb\"},\"inLanguage\":\"de-CH\",\"potentialAction\":[{\"@type\":\"ReadAction\",\"target\":[\"https:\/\/seifen-oper.ch\/?product=lmf-02\"]}]},{\"@type\":\"ImageObject\",\"inLanguage\":\"de-CH\",\"@id\":\"https:\/\/seifen-oper.ch\/?product=lmf-02#primaryimage\",\"url\":\"https:\/\/seifen-oper.ch\/wp-content\/uploads\/2019\/06\/le-mini-fluide.jpg\",\"contentUrl\":\"https:\/\/seifen-oper.ch\/wp-content\/uploads\/2019\/06\/le-mini-fluide.jpg\",\"width\":520,\"height\":350},{\"@type\":\"BreadcrumbList\",\"@id\":\"https:\/\/seifen-oper.ch\/?product=lmf-02#breadcrumb\",\"itemListElement\":[{\"@type\":\"ListItem\",\"position\":1,\"name\":\"Home\",\"item\":\"https:\/\/seifen-oper.ch\/\"},{\"@type\":\"ListItem\",\"position\":2,\"name\":\"Shop\",\"item\":\"https:\/\/seifen-oper.ch\/?page_id=12\"},{\"@type\":\"ListItem\",\"position\":3,\"name\":\"&#171;LMF 02&#187;\"}]},{\"@type\":\"WebSite\",\"@id\":\"https:\/\/seifen-oper.ch\/#website\",\"url\":\"https:\/\/seifen-oper.ch\/\",\"name\":\"Seifen Oper GmbH\",\"description\":\"Kosmetik bester Qualit\u00e4t. Handgefertigt.\",\"publisher\":{\"@id\":\"https:\/\/seifen-oper.ch\/#organization\"},\"potentialAction\":[{\"@type\":\"SearchAction\",\"target\":{\"@type\":\"EntryPoint\",\"urlTemplate\":\"https:\/\/seifen-oper.ch\/?s={search_term_string}\"},\"query-input\":{\"@type\":\"PropertyValueSpecification\",\"valueRequired\":true,\"valueName\":\"search_term_string\"}}],\"inLanguage\":\"de-CH\"},{\"@type\":\"Organization\",\"@id\":\"https:\/\/seifen-oper.ch\/#organization\",\"name\":\"Seifen Oper GmbH\",\"url\":\"https:\/\/seifen-oper.ch\/\",\"logo\":{\"@type\":\"ImageObject\",\"inLanguage\":\"de-CH\",\"@id\":\"https:\/\/seifen-oper.ch\/#\/schema\/logo\/image\/\",\"url\":\"https:\/\/seifen-oper.ch\/wp-content\/uploads\/2019\/06\/logo.seifen-oper450.txt.1.png\",\"contentUrl\":\"https:\/\/seifen-oper.ch\/wp-content\/uploads\/2019\/06\/logo.seifen-oper450.txt.1.png\",\"width\":1835,\"height\":1635,\"caption\":\"Seifen Oper GmbH\"},\"image\":{\"@id\":\"https:\/\/seifen-oper.ch\/#\/schema\/logo\/image\/\"},\"sameAs\":[\"https:\/\/www.facebook.com\/SeifenOperGmbH\",\"https:\/\/www.instagram.com\/explore\/locations\/1028758197\/seifen-oper\/\"]}]}<\/script>\n<!-- \/ Yoast SEO plugin. -->","yoast_head_json":{"title":"\"LMF 02\" - Seifen Oper GmbH","robots":{"index":"index","follow":"follow","max-snippet":"max-snippet:-1","max-image-preview":"max-image-preview:large","max-video-preview":"max-video-preview:-1"},"canonical":"https:\/\/seifen-oper.ch\/?product=lmf-02","og_locale":"de_DE","og_type":"article","og_title":"\"LMF 02\" - Seifen Oper GmbH","og_description":"Von dieser Foundation hat es nur noch sehr wenige im Sortiment. Sie wird durch diese ersetzt.","og_url":"https:\/\/seifen-oper.ch\/?product=lmf-02","og_site_name":"Seifen Oper GmbH","article_publisher":"https:\/\/www.facebook.com\/SeifenOperGmbH","article_modified_time":"2025-12-15T18:51:15+00:00","og_image":[{"width":520,"height":350,"url":"https:\/\/seifen-oper.ch\/wp-content\/uploads\/2019\/06\/le-mini-fluide.jpg","type":"image\/jpeg"}],"twitter_card":"summary_large_image","twitter_misc":{"Gesch\u00e4tzte Lesezeit":"1 Minute"},"schema":{"@context":"https:\/\/schema.org","@graph":[{"@type":"WebPage","@id":"https:\/\/seifen-oper.ch\/?product=lmf-02","url":"https:\/\/seifen-oper.ch\/?product=lmf-02","name":"\"LMF 02\" - Seifen Oper GmbH","isPartOf":{"@id":"https:\/\/seifen-oper.ch\/#website"},"primaryImageOfPage":{"@id":"https:\/\/seifen-oper.ch\/?product=lmf-02#primaryimage"},"image":{"@id":"https:\/\/seifen-oper.ch\/?product=lmf-02#primaryimage"},"thumbnailUrl":"https:\/\/seifen-oper.ch\/wp-content\/uploads\/2019\/06\/le-mini-fluide.jpg","datePublished":"2019-06-17T11:36:53+00:00","dateModified":"2025-12-15T18:51:15+00:00","breadcrumb":{"@id":"https:\/\/seifen-oper.ch\/?product=lmf-02#breadcrumb"},"inLanguage":"de-CH","potentialAction":[{"@type":"ReadAction","target":["https:\/\/seifen-oper.ch\/?product=lmf-02"]}]},{"@type":"ImageObject","inLanguage":"de-CH","@id":"https:\/\/seifen-oper.ch\/?product=lmf-02#primaryimage","url":"https:\/\/seifen-oper.ch\/wp-content\/uploads\/2019\/06\/le-mini-fluide.jpg","contentUrl":"https:\/\/seifen-oper.ch\/wp-content\/uploads\/2019\/06\/le-mini-fluide.jpg","width":520,"height":350},{"@type":"BreadcrumbList","@id":"https:\/\/seifen-oper.ch\/?product=lmf-02#breadcrumb","itemListElement":[{"@type":"ListItem","position":1,"name":"Home","item":"https:\/\/seifen-oper.ch\/"},{"@type":"ListItem","position":2,"name":"Shop","item":"https:\/\/seifen-oper.ch\/?page_id=12"},{"@type":"ListItem","position":3,"name":"&#171;LMF 02&#187;"}]},{"@type":"WebSite","@id":"https:\/\/seifen-oper.ch\/#website","url":"https:\/\/seifen-oper.ch\/","name":"Seifen Oper GmbH","description":"Kosmetik bester Qualit\u00e4t. Handgefertigt.","publisher":{"@id":"https:\/\/seifen-oper.ch\/#organization"},"potentialAction":[{"@type":"SearchAction","target":{"@type":"EntryPoint","urlTemplate":"https:\/\/seifen-oper.ch\/?s={search_term_string}"},"query-input":{"@type":"PropertyValueSpecification","valueRequired":true,"valueName":"search_term_string"}}],"inLanguage":"de-CH"},{"@type":"Organization","@id":"https:\/\/seifen-oper.ch\/#organization","name":"Seifen Oper GmbH","url":"https:\/\/seifen-oper.ch\/","logo":{"@type":"ImageObject","inLanguage":"de-CH","@id":"https:\/\/seifen-oper.ch\/#\/schema\/logo\/image\/","url":"https:\/\/seifen-oper.ch\/wp-content\/uploads\/2019\/06\/logo.seifen-oper450.txt.1.png","contentUrl":"https:\/\/seifen-oper.ch\/wp-content\/uploads\/2019\/06\/logo.seifen-oper450.txt.1.png","width":1835,"height":1635,"caption":"Seifen Oper GmbH"},"image":{"@id":"https:\/\/seifen-oper.ch\/#\/schema\/logo\/image\/"},"sameAs":["https:\/\/www.facebook.com\/SeifenOperGmbH","https:\/\/www.instagram.com\/explore\/locations\/1028758197\/seifen-oper\/"]}]}},"_links":{"self":[{"href":"https:\/\/seifen-oper.ch\/index.php?rest_route=\/wp\/v2\/product\/167"}],"collection":[{"href":"https:\/\/seifen-oper.ch\/index.php?rest_route=\/wp\/v2\/product"}],"about":[{"href":"https:\/\/seifen-oper.ch\/index.php?rest_route=\/wp\/v2\/types\/product"}],"wp:featuredmedia":[{"embeddable":true,"href":"https:\/\/seifen-oper.ch\/index.php?rest_route=\/wp\/v2\/media\/1753"}],"wp:attachment":[{"href":"https:\/\/seifen-oper.ch\/index.php?rest_route=%2Fwp%2Fv2%2Fmedia&parent=167"}],"wp:term":[{"taxonomy":"product_brand","embeddable":true,"href":"https:\/\/seifen-oper.ch\/index.php?rest_route=%2Fwp%2Fv2%2Fproduct_brand&post=167"},{"taxonomy":"product_cat","embeddable":true,"href":"https:\/\/seifen-oper.ch\/index.php?rest_route=%2Fwp%2Fv2%2Fproduct_cat&post=167"},{"taxonomy":"product_tag","embeddable":true,"href":"https:\/\/seifen-oper.ch\/index.php?rest_route=%2Fwp%2Fv2%2Fproduct_tag&post=167"}],"curies":[{"name":"wp","href":"https:\/\/api.w.org\/{rel}","templated":true}]}}