{"id":1332,"date":"2019-06-17T11:39:30","date_gmt":"2019-06-17T11:39:30","guid":{"rendered":"https:\/\/seifen-oper.ch\/?product=kirschbluten-vanille-korpercreme"},"modified":"2026-02-09T08:29:59","modified_gmt":"2026-02-09T07:29:59","slug":"kirschbluten-vanille-korpercreme","status":"publish","type":"product","link":"https:\/\/seifen-oper.ch\/?product=kirschbluten-vanille-korpercreme","title":{"rendered":"&#171;Kirschbl\u00fcten-Vanille K\u00f6rpercreme&#187;"},"content":{"rendered":"<p>&nbsp;<\/p>\n<p class=\"p1\" style=\"text-align: center;\">Diese k\u00f6stliche K\u00f6rpercreme ohne Konservierungsstoffe verw\u00f6hnt Ihre Haut mit Avocado\u00f6l und macht sie zart und geschmeidig. Der warme, bet\u00f6rende Duft nach Kirschbl\u00fcte und Vanille macht sie unwiderstehlich. Ideale Feuchtigkeitspflege f\u00fcr trockene Haut. Die Creme ist von leichter Textur, zieht schnell ein und pflegt Ihre Haut optimal.\u00a0Bitte nur \u00e4usserlich anwenden.<\/p>\n<p class=\"p1\" style=\"text-align: center;\">250ml \/ Sfr. 35.-<\/p>\n<p class=\"p1\" style=\"text-align: center;\">INCI (Inhaltsstoffe): Aqua (Wasser),\u00a0Glycine soja (Soja\u00f6l),\u00a0Brassica campestris seed oil\u00a0(Raps\u00f6l),\u00a0Cocos nucifera (Kokos\u00f6l),\u00a0Persea Gratissima\u00a0(Avocado\u00f6l),\u00a0Sodium Cetearyl Sulfate (Emulgator), Parf\u00fcm<\/p>\n<p class=\"p1\" style=\"text-align: center;\">\n","protected":false},"excerpt":{"rendered":"<p>Wunderbar reichhaltige K\u00f6rpercreme, die schnell einzieht, mit Kirschbl\u00fcten-Vanille Duft. Ohne Konservierungsstoffe<\/p>\n","protected":false},"featured_media":1803,"template":"","meta":[],"product_brand":[],"product_cat":[681,27],"product_tag":[],"class_list":{"0":"post-1332","1":"product","2":"type-product","3":"status-publish","4":"has-post-thumbnail","6":"product_cat-fruehling","7":"product_cat-korpercremes","9":"first","10":"instock","11":"shipping-taxable","12":"purchasable","13":"product-type-simple"},"yoast_head":"<!-- This site is optimized with the Yoast SEO plugin v25.6 - https:\/\/yoast.com\/wordpress\/plugins\/seo\/ -->\n<title>&quot;Kirschbl\u00fcten-Vanille K\u00f6rpercreme&quot; - Seifen Oper GmbH<\/title>\n<meta name=\"robots\" content=\"index, follow, max-snippet:-1, max-image-preview:large, max-video-preview:-1\" \/>\n<link rel=\"canonical\" href=\"https:\/\/seifen-oper.ch\/?product=kirschbluten-vanille-korpercreme\" \/>\n<meta property=\"og:locale\" content=\"de_DE\" \/>\n<meta property=\"og:type\" content=\"article\" \/>\n<meta property=\"og:title\" content=\"&quot;Kirschbl\u00fcten-Vanille K\u00f6rpercreme&quot; - Seifen Oper GmbH\" \/>\n<meta property=\"og:description\" content=\"Wunderbar reichhaltige K\u00f6rpercreme, die schnell einzieht, mit Kirschbl\u00fcten-Vanille Duft. Ohne Konservierungsstoffe\" \/>\n<meta property=\"og:url\" content=\"https:\/\/seifen-oper.ch\/?product=kirschbluten-vanille-korpercreme\" \/>\n<meta property=\"og:site_name\" content=\"Seifen Oper GmbH\" \/>\n<meta property=\"article:publisher\" content=\"https:\/\/www.facebook.com\/SeifenOperGmbH\" \/>\n<meta property=\"article:modified_time\" content=\"2026-02-09T07:29:59+00:00\" \/>\n<meta property=\"og:image\" content=\"https:\/\/seifen-oper.ch\/wp-content\/uploads\/2019\/06\/creme-1007x1024.png\" \/>\n\t<meta property=\"og:image:width\" content=\"1007\" \/>\n\t<meta property=\"og:image:height\" content=\"1024\" \/>\n\t<meta property=\"og:image:type\" content=\"image\/png\" \/>\n<meta name=\"twitter:card\" content=\"summary_large_image\" \/>\n<meta name=\"twitter:label1\" content=\"Gesch\u00e4tzte Lesezeit\" \/>\n\t<meta name=\"twitter:data1\" content=\"1 Minute\" \/>\n<script type=\"application\/ld+json\" class=\"yoast-schema-graph\">{\"@context\":\"https:\/\/schema.org\",\"@graph\":[{\"@type\":\"WebPage\",\"@id\":\"https:\/\/seifen-oper.ch\/?product=kirschbluten-vanille-korpercreme\",\"url\":\"https:\/\/seifen-oper.ch\/?product=kirschbluten-vanille-korpercreme\",\"name\":\"\\\"Kirschbl\u00fcten-Vanille K\u00f6rpercreme\\\" - Seifen Oper GmbH\",\"isPartOf\":{\"@id\":\"https:\/\/seifen-oper.ch\/#website\"},\"primaryImageOfPage\":{\"@id\":\"https:\/\/seifen-oper.ch\/?product=kirschbluten-vanille-korpercreme#primaryimage\"},\"image\":{\"@id\":\"https:\/\/seifen-oper.ch\/?product=kirschbluten-vanille-korpercreme#primaryimage\"},\"thumbnailUrl\":\"https:\/\/seifen-oper.ch\/wp-content\/uploads\/2019\/06\/creme.png\",\"datePublished\":\"2019-06-17T11:39:30+00:00\",\"dateModified\":\"2026-02-09T07:29:59+00:00\",\"breadcrumb\":{\"@id\":\"https:\/\/seifen-oper.ch\/?product=kirschbluten-vanille-korpercreme#breadcrumb\"},\"inLanguage\":\"de-CH\",\"potentialAction\":[{\"@type\":\"ReadAction\",\"target\":[\"https:\/\/seifen-oper.ch\/?product=kirschbluten-vanille-korpercreme\"]}]},{\"@type\":\"ImageObject\",\"inLanguage\":\"de-CH\",\"@id\":\"https:\/\/seifen-oper.ch\/?product=kirschbluten-vanille-korpercreme#primaryimage\",\"url\":\"https:\/\/seifen-oper.ch\/wp-content\/uploads\/2019\/06\/creme.png\",\"contentUrl\":\"https:\/\/seifen-oper.ch\/wp-content\/uploads\/2019\/06\/creme.png\",\"width\":1929,\"height\":1961},{\"@type\":\"BreadcrumbList\",\"@id\":\"https:\/\/seifen-oper.ch\/?product=kirschbluten-vanille-korpercreme#breadcrumb\",\"itemListElement\":[{\"@type\":\"ListItem\",\"position\":1,\"name\":\"Home\",\"item\":\"https:\/\/seifen-oper.ch\/\"},{\"@type\":\"ListItem\",\"position\":2,\"name\":\"Shop\",\"item\":\"https:\/\/seifen-oper.ch\/?page_id=12\"},{\"@type\":\"ListItem\",\"position\":3,\"name\":\"&#171;Kirschbl\u00fcten-Vanille K\u00f6rpercreme&#187;\"}]},{\"@type\":\"WebSite\",\"@id\":\"https:\/\/seifen-oper.ch\/#website\",\"url\":\"https:\/\/seifen-oper.ch\/\",\"name\":\"Seifen Oper GmbH\",\"description\":\"Kosmetik bester Qualit\u00e4t. Handgefertigt.\",\"publisher\":{\"@id\":\"https:\/\/seifen-oper.ch\/#organization\"},\"potentialAction\":[{\"@type\":\"SearchAction\",\"target\":{\"@type\":\"EntryPoint\",\"urlTemplate\":\"https:\/\/seifen-oper.ch\/?s={search_term_string}\"},\"query-input\":{\"@type\":\"PropertyValueSpecification\",\"valueRequired\":true,\"valueName\":\"search_term_string\"}}],\"inLanguage\":\"de-CH\"},{\"@type\":\"Organization\",\"@id\":\"https:\/\/seifen-oper.ch\/#organization\",\"name\":\"Seifen Oper GmbH\",\"url\":\"https:\/\/seifen-oper.ch\/\",\"logo\":{\"@type\":\"ImageObject\",\"inLanguage\":\"de-CH\",\"@id\":\"https:\/\/seifen-oper.ch\/#\/schema\/logo\/image\/\",\"url\":\"https:\/\/seifen-oper.ch\/wp-content\/uploads\/2019\/06\/logo.seifen-oper450.txt.1.png\",\"contentUrl\":\"https:\/\/seifen-oper.ch\/wp-content\/uploads\/2019\/06\/logo.seifen-oper450.txt.1.png\",\"width\":1835,\"height\":1635,\"caption\":\"Seifen Oper GmbH\"},\"image\":{\"@id\":\"https:\/\/seifen-oper.ch\/#\/schema\/logo\/image\/\"},\"sameAs\":[\"https:\/\/www.facebook.com\/SeifenOperGmbH\",\"https:\/\/www.instagram.com\/explore\/locations\/1028758197\/seifen-oper\/\"]}]}<\/script>\n<!-- \/ Yoast SEO plugin. -->","yoast_head_json":{"title":"\"Kirschbl\u00fcten-Vanille K\u00f6rpercreme\" - Seifen Oper GmbH","robots":{"index":"index","follow":"follow","max-snippet":"max-snippet:-1","max-image-preview":"max-image-preview:large","max-video-preview":"max-video-preview:-1"},"canonical":"https:\/\/seifen-oper.ch\/?product=kirschbluten-vanille-korpercreme","og_locale":"de_DE","og_type":"article","og_title":"\"Kirschbl\u00fcten-Vanille K\u00f6rpercreme\" - Seifen Oper GmbH","og_description":"Wunderbar reichhaltige K\u00f6rpercreme, die schnell einzieht, mit Kirschbl\u00fcten-Vanille Duft. Ohne Konservierungsstoffe","og_url":"https:\/\/seifen-oper.ch\/?product=kirschbluten-vanille-korpercreme","og_site_name":"Seifen Oper GmbH","article_publisher":"https:\/\/www.facebook.com\/SeifenOperGmbH","article_modified_time":"2026-02-09T07:29:59+00:00","og_image":[{"width":1007,"height":1024,"url":"https:\/\/seifen-oper.ch\/wp-content\/uploads\/2019\/06\/creme-1007x1024.png","type":"image\/png"}],"twitter_card":"summary_large_image","twitter_misc":{"Gesch\u00e4tzte Lesezeit":"1 Minute"},"schema":{"@context":"https:\/\/schema.org","@graph":[{"@type":"WebPage","@id":"https:\/\/seifen-oper.ch\/?product=kirschbluten-vanille-korpercreme","url":"https:\/\/seifen-oper.ch\/?product=kirschbluten-vanille-korpercreme","name":"\"Kirschbl\u00fcten-Vanille K\u00f6rpercreme\" - Seifen Oper GmbH","isPartOf":{"@id":"https:\/\/seifen-oper.ch\/#website"},"primaryImageOfPage":{"@id":"https:\/\/seifen-oper.ch\/?product=kirschbluten-vanille-korpercreme#primaryimage"},"image":{"@id":"https:\/\/seifen-oper.ch\/?product=kirschbluten-vanille-korpercreme#primaryimage"},"thumbnailUrl":"https:\/\/seifen-oper.ch\/wp-content\/uploads\/2019\/06\/creme.png","datePublished":"2019-06-17T11:39:30+00:00","dateModified":"2026-02-09T07:29:59+00:00","breadcrumb":{"@id":"https:\/\/seifen-oper.ch\/?product=kirschbluten-vanille-korpercreme#breadcrumb"},"inLanguage":"de-CH","potentialAction":[{"@type":"ReadAction","target":["https:\/\/seifen-oper.ch\/?product=kirschbluten-vanille-korpercreme"]}]},{"@type":"ImageObject","inLanguage":"de-CH","@id":"https:\/\/seifen-oper.ch\/?product=kirschbluten-vanille-korpercreme#primaryimage","url":"https:\/\/seifen-oper.ch\/wp-content\/uploads\/2019\/06\/creme.png","contentUrl":"https:\/\/seifen-oper.ch\/wp-content\/uploads\/2019\/06\/creme.png","width":1929,"height":1961},{"@type":"BreadcrumbList","@id":"https:\/\/seifen-oper.ch\/?product=kirschbluten-vanille-korpercreme#breadcrumb","itemListElement":[{"@type":"ListItem","position":1,"name":"Home","item":"https:\/\/seifen-oper.ch\/"},{"@type":"ListItem","position":2,"name":"Shop","item":"https:\/\/seifen-oper.ch\/?page_id=12"},{"@type":"ListItem","position":3,"name":"&#171;Kirschbl\u00fcten-Vanille K\u00f6rpercreme&#187;"}]},{"@type":"WebSite","@id":"https:\/\/seifen-oper.ch\/#website","url":"https:\/\/seifen-oper.ch\/","name":"Seifen Oper GmbH","description":"Kosmetik bester Qualit\u00e4t. Handgefertigt.","publisher":{"@id":"https:\/\/seifen-oper.ch\/#organization"},"potentialAction":[{"@type":"SearchAction","target":{"@type":"EntryPoint","urlTemplate":"https:\/\/seifen-oper.ch\/?s={search_term_string}"},"query-input":{"@type":"PropertyValueSpecification","valueRequired":true,"valueName":"search_term_string"}}],"inLanguage":"de-CH"},{"@type":"Organization","@id":"https:\/\/seifen-oper.ch\/#organization","name":"Seifen Oper GmbH","url":"https:\/\/seifen-oper.ch\/","logo":{"@type":"ImageObject","inLanguage":"de-CH","@id":"https:\/\/seifen-oper.ch\/#\/schema\/logo\/image\/","url":"https:\/\/seifen-oper.ch\/wp-content\/uploads\/2019\/06\/logo.seifen-oper450.txt.1.png","contentUrl":"https:\/\/seifen-oper.ch\/wp-content\/uploads\/2019\/06\/logo.seifen-oper450.txt.1.png","width":1835,"height":1635,"caption":"Seifen Oper GmbH"},"image":{"@id":"https:\/\/seifen-oper.ch\/#\/schema\/logo\/image\/"},"sameAs":["https:\/\/www.facebook.com\/SeifenOperGmbH","https:\/\/www.instagram.com\/explore\/locations\/1028758197\/seifen-oper\/"]}]}},"_links":{"self":[{"href":"https:\/\/seifen-oper.ch\/index.php?rest_route=\/wp\/v2\/product\/1332"}],"collection":[{"href":"https:\/\/seifen-oper.ch\/index.php?rest_route=\/wp\/v2\/product"}],"about":[{"href":"https:\/\/seifen-oper.ch\/index.php?rest_route=\/wp\/v2\/types\/product"}],"wp:featuredmedia":[{"embeddable":true,"href":"https:\/\/seifen-oper.ch\/index.php?rest_route=\/wp\/v2\/media\/1803"}],"wp:attachment":[{"href":"https:\/\/seifen-oper.ch\/index.php?rest_route=%2Fwp%2Fv2%2Fmedia&parent=1332"}],"wp:term":[{"taxonomy":"product_brand","embeddable":true,"href":"https:\/\/seifen-oper.ch\/index.php?rest_route=%2Fwp%2Fv2%2Fproduct_brand&post=1332"},{"taxonomy":"product_cat","embeddable":true,"href":"https:\/\/seifen-oper.ch\/index.php?rest_route=%2Fwp%2Fv2%2Fproduct_cat&post=1332"},{"taxonomy":"product_tag","embeddable":true,"href":"https:\/\/seifen-oper.ch\/index.php?rest_route=%2Fwp%2Fv2%2Fproduct_tag&post=1332"}],"curies":[{"name":"wp","href":"https:\/\/api.w.org\/{rel}","templated":true}]}}