{"id":1307,"date":"2019-06-17T11:39:25","date_gmt":"2019-06-17T09:39:25","guid":{"rendered":"https:\/\/seifen-oper.ch\/?product=heiter-fahne-badesprudel"},"modified":"2023-10-18T22:09:55","modified_gmt":"2023-10-18T20:09:55","slug":"heiter-fahne-badesprudel","status":"publish","type":"product","link":"https:\/\/seifen-oper.ch\/?product=heiter-fahne-badesprudel","title":{"rendered":"&#171;heiter Fahne&#187;-Badesprudel"},"content":{"rendered":"<p class=\"p1\" style=\"text-align: center;\">\u201eHeitere Fahne, diese Brause Sause ist herb und doch so s\u00fcss!!! Wie geht denn das?\u201c Ich sag\u2019s Ihnen. Zauberei, Magie und etwas Hexerei -und ein kleines Schl\u00fcckelein Whisky;-) Der winterliche Duft von Whisky, Zimt und Vanille passt super zu Herren, genau wie zu Damen. Das vorz\u00fcgliche Kokos\u00f6l h\u00e4lt nicht nur die Kugel zusammen, es pflegt sie imposantastisch (jap, das ist jetzt ein Wort;-)) Reicht f\u00fcr 3-4 Vollb\u00e4der.<\/p>\n<p class=\"p1\" style=\"text-align: center;\">ca. 140g \/ Sfr. 12.-<\/p>\n<p class=\"p1\" style=\"text-align: center;\">INCI (Inhaltsstoffe): Zea Mays Starch (Maisst\u00e4rke), Sodium Bicarbonate (Natron), Citric Acid (Zitronens\u00e4ure), Cocos nucifera (Kokos\u00f6l), Cinnamomum Zeylanicum Bark Oil (\u00e4th. Zimt\u00f6l), Parf\u00fcm, Saccharide Isomerate (Kandiszucker)<\/p>\n<p class=\"p1\" style=\"text-align: center;\">\n","protected":false},"excerpt":{"rendered":"<p>Whisky-Zimt-Vanille Badesprudel<\/p>\n","protected":false},"featured_media":3197,"template":"","meta":[],"product_brand":[],"product_cat":[24,31,44],"product_tag":[],"class_list":{"0":"post-1307","1":"product","2":"type-product","3":"status-publish","4":"has-post-thumbnail","6":"product_cat-herren","7":"product_cat-badesprudel-schaumbaeder","8":"product_cat-winter","10":"first","11":"instock","12":"shipping-taxable","13":"purchasable","14":"product-type-simple"},"yoast_head":"<!-- This site is optimized with the Yoast SEO plugin v25.6 - https:\/\/yoast.com\/wordpress\/plugins\/seo\/ -->\n<title>&quot;heiter Fahne&quot;-Badesprudel - Seifen Oper GmbH<\/title>\n<meta name=\"robots\" content=\"index, follow, max-snippet:-1, max-image-preview:large, max-video-preview:-1\" \/>\n<link rel=\"canonical\" href=\"https:\/\/seifen-oper.ch\/?product=heiter-fahne-badesprudel\" \/>\n<meta property=\"og:locale\" content=\"de_DE\" \/>\n<meta property=\"og:type\" content=\"article\" \/>\n<meta property=\"og:title\" content=\"&quot;heiter Fahne&quot;-Badesprudel - Seifen Oper GmbH\" \/>\n<meta property=\"og:description\" content=\"Whisky-Zimt-Vanille Badesprudel\" \/>\n<meta property=\"og:url\" content=\"https:\/\/seifen-oper.ch\/?product=heiter-fahne-badesprudel\" \/>\n<meta property=\"og:site_name\" content=\"Seifen Oper GmbH\" \/>\n<meta property=\"article:publisher\" content=\"https:\/\/www.facebook.com\/SeifenOperGmbH\" \/>\n<meta property=\"article:modified_time\" content=\"2023-10-18T20:09:55+00:00\" \/>\n<meta property=\"og:image\" content=\"https:\/\/seifen-oper.ch\/wp-content\/uploads\/2019\/06\/heitere-fahne-scaled.jpeg\" \/>\n\t<meta property=\"og:image:width\" content=\"2560\" \/>\n\t<meta property=\"og:image:height\" content=\"2024\" \/>\n\t<meta property=\"og:image:type\" content=\"image\/jpeg\" \/>\n<meta name=\"twitter:card\" content=\"summary_large_image\" \/>\n<meta name=\"twitter:label1\" content=\"Gesch\u00e4tzte Lesezeit\" \/>\n\t<meta name=\"twitter:data1\" content=\"1 Minute\" \/>\n<script type=\"application\/ld+json\" class=\"yoast-schema-graph\">{\"@context\":\"https:\/\/schema.org\",\"@graph\":[{\"@type\":\"WebPage\",\"@id\":\"https:\/\/seifen-oper.ch\/?product=heiter-fahne-badesprudel\",\"url\":\"https:\/\/seifen-oper.ch\/?product=heiter-fahne-badesprudel\",\"name\":\"\\\"heiter Fahne\\\"-Badesprudel - Seifen Oper GmbH\",\"isPartOf\":{\"@id\":\"https:\/\/seifen-oper.ch\/#website\"},\"primaryImageOfPage\":{\"@id\":\"https:\/\/seifen-oper.ch\/?product=heiter-fahne-badesprudel#primaryimage\"},\"image\":{\"@id\":\"https:\/\/seifen-oper.ch\/?product=heiter-fahne-badesprudel#primaryimage\"},\"thumbnailUrl\":\"https:\/\/seifen-oper.ch\/wp-content\/uploads\/2019\/06\/heitere-fahne-scaled.jpeg\",\"datePublished\":\"2019-06-17T09:39:25+00:00\",\"dateModified\":\"2023-10-18T20:09:55+00:00\",\"breadcrumb\":{\"@id\":\"https:\/\/seifen-oper.ch\/?product=heiter-fahne-badesprudel#breadcrumb\"},\"inLanguage\":\"de-CH\",\"potentialAction\":[{\"@type\":\"ReadAction\",\"target\":[\"https:\/\/seifen-oper.ch\/?product=heiter-fahne-badesprudel\"]}]},{\"@type\":\"ImageObject\",\"inLanguage\":\"de-CH\",\"@id\":\"https:\/\/seifen-oper.ch\/?product=heiter-fahne-badesprudel#primaryimage\",\"url\":\"https:\/\/seifen-oper.ch\/wp-content\/uploads\/2019\/06\/heitere-fahne-scaled.jpeg\",\"contentUrl\":\"https:\/\/seifen-oper.ch\/wp-content\/uploads\/2019\/06\/heitere-fahne-scaled.jpeg\",\"width\":2560,\"height\":2024},{\"@type\":\"BreadcrumbList\",\"@id\":\"https:\/\/seifen-oper.ch\/?product=heiter-fahne-badesprudel#breadcrumb\",\"itemListElement\":[{\"@type\":\"ListItem\",\"position\":1,\"name\":\"Home\",\"item\":\"https:\/\/seifen-oper.ch\/\"},{\"@type\":\"ListItem\",\"position\":2,\"name\":\"Shop\",\"item\":\"https:\/\/seifen-oper.ch\/?page_id=12\"},{\"@type\":\"ListItem\",\"position\":3,\"name\":\"&#171;heiter Fahne&#187;-Badesprudel\"}]},{\"@type\":\"WebSite\",\"@id\":\"https:\/\/seifen-oper.ch\/#website\",\"url\":\"https:\/\/seifen-oper.ch\/\",\"name\":\"Seifen Oper GmbH\",\"description\":\"Kosmetik bester Qualit\u00e4t. Handgefertigt.\",\"publisher\":{\"@id\":\"https:\/\/seifen-oper.ch\/#organization\"},\"potentialAction\":[{\"@type\":\"SearchAction\",\"target\":{\"@type\":\"EntryPoint\",\"urlTemplate\":\"https:\/\/seifen-oper.ch\/?s={search_term_string}\"},\"query-input\":{\"@type\":\"PropertyValueSpecification\",\"valueRequired\":true,\"valueName\":\"search_term_string\"}}],\"inLanguage\":\"de-CH\"},{\"@type\":\"Organization\",\"@id\":\"https:\/\/seifen-oper.ch\/#organization\",\"name\":\"Seifen Oper GmbH\",\"url\":\"https:\/\/seifen-oper.ch\/\",\"logo\":{\"@type\":\"ImageObject\",\"inLanguage\":\"de-CH\",\"@id\":\"https:\/\/seifen-oper.ch\/#\/schema\/logo\/image\/\",\"url\":\"https:\/\/seifen-oper.ch\/wp-content\/uploads\/2019\/06\/logo.seifen-oper450.txt.1.png\",\"contentUrl\":\"https:\/\/seifen-oper.ch\/wp-content\/uploads\/2019\/06\/logo.seifen-oper450.txt.1.png\",\"width\":1835,\"height\":1635,\"caption\":\"Seifen Oper GmbH\"},\"image\":{\"@id\":\"https:\/\/seifen-oper.ch\/#\/schema\/logo\/image\/\"},\"sameAs\":[\"https:\/\/www.facebook.com\/SeifenOperGmbH\",\"https:\/\/www.instagram.com\/explore\/locations\/1028758197\/seifen-oper\/\"]}]}<\/script>\n<!-- \/ Yoast SEO plugin. -->","yoast_head_json":{"title":"\"heiter Fahne\"-Badesprudel - Seifen Oper GmbH","robots":{"index":"index","follow":"follow","max-snippet":"max-snippet:-1","max-image-preview":"max-image-preview:large","max-video-preview":"max-video-preview:-1"},"canonical":"https:\/\/seifen-oper.ch\/?product=heiter-fahne-badesprudel","og_locale":"de_DE","og_type":"article","og_title":"\"heiter Fahne\"-Badesprudel - Seifen Oper GmbH","og_description":"Whisky-Zimt-Vanille Badesprudel","og_url":"https:\/\/seifen-oper.ch\/?product=heiter-fahne-badesprudel","og_site_name":"Seifen Oper GmbH","article_publisher":"https:\/\/www.facebook.com\/SeifenOperGmbH","article_modified_time":"2023-10-18T20:09:55+00:00","og_image":[{"width":2560,"height":2024,"url":"https:\/\/seifen-oper.ch\/wp-content\/uploads\/2019\/06\/heitere-fahne-scaled.jpeg","type":"image\/jpeg"}],"twitter_card":"summary_large_image","twitter_misc":{"Gesch\u00e4tzte Lesezeit":"1 Minute"},"schema":{"@context":"https:\/\/schema.org","@graph":[{"@type":"WebPage","@id":"https:\/\/seifen-oper.ch\/?product=heiter-fahne-badesprudel","url":"https:\/\/seifen-oper.ch\/?product=heiter-fahne-badesprudel","name":"\"heiter Fahne\"-Badesprudel - Seifen Oper GmbH","isPartOf":{"@id":"https:\/\/seifen-oper.ch\/#website"},"primaryImageOfPage":{"@id":"https:\/\/seifen-oper.ch\/?product=heiter-fahne-badesprudel#primaryimage"},"image":{"@id":"https:\/\/seifen-oper.ch\/?product=heiter-fahne-badesprudel#primaryimage"},"thumbnailUrl":"https:\/\/seifen-oper.ch\/wp-content\/uploads\/2019\/06\/heitere-fahne-scaled.jpeg","datePublished":"2019-06-17T09:39:25+00:00","dateModified":"2023-10-18T20:09:55+00:00","breadcrumb":{"@id":"https:\/\/seifen-oper.ch\/?product=heiter-fahne-badesprudel#breadcrumb"},"inLanguage":"de-CH","potentialAction":[{"@type":"ReadAction","target":["https:\/\/seifen-oper.ch\/?product=heiter-fahne-badesprudel"]}]},{"@type":"ImageObject","inLanguage":"de-CH","@id":"https:\/\/seifen-oper.ch\/?product=heiter-fahne-badesprudel#primaryimage","url":"https:\/\/seifen-oper.ch\/wp-content\/uploads\/2019\/06\/heitere-fahne-scaled.jpeg","contentUrl":"https:\/\/seifen-oper.ch\/wp-content\/uploads\/2019\/06\/heitere-fahne-scaled.jpeg","width":2560,"height":2024},{"@type":"BreadcrumbList","@id":"https:\/\/seifen-oper.ch\/?product=heiter-fahne-badesprudel#breadcrumb","itemListElement":[{"@type":"ListItem","position":1,"name":"Home","item":"https:\/\/seifen-oper.ch\/"},{"@type":"ListItem","position":2,"name":"Shop","item":"https:\/\/seifen-oper.ch\/?page_id=12"},{"@type":"ListItem","position":3,"name":"&#171;heiter Fahne&#187;-Badesprudel"}]},{"@type":"WebSite","@id":"https:\/\/seifen-oper.ch\/#website","url":"https:\/\/seifen-oper.ch\/","name":"Seifen Oper GmbH","description":"Kosmetik bester Qualit\u00e4t. Handgefertigt.","publisher":{"@id":"https:\/\/seifen-oper.ch\/#organization"},"potentialAction":[{"@type":"SearchAction","target":{"@type":"EntryPoint","urlTemplate":"https:\/\/seifen-oper.ch\/?s={search_term_string}"},"query-input":{"@type":"PropertyValueSpecification","valueRequired":true,"valueName":"search_term_string"}}],"inLanguage":"de-CH"},{"@type":"Organization","@id":"https:\/\/seifen-oper.ch\/#organization","name":"Seifen Oper GmbH","url":"https:\/\/seifen-oper.ch\/","logo":{"@type":"ImageObject","inLanguage":"de-CH","@id":"https:\/\/seifen-oper.ch\/#\/schema\/logo\/image\/","url":"https:\/\/seifen-oper.ch\/wp-content\/uploads\/2019\/06\/logo.seifen-oper450.txt.1.png","contentUrl":"https:\/\/seifen-oper.ch\/wp-content\/uploads\/2019\/06\/logo.seifen-oper450.txt.1.png","width":1835,"height":1635,"caption":"Seifen Oper GmbH"},"image":{"@id":"https:\/\/seifen-oper.ch\/#\/schema\/logo\/image\/"},"sameAs":["https:\/\/www.facebook.com\/SeifenOperGmbH","https:\/\/www.instagram.com\/explore\/locations\/1028758197\/seifen-oper\/"]}]}},"_links":{"self":[{"href":"https:\/\/seifen-oper.ch\/index.php?rest_route=\/wp\/v2\/product\/1307"}],"collection":[{"href":"https:\/\/seifen-oper.ch\/index.php?rest_route=\/wp\/v2\/product"}],"about":[{"href":"https:\/\/seifen-oper.ch\/index.php?rest_route=\/wp\/v2\/types\/product"}],"wp:featuredmedia":[{"embeddable":true,"href":"https:\/\/seifen-oper.ch\/index.php?rest_route=\/wp\/v2\/media\/3197"}],"wp:attachment":[{"href":"https:\/\/seifen-oper.ch\/index.php?rest_route=%2Fwp%2Fv2%2Fmedia&parent=1307"}],"wp:term":[{"taxonomy":"product_brand","embeddable":true,"href":"https:\/\/seifen-oper.ch\/index.php?rest_route=%2Fwp%2Fv2%2Fproduct_brand&post=1307"},{"taxonomy":"product_cat","embeddable":true,"href":"https:\/\/seifen-oper.ch\/index.php?rest_route=%2Fwp%2Fv2%2Fproduct_cat&post=1307"},{"taxonomy":"product_tag","embeddable":true,"href":"https:\/\/seifen-oper.ch\/index.php?rest_route=%2Fwp%2Fv2%2Fproduct_tag&post=1307"}],"curies":[{"name":"wp","href":"https:\/\/api.w.org\/{rel}","templated":true}]}}